{"id":15161,"date":"2021-11-04T11:24:54","date_gmt":"2021-11-04T09:24:54","guid":{"rendered":"https:\/\/www.spaestonia.ee\/medical\/fi\/privaatsustingimused\/"},"modified":"2021-11-09T16:36:33","modified_gmt":"2021-11-09T14:36:33","slug":"tietosuojaehdot","status":"publish","type":"page","link":"https:\/\/www.spaestonia.ee\/medical\/fi\/tietosuojaehdot\/","title":{"rendered":"Tietosuojaehdot"},"content":{"rendered":"<p>ESTONIA Medical Spa &amp; Hotel suojaa asiakkaidensa henkil\u00f6tietoja ja on laatinut n\u00e4m\u00e4 tietosuojaehdot, joissa kuvataan sit\u00e4, mill\u00e4 tavoin ESTONIA Medical Spa &amp; Hotel k\u00e4sittelee asiakkaiden henkil\u00f6tietoja tuottaessaan palveluita asiakkaille.<\/p>\n<p>ESTONIA Medical Spa &amp; Hotel k\u00e4sittelee asiakkaiden henkil\u00f6tietoja voimassa olevan kansallisen lains\u00e4\u00e4d\u00e4nn\u00f6n ja Euroopan unionin s\u00e4\u00e4d\u00f6sten edellytt\u00e4m\u00e4ll\u00e4 tavalla.<\/p>\n<p>ESTONIA Medical Spa &amp; Hotel k\u00e4sittelee asiakkaiden henkil\u00f6tietoja niin paljon kuin on tarpeen ja niin v\u00e4h\u00e4n kuin on mahdollista tarjotessaan palveluita yksityishenkil\u00f6ille.<\/p>\n<p>ESTONIA Medical Spa &amp; Hotel ker\u00e4\u00e4 henkil\u00f6tietoja (muun muassa etu- ja sukunimi, s\u00e4hk\u00f6postiosoite, puhelinnumero, osoite) k\u00e4ytt\u00e4j\u00e4n tehdess\u00e4 varaustiedustelun kotisivun kautta tai tehdess\u00e4 varauksen s\u00e4hk\u00f6postitse, puhelimitse tai muulla tavalla.<\/p>\n<p>ESTONIA Medical Spa &amp; Hotel k\u00e4ytt\u00e4\u00e4 ker\u00e4\u00e4mi\u00e4\u00e4n asiakkaiden henkil\u00f6tietoja tarvittaessa muun muassa ottaakseen yhteytt\u00e4 asiakkaaseen (esim. varausajan muuttamista varten), kanta-asiakaskortin toimittamiseen sek\u00e4 uutiskirjeiden ja tiedotteiden l\u00e4hett\u00e4miseen, mik\u00e4li asiakas on antanut t\u00e4h\u00e4n suostumuksensa.<\/p>\n<p>ESTONIA Medical Spa &amp; Hotel ei luovuta asiakkaiden henkil\u00f6tietoja kolmansille osapuolille, ellei Viron tasavallan voimassa oleva lains\u00e4\u00e4d\u00e4nt\u00f6 velvoita siihen.<\/p>\n<p>ESTONIA Medical Spa &amp; Hotel k\u00e4sittelee my\u00f6s yksil\u00f6im\u00e4tt\u00f6mi\u00e4 asiakastietoja (mm. ik\u00e4 ja sukupuoli) tilastointia varten. ESTONIA Medical Spa &amp; Hotel saa yksil\u00f6im\u00e4tt\u00f6mi\u00e4 asiakastietoja my\u00f6s verkkosivustolla k\u00e4ytett\u00e4vien ev\u00e4steiden avulla.<\/p>\n<p>ESTONIA Medical Spa &amp; Hotel k\u00e4ytt\u00e4\u00e4 asiakkaiden henkil\u00f6tietojen suojaamiseen niin organisatorisia, fyysisi\u00e4 kuin tietoteknisi\u00e4 turvatoimenpiteit\u00e4. ESTONIA Medical Spa &amp; Hotel asiakkaiden henkil\u00f6tietoja k\u00e4sittelev\u00e4t ainoastaan teht\u00e4v\u00e4\u00e4n valtuutetut henkil\u00f6t.<\/p>\n<p>ESTONIA Medical Spa &amp; Hotel verkkosivustoa k\u00e4ytt\u00e4ess\u00e4\u00e4n ja\/tai palvelua varatessaan asiakas on tutustunut tietosuojak\u00e4yt\u00e4nt\u00f6\u00f6n ja hyv\u00e4ksynyt sen.<\/p>\n<p>Kun ESTONIA Medical Spa &amp; Hotel on edustettuna kolmannen osapuolen tarjoamissa palveluissa ja sosiaalisessa mediassa, sovelletaan kyseisten palveluntarjoajien tietosuojak\u00e4yt\u00e4nt\u00f6j\u00e4.<\/p>\n<p>ESTONIA Medical Spa &amp; Hotel pid\u00e4tt\u00e4\u00e4 oikeuden muuttaa n\u00e4it\u00e4 tietosuojaehtoja tarvittaessa. Muutoksista ilmoitetaan verkkosivustolla.<\/p>\n<p>Mik\u00e4li teill\u00e4 on n\u00e4it\u00e4 tietosuojaehtoja tai muita asiakkaiden henkil\u00f6tietojen k\u00e4sittely\u00e4 koskevia kysymyksi\u00e4 tai huolenaiheita, pyyd\u00e4mme ottamaan yhteytt\u00e4 s\u00e4hk\u00f6postitse osoitteeseen\u00a0<a href=\"mailto:privaatsus@spaestonia.ee\">privaatsus@spaestonia.ee<\/a>.<\/p>\n","protected":false},"excerpt":{"rendered":"<p>ESTONIA Medical Spa &amp; Hotel suojaa asiakkaidensa henkil\u00f6tietoja ja on laatinut n\u00e4m\u00e4 tietosuojaehdot, joissa kuvataan&hellip;<\/p>\n","protected":false},"author":16,"featured_media":0,"parent":0,"menu_order":0,"comment_status":"closed","ping_status":"closed","template":"","meta":{"footnotes":""},"class_list":["post-15161","page","type-page","status-publish","hentry"],"yoast_head":"<!-- This site is optimized with the Yoast SEO plugin v26.3 - https:\/\/yoast.com\/wordpress\/plugins\/seo\/ -->\n<title>Tietosuojaehdot - ESTONIA Medical Spa &amp; Hotel<\/title>\n<meta name=\"robots\" content=\"index, follow, max-snippet:-1, max-image-preview:large, max-video-preview:-1\" \/>\n<link rel=\"canonical\" href=\"https:\/\/www.spaestonia.ee\/medical\/fi\/tietosuojaehdot\/\" \/>\n<meta property=\"og:locale\" content=\"fi_FI\" \/>\n<meta property=\"og:type\" content=\"article\" \/>\n<meta property=\"og:title\" content=\"Tietosuojaehdot - ESTONIA Medical Spa &amp; Hotel\" \/>\n<meta property=\"og:description\" content=\"ESTONIA Medical Spa &amp; Hotel suojaa asiakkaidensa henkil\u00f6tietoja ja on laatinut n\u00e4m\u00e4 tietosuojaehdot, joissa kuvataan&hellip;\" \/>\n<meta property=\"og:url\" content=\"https:\/\/www.spaestonia.ee\/medical\/fi\/tietosuojaehdot\/\" \/>\n<meta property=\"og:site_name\" content=\"ESTONIA Medical Spa &amp; Hotel\" \/>\n<meta property=\"article:publisher\" content=\"https:\/\/www.facebook.com\/EstoniaMedicalSpa\" \/>\n<meta property=\"article:modified_time\" content=\"2021-11-09T14:36:33+00:00\" \/>\n<meta name=\"twitter:card\" content=\"summary_large_image\" \/>\n<meta name=\"twitter:label1\" content=\"Arvioitu lukuaika\" \/>\n\t<meta name=\"twitter:data1\" content=\"2 minuuttia\" \/>\n<script type=\"application\/ld+json\" class=\"yoast-schema-graph\">{\"@context\":\"https:\/\/schema.org\",\"@graph\":[{\"@type\":\"WebPage\",\"@id\":\"https:\/\/www.spaestonia.ee\/medical\/fi\/tietosuojaehdot\/\",\"url\":\"https:\/\/www.spaestonia.ee\/medical\/fi\/tietosuojaehdot\/\",\"name\":\"Tietosuojaehdot - ESTONIA Medical Spa &amp; Hotel\",\"isPartOf\":{\"@id\":\"https:\/\/www.spaestonia.ee\/medical\/fi\/#website\"},\"datePublished\":\"2021-11-04T09:24:54+00:00\",\"dateModified\":\"2021-11-09T14:36:33+00:00\",\"breadcrumb\":{\"@id\":\"https:\/\/www.spaestonia.ee\/medical\/fi\/tietosuojaehdot\/#breadcrumb\"},\"inLanguage\":\"fi\",\"potentialAction\":[{\"@type\":\"ReadAction\",\"target\":[\"https:\/\/www.spaestonia.ee\/medical\/fi\/tietosuojaehdot\/\"]}]},{\"@type\":\"BreadcrumbList\",\"@id\":\"https:\/\/www.spaestonia.ee\/medical\/fi\/tietosuojaehdot\/#breadcrumb\",\"itemListElement\":[{\"@type\":\"ListItem\",\"position\":1,\"name\":\"Home\",\"item\":\"https:\/\/www.spaestonia.ee\/medical\/fi\/\"},{\"@type\":\"ListItem\",\"position\":2,\"name\":\"Tietosuojaehdot\"}]},{\"@type\":\"WebSite\",\"@id\":\"https:\/\/www.spaestonia.ee\/medical\/fi\/#website\",\"url\":\"https:\/\/www.spaestonia.ee\/medical\/fi\/\",\"name\":\"ESTONIA Medical Spa & Hotel\",\"description\":\"Ravispaa - Terveyskylpyl\u00e4 - P\u00e4rnu\",\"publisher\":{\"@id\":\"https:\/\/www.spaestonia.ee\/medical\/fi\/#organization\"},\"potentialAction\":[{\"@type\":\"SearchAction\",\"target\":{\"@type\":\"EntryPoint\",\"urlTemplate\":\"https:\/\/www.spaestonia.ee\/medical\/fi\/?s={search_term_string}\"},\"query-input\":{\"@type\":\"PropertyValueSpecification\",\"valueRequired\":true,\"valueName\":\"search_term_string\"}}],\"inLanguage\":\"fi\"},{\"@type\":\"Organization\",\"@id\":\"https:\/\/www.spaestonia.ee\/medical\/fi\/#organization\",\"name\":\"ESTONIA Medical Spa & Hotel\",\"url\":\"https:\/\/www.spaestonia.ee\/medical\/fi\/\",\"logo\":{\"@type\":\"ImageObject\",\"inLanguage\":\"fi\",\"@id\":\"https:\/\/www.spaestonia.ee\/medical\/fi\/#\/schema\/logo\/image\/\",\"url\":\"https:\/\/www.spaestonia.ee\/medical\/wp-content\/uploads\/2025\/02\/medical.jpg\",\"contentUrl\":\"https:\/\/www.spaestonia.ee\/medical\/wp-content\/uploads\/2025\/02\/medical.jpg\",\"width\":700,\"height\":450,\"caption\":\"ESTONIA Medical Spa & Hotel\"},\"image\":{\"@id\":\"https:\/\/www.spaestonia.ee\/medical\/fi\/#\/schema\/logo\/image\/\"},\"sameAs\":[\"https:\/\/www.facebook.com\/EstoniaMedicalSpa\"]}]}<\/script>\n<!-- \/ Yoast SEO plugin. -->","yoast_head_json":{"title":"Tietosuojaehdot - ESTONIA Medical Spa &amp; Hotel","robots":{"index":"index","follow":"follow","max-snippet":"max-snippet:-1","max-image-preview":"max-image-preview:large","max-video-preview":"max-video-preview:-1"},"canonical":"https:\/\/www.spaestonia.ee\/medical\/fi\/tietosuojaehdot\/","og_locale":"fi_FI","og_type":"article","og_title":"Tietosuojaehdot - ESTONIA Medical Spa &amp; Hotel","og_description":"ESTONIA Medical Spa &amp; Hotel suojaa asiakkaidensa henkil\u00f6tietoja ja on laatinut n\u00e4m\u00e4 tietosuojaehdot, joissa kuvataan&hellip;","og_url":"https:\/\/www.spaestonia.ee\/medical\/fi\/tietosuojaehdot\/","og_site_name":"ESTONIA Medical Spa &amp; Hotel","article_publisher":"https:\/\/www.facebook.com\/EstoniaMedicalSpa","article_modified_time":"2021-11-09T14:36:33+00:00","twitter_card":"summary_large_image","twitter_misc":{"Arvioitu lukuaika":"2 minuuttia"},"schema":{"@context":"https:\/\/schema.org","@graph":[{"@type":"WebPage","@id":"https:\/\/www.spaestonia.ee\/medical\/fi\/tietosuojaehdot\/","url":"https:\/\/www.spaestonia.ee\/medical\/fi\/tietosuojaehdot\/","name":"Tietosuojaehdot - ESTONIA Medical Spa &amp; Hotel","isPartOf":{"@id":"https:\/\/www.spaestonia.ee\/medical\/fi\/#website"},"datePublished":"2021-11-04T09:24:54+00:00","dateModified":"2021-11-09T14:36:33+00:00","breadcrumb":{"@id":"https:\/\/www.spaestonia.ee\/medical\/fi\/tietosuojaehdot\/#breadcrumb"},"inLanguage":"fi","potentialAction":[{"@type":"ReadAction","target":["https:\/\/www.spaestonia.ee\/medical\/fi\/tietosuojaehdot\/"]}]},{"@type":"BreadcrumbList","@id":"https:\/\/www.spaestonia.ee\/medical\/fi\/tietosuojaehdot\/#breadcrumb","itemListElement":[{"@type":"ListItem","position":1,"name":"Home","item":"https:\/\/www.spaestonia.ee\/medical\/fi\/"},{"@type":"ListItem","position":2,"name":"Tietosuojaehdot"}]},{"@type":"WebSite","@id":"https:\/\/www.spaestonia.ee\/medical\/fi\/#website","url":"https:\/\/www.spaestonia.ee\/medical\/fi\/","name":"ESTONIA Medical Spa & Hotel","description":"Ravispaa - Terveyskylpyl\u00e4 - P\u00e4rnu","publisher":{"@id":"https:\/\/www.spaestonia.ee\/medical\/fi\/#organization"},"potentialAction":[{"@type":"SearchAction","target":{"@type":"EntryPoint","urlTemplate":"https:\/\/www.spaestonia.ee\/medical\/fi\/?s={search_term_string}"},"query-input":{"@type":"PropertyValueSpecification","valueRequired":true,"valueName":"search_term_string"}}],"inLanguage":"fi"},{"@type":"Organization","@id":"https:\/\/www.spaestonia.ee\/medical\/fi\/#organization","name":"ESTONIA Medical Spa & Hotel","url":"https:\/\/www.spaestonia.ee\/medical\/fi\/","logo":{"@type":"ImageObject","inLanguage":"fi","@id":"https:\/\/www.spaestonia.ee\/medical\/fi\/#\/schema\/logo\/image\/","url":"https:\/\/www.spaestonia.ee\/medical\/wp-content\/uploads\/2025\/02\/medical.jpg","contentUrl":"https:\/\/www.spaestonia.ee\/medical\/wp-content\/uploads\/2025\/02\/medical.jpg","width":700,"height":450,"caption":"ESTONIA Medical Spa & Hotel"},"image":{"@id":"https:\/\/www.spaestonia.ee\/medical\/fi\/#\/schema\/logo\/image\/"},"sameAs":["https:\/\/www.facebook.com\/EstoniaMedicalSpa"]}]}},"_links":{"self":[{"href":"https:\/\/www.spaestonia.ee\/medical\/fi\/wp-json\/wp\/v2\/pages\/15161","targetHints":{"allow":["GET"]}}],"collection":[{"href":"https:\/\/www.spaestonia.ee\/medical\/fi\/wp-json\/wp\/v2\/pages"}],"about":[{"href":"https:\/\/www.spaestonia.ee\/medical\/fi\/wp-json\/wp\/v2\/types\/page"}],"author":[{"embeddable":true,"href":"https:\/\/www.spaestonia.ee\/medical\/fi\/wp-json\/wp\/v2\/users\/16"}],"replies":[{"embeddable":true,"href":"https:\/\/www.spaestonia.ee\/medical\/fi\/wp-json\/wp\/v2\/comments?post=15161"}],"version-history":[{"count":3,"href":"https:\/\/www.spaestonia.ee\/medical\/fi\/wp-json\/wp\/v2\/pages\/15161\/revisions"}],"predecessor-version":[{"id":15164,"href":"https:\/\/www.spaestonia.ee\/medical\/fi\/wp-json\/wp\/v2\/pages\/15161\/revisions\/15164"}],"wp:attachment":[{"href":"https:\/\/www.spaestonia.ee\/medical\/fi\/wp-json\/wp\/v2\/media?parent=15161"}],"curies":[{"name":"wp","href":"https:\/\/api.w.org\/{rel}","templated":true}]}}