{"id":18737,"date":"2014-11-13T19:50:49","date_gmt":"2014-11-13T17:50:49","guid":{"rendered":"https:\/\/www.spaestonia.ee\/medical\/?page_id=18737"},"modified":"2023-05-18T16:03:04","modified_gmt":"2023-05-18T13:03:04","slug":"lahjakortit","status":"publish","type":"page","link":"https:\/\/www.spaestonia.ee\/medical\/fi\/lahjakortit\/","title":{"rendered":"Lahjakortit"},"content":{"rendered":"<h3><strong>LAHJOITA EL\u00c4MYKSI\u00c4!<\/strong><\/h3>\n<p><strong><img loading=\"lazy\" decoding=\"async\" class=\"wp-image-13676  alignright\" src=\"http:\/\/www.spaestonia.ee\/medical\/wp-content\/uploads\/2021\/03\/kinkekaardid3.jpg\" alt=\"\" width=\"316\" height=\"289\" srcset=\"https:\/\/www.spaestonia.ee\/medical\/wp-content\/uploads\/2021\/03\/kinkekaardid3.jpg 400w, https:\/\/www.spaestonia.ee\/medical\/wp-content\/uploads\/2021\/03\/kinkekaardid3-300x275.jpg 300w\" sizes=\"auto, (max-width: 316px) 100vw, 316px\" \/>Lahjoita l\u00e4heisillesi, yst\u00e4villesi ja ty\u00f6kavereillesi lepoa, aikaa itselleen, mahdollisuuksia p\u00e4\u00e4st\u00e4 eroon rutiinista ja nauttia el\u00e4myksist\u00e4 kylpyl\u00e4hotellissa ESTONIA Medical Spa &amp; Hotel!<\/strong><\/p>\n<p>Estonia Spa Hotels verkkokaupasta voit nopeasti ja mukavasti ostaa lahjaksi mieluisesi e-lahjakortin.<\/p>\n<p>Valikoimassamme on sek\u00e4 palvelukohtaiset el\u00e4myslahjakortit ett\u00e4 summalahjakortit. Summalahjakortin arvon voit valita itse (minimiarvo on 20\u20ac) ja t\u00e4m\u00e4n summan edest\u00e4 voi lahjan saaja valita itselleen sopivan palvelun hotelleissa ESTONIA Resort Hotel &amp; Spa ja ESTONIA Medial Spa &amp; Hotel. Ostamasi lahjakortin e-voucher l\u00e4hetet\u00e4\u00e4n antamaasi s\u00e4hk\u00f6postiosoitteeseen heti ostoksen maksettuasi, joten voit tulostaa sen k\u00e4tev\u00e4sti tai l\u00e4hett\u00e4\u00e4 s\u00e4hk\u00f6isesti lahjan saajalle. Verkkokaupasta ostettuja lahjakortteja ei tulosteta hotellissa paikan p\u00e4\u00e4ll\u00e4.<\/p>\n<h3><strong>VERKKOKAUPPA SIJAITSEE\u00a0<a href=\"https:\/\/kinkekaart.spaestonia.ee\/en\/\">T\u00c4SS\u00c4<\/a><\/strong><\/h3>\n<p>Tutustu verkkokaupan ostoehtoihin\u00a0<a href=\"https:\/\/www.spaestonia.ee\/medical\/en\/the-terms-and-conditions-of-the-online-shop\/\">T\u00c4SS\u00c4<\/a><br \/>\nTutustu verkkokaupan yksityisyysehtoihin\u00a0<a href=\"https:\/\/www.spaestonia.ee\/medical\/en\/privacy-policy\/\">T\u00c4SS\u00c4<\/a><\/p>\n","protected":false},"excerpt":{"rendered":"<p>LAHJOITA EL\u00c4MYKSI\u00c4! Lahjoita l\u00e4heisillesi, yst\u00e4villesi ja ty\u00f6kavereillesi lepoa, aikaa itselleen, mahdollisuuksia p\u00e4\u00e4st\u00e4 eroon rutiinista ja&hellip;<\/p>\n","protected":false},"author":16,"featured_media":0,"parent":0,"menu_order":0,"comment_status":"closed","ping_status":"open","template":"","meta":{"footnotes":""},"class_list":["post-18737","page","type-page","status-publish","hentry"],"yoast_head":"<!-- This site is optimized with the Yoast SEO plugin v26.3 - https:\/\/yoast.com\/wordpress\/plugins\/seo\/ -->\n<title>Lahjakortit - ESTONIA Medical Spa &amp; Hotel<\/title>\n<meta name=\"robots\" content=\"index, follow, max-snippet:-1, max-image-preview:large, max-video-preview:-1\" \/>\n<link rel=\"canonical\" href=\"https:\/\/www.spaestonia.ee\/medical\/fi\/lahjakortit\/\" \/>\n<meta property=\"og:locale\" content=\"fi_FI\" \/>\n<meta property=\"og:type\" content=\"article\" \/>\n<meta property=\"og:title\" content=\"Lahjakortit - ESTONIA Medical Spa &amp; Hotel\" \/>\n<meta property=\"og:description\" content=\"LAHJOITA EL\u00c4MYKSI\u00c4! Lahjoita l\u00e4heisillesi, yst\u00e4villesi ja ty\u00f6kavereillesi lepoa, aikaa itselleen, mahdollisuuksia p\u00e4\u00e4st\u00e4 eroon rutiinista ja&hellip;\" \/>\n<meta property=\"og:url\" content=\"https:\/\/www.spaestonia.ee\/medical\/fi\/lahjakortit\/\" \/>\n<meta property=\"og:site_name\" content=\"ESTONIA Medical Spa &amp; Hotel\" \/>\n<meta property=\"article:publisher\" content=\"https:\/\/www.facebook.com\/EstoniaMedicalSpa\" \/>\n<meta property=\"article:modified_time\" content=\"2023-05-18T13:03:04+00:00\" \/>\n<meta property=\"og:image\" content=\"http:\/\/www.spaestonia.ee\/medical\/wp-content\/uploads\/2021\/03\/kinkekaardid3.jpg\" \/>\n<meta name=\"twitter:card\" content=\"summary_large_image\" \/>\n<meta name=\"twitter:label1\" content=\"Arvioitu lukuaika\" \/>\n\t<meta name=\"twitter:data1\" content=\"1 minuutti\" \/>\n<script type=\"application\/ld+json\" class=\"yoast-schema-graph\">{\"@context\":\"https:\/\/schema.org\",\"@graph\":[{\"@type\":\"WebPage\",\"@id\":\"https:\/\/www.spaestonia.ee\/medical\/fi\/lahjakortit\/\",\"url\":\"https:\/\/www.spaestonia.ee\/medical\/fi\/lahjakortit\/\",\"name\":\"Lahjakortit - ESTONIA Medical Spa &amp; Hotel\",\"isPartOf\":{\"@id\":\"https:\/\/www.spaestonia.ee\/medical\/fi\/#website\"},\"primaryImageOfPage\":{\"@id\":\"https:\/\/www.spaestonia.ee\/medical\/fi\/lahjakortit\/#primaryimage\"},\"image\":{\"@id\":\"https:\/\/www.spaestonia.ee\/medical\/fi\/lahjakortit\/#primaryimage\"},\"thumbnailUrl\":\"http:\/\/www.spaestonia.ee\/medical\/wp-content\/uploads\/2021\/03\/kinkekaardid3.jpg\",\"datePublished\":\"2014-11-13T17:50:49+00:00\",\"dateModified\":\"2023-05-18T13:03:04+00:00\",\"breadcrumb\":{\"@id\":\"https:\/\/www.spaestonia.ee\/medical\/fi\/lahjakortit\/#breadcrumb\"},\"inLanguage\":\"fi\",\"potentialAction\":[{\"@type\":\"ReadAction\",\"target\":[\"https:\/\/www.spaestonia.ee\/medical\/fi\/lahjakortit\/\"]}]},{\"@type\":\"ImageObject\",\"inLanguage\":\"fi\",\"@id\":\"https:\/\/www.spaestonia.ee\/medical\/fi\/lahjakortit\/#primaryimage\",\"url\":\"http:\/\/www.spaestonia.ee\/medical\/wp-content\/uploads\/2021\/03\/kinkekaardid3.jpg\",\"contentUrl\":\"http:\/\/www.spaestonia.ee\/medical\/wp-content\/uploads\/2021\/03\/kinkekaardid3.jpg\"},{\"@type\":\"BreadcrumbList\",\"@id\":\"https:\/\/www.spaestonia.ee\/medical\/fi\/lahjakortit\/#breadcrumb\",\"itemListElement\":[{\"@type\":\"ListItem\",\"position\":1,\"name\":\"Home\",\"item\":\"https:\/\/www.spaestonia.ee\/medical\/fi\/\"},{\"@type\":\"ListItem\",\"position\":2,\"name\":\"Lahjakortit\"}]},{\"@type\":\"WebSite\",\"@id\":\"https:\/\/www.spaestonia.ee\/medical\/fi\/#website\",\"url\":\"https:\/\/www.spaestonia.ee\/medical\/fi\/\",\"name\":\"ESTONIA Medical Spa & Hotel\",\"description\":\"Ravispaa - Terveyskylpyl\u00e4 - P\u00e4rnu\",\"publisher\":{\"@id\":\"https:\/\/www.spaestonia.ee\/medical\/fi\/#organization\"},\"potentialAction\":[{\"@type\":\"SearchAction\",\"target\":{\"@type\":\"EntryPoint\",\"urlTemplate\":\"https:\/\/www.spaestonia.ee\/medical\/fi\/?s={search_term_string}\"},\"query-input\":{\"@type\":\"PropertyValueSpecification\",\"valueRequired\":true,\"valueName\":\"search_term_string\"}}],\"inLanguage\":\"fi\"},{\"@type\":\"Organization\",\"@id\":\"https:\/\/www.spaestonia.ee\/medical\/fi\/#organization\",\"name\":\"ESTONIA Medical Spa & Hotel\",\"url\":\"https:\/\/www.spaestonia.ee\/medical\/fi\/\",\"logo\":{\"@type\":\"ImageObject\",\"inLanguage\":\"fi\",\"@id\":\"https:\/\/www.spaestonia.ee\/medical\/fi\/#\/schema\/logo\/image\/\",\"url\":\"https:\/\/www.spaestonia.ee\/medical\/wp-content\/uploads\/2025\/02\/medical.jpg\",\"contentUrl\":\"https:\/\/www.spaestonia.ee\/medical\/wp-content\/uploads\/2025\/02\/medical.jpg\",\"width\":700,\"height\":450,\"caption\":\"ESTONIA Medical Spa & Hotel\"},\"image\":{\"@id\":\"https:\/\/www.spaestonia.ee\/medical\/fi\/#\/schema\/logo\/image\/\"},\"sameAs\":[\"https:\/\/www.facebook.com\/EstoniaMedicalSpa\"]}]}<\/script>\n<!-- \/ Yoast SEO plugin. -->","yoast_head_json":{"title":"Lahjakortit - ESTONIA Medical Spa &amp; Hotel","robots":{"index":"index","follow":"follow","max-snippet":"max-snippet:-1","max-image-preview":"max-image-preview:large","max-video-preview":"max-video-preview:-1"},"canonical":"https:\/\/www.spaestonia.ee\/medical\/fi\/lahjakortit\/","og_locale":"fi_FI","og_type":"article","og_title":"Lahjakortit - ESTONIA Medical Spa &amp; Hotel","og_description":"LAHJOITA EL\u00c4MYKSI\u00c4! Lahjoita l\u00e4heisillesi, yst\u00e4villesi ja ty\u00f6kavereillesi lepoa, aikaa itselleen, mahdollisuuksia p\u00e4\u00e4st\u00e4 eroon rutiinista ja&hellip;","og_url":"https:\/\/www.spaestonia.ee\/medical\/fi\/lahjakortit\/","og_site_name":"ESTONIA Medical Spa &amp; Hotel","article_publisher":"https:\/\/www.facebook.com\/EstoniaMedicalSpa","article_modified_time":"2023-05-18T13:03:04+00:00","og_image":[{"url":"http:\/\/www.spaestonia.ee\/medical\/wp-content\/uploads\/2021\/03\/kinkekaardid3.jpg","type":"","width":"","height":""}],"twitter_card":"summary_large_image","twitter_misc":{"Arvioitu lukuaika":"1 minuutti"},"schema":{"@context":"https:\/\/schema.org","@graph":[{"@type":"WebPage","@id":"https:\/\/www.spaestonia.ee\/medical\/fi\/lahjakortit\/","url":"https:\/\/www.spaestonia.ee\/medical\/fi\/lahjakortit\/","name":"Lahjakortit - ESTONIA Medical Spa &amp; Hotel","isPartOf":{"@id":"https:\/\/www.spaestonia.ee\/medical\/fi\/#website"},"primaryImageOfPage":{"@id":"https:\/\/www.spaestonia.ee\/medical\/fi\/lahjakortit\/#primaryimage"},"image":{"@id":"https:\/\/www.spaestonia.ee\/medical\/fi\/lahjakortit\/#primaryimage"},"thumbnailUrl":"http:\/\/www.spaestonia.ee\/medical\/wp-content\/uploads\/2021\/03\/kinkekaardid3.jpg","datePublished":"2014-11-13T17:50:49+00:00","dateModified":"2023-05-18T13:03:04+00:00","breadcrumb":{"@id":"https:\/\/www.spaestonia.ee\/medical\/fi\/lahjakortit\/#breadcrumb"},"inLanguage":"fi","potentialAction":[{"@type":"ReadAction","target":["https:\/\/www.spaestonia.ee\/medical\/fi\/lahjakortit\/"]}]},{"@type":"ImageObject","inLanguage":"fi","@id":"https:\/\/www.spaestonia.ee\/medical\/fi\/lahjakortit\/#primaryimage","url":"http:\/\/www.spaestonia.ee\/medical\/wp-content\/uploads\/2021\/03\/kinkekaardid3.jpg","contentUrl":"http:\/\/www.spaestonia.ee\/medical\/wp-content\/uploads\/2021\/03\/kinkekaardid3.jpg"},{"@type":"BreadcrumbList","@id":"https:\/\/www.spaestonia.ee\/medical\/fi\/lahjakortit\/#breadcrumb","itemListElement":[{"@type":"ListItem","position":1,"name":"Home","item":"https:\/\/www.spaestonia.ee\/medical\/fi\/"},{"@type":"ListItem","position":2,"name":"Lahjakortit"}]},{"@type":"WebSite","@id":"https:\/\/www.spaestonia.ee\/medical\/fi\/#website","url":"https:\/\/www.spaestonia.ee\/medical\/fi\/","name":"ESTONIA Medical Spa & Hotel","description":"Ravispaa - Terveyskylpyl\u00e4 - P\u00e4rnu","publisher":{"@id":"https:\/\/www.spaestonia.ee\/medical\/fi\/#organization"},"potentialAction":[{"@type":"SearchAction","target":{"@type":"EntryPoint","urlTemplate":"https:\/\/www.spaestonia.ee\/medical\/fi\/?s={search_term_string}"},"query-input":{"@type":"PropertyValueSpecification","valueRequired":true,"valueName":"search_term_string"}}],"inLanguage":"fi"},{"@type":"Organization","@id":"https:\/\/www.spaestonia.ee\/medical\/fi\/#organization","name":"ESTONIA Medical Spa & Hotel","url":"https:\/\/www.spaestonia.ee\/medical\/fi\/","logo":{"@type":"ImageObject","inLanguage":"fi","@id":"https:\/\/www.spaestonia.ee\/medical\/fi\/#\/schema\/logo\/image\/","url":"https:\/\/www.spaestonia.ee\/medical\/wp-content\/uploads\/2025\/02\/medical.jpg","contentUrl":"https:\/\/www.spaestonia.ee\/medical\/wp-content\/uploads\/2025\/02\/medical.jpg","width":700,"height":450,"caption":"ESTONIA Medical Spa & Hotel"},"image":{"@id":"https:\/\/www.spaestonia.ee\/medical\/fi\/#\/schema\/logo\/image\/"},"sameAs":["https:\/\/www.facebook.com\/EstoniaMedicalSpa"]}]}},"_links":{"self":[{"href":"https:\/\/www.spaestonia.ee\/medical\/fi\/wp-json\/wp\/v2\/pages\/18737","targetHints":{"allow":["GET"]}}],"collection":[{"href":"https:\/\/www.spaestonia.ee\/medical\/fi\/wp-json\/wp\/v2\/pages"}],"about":[{"href":"https:\/\/www.spaestonia.ee\/medical\/fi\/wp-json\/wp\/v2\/types\/page"}],"author":[{"embeddable":true,"href":"https:\/\/www.spaestonia.ee\/medical\/fi\/wp-json\/wp\/v2\/users\/16"}],"replies":[{"embeddable":true,"href":"https:\/\/www.spaestonia.ee\/medical\/fi\/wp-json\/wp\/v2\/comments?post=18737"}],"version-history":[{"count":1,"href":"https:\/\/www.spaestonia.ee\/medical\/fi\/wp-json\/wp\/v2\/pages\/18737\/revisions"}],"predecessor-version":[{"id":18738,"href":"https:\/\/www.spaestonia.ee\/medical\/fi\/wp-json\/wp\/v2\/pages\/18737\/revisions\/18738"}],"wp:attachment":[{"href":"https:\/\/www.spaestonia.ee\/medical\/fi\/wp-json\/wp\/v2\/media?parent=18737"}],"curies":[{"name":"wp","href":"https:\/\/api.w.org\/{rel}","templated":true}]}}