{"id":19915,"date":"2023-10-06T15:53:18","date_gmt":"2023-10-06T12:53:18","guid":{"rendered":"https:\/\/www.spaestonia.ee\/medical\/?page_id=19915"},"modified":"2023-10-25T15:01:30","modified_gmt":"2023-10-25T12:01:30","slug":"syominen-ja-juominen","status":"publish","type":"page","link":"https:\/\/www.spaestonia.ee\/medical\/fi\/syominen-ja-juominen\/","title":{"rendered":"SY\u00d6MINEN JA JUOMINEN"},"content":{"rendered":"<h3><strong>BUFFETRAVINTOLA\u00a0\u00a0\u00a0\u00a0\u00a0\u00a0\u00a0\u00a0\u00a0\u00a0 <\/strong><\/h3>\n<p>Ravintola sijaitsee P-osan 5. kerroksessa.<\/p>\n<p><strong>\u00bb\u00a0 Aamiainen<\/strong> ma\u2013pe klo 7.00\u201310.00, la\u2013su klo 7.00\u201310.30<br \/>\n<strong>\u00bb\u00a0 Lounas<\/strong> ma\u2013su klo 12.00\u201314.00<br \/>\n<strong>\u00bb\u00a0 P\u00e4iv\u00e4llinen<\/strong> ma\u2013su klo 17.00\u201319.00<\/p>\n<p><strong>Ruokailemaan tullessa pyyd\u00e4mme ottamaan mukaan hotellikortti!<br \/>\n<\/strong>Jos pakettiinne ei sis\u00e4lly lounas tai p\u00e4iv\u00e4llinen, voitte tilata sen lis\u00e4maksusta hotellin vastaanotosta.<\/p>\n<h3><strong>KAUPPA\u00a0 <\/strong><\/h3>\n<p>Kauppa sijaitsee 1. kerroksen aulassa. Sen valikoimissa on juomia, makeisia, kahvia\/teet\u00e4, pikkupurtavaa, postikortteja ja matkamuistoja.<\/p>\n","protected":false},"excerpt":{"rendered":"<p>BUFFETRAVINTOLA\u00a0\u00a0\u00a0\u00a0\u00a0\u00a0\u00a0\u00a0\u00a0\u00a0 Ravintola sijaitsee P-osan 5. kerroksessa. \u00bb\u00a0 Aamiainen ma\u2013pe klo 7.00\u201310.00, la\u2013su klo 7.00\u201310.30 \u00bb\u00a0&hellip;<\/p>\n","protected":false},"author":16,"featured_media":0,"parent":0,"menu_order":0,"comment_status":"closed","ping_status":"closed","template":"","meta":{"footnotes":""},"class_list":["post-19915","page","type-page","status-publish","hentry"],"yoast_head":"<!-- This site is optimized with the Yoast SEO plugin v26.3 - https:\/\/yoast.com\/wordpress\/plugins\/seo\/ -->\n<title>SY\u00d6MINEN JA JUOMINEN - ESTONIA Medical Spa &amp; Hotel<\/title>\n<meta name=\"robots\" content=\"index, follow, max-snippet:-1, max-image-preview:large, max-video-preview:-1\" \/>\n<link rel=\"canonical\" href=\"https:\/\/www.spaestonia.ee\/medical\/fi\/syominen-ja-juominen\/\" \/>\n<meta property=\"og:locale\" content=\"fi_FI\" \/>\n<meta property=\"og:type\" content=\"article\" \/>\n<meta property=\"og:title\" content=\"SY\u00d6MINEN JA JUOMINEN - ESTONIA Medical Spa &amp; Hotel\" \/>\n<meta property=\"og:description\" content=\"BUFFETRAVINTOLA\u00a0\u00a0\u00a0\u00a0\u00a0\u00a0\u00a0\u00a0\u00a0\u00a0 Ravintola sijaitsee P-osan 5. kerroksessa. \u00bb\u00a0 Aamiainen ma\u2013pe klo 7.00\u201310.00, la\u2013su klo 7.00\u201310.30 \u00bb\u00a0&hellip;\" \/>\n<meta property=\"og:url\" content=\"https:\/\/www.spaestonia.ee\/medical\/fi\/syominen-ja-juominen\/\" \/>\n<meta property=\"og:site_name\" content=\"ESTONIA Medical Spa &amp; Hotel\" \/>\n<meta property=\"article:publisher\" content=\"https:\/\/www.facebook.com\/EstoniaMedicalSpa\" \/>\n<meta property=\"article:modified_time\" content=\"2023-10-25T12:01:30+00:00\" \/>\n<meta name=\"twitter:card\" content=\"summary_large_image\" \/>\n<script type=\"application\/ld+json\" class=\"yoast-schema-graph\">{\"@context\":\"https:\/\/schema.org\",\"@graph\":[{\"@type\":\"WebPage\",\"@id\":\"https:\/\/www.spaestonia.ee\/medical\/fi\/syominen-ja-juominen\/\",\"url\":\"https:\/\/www.spaestonia.ee\/medical\/fi\/syominen-ja-juominen\/\",\"name\":\"SY\u00d6MINEN JA JUOMINEN - ESTONIA Medical Spa &amp; Hotel\",\"isPartOf\":{\"@id\":\"https:\/\/www.spaestonia.ee\/medical\/fi\/#website\"},\"datePublished\":\"2023-10-06T12:53:18+00:00\",\"dateModified\":\"2023-10-25T12:01:30+00:00\",\"breadcrumb\":{\"@id\":\"https:\/\/www.spaestonia.ee\/medical\/fi\/syominen-ja-juominen\/#breadcrumb\"},\"inLanguage\":\"fi\",\"potentialAction\":[{\"@type\":\"ReadAction\",\"target\":[\"https:\/\/www.spaestonia.ee\/medical\/fi\/syominen-ja-juominen\/\"]}]},{\"@type\":\"BreadcrumbList\",\"@id\":\"https:\/\/www.spaestonia.ee\/medical\/fi\/syominen-ja-juominen\/#breadcrumb\",\"itemListElement\":[{\"@type\":\"ListItem\",\"position\":1,\"name\":\"Home\",\"item\":\"https:\/\/www.spaestonia.ee\/medical\/fi\/\"},{\"@type\":\"ListItem\",\"position\":2,\"name\":\"SY\u00d6MINEN JA JUOMINEN\"}]},{\"@type\":\"WebSite\",\"@id\":\"https:\/\/www.spaestonia.ee\/medical\/fi\/#website\",\"url\":\"https:\/\/www.spaestonia.ee\/medical\/fi\/\",\"name\":\"ESTONIA Medical Spa & Hotel\",\"description\":\"Ravispaa - Terveyskylpyl\u00e4 - P\u00e4rnu\",\"publisher\":{\"@id\":\"https:\/\/www.spaestonia.ee\/medical\/fi\/#organization\"},\"potentialAction\":[{\"@type\":\"SearchAction\",\"target\":{\"@type\":\"EntryPoint\",\"urlTemplate\":\"https:\/\/www.spaestonia.ee\/medical\/fi\/?s={search_term_string}\"},\"query-input\":{\"@type\":\"PropertyValueSpecification\",\"valueRequired\":true,\"valueName\":\"search_term_string\"}}],\"inLanguage\":\"fi\"},{\"@type\":\"Organization\",\"@id\":\"https:\/\/www.spaestonia.ee\/medical\/fi\/#organization\",\"name\":\"ESTONIA Medical Spa & Hotel\",\"url\":\"https:\/\/www.spaestonia.ee\/medical\/fi\/\",\"logo\":{\"@type\":\"ImageObject\",\"inLanguage\":\"fi\",\"@id\":\"https:\/\/www.spaestonia.ee\/medical\/fi\/#\/schema\/logo\/image\/\",\"url\":\"https:\/\/www.spaestonia.ee\/medical\/wp-content\/uploads\/2025\/02\/medical.jpg\",\"contentUrl\":\"https:\/\/www.spaestonia.ee\/medical\/wp-content\/uploads\/2025\/02\/medical.jpg\",\"width\":700,\"height\":450,\"caption\":\"ESTONIA Medical Spa & Hotel\"},\"image\":{\"@id\":\"https:\/\/www.spaestonia.ee\/medical\/fi\/#\/schema\/logo\/image\/\"},\"sameAs\":[\"https:\/\/www.facebook.com\/EstoniaMedicalSpa\"]}]}<\/script>\n<!-- \/ Yoast SEO plugin. -->","yoast_head_json":{"title":"SY\u00d6MINEN JA JUOMINEN - ESTONIA Medical Spa &amp; Hotel","robots":{"index":"index","follow":"follow","max-snippet":"max-snippet:-1","max-image-preview":"max-image-preview:large","max-video-preview":"max-video-preview:-1"},"canonical":"https:\/\/www.spaestonia.ee\/medical\/fi\/syominen-ja-juominen\/","og_locale":"fi_FI","og_type":"article","og_title":"SY\u00d6MINEN JA JUOMINEN - ESTONIA Medical Spa &amp; Hotel","og_description":"BUFFETRAVINTOLA\u00a0\u00a0\u00a0\u00a0\u00a0\u00a0\u00a0\u00a0\u00a0\u00a0 Ravintola sijaitsee P-osan 5. kerroksessa. \u00bb\u00a0 Aamiainen ma\u2013pe klo 7.00\u201310.00, la\u2013su klo 7.00\u201310.30 \u00bb\u00a0&hellip;","og_url":"https:\/\/www.spaestonia.ee\/medical\/fi\/syominen-ja-juominen\/","og_site_name":"ESTONIA Medical Spa &amp; Hotel","article_publisher":"https:\/\/www.facebook.com\/EstoniaMedicalSpa","article_modified_time":"2023-10-25T12:01:30+00:00","twitter_card":"summary_large_image","schema":{"@context":"https:\/\/schema.org","@graph":[{"@type":"WebPage","@id":"https:\/\/www.spaestonia.ee\/medical\/fi\/syominen-ja-juominen\/","url":"https:\/\/www.spaestonia.ee\/medical\/fi\/syominen-ja-juominen\/","name":"SY\u00d6MINEN JA JUOMINEN - ESTONIA Medical Spa &amp; Hotel","isPartOf":{"@id":"https:\/\/www.spaestonia.ee\/medical\/fi\/#website"},"datePublished":"2023-10-06T12:53:18+00:00","dateModified":"2023-10-25T12:01:30+00:00","breadcrumb":{"@id":"https:\/\/www.spaestonia.ee\/medical\/fi\/syominen-ja-juominen\/#breadcrumb"},"inLanguage":"fi","potentialAction":[{"@type":"ReadAction","target":["https:\/\/www.spaestonia.ee\/medical\/fi\/syominen-ja-juominen\/"]}]},{"@type":"BreadcrumbList","@id":"https:\/\/www.spaestonia.ee\/medical\/fi\/syominen-ja-juominen\/#breadcrumb","itemListElement":[{"@type":"ListItem","position":1,"name":"Home","item":"https:\/\/www.spaestonia.ee\/medical\/fi\/"},{"@type":"ListItem","position":2,"name":"SY\u00d6MINEN JA JUOMINEN"}]},{"@type":"WebSite","@id":"https:\/\/www.spaestonia.ee\/medical\/fi\/#website","url":"https:\/\/www.spaestonia.ee\/medical\/fi\/","name":"ESTONIA Medical Spa & Hotel","description":"Ravispaa - Terveyskylpyl\u00e4 - P\u00e4rnu","publisher":{"@id":"https:\/\/www.spaestonia.ee\/medical\/fi\/#organization"},"potentialAction":[{"@type":"SearchAction","target":{"@type":"EntryPoint","urlTemplate":"https:\/\/www.spaestonia.ee\/medical\/fi\/?s={search_term_string}"},"query-input":{"@type":"PropertyValueSpecification","valueRequired":true,"valueName":"search_term_string"}}],"inLanguage":"fi"},{"@type":"Organization","@id":"https:\/\/www.spaestonia.ee\/medical\/fi\/#organization","name":"ESTONIA Medical Spa & Hotel","url":"https:\/\/www.spaestonia.ee\/medical\/fi\/","logo":{"@type":"ImageObject","inLanguage":"fi","@id":"https:\/\/www.spaestonia.ee\/medical\/fi\/#\/schema\/logo\/image\/","url":"https:\/\/www.spaestonia.ee\/medical\/wp-content\/uploads\/2025\/02\/medical.jpg","contentUrl":"https:\/\/www.spaestonia.ee\/medical\/wp-content\/uploads\/2025\/02\/medical.jpg","width":700,"height":450,"caption":"ESTONIA Medical Spa & Hotel"},"image":{"@id":"https:\/\/www.spaestonia.ee\/medical\/fi\/#\/schema\/logo\/image\/"},"sameAs":["https:\/\/www.facebook.com\/EstoniaMedicalSpa"]}]}},"_links":{"self":[{"href":"https:\/\/www.spaestonia.ee\/medical\/fi\/wp-json\/wp\/v2\/pages\/19915","targetHints":{"allow":["GET"]}}],"collection":[{"href":"https:\/\/www.spaestonia.ee\/medical\/fi\/wp-json\/wp\/v2\/pages"}],"about":[{"href":"https:\/\/www.spaestonia.ee\/medical\/fi\/wp-json\/wp\/v2\/types\/page"}],"author":[{"embeddable":true,"href":"https:\/\/www.spaestonia.ee\/medical\/fi\/wp-json\/wp\/v2\/users\/16"}],"replies":[{"embeddable":true,"href":"https:\/\/www.spaestonia.ee\/medical\/fi\/wp-json\/wp\/v2\/comments?post=19915"}],"version-history":[{"count":2,"href":"https:\/\/www.spaestonia.ee\/medical\/fi\/wp-json\/wp\/v2\/pages\/19915\/revisions"}],"predecessor-version":[{"id":19917,"href":"https:\/\/www.spaestonia.ee\/medical\/fi\/wp-json\/wp\/v2\/pages\/19915\/revisions\/19917"}],"wp:attachment":[{"href":"https:\/\/www.spaestonia.ee\/medical\/fi\/wp-json\/wp\/v2\/media?parent=19915"}],"curies":[{"name":"wp","href":"https:\/\/api.w.org\/{rel}","templated":true}]}}