{"id":19918,"date":"2023-10-06T15:56:11","date_gmt":"2023-10-06T12:56:11","guid":{"rendered":"https:\/\/www.spaestonia.ee\/medical\/?page_id=19918"},"modified":"2025-09-12T15:19:07","modified_gmt":"2025-09-12T12:19:07","slug":"muut-tiedot","status":"publish","type":"page","link":"https:\/\/www.spaestonia.ee\/medical\/fi\/muut-tiedot\/","title":{"rendered":"MUUT TIEDOT"},"content":{"rendered":"<h3><strong>WIFI<\/strong><\/h3>\n<p>Maksuton Internet-yhteys (WiFi) on k\u00e4ytett\u00e4viss\u00e4 useimmissa hotellihuoneissa.<br \/>\nVerkon nimi on <strong>Estonia_Medical_Spa<\/strong>.<\/p>\n<h3><strong>TELEVISIO<\/strong><\/h3>\n<p>Huoneiden televisioiden kanavavalikossa on eri paikallista ja kansainv\u00e4list\u00e4 televisiokanavaa. OK-painiketta painettaessa kuvaruutuun tulee kanavaluettelo, jossa kanavien v\u00e4lill\u00e4 voi liikkua nuolin\u00e4pp\u00e4imill\u00e4. Vahvistakaa kanavan valinta painamalla OK. Kanavia voi vaihtaa kaukos\u00e4\u00e4timest\u00e4 painikkeilla P+ ja P-.<\/p>\n<h3><strong>TUPAKOINTI<\/strong><\/h3>\n<p>ESTONIA Medical Spa &amp; Hotel on savuton hotelli. Tupakointi on kielletty hotellin sis\u00e4tiloissa sek\u00e4 parvekkeilla. Tupakointi on sallittu hotellin ulkopuolella. Sakko rikkeest\u00e4 on 100 \u20ac.<\/p>\n<h3><strong>Y\u00d6RAUHA<\/strong><\/h3>\n<p>Hotellissa on y\u00f6rauha klo 23.00\u20137.00. Y\u00f6rauhalla taataan vieraille rauhallinen uni ja lepo. Y\u00f6rauhan rikkomisella tarkoitetaan toisten h\u00e4iritsemist\u00e4 esimerkiksi \u00e4\u00e4nill\u00e4, valoilla tai mekaanisilla ja elektronisilla laitteilla. Jos y\u00f6rauhaa rikotaan, hotelli voi tarvittaessa kutsua paikalle vartijat tai poliisin. Henkil\u00f6kunta voi my\u00f6s pyyt\u00e4\u00e4 vierasta (tai vieraita) poistumaan hotellista ja sen alueelta. Poistamisen yhteydess\u00e4 vieraan on maksettava varaamansa majoitus ja tilaamansa lis\u00e4palvelut. Mik\u00e4li y\u00f6rauhaa rikotaan, hotellilla on oikeus jokaista virkavallan kutsua kohden pyyt\u00e4\u00e4 aiheutuneiden vahinkojen korvaamiseksi sakkoa 50 eurosta yl\u00f6sp\u00e4in riippuen vahinkojen suuruudesta.<\/p>\n<h3><strong>PYS\u00c4K\u00d6INTI<\/strong><\/h3>\n<p>Pys\u00e4k\u00f6inti hotellin parkkipaikalla on 1.5-31.8 maksullista, muina aikoina maksuton.\u00a0Lis\u00e4tietoa pys\u00e4k\u00f6innist\u00e4\u00a0<a role=\"link\" href=\"https:\/\/www.spaestonia.ee\/medical\/fi\/sijanti-ja-pysakointi\/\">T\u00c4\u00c4LT\u00c4<\/a>.<\/p>\n<p><strong>\u00a0<\/strong><\/p>\n","protected":false},"excerpt":{"rendered":"<p>WIFI Maksuton Internet-yhteys (WiFi) on k\u00e4ytett\u00e4viss\u00e4 useimmissa hotellihuoneissa. Verkon nimi on Estonia_Medical_Spa. TELEVISIO Huoneiden televisioiden&hellip;<\/p>\n","protected":false},"author":16,"featured_media":0,"parent":0,"menu_order":0,"comment_status":"closed","ping_status":"closed","template":"","meta":{"footnotes":""},"class_list":["post-19918","page","type-page","status-publish","hentry"],"yoast_head":"<!-- This site is optimized with the Yoast SEO plugin v26.3 - https:\/\/yoast.com\/wordpress\/plugins\/seo\/ -->\n<title>MUUT TIEDOT - ESTONIA Medical Spa &amp; Hotel<\/title>\n<meta name=\"robots\" content=\"index, follow, max-snippet:-1, max-image-preview:large, max-video-preview:-1\" \/>\n<link rel=\"canonical\" href=\"https:\/\/www.spaestonia.ee\/medical\/fi\/muut-tiedot\/\" \/>\n<meta property=\"og:locale\" content=\"fi_FI\" \/>\n<meta property=\"og:type\" content=\"article\" \/>\n<meta property=\"og:title\" content=\"MUUT TIEDOT - ESTONIA Medical Spa &amp; Hotel\" \/>\n<meta property=\"og:description\" content=\"WIFI Maksuton Internet-yhteys (WiFi) on k\u00e4ytett\u00e4viss\u00e4 useimmissa hotellihuoneissa. Verkon nimi on Estonia_Medical_Spa. TELEVISIO Huoneiden televisioiden&hellip;\" \/>\n<meta property=\"og:url\" content=\"https:\/\/www.spaestonia.ee\/medical\/fi\/muut-tiedot\/\" \/>\n<meta property=\"og:site_name\" content=\"ESTONIA Medical Spa &amp; Hotel\" \/>\n<meta property=\"article:publisher\" content=\"https:\/\/www.facebook.com\/EstoniaMedicalSpa\" \/>\n<meta property=\"article:modified_time\" content=\"2025-09-12T12:19:07+00:00\" \/>\n<meta name=\"twitter:card\" content=\"summary_large_image\" \/>\n<meta name=\"twitter:label1\" content=\"Arvioitu lukuaika\" \/>\n\t<meta name=\"twitter:data1\" content=\"1 minuutti\" \/>\n<script type=\"application\/ld+json\" class=\"yoast-schema-graph\">{\"@context\":\"https:\/\/schema.org\",\"@graph\":[{\"@type\":\"WebPage\",\"@id\":\"https:\/\/www.spaestonia.ee\/medical\/fi\/muut-tiedot\/\",\"url\":\"https:\/\/www.spaestonia.ee\/medical\/fi\/muut-tiedot\/\",\"name\":\"MUUT TIEDOT - ESTONIA Medical Spa &amp; Hotel\",\"isPartOf\":{\"@id\":\"https:\/\/www.spaestonia.ee\/medical\/fi\/#website\"},\"datePublished\":\"2023-10-06T12:56:11+00:00\",\"dateModified\":\"2025-09-12T12:19:07+00:00\",\"breadcrumb\":{\"@id\":\"https:\/\/www.spaestonia.ee\/medical\/fi\/muut-tiedot\/#breadcrumb\"},\"inLanguage\":\"fi\",\"potentialAction\":[{\"@type\":\"ReadAction\",\"target\":[\"https:\/\/www.spaestonia.ee\/medical\/fi\/muut-tiedot\/\"]}]},{\"@type\":\"BreadcrumbList\",\"@id\":\"https:\/\/www.spaestonia.ee\/medical\/fi\/muut-tiedot\/#breadcrumb\",\"itemListElement\":[{\"@type\":\"ListItem\",\"position\":1,\"name\":\"Home\",\"item\":\"https:\/\/www.spaestonia.ee\/medical\/fi\/\"},{\"@type\":\"ListItem\",\"position\":2,\"name\":\"MUUT TIEDOT\"}]},{\"@type\":\"WebSite\",\"@id\":\"https:\/\/www.spaestonia.ee\/medical\/fi\/#website\",\"url\":\"https:\/\/www.spaestonia.ee\/medical\/fi\/\",\"name\":\"ESTONIA Medical Spa & Hotel\",\"description\":\"Ravispaa - Terveyskylpyl\u00e4 - P\u00e4rnu\",\"publisher\":{\"@id\":\"https:\/\/www.spaestonia.ee\/medical\/fi\/#organization\"},\"potentialAction\":[{\"@type\":\"SearchAction\",\"target\":{\"@type\":\"EntryPoint\",\"urlTemplate\":\"https:\/\/www.spaestonia.ee\/medical\/fi\/?s={search_term_string}\"},\"query-input\":{\"@type\":\"PropertyValueSpecification\",\"valueRequired\":true,\"valueName\":\"search_term_string\"}}],\"inLanguage\":\"fi\"},{\"@type\":\"Organization\",\"@id\":\"https:\/\/www.spaestonia.ee\/medical\/fi\/#organization\",\"name\":\"ESTONIA Medical Spa & Hotel\",\"url\":\"https:\/\/www.spaestonia.ee\/medical\/fi\/\",\"logo\":{\"@type\":\"ImageObject\",\"inLanguage\":\"fi\",\"@id\":\"https:\/\/www.spaestonia.ee\/medical\/fi\/#\/schema\/logo\/image\/\",\"url\":\"https:\/\/www.spaestonia.ee\/medical\/wp-content\/uploads\/2025\/02\/medical.jpg\",\"contentUrl\":\"https:\/\/www.spaestonia.ee\/medical\/wp-content\/uploads\/2025\/02\/medical.jpg\",\"width\":700,\"height\":450,\"caption\":\"ESTONIA Medical Spa & Hotel\"},\"image\":{\"@id\":\"https:\/\/www.spaestonia.ee\/medical\/fi\/#\/schema\/logo\/image\/\"},\"sameAs\":[\"https:\/\/www.facebook.com\/EstoniaMedicalSpa\"]}]}<\/script>\n<!-- \/ Yoast SEO plugin. -->","yoast_head_json":{"title":"MUUT TIEDOT - ESTONIA Medical Spa &amp; Hotel","robots":{"index":"index","follow":"follow","max-snippet":"max-snippet:-1","max-image-preview":"max-image-preview:large","max-video-preview":"max-video-preview:-1"},"canonical":"https:\/\/www.spaestonia.ee\/medical\/fi\/muut-tiedot\/","og_locale":"fi_FI","og_type":"article","og_title":"MUUT TIEDOT - ESTONIA Medical Spa &amp; Hotel","og_description":"WIFI Maksuton Internet-yhteys (WiFi) on k\u00e4ytett\u00e4viss\u00e4 useimmissa hotellihuoneissa. Verkon nimi on Estonia_Medical_Spa. TELEVISIO Huoneiden televisioiden&hellip;","og_url":"https:\/\/www.spaestonia.ee\/medical\/fi\/muut-tiedot\/","og_site_name":"ESTONIA Medical Spa &amp; Hotel","article_publisher":"https:\/\/www.facebook.com\/EstoniaMedicalSpa","article_modified_time":"2025-09-12T12:19:07+00:00","twitter_card":"summary_large_image","twitter_misc":{"Arvioitu lukuaika":"1 minuutti"},"schema":{"@context":"https:\/\/schema.org","@graph":[{"@type":"WebPage","@id":"https:\/\/www.spaestonia.ee\/medical\/fi\/muut-tiedot\/","url":"https:\/\/www.spaestonia.ee\/medical\/fi\/muut-tiedot\/","name":"MUUT TIEDOT - ESTONIA Medical Spa &amp; Hotel","isPartOf":{"@id":"https:\/\/www.spaestonia.ee\/medical\/fi\/#website"},"datePublished":"2023-10-06T12:56:11+00:00","dateModified":"2025-09-12T12:19:07+00:00","breadcrumb":{"@id":"https:\/\/www.spaestonia.ee\/medical\/fi\/muut-tiedot\/#breadcrumb"},"inLanguage":"fi","potentialAction":[{"@type":"ReadAction","target":["https:\/\/www.spaestonia.ee\/medical\/fi\/muut-tiedot\/"]}]},{"@type":"BreadcrumbList","@id":"https:\/\/www.spaestonia.ee\/medical\/fi\/muut-tiedot\/#breadcrumb","itemListElement":[{"@type":"ListItem","position":1,"name":"Home","item":"https:\/\/www.spaestonia.ee\/medical\/fi\/"},{"@type":"ListItem","position":2,"name":"MUUT TIEDOT"}]},{"@type":"WebSite","@id":"https:\/\/www.spaestonia.ee\/medical\/fi\/#website","url":"https:\/\/www.spaestonia.ee\/medical\/fi\/","name":"ESTONIA Medical Spa & Hotel","description":"Ravispaa - Terveyskylpyl\u00e4 - P\u00e4rnu","publisher":{"@id":"https:\/\/www.spaestonia.ee\/medical\/fi\/#organization"},"potentialAction":[{"@type":"SearchAction","target":{"@type":"EntryPoint","urlTemplate":"https:\/\/www.spaestonia.ee\/medical\/fi\/?s={search_term_string}"},"query-input":{"@type":"PropertyValueSpecification","valueRequired":true,"valueName":"search_term_string"}}],"inLanguage":"fi"},{"@type":"Organization","@id":"https:\/\/www.spaestonia.ee\/medical\/fi\/#organization","name":"ESTONIA Medical Spa & Hotel","url":"https:\/\/www.spaestonia.ee\/medical\/fi\/","logo":{"@type":"ImageObject","inLanguage":"fi","@id":"https:\/\/www.spaestonia.ee\/medical\/fi\/#\/schema\/logo\/image\/","url":"https:\/\/www.spaestonia.ee\/medical\/wp-content\/uploads\/2025\/02\/medical.jpg","contentUrl":"https:\/\/www.spaestonia.ee\/medical\/wp-content\/uploads\/2025\/02\/medical.jpg","width":700,"height":450,"caption":"ESTONIA Medical Spa & Hotel"},"image":{"@id":"https:\/\/www.spaestonia.ee\/medical\/fi\/#\/schema\/logo\/image\/"},"sameAs":["https:\/\/www.facebook.com\/EstoniaMedicalSpa"]}]}},"_links":{"self":[{"href":"https:\/\/www.spaestonia.ee\/medical\/fi\/wp-json\/wp\/v2\/pages\/19918","targetHints":{"allow":["GET"]}}],"collection":[{"href":"https:\/\/www.spaestonia.ee\/medical\/fi\/wp-json\/wp\/v2\/pages"}],"about":[{"href":"https:\/\/www.spaestonia.ee\/medical\/fi\/wp-json\/wp\/v2\/types\/page"}],"author":[{"embeddable":true,"href":"https:\/\/www.spaestonia.ee\/medical\/fi\/wp-json\/wp\/v2\/users\/16"}],"replies":[{"embeddable":true,"href":"https:\/\/www.spaestonia.ee\/medical\/fi\/wp-json\/wp\/v2\/comments?post=19918"}],"version-history":[{"count":5,"href":"https:\/\/www.spaestonia.ee\/medical\/fi\/wp-json\/wp\/v2\/pages\/19918\/revisions"}],"predecessor-version":[{"id":22801,"href":"https:\/\/www.spaestonia.ee\/medical\/fi\/wp-json\/wp\/v2\/pages\/19918\/revisions\/22801"}],"wp:attachment":[{"href":"https:\/\/www.spaestonia.ee\/medical\/fi\/wp-json\/wp\/v2\/media?parent=19918"}],"curies":[{"name":"wp","href":"https:\/\/api.w.org\/{rel}","templated":true}]}}