{"id":19925,"date":"2023-10-06T16:08:42","date_gmt":"2023-10-06T13:08:42","guid":{"rendered":"https:\/\/www.spaestonia.ee\/medical\/?page_id=19925"},"modified":"2024-04-09T14:51:11","modified_gmt":"2024-04-09T11:51:11","slug":"palvelut","status":"publish","type":"page","link":"https:\/\/www.spaestonia.ee\/medical\/fi\/palvelut\/","title":{"rendered":"PALVELUT"},"content":{"rendered":"<h3><strong>SAUNA- JA ALLASOSASTO<\/strong><strong> TERMID\u00a0<\/strong><\/h3>\n<p><a href=\"https:\/\/www.spaestonia.ee\/medical\/fi\/estonia-spa-termid\/\">Sauna- ja allasosasto TERMID<\/a> sijaitsee hotellin A-osassa ja se on avoinna joka p\u00e4iv\u00e4 klo 7.30\u201321.30 (<a href=\"https:\/\/www.spaestonia.ee\/medical\/fi\/estonia-spa-termid\/siivouspaivat\/\">huoltop\u00e4ivi\u00e4<\/a> lukuun ottamatta). Kaikkien alle 14-vuotiaiden lasten on oltava kylpyl\u00e4ss\u00e4 aikuisen valvonnassa. Saunat sammutetaan klo 21.00. L\u00e4ht\u00f6p\u00e4iv\u00e4n\u00e4 sis\u00e4\u00e4np\u00e4\u00e4sy kylpyl\u00e4keskukseen klo 10.00 asti.<\/p>\n<p><strong>Sauna- ja allasosasto TERMID tullessa pyyd\u00e4mme ottamaan huoneesta mukaan pyyhkeen ja hotellikortti! Lis\u00e4ksi suosittelemme laittamaan jalkaan kylpytossut.<br \/>\n<\/strong><\/p>\n<p>TERMID josta voi ostaa virvoitusjuomia. Sit\u00e4 varten pyyd\u00e4mme ottamaan mukaan k\u00e4teist\u00e4, jonka TERMID vastaanottoty\u00f6ntekij\u00e4 tallettaa rannekkeeseenne. K\u00e4ytt\u00e4m\u00e4tt\u00e4 j\u00e4\u00e4nyt raha palautetaan teille k\u00e4teisen\u00e4 l\u00e4htiess\u00e4nne kylpyl\u00e4sta.<\/p>\n<h3><strong>TERVEYSHOIDOT <\/strong><\/h3>\n<p>ESTONIA-terveyskylpyl\u00e4 on erikoistunut luu- ja nivelsairauksien ennaltaehk\u00e4isyyn ja kuntoutukseen. Sielt\u00e4 voi saada apua my\u00f6s syd\u00e4n- ja verisuonitauteihin, \u00e4\u00e4reishermoston sairauksiin sek\u00e4 hengitystiesairauksiin ja ihotauteihin. Tutustu hoitovalikoimaan <a href=\"https:\/\/www.spaestonia.ee\/medical\/fi\/terveyskylpyla\/hoidot-ja-tutkimukset\/\">T\u00c4\u00c4LT\u00c4<\/a>.<\/p>\n<p><strong>Lis\u00e4tiedot ja varaukset:<br \/>\n<\/strong>\u00bb <strong>Ma\u2013Su<\/strong> hotellin vastaanotossa\u00a0+372 447 6915<br \/>\n\u00bb<strong> Ma\u2013Pe<\/strong>\u00a0(8.00\u201316.30)<br \/>\nravip@spaestonia.ee | +372 447 6950<\/p>\n<h3><strong>P\u00c4IVYST\u00c4V\u00c4 HOITAJA<br \/>\n<\/strong><\/h3>\n<p>Ma\u2013Pe klo 8.00\u201312.00 P-osan 2. kerroksessa huoneessa 226.<\/p>\n<h3><strong>KAUNEUSPALVELUT<\/strong><\/h3>\n<p>Kauneuspalvelut sijaitsee A-osan 1. kerroksessa.<br \/>\nTutustu kauneushoitolapalveluiden valikoimaan <a href=\"https:\/\/www.spaestonia.ee\/medical\/fi\/terveyskylpyla\/kauneuspalvelut\/\">T\u00c4\u00c4LT\u00c4<\/a>.<\/p>\n<p>Ma\u2013Pe klo 9.00\u201317.00<\/p>\n<p><strong>Lis\u00e4tiedot ja varaukset:<br \/>\n<\/strong>s-posti ilusalong@spaestonia.ee<br \/>\npuh +372 440 1015<\/p>\n<h3><strong>KUNTOSALI\u00a0 <\/strong><\/h3>\n<p>Kuntosali sijaitsee P-osan 1. kerroksessa. Kuntosalin k\u00e4ytt\u00f6 on hotellivieraille maksutonta ja se on avoinna joka p\u00e4iv\u00e4 klo 7.00\u201322.00.<\/p>\n","protected":false},"excerpt":{"rendered":"<p>SAUNA- JA ALLASOSASTO TERMID\u00a0 Sauna- ja allasosasto TERMID sijaitsee hotellin A-osassa ja se on avoinna&hellip;<\/p>\n","protected":false},"author":16,"featured_media":0,"parent":0,"menu_order":0,"comment_status":"closed","ping_status":"closed","template":"","meta":{"footnotes":""},"class_list":["post-19925","page","type-page","status-publish","hentry"],"yoast_head":"<!-- This site is optimized with the Yoast SEO plugin v26.3 - https:\/\/yoast.com\/wordpress\/plugins\/seo\/ -->\n<title>PALVELUT - ESTONIA Medical Spa &amp; Hotel<\/title>\n<meta name=\"robots\" content=\"index, follow, max-snippet:-1, max-image-preview:large, max-video-preview:-1\" \/>\n<link rel=\"canonical\" href=\"https:\/\/www.spaestonia.ee\/medical\/fi\/palvelut\/\" \/>\n<meta property=\"og:locale\" content=\"fi_FI\" \/>\n<meta property=\"og:type\" content=\"article\" \/>\n<meta property=\"og:title\" content=\"PALVELUT - ESTONIA Medical Spa &amp; Hotel\" \/>\n<meta property=\"og:description\" content=\"SAUNA- JA ALLASOSASTO TERMID\u00a0 Sauna- ja allasosasto TERMID sijaitsee hotellin A-osassa ja se on avoinna&hellip;\" \/>\n<meta property=\"og:url\" content=\"https:\/\/www.spaestonia.ee\/medical\/fi\/palvelut\/\" \/>\n<meta property=\"og:site_name\" content=\"ESTONIA Medical Spa &amp; Hotel\" \/>\n<meta property=\"article:publisher\" content=\"https:\/\/www.facebook.com\/EstoniaMedicalSpa\" \/>\n<meta property=\"article:modified_time\" content=\"2024-04-09T11:51:11+00:00\" \/>\n<meta name=\"twitter:card\" content=\"summary_large_image\" \/>\n<meta name=\"twitter:label1\" content=\"Arvioitu lukuaika\" \/>\n\t<meta name=\"twitter:data1\" content=\"1 minuutti\" \/>\n<script type=\"application\/ld+json\" class=\"yoast-schema-graph\">{\"@context\":\"https:\/\/schema.org\",\"@graph\":[{\"@type\":\"WebPage\",\"@id\":\"https:\/\/www.spaestonia.ee\/medical\/fi\/palvelut\/\",\"url\":\"https:\/\/www.spaestonia.ee\/medical\/fi\/palvelut\/\",\"name\":\"PALVELUT - ESTONIA Medical Spa &amp; Hotel\",\"isPartOf\":{\"@id\":\"https:\/\/www.spaestonia.ee\/medical\/fi\/#website\"},\"datePublished\":\"2023-10-06T13:08:42+00:00\",\"dateModified\":\"2024-04-09T11:51:11+00:00\",\"breadcrumb\":{\"@id\":\"https:\/\/www.spaestonia.ee\/medical\/fi\/palvelut\/#breadcrumb\"},\"inLanguage\":\"fi\",\"potentialAction\":[{\"@type\":\"ReadAction\",\"target\":[\"https:\/\/www.spaestonia.ee\/medical\/fi\/palvelut\/\"]}]},{\"@type\":\"BreadcrumbList\",\"@id\":\"https:\/\/www.spaestonia.ee\/medical\/fi\/palvelut\/#breadcrumb\",\"itemListElement\":[{\"@type\":\"ListItem\",\"position\":1,\"name\":\"Home\",\"item\":\"https:\/\/www.spaestonia.ee\/medical\/fi\/\"},{\"@type\":\"ListItem\",\"position\":2,\"name\":\"PALVELUT\"}]},{\"@type\":\"WebSite\",\"@id\":\"https:\/\/www.spaestonia.ee\/medical\/fi\/#website\",\"url\":\"https:\/\/www.spaestonia.ee\/medical\/fi\/\",\"name\":\"ESTONIA Medical Spa & Hotel\",\"description\":\"Ravispaa - Terveyskylpyl\u00e4 - P\u00e4rnu\",\"publisher\":{\"@id\":\"https:\/\/www.spaestonia.ee\/medical\/fi\/#organization\"},\"potentialAction\":[{\"@type\":\"SearchAction\",\"target\":{\"@type\":\"EntryPoint\",\"urlTemplate\":\"https:\/\/www.spaestonia.ee\/medical\/fi\/?s={search_term_string}\"},\"query-input\":{\"@type\":\"PropertyValueSpecification\",\"valueRequired\":true,\"valueName\":\"search_term_string\"}}],\"inLanguage\":\"fi\"},{\"@type\":\"Organization\",\"@id\":\"https:\/\/www.spaestonia.ee\/medical\/fi\/#organization\",\"name\":\"ESTONIA Medical Spa & Hotel\",\"url\":\"https:\/\/www.spaestonia.ee\/medical\/fi\/\",\"logo\":{\"@type\":\"ImageObject\",\"inLanguage\":\"fi\",\"@id\":\"https:\/\/www.spaestonia.ee\/medical\/fi\/#\/schema\/logo\/image\/\",\"url\":\"https:\/\/www.spaestonia.ee\/medical\/wp-content\/uploads\/2025\/02\/medical.jpg\",\"contentUrl\":\"https:\/\/www.spaestonia.ee\/medical\/wp-content\/uploads\/2025\/02\/medical.jpg\",\"width\":700,\"height\":450,\"caption\":\"ESTONIA Medical Spa & Hotel\"},\"image\":{\"@id\":\"https:\/\/www.spaestonia.ee\/medical\/fi\/#\/schema\/logo\/image\/\"},\"sameAs\":[\"https:\/\/www.facebook.com\/EstoniaMedicalSpa\"]}]}<\/script>\n<!-- \/ Yoast SEO plugin. -->","yoast_head_json":{"title":"PALVELUT - ESTONIA Medical Spa &amp; Hotel","robots":{"index":"index","follow":"follow","max-snippet":"max-snippet:-1","max-image-preview":"max-image-preview:large","max-video-preview":"max-video-preview:-1"},"canonical":"https:\/\/www.spaestonia.ee\/medical\/fi\/palvelut\/","og_locale":"fi_FI","og_type":"article","og_title":"PALVELUT - ESTONIA Medical Spa &amp; Hotel","og_description":"SAUNA- JA ALLASOSASTO TERMID\u00a0 Sauna- ja allasosasto TERMID sijaitsee hotellin A-osassa ja se on avoinna&hellip;","og_url":"https:\/\/www.spaestonia.ee\/medical\/fi\/palvelut\/","og_site_name":"ESTONIA Medical Spa &amp; Hotel","article_publisher":"https:\/\/www.facebook.com\/EstoniaMedicalSpa","article_modified_time":"2024-04-09T11:51:11+00:00","twitter_card":"summary_large_image","twitter_misc":{"Arvioitu lukuaika":"1 minuutti"},"schema":{"@context":"https:\/\/schema.org","@graph":[{"@type":"WebPage","@id":"https:\/\/www.spaestonia.ee\/medical\/fi\/palvelut\/","url":"https:\/\/www.spaestonia.ee\/medical\/fi\/palvelut\/","name":"PALVELUT - ESTONIA Medical Spa &amp; Hotel","isPartOf":{"@id":"https:\/\/www.spaestonia.ee\/medical\/fi\/#website"},"datePublished":"2023-10-06T13:08:42+00:00","dateModified":"2024-04-09T11:51:11+00:00","breadcrumb":{"@id":"https:\/\/www.spaestonia.ee\/medical\/fi\/palvelut\/#breadcrumb"},"inLanguage":"fi","potentialAction":[{"@type":"ReadAction","target":["https:\/\/www.spaestonia.ee\/medical\/fi\/palvelut\/"]}]},{"@type":"BreadcrumbList","@id":"https:\/\/www.spaestonia.ee\/medical\/fi\/palvelut\/#breadcrumb","itemListElement":[{"@type":"ListItem","position":1,"name":"Home","item":"https:\/\/www.spaestonia.ee\/medical\/fi\/"},{"@type":"ListItem","position":2,"name":"PALVELUT"}]},{"@type":"WebSite","@id":"https:\/\/www.spaestonia.ee\/medical\/fi\/#website","url":"https:\/\/www.spaestonia.ee\/medical\/fi\/","name":"ESTONIA Medical Spa & Hotel","description":"Ravispaa - Terveyskylpyl\u00e4 - P\u00e4rnu","publisher":{"@id":"https:\/\/www.spaestonia.ee\/medical\/fi\/#organization"},"potentialAction":[{"@type":"SearchAction","target":{"@type":"EntryPoint","urlTemplate":"https:\/\/www.spaestonia.ee\/medical\/fi\/?s={search_term_string}"},"query-input":{"@type":"PropertyValueSpecification","valueRequired":true,"valueName":"search_term_string"}}],"inLanguage":"fi"},{"@type":"Organization","@id":"https:\/\/www.spaestonia.ee\/medical\/fi\/#organization","name":"ESTONIA Medical Spa & Hotel","url":"https:\/\/www.spaestonia.ee\/medical\/fi\/","logo":{"@type":"ImageObject","inLanguage":"fi","@id":"https:\/\/www.spaestonia.ee\/medical\/fi\/#\/schema\/logo\/image\/","url":"https:\/\/www.spaestonia.ee\/medical\/wp-content\/uploads\/2025\/02\/medical.jpg","contentUrl":"https:\/\/www.spaestonia.ee\/medical\/wp-content\/uploads\/2025\/02\/medical.jpg","width":700,"height":450,"caption":"ESTONIA Medical Spa & Hotel"},"image":{"@id":"https:\/\/www.spaestonia.ee\/medical\/fi\/#\/schema\/logo\/image\/"},"sameAs":["https:\/\/www.facebook.com\/EstoniaMedicalSpa"]}]}},"_links":{"self":[{"href":"https:\/\/www.spaestonia.ee\/medical\/fi\/wp-json\/wp\/v2\/pages\/19925","targetHints":{"allow":["GET"]}}],"collection":[{"href":"https:\/\/www.spaestonia.ee\/medical\/fi\/wp-json\/wp\/v2\/pages"}],"about":[{"href":"https:\/\/www.spaestonia.ee\/medical\/fi\/wp-json\/wp\/v2\/types\/page"}],"author":[{"embeddable":true,"href":"https:\/\/www.spaestonia.ee\/medical\/fi\/wp-json\/wp\/v2\/users\/16"}],"replies":[{"embeddable":true,"href":"https:\/\/www.spaestonia.ee\/medical\/fi\/wp-json\/wp\/v2\/comments?post=19925"}],"version-history":[{"count":7,"href":"https:\/\/www.spaestonia.ee\/medical\/fi\/wp-json\/wp\/v2\/pages\/19925\/revisions"}],"predecessor-version":[{"id":20742,"href":"https:\/\/www.spaestonia.ee\/medical\/fi\/wp-json\/wp\/v2\/pages\/19925\/revisions\/20742"}],"wp:attachment":[{"href":"https:\/\/www.spaestonia.ee\/medical\/fi\/wp-json\/wp\/v2\/media?parent=19925"}],"curies":[{"name":"wp","href":"https:\/\/api.w.org\/{rel}","templated":true}]}}