{"id":19928,"date":"2023-10-06T16:15:32","date_gmt":"2023-10-06T13:15:32","guid":{"rendered":"https:\/\/www.spaestonia.ee\/medical\/?page_id=19928"},"modified":"2025-06-16T11:43:14","modified_gmt":"2025-06-16T08:43:14","slug":"huonesiivous","status":"publish","type":"page","link":"https:\/\/www.spaestonia.ee\/medical\/fi\/huonesiivous\/","title":{"rendered":"HUONESIIVOUS"},"content":{"rendered":"<p><strong>Siivoamme klo 10.00 ja 16.00 v\u00e4lisen\u00e4 aikana<\/strong>. Siivousty\u00f6ntekij\u00e4 noudattaa huoneen oveen asetettua kyltti\u00e4 SIIVOUSTA TOIVOTAAN tai EI SAA H\u00c4IRIT\u00c4.<\/p>\n<p><strong>\u00bb\u00a0<\/strong> Huoneet, joiden ovessa on kyltti SIIVOUSTA TOIVOTAAN, siivotaan mahdollisimman pian. Haluamme huomauttaa, ett\u00e4 siivousty\u00f6ntekij\u00e4mme ei nostele eik\u00e4 siirtele huoneessanne olevia henkil\u00f6kohtaisia tavaroita, ja pyyd\u00e4mme j\u00e4tt\u00e4m\u00e4\u00e4n ne siivouksen ajaksi siten, ett\u00e4 siivottava pinta olisi esteet\u00f6n.<\/p>\n<p><strong>\u00bb\u00a0<\/strong> Jos ovessa on kyltti EI SAA H\u00c4IRIT\u00c4 koko p\u00e4iv\u00e4siivouksen ajan, p\u00e4iv\u00e4siivousta ei sin\u00e4 p\u00e4iv\u00e4n\u00e4 tehd\u00e4.<\/p>\n<p><strong>\u00bb\u00a0<\/strong> Auttakaa meit\u00e4 s\u00e4\u00e4st\u00e4m\u00e4\u00e4n luontoa ja vett\u00e4 ja k\u00e4ytt\u00e4k\u00e4\u00e4 pyyhkeit\u00e4 useamman kerran.<br \/>\n<strong> \u2013 <\/strong>Jos ETTE HALUA PYYHKEIDEN VAIHTOA, ripustakaa pyyhkeet pyyhekoukkuihin.<br \/>\n<strong>\u2013 <\/strong>Jos HALUATTE UUDET PYYHKEET, laittakaa pyyhkeet lattialle.<\/p>\n<p>\u00bb Jos koira on huoneessa, asetathan oveen kyltin KOIRA HUONEESSA. Siivousta ei suoriteta, jos lemmikki on yksin huoneessa.<\/p>\n","protected":false},"excerpt":{"rendered":"<p>Siivoamme klo 10.00 ja 16.00 v\u00e4lisen\u00e4 aikana. Siivousty\u00f6ntekij\u00e4 noudattaa huoneen oveen asetettua kyltti\u00e4 SIIVOUSTA TOIVOTAAN&hellip;<\/p>\n","protected":false},"author":16,"featured_media":0,"parent":0,"menu_order":0,"comment_status":"closed","ping_status":"closed","template":"","meta":{"footnotes":""},"class_list":["post-19928","page","type-page","status-publish","hentry"],"yoast_head":"<!-- This site is optimized with the Yoast SEO plugin v26.3 - https:\/\/yoast.com\/wordpress\/plugins\/seo\/ -->\n<title>HUONESIIVOUS - ESTONIA Medical Spa &amp; Hotel<\/title>\n<meta name=\"robots\" content=\"index, follow, max-snippet:-1, max-image-preview:large, max-video-preview:-1\" \/>\n<link rel=\"canonical\" href=\"https:\/\/www.spaestonia.ee\/medical\/fi\/huonesiivous\/\" \/>\n<meta property=\"og:locale\" content=\"fi_FI\" \/>\n<meta property=\"og:type\" content=\"article\" \/>\n<meta property=\"og:title\" content=\"HUONESIIVOUS - ESTONIA Medical Spa &amp; Hotel\" \/>\n<meta property=\"og:description\" content=\"Siivoamme klo 10.00 ja 16.00 v\u00e4lisen\u00e4 aikana. Siivousty\u00f6ntekij\u00e4 noudattaa huoneen oveen asetettua kyltti\u00e4 SIIVOUSTA TOIVOTAAN&hellip;\" \/>\n<meta property=\"og:url\" content=\"https:\/\/www.spaestonia.ee\/medical\/fi\/huonesiivous\/\" \/>\n<meta property=\"og:site_name\" content=\"ESTONIA Medical Spa &amp; Hotel\" \/>\n<meta property=\"article:publisher\" content=\"https:\/\/www.facebook.com\/EstoniaMedicalSpa\" \/>\n<meta property=\"article:modified_time\" content=\"2025-06-16T08:43:14+00:00\" \/>\n<meta name=\"twitter:card\" content=\"summary_large_image\" \/>\n<meta name=\"twitter:label1\" content=\"Arvioitu lukuaika\" \/>\n\t<meta name=\"twitter:data1\" content=\"1 minuutti\" \/>\n<script type=\"application\/ld+json\" class=\"yoast-schema-graph\">{\"@context\":\"https:\/\/schema.org\",\"@graph\":[{\"@type\":\"WebPage\",\"@id\":\"https:\/\/www.spaestonia.ee\/medical\/fi\/huonesiivous\/\",\"url\":\"https:\/\/www.spaestonia.ee\/medical\/fi\/huonesiivous\/\",\"name\":\"HUONESIIVOUS - ESTONIA Medical Spa &amp; Hotel\",\"isPartOf\":{\"@id\":\"https:\/\/www.spaestonia.ee\/medical\/fi\/#website\"},\"datePublished\":\"2023-10-06T13:15:32+00:00\",\"dateModified\":\"2025-06-16T08:43:14+00:00\",\"breadcrumb\":{\"@id\":\"https:\/\/www.spaestonia.ee\/medical\/fi\/huonesiivous\/#breadcrumb\"},\"inLanguage\":\"fi\",\"potentialAction\":[{\"@type\":\"ReadAction\",\"target\":[\"https:\/\/www.spaestonia.ee\/medical\/fi\/huonesiivous\/\"]}]},{\"@type\":\"BreadcrumbList\",\"@id\":\"https:\/\/www.spaestonia.ee\/medical\/fi\/huonesiivous\/#breadcrumb\",\"itemListElement\":[{\"@type\":\"ListItem\",\"position\":1,\"name\":\"Home\",\"item\":\"https:\/\/www.spaestonia.ee\/medical\/fi\/\"},{\"@type\":\"ListItem\",\"position\":2,\"name\":\"HUONESIIVOUS\"}]},{\"@type\":\"WebSite\",\"@id\":\"https:\/\/www.spaestonia.ee\/medical\/fi\/#website\",\"url\":\"https:\/\/www.spaestonia.ee\/medical\/fi\/\",\"name\":\"ESTONIA Medical Spa & Hotel\",\"description\":\"Ravispaa - Terveyskylpyl\u00e4 - P\u00e4rnu\",\"publisher\":{\"@id\":\"https:\/\/www.spaestonia.ee\/medical\/fi\/#organization\"},\"potentialAction\":[{\"@type\":\"SearchAction\",\"target\":{\"@type\":\"EntryPoint\",\"urlTemplate\":\"https:\/\/www.spaestonia.ee\/medical\/fi\/?s={search_term_string}\"},\"query-input\":{\"@type\":\"PropertyValueSpecification\",\"valueRequired\":true,\"valueName\":\"search_term_string\"}}],\"inLanguage\":\"fi\"},{\"@type\":\"Organization\",\"@id\":\"https:\/\/www.spaestonia.ee\/medical\/fi\/#organization\",\"name\":\"ESTONIA Medical Spa & Hotel\",\"url\":\"https:\/\/www.spaestonia.ee\/medical\/fi\/\",\"logo\":{\"@type\":\"ImageObject\",\"inLanguage\":\"fi\",\"@id\":\"https:\/\/www.spaestonia.ee\/medical\/fi\/#\/schema\/logo\/image\/\",\"url\":\"https:\/\/www.spaestonia.ee\/medical\/wp-content\/uploads\/2025\/02\/medical.jpg\",\"contentUrl\":\"https:\/\/www.spaestonia.ee\/medical\/wp-content\/uploads\/2025\/02\/medical.jpg\",\"width\":700,\"height\":450,\"caption\":\"ESTONIA Medical Spa & Hotel\"},\"image\":{\"@id\":\"https:\/\/www.spaestonia.ee\/medical\/fi\/#\/schema\/logo\/image\/\"},\"sameAs\":[\"https:\/\/www.facebook.com\/EstoniaMedicalSpa\"]}]}<\/script>\n<!-- \/ Yoast SEO plugin. -->","yoast_head_json":{"title":"HUONESIIVOUS - ESTONIA Medical Spa &amp; Hotel","robots":{"index":"index","follow":"follow","max-snippet":"max-snippet:-1","max-image-preview":"max-image-preview:large","max-video-preview":"max-video-preview:-1"},"canonical":"https:\/\/www.spaestonia.ee\/medical\/fi\/huonesiivous\/","og_locale":"fi_FI","og_type":"article","og_title":"HUONESIIVOUS - ESTONIA Medical Spa &amp; Hotel","og_description":"Siivoamme klo 10.00 ja 16.00 v\u00e4lisen\u00e4 aikana. Siivousty\u00f6ntekij\u00e4 noudattaa huoneen oveen asetettua kyltti\u00e4 SIIVOUSTA TOIVOTAAN&hellip;","og_url":"https:\/\/www.spaestonia.ee\/medical\/fi\/huonesiivous\/","og_site_name":"ESTONIA Medical Spa &amp; Hotel","article_publisher":"https:\/\/www.facebook.com\/EstoniaMedicalSpa","article_modified_time":"2025-06-16T08:43:14+00:00","twitter_card":"summary_large_image","twitter_misc":{"Arvioitu lukuaika":"1 minuutti"},"schema":{"@context":"https:\/\/schema.org","@graph":[{"@type":"WebPage","@id":"https:\/\/www.spaestonia.ee\/medical\/fi\/huonesiivous\/","url":"https:\/\/www.spaestonia.ee\/medical\/fi\/huonesiivous\/","name":"HUONESIIVOUS - ESTONIA Medical Spa &amp; Hotel","isPartOf":{"@id":"https:\/\/www.spaestonia.ee\/medical\/fi\/#website"},"datePublished":"2023-10-06T13:15:32+00:00","dateModified":"2025-06-16T08:43:14+00:00","breadcrumb":{"@id":"https:\/\/www.spaestonia.ee\/medical\/fi\/huonesiivous\/#breadcrumb"},"inLanguage":"fi","potentialAction":[{"@type":"ReadAction","target":["https:\/\/www.spaestonia.ee\/medical\/fi\/huonesiivous\/"]}]},{"@type":"BreadcrumbList","@id":"https:\/\/www.spaestonia.ee\/medical\/fi\/huonesiivous\/#breadcrumb","itemListElement":[{"@type":"ListItem","position":1,"name":"Home","item":"https:\/\/www.spaestonia.ee\/medical\/fi\/"},{"@type":"ListItem","position":2,"name":"HUONESIIVOUS"}]},{"@type":"WebSite","@id":"https:\/\/www.spaestonia.ee\/medical\/fi\/#website","url":"https:\/\/www.spaestonia.ee\/medical\/fi\/","name":"ESTONIA Medical Spa & Hotel","description":"Ravispaa - Terveyskylpyl\u00e4 - P\u00e4rnu","publisher":{"@id":"https:\/\/www.spaestonia.ee\/medical\/fi\/#organization"},"potentialAction":[{"@type":"SearchAction","target":{"@type":"EntryPoint","urlTemplate":"https:\/\/www.spaestonia.ee\/medical\/fi\/?s={search_term_string}"},"query-input":{"@type":"PropertyValueSpecification","valueRequired":true,"valueName":"search_term_string"}}],"inLanguage":"fi"},{"@type":"Organization","@id":"https:\/\/www.spaestonia.ee\/medical\/fi\/#organization","name":"ESTONIA Medical Spa & Hotel","url":"https:\/\/www.spaestonia.ee\/medical\/fi\/","logo":{"@type":"ImageObject","inLanguage":"fi","@id":"https:\/\/www.spaestonia.ee\/medical\/fi\/#\/schema\/logo\/image\/","url":"https:\/\/www.spaestonia.ee\/medical\/wp-content\/uploads\/2025\/02\/medical.jpg","contentUrl":"https:\/\/www.spaestonia.ee\/medical\/wp-content\/uploads\/2025\/02\/medical.jpg","width":700,"height":450,"caption":"ESTONIA Medical Spa & Hotel"},"image":{"@id":"https:\/\/www.spaestonia.ee\/medical\/fi\/#\/schema\/logo\/image\/"},"sameAs":["https:\/\/www.facebook.com\/EstoniaMedicalSpa"]}]}},"_links":{"self":[{"href":"https:\/\/www.spaestonia.ee\/medical\/fi\/wp-json\/wp\/v2\/pages\/19928","targetHints":{"allow":["GET"]}}],"collection":[{"href":"https:\/\/www.spaestonia.ee\/medical\/fi\/wp-json\/wp\/v2\/pages"}],"about":[{"href":"https:\/\/www.spaestonia.ee\/medical\/fi\/wp-json\/wp\/v2\/types\/page"}],"author":[{"embeddable":true,"href":"https:\/\/www.spaestonia.ee\/medical\/fi\/wp-json\/wp\/v2\/users\/16"}],"replies":[{"embeddable":true,"href":"https:\/\/www.spaestonia.ee\/medical\/fi\/wp-json\/wp\/v2\/comments?post=19928"}],"version-history":[{"count":3,"href":"https:\/\/www.spaestonia.ee\/medical\/fi\/wp-json\/wp\/v2\/pages\/19928\/revisions"}],"predecessor-version":[{"id":22614,"href":"https:\/\/www.spaestonia.ee\/medical\/fi\/wp-json\/wp\/v2\/pages\/19928\/revisions\/22614"}],"wp:attachment":[{"href":"https:\/\/www.spaestonia.ee\/medical\/fi\/wp-json\/wp\/v2\/media?parent=19928"}],"curies":[{"name":"wp","href":"https:\/\/api.w.org\/{rel}","templated":true}]}}