{"id":19935,"date":"2023-10-06T16:20:31","date_gmt":"2023-10-06T13:20:31","guid":{"rendered":"https:\/\/www.spaestonia.ee\/medical\/?page_id=19935"},"modified":"2023-10-25T15:35:42","modified_gmt":"2023-10-25T12:35:42","slug":"paloturvallisuus","status":"publish","type":"page","link":"https:\/\/www.spaestonia.ee\/medical\/fi\/paloturvallisuus\/","title":{"rendered":"PALOTURVALLISUUS"},"content":{"rendered":"<p>Hotelli on varustettu nykyaikaisimmilla palosammuttimilla ja paloturvallisuuslaitteilla. Tulipalon sattuessa kuuluu yht\u00e4jaksoinen h\u00e4lytysmerkki\u00e4\u00e4ni. Lukekaa seuraavat paloturvallisuusohjeet ja tutustukaa evakuointisuunnitelmaan, jonka l\u00f6yd\u00e4tte huoneenne ulosk\u00e4ynnin luota.<\/p>\n<h3><strong>PALOTURVALLISUUSOHJEET<\/strong><\/h3>\n<p><strong>\u00bb\u00a0 <\/strong>Huoneesta poistuessanne irrottakaa kaikki s\u00e4hk\u00f6laitteet s\u00e4hk\u00f6verkosta.<br \/>\n<strong>\u00bb\u00a0\u00a0<\/strong>Omien s\u00e4hk\u00f6l\u00e4mmittimien k\u00e4ytt\u00f6 hotellihuoneessa on kielletty.<br \/>\n<strong>\u00bb\u00a0\u00a0<\/strong>Jos havaitsette savua tai tulta, ilmoittakaa siit\u00e4 v\u00e4litt\u00f6m\u00e4sti vastaanottoon (maksuton lyhytvalintanumero huoneesta soitettaessa on 915, tavallinen numero on +372 447 6915).<\/p>\n<h3><strong>Jos kuulette h\u00e4lytysmerkki\u00e4\u00e4nen, tunnette savun hajua tai teille annetaan <\/strong><strong>evakuointiohjeita, toimikaa seuraavasti:<\/strong><\/h3>\n<p><strong>\u00bb\u00a0\u00a0<\/strong>Ottakaa mukaan asiakirjanne ja huoneen avain ja poistukaa huoneesta.<br \/>\n<strong>\u00bb\u00a0\u00a0<\/strong>Ennen ovien avaamista tarkistakaa, onko ovi kuuma tai tuleeko oven takaa savua.<br \/>\n<strong>\u00bb\u00a0\u00a0<\/strong>Jos k\u00e4yt\u00e4v\u00e4ss\u00e4 ei ole suoranaisia vaaran merkkej\u00e4, poistukaa huoneesta ja sulkekaa ovi sit\u00e4 kuitenkaan lukitsematta.<br \/>\n<strong>\u00bb\u00a0\u00a0<\/strong>Kulkekaa l\u00e4himp\u00e4\u00e4 ulosk\u00e4ynti\u00e4 kohti evakuointisuunnitelmaa ja -merkkej\u00e4 seuraten. Evakuointisuunnitelma l\u00f6ytyy huoneesta sein\u00e4lt\u00e4 oven luota. H\u00e4t\u00e4tilanteessa \u00e4lk\u00e4\u00e4 k\u00e4ytt\u00e4k\u00f6 hissej\u00e4, ne kytket\u00e4\u00e4n pois p\u00e4\u00e4lt\u00e4.<\/p>\n<h3><strong>Jos huoneesta poistuminen ei ole mahdollista, toimikaa seuraavasti:<\/strong><\/h3>\n<p><strong>\u00bb\u00a0\u00a0<\/strong>Sulkekaa ovi sit\u00e4 kuitenkaan lukitsematta.<br \/>\n<strong>\u00bb\u00a0\u00a0<\/strong>Ilmoittakaa vastaanottoon olinpaikastanne sek\u00e4 kanssanne olevista muista henkil\u00f6ist\u00e4 (maksuton lyhytvalintanumero huoneesta soitettaessa on 915, tavallinen numero on +372 447 6915). Kertokaa huoneenne numero ja huoneessa olevien henkil\u00f6iden m\u00e4\u00e4r\u00e4.<br \/>\n<strong>\u00bb\u00a0\u00a0<\/strong>Asettakaa oven alle m\u00e4rki\u00e4 pyyhkeit\u00e4.<br \/>\n<strong>\u00bb\u00a0\u00a0<\/strong>Yritt\u00e4k\u00e4\u00e4 olla mahdollisimman l\u00e4hell\u00e4 lattiaa, \u00e4lk\u00e4\u00e4k\u00e4 hengitt\u00e4k\u00f6 savua. Jos mahdollista, hengitt\u00e4k\u00e4\u00e4 m\u00e4r\u00e4n pyyhkeen l\u00e4pi.<\/p>\n<p>&nbsp;<\/p>\n<p>&nbsp;<\/p>\n","protected":false},"excerpt":{"rendered":"<p>Hotelli on varustettu nykyaikaisimmilla palosammuttimilla ja paloturvallisuuslaitteilla. Tulipalon sattuessa kuuluu yht\u00e4jaksoinen h\u00e4lytysmerkki\u00e4\u00e4ni. Lukekaa seuraavat paloturvallisuusohjeet&hellip;<\/p>\n","protected":false},"author":16,"featured_media":0,"parent":0,"menu_order":0,"comment_status":"closed","ping_status":"closed","template":"","meta":{"footnotes":""},"class_list":["post-19935","page","type-page","status-publish","hentry"],"yoast_head":"<!-- This site is optimized with the Yoast SEO plugin v26.3 - https:\/\/yoast.com\/wordpress\/plugins\/seo\/ -->\n<title>PALOTURVALLISUUS - ESTONIA Medical Spa &amp; Hotel<\/title>\n<meta name=\"robots\" content=\"index, follow, max-snippet:-1, max-image-preview:large, max-video-preview:-1\" \/>\n<link rel=\"canonical\" href=\"https:\/\/www.spaestonia.ee\/medical\/fi\/paloturvallisuus\/\" \/>\n<meta property=\"og:locale\" content=\"fi_FI\" \/>\n<meta property=\"og:type\" content=\"article\" \/>\n<meta property=\"og:title\" content=\"PALOTURVALLISUUS - ESTONIA Medical Spa &amp; Hotel\" \/>\n<meta property=\"og:description\" content=\"Hotelli on varustettu nykyaikaisimmilla palosammuttimilla ja paloturvallisuuslaitteilla. Tulipalon sattuessa kuuluu yht\u00e4jaksoinen h\u00e4lytysmerkki\u00e4\u00e4ni. Lukekaa seuraavat paloturvallisuusohjeet&hellip;\" \/>\n<meta property=\"og:url\" content=\"https:\/\/www.spaestonia.ee\/medical\/fi\/paloturvallisuus\/\" \/>\n<meta property=\"og:site_name\" content=\"ESTONIA Medical Spa &amp; Hotel\" \/>\n<meta property=\"article:publisher\" content=\"https:\/\/www.facebook.com\/EstoniaMedicalSpa\" \/>\n<meta property=\"article:modified_time\" content=\"2023-10-25T12:35:42+00:00\" \/>\n<meta name=\"twitter:card\" content=\"summary_large_image\" \/>\n<meta name=\"twitter:label1\" content=\"Arvioitu lukuaika\" \/>\n\t<meta name=\"twitter:data1\" content=\"1 minuutti\" \/>\n<script type=\"application\/ld+json\" class=\"yoast-schema-graph\">{\"@context\":\"https:\/\/schema.org\",\"@graph\":[{\"@type\":\"WebPage\",\"@id\":\"https:\/\/www.spaestonia.ee\/medical\/fi\/paloturvallisuus\/\",\"url\":\"https:\/\/www.spaestonia.ee\/medical\/fi\/paloturvallisuus\/\",\"name\":\"PALOTURVALLISUUS - ESTONIA Medical Spa &amp; Hotel\",\"isPartOf\":{\"@id\":\"https:\/\/www.spaestonia.ee\/medical\/fi\/#website\"},\"datePublished\":\"2023-10-06T13:20:31+00:00\",\"dateModified\":\"2023-10-25T12:35:42+00:00\",\"breadcrumb\":{\"@id\":\"https:\/\/www.spaestonia.ee\/medical\/fi\/paloturvallisuus\/#breadcrumb\"},\"inLanguage\":\"fi\",\"potentialAction\":[{\"@type\":\"ReadAction\",\"target\":[\"https:\/\/www.spaestonia.ee\/medical\/fi\/paloturvallisuus\/\"]}]},{\"@type\":\"BreadcrumbList\",\"@id\":\"https:\/\/www.spaestonia.ee\/medical\/fi\/paloturvallisuus\/#breadcrumb\",\"itemListElement\":[{\"@type\":\"ListItem\",\"position\":1,\"name\":\"Home\",\"item\":\"https:\/\/www.spaestonia.ee\/medical\/fi\/\"},{\"@type\":\"ListItem\",\"position\":2,\"name\":\"PALOTURVALLISUUS\"}]},{\"@type\":\"WebSite\",\"@id\":\"https:\/\/www.spaestonia.ee\/medical\/fi\/#website\",\"url\":\"https:\/\/www.spaestonia.ee\/medical\/fi\/\",\"name\":\"ESTONIA Medical Spa & Hotel\",\"description\":\"Ravispaa - Terveyskylpyl\u00e4 - P\u00e4rnu\",\"publisher\":{\"@id\":\"https:\/\/www.spaestonia.ee\/medical\/fi\/#organization\"},\"potentialAction\":[{\"@type\":\"SearchAction\",\"target\":{\"@type\":\"EntryPoint\",\"urlTemplate\":\"https:\/\/www.spaestonia.ee\/medical\/fi\/?s={search_term_string}\"},\"query-input\":{\"@type\":\"PropertyValueSpecification\",\"valueRequired\":true,\"valueName\":\"search_term_string\"}}],\"inLanguage\":\"fi\"},{\"@type\":\"Organization\",\"@id\":\"https:\/\/www.spaestonia.ee\/medical\/fi\/#organization\",\"name\":\"ESTONIA Medical Spa & Hotel\",\"url\":\"https:\/\/www.spaestonia.ee\/medical\/fi\/\",\"logo\":{\"@type\":\"ImageObject\",\"inLanguage\":\"fi\",\"@id\":\"https:\/\/www.spaestonia.ee\/medical\/fi\/#\/schema\/logo\/image\/\",\"url\":\"https:\/\/www.spaestonia.ee\/medical\/wp-content\/uploads\/2025\/02\/medical.jpg\",\"contentUrl\":\"https:\/\/www.spaestonia.ee\/medical\/wp-content\/uploads\/2025\/02\/medical.jpg\",\"width\":700,\"height\":450,\"caption\":\"ESTONIA Medical Spa & Hotel\"},\"image\":{\"@id\":\"https:\/\/www.spaestonia.ee\/medical\/fi\/#\/schema\/logo\/image\/\"},\"sameAs\":[\"https:\/\/www.facebook.com\/EstoniaMedicalSpa\"]}]}<\/script>\n<!-- \/ Yoast SEO plugin. -->","yoast_head_json":{"title":"PALOTURVALLISUUS - ESTONIA Medical Spa &amp; Hotel","robots":{"index":"index","follow":"follow","max-snippet":"max-snippet:-1","max-image-preview":"max-image-preview:large","max-video-preview":"max-video-preview:-1"},"canonical":"https:\/\/www.spaestonia.ee\/medical\/fi\/paloturvallisuus\/","og_locale":"fi_FI","og_type":"article","og_title":"PALOTURVALLISUUS - ESTONIA Medical Spa &amp; Hotel","og_description":"Hotelli on varustettu nykyaikaisimmilla palosammuttimilla ja paloturvallisuuslaitteilla. Tulipalon sattuessa kuuluu yht\u00e4jaksoinen h\u00e4lytysmerkki\u00e4\u00e4ni. Lukekaa seuraavat paloturvallisuusohjeet&hellip;","og_url":"https:\/\/www.spaestonia.ee\/medical\/fi\/paloturvallisuus\/","og_site_name":"ESTONIA Medical Spa &amp; Hotel","article_publisher":"https:\/\/www.facebook.com\/EstoniaMedicalSpa","article_modified_time":"2023-10-25T12:35:42+00:00","twitter_card":"summary_large_image","twitter_misc":{"Arvioitu lukuaika":"1 minuutti"},"schema":{"@context":"https:\/\/schema.org","@graph":[{"@type":"WebPage","@id":"https:\/\/www.spaestonia.ee\/medical\/fi\/paloturvallisuus\/","url":"https:\/\/www.spaestonia.ee\/medical\/fi\/paloturvallisuus\/","name":"PALOTURVALLISUUS - ESTONIA Medical Spa &amp; Hotel","isPartOf":{"@id":"https:\/\/www.spaestonia.ee\/medical\/fi\/#website"},"datePublished":"2023-10-06T13:20:31+00:00","dateModified":"2023-10-25T12:35:42+00:00","breadcrumb":{"@id":"https:\/\/www.spaestonia.ee\/medical\/fi\/paloturvallisuus\/#breadcrumb"},"inLanguage":"fi","potentialAction":[{"@type":"ReadAction","target":["https:\/\/www.spaestonia.ee\/medical\/fi\/paloturvallisuus\/"]}]},{"@type":"BreadcrumbList","@id":"https:\/\/www.spaestonia.ee\/medical\/fi\/paloturvallisuus\/#breadcrumb","itemListElement":[{"@type":"ListItem","position":1,"name":"Home","item":"https:\/\/www.spaestonia.ee\/medical\/fi\/"},{"@type":"ListItem","position":2,"name":"PALOTURVALLISUUS"}]},{"@type":"WebSite","@id":"https:\/\/www.spaestonia.ee\/medical\/fi\/#website","url":"https:\/\/www.spaestonia.ee\/medical\/fi\/","name":"ESTONIA Medical Spa & Hotel","description":"Ravispaa - Terveyskylpyl\u00e4 - P\u00e4rnu","publisher":{"@id":"https:\/\/www.spaestonia.ee\/medical\/fi\/#organization"},"potentialAction":[{"@type":"SearchAction","target":{"@type":"EntryPoint","urlTemplate":"https:\/\/www.spaestonia.ee\/medical\/fi\/?s={search_term_string}"},"query-input":{"@type":"PropertyValueSpecification","valueRequired":true,"valueName":"search_term_string"}}],"inLanguage":"fi"},{"@type":"Organization","@id":"https:\/\/www.spaestonia.ee\/medical\/fi\/#organization","name":"ESTONIA Medical Spa & Hotel","url":"https:\/\/www.spaestonia.ee\/medical\/fi\/","logo":{"@type":"ImageObject","inLanguage":"fi","@id":"https:\/\/www.spaestonia.ee\/medical\/fi\/#\/schema\/logo\/image\/","url":"https:\/\/www.spaestonia.ee\/medical\/wp-content\/uploads\/2025\/02\/medical.jpg","contentUrl":"https:\/\/www.spaestonia.ee\/medical\/wp-content\/uploads\/2025\/02\/medical.jpg","width":700,"height":450,"caption":"ESTONIA Medical Spa & Hotel"},"image":{"@id":"https:\/\/www.spaestonia.ee\/medical\/fi\/#\/schema\/logo\/image\/"},"sameAs":["https:\/\/www.facebook.com\/EstoniaMedicalSpa"]}]}},"_links":{"self":[{"href":"https:\/\/www.spaestonia.ee\/medical\/fi\/wp-json\/wp\/v2\/pages\/19935","targetHints":{"allow":["GET"]}}],"collection":[{"href":"https:\/\/www.spaestonia.ee\/medical\/fi\/wp-json\/wp\/v2\/pages"}],"about":[{"href":"https:\/\/www.spaestonia.ee\/medical\/fi\/wp-json\/wp\/v2\/types\/page"}],"author":[{"embeddable":true,"href":"https:\/\/www.spaestonia.ee\/medical\/fi\/wp-json\/wp\/v2\/users\/16"}],"replies":[{"embeddable":true,"href":"https:\/\/www.spaestonia.ee\/medical\/fi\/wp-json\/wp\/v2\/comments?post=19935"}],"version-history":[{"count":1,"href":"https:\/\/www.spaestonia.ee\/medical\/fi\/wp-json\/wp\/v2\/pages\/19935\/revisions"}],"predecessor-version":[{"id":19936,"href":"https:\/\/www.spaestonia.ee\/medical\/fi\/wp-json\/wp\/v2\/pages\/19935\/revisions\/19936"}],"wp:attachment":[{"href":"https:\/\/www.spaestonia.ee\/medical\/fi\/wp-json\/wp\/v2\/media?parent=19935"}],"curies":[{"name":"wp","href":"https:\/\/api.w.org\/{rel}","templated":true}]}}