{"id":20104,"date":"2023-10-06T16:17:56","date_gmt":"2023-10-06T13:17:56","guid":{"rendered":"https:\/\/www.spaestonia.ee\/medical\/?page_id=20104"},"modified":"2023-11-22T15:53:23","modified_gmt":"2023-11-22T13:53:23","slug":"lemmikkielaimet","status":"publish","type":"page","link":"https:\/\/www.spaestonia.ee\/medical\/fi\/lemmikkielaimet\/","title":{"rendered":"LEMMIKKIEL\u00c4IMET"},"content":{"rendered":"<p>\u00c4lk\u00e4\u00e4 j\u00e4tt\u00e4k\u00f6 lemmikkiel\u00e4int\u00e4 hotellihuoneeseen valvomatta. Pakottavan tarpeen sattuessa pyyd\u00e4mme asettamaan k\u00e4yt\u00e4v\u00e4n puolelle ovenkahvaan kyltin: EI SAA H\u00c4IRIT\u00c4. Huoneesta poistuessanne pyyd\u00e4mme turvallisuuden vuoksi j\u00e4tt\u00e4m\u00e4\u00e4n lemmikin aina h\u00e4kkiin.<\/p>\n<p><strong>\u00bb\u00a0\u00a0<\/strong>Kun kuljette lemmikin kanssa hotellin alueella, pit\u00e4k\u00e4\u00e4 se kytkettyn\u00e4. El\u00e4imen j\u00e4t\u00f6kset tulee muovipussiin pakattuina heitt\u00e4\u00e4 l\u00e4himp\u00e4\u00e4n roskap\u00f6ntt\u00f6\u00f6n.<br \/>\n<strong>\u00bb\u00a0\u00a0<\/strong>Pyyd\u00e4mme lenkitt\u00e4m\u00e4\u00e4n lemmikki\u00e4 hotellin pys\u00e4k\u00f6intialueen ulkopuolella.<br \/>\n<strong>\u00bb\u00a0\u00a0<\/strong>Lemmikkiel\u00e4imi\u00e4 ei saa ottaa mukaan kylpyl\u00e4\u00e4n eik\u00e4 ravintolaan.<br \/>\n<strong>\u00bb\u00a0\u00a0<\/strong>Hotellilla on oikeus vaatia, ett\u00e4 omistaja poistuu h\u00e4iritsev\u00e4sti k\u00e4ytt\u00e4ytyv\u00e4n lemmikin kanssa hotellista (esim. koiran haukkuessa jatkuvasti).<br \/>\n<strong>\u00bb\u00a0\u00a0<\/strong>Hotellilla on oikeus vaatia lemmikin omistajalta lemmikkiel\u00e4imen aiheuttamien vahinkojen korvaamista mukaan luettuna lis\u00e4maksua, jos huone poistuttuanne vaatii suursiivousta (ml. kemiallinen puhdistus).<br \/>\n<strong>\u00bb\u00a0\u00a0<\/strong>Pyyd\u00e4mme ilmoittamaan hotellin vastaanottoon, jos haluatte, ett\u00e4 huoneellenne tehd\u00e4\u00e4n p\u00e4iv\u00e4siivous. P\u00e4iv\u00e4siivousta ei tehd\u00e4, mik\u00e4li siit\u00e4 ei ole sovittu etuk\u00e4teen. Hotellin ty\u00f6ntekij\u00f6iden turvallisuuden takaamiseksi lemmikkiel\u00e4in ei saa olla huoneessa siivouksen aikana.<br \/>\n<strong>\u00bb\u00a0\u00a0<\/strong>Kun pesette lemmikkiel\u00e4imen tassuja, k\u00e4ytt\u00e4k\u00e4\u00e4 tarkoitukseen varattuja tassupyyhkeit\u00e4.<br \/>\n<strong>\u00bb\u00a0\u00a0<\/strong>Lemmikkiel\u00e4in saa olla vain siin\u00e4 huoneessa, johon se on kirjattu.<br \/>\n<strong>\u00bb\u00a0\u00a0<\/strong>Lemmikkimaksu on 20 euroa\/y\u00f6\/lemmikkiel\u00e4in. Lemmikkiel\u00e4int\u00e4 varten olemme laittaneet huoneeseen valmiiksi juomakippoja, pyyhkeen tassujen puhdistamista varten sek\u00e4 muovipusseja.<\/p>\n<p>Mik\u00e4li teill\u00e4 on kysytt\u00e4v\u00e4\u00e4, soittakaa hotellin vastaanottoon sis\u00e4numeroon 915 tai puhelimella numeroon +372 447 6915.<\/p>\n<p>&nbsp;<\/p>\n","protected":false},"excerpt":{"rendered":"<p>\u00c4lk\u00e4\u00e4 j\u00e4tt\u00e4k\u00f6 lemmikkiel\u00e4int\u00e4 hotellihuoneeseen valvomatta. Pakottavan tarpeen sattuessa pyyd\u00e4mme asettamaan k\u00e4yt\u00e4v\u00e4n puolelle ovenkahvaan kyltin: EI&hellip;<\/p>\n","protected":false},"author":16,"featured_media":0,"parent":0,"menu_order":0,"comment_status":"closed","ping_status":"closed","template":"","meta":{"footnotes":""},"class_list":["post-20104","page","type-page","status-publish","hentry"],"yoast_head":"<!-- This site is optimized with the Yoast SEO plugin v26.3 - https:\/\/yoast.com\/wordpress\/plugins\/seo\/ -->\n<title>LEMMIKKIEL\u00c4IMET - ESTONIA Medical Spa &amp; Hotel<\/title>\n<meta name=\"robots\" content=\"index, follow, max-snippet:-1, max-image-preview:large, max-video-preview:-1\" \/>\n<link rel=\"canonical\" href=\"https:\/\/www.spaestonia.ee\/medical\/fi\/lemmikkielaimet\/\" \/>\n<meta property=\"og:locale\" content=\"fi_FI\" \/>\n<meta property=\"og:type\" content=\"article\" \/>\n<meta property=\"og:title\" content=\"LEMMIKKIEL\u00c4IMET - ESTONIA Medical Spa &amp; Hotel\" \/>\n<meta property=\"og:description\" content=\"\u00c4lk\u00e4\u00e4 j\u00e4tt\u00e4k\u00f6 lemmikkiel\u00e4int\u00e4 hotellihuoneeseen valvomatta. Pakottavan tarpeen sattuessa pyyd\u00e4mme asettamaan k\u00e4yt\u00e4v\u00e4n puolelle ovenkahvaan kyltin: EI&hellip;\" \/>\n<meta property=\"og:url\" content=\"https:\/\/www.spaestonia.ee\/medical\/fi\/lemmikkielaimet\/\" \/>\n<meta property=\"og:site_name\" content=\"ESTONIA Medical Spa &amp; Hotel\" \/>\n<meta property=\"article:publisher\" content=\"https:\/\/www.facebook.com\/EstoniaMedicalSpa\" \/>\n<meta property=\"article:modified_time\" content=\"2023-11-22T13:53:23+00:00\" \/>\n<meta name=\"twitter:card\" content=\"summary_large_image\" \/>\n<meta name=\"twitter:label1\" content=\"Arvioitu lukuaika\" \/>\n\t<meta name=\"twitter:data1\" content=\"1 minuutti\" \/>\n<script type=\"application\/ld+json\" class=\"yoast-schema-graph\">{\"@context\":\"https:\/\/schema.org\",\"@graph\":[{\"@type\":\"WebPage\",\"@id\":\"https:\/\/www.spaestonia.ee\/medical\/fi\/lemmikkielaimet\/\",\"url\":\"https:\/\/www.spaestonia.ee\/medical\/fi\/lemmikkielaimet\/\",\"name\":\"LEMMIKKIEL\u00c4IMET - ESTONIA Medical Spa &amp; Hotel\",\"isPartOf\":{\"@id\":\"https:\/\/www.spaestonia.ee\/medical\/fi\/#website\"},\"datePublished\":\"2023-10-06T13:17:56+00:00\",\"dateModified\":\"2023-11-22T13:53:23+00:00\",\"breadcrumb\":{\"@id\":\"https:\/\/www.spaestonia.ee\/medical\/fi\/lemmikkielaimet\/#breadcrumb\"},\"inLanguage\":\"fi\",\"potentialAction\":[{\"@type\":\"ReadAction\",\"target\":[\"https:\/\/www.spaestonia.ee\/medical\/fi\/lemmikkielaimet\/\"]}]},{\"@type\":\"BreadcrumbList\",\"@id\":\"https:\/\/www.spaestonia.ee\/medical\/fi\/lemmikkielaimet\/#breadcrumb\",\"itemListElement\":[{\"@type\":\"ListItem\",\"position\":1,\"name\":\"Home\",\"item\":\"https:\/\/www.spaestonia.ee\/medical\/fi\/\"},{\"@type\":\"ListItem\",\"position\":2,\"name\":\"LEMMIKKIEL\u00c4IMET\"}]},{\"@type\":\"WebSite\",\"@id\":\"https:\/\/www.spaestonia.ee\/medical\/fi\/#website\",\"url\":\"https:\/\/www.spaestonia.ee\/medical\/fi\/\",\"name\":\"ESTONIA Medical Spa & Hotel\",\"description\":\"Ravispaa - Terveyskylpyl\u00e4 - P\u00e4rnu\",\"publisher\":{\"@id\":\"https:\/\/www.spaestonia.ee\/medical\/fi\/#organization\"},\"potentialAction\":[{\"@type\":\"SearchAction\",\"target\":{\"@type\":\"EntryPoint\",\"urlTemplate\":\"https:\/\/www.spaestonia.ee\/medical\/fi\/?s={search_term_string}\"},\"query-input\":{\"@type\":\"PropertyValueSpecification\",\"valueRequired\":true,\"valueName\":\"search_term_string\"}}],\"inLanguage\":\"fi\"},{\"@type\":\"Organization\",\"@id\":\"https:\/\/www.spaestonia.ee\/medical\/fi\/#organization\",\"name\":\"ESTONIA Medical Spa & Hotel\",\"url\":\"https:\/\/www.spaestonia.ee\/medical\/fi\/\",\"logo\":{\"@type\":\"ImageObject\",\"inLanguage\":\"fi\",\"@id\":\"https:\/\/www.spaestonia.ee\/medical\/fi\/#\/schema\/logo\/image\/\",\"url\":\"https:\/\/www.spaestonia.ee\/medical\/wp-content\/uploads\/2025\/02\/medical.jpg\",\"contentUrl\":\"https:\/\/www.spaestonia.ee\/medical\/wp-content\/uploads\/2025\/02\/medical.jpg\",\"width\":700,\"height\":450,\"caption\":\"ESTONIA Medical Spa & Hotel\"},\"image\":{\"@id\":\"https:\/\/www.spaestonia.ee\/medical\/fi\/#\/schema\/logo\/image\/\"},\"sameAs\":[\"https:\/\/www.facebook.com\/EstoniaMedicalSpa\"]}]}<\/script>\n<!-- \/ Yoast SEO plugin. -->","yoast_head_json":{"title":"LEMMIKKIEL\u00c4IMET - ESTONIA Medical Spa &amp; Hotel","robots":{"index":"index","follow":"follow","max-snippet":"max-snippet:-1","max-image-preview":"max-image-preview:large","max-video-preview":"max-video-preview:-1"},"canonical":"https:\/\/www.spaestonia.ee\/medical\/fi\/lemmikkielaimet\/","og_locale":"fi_FI","og_type":"article","og_title":"LEMMIKKIEL\u00c4IMET - ESTONIA Medical Spa &amp; Hotel","og_description":"\u00c4lk\u00e4\u00e4 j\u00e4tt\u00e4k\u00f6 lemmikkiel\u00e4int\u00e4 hotellihuoneeseen valvomatta. Pakottavan tarpeen sattuessa pyyd\u00e4mme asettamaan k\u00e4yt\u00e4v\u00e4n puolelle ovenkahvaan kyltin: EI&hellip;","og_url":"https:\/\/www.spaestonia.ee\/medical\/fi\/lemmikkielaimet\/","og_site_name":"ESTONIA Medical Spa &amp; Hotel","article_publisher":"https:\/\/www.facebook.com\/EstoniaMedicalSpa","article_modified_time":"2023-11-22T13:53:23+00:00","twitter_card":"summary_large_image","twitter_misc":{"Arvioitu lukuaika":"1 minuutti"},"schema":{"@context":"https:\/\/schema.org","@graph":[{"@type":"WebPage","@id":"https:\/\/www.spaestonia.ee\/medical\/fi\/lemmikkielaimet\/","url":"https:\/\/www.spaestonia.ee\/medical\/fi\/lemmikkielaimet\/","name":"LEMMIKKIEL\u00c4IMET - ESTONIA Medical Spa &amp; Hotel","isPartOf":{"@id":"https:\/\/www.spaestonia.ee\/medical\/fi\/#website"},"datePublished":"2023-10-06T13:17:56+00:00","dateModified":"2023-11-22T13:53:23+00:00","breadcrumb":{"@id":"https:\/\/www.spaestonia.ee\/medical\/fi\/lemmikkielaimet\/#breadcrumb"},"inLanguage":"fi","potentialAction":[{"@type":"ReadAction","target":["https:\/\/www.spaestonia.ee\/medical\/fi\/lemmikkielaimet\/"]}]},{"@type":"BreadcrumbList","@id":"https:\/\/www.spaestonia.ee\/medical\/fi\/lemmikkielaimet\/#breadcrumb","itemListElement":[{"@type":"ListItem","position":1,"name":"Home","item":"https:\/\/www.spaestonia.ee\/medical\/fi\/"},{"@type":"ListItem","position":2,"name":"LEMMIKKIEL\u00c4IMET"}]},{"@type":"WebSite","@id":"https:\/\/www.spaestonia.ee\/medical\/fi\/#website","url":"https:\/\/www.spaestonia.ee\/medical\/fi\/","name":"ESTONIA Medical Spa & Hotel","description":"Ravispaa - Terveyskylpyl\u00e4 - P\u00e4rnu","publisher":{"@id":"https:\/\/www.spaestonia.ee\/medical\/fi\/#organization"},"potentialAction":[{"@type":"SearchAction","target":{"@type":"EntryPoint","urlTemplate":"https:\/\/www.spaestonia.ee\/medical\/fi\/?s={search_term_string}"},"query-input":{"@type":"PropertyValueSpecification","valueRequired":true,"valueName":"search_term_string"}}],"inLanguage":"fi"},{"@type":"Organization","@id":"https:\/\/www.spaestonia.ee\/medical\/fi\/#organization","name":"ESTONIA Medical Spa & Hotel","url":"https:\/\/www.spaestonia.ee\/medical\/fi\/","logo":{"@type":"ImageObject","inLanguage":"fi","@id":"https:\/\/www.spaestonia.ee\/medical\/fi\/#\/schema\/logo\/image\/","url":"https:\/\/www.spaestonia.ee\/medical\/wp-content\/uploads\/2025\/02\/medical.jpg","contentUrl":"https:\/\/www.spaestonia.ee\/medical\/wp-content\/uploads\/2025\/02\/medical.jpg","width":700,"height":450,"caption":"ESTONIA Medical Spa & Hotel"},"image":{"@id":"https:\/\/www.spaestonia.ee\/medical\/fi\/#\/schema\/logo\/image\/"},"sameAs":["https:\/\/www.facebook.com\/EstoniaMedicalSpa"]}]}},"_links":{"self":[{"href":"https:\/\/www.spaestonia.ee\/medical\/fi\/wp-json\/wp\/v2\/pages\/20104","targetHints":{"allow":["GET"]}}],"collection":[{"href":"https:\/\/www.spaestonia.ee\/medical\/fi\/wp-json\/wp\/v2\/pages"}],"about":[{"href":"https:\/\/www.spaestonia.ee\/medical\/fi\/wp-json\/wp\/v2\/types\/page"}],"author":[{"embeddable":true,"href":"https:\/\/www.spaestonia.ee\/medical\/fi\/wp-json\/wp\/v2\/users\/16"}],"replies":[{"embeddable":true,"href":"https:\/\/www.spaestonia.ee\/medical\/fi\/wp-json\/wp\/v2\/comments?post=20104"}],"version-history":[{"count":1,"href":"https:\/\/www.spaestonia.ee\/medical\/fi\/wp-json\/wp\/v2\/pages\/20104\/revisions"}],"predecessor-version":[{"id":20105,"href":"https:\/\/www.spaestonia.ee\/medical\/fi\/wp-json\/wp\/v2\/pages\/20104\/revisions\/20105"}],"wp:attachment":[{"href":"https:\/\/www.spaestonia.ee\/medical\/fi\/wp-json\/wp\/v2\/media?parent=20104"}],"curies":[{"name":"wp","href":"https:\/\/api.w.org\/{rel}","templated":true}]}}