{"id":21300,"date":"2015-01-03T12:00:14","date_gmt":"2015-01-03T10:00:14","guid":{"rendered":"https:\/\/www.spaestonia.ee\/medical\/?page_id=21300"},"modified":"2024-08-06T14:49:57","modified_gmt":"2024-08-06T11:49:57","slug":"terveyskylpyla","status":"publish","type":"page","link":"https:\/\/www.spaestonia.ee\/medical\/fi\/terveyskylpyla\/","title":{"rendered":"Terveyskylpyl\u00e4"},"content":{"rendered":"<p>T\u00e4\u00e4ll\u00e4 lomailtaessa voi saada neuvoja l\u00e4\u00e4k\u00e4reilt\u00e4, huolehdintaa kokeneilta asiakaspalvelijoilta ja nauttia kylpyl\u00e4keskus TERMIDIN saunoista ja veden iloista. Uuden ajan kylpyl\u00e4l\u00e4\u00e4ketiede tarjoaa monia uusia mahdollisuuksia: hoitopaketteihin kuuluu l\u00e4\u00e4ketieteellinen konsultaatio, hoitokortin koostaminen ja my\u00f6s sen mukaiset hoidot. Valikoimassamme on erilaisia hierontoja, liikunta-, vesi-, l\u00e4mp\u00f6-, suola- ja valohoito sek\u00e4 fysioterapia. Lis\u00e4ksi mahdollisuus tehd\u00e4 erilaisia verikokeita.<\/p>\n<hr \/>\n<p><strong>Mik\u00e4 terveyskylpyl\u00e4 on?<\/strong><\/p>\n<p>Terveyskylpyl\u00e4 on Viron terveysviraston toimiluvalla toimiva laitos sairaalan ulkopuolisen kuntoutuksen tarjoamiseen. L\u00e4\u00e4k\u00e4ri arvioi potilaan terveydellist\u00e4 tilaa, toiminnallista selviytymist\u00e4 ja m\u00e4\u00e4r\u00e4\u00e4 hoitosuunnitelman. Terveyskylpyl\u00e4ss\u00e4 tehd\u00e4\u00e4n my\u00f6s diagnostisia tutkimuksia.<\/p>\n<p><strong>Moderni terveyskylpyl\u00e4 <\/strong>yhdist\u00e4\u00e4 luonnollisten hoitov\u00e4lineiden k\u00e4yt\u00f6n moderniin teknologiaan ja historialliset kokemukset n\u00e4ytt\u00f6\u00f6n perustuvaan l\u00e4\u00e4ketieteeseen. Terveyskylpyl\u00e4lle ominaista on <strong>paikallisten luonnollisten hoitomenetelmien ja veden terapeuttinen k\u00e4ytt\u00f6<\/strong>. Virolaisten terveyskylpyl\u00f6iden ominaispiirre on kylpyl\u00e4hoitomenetelmien moniosainen k\u00e4ytt\u00f6.<\/p>\n<p><strong>Ennaltaehk\u00e4isev\u00e4 hoito<\/strong>\u00a0on hoito- ja neuvontapalvelu henkil\u00f6ille, joilla on suuri sairastumisriski. Sen tavoitteena on v\u00e4hent\u00e4\u00e4 sairastumisriski\u00e4. Ennaltaehk\u00e4isev\u00e4ss\u00e4 hoidossa el\u00e4m\u00e4ntapaneuvonnalla ja emotionaalisen stressin hallintamenetelmill\u00e4 on suuri rooli.<\/p>\n<p>Terveyskylpyl\u00e4n hoitokonseptissa t\u00e4rke\u00e4ss\u00e4 asemassa on <strong>liikunta ja fyysinen harjoittelu<\/strong>. Fyysinen aktiivisuus parantaa tai s\u00e4ilytt\u00e4\u00e4 terveytt\u00e4 sek\u00e4 biokemiallis-hormonaalisella ett\u00e4 elinten (syd\u00e4n- ja verisuoni-, hengitys-, tukielimet) toiminta- ja psyko-emotionaalisella tasolla. Tavoitteena on toisaalta nopeuttaa sairaustiloista toipumista tai s\u00e4ilytt\u00e4\u00e4 saavutettu ja toisaalta ottaa potilas aktiivisesti mukaan hoitoprosessiin. Yht\u00e4 t\u00e4rke\u00e4\u00e4 kuin s\u00e4\u00e4nn\u00f6llinen liikunta on tieto, ett\u00e4 eniten paranemiseen voi vaikuttaa itse.<\/p>\n","protected":false},"excerpt":{"rendered":"<p>T\u00e4\u00e4ll\u00e4 lomailtaessa voi saada neuvoja l\u00e4\u00e4k\u00e4reilt\u00e4, huolehdintaa kokeneilta asiakaspalvelijoilta ja nauttia kylpyl\u00e4keskus TERMIDIN saunoista ja&hellip;<\/p>\n","protected":false},"author":16,"featured_media":0,"parent":0,"menu_order":0,"comment_status":"closed","ping_status":"open","template":"","meta":{"footnotes":""},"class_list":["post-21300","page","type-page","status-publish","hentry"],"yoast_head":"<!-- This site is optimized with the Yoast SEO plugin v26.3 - https:\/\/yoast.com\/wordpress\/plugins\/seo\/ -->\n<title>Terveyskylpyl\u00e4 - ESTONIA Medical Spa &amp; Hotel<\/title>\n<meta name=\"robots\" content=\"index, follow, max-snippet:-1, max-image-preview:large, max-video-preview:-1\" \/>\n<link rel=\"canonical\" href=\"https:\/\/www.spaestonia.ee\/medical\/fi\/terveyskylpyla\/\" \/>\n<meta property=\"og:locale\" content=\"fi_FI\" \/>\n<meta property=\"og:type\" content=\"article\" \/>\n<meta property=\"og:title\" content=\"Terveyskylpyl\u00e4 - ESTONIA Medical Spa &amp; Hotel\" \/>\n<meta property=\"og:description\" content=\"T\u00e4\u00e4ll\u00e4 lomailtaessa voi saada neuvoja l\u00e4\u00e4k\u00e4reilt\u00e4, huolehdintaa kokeneilta asiakaspalvelijoilta ja nauttia kylpyl\u00e4keskus TERMIDIN saunoista ja&hellip;\" \/>\n<meta property=\"og:url\" content=\"https:\/\/www.spaestonia.ee\/medical\/fi\/terveyskylpyla\/\" \/>\n<meta property=\"og:site_name\" content=\"ESTONIA Medical Spa &amp; Hotel\" \/>\n<meta property=\"article:publisher\" content=\"https:\/\/www.facebook.com\/EstoniaMedicalSpa\" \/>\n<meta property=\"article:modified_time\" content=\"2024-08-06T11:49:57+00:00\" \/>\n<meta name=\"twitter:card\" content=\"summary_large_image\" \/>\n<meta name=\"twitter:label1\" content=\"Arvioitu lukuaika\" \/>\n\t<meta name=\"twitter:data1\" content=\"1 minuutti\" \/>\n<script type=\"application\/ld+json\" class=\"yoast-schema-graph\">{\"@context\":\"https:\/\/schema.org\",\"@graph\":[{\"@type\":\"WebPage\",\"@id\":\"https:\/\/www.spaestonia.ee\/medical\/fi\/terveyskylpyla\/\",\"url\":\"https:\/\/www.spaestonia.ee\/medical\/fi\/terveyskylpyla\/\",\"name\":\"Terveyskylpyl\u00e4 - ESTONIA Medical Spa &amp; Hotel\",\"isPartOf\":{\"@id\":\"https:\/\/www.spaestonia.ee\/medical\/fi\/#website\"},\"datePublished\":\"2015-01-03T10:00:14+00:00\",\"dateModified\":\"2024-08-06T11:49:57+00:00\",\"breadcrumb\":{\"@id\":\"https:\/\/www.spaestonia.ee\/medical\/fi\/terveyskylpyla\/#breadcrumb\"},\"inLanguage\":\"fi\",\"potentialAction\":[{\"@type\":\"ReadAction\",\"target\":[\"https:\/\/www.spaestonia.ee\/medical\/fi\/terveyskylpyla\/\"]}]},{\"@type\":\"BreadcrumbList\",\"@id\":\"https:\/\/www.spaestonia.ee\/medical\/fi\/terveyskylpyla\/#breadcrumb\",\"itemListElement\":[{\"@type\":\"ListItem\",\"position\":1,\"name\":\"Home\",\"item\":\"https:\/\/www.spaestonia.ee\/medical\/fi\/\"},{\"@type\":\"ListItem\",\"position\":2,\"name\":\"Terveyskylpyl\u00e4\"}]},{\"@type\":\"WebSite\",\"@id\":\"https:\/\/www.spaestonia.ee\/medical\/fi\/#website\",\"url\":\"https:\/\/www.spaestonia.ee\/medical\/fi\/\",\"name\":\"ESTONIA Medical Spa & Hotel\",\"description\":\"Ravispaa - Terveyskylpyl\u00e4 - P\u00e4rnu\",\"publisher\":{\"@id\":\"https:\/\/www.spaestonia.ee\/medical\/fi\/#organization\"},\"potentialAction\":[{\"@type\":\"SearchAction\",\"target\":{\"@type\":\"EntryPoint\",\"urlTemplate\":\"https:\/\/www.spaestonia.ee\/medical\/fi\/?s={search_term_string}\"},\"query-input\":{\"@type\":\"PropertyValueSpecification\",\"valueRequired\":true,\"valueName\":\"search_term_string\"}}],\"inLanguage\":\"fi\"},{\"@type\":\"Organization\",\"@id\":\"https:\/\/www.spaestonia.ee\/medical\/fi\/#organization\",\"name\":\"ESTONIA Medical Spa & Hotel\",\"url\":\"https:\/\/www.spaestonia.ee\/medical\/fi\/\",\"logo\":{\"@type\":\"ImageObject\",\"inLanguage\":\"fi\",\"@id\":\"https:\/\/www.spaestonia.ee\/medical\/fi\/#\/schema\/logo\/image\/\",\"url\":\"https:\/\/www.spaestonia.ee\/medical\/wp-content\/uploads\/2025\/02\/medical.jpg\",\"contentUrl\":\"https:\/\/www.spaestonia.ee\/medical\/wp-content\/uploads\/2025\/02\/medical.jpg\",\"width\":700,\"height\":450,\"caption\":\"ESTONIA Medical Spa & Hotel\"},\"image\":{\"@id\":\"https:\/\/www.spaestonia.ee\/medical\/fi\/#\/schema\/logo\/image\/\"},\"sameAs\":[\"https:\/\/www.facebook.com\/EstoniaMedicalSpa\"]}]}<\/script>\n<!-- \/ Yoast SEO plugin. -->","yoast_head_json":{"title":"Terveyskylpyl\u00e4 - ESTONIA Medical Spa &amp; Hotel","robots":{"index":"index","follow":"follow","max-snippet":"max-snippet:-1","max-image-preview":"max-image-preview:large","max-video-preview":"max-video-preview:-1"},"canonical":"https:\/\/www.spaestonia.ee\/medical\/fi\/terveyskylpyla\/","og_locale":"fi_FI","og_type":"article","og_title":"Terveyskylpyl\u00e4 - ESTONIA Medical Spa &amp; Hotel","og_description":"T\u00e4\u00e4ll\u00e4 lomailtaessa voi saada neuvoja l\u00e4\u00e4k\u00e4reilt\u00e4, huolehdintaa kokeneilta asiakaspalvelijoilta ja nauttia kylpyl\u00e4keskus TERMIDIN saunoista ja&hellip;","og_url":"https:\/\/www.spaestonia.ee\/medical\/fi\/terveyskylpyla\/","og_site_name":"ESTONIA Medical Spa &amp; Hotel","article_publisher":"https:\/\/www.facebook.com\/EstoniaMedicalSpa","article_modified_time":"2024-08-06T11:49:57+00:00","twitter_card":"summary_large_image","twitter_misc":{"Arvioitu lukuaika":"1 minuutti"},"schema":{"@context":"https:\/\/schema.org","@graph":[{"@type":"WebPage","@id":"https:\/\/www.spaestonia.ee\/medical\/fi\/terveyskylpyla\/","url":"https:\/\/www.spaestonia.ee\/medical\/fi\/terveyskylpyla\/","name":"Terveyskylpyl\u00e4 - ESTONIA Medical Spa &amp; Hotel","isPartOf":{"@id":"https:\/\/www.spaestonia.ee\/medical\/fi\/#website"},"datePublished":"2015-01-03T10:00:14+00:00","dateModified":"2024-08-06T11:49:57+00:00","breadcrumb":{"@id":"https:\/\/www.spaestonia.ee\/medical\/fi\/terveyskylpyla\/#breadcrumb"},"inLanguage":"fi","potentialAction":[{"@type":"ReadAction","target":["https:\/\/www.spaestonia.ee\/medical\/fi\/terveyskylpyla\/"]}]},{"@type":"BreadcrumbList","@id":"https:\/\/www.spaestonia.ee\/medical\/fi\/terveyskylpyla\/#breadcrumb","itemListElement":[{"@type":"ListItem","position":1,"name":"Home","item":"https:\/\/www.spaestonia.ee\/medical\/fi\/"},{"@type":"ListItem","position":2,"name":"Terveyskylpyl\u00e4"}]},{"@type":"WebSite","@id":"https:\/\/www.spaestonia.ee\/medical\/fi\/#website","url":"https:\/\/www.spaestonia.ee\/medical\/fi\/","name":"ESTONIA Medical Spa & Hotel","description":"Ravispaa - Terveyskylpyl\u00e4 - P\u00e4rnu","publisher":{"@id":"https:\/\/www.spaestonia.ee\/medical\/fi\/#organization"},"potentialAction":[{"@type":"SearchAction","target":{"@type":"EntryPoint","urlTemplate":"https:\/\/www.spaestonia.ee\/medical\/fi\/?s={search_term_string}"},"query-input":{"@type":"PropertyValueSpecification","valueRequired":true,"valueName":"search_term_string"}}],"inLanguage":"fi"},{"@type":"Organization","@id":"https:\/\/www.spaestonia.ee\/medical\/fi\/#organization","name":"ESTONIA Medical Spa & Hotel","url":"https:\/\/www.spaestonia.ee\/medical\/fi\/","logo":{"@type":"ImageObject","inLanguage":"fi","@id":"https:\/\/www.spaestonia.ee\/medical\/fi\/#\/schema\/logo\/image\/","url":"https:\/\/www.spaestonia.ee\/medical\/wp-content\/uploads\/2025\/02\/medical.jpg","contentUrl":"https:\/\/www.spaestonia.ee\/medical\/wp-content\/uploads\/2025\/02\/medical.jpg","width":700,"height":450,"caption":"ESTONIA Medical Spa & Hotel"},"image":{"@id":"https:\/\/www.spaestonia.ee\/medical\/fi\/#\/schema\/logo\/image\/"},"sameAs":["https:\/\/www.facebook.com\/EstoniaMedicalSpa"]}]}},"_links":{"self":[{"href":"https:\/\/www.spaestonia.ee\/medical\/fi\/wp-json\/wp\/v2\/pages\/21300","targetHints":{"allow":["GET"]}}],"collection":[{"href":"https:\/\/www.spaestonia.ee\/medical\/fi\/wp-json\/wp\/v2\/pages"}],"about":[{"href":"https:\/\/www.spaestonia.ee\/medical\/fi\/wp-json\/wp\/v2\/types\/page"}],"author":[{"embeddable":true,"href":"https:\/\/www.spaestonia.ee\/medical\/fi\/wp-json\/wp\/v2\/users\/16"}],"replies":[{"embeddable":true,"href":"https:\/\/www.spaestonia.ee\/medical\/fi\/wp-json\/wp\/v2\/comments?post=21300"}],"version-history":[{"count":1,"href":"https:\/\/www.spaestonia.ee\/medical\/fi\/wp-json\/wp\/v2\/pages\/21300\/revisions"}],"predecessor-version":[{"id":21301,"href":"https:\/\/www.spaestonia.ee\/medical\/fi\/wp-json\/wp\/v2\/pages\/21300\/revisions\/21301"}],"wp:attachment":[{"href":"https:\/\/www.spaestonia.ee\/medical\/fi\/wp-json\/wp\/v2\/media?parent=21300"}],"curies":[{"name":"wp","href":"https:\/\/api.w.org\/{rel}","templated":true}]}}