{"id":23062,"date":"2025-12-12T09:06:37","date_gmt":"2025-12-12T07:06:37","guid":{"rendered":"https:\/\/www.spaestonia.ee\/medical\/?page_id=23062"},"modified":"2025-12-12T09:25:58","modified_gmt":"2025-12-12T07:25:58","slug":"kylpylapalveluiden-nauttimisen-hyva-kaytanto","status":"publish","type":"page","link":"https:\/\/www.spaestonia.ee\/medical\/fi\/terveyskylpyla-ja-kauneuspalvelut__trashed\/kylpylapalveluiden-nauttimisen-hyva-kaytanto\/","title":{"rendered":"Kylpyl\u00e4palveluiden nauttimisen hyv\u00e4 k\u00e4yt\u00e4nt\u00f6"},"content":{"rendered":"<p><strong>Tervetuloa ESTONIA Medical Spa &amp; Hoteliin! Pyyd\u00e4mme tutustumaan hyv\u00e4\u00e4n k\u00e4yt\u00e4nt\u00f6\u00f6mme, jotta kylpyl\u00e4palveluiden k\u00e4ytt\u00f6 sujuisi hyvin ja nautittavasti.<\/strong><\/p>\n<p><span style=\"font-size: 20px; color: #3366ff;\"><strong>Palveluiden varaus ja peruutus<\/strong><\/span><\/p>\n<ul>\n<li>Varmistaaksesi haluamasi hoidot, suosittelemme <strong>varaamaan ne ennakkoon<\/strong>.<br \/>\nValitse itsellesi sopiva hoito ja varaa ja maksa se mukavasti <a href=\"https:\/\/medical-spa.spaestonia.ee\/et\/avaleht\/\"><strong>VERKOSSA<\/strong><\/a>!<\/li>\n<li>Varaaminen puhelimitse tai s-postilla:<strong><br \/>\n<\/strong>&#8211; <a href=\"https:\/\/www.spaestonia.ee\/medical\/fi\/terveyskylpyla-ja-kauneuspalvelut\/hoidot-ja-tutkimukset\/\">Hoitotoimenpiteiden<\/a> ajat voi varata: <a href=\"mailto:ravip@spaestonia.ee\">ravip@spaestonia.ee<\/a> tai puh +372 447 6950.<br \/>\n&#8211; <a href=\"https:\/\/www.spaestonia.ee\/medical\/fi\/terveyskylpyla-ja-kauneuspalvelut\/kauneuspalvelut\/\">Kauneushoitojen<\/a> ajat voi varata: <a href=\"mailto:ilusalong@spaestonia.ee\">ilusalong@spaestonia.ee<\/a> tai puh +372 440 1015.<\/li>\n<li>Palvelut ja tuotteet voi maksaa paikan p\u00e4\u00e4ll\u00e4 k\u00e4teisell\u00e4 (euroissa), pankkikortilla ja lahjakortilla, paitsi VERKOSSA tehdyt varaukset, joiden maksu tapahtuu korttimaksulla tai pankkilinkill\u00e4.<\/li>\n<li>Jos suunnitelmasi muuttuvat, pyyd\u00e4mme <strong>perumaan <\/strong>varauksen<strong> viimeist\u00e4\u00e4n 48 tuntia <\/strong>ennen palvelun alkua (ennakkoon annettujen yhteystietojen kautta).<\/li>\n<li>Jos perumista ei tehd\u00e4 oikeaan aikaan tai palveluun ei saavuta, on hotellilla oikeus <strong>peri\u00e4 palvelun kokonaishinta<\/strong>.<\/li>\n<li><strong>Verkossa varattu ja maksettu palvelu <\/strong>tulee my\u00f6s perua viimeist\u00e4\u00e4n 48 h ennen l\u00e4hett\u00e4m\u00e4ll\u00e4 s-postin osoitteeseen <a href=\"mailto:medonline@spaestonia.ee\"><strong>medonline@spaestonia.ee<\/strong><\/a>. Jos aikaa ei peruta, uutta aikaa ei varata eik\u00e4 maksettua summaa palauteta.<\/li>\n<\/ul>\n<p><span style=\"font-size: 20px; color: #3366ff;\"><strong>Palveluiden aukioloajat ja sijainnit<\/strong><\/span><\/p>\n<ul>\n<li><strong>KAUNEUSHOITOLA<\/strong> \u2013 palvelut tarjotaan kauneushoitolassa <strong>A-rakennuksessa 1. kerroksessa<\/strong>.<strong><br \/>\n<\/strong>Kampaamo, manikyyri, pedikyyri, kosmetologi: ma-pe 9.00-17.00<br \/>\nVartalohoidot ja hieronnat: ma-pe 9.00-17.00; la 11.00-19.00; su 9.00-13.00<\/li>\n<li><strong>HOITOPALVELUT \u2013 <\/strong>tarjotaan hotellin eri tiloissa \u2014 saat tarkemmat tiedot <strong>hotellin vastaanotosta<\/strong>.<br \/>\nSuurinta osaa hoitopalveluista tarjotaan ma-pe 8.00-16.30, tiettyj\u00e4 hoitoja my\u00f6s la ja su (tarkemmat tiedot varattaessa)<\/li>\n<\/ul>\n<p><span style=\"font-size: 20px; color: #3366ff;\"><strong>Saapuminen ja valmistautuminen<\/strong><\/span><\/p>\n<ul>\n<li>Saavu hoitoon <strong>15 minuuttia ennen<\/strong>, jotta ehdit valmistautua rauhassa.<\/li>\n<li>Enint\u00e4\u00e4n 5 minuutin my\u00f6h\u00e4styminen lyhent\u00e4\u00e4 palveluaikaasi saman verran. Jos my\u00f6h\u00e4styt enemm\u00e4n, emme voi taata palvelun tarjoamista.<\/li>\n<li>Hoitohuoneiden l\u00e4heisyydess\u00e4 yrit\u00e4mme taata hiljaisen ja rauhallisen tunnelman: sen vuoksi pyyd\u00e4mme puhumaan hiljaa ja laittamaan k\u00e4nnyk\u00e4t \u00e4\u00e4nett\u00f6m\u00e4lle.<\/li>\n<li>Kylpyl\u00e4hoitoja ei suositella heti ruokailun j\u00e4lkeen.<\/li>\n<li>Pyyd\u00e4mme hoitoon tullessa poistamaan korut ja k\u00e4ym\u00e4\u00e4n ennen palvelua suihkussa tai saunassa \u2013 n\u00e4in hoito on tehokkaampi.<\/li>\n<\/ul>\n<p><span style=\"font-size: 20px; color: #3366ff;\"><strong>Terveys ja turvallisuus<\/strong><\/span><\/p>\n<ul>\n<li>Suosittelemme ennen hoidon varaamista varmistumaan, ettei Sinulla ole hoidon est\u00e4vi\u00e4 vasta-aiheita. Keskustele tarvittaessa oman l\u00e4\u00e4k\u00e4risi kanssa.<\/li>\n<li>Palveluun tullessasi ilmoita kylpyl\u00e4n asiakaspalvelijalle, jos Sinulla on jokin terveysongelma (esim. krooniset sairaudet, allergiat, viimeaikaset leikkaukset) tai tila, josta meid\u00e4n tulisi tiet\u00e4\u00e4 (raskaus, imetys jne.). Vain n\u00e4in voimme arvioida onko haluamasi palvelu Sinulle turvallinen ja sopiva ottaen huomioon terveydentilasi ja erikoistarpeesi.<\/li>\n<li>Kylpyl\u00e4hoidot eiv\u00e4t ole sallittuja seuraavissa terveystiloissa ja sairauksissa: akuutit yl\u00e4hengitysteiden sairaudet, kuume, tarttuvat ihosairaudet, kroonisten sairauksien pahenemisaika, akuutit tulehdukset (laitefysioterapiaa tehd\u00e4\u00e4n vain l\u00e4\u00e4kint\u00e4henkil\u00f6st\u00f6n m\u00e4\u00e4r\u00e4yksest\u00e4). Jos Sinulla on ep\u00e4ilyksi\u00e4, keskustele hoitoasiantuntijamme kanssa (l\u00e4\u00e4k\u00e4ri tai hoitaja).<\/li>\n<li>Kylpyl\u00e4n asiakaspalvelijalla on oikeus kielt\u00e4yty\u00e4 palvelemasta humalassa olevia vieraita; rahaa varatusta ja maksetusta palvelusta ei palauteta.<\/li>\n<\/ul>\n<p><span style=\"font-size: 20px; color: #3366ff;\"><strong>Mukavuus ja yksityisyys<\/strong><\/span><\/p>\n<ul>\n<li>Kylpyl\u00e4n asiakaspalvelijamme k\u00e4ytt\u00e4v\u00e4t laadukkaita ammattilaistuotteita ja kertovat ennen palvelua, mit\u00e4 tietty palvelu sis\u00e4lt\u00e4\u00e4 ja millainen sen vaikutus on.<\/li>\n<li>Halutessasi annamme vartalohoitoihin kertak\u00e4ytt\u00f6alusvaatteet.<\/li>\n<li>Kerro asiakaspalvelijalle rohkeasti toiveistasi ja olotilastasi: jos Sinulla on liian kylm\u00e4, kuuma tai jos hierontapaine tuntuu liian voimakkaalta tai kevyelt\u00e4.<\/li>\n<\/ul>\n<p><span style=\"font-size: 20px; color: #3366ff;\"><strong>Hoidon j\u00e4lkeen<\/strong><\/span><\/p>\n<ul>\n<li>Hoidon j\u00e4lkeen pyyd\u00e4mme poistumaan huoneesta kohtuullisessa ajassa, jotta voimme valmistella sen seuraavaa asiakasta varten.<\/li>\n<li>Hieronnan tai vartalohoidon j\u00e4lkeen emme suosittele menem\u00e4\u00e4n heti vesikeskukseen, jotta hoidon vaikutus ei v\u00e4henisi.<\/li>\n<li>Rohkaisemme aina jakamaan suosituksiasi ja palautettasi kylpyl\u00e4n asiakaspalvelijan, vastaanottovirkailijan tai hotellin johtajiston kanssa. Palautteesi auttaa meit\u00e4 tarjoamaan entist\u00e4kin parempaa palvelua ja muuttaa seuraavan vierailusi viel\u00e4kin nautittavammaksi.<\/li>\n<\/ul>\n<p>ESTONIA Medical Spa &amp; Hotelin henkil\u00f6st\u00f6 toivottaa Sinulle paljon positiivisia el\u00e4myksi\u00e4!<\/p>\n","protected":false},"excerpt":{"rendered":"<p>Tervetuloa ESTONIA Medical Spa &amp; Hoteliin! Pyyd\u00e4mme tutustumaan hyv\u00e4\u00e4n k\u00e4yt\u00e4nt\u00f6\u00f6mme, jotta kylpyl\u00e4palveluiden k\u00e4ytt\u00f6 sujuisi hyvin&hellip;<\/p>\n","protected":false},"author":16,"featured_media":0,"parent":21298,"menu_order":0,"comment_status":"closed","ping_status":"closed","template":"","meta":{"footnotes":""},"class_list":["post-23062","page","type-page","status-publish","hentry"],"yoast_head":"<!-- This site is optimized with the Yoast SEO plugin v26.3 - https:\/\/yoast.com\/wordpress\/plugins\/seo\/ -->\n<title>Kylpyl\u00e4palveluiden nauttimisen hyv\u00e4 k\u00e4yt\u00e4nt\u00f6 - ESTONIA Medical Spa &amp; Hotel<\/title>\n<meta name=\"robots\" content=\"index, follow, max-snippet:-1, max-image-preview:large, max-video-preview:-1\" \/>\n<link rel=\"canonical\" href=\"https:\/\/www.spaestonia.ee\/medical\/fi\/terveyskylpyla-ja-kauneuspalvelut__trashed\/kylpylapalveluiden-nauttimisen-hyva-kaytanto\/\" \/>\n<meta property=\"og:locale\" content=\"fi_FI\" \/>\n<meta property=\"og:type\" content=\"article\" \/>\n<meta property=\"og:title\" content=\"Kylpyl\u00e4palveluiden nauttimisen hyv\u00e4 k\u00e4yt\u00e4nt\u00f6 - ESTONIA Medical Spa &amp; Hotel\" \/>\n<meta property=\"og:description\" content=\"Tervetuloa ESTONIA Medical Spa &amp; Hoteliin! Pyyd\u00e4mme tutustumaan hyv\u00e4\u00e4n k\u00e4yt\u00e4nt\u00f6\u00f6mme, jotta kylpyl\u00e4palveluiden k\u00e4ytt\u00f6 sujuisi hyvin&hellip;\" \/>\n<meta property=\"og:url\" content=\"https:\/\/www.spaestonia.ee\/medical\/fi\/terveyskylpyla-ja-kauneuspalvelut__trashed\/kylpylapalveluiden-nauttimisen-hyva-kaytanto\/\" \/>\n<meta property=\"og:site_name\" content=\"ESTONIA Medical Spa &amp; Hotel\" \/>\n<meta property=\"article:publisher\" content=\"https:\/\/www.facebook.com\/EstoniaMedicalSpa\" \/>\n<meta property=\"article:modified_time\" content=\"2025-12-12T07:25:58+00:00\" \/>\n<meta name=\"twitter:card\" content=\"summary_large_image\" \/>\n<meta name=\"twitter:label1\" content=\"Arvioitu lukuaika\" \/>\n\t<meta name=\"twitter:data1\" content=\"3 minuuttia\" \/>\n<script type=\"application\/ld+json\" class=\"yoast-schema-graph\">{\"@context\":\"https:\/\/schema.org\",\"@graph\":[{\"@type\":\"WebPage\",\"@id\":\"https:\/\/www.spaestonia.ee\/medical\/fi\/terveyskylpyla-ja-kauneuspalvelut__trashed\/kylpylapalveluiden-nauttimisen-hyva-kaytanto\/\",\"url\":\"https:\/\/www.spaestonia.ee\/medical\/fi\/terveyskylpyla-ja-kauneuspalvelut__trashed\/kylpylapalveluiden-nauttimisen-hyva-kaytanto\/\",\"name\":\"Kylpyl\u00e4palveluiden nauttimisen hyv\u00e4 k\u00e4yt\u00e4nt\u00f6 - ESTONIA Medical Spa &amp; Hotel\",\"isPartOf\":{\"@id\":\"https:\/\/www.spaestonia.ee\/medical\/fi\/#website\"},\"datePublished\":\"2025-12-12T07:06:37+00:00\",\"dateModified\":\"2025-12-12T07:25:58+00:00\",\"breadcrumb\":{\"@id\":\"https:\/\/www.spaestonia.ee\/medical\/fi\/terveyskylpyla-ja-kauneuspalvelut__trashed\/kylpylapalveluiden-nauttimisen-hyva-kaytanto\/#breadcrumb\"},\"inLanguage\":\"fi\",\"potentialAction\":[{\"@type\":\"ReadAction\",\"target\":[\"https:\/\/www.spaestonia.ee\/medical\/fi\/terveyskylpyla-ja-kauneuspalvelut__trashed\/kylpylapalveluiden-nauttimisen-hyva-kaytanto\/\"]}]},{\"@type\":\"BreadcrumbList\",\"@id\":\"https:\/\/www.spaestonia.ee\/medical\/fi\/terveyskylpyla-ja-kauneuspalvelut__trashed\/kylpylapalveluiden-nauttimisen-hyva-kaytanto\/#breadcrumb\",\"itemListElement\":[{\"@type\":\"ListItem\",\"position\":1,\"name\":\"Home\",\"item\":\"https:\/\/www.spaestonia.ee\/medical\/fi\/\"},{\"@type\":\"ListItem\",\"position\":2,\"name\":\"Terveyskylpyl\u00e4 ja kauneuspalvelut\",\"item\":\"https:\/\/www.spaestonia.ee\/medical\/fi\/?page_id=21298\"},{\"@type\":\"ListItem\",\"position\":3,\"name\":\"Kylpyl\u00e4palveluiden nauttimisen hyv\u00e4 k\u00e4yt\u00e4nt\u00f6\"}]},{\"@type\":\"WebSite\",\"@id\":\"https:\/\/www.spaestonia.ee\/medical\/fi\/#website\",\"url\":\"https:\/\/www.spaestonia.ee\/medical\/fi\/\",\"name\":\"ESTONIA Medical Spa & Hotel\",\"description\":\"Ravispaa - Terveyskylpyl\u00e4 - P\u00e4rnu\",\"publisher\":{\"@id\":\"https:\/\/www.spaestonia.ee\/medical\/fi\/#organization\"},\"potentialAction\":[{\"@type\":\"SearchAction\",\"target\":{\"@type\":\"EntryPoint\",\"urlTemplate\":\"https:\/\/www.spaestonia.ee\/medical\/fi\/?s={search_term_string}\"},\"query-input\":{\"@type\":\"PropertyValueSpecification\",\"valueRequired\":true,\"valueName\":\"search_term_string\"}}],\"inLanguage\":\"fi\"},{\"@type\":\"Organization\",\"@id\":\"https:\/\/www.spaestonia.ee\/medical\/fi\/#organization\",\"name\":\"ESTONIA Medical Spa & Hotel\",\"url\":\"https:\/\/www.spaestonia.ee\/medical\/fi\/\",\"logo\":{\"@type\":\"ImageObject\",\"inLanguage\":\"fi\",\"@id\":\"https:\/\/www.spaestonia.ee\/medical\/fi\/#\/schema\/logo\/image\/\",\"url\":\"https:\/\/www.spaestonia.ee\/medical\/wp-content\/uploads\/2025\/02\/medical.jpg\",\"contentUrl\":\"https:\/\/www.spaestonia.ee\/medical\/wp-content\/uploads\/2025\/02\/medical.jpg\",\"width\":700,\"height\":450,\"caption\":\"ESTONIA Medical Spa & Hotel\"},\"image\":{\"@id\":\"https:\/\/www.spaestonia.ee\/medical\/fi\/#\/schema\/logo\/image\/\"},\"sameAs\":[\"https:\/\/www.facebook.com\/EstoniaMedicalSpa\"]}]}<\/script>\n<!-- \/ Yoast SEO plugin. -->","yoast_head_json":{"title":"Kylpyl\u00e4palveluiden nauttimisen hyv\u00e4 k\u00e4yt\u00e4nt\u00f6 - ESTONIA Medical Spa &amp; Hotel","robots":{"index":"index","follow":"follow","max-snippet":"max-snippet:-1","max-image-preview":"max-image-preview:large","max-video-preview":"max-video-preview:-1"},"canonical":"https:\/\/www.spaestonia.ee\/medical\/fi\/terveyskylpyla-ja-kauneuspalvelut__trashed\/kylpylapalveluiden-nauttimisen-hyva-kaytanto\/","og_locale":"fi_FI","og_type":"article","og_title":"Kylpyl\u00e4palveluiden nauttimisen hyv\u00e4 k\u00e4yt\u00e4nt\u00f6 - ESTONIA Medical Spa &amp; Hotel","og_description":"Tervetuloa ESTONIA Medical Spa &amp; Hoteliin! Pyyd\u00e4mme tutustumaan hyv\u00e4\u00e4n k\u00e4yt\u00e4nt\u00f6\u00f6mme, jotta kylpyl\u00e4palveluiden k\u00e4ytt\u00f6 sujuisi hyvin&hellip;","og_url":"https:\/\/www.spaestonia.ee\/medical\/fi\/terveyskylpyla-ja-kauneuspalvelut__trashed\/kylpylapalveluiden-nauttimisen-hyva-kaytanto\/","og_site_name":"ESTONIA Medical Spa &amp; Hotel","article_publisher":"https:\/\/www.facebook.com\/EstoniaMedicalSpa","article_modified_time":"2025-12-12T07:25:58+00:00","twitter_card":"summary_large_image","twitter_misc":{"Arvioitu lukuaika":"3 minuuttia"},"schema":{"@context":"https:\/\/schema.org","@graph":[{"@type":"WebPage","@id":"https:\/\/www.spaestonia.ee\/medical\/fi\/terveyskylpyla-ja-kauneuspalvelut__trashed\/kylpylapalveluiden-nauttimisen-hyva-kaytanto\/","url":"https:\/\/www.spaestonia.ee\/medical\/fi\/terveyskylpyla-ja-kauneuspalvelut__trashed\/kylpylapalveluiden-nauttimisen-hyva-kaytanto\/","name":"Kylpyl\u00e4palveluiden nauttimisen hyv\u00e4 k\u00e4yt\u00e4nt\u00f6 - ESTONIA Medical Spa &amp; Hotel","isPartOf":{"@id":"https:\/\/www.spaestonia.ee\/medical\/fi\/#website"},"datePublished":"2025-12-12T07:06:37+00:00","dateModified":"2025-12-12T07:25:58+00:00","breadcrumb":{"@id":"https:\/\/www.spaestonia.ee\/medical\/fi\/terveyskylpyla-ja-kauneuspalvelut__trashed\/kylpylapalveluiden-nauttimisen-hyva-kaytanto\/#breadcrumb"},"inLanguage":"fi","potentialAction":[{"@type":"ReadAction","target":["https:\/\/www.spaestonia.ee\/medical\/fi\/terveyskylpyla-ja-kauneuspalvelut__trashed\/kylpylapalveluiden-nauttimisen-hyva-kaytanto\/"]}]},{"@type":"BreadcrumbList","@id":"https:\/\/www.spaestonia.ee\/medical\/fi\/terveyskylpyla-ja-kauneuspalvelut__trashed\/kylpylapalveluiden-nauttimisen-hyva-kaytanto\/#breadcrumb","itemListElement":[{"@type":"ListItem","position":1,"name":"Home","item":"https:\/\/www.spaestonia.ee\/medical\/fi\/"},{"@type":"ListItem","position":2,"name":"Terveyskylpyl\u00e4 ja kauneuspalvelut","item":"https:\/\/www.spaestonia.ee\/medical\/fi\/?page_id=21298"},{"@type":"ListItem","position":3,"name":"Kylpyl\u00e4palveluiden nauttimisen hyv\u00e4 k\u00e4yt\u00e4nt\u00f6"}]},{"@type":"WebSite","@id":"https:\/\/www.spaestonia.ee\/medical\/fi\/#website","url":"https:\/\/www.spaestonia.ee\/medical\/fi\/","name":"ESTONIA Medical Spa & Hotel","description":"Ravispaa - Terveyskylpyl\u00e4 - P\u00e4rnu","publisher":{"@id":"https:\/\/www.spaestonia.ee\/medical\/fi\/#organization"},"potentialAction":[{"@type":"SearchAction","target":{"@type":"EntryPoint","urlTemplate":"https:\/\/www.spaestonia.ee\/medical\/fi\/?s={search_term_string}"},"query-input":{"@type":"PropertyValueSpecification","valueRequired":true,"valueName":"search_term_string"}}],"inLanguage":"fi"},{"@type":"Organization","@id":"https:\/\/www.spaestonia.ee\/medical\/fi\/#organization","name":"ESTONIA Medical Spa & Hotel","url":"https:\/\/www.spaestonia.ee\/medical\/fi\/","logo":{"@type":"ImageObject","inLanguage":"fi","@id":"https:\/\/www.spaestonia.ee\/medical\/fi\/#\/schema\/logo\/image\/","url":"https:\/\/www.spaestonia.ee\/medical\/wp-content\/uploads\/2025\/02\/medical.jpg","contentUrl":"https:\/\/www.spaestonia.ee\/medical\/wp-content\/uploads\/2025\/02\/medical.jpg","width":700,"height":450,"caption":"ESTONIA Medical Spa & Hotel"},"image":{"@id":"https:\/\/www.spaestonia.ee\/medical\/fi\/#\/schema\/logo\/image\/"},"sameAs":["https:\/\/www.facebook.com\/EstoniaMedicalSpa"]}]}},"_links":{"self":[{"href":"https:\/\/www.spaestonia.ee\/medical\/fi\/wp-json\/wp\/v2\/pages\/23062","targetHints":{"allow":["GET"]}}],"collection":[{"href":"https:\/\/www.spaestonia.ee\/medical\/fi\/wp-json\/wp\/v2\/pages"}],"about":[{"href":"https:\/\/www.spaestonia.ee\/medical\/fi\/wp-json\/wp\/v2\/types\/page"}],"author":[{"embeddable":true,"href":"https:\/\/www.spaestonia.ee\/medical\/fi\/wp-json\/wp\/v2\/users\/16"}],"replies":[{"embeddable":true,"href":"https:\/\/www.spaestonia.ee\/medical\/fi\/wp-json\/wp\/v2\/comments?post=23062"}],"version-history":[{"count":1,"href":"https:\/\/www.spaestonia.ee\/medical\/fi\/wp-json\/wp\/v2\/pages\/23062\/revisions"}],"predecessor-version":[{"id":23063,"href":"https:\/\/www.spaestonia.ee\/medical\/fi\/wp-json\/wp\/v2\/pages\/23062\/revisions\/23063"}],"up":[{"embeddable":true,"href":"https:\/\/www.spaestonia.ee\/medical\/fi\/wp-json\/wp\/v2\/pages\/21298"}],"wp:attachment":[{"href":"https:\/\/www.spaestonia.ee\/medical\/fi\/wp-json\/wp\/v2\/media?parent=23062"}],"curies":[{"name":"wp","href":"https:\/\/api.w.org\/{rel}","templated":true}]}}