{"id":844,"date":"2014-11-13T19:49:12","date_gmt":"2014-11-13T17:49:12","guid":{"rendered":"https:\/\/www.spaestonia.ee\/medical\/?page_id=844"},"modified":"2026-01-05T09:47:56","modified_gmt":"2026-01-05T07:47:56","slug":"estonia-spa-termid","status":"publish","type":"page","link":"https:\/\/www.spaestonia.ee\/medical\/fi\/estonia-spa-termid\/","title":{"rendered":"Spa-keskus TERMID"},"content":{"rendered":"<p><strong>Spa-keskus TERMID kaikki uima-altaat ja saunat ovat avoinna klo 7.30\u201321.30<\/strong>, ottamatta jokakuiset\u00a0<a href=\"https:\/\/www.spaestonia.ee\/medical\/fi\/estonia-spa-termid\/siivouspaivat\/\">huoltop\u00e4iv\u00e4t<\/a>.<\/p>\n<h3><strong style=\"font-size: 16px;\">HINNASTO\u00a0<\/strong><\/h3>\n<table style=\"width: 106.611%; height: 120px;\" width=\"725\">\n<tbody>\n<tr style=\"height: 24px;\">\n<td style=\"height: 24px;\" width=\"183\"><strong>Aukioloaika<\/strong><\/td>\n<td style=\"height: 24px;\" width=\"138\"><strong>Aikuinen<\/strong><\/td>\n<td style=\"height: 24px;\" width=\"127\"><strong>Lapsi (4\u201314v)<\/strong><\/td>\n<td style=\"height: 24px;\" width=\"140\"><strong>Alennuslippu *<\/strong><\/td>\n<td style=\"height: 24px;\" width=\"137\"><strong>Perhelippu**<\/strong><\/td>\n<\/tr>\n<tr style=\"height: 48px;\">\n<td style=\"height: 48px;\" width=\"183\"><strong>Maanantai-torstai<br \/>\n<\/strong>7.30-21.30<\/td>\n<td style=\"height: 48px;\" width=\"138\"><strong>15 \u20ac<\/strong><\/td>\n<td style=\"height: 48px;\" width=\"127\"><strong>9 \u20ac<\/strong><\/td>\n<td style=\"height: 48px;\" width=\"140\"><strong>13 \u20ac<\/strong><\/td>\n<td style=\"height: 48px;\" width=\"137\"><strong>39 \u20ac<\/strong><\/td>\n<\/tr>\n<tr style=\"height: 48px;\">\n<td style=\"height: 48px;\" width=\"183\"><strong>Perjantai-sunnuntai<br \/>\n<\/strong>7.30-21.30<\/td>\n<td style=\"height: 48px;\" width=\"138\"><strong>22 \u20ac<\/strong><\/td>\n<td style=\"height: 48px;\" width=\"127\"><strong>14 \u20ac<\/strong><\/td>\n<td style=\"height: 48px;\" width=\"140\"><strong>18 \u20ac<\/strong><\/td>\n<td style=\"height: 48px;\" width=\"137\"><strong>58 \u20ac<\/strong><\/td>\n<\/tr>\n<\/tbody>\n<\/table>\n<p>* El\u00e4kel\u00e4iset saavat alennusta esitt\u00e4m\u00e4ll\u00e4 Viron el\u00e4kel\u00e4iskortin ja opiskelijat 15-vuotiaasta alkaen esitt\u00e4m\u00e4ll\u00e4 opiskelija-\/ISIC-kortin.<br \/>\n* Perhelippu: 2 aikuista ja 2 lasta (4-14v.) tai 1 aikuinen ja 3 lasta (4-14v.)<br \/>\nLapset 0-3 v. maksutta lipun ostaneen aikuisen mukana.<\/p>\n<ul>\n<li><strong>Hinnat sis\u00e4lt\u00e4v\u00e4t 3 tunnin vierailun.<\/strong><\/li>\n<li>Viron juhlap\u00e4ivin\u00e4 on voimassa Pe-Su hinta: 24.02, 23.06, 24.06, 20.08, 24.12.<\/li>\n<\/ul>\n<h3><strong>Hotellin asiakkaat:<\/strong><\/h3>\n<ul>\n<li><strong>Hotellimajoituksen varannut asiakas\u00a0<\/strong>(ts. majoituspaketti ja aamiainen):<br \/>\n\u2013 TERMID-kylpyl\u00e4keskuksessa k\u00e4ynti rajoittamatta hotellissaoloaikana klo 7.30\u201321.30\u00a0<em>(saapumisp\u00e4iv\u00e4n\u00e4 alkaen klo 15.00 [sis\u00e4\u00e4nkirjautuminen] ja l\u00e4ht\u00f6p\u00e4iv\u00e4n\u00e4 sis\u00e4\u00e4np\u00e4\u00e4sy viimeist\u00e4\u00e4n klo 10).<\/em><\/li>\n<li><strong>Hoitoja sis\u00e4lt\u00e4v\u00e4n paketin varannut asiakas<br \/>\n<\/strong>TERMID-kylpyl\u00e4keskuksessa k\u00e4ynti klo 7.30\u201321.30 <em>(saapumisp\u00e4iv\u00e4n\u00e4 alkaen klo 15.00 [sis\u00e4\u00e4nkirjautuminen] ja l\u00e4ht\u00f6p\u00e4iv\u00e4n\u00e4 sis\u00e4\u00e4np\u00e4\u00e4sy viimeist\u00e4\u00e4n klo 10).<\/em><\/li>\n<\/ul>\n<h3><strong>Lisapalvelut:<br \/>\n<\/strong><\/h3>\n<ul>\n<li>Pyyhevuokra 3 \u20ac<\/li>\n<li>Kylpytakin vuokra 6 \u20ac<\/li>\n<li><a href=\"https:\/\/www.spaestonia.ee\/medical\/fi\/estonia-spa-termid\/vesivoimistelu\/\">Vesivoimistelu<\/a> ryhm\u00e4ss\u00e4 MA-PE.<\/li>\n<li><a href=\"https:\/\/www.spaestonia.ee\/medical\/fi\/estonia-spa-termid\/aidot-eksoottiset-thaimaalaiset\/\">Thaihieronta<\/a><\/li>\n<\/ul>\n<h3><strong>Pys\u00e4k\u00f6inti<\/strong><\/h3>\n<p><strong>Pys\u00e4k\u00f6inti hotellin parkkipaikalla on 1.5-31.8 maksullista, muina aikoina maksuton.<\/strong>\u00a0Lis\u00e4tietoa pys\u00e4k\u00f6innist\u00e4 <a href=\"https:\/\/www.spaestonia.ee\/medical\/fi\/sijanti-ja-pysakointi\/\">T\u00c4\u00c4LT\u00c4<\/a>.<\/p>\n<hr \/>\n<p><strong>TERMID,\u00a0<\/strong>S\u00e4\u00e4se 7, P\u00e4rnu<br \/>\nPuh +372 44 76 865 tai +372 44 76 870<\/p>\n<p><strong>Spa-keskus TERMID on auki yleisesti klo 7:30-21:30<\/strong>, ottamatta jokakuiset\u00a0<a href=\"https:\/\/www.spaestonia.ee\/medical\/fi\/estonia-spa-termid\/siivouspaivat\/\">huoltop\u00e4iv\u00e4t<\/a>.<\/p>\n","protected":false},"excerpt":{"rendered":"<p>Spa-keskus TERMID kaikki uima-altaat ja saunat ovat avoinna klo 7.30\u201321.30, ottamatta jokakuiset\u00a0huoltop\u00e4iv\u00e4t. HINNASTO\u00a0 Aukioloaika Aikuinen&hellip;<\/p>\n","protected":false},"author":1,"featured_media":0,"parent":0,"menu_order":0,"comment_status":"closed","ping_status":"open","template":"","meta":{"footnotes":""},"class_list":["post-844","page","type-page","status-publish","hentry"],"yoast_head":"<!-- This site is optimized with the Yoast SEO plugin v26.3 - https:\/\/yoast.com\/wordpress\/plugins\/seo\/ -->\n<title>Spa-keskus TERMID - ESTONIA Medical Spa &amp; Hotel<\/title>\n<meta name=\"robots\" content=\"index, follow, max-snippet:-1, max-image-preview:large, max-video-preview:-1\" \/>\n<link rel=\"canonical\" href=\"https:\/\/www.spaestonia.ee\/medical\/fi\/estonia-spa-termid\/\" \/>\n<meta property=\"og:locale\" content=\"fi_FI\" \/>\n<meta property=\"og:type\" content=\"article\" \/>\n<meta property=\"og:title\" content=\"Spa-keskus TERMID - ESTONIA Medical Spa &amp; Hotel\" \/>\n<meta property=\"og:description\" content=\"Spa-keskus TERMID kaikki uima-altaat ja saunat ovat avoinna klo 7.30\u201321.30, ottamatta jokakuiset\u00a0huoltop\u00e4iv\u00e4t. HINNASTO\u00a0 Aukioloaika Aikuinen&hellip;\" \/>\n<meta property=\"og:url\" content=\"https:\/\/www.spaestonia.ee\/medical\/fi\/estonia-spa-termid\/\" \/>\n<meta property=\"og:site_name\" content=\"ESTONIA Medical Spa &amp; Hotel\" \/>\n<meta property=\"article:publisher\" content=\"https:\/\/www.facebook.com\/EstoniaMedicalSpa\" \/>\n<meta property=\"article:modified_time\" content=\"2026-01-05T07:47:56+00:00\" \/>\n<meta name=\"twitter:card\" content=\"summary_large_image\" \/>\n<meta name=\"twitter:label1\" content=\"Arvioitu lukuaika\" \/>\n\t<meta name=\"twitter:data1\" content=\"2 minuuttia\" \/>\n<script type=\"application\/ld+json\" class=\"yoast-schema-graph\">{\"@context\":\"https:\/\/schema.org\",\"@graph\":[{\"@type\":\"WebPage\",\"@id\":\"https:\/\/www.spaestonia.ee\/medical\/fi\/estonia-spa-termid\/\",\"url\":\"https:\/\/www.spaestonia.ee\/medical\/fi\/estonia-spa-termid\/\",\"name\":\"Spa-keskus TERMID - ESTONIA Medical Spa &amp; Hotel\",\"isPartOf\":{\"@id\":\"https:\/\/www.spaestonia.ee\/medical\/fi\/#website\"},\"datePublished\":\"2014-11-13T17:49:12+00:00\",\"dateModified\":\"2026-01-05T07:47:56+00:00\",\"breadcrumb\":{\"@id\":\"https:\/\/www.spaestonia.ee\/medical\/fi\/estonia-spa-termid\/#breadcrumb\"},\"inLanguage\":\"fi\",\"potentialAction\":[{\"@type\":\"ReadAction\",\"target\":[\"https:\/\/www.spaestonia.ee\/medical\/fi\/estonia-spa-termid\/\"]}]},{\"@type\":\"BreadcrumbList\",\"@id\":\"https:\/\/www.spaestonia.ee\/medical\/fi\/estonia-spa-termid\/#breadcrumb\",\"itemListElement\":[{\"@type\":\"ListItem\",\"position\":1,\"name\":\"Home\",\"item\":\"https:\/\/www.spaestonia.ee\/medical\/fi\/\"},{\"@type\":\"ListItem\",\"position\":2,\"name\":\"Spa-keskus TERMID\"}]},{\"@type\":\"WebSite\",\"@id\":\"https:\/\/www.spaestonia.ee\/medical\/fi\/#website\",\"url\":\"https:\/\/www.spaestonia.ee\/medical\/fi\/\",\"name\":\"ESTONIA Medical Spa & Hotel\",\"description\":\"Ravispaa - Terveyskylpyl\u00e4 - P\u00e4rnu\",\"publisher\":{\"@id\":\"https:\/\/www.spaestonia.ee\/medical\/fi\/#organization\"},\"potentialAction\":[{\"@type\":\"SearchAction\",\"target\":{\"@type\":\"EntryPoint\",\"urlTemplate\":\"https:\/\/www.spaestonia.ee\/medical\/fi\/?s={search_term_string}\"},\"query-input\":{\"@type\":\"PropertyValueSpecification\",\"valueRequired\":true,\"valueName\":\"search_term_string\"}}],\"inLanguage\":\"fi\"},{\"@type\":\"Organization\",\"@id\":\"https:\/\/www.spaestonia.ee\/medical\/fi\/#organization\",\"name\":\"ESTONIA Medical Spa & Hotel\",\"url\":\"https:\/\/www.spaestonia.ee\/medical\/fi\/\",\"logo\":{\"@type\":\"ImageObject\",\"inLanguage\":\"fi\",\"@id\":\"https:\/\/www.spaestonia.ee\/medical\/fi\/#\/schema\/logo\/image\/\",\"url\":\"https:\/\/www.spaestonia.ee\/medical\/wp-content\/uploads\/2025\/02\/medical.jpg\",\"contentUrl\":\"https:\/\/www.spaestonia.ee\/medical\/wp-content\/uploads\/2025\/02\/medical.jpg\",\"width\":700,\"height\":450,\"caption\":\"ESTONIA Medical Spa & Hotel\"},\"image\":{\"@id\":\"https:\/\/www.spaestonia.ee\/medical\/fi\/#\/schema\/logo\/image\/\"},\"sameAs\":[\"https:\/\/www.facebook.com\/EstoniaMedicalSpa\"]}]}<\/script>\n<!-- \/ Yoast SEO plugin. -->","yoast_head_json":{"title":"Spa-keskus TERMID - ESTONIA Medical Spa &amp; Hotel","robots":{"index":"index","follow":"follow","max-snippet":"max-snippet:-1","max-image-preview":"max-image-preview:large","max-video-preview":"max-video-preview:-1"},"canonical":"https:\/\/www.spaestonia.ee\/medical\/fi\/estonia-spa-termid\/","og_locale":"fi_FI","og_type":"article","og_title":"Spa-keskus TERMID - ESTONIA Medical Spa &amp; Hotel","og_description":"Spa-keskus TERMID kaikki uima-altaat ja saunat ovat avoinna klo 7.30\u201321.30, ottamatta jokakuiset\u00a0huoltop\u00e4iv\u00e4t. HINNASTO\u00a0 Aukioloaika Aikuinen&hellip;","og_url":"https:\/\/www.spaestonia.ee\/medical\/fi\/estonia-spa-termid\/","og_site_name":"ESTONIA Medical Spa &amp; Hotel","article_publisher":"https:\/\/www.facebook.com\/EstoniaMedicalSpa","article_modified_time":"2026-01-05T07:47:56+00:00","twitter_card":"summary_large_image","twitter_misc":{"Arvioitu lukuaika":"2 minuuttia"},"schema":{"@context":"https:\/\/schema.org","@graph":[{"@type":"WebPage","@id":"https:\/\/www.spaestonia.ee\/medical\/fi\/estonia-spa-termid\/","url":"https:\/\/www.spaestonia.ee\/medical\/fi\/estonia-spa-termid\/","name":"Spa-keskus TERMID - ESTONIA Medical Spa &amp; Hotel","isPartOf":{"@id":"https:\/\/www.spaestonia.ee\/medical\/fi\/#website"},"datePublished":"2014-11-13T17:49:12+00:00","dateModified":"2026-01-05T07:47:56+00:00","breadcrumb":{"@id":"https:\/\/www.spaestonia.ee\/medical\/fi\/estonia-spa-termid\/#breadcrumb"},"inLanguage":"fi","potentialAction":[{"@type":"ReadAction","target":["https:\/\/www.spaestonia.ee\/medical\/fi\/estonia-spa-termid\/"]}]},{"@type":"BreadcrumbList","@id":"https:\/\/www.spaestonia.ee\/medical\/fi\/estonia-spa-termid\/#breadcrumb","itemListElement":[{"@type":"ListItem","position":1,"name":"Home","item":"https:\/\/www.spaestonia.ee\/medical\/fi\/"},{"@type":"ListItem","position":2,"name":"Spa-keskus TERMID"}]},{"@type":"WebSite","@id":"https:\/\/www.spaestonia.ee\/medical\/fi\/#website","url":"https:\/\/www.spaestonia.ee\/medical\/fi\/","name":"ESTONIA Medical Spa & Hotel","description":"Ravispaa - Terveyskylpyl\u00e4 - P\u00e4rnu","publisher":{"@id":"https:\/\/www.spaestonia.ee\/medical\/fi\/#organization"},"potentialAction":[{"@type":"SearchAction","target":{"@type":"EntryPoint","urlTemplate":"https:\/\/www.spaestonia.ee\/medical\/fi\/?s={search_term_string}"},"query-input":{"@type":"PropertyValueSpecification","valueRequired":true,"valueName":"search_term_string"}}],"inLanguage":"fi"},{"@type":"Organization","@id":"https:\/\/www.spaestonia.ee\/medical\/fi\/#organization","name":"ESTONIA Medical Spa & Hotel","url":"https:\/\/www.spaestonia.ee\/medical\/fi\/","logo":{"@type":"ImageObject","inLanguage":"fi","@id":"https:\/\/www.spaestonia.ee\/medical\/fi\/#\/schema\/logo\/image\/","url":"https:\/\/www.spaestonia.ee\/medical\/wp-content\/uploads\/2025\/02\/medical.jpg","contentUrl":"https:\/\/www.spaestonia.ee\/medical\/wp-content\/uploads\/2025\/02\/medical.jpg","width":700,"height":450,"caption":"ESTONIA Medical Spa & Hotel"},"image":{"@id":"https:\/\/www.spaestonia.ee\/medical\/fi\/#\/schema\/logo\/image\/"},"sameAs":["https:\/\/www.facebook.com\/EstoniaMedicalSpa"]}]}},"_links":{"self":[{"href":"https:\/\/www.spaestonia.ee\/medical\/fi\/wp-json\/wp\/v2\/pages\/844","targetHints":{"allow":["GET"]}}],"collection":[{"href":"https:\/\/www.spaestonia.ee\/medical\/fi\/wp-json\/wp\/v2\/pages"}],"about":[{"href":"https:\/\/www.spaestonia.ee\/medical\/fi\/wp-json\/wp\/v2\/types\/page"}],"author":[{"embeddable":true,"href":"https:\/\/www.spaestonia.ee\/medical\/fi\/wp-json\/wp\/v2\/users\/1"}],"replies":[{"embeddable":true,"href":"https:\/\/www.spaestonia.ee\/medical\/fi\/wp-json\/wp\/v2\/comments?post=844"}],"version-history":[{"count":136,"href":"https:\/\/www.spaestonia.ee\/medical\/fi\/wp-json\/wp\/v2\/pages\/844\/revisions"}],"predecessor-version":[{"id":23159,"href":"https:\/\/www.spaestonia.ee\/medical\/fi\/wp-json\/wp\/v2\/pages\/844\/revisions\/23159"}],"wp:attachment":[{"href":"https:\/\/www.spaestonia.ee\/medical\/fi\/wp-json\/wp\/v2\/media?parent=844"}],"curies":[{"name":"wp","href":"https:\/\/api.w.org\/{rel}","templated":true}]}}