{"id":991,"date":"2014-12-01T10:44:53","date_gmt":"2014-12-01T08:44:53","guid":{"rendered":"https:\/\/www.spaestonia.ee\/medical\/?page_id=991"},"modified":"2022-04-14T14:53:42","modified_gmt":"2022-04-14T11:53:42","slug":"varauspyynto","status":"publish","type":"page","link":"https:\/\/www.spaestonia.ee\/medical\/fi\/varauspyynto\/","title":{"rendered":"Varaa lomasi"},"content":{"rendered":"<p>Kiitos varauspyynn\u00f6st\u00e4! Myyntipalvelu palvelee ma-pe klo 8-16:30 (suljettu Viron virallisina pyh\u00e4p\u00e4ivin\u00e4). S\u00e4hk\u00f6posteihin vastataan viimeist\u00e4\u00e4n seuraavan ty\u00f6p\u00e4iv\u00e4n sis\u00e4ll\u00e4. Kiireellisiss\u00e4 asioissa ottakaa yhteytt\u00e4 myyntipalvelumme puh +372 447 6905. Mik\u00e4li myyntipalvelumme on suljettuna, pyyd\u00e4mme ottamaan yhteytt\u00e4 hotellin vastaanottoon puh +372 44 76 915.<\/p>\n<div class=\"visual-form-builder-container\"><form id=\"broneerimisvorm-fin-5\" class=\"visual-form-builder vfb-form-5  \" method=\"post\" enctype=\"multipart\/form-data\" action=\"\">\n\t\t<input type=\"hidden\" name=\"form_id\" value=\"5\" \/><fieldset class=\"vfb-fieldset vfb-fieldset-1 estonia-medical-spa-hotel    \" id=\"vfb-estonia-medical-spa-hotel-82\"><div class=\"vfb-legend\"><h3>ESTONIA Medical Spa & Hotel<\/h3><\/div><ul class=\"vfb-section vfb-section-1\"><div class=\"vfb-section-div vfb-96-96  formgroup-inline col-3  \"><h4><\/h4><li class=\"vfb-item vfb-item-date    \" id=\"item-vfb-tulopaiva-87\"><label for=\"vfb-tulopaiva-87\" class=\"vfb-desc\">Tulop\u00e4iv\u00e4  <span class=\"vfb-required-asterisk\">*<\/span><\/label><input type=\"text\" name=\"vfb-87\" id=\"vfb-tulopaiva-87\" value=\"\" class=\"vfb-text vfb-date-picker  vfb-medium  required  form-control control-date check-in\" \/><\/li>\n<li class=\"vfb-item vfb-item-select    \" id=\"item-vfb-yota-101\"><label for=\"vfb-yota-101\" class=\"vfb-desc\">Y\u00f6t\u00e4 <\/label><select name=\"vfb-101\" id=\"vfb-yota-101\" class=\"vfb-select  vfb-medium   form-control  control-select amount-of-nights\"><option value=\"1\" selected='selected'>1<\/option><option value=\"2\">2<\/option><option value=\"3\">3<\/option><option value=\"4\">4<\/option><option value=\"5\">5<\/option><option value=\"6\">6<\/option><option value=\"7\">7<\/option><option value=\"8\">8<\/option><option value=\"9\">9<\/option><option value=\"10\">10<\/option><option value=\"11\">11<\/option><option value=\"12\">12<\/option><option value=\"13\">13<\/option><option value=\"14\">14<\/option><\/select><\/li>\n<li class=\"vfb-item vfb-item-date    \" id=\"item-vfb-lahtopaiva-88\"><label for=\"vfb-lahtopaiva-88\" class=\"vfb-desc\">L\u00e4ht\u00f6p\u00e4iv\u00e4  <span class=\"vfb-required-asterisk\">*<\/span><\/label><input type=\"text\" name=\"vfb-88\" id=\"vfb-lahtopaiva-88\" value=\"\" class=\"vfb-text vfb-date-picker  vfb-medium  required  form-control control-date check-out\" \/><\/li>\n<\/div><div class=\"vfb-clear\"><\/div><div class=\"vfb-section-div vfb-97-97  formgroup-inline  \"><h4><\/h4><li class=\"vfb-item vfb-item-select    \" id=\"item-vfb-aikuisia-94\"><label for=\"vfb-aikuisia-94\" class=\"vfb-desc\">Aikuisia  <span class=\"vfb-required-asterisk\">*<\/span><\/label><select name=\"vfb-94\" id=\"vfb-aikuisia-94\" class=\"vfb-select  vfb-medium  required  form-control control-select bron-adults\"><option value=\"1\">1<\/option><option value=\"2\" selected='selected'>2<\/option><option value=\"3\">3<\/option><option value=\"4\">4<\/option><option value=\"5\">5<\/option><option value=\"6\">6<\/option><option value=\"7\">7<\/option><option value=\"8\">8<\/option><option value=\"9\">9<\/option><option value=\"10\">10<\/option><\/select><\/li>\n<li class=\"vfb-item vfb-item-select    \" id=\"item-vfb-lapsia-95\"><label for=\"vfb-lapsia-95\" class=\"vfb-desc\">Lapsia <\/label><select name=\"vfb-95\" id=\"vfb-lapsia-95\" class=\"vfb-select  vfb-medium   form-control control-select bron-children\"><option value=\"1\">1<\/option><option value=\"2\">2<\/option><option value=\"3\">3<\/option><option value=\"4\">4<\/option><option value=\"5\">5<\/option><option value=\"0\" selected='selected'>0<\/option><\/select><\/li>\n<\/div><div class=\"vfb-clear\"><\/div><div class=\"vfb-section-div vfb-ika-100  children-age formgroup-inline  \"><h4>Ik\u00e4<\/h4><li class=\"vfb-item vfb-item-select    \" id=\"item-vfb-99-99\"><label for=\"vfb-99-99\" class=\"vfb-desc\"> <\/label><select name=\"vfb-99\" id=\"vfb-99-99\" class=\"vfb-select  vfb-medium   form-control control-select\"><option value=\"1\">1<\/option><option value=\"2\">2<\/option><option value=\"3\">3<\/option><option value=\"4\">4<\/option><option value=\"5\">5<\/option><option value=\"6\">6<\/option><option value=\"7\">7<\/option><option value=\"8\">8<\/option><option value=\"9\">9<\/option><option value=\"10\">10<\/option><option value=\"11\">11<\/option><option value=\"12\">12<\/option><option value=\"13\">13<\/option><option value=\"14\">14<\/option><option value=\"0\" selected='selected'>0<\/option><\/select><\/li>\n<li class=\"vfb-item vfb-item-select    \" id=\"item-vfb-139-139\"><label for=\"vfb-139-139\" class=\"vfb-desc\"> <\/label><select name=\"vfb-139\" id=\"vfb-139-139\" class=\"vfb-select  vfb-medium   form-control control-select\"><option value=\"1\">1<\/option><option value=\"2\">2<\/option><option value=\"3\">3<\/option><option value=\"4\">4<\/option><option value=\"5\">5<\/option><option value=\"6\">6<\/option><option value=\"7\">7<\/option><option value=\"8\">8<\/option><option value=\"9\">9<\/option><option value=\"10\">10<\/option><option value=\"11\">11<\/option><option value=\"12\">12<\/option><option value=\"13\">13<\/option><option value=\"14\">14<\/option><option value=\"0\" selected='selected'>0<\/option><\/select><\/li>\n<li class=\"vfb-item vfb-item-select    \" id=\"item-vfb-138-138\"><label for=\"vfb-138-138\" class=\"vfb-desc\"> <\/label><select name=\"vfb-138\" id=\"vfb-138-138\" class=\"vfb-select  vfb-medium   form-control control-select\"><option value=\"1\">1<\/option><option value=\"2\">2<\/option><option value=\"3\">3<\/option><option value=\"4\">4<\/option><option value=\"5\">5<\/option><option value=\"6\">6<\/option><option value=\"7\">7<\/option><option value=\"8\">8<\/option><option value=\"9\">9<\/option><option value=\"10\">10<\/option><option value=\"11\">11<\/option><option value=\"12\">12<\/option><option value=\"13\">13<\/option><option value=\"14\">14<\/option><option value=\"0\" selected='selected'>0<\/option><\/select><\/li>\n<li class=\"vfb-item vfb-item-select    \" id=\"item-vfb-606-606\"><label for=\"vfb-606-606\" class=\"vfb-desc\"> <\/label><select name=\"vfb-606\" id=\"vfb-606-606\" class=\"vfb-select  vfb-medium   form-control control-select\"><option value=\"1\">1<\/option><option value=\"2\">2<\/option><option value=\"3\">3<\/option><option value=\"4\">4<\/option><option value=\"5\">5<\/option><option value=\"6\">6<\/option><option value=\"7\">7<\/option><option value=\"8\">8<\/option><option value=\"9\">9<\/option><option value=\"10\">10<\/option><option value=\"11\">11<\/option><option value=\"12\">12<\/option><option value=\"13\">13<\/option><option value=\"14\">14<\/option><option value=\"0\" selected='selected'>0<\/option><\/select><\/li>\n<li class=\"vfb-item vfb-item-select    \" id=\"item-vfb-605-605\"><label for=\"vfb-605-605\" class=\"vfb-desc\"> <\/label><select name=\"vfb-605\" id=\"vfb-605-605\" class=\"vfb-select  vfb-medium   form-control control-select\"><option value=\"1\">1<\/option><option value=\"2\">2<\/option><option value=\"3\">3<\/option><option value=\"4\">4<\/option><option value=\"5\">5<\/option><option value=\"6\">6<\/option><option value=\"7\">7<\/option><option value=\"8\">8<\/option><option value=\"9\">9<\/option><option value=\"10\">10<\/option><option value=\"11\">11<\/option><option value=\"12\">12<\/option><option value=\"13\">13<\/option><option value=\"14\">14<\/option><option value=\"0\" selected='selected'>0<\/option><\/select><\/li>\n<\/div><div class=\"vfb-clear\"><\/div><div class=\"vfb-section-div vfb-98-98  formgroup-inline  \"><h4><\/h4><li class=\"vfb-item vfb-item-select    \" id=\"item-vfb-valitsee-paketti-89\"><label for=\"vfb-valitsee-paketti-89\" class=\"vfb-desc\">Valitsee paketti  <span class=\"vfb-required-asterisk\">*<\/span><\/label><select name=\"vfb-89\" id=\"vfb-valitsee-paketti-89\" class=\"vfb-select  vfb-medium  required  form-control  control-select\"><option value=\"\"><\/option><option value=\"Majoitus\">Majoitus<\/option><option value=\"Hotellimajoitus illallisella \u201cKylpyl\u00e4 nautinto\u201d\">Hotellimajoitus illallisella \u201cKylpyl\u00e4 nautinto\u201d<\/option><option value=\"EKSOOTTINEN loma P\u00e4rnussa\">EKSOOTTINEN loma P\u00e4rnussa<\/option><option value=\"Kylpyl\u00e4hoitopaketti alk 4 y\u00f6t\u00e4\">Kylpyl\u00e4hoitopaketti alk 4 y\u00f6t\u00e4<\/option><\/select><\/li>\n<li class=\"vfb-item vfb-item-select    \" id=\"item-vfb-huone-93\"><label for=\"vfb-huone-93\" class=\"vfb-desc\">Huone  <span class=\"vfb-required-asterisk\">*<\/span><\/label><select name=\"vfb-93\" id=\"vfb-huone-93\" class=\"vfb-select  vfb-medium  required  form-control  control-select\"><option value=\"\"><\/option><option value=\"Standard\">Standard<\/option><option value=\"Perhehuone\">Perhehuone<\/option><\/select><\/li>\n<\/div><div class=\"vfb-clear\"><\/div><li class=\"vfb-item vfb-item-text    \" id=\"item-vfb-etunimi-ja-sukunimi-86\"><label for=\"vfb-etunimi-ja-sukunimi-86\" class=\"vfb-desc\">Etunimi ja sukunimi  <span class=\"vfb-required-asterisk\">*<\/span><\/label><input type=\"text\" name=\"vfb-86\" id=\"vfb-etunimi-ja-sukunimi-86\" value=\"\" class=\"vfb-text  vfb-medium  required   form-control\" \/><\/li>\n<li class=\"vfb-item vfb-item-email    \" id=\"item-vfb-sahkoposti-90\"><label for=\"vfb-sahkoposti-90\" class=\"vfb-desc\">S\u00e4hk\u00f6posti  <span class=\"vfb-required-asterisk\">*<\/span><\/label><input type=\"email\" name=\"vfb-90\" id=\"vfb-sahkoposti-90\" value=\"\" class=\"vfb-text  vfb-medium  required  email  form-control\" \/><\/li>\n<li class=\"vfb-item vfb-item-text    \" id=\"item-vfb-puhelin-121\"><label for=\"vfb-puhelin-121\" class=\"vfb-desc\">Puhelin  <span class=\"vfb-required-asterisk\">*<\/span><\/label><input type=\"text\" name=\"vfb-121\" id=\"vfb-puhelin-121\" value=\"\" class=\"vfb-text  vfb-medium  required  \" \/><\/li>\n<li class=\"vfb-item vfb-item-textarea    \" id=\"item-vfb-lisatiedot-92\"><label for=\"vfb-lisatiedot-92\" class=\"vfb-desc\">Lis\u00e4tiedot <\/label><div><textarea name=\"vfb-92\" id=\"vfb-lisatiedot-92\" class=\"vfb-textarea  vfb-medium   form-control textarea \"><\/textarea><\/div><\/li>\n<\/ul><br \/><\/fieldset><fieldset class=\"vfb-fieldset vfb-fieldset-2 verification  \" id=\"vfb-verification-83\"><div class=\"vfb-legend\"><h3>Verification<\/h3><\/div><ul class=\"vfb-section vfb-section-2\"><li class=\"vfb-item vfb-item-secret\"><label for=\"vfb-syota-tahan-mika-tahansa-kaksi-numeroailman-valilyontia-esimerkiksi-12-84\" class=\"vfb-desc\">Sy\u00f6t\u00e4 t\u00e4h\u00e4n mik\u00e4 tahansa kaksi numeroa,ilman v\u00e4lily\u00f6nti\u00e4 (Esimerkiksi: 12) <span class=\"vfb-required-asterisk\">*<\/span><\/label><input type=\"hidden\" name=\"_vfb-secret\" value=\"vfb-84\" \/><input type=\"text\" name=\"vfb-84\" id=\"vfb-syota-tahan-mika-tahansa-kaksi-numeroailman-valilyontia-esimerkiksi-12-84\" value=\"\" class=\"vfb-text  vfb-medium  required  {digits:true,maxlength:2,minlength:2} \" \/><li style=\"display:none;\"><label for=\"vfb-spam\">This box is for spam protection - <strong>please leave it blank<\/strong><\/label><div><input name=\"vfb-spam\" id=\"vfb-spam\" \/><\/div><\/li><li class=\"vfb-item vfb-item-submit\" id=\"vfb-laheta-85\">\n\t\t\t\t\t<input type=\"submit\" name=\"visual-form-builder-submit\" id=\"sendmail\" value=\"L\u00e4het\u00e4 \u00bb\" class=\"vfb-submit  btn btn-custom btn-purple\" \/>\n\t\t\t\t\t<\/li><\/ul>\n\t\t <\/fieldset><input type=\"hidden\" name=\"_wp_http_referer\" value=\"\/medical\/fi\/wp-json\/wp\/v2\/pages\/991\" \/><\/form><\/div> <!-- .visual-form-builder-container -->\n","protected":false},"excerpt":{"rendered":"<p>Kiitos varauspyynn\u00f6st\u00e4! Myyntipalvelu palvelee ma-pe klo 8-16:30 (suljettu Viron virallisina pyh\u00e4p\u00e4ivin\u00e4). S\u00e4hk\u00f6posteihin vastataan viimeist\u00e4\u00e4n seuraavan&hellip;<\/p>\n","protected":false},"author":1,"featured_media":0,"parent":0,"menu_order":0,"comment_status":"closed","ping_status":"open","template":"page-reservation_page.php","meta":{"footnotes":""},"class_list":["post-991","page","type-page","status-publish","hentry"],"yoast_head":"<!-- This site is optimized with the Yoast SEO plugin v26.3 - https:\/\/yoast.com\/wordpress\/plugins\/seo\/ -->\n<title>Varaa lomasi - ESTONIA Medical Spa &amp; Hotel<\/title>\n<meta name=\"robots\" content=\"index, follow, max-snippet:-1, max-image-preview:large, max-video-preview:-1\" \/>\n<link rel=\"canonical\" href=\"https:\/\/www.spaestonia.ee\/medical\/fi\/varauspyynto\/\" \/>\n<meta property=\"og:locale\" content=\"fi_FI\" \/>\n<meta property=\"og:type\" content=\"article\" \/>\n<meta property=\"og:title\" content=\"Varaa lomasi - ESTONIA Medical Spa &amp; Hotel\" \/>\n<meta property=\"og:description\" content=\"Kiitos varauspyynn\u00f6st\u00e4! Myyntipalvelu palvelee ma-pe klo 8-16:30 (suljettu Viron virallisina pyh\u00e4p\u00e4ivin\u00e4). S\u00e4hk\u00f6posteihin vastataan viimeist\u00e4\u00e4n seuraavan&hellip;\" \/>\n<meta property=\"og:url\" content=\"https:\/\/www.spaestonia.ee\/medical\/fi\/varauspyynto\/\" \/>\n<meta property=\"og:site_name\" content=\"ESTONIA Medical Spa &amp; Hotel\" \/>\n<meta property=\"article:publisher\" content=\"https:\/\/www.facebook.com\/EstoniaMedicalSpa\" \/>\n<meta property=\"article:modified_time\" content=\"2022-04-14T11:53:42+00:00\" \/>\n<meta name=\"twitter:card\" content=\"summary_large_image\" \/>\n<script type=\"application\/ld+json\" class=\"yoast-schema-graph\">{\"@context\":\"https:\/\/schema.org\",\"@graph\":[{\"@type\":\"WebPage\",\"@id\":\"https:\/\/www.spaestonia.ee\/medical\/fi\/varauspyynto\/\",\"url\":\"https:\/\/www.spaestonia.ee\/medical\/fi\/varauspyynto\/\",\"name\":\"Varaa lomasi - ESTONIA Medical Spa &amp; Hotel\",\"isPartOf\":{\"@id\":\"https:\/\/www.spaestonia.ee\/medical\/fi\/#website\"},\"datePublished\":\"2014-12-01T08:44:53+00:00\",\"dateModified\":\"2022-04-14T11:53:42+00:00\",\"breadcrumb\":{\"@id\":\"https:\/\/www.spaestonia.ee\/medical\/fi\/varauspyynto\/#breadcrumb\"},\"inLanguage\":\"fi\",\"potentialAction\":[{\"@type\":\"ReadAction\",\"target\":[\"https:\/\/www.spaestonia.ee\/medical\/fi\/varauspyynto\/\"]}]},{\"@type\":\"BreadcrumbList\",\"@id\":\"https:\/\/www.spaestonia.ee\/medical\/fi\/varauspyynto\/#breadcrumb\",\"itemListElement\":[{\"@type\":\"ListItem\",\"position\":1,\"name\":\"Home\",\"item\":\"https:\/\/www.spaestonia.ee\/medical\/fi\/\"},{\"@type\":\"ListItem\",\"position\":2,\"name\":\"Varaa lomasi\"}]},{\"@type\":\"WebSite\",\"@id\":\"https:\/\/www.spaestonia.ee\/medical\/fi\/#website\",\"url\":\"https:\/\/www.spaestonia.ee\/medical\/fi\/\",\"name\":\"ESTONIA Medical Spa & Hotel\",\"description\":\"Ravispaa - Terveyskylpyl\u00e4 - P\u00e4rnu\",\"publisher\":{\"@id\":\"https:\/\/www.spaestonia.ee\/medical\/fi\/#organization\"},\"potentialAction\":[{\"@type\":\"SearchAction\",\"target\":{\"@type\":\"EntryPoint\",\"urlTemplate\":\"https:\/\/www.spaestonia.ee\/medical\/fi\/?s={search_term_string}\"},\"query-input\":{\"@type\":\"PropertyValueSpecification\",\"valueRequired\":true,\"valueName\":\"search_term_string\"}}],\"inLanguage\":\"fi\"},{\"@type\":\"Organization\",\"@id\":\"https:\/\/www.spaestonia.ee\/medical\/fi\/#organization\",\"name\":\"ESTONIA Medical Spa & Hotel\",\"url\":\"https:\/\/www.spaestonia.ee\/medical\/fi\/\",\"logo\":{\"@type\":\"ImageObject\",\"inLanguage\":\"fi\",\"@id\":\"https:\/\/www.spaestonia.ee\/medical\/fi\/#\/schema\/logo\/image\/\",\"url\":\"https:\/\/www.spaestonia.ee\/medical\/wp-content\/uploads\/2025\/02\/medical.jpg\",\"contentUrl\":\"https:\/\/www.spaestonia.ee\/medical\/wp-content\/uploads\/2025\/02\/medical.jpg\",\"width\":700,\"height\":450,\"caption\":\"ESTONIA Medical Spa & Hotel\"},\"image\":{\"@id\":\"https:\/\/www.spaestonia.ee\/medical\/fi\/#\/schema\/logo\/image\/\"},\"sameAs\":[\"https:\/\/www.facebook.com\/EstoniaMedicalSpa\"]}]}<\/script>\n<!-- \/ Yoast SEO plugin. -->","yoast_head_json":{"title":"Varaa lomasi - ESTONIA Medical Spa &amp; Hotel","robots":{"index":"index","follow":"follow","max-snippet":"max-snippet:-1","max-image-preview":"max-image-preview:large","max-video-preview":"max-video-preview:-1"},"canonical":"https:\/\/www.spaestonia.ee\/medical\/fi\/varauspyynto\/","og_locale":"fi_FI","og_type":"article","og_title":"Varaa lomasi - ESTONIA Medical Spa &amp; Hotel","og_description":"Kiitos varauspyynn\u00f6st\u00e4! Myyntipalvelu palvelee ma-pe klo 8-16:30 (suljettu Viron virallisina pyh\u00e4p\u00e4ivin\u00e4). S\u00e4hk\u00f6posteihin vastataan viimeist\u00e4\u00e4n seuraavan&hellip;","og_url":"https:\/\/www.spaestonia.ee\/medical\/fi\/varauspyynto\/","og_site_name":"ESTONIA Medical Spa &amp; Hotel","article_publisher":"https:\/\/www.facebook.com\/EstoniaMedicalSpa","article_modified_time":"2022-04-14T11:53:42+00:00","twitter_card":"summary_large_image","schema":{"@context":"https:\/\/schema.org","@graph":[{"@type":"WebPage","@id":"https:\/\/www.spaestonia.ee\/medical\/fi\/varauspyynto\/","url":"https:\/\/www.spaestonia.ee\/medical\/fi\/varauspyynto\/","name":"Varaa lomasi - ESTONIA Medical Spa &amp; Hotel","isPartOf":{"@id":"https:\/\/www.spaestonia.ee\/medical\/fi\/#website"},"datePublished":"2014-12-01T08:44:53+00:00","dateModified":"2022-04-14T11:53:42+00:00","breadcrumb":{"@id":"https:\/\/www.spaestonia.ee\/medical\/fi\/varauspyynto\/#breadcrumb"},"inLanguage":"fi","potentialAction":[{"@type":"ReadAction","target":["https:\/\/www.spaestonia.ee\/medical\/fi\/varauspyynto\/"]}]},{"@type":"BreadcrumbList","@id":"https:\/\/www.spaestonia.ee\/medical\/fi\/varauspyynto\/#breadcrumb","itemListElement":[{"@type":"ListItem","position":1,"name":"Home","item":"https:\/\/www.spaestonia.ee\/medical\/fi\/"},{"@type":"ListItem","position":2,"name":"Varaa lomasi"}]},{"@type":"WebSite","@id":"https:\/\/www.spaestonia.ee\/medical\/fi\/#website","url":"https:\/\/www.spaestonia.ee\/medical\/fi\/","name":"ESTONIA Medical Spa & Hotel","description":"Ravispaa - Terveyskylpyl\u00e4 - P\u00e4rnu","publisher":{"@id":"https:\/\/www.spaestonia.ee\/medical\/fi\/#organization"},"potentialAction":[{"@type":"SearchAction","target":{"@type":"EntryPoint","urlTemplate":"https:\/\/www.spaestonia.ee\/medical\/fi\/?s={search_term_string}"},"query-input":{"@type":"PropertyValueSpecification","valueRequired":true,"valueName":"search_term_string"}}],"inLanguage":"fi"},{"@type":"Organization","@id":"https:\/\/www.spaestonia.ee\/medical\/fi\/#organization","name":"ESTONIA Medical Spa & Hotel","url":"https:\/\/www.spaestonia.ee\/medical\/fi\/","logo":{"@type":"ImageObject","inLanguage":"fi","@id":"https:\/\/www.spaestonia.ee\/medical\/fi\/#\/schema\/logo\/image\/","url":"https:\/\/www.spaestonia.ee\/medical\/wp-content\/uploads\/2025\/02\/medical.jpg","contentUrl":"https:\/\/www.spaestonia.ee\/medical\/wp-content\/uploads\/2025\/02\/medical.jpg","width":700,"height":450,"caption":"ESTONIA Medical Spa & Hotel"},"image":{"@id":"https:\/\/www.spaestonia.ee\/medical\/fi\/#\/schema\/logo\/image\/"},"sameAs":["https:\/\/www.facebook.com\/EstoniaMedicalSpa"]}]}},"_links":{"self":[{"href":"https:\/\/www.spaestonia.ee\/medical\/fi\/wp-json\/wp\/v2\/pages\/991","targetHints":{"allow":["GET"]}}],"collection":[{"href":"https:\/\/www.spaestonia.ee\/medical\/fi\/wp-json\/wp\/v2\/pages"}],"about":[{"href":"https:\/\/www.spaestonia.ee\/medical\/fi\/wp-json\/wp\/v2\/types\/page"}],"author":[{"embeddable":true,"href":"https:\/\/www.spaestonia.ee\/medical\/fi\/wp-json\/wp\/v2\/users\/1"}],"replies":[{"embeddable":true,"href":"https:\/\/www.spaestonia.ee\/medical\/fi\/wp-json\/wp\/v2\/comments?post=991"}],"version-history":[{"count":20,"href":"https:\/\/www.spaestonia.ee\/medical\/fi\/wp-json\/wp\/v2\/pages\/991\/revisions"}],"predecessor-version":[{"id":16519,"href":"https:\/\/www.spaestonia.ee\/medical\/fi\/wp-json\/wp\/v2\/pages\/991\/revisions\/16519"}],"wp:attachment":[{"href":"https:\/\/www.spaestonia.ee\/medical\/fi\/wp-json\/wp\/v2\/media?parent=991"}],"curies":[{"name":"wp","href":"https:\/\/api.w.org\/{rel}","templated":true}]}}