{"id":12948,"date":"2020-12-04T07:53:30","date_gmt":"2020-12-04T05:53:30","guid":{"rendered":"http:\/\/www.spaestonia.ee\/medical\/?page_id=12948"},"modified":"2023-10-26T14:05:42","modified_gmt":"2023-10-26T11:05:42","slug":"lemmikloomaga-puhkajale","status":"publish","type":"page","link":"https:\/\/www.spaestonia.ee\/medical\/lemmikloomaga-puhkajale\/","title":{"rendered":"Lemmikloomaga puhkajale"},"content":{"rendered":"<p><img loading=\"lazy\" decoding=\"async\" class=\"wp-image-12461 alignright\" src=\"http:\/\/www.spaestonia.ee\/medical\/wp-content\/uploads\/2014\/11\/kutsu_bobby_voodis.jpg\" alt=\"kutsu_bobby_voodis\" width=\"490\" height=\"342\" srcset=\"https:\/\/www.spaestonia.ee\/medical\/wp-content\/uploads\/2014\/11\/kutsu_bobby_voodis.jpg 5037w, https:\/\/www.spaestonia.ee\/medical\/wp-content\/uploads\/2014\/11\/kutsu_bobby_voodis-300x209.jpg 300w, https:\/\/www.spaestonia.ee\/medical\/wp-content\/uploads\/2014\/11\/kutsu_bobby_voodis-768x535.jpg 768w, https:\/\/www.spaestonia.ee\/medical\/wp-content\/uploads\/2014\/11\/kutsu_bobby_voodis-1024x714.jpg 1024w\" sizes=\"auto, (max-width: 490px) 100vw, 490px\" \/><strong>Hotellis on\u00a0teretulnud ka lemmikloomad.<\/strong><br \/>\nLemmiklooma tasu: 20\u20ac\/\u00f6\u00f6.<br \/>\nLemmikloomaga k\u00fclastajatele on piiratud arv tube hotelli A-korpuses, palume toa kindlasti ette broneerida!<\/p>\n<p><strong>Lisainfo ja broneerimine<\/strong>:<br \/>\ne-post\u00a0<a href=\"mailto:sales@spaestonia.ee\">sales@spaestonia.ee<\/a>, tel 447 6905<\/p>\n<p>Soovime, et nii Sinu, Su lemmiklooma ja ka teiste k\u00fclaliste puhkus m\u00f6\u00f6duks nauditavalt ning selleks oleme koostanud <a href=\"https:\/\/www.spaestonia.ee\/medical\/lemmiklooma-omaniku-meelespea\/\"><strong>LEMMIKLOOMA OMANIKU MEELESPEA<\/strong>.<\/a><\/p>\n","protected":false},"excerpt":{"rendered":"<p>Hotellis on\u00a0teretulnud ka lemmikloomad. Lemmiklooma tasu: 20\u20ac\/\u00f6\u00f6. Lemmikloomaga k\u00fclastajatele on piiratud arv tube hotelli A-korpuses,&hellip;<\/p>\n","protected":false},"author":10,"featured_media":0,"parent":0,"menu_order":0,"comment_status":"closed","ping_status":"closed","template":"","meta":{"footnotes":""},"class_list":["post-12948","page","type-page","status-publish","hentry"],"yoast_head":"<!-- This site is optimized with the Yoast SEO plugin v26.3 - https:\/\/yoast.com\/wordpress\/plugins\/seo\/ -->\n<title>Lemmikloomaga puhkajale - ESTONIA Medical Spa &amp; Hotel<\/title>\n<meta name=\"robots\" content=\"index, follow, max-snippet:-1, max-image-preview:large, max-video-preview:-1\" \/>\n<link rel=\"canonical\" href=\"https:\/\/www.spaestonia.ee\/medical\/lemmikloomaga-puhkajale\/\" \/>\n<meta property=\"og:locale\" content=\"et_EE\" \/>\n<meta property=\"og:type\" content=\"article\" \/>\n<meta property=\"og:title\" content=\"Lemmikloomaga puhkajale - ESTONIA Medical Spa &amp; Hotel\" \/>\n<meta property=\"og:description\" content=\"Hotellis on\u00a0teretulnud ka lemmikloomad. Lemmiklooma tasu: 20\u20ac\/\u00f6\u00f6. Lemmikloomaga k\u00fclastajatele on piiratud arv tube hotelli A-korpuses,&hellip;\" \/>\n<meta property=\"og:url\" content=\"https:\/\/www.spaestonia.ee\/medical\/lemmikloomaga-puhkajale\/\" \/>\n<meta property=\"og:site_name\" content=\"ESTONIA Medical Spa &amp; Hotel\" \/>\n<meta property=\"article:publisher\" content=\"https:\/\/www.facebook.com\/EstoniaMedicalSpa\" \/>\n<meta property=\"article:modified_time\" content=\"2023-10-26T11:05:42+00:00\" \/>\n<meta property=\"og:image\" content=\"http:\/\/www.spaestonia.ee\/medical\/wp-content\/uploads\/2014\/11\/kutsu_bobby_voodis.jpg\" \/>\n<meta name=\"twitter:card\" content=\"summary_large_image\" \/>\n<script type=\"application\/ld+json\" class=\"yoast-schema-graph\">{\"@context\":\"https:\/\/schema.org\",\"@graph\":[{\"@type\":\"WebPage\",\"@id\":\"https:\/\/www.spaestonia.ee\/medical\/lemmikloomaga-puhkajale\/\",\"url\":\"https:\/\/www.spaestonia.ee\/medical\/lemmikloomaga-puhkajale\/\",\"name\":\"Lemmikloomaga puhkajale - ESTONIA Medical Spa &amp; Hotel\",\"isPartOf\":{\"@id\":\"https:\/\/www.spaestonia.ee\/medical\/#website\"},\"primaryImageOfPage\":{\"@id\":\"https:\/\/www.spaestonia.ee\/medical\/lemmikloomaga-puhkajale\/#primaryimage\"},\"image\":{\"@id\":\"https:\/\/www.spaestonia.ee\/medical\/lemmikloomaga-puhkajale\/#primaryimage\"},\"thumbnailUrl\":\"http:\/\/www.spaestonia.ee\/medical\/wp-content\/uploads\/2014\/11\/kutsu_bobby_voodis.jpg\",\"datePublished\":\"2020-12-04T05:53:30+00:00\",\"dateModified\":\"2023-10-26T11:05:42+00:00\",\"breadcrumb\":{\"@id\":\"https:\/\/www.spaestonia.ee\/medical\/lemmikloomaga-puhkajale\/#breadcrumb\"},\"inLanguage\":\"et\",\"potentialAction\":[{\"@type\":\"ReadAction\",\"target\":[\"https:\/\/www.spaestonia.ee\/medical\/lemmikloomaga-puhkajale\/\"]}]},{\"@type\":\"ImageObject\",\"inLanguage\":\"et\",\"@id\":\"https:\/\/www.spaestonia.ee\/medical\/lemmikloomaga-puhkajale\/#primaryimage\",\"url\":\"https:\/\/www.spaestonia.ee\/medical\/wp-content\/uploads\/2014\/11\/kutsu_bobby_voodis.jpg\",\"contentUrl\":\"https:\/\/www.spaestonia.ee\/medical\/wp-content\/uploads\/2014\/11\/kutsu_bobby_voodis.jpg\",\"width\":5037,\"height\":3512},{\"@type\":\"BreadcrumbList\",\"@id\":\"https:\/\/www.spaestonia.ee\/medical\/lemmikloomaga-puhkajale\/#breadcrumb\",\"itemListElement\":[{\"@type\":\"ListItem\",\"position\":1,\"name\":\"Home\",\"item\":\"https:\/\/www.spaestonia.ee\/medical\/\"},{\"@type\":\"ListItem\",\"position\":2,\"name\":\"Lemmikloomaga puhkajale\"}]},{\"@type\":\"WebSite\",\"@id\":\"https:\/\/www.spaestonia.ee\/medical\/#website\",\"url\":\"https:\/\/www.spaestonia.ee\/medical\/\",\"name\":\"ESTONIA Medical Spa & Hotel\",\"description\":\"Ravispaa - Terveyskylpyl\u00e4 - P\u00e4rnu\",\"publisher\":{\"@id\":\"https:\/\/www.spaestonia.ee\/medical\/#organization\"},\"potentialAction\":[{\"@type\":\"SearchAction\",\"target\":{\"@type\":\"EntryPoint\",\"urlTemplate\":\"https:\/\/www.spaestonia.ee\/medical\/?s={search_term_string}\"},\"query-input\":{\"@type\":\"PropertyValueSpecification\",\"valueRequired\":true,\"valueName\":\"search_term_string\"}}],\"inLanguage\":\"et\"},{\"@type\":\"Organization\",\"@id\":\"https:\/\/www.spaestonia.ee\/medical\/#organization\",\"name\":\"ESTONIA Medical Spa & Hotel\",\"url\":\"https:\/\/www.spaestonia.ee\/medical\/\",\"logo\":{\"@type\":\"ImageObject\",\"inLanguage\":\"et\",\"@id\":\"https:\/\/www.spaestonia.ee\/medical\/#\/schema\/logo\/image\/\",\"url\":\"https:\/\/www.spaestonia.ee\/medical\/wp-content\/uploads\/2025\/02\/medical.jpg\",\"contentUrl\":\"https:\/\/www.spaestonia.ee\/medical\/wp-content\/uploads\/2025\/02\/medical.jpg\",\"width\":700,\"height\":450,\"caption\":\"ESTONIA Medical Spa & Hotel\"},\"image\":{\"@id\":\"https:\/\/www.spaestonia.ee\/medical\/#\/schema\/logo\/image\/\"},\"sameAs\":[\"https:\/\/www.facebook.com\/EstoniaMedicalSpa\"]}]}<\/script>\n<!-- \/ Yoast SEO plugin. -->","yoast_head_json":{"title":"Lemmikloomaga puhkajale - ESTONIA Medical Spa &amp; Hotel","robots":{"index":"index","follow":"follow","max-snippet":"max-snippet:-1","max-image-preview":"max-image-preview:large","max-video-preview":"max-video-preview:-1"},"canonical":"https:\/\/www.spaestonia.ee\/medical\/lemmikloomaga-puhkajale\/","og_locale":"et_EE","og_type":"article","og_title":"Lemmikloomaga puhkajale - ESTONIA Medical Spa &amp; Hotel","og_description":"Hotellis on\u00a0teretulnud ka lemmikloomad. Lemmiklooma tasu: 20\u20ac\/\u00f6\u00f6. Lemmikloomaga k\u00fclastajatele on piiratud arv tube hotelli A-korpuses,&hellip;","og_url":"https:\/\/www.spaestonia.ee\/medical\/lemmikloomaga-puhkajale\/","og_site_name":"ESTONIA Medical Spa &amp; Hotel","article_publisher":"https:\/\/www.facebook.com\/EstoniaMedicalSpa","article_modified_time":"2023-10-26T11:05:42+00:00","og_image":[{"url":"http:\/\/www.spaestonia.ee\/medical\/wp-content\/uploads\/2014\/11\/kutsu_bobby_voodis.jpg","type":"","width":"","height":""}],"twitter_card":"summary_large_image","schema":{"@context":"https:\/\/schema.org","@graph":[{"@type":"WebPage","@id":"https:\/\/www.spaestonia.ee\/medical\/lemmikloomaga-puhkajale\/","url":"https:\/\/www.spaestonia.ee\/medical\/lemmikloomaga-puhkajale\/","name":"Lemmikloomaga puhkajale - ESTONIA Medical Spa &amp; Hotel","isPartOf":{"@id":"https:\/\/www.spaestonia.ee\/medical\/#website"},"primaryImageOfPage":{"@id":"https:\/\/www.spaestonia.ee\/medical\/lemmikloomaga-puhkajale\/#primaryimage"},"image":{"@id":"https:\/\/www.spaestonia.ee\/medical\/lemmikloomaga-puhkajale\/#primaryimage"},"thumbnailUrl":"http:\/\/www.spaestonia.ee\/medical\/wp-content\/uploads\/2014\/11\/kutsu_bobby_voodis.jpg","datePublished":"2020-12-04T05:53:30+00:00","dateModified":"2023-10-26T11:05:42+00:00","breadcrumb":{"@id":"https:\/\/www.spaestonia.ee\/medical\/lemmikloomaga-puhkajale\/#breadcrumb"},"inLanguage":"et","potentialAction":[{"@type":"ReadAction","target":["https:\/\/www.spaestonia.ee\/medical\/lemmikloomaga-puhkajale\/"]}]},{"@type":"ImageObject","inLanguage":"et","@id":"https:\/\/www.spaestonia.ee\/medical\/lemmikloomaga-puhkajale\/#primaryimage","url":"https:\/\/www.spaestonia.ee\/medical\/wp-content\/uploads\/2014\/11\/kutsu_bobby_voodis.jpg","contentUrl":"https:\/\/www.spaestonia.ee\/medical\/wp-content\/uploads\/2014\/11\/kutsu_bobby_voodis.jpg","width":5037,"height":3512},{"@type":"BreadcrumbList","@id":"https:\/\/www.spaestonia.ee\/medical\/lemmikloomaga-puhkajale\/#breadcrumb","itemListElement":[{"@type":"ListItem","position":1,"name":"Home","item":"https:\/\/www.spaestonia.ee\/medical\/"},{"@type":"ListItem","position":2,"name":"Lemmikloomaga puhkajale"}]},{"@type":"WebSite","@id":"https:\/\/www.spaestonia.ee\/medical\/#website","url":"https:\/\/www.spaestonia.ee\/medical\/","name":"ESTONIA Medical Spa & Hotel","description":"Ravispaa - Terveyskylpyl\u00e4 - P\u00e4rnu","publisher":{"@id":"https:\/\/www.spaestonia.ee\/medical\/#organization"},"potentialAction":[{"@type":"SearchAction","target":{"@type":"EntryPoint","urlTemplate":"https:\/\/www.spaestonia.ee\/medical\/?s={search_term_string}"},"query-input":{"@type":"PropertyValueSpecification","valueRequired":true,"valueName":"search_term_string"}}],"inLanguage":"et"},{"@type":"Organization","@id":"https:\/\/www.spaestonia.ee\/medical\/#organization","name":"ESTONIA Medical Spa & Hotel","url":"https:\/\/www.spaestonia.ee\/medical\/","logo":{"@type":"ImageObject","inLanguage":"et","@id":"https:\/\/www.spaestonia.ee\/medical\/#\/schema\/logo\/image\/","url":"https:\/\/www.spaestonia.ee\/medical\/wp-content\/uploads\/2025\/02\/medical.jpg","contentUrl":"https:\/\/www.spaestonia.ee\/medical\/wp-content\/uploads\/2025\/02\/medical.jpg","width":700,"height":450,"caption":"ESTONIA Medical Spa & Hotel"},"image":{"@id":"https:\/\/www.spaestonia.ee\/medical\/#\/schema\/logo\/image\/"},"sameAs":["https:\/\/www.facebook.com\/EstoniaMedicalSpa"]}]}},"_links":{"self":[{"href":"https:\/\/www.spaestonia.ee\/medical\/wp-json\/wp\/v2\/pages\/12948","targetHints":{"allow":["GET"]}}],"collection":[{"href":"https:\/\/www.spaestonia.ee\/medical\/wp-json\/wp\/v2\/pages"}],"about":[{"href":"https:\/\/www.spaestonia.ee\/medical\/wp-json\/wp\/v2\/types\/page"}],"author":[{"embeddable":true,"href":"https:\/\/www.spaestonia.ee\/medical\/wp-json\/wp\/v2\/users\/10"}],"replies":[{"embeddable":true,"href":"https:\/\/www.spaestonia.ee\/medical\/wp-json\/wp\/v2\/comments?post=12948"}],"version-history":[{"count":7,"href":"https:\/\/www.spaestonia.ee\/medical\/wp-json\/wp\/v2\/pages\/12948\/revisions"}],"predecessor-version":[{"id":19973,"href":"https:\/\/www.spaestonia.ee\/medical\/wp-json\/wp\/v2\/pages\/12948\/revisions\/19973"}],"wp:attachment":[{"href":"https:\/\/www.spaestonia.ee\/medical\/wp-json\/wp\/v2\/media?parent=12948"}],"curies":[{"name":"wp","href":"https:\/\/api.w.org\/{rel}","templated":true}]}}