{"id":19783,"date":"2023-10-06T15:53:18","date_gmt":"2023-10-06T12:53:18","guid":{"rendered":"https:\/\/www.spaestonia.ee\/medical\/?page_id=19783"},"modified":"2023-10-25T15:45:43","modified_gmt":"2023-10-25T12:45:43","slug":"sook-ja-jook","status":"publish","type":"page","link":"https:\/\/www.spaestonia.ee\/medical\/sook-ja-jook\/","title":{"rendered":"S\u00d6\u00d6K JA JOOK"},"content":{"rendered":"<h3><strong>BUFFET-RESTORAN\u00a0\u00a0\u00a0\u00a0\u00a0\u00a0\u00a0\u00a0\u00a0\u00a0\u00a0 <\/strong><\/h3>\n<p>Restoran asub P-osa 5. korrusel.<\/p>\n<p><strong>\u00bb Hommikus\u00f6\u00f6k<\/strong> E\u2013R 7.00\u201310.00, L\u2013P 7.00\u201310.30<br \/>\n<strong>\u00bb L\u00f5unas\u00f6\u00f6k<\/strong> E\u2013P 12.00\u201314.00<br \/>\n<strong>\u00bb \u00d5htus\u00f6\u00f6k<\/strong> E\u2013P 17.00\u201319.00<\/p>\n<p><strong>S\u00f6\u00f6ma minnes palume kaasa v\u00f5tta hotellikaart!<br \/>\n<\/strong>Kui Teie paketis ei sisaldu l\u00f5una- v\u00f5i \u00f5htus\u00f6\u00f6k, siis saate selle lisatasu eest juurde tellida hotelli vastuv\u00f5tust.<\/p>\n<h3><strong>KAUPLUS\u00a0 <\/strong><\/h3>\n<p>Kauplus asub 1. korruse fuajees. Valikus joogid, maiustused, kohv\/tee, kerged eined, postkaardid ja suveniirid.<\/p>\n","protected":false},"excerpt":{"rendered":"<p>BUFFET-RESTORAN\u00a0\u00a0\u00a0\u00a0\u00a0\u00a0\u00a0\u00a0\u00a0\u00a0\u00a0 Restoran asub P-osa 5. korrusel. \u00bb Hommikus\u00f6\u00f6k E\u2013R 7.00\u201310.00, L\u2013P 7.00\u201310.30 \u00bb L\u00f5unas\u00f6\u00f6k E\u2013P&hellip;<\/p>\n","protected":false},"author":16,"featured_media":0,"parent":0,"menu_order":0,"comment_status":"closed","ping_status":"closed","template":"","meta":{"footnotes":""},"class_list":["post-19783","page","type-page","status-publish","hentry"],"yoast_head":"<!-- This site is optimized with the Yoast SEO plugin v26.3 - https:\/\/yoast.com\/wordpress\/plugins\/seo\/ -->\n<title>S\u00d6\u00d6K JA JOOK - ESTONIA Medical Spa &amp; Hotel<\/title>\n<meta name=\"robots\" content=\"index, follow, max-snippet:-1, max-image-preview:large, max-video-preview:-1\" \/>\n<link rel=\"canonical\" href=\"https:\/\/www.spaestonia.ee\/medical\/sook-ja-jook\/\" \/>\n<meta property=\"og:locale\" content=\"et_EE\" \/>\n<meta property=\"og:type\" content=\"article\" \/>\n<meta property=\"og:title\" content=\"S\u00d6\u00d6K JA JOOK - ESTONIA Medical Spa &amp; Hotel\" \/>\n<meta property=\"og:description\" content=\"BUFFET-RESTORAN\u00a0\u00a0\u00a0\u00a0\u00a0\u00a0\u00a0\u00a0\u00a0\u00a0\u00a0 Restoran asub P-osa 5. korrusel. \u00bb Hommikus\u00f6\u00f6k E\u2013R 7.00\u201310.00, L\u2013P 7.00\u201310.30 \u00bb L\u00f5unas\u00f6\u00f6k E\u2013P&hellip;\" \/>\n<meta property=\"og:url\" content=\"https:\/\/www.spaestonia.ee\/medical\/sook-ja-jook\/\" \/>\n<meta property=\"og:site_name\" content=\"ESTONIA Medical Spa &amp; Hotel\" \/>\n<meta property=\"article:publisher\" content=\"https:\/\/www.facebook.com\/EstoniaMedicalSpa\" \/>\n<meta property=\"article:modified_time\" content=\"2023-10-25T12:45:43+00:00\" \/>\n<meta name=\"twitter:card\" content=\"summary_large_image\" \/>\n<script type=\"application\/ld+json\" class=\"yoast-schema-graph\">{\"@context\":\"https:\/\/schema.org\",\"@graph\":[{\"@type\":\"WebPage\",\"@id\":\"https:\/\/www.spaestonia.ee\/medical\/sook-ja-jook\/\",\"url\":\"https:\/\/www.spaestonia.ee\/medical\/sook-ja-jook\/\",\"name\":\"S\u00d6\u00d6K JA JOOK - ESTONIA Medical Spa &amp; Hotel\",\"isPartOf\":{\"@id\":\"https:\/\/www.spaestonia.ee\/medical\/#website\"},\"datePublished\":\"2023-10-06T12:53:18+00:00\",\"dateModified\":\"2023-10-25T12:45:43+00:00\",\"breadcrumb\":{\"@id\":\"https:\/\/www.spaestonia.ee\/medical\/sook-ja-jook\/#breadcrumb\"},\"inLanguage\":\"et\",\"potentialAction\":[{\"@type\":\"ReadAction\",\"target\":[\"https:\/\/www.spaestonia.ee\/medical\/sook-ja-jook\/\"]}]},{\"@type\":\"BreadcrumbList\",\"@id\":\"https:\/\/www.spaestonia.ee\/medical\/sook-ja-jook\/#breadcrumb\",\"itemListElement\":[{\"@type\":\"ListItem\",\"position\":1,\"name\":\"Home\",\"item\":\"https:\/\/www.spaestonia.ee\/medical\/\"},{\"@type\":\"ListItem\",\"position\":2,\"name\":\"S\u00d6\u00d6K JA JOOK\"}]},{\"@type\":\"WebSite\",\"@id\":\"https:\/\/www.spaestonia.ee\/medical\/#website\",\"url\":\"https:\/\/www.spaestonia.ee\/medical\/\",\"name\":\"ESTONIA Medical Spa & Hotel\",\"description\":\"Ravispaa - Terveyskylpyl\u00e4 - P\u00e4rnu\",\"publisher\":{\"@id\":\"https:\/\/www.spaestonia.ee\/medical\/#organization\"},\"potentialAction\":[{\"@type\":\"SearchAction\",\"target\":{\"@type\":\"EntryPoint\",\"urlTemplate\":\"https:\/\/www.spaestonia.ee\/medical\/?s={search_term_string}\"},\"query-input\":{\"@type\":\"PropertyValueSpecification\",\"valueRequired\":true,\"valueName\":\"search_term_string\"}}],\"inLanguage\":\"et\"},{\"@type\":\"Organization\",\"@id\":\"https:\/\/www.spaestonia.ee\/medical\/#organization\",\"name\":\"ESTONIA Medical Spa & Hotel\",\"url\":\"https:\/\/www.spaestonia.ee\/medical\/\",\"logo\":{\"@type\":\"ImageObject\",\"inLanguage\":\"et\",\"@id\":\"https:\/\/www.spaestonia.ee\/medical\/#\/schema\/logo\/image\/\",\"url\":\"https:\/\/www.spaestonia.ee\/medical\/wp-content\/uploads\/2025\/02\/medical.jpg\",\"contentUrl\":\"https:\/\/www.spaestonia.ee\/medical\/wp-content\/uploads\/2025\/02\/medical.jpg\",\"width\":700,\"height\":450,\"caption\":\"ESTONIA Medical Spa & Hotel\"},\"image\":{\"@id\":\"https:\/\/www.spaestonia.ee\/medical\/#\/schema\/logo\/image\/\"},\"sameAs\":[\"https:\/\/www.facebook.com\/EstoniaMedicalSpa\"]}]}<\/script>\n<!-- \/ Yoast SEO plugin. -->","yoast_head_json":{"title":"S\u00d6\u00d6K JA JOOK - ESTONIA Medical Spa &amp; Hotel","robots":{"index":"index","follow":"follow","max-snippet":"max-snippet:-1","max-image-preview":"max-image-preview:large","max-video-preview":"max-video-preview:-1"},"canonical":"https:\/\/www.spaestonia.ee\/medical\/sook-ja-jook\/","og_locale":"et_EE","og_type":"article","og_title":"S\u00d6\u00d6K JA JOOK - ESTONIA Medical Spa &amp; Hotel","og_description":"BUFFET-RESTORAN\u00a0\u00a0\u00a0\u00a0\u00a0\u00a0\u00a0\u00a0\u00a0\u00a0\u00a0 Restoran asub P-osa 5. korrusel. \u00bb Hommikus\u00f6\u00f6k E\u2013R 7.00\u201310.00, L\u2013P 7.00\u201310.30 \u00bb L\u00f5unas\u00f6\u00f6k E\u2013P&hellip;","og_url":"https:\/\/www.spaestonia.ee\/medical\/sook-ja-jook\/","og_site_name":"ESTONIA Medical Spa &amp; Hotel","article_publisher":"https:\/\/www.facebook.com\/EstoniaMedicalSpa","article_modified_time":"2023-10-25T12:45:43+00:00","twitter_card":"summary_large_image","schema":{"@context":"https:\/\/schema.org","@graph":[{"@type":"WebPage","@id":"https:\/\/www.spaestonia.ee\/medical\/sook-ja-jook\/","url":"https:\/\/www.spaestonia.ee\/medical\/sook-ja-jook\/","name":"S\u00d6\u00d6K JA JOOK - ESTONIA Medical Spa &amp; Hotel","isPartOf":{"@id":"https:\/\/www.spaestonia.ee\/medical\/#website"},"datePublished":"2023-10-06T12:53:18+00:00","dateModified":"2023-10-25T12:45:43+00:00","breadcrumb":{"@id":"https:\/\/www.spaestonia.ee\/medical\/sook-ja-jook\/#breadcrumb"},"inLanguage":"et","potentialAction":[{"@type":"ReadAction","target":["https:\/\/www.spaestonia.ee\/medical\/sook-ja-jook\/"]}]},{"@type":"BreadcrumbList","@id":"https:\/\/www.spaestonia.ee\/medical\/sook-ja-jook\/#breadcrumb","itemListElement":[{"@type":"ListItem","position":1,"name":"Home","item":"https:\/\/www.spaestonia.ee\/medical\/"},{"@type":"ListItem","position":2,"name":"S\u00d6\u00d6K JA JOOK"}]},{"@type":"WebSite","@id":"https:\/\/www.spaestonia.ee\/medical\/#website","url":"https:\/\/www.spaestonia.ee\/medical\/","name":"ESTONIA Medical Spa & Hotel","description":"Ravispaa - Terveyskylpyl\u00e4 - P\u00e4rnu","publisher":{"@id":"https:\/\/www.spaestonia.ee\/medical\/#organization"},"potentialAction":[{"@type":"SearchAction","target":{"@type":"EntryPoint","urlTemplate":"https:\/\/www.spaestonia.ee\/medical\/?s={search_term_string}"},"query-input":{"@type":"PropertyValueSpecification","valueRequired":true,"valueName":"search_term_string"}}],"inLanguage":"et"},{"@type":"Organization","@id":"https:\/\/www.spaestonia.ee\/medical\/#organization","name":"ESTONIA Medical Spa & Hotel","url":"https:\/\/www.spaestonia.ee\/medical\/","logo":{"@type":"ImageObject","inLanguage":"et","@id":"https:\/\/www.spaestonia.ee\/medical\/#\/schema\/logo\/image\/","url":"https:\/\/www.spaestonia.ee\/medical\/wp-content\/uploads\/2025\/02\/medical.jpg","contentUrl":"https:\/\/www.spaestonia.ee\/medical\/wp-content\/uploads\/2025\/02\/medical.jpg","width":700,"height":450,"caption":"ESTONIA Medical Spa & Hotel"},"image":{"@id":"https:\/\/www.spaestonia.ee\/medical\/#\/schema\/logo\/image\/"},"sameAs":["https:\/\/www.facebook.com\/EstoniaMedicalSpa"]}]}},"_links":{"self":[{"href":"https:\/\/www.spaestonia.ee\/medical\/wp-json\/wp\/v2\/pages\/19783","targetHints":{"allow":["GET"]}}],"collection":[{"href":"https:\/\/www.spaestonia.ee\/medical\/wp-json\/wp\/v2\/pages"}],"about":[{"href":"https:\/\/www.spaestonia.ee\/medical\/wp-json\/wp\/v2\/types\/page"}],"author":[{"embeddable":true,"href":"https:\/\/www.spaestonia.ee\/medical\/wp-json\/wp\/v2\/users\/16"}],"replies":[{"embeddable":true,"href":"https:\/\/www.spaestonia.ee\/medical\/wp-json\/wp\/v2\/comments?post=19783"}],"version-history":[{"count":2,"href":"https:\/\/www.spaestonia.ee\/medical\/wp-json\/wp\/v2\/pages\/19783\/revisions"}],"predecessor-version":[{"id":19944,"href":"https:\/\/www.spaestonia.ee\/medical\/wp-json\/wp\/v2\/pages\/19783\/revisions\/19944"}],"wp:attachment":[{"href":"https:\/\/www.spaestonia.ee\/medical\/wp-json\/wp\/v2\/media?parent=19783"}],"curies":[{"name":"wp","href":"https:\/\/api.w.org\/{rel}","templated":true}]}}