{"id":19785,"date":"2023-10-06T15:56:11","date_gmt":"2023-10-06T12:56:11","guid":{"rendered":"https:\/\/www.spaestonia.ee\/medical\/?page_id=19785"},"modified":"2025-09-12T15:14:05","modified_gmt":"2025-09-12T12:14:05","slug":"muu-info","status":"publish","type":"page","link":"https:\/\/www.spaestonia.ee\/medical\/muu-info\/","title":{"rendered":"MUU INFO"},"content":{"rendered":"<h3><strong>WIFI<\/strong><\/h3>\n<p>Tasuta internet (WIFI) levib enamikes hotellitubades. V\u00f5rgu nimetus on<strong> Estonia_Medical_Spa<\/strong>.<\/p>\n<h3><strong>TV<\/strong><\/h3>\n<p>Tubade TV kanalivalikus on kohalikud ja rahvusvahelised telekanalid. \u201eOK\u201c nupp toob ekraanile kanalite nimekirja, kust saab nooleklahvidega kanalite vahel liikuda. Kanalivaliku kinnitamiseks vajutage \u201eOK\u201c. Kanalite vahetus k\u00e4ib puldilt \u201eP+\u201c ja \u201eP-\u201e nuppudega.<\/p>\n<h3><strong>SUITSETAMINE<\/strong><\/h3>\n<p>ESTONIA Medical Spa &amp; Hotel on suitsuvaba hotell. Suitsetamine on keelatud hotelli siseruumides ja ka r\u00f5dudel. Suitsetamine on lubatud hotellist v\u00e4ljaspool. Trahv eksimuse korral 100 \u20ac.<\/p>\n<h3><strong>\u00d6\u00d6RAHU<\/strong><\/h3>\n<p>\u00d6\u00f6rahu kestab hotellis kell 23.00\u20137.00. \u00d6\u00f6rahu tagab k\u00fclastajatele rahuliku une ja puhkuse. \u00d6\u00f6rahu rikkujaid kutsutakse korrale (vajadusel kaasatakse turvat\u00f6\u00f6tajad v\u00f5i politsei) ning hotellil on \u00f5igus korda rikkunud k\u00fclastaja majutus katkestada. Viimasel juhul on k\u00fclastaja kohustatud tasuma broneeritud majutuse ja tellitud lisateenuste eest. Lisaks on hotellil \u00f5igus k\u00fcsida tekitatud kahju h\u00fcvitamiseks trahvi al 50 eurot iga v\u00e4ljakutse eest vastavalt rikkumise tasemele.<br \/>\n\u00d6\u00f6rahu rikkumise all m\u00f5istetakse teiste isikute h\u00e4irimist heliliste, valgus-, mehhaaniliste, elektrooniliste jms vahenditega.<\/p>\n<h3><strong>PARKIMINE<br \/>\n<\/strong><\/h3>\n<p>Parkimine hotelli parklas on 1.05-31.08 tasuline, muul ajal tasuta.\u00a0Lisainfo\u00a0<a role=\"link\" href=\"https:\/\/www.spaestonia.ee\/medical\/asukoht\/\">SIIN<\/a>.<\/p>\n<p>&nbsp;<\/p>\n","protected":false},"excerpt":{"rendered":"<p>WIFI Tasuta internet (WIFI) levib enamikes hotellitubades. V\u00f5rgu nimetus on Estonia_Medical_Spa. TV Tubade TV kanalivalikus&hellip;<\/p>\n","protected":false},"author":16,"featured_media":0,"parent":0,"menu_order":0,"comment_status":"closed","ping_status":"closed","template":"","meta":{"footnotes":""},"class_list":["post-19785","page","type-page","status-publish","hentry"],"yoast_head":"<!-- This site is optimized with the Yoast SEO plugin v26.3 - https:\/\/yoast.com\/wordpress\/plugins\/seo\/ -->\n<title>MUU INFO - ESTONIA Medical Spa &amp; Hotel<\/title>\n<meta name=\"robots\" content=\"index, follow, max-snippet:-1, max-image-preview:large, max-video-preview:-1\" \/>\n<link rel=\"canonical\" href=\"https:\/\/www.spaestonia.ee\/medical\/muu-info\/\" \/>\n<meta property=\"og:locale\" content=\"et_EE\" \/>\n<meta property=\"og:type\" content=\"article\" \/>\n<meta property=\"og:title\" content=\"MUU INFO - ESTONIA Medical Spa &amp; Hotel\" \/>\n<meta property=\"og:description\" content=\"WIFI Tasuta internet (WIFI) levib enamikes hotellitubades. V\u00f5rgu nimetus on Estonia_Medical_Spa. TV Tubade TV kanalivalikus&hellip;\" \/>\n<meta property=\"og:url\" content=\"https:\/\/www.spaestonia.ee\/medical\/muu-info\/\" \/>\n<meta property=\"og:site_name\" content=\"ESTONIA Medical Spa &amp; Hotel\" \/>\n<meta property=\"article:publisher\" content=\"https:\/\/www.facebook.com\/EstoniaMedicalSpa\" \/>\n<meta property=\"article:modified_time\" content=\"2025-09-12T12:14:05+00:00\" \/>\n<meta name=\"twitter:card\" content=\"summary_large_image\" \/>\n<meta name=\"twitter:label1\" content=\"Est. reading time\" \/>\n\t<meta name=\"twitter:data1\" content=\"1 minut\" \/>\n<script type=\"application\/ld+json\" class=\"yoast-schema-graph\">{\"@context\":\"https:\/\/schema.org\",\"@graph\":[{\"@type\":\"WebPage\",\"@id\":\"https:\/\/www.spaestonia.ee\/medical\/muu-info\/\",\"url\":\"https:\/\/www.spaestonia.ee\/medical\/muu-info\/\",\"name\":\"MUU INFO - ESTONIA Medical Spa &amp; Hotel\",\"isPartOf\":{\"@id\":\"https:\/\/www.spaestonia.ee\/medical\/#website\"},\"datePublished\":\"2023-10-06T12:56:11+00:00\",\"dateModified\":\"2025-09-12T12:14:05+00:00\",\"breadcrumb\":{\"@id\":\"https:\/\/www.spaestonia.ee\/medical\/muu-info\/#breadcrumb\"},\"inLanguage\":\"et\",\"potentialAction\":[{\"@type\":\"ReadAction\",\"target\":[\"https:\/\/www.spaestonia.ee\/medical\/muu-info\/\"]}]},{\"@type\":\"BreadcrumbList\",\"@id\":\"https:\/\/www.spaestonia.ee\/medical\/muu-info\/#breadcrumb\",\"itemListElement\":[{\"@type\":\"ListItem\",\"position\":1,\"name\":\"Home\",\"item\":\"https:\/\/www.spaestonia.ee\/medical\/\"},{\"@type\":\"ListItem\",\"position\":2,\"name\":\"MUU INFO\"}]},{\"@type\":\"WebSite\",\"@id\":\"https:\/\/www.spaestonia.ee\/medical\/#website\",\"url\":\"https:\/\/www.spaestonia.ee\/medical\/\",\"name\":\"ESTONIA Medical Spa & Hotel\",\"description\":\"Ravispaa - Terveyskylpyl\u00e4 - P\u00e4rnu\",\"publisher\":{\"@id\":\"https:\/\/www.spaestonia.ee\/medical\/#organization\"},\"potentialAction\":[{\"@type\":\"SearchAction\",\"target\":{\"@type\":\"EntryPoint\",\"urlTemplate\":\"https:\/\/www.spaestonia.ee\/medical\/?s={search_term_string}\"},\"query-input\":{\"@type\":\"PropertyValueSpecification\",\"valueRequired\":true,\"valueName\":\"search_term_string\"}}],\"inLanguage\":\"et\"},{\"@type\":\"Organization\",\"@id\":\"https:\/\/www.spaestonia.ee\/medical\/#organization\",\"name\":\"ESTONIA Medical Spa & Hotel\",\"url\":\"https:\/\/www.spaestonia.ee\/medical\/\",\"logo\":{\"@type\":\"ImageObject\",\"inLanguage\":\"et\",\"@id\":\"https:\/\/www.spaestonia.ee\/medical\/#\/schema\/logo\/image\/\",\"url\":\"https:\/\/www.spaestonia.ee\/medical\/wp-content\/uploads\/2025\/02\/medical.jpg\",\"contentUrl\":\"https:\/\/www.spaestonia.ee\/medical\/wp-content\/uploads\/2025\/02\/medical.jpg\",\"width\":700,\"height\":450,\"caption\":\"ESTONIA Medical Spa & Hotel\"},\"image\":{\"@id\":\"https:\/\/www.spaestonia.ee\/medical\/#\/schema\/logo\/image\/\"},\"sameAs\":[\"https:\/\/www.facebook.com\/EstoniaMedicalSpa\"]}]}<\/script>\n<!-- \/ Yoast SEO plugin. -->","yoast_head_json":{"title":"MUU INFO - ESTONIA Medical Spa &amp; Hotel","robots":{"index":"index","follow":"follow","max-snippet":"max-snippet:-1","max-image-preview":"max-image-preview:large","max-video-preview":"max-video-preview:-1"},"canonical":"https:\/\/www.spaestonia.ee\/medical\/muu-info\/","og_locale":"et_EE","og_type":"article","og_title":"MUU INFO - ESTONIA Medical Spa &amp; Hotel","og_description":"WIFI Tasuta internet (WIFI) levib enamikes hotellitubades. V\u00f5rgu nimetus on Estonia_Medical_Spa. TV Tubade TV kanalivalikus&hellip;","og_url":"https:\/\/www.spaestonia.ee\/medical\/muu-info\/","og_site_name":"ESTONIA Medical Spa &amp; Hotel","article_publisher":"https:\/\/www.facebook.com\/EstoniaMedicalSpa","article_modified_time":"2025-09-12T12:14:05+00:00","twitter_card":"summary_large_image","twitter_misc":{"Est. reading time":"1 minut"},"schema":{"@context":"https:\/\/schema.org","@graph":[{"@type":"WebPage","@id":"https:\/\/www.spaestonia.ee\/medical\/muu-info\/","url":"https:\/\/www.spaestonia.ee\/medical\/muu-info\/","name":"MUU INFO - ESTONIA Medical Spa &amp; Hotel","isPartOf":{"@id":"https:\/\/www.spaestonia.ee\/medical\/#website"},"datePublished":"2023-10-06T12:56:11+00:00","dateModified":"2025-09-12T12:14:05+00:00","breadcrumb":{"@id":"https:\/\/www.spaestonia.ee\/medical\/muu-info\/#breadcrumb"},"inLanguage":"et","potentialAction":[{"@type":"ReadAction","target":["https:\/\/www.spaestonia.ee\/medical\/muu-info\/"]}]},{"@type":"BreadcrumbList","@id":"https:\/\/www.spaestonia.ee\/medical\/muu-info\/#breadcrumb","itemListElement":[{"@type":"ListItem","position":1,"name":"Home","item":"https:\/\/www.spaestonia.ee\/medical\/"},{"@type":"ListItem","position":2,"name":"MUU INFO"}]},{"@type":"WebSite","@id":"https:\/\/www.spaestonia.ee\/medical\/#website","url":"https:\/\/www.spaestonia.ee\/medical\/","name":"ESTONIA Medical Spa & Hotel","description":"Ravispaa - Terveyskylpyl\u00e4 - P\u00e4rnu","publisher":{"@id":"https:\/\/www.spaestonia.ee\/medical\/#organization"},"potentialAction":[{"@type":"SearchAction","target":{"@type":"EntryPoint","urlTemplate":"https:\/\/www.spaestonia.ee\/medical\/?s={search_term_string}"},"query-input":{"@type":"PropertyValueSpecification","valueRequired":true,"valueName":"search_term_string"}}],"inLanguage":"et"},{"@type":"Organization","@id":"https:\/\/www.spaestonia.ee\/medical\/#organization","name":"ESTONIA Medical Spa & Hotel","url":"https:\/\/www.spaestonia.ee\/medical\/","logo":{"@type":"ImageObject","inLanguage":"et","@id":"https:\/\/www.spaestonia.ee\/medical\/#\/schema\/logo\/image\/","url":"https:\/\/www.spaestonia.ee\/medical\/wp-content\/uploads\/2025\/02\/medical.jpg","contentUrl":"https:\/\/www.spaestonia.ee\/medical\/wp-content\/uploads\/2025\/02\/medical.jpg","width":700,"height":450,"caption":"ESTONIA Medical Spa & Hotel"},"image":{"@id":"https:\/\/www.spaestonia.ee\/medical\/#\/schema\/logo\/image\/"},"sameAs":["https:\/\/www.facebook.com\/EstoniaMedicalSpa"]}]}},"_links":{"self":[{"href":"https:\/\/www.spaestonia.ee\/medical\/wp-json\/wp\/v2\/pages\/19785","targetHints":{"allow":["GET"]}}],"collection":[{"href":"https:\/\/www.spaestonia.ee\/medical\/wp-json\/wp\/v2\/pages"}],"about":[{"href":"https:\/\/www.spaestonia.ee\/medical\/wp-json\/wp\/v2\/types\/page"}],"author":[{"embeddable":true,"href":"https:\/\/www.spaestonia.ee\/medical\/wp-json\/wp\/v2\/users\/16"}],"replies":[{"embeddable":true,"href":"https:\/\/www.spaestonia.ee\/medical\/wp-json\/wp\/v2\/comments?post=19785"}],"version-history":[{"count":7,"href":"https:\/\/www.spaestonia.ee\/medical\/wp-json\/wp\/v2\/pages\/19785\/revisions"}],"predecessor-version":[{"id":22796,"href":"https:\/\/www.spaestonia.ee\/medical\/wp-json\/wp\/v2\/pages\/19785\/revisions\/22796"}],"wp:attachment":[{"href":"https:\/\/www.spaestonia.ee\/medical\/wp-json\/wp\/v2\/media?parent=19785"}],"curies":[{"name":"wp","href":"https:\/\/api.w.org\/{rel}","templated":true}]}}