{"id":19790,"date":"2023-10-06T16:08:42","date_gmt":"2023-10-06T13:08:42","guid":{"rendered":"https:\/\/www.spaestonia.ee\/medical\/?page_id=19790"},"modified":"2024-04-09T14:50:19","modified_gmt":"2024-04-09T11:50:19","slug":"teenused","status":"publish","type":"page","link":"https:\/\/www.spaestonia.ee\/medical\/teenused\/","title":{"rendered":"Teenused"},"content":{"rendered":"<h3><strong>SPAAKESKUS TERMID <\/strong><\/h3>\n<p><strong><a href=\"https:\/\/www.spaestonia.ee\/medical\/termid\/\">Spaakeskus TERMID<\/a><\/strong> asub hotelli A-osas ja on avatud iga p\u00e4ev kell 7.30\u201321.30 (v.a <a href=\"https:\/\/www.spaestonia.ee\/medical\/termid\/hoolduspaevad\/\">hooldusp\u00e4evadel<\/a>). Saunad l\u00fclitatakse v\u00e4lja kell 21.00. Lahkumisp\u00e4eval spaakeskusesse sisenemine kuni 10.00.<\/p>\n<p><strong>Spaakeskusesse minnes palume hotellitoast kaasa v\u00f5tta saunalina ja hotellikaart! Lisaks soovitame jalga panna spaasandaalid. <\/strong>TERMIDES karastusjookide ostmiseks palume kaasa v\u00f5tta sularaha, mille TERMIDE administraator deponeerib Teie k\u00e4epaelale. Kasutamata j\u00e4\u00e4nud raha tagastatakse Teile sularahas TERMIDEST lahkudes.<\/p>\n<p>NB! K\u00f5ik alla 14-aastased lapsed peavad spaas viibima t\u00e4iskasvanu j\u00e4relevalvel.<\/p>\n<h3><strong>RAVIPROTSEDUURID <\/strong><\/h3>\n<p>ESTONIA ravispaa on spetsialiseerunud luu- ja liigeshaiguste ennetus- ja taastusravile. Leevendust saab ka s\u00fcdame-vereringe, perifeerse n\u00e4rvis\u00fcsteemi, hingamisteede- ning nahahaiguste korral. Tutvu raviprotseduuride valikuga <a href=\"https:\/\/www.spaestonia.ee\/medical\/ravispaa-ja-ilusalong\/raviprotseduurid\/\"><strong>SIIN<\/strong><\/a>.<\/p>\n<p><strong>Lisainfo ja broneerimine:<br \/>\n<\/strong>\u00bb <strong>E-P <\/strong>hotelli vastuv\u00f5tus: tel +372 447 6915<br \/>\n\u00bb <strong>E-R<\/strong>\u00a0(08.00\u201316.30)<br \/>\ne-post ravip@spaestonia.ee | tel +372 447 6950<\/p>\n<h3><strong>VALVE\u00d5DE<\/strong><\/h3>\n<p>E\u2013R 8.00\u201312.00 P-osa 2. korrusel kabinetis 226.<\/p>\n<h3><strong>J\u00d5USAAL\u00a0 <\/strong><\/h3>\n<p>J\u00f5usaal asub P-korpuse 1. korrusel. J\u00f5usaal on hotellik\u00fclastajatele tasuta ja avatud iga p\u00e4ev kell 7.00\u201322.00.<\/p>\n<h3><strong>ILUSALONG <\/strong><\/h3>\n<p>Ilusalong asub A-osa 1. korrusel. Tutvu ilusalongi teenuste valikuga <a href=\"https:\/\/www.spaestonia.ee\/medical\/ravispaa-ja-ilusalong\/ilusalong\/\"><strong>SIIN<\/strong><\/a>.<\/p>\n<p>Salong on avatud E\u2013R 9.00\u201317.00<\/p>\n<p><strong>Lisainfo ja broneerimine:<br \/>\n<\/strong>\u00bb e-post ilusalong@spaestonia.ee<br \/>\n\u00bb tel +372 440 1015<\/p>\n","protected":false},"excerpt":{"rendered":"<p>SPAAKESKUS TERMID Spaakeskus TERMID asub hotelli A-osas ja on avatud iga p\u00e4ev kell 7.30\u201321.30 (v.a&hellip;<\/p>\n","protected":false},"author":16,"featured_media":0,"parent":0,"menu_order":0,"comment_status":"closed","ping_status":"closed","template":"","meta":{"footnotes":""},"class_list":["post-19790","page","type-page","status-publish","hentry"],"yoast_head":"<!-- This site is optimized with the Yoast SEO plugin v26.3 - https:\/\/yoast.com\/wordpress\/plugins\/seo\/ -->\n<title>Teenused - ESTONIA Medical Spa &amp; Hotel<\/title>\n<meta name=\"robots\" content=\"index, follow, max-snippet:-1, max-image-preview:large, max-video-preview:-1\" \/>\n<link rel=\"canonical\" href=\"https:\/\/www.spaestonia.ee\/medical\/teenused\/\" \/>\n<meta property=\"og:locale\" content=\"et_EE\" \/>\n<meta property=\"og:type\" content=\"article\" \/>\n<meta property=\"og:title\" content=\"Teenused - ESTONIA Medical Spa &amp; Hotel\" \/>\n<meta property=\"og:description\" content=\"SPAAKESKUS TERMID Spaakeskus TERMID asub hotelli A-osas ja on avatud iga p\u00e4ev kell 7.30\u201321.30 (v.a&hellip;\" \/>\n<meta property=\"og:url\" content=\"https:\/\/www.spaestonia.ee\/medical\/teenused\/\" \/>\n<meta property=\"og:site_name\" content=\"ESTONIA Medical Spa &amp; Hotel\" \/>\n<meta property=\"article:publisher\" content=\"https:\/\/www.facebook.com\/EstoniaMedicalSpa\" \/>\n<meta property=\"article:modified_time\" content=\"2024-04-09T11:50:19+00:00\" \/>\n<meta name=\"twitter:card\" content=\"summary_large_image\" \/>\n<meta name=\"twitter:label1\" content=\"Est. reading time\" \/>\n\t<meta name=\"twitter:data1\" content=\"1 minut\" \/>\n<script type=\"application\/ld+json\" class=\"yoast-schema-graph\">{\"@context\":\"https:\/\/schema.org\",\"@graph\":[{\"@type\":\"WebPage\",\"@id\":\"https:\/\/www.spaestonia.ee\/medical\/teenused\/\",\"url\":\"https:\/\/www.spaestonia.ee\/medical\/teenused\/\",\"name\":\"Teenused - ESTONIA Medical Spa &amp; Hotel\",\"isPartOf\":{\"@id\":\"https:\/\/www.spaestonia.ee\/medical\/#website\"},\"datePublished\":\"2023-10-06T13:08:42+00:00\",\"dateModified\":\"2024-04-09T11:50:19+00:00\",\"breadcrumb\":{\"@id\":\"https:\/\/www.spaestonia.ee\/medical\/teenused\/#breadcrumb\"},\"inLanguage\":\"et\",\"potentialAction\":[{\"@type\":\"ReadAction\",\"target\":[\"https:\/\/www.spaestonia.ee\/medical\/teenused\/\"]}]},{\"@type\":\"BreadcrumbList\",\"@id\":\"https:\/\/www.spaestonia.ee\/medical\/teenused\/#breadcrumb\",\"itemListElement\":[{\"@type\":\"ListItem\",\"position\":1,\"name\":\"Home\",\"item\":\"https:\/\/www.spaestonia.ee\/medical\/\"},{\"@type\":\"ListItem\",\"position\":2,\"name\":\"Teenused\"}]},{\"@type\":\"WebSite\",\"@id\":\"https:\/\/www.spaestonia.ee\/medical\/#website\",\"url\":\"https:\/\/www.spaestonia.ee\/medical\/\",\"name\":\"ESTONIA Medical Spa & Hotel\",\"description\":\"Ravispaa - Terveyskylpyl\u00e4 - P\u00e4rnu\",\"publisher\":{\"@id\":\"https:\/\/www.spaestonia.ee\/medical\/#organization\"},\"potentialAction\":[{\"@type\":\"SearchAction\",\"target\":{\"@type\":\"EntryPoint\",\"urlTemplate\":\"https:\/\/www.spaestonia.ee\/medical\/?s={search_term_string}\"},\"query-input\":{\"@type\":\"PropertyValueSpecification\",\"valueRequired\":true,\"valueName\":\"search_term_string\"}}],\"inLanguage\":\"et\"},{\"@type\":\"Organization\",\"@id\":\"https:\/\/www.spaestonia.ee\/medical\/#organization\",\"name\":\"ESTONIA Medical Spa & Hotel\",\"url\":\"https:\/\/www.spaestonia.ee\/medical\/\",\"logo\":{\"@type\":\"ImageObject\",\"inLanguage\":\"et\",\"@id\":\"https:\/\/www.spaestonia.ee\/medical\/#\/schema\/logo\/image\/\",\"url\":\"https:\/\/www.spaestonia.ee\/medical\/wp-content\/uploads\/2025\/02\/medical.jpg\",\"contentUrl\":\"https:\/\/www.spaestonia.ee\/medical\/wp-content\/uploads\/2025\/02\/medical.jpg\",\"width\":700,\"height\":450,\"caption\":\"ESTONIA Medical Spa & Hotel\"},\"image\":{\"@id\":\"https:\/\/www.spaestonia.ee\/medical\/#\/schema\/logo\/image\/\"},\"sameAs\":[\"https:\/\/www.facebook.com\/EstoniaMedicalSpa\"]}]}<\/script>\n<!-- \/ Yoast SEO plugin. -->","yoast_head_json":{"title":"Teenused - ESTONIA Medical Spa &amp; Hotel","robots":{"index":"index","follow":"follow","max-snippet":"max-snippet:-1","max-image-preview":"max-image-preview:large","max-video-preview":"max-video-preview:-1"},"canonical":"https:\/\/www.spaestonia.ee\/medical\/teenused\/","og_locale":"et_EE","og_type":"article","og_title":"Teenused - ESTONIA Medical Spa &amp; Hotel","og_description":"SPAAKESKUS TERMID Spaakeskus TERMID asub hotelli A-osas ja on avatud iga p\u00e4ev kell 7.30\u201321.30 (v.a&hellip;","og_url":"https:\/\/www.spaestonia.ee\/medical\/teenused\/","og_site_name":"ESTONIA Medical Spa &amp; Hotel","article_publisher":"https:\/\/www.facebook.com\/EstoniaMedicalSpa","article_modified_time":"2024-04-09T11:50:19+00:00","twitter_card":"summary_large_image","twitter_misc":{"Est. reading time":"1 minut"},"schema":{"@context":"https:\/\/schema.org","@graph":[{"@type":"WebPage","@id":"https:\/\/www.spaestonia.ee\/medical\/teenused\/","url":"https:\/\/www.spaestonia.ee\/medical\/teenused\/","name":"Teenused - ESTONIA Medical Spa &amp; Hotel","isPartOf":{"@id":"https:\/\/www.spaestonia.ee\/medical\/#website"},"datePublished":"2023-10-06T13:08:42+00:00","dateModified":"2024-04-09T11:50:19+00:00","breadcrumb":{"@id":"https:\/\/www.spaestonia.ee\/medical\/teenused\/#breadcrumb"},"inLanguage":"et","potentialAction":[{"@type":"ReadAction","target":["https:\/\/www.spaestonia.ee\/medical\/teenused\/"]}]},{"@type":"BreadcrumbList","@id":"https:\/\/www.spaestonia.ee\/medical\/teenused\/#breadcrumb","itemListElement":[{"@type":"ListItem","position":1,"name":"Home","item":"https:\/\/www.spaestonia.ee\/medical\/"},{"@type":"ListItem","position":2,"name":"Teenused"}]},{"@type":"WebSite","@id":"https:\/\/www.spaestonia.ee\/medical\/#website","url":"https:\/\/www.spaestonia.ee\/medical\/","name":"ESTONIA Medical Spa & Hotel","description":"Ravispaa - Terveyskylpyl\u00e4 - P\u00e4rnu","publisher":{"@id":"https:\/\/www.spaestonia.ee\/medical\/#organization"},"potentialAction":[{"@type":"SearchAction","target":{"@type":"EntryPoint","urlTemplate":"https:\/\/www.spaestonia.ee\/medical\/?s={search_term_string}"},"query-input":{"@type":"PropertyValueSpecification","valueRequired":true,"valueName":"search_term_string"}}],"inLanguage":"et"},{"@type":"Organization","@id":"https:\/\/www.spaestonia.ee\/medical\/#organization","name":"ESTONIA Medical Spa & Hotel","url":"https:\/\/www.spaestonia.ee\/medical\/","logo":{"@type":"ImageObject","inLanguage":"et","@id":"https:\/\/www.spaestonia.ee\/medical\/#\/schema\/logo\/image\/","url":"https:\/\/www.spaestonia.ee\/medical\/wp-content\/uploads\/2025\/02\/medical.jpg","contentUrl":"https:\/\/www.spaestonia.ee\/medical\/wp-content\/uploads\/2025\/02\/medical.jpg","width":700,"height":450,"caption":"ESTONIA Medical Spa & Hotel"},"image":{"@id":"https:\/\/www.spaestonia.ee\/medical\/#\/schema\/logo\/image\/"},"sameAs":["https:\/\/www.facebook.com\/EstoniaMedicalSpa"]}]}},"_links":{"self":[{"href":"https:\/\/www.spaestonia.ee\/medical\/wp-json\/wp\/v2\/pages\/19790","targetHints":{"allow":["GET"]}}],"collection":[{"href":"https:\/\/www.spaestonia.ee\/medical\/wp-json\/wp\/v2\/pages"}],"about":[{"href":"https:\/\/www.spaestonia.ee\/medical\/wp-json\/wp\/v2\/types\/page"}],"author":[{"embeddable":true,"href":"https:\/\/www.spaestonia.ee\/medical\/wp-json\/wp\/v2\/users\/16"}],"replies":[{"embeddable":true,"href":"https:\/\/www.spaestonia.ee\/medical\/wp-json\/wp\/v2\/comments?post=19790"}],"version-history":[{"count":10,"href":"https:\/\/www.spaestonia.ee\/medical\/wp-json\/wp\/v2\/pages\/19790\/revisions"}],"predecessor-version":[{"id":20740,"href":"https:\/\/www.spaestonia.ee\/medical\/wp-json\/wp\/v2\/pages\/19790\/revisions\/20740"}],"wp:attachment":[{"href":"https:\/\/www.spaestonia.ee\/medical\/wp-json\/wp\/v2\/media?parent=19790"}],"curies":[{"name":"wp","href":"https:\/\/api.w.org\/{rel}","templated":true}]}}