{"id":19796,"date":"2023-10-06T16:15:32","date_gmt":"2023-10-06T13:15:32","guid":{"rendered":"https:\/\/www.spaestonia.ee\/medical\/?page_id=19796"},"modified":"2025-06-16T09:00:12","modified_gmt":"2025-06-16T06:00:12","slug":"tubade-koristamine","status":"publish","type":"page","link":"https:\/\/www.spaestonia.ee\/medical\/tubade-koristamine\/","title":{"rendered":"TUBADE KORISTAMINE"},"content":{"rendered":"<p><strong>P\u00e4evakoristust teostame ajavahemikul kell 10.00\u201316.00<\/strong>. Puhastusteenindaja j\u00e4lgib toa uksele asetatud silti PALUN KORISTADA v\u00f5i MITTE H\u00c4IRIDA.<\/p>\n<p><strong>\u00bb\u00a0 <\/strong>Toad, millel on silt PALUN KORISTADA, koristatakse esimesel v\u00f5imalusel. P\u00f6\u00f6rame Teie t\u00e4helepanu, et meie puhastusteenindaja ei t\u00f5sta ega paiguta \u00fcmber Teie toas olevaid isiklikke esemeid ning koristuse ajaks palume need j\u00e4tta nii, et koristuspind oleks vaba.<\/p>\n<p><strong>\u00bb\u00a0 <\/strong>Kui silt MITTE H\u00c4IRIDA on uksel terve p\u00e4evakoristuse ajavahemiku, siis p\u00e4evakoristust sel p\u00e4eval ei tehta.<\/p>\n<p><strong>\u00bb\u00a0 <\/strong>Aita meil loodust ja vett s\u00e4\u00e4sta kasutades r\u00e4tikuid korduvalt!<br \/>\n<strong>\u00a0 \u00a0\u2013 <\/strong>Kui Te EI SOOVI R\u00c4TTIDE VAHETUST, siis palun riputage r\u00e4tid nagisse.<br \/>\n<strong>\u00a0 \u00a0\u2013\u00a0 <\/strong>Kui Te SOOVITE UUSI R\u00c4TTE, siis palun asetage r\u00e4tid p\u00f5randale!<\/p>\n<p><strong>\u00bb<\/strong>\u00a0 Kui toas on koer, asetage palun uksele silt TOAS ON KOER. Kui lemmikloom on toas \u00fcksinda, siis koristust ei tehta.<\/p>\n","protected":false},"excerpt":{"rendered":"<p>P\u00e4evakoristust teostame ajavahemikul kell 10.00\u201316.00. Puhastusteenindaja j\u00e4lgib toa uksele asetatud silti PALUN KORISTADA v\u00f5i MITTE&hellip;<\/p>\n","protected":false},"author":16,"featured_media":0,"parent":0,"menu_order":0,"comment_status":"closed","ping_status":"closed","template":"","meta":{"footnotes":""},"class_list":["post-19796","page","type-page","status-publish","hentry"],"yoast_head":"<!-- This site is optimized with the Yoast SEO plugin v26.3 - https:\/\/yoast.com\/wordpress\/plugins\/seo\/ -->\n<title>TUBADE KORISTAMINE - ESTONIA Medical Spa &amp; Hotel<\/title>\n<meta name=\"robots\" content=\"index, follow, max-snippet:-1, max-image-preview:large, max-video-preview:-1\" \/>\n<link rel=\"canonical\" href=\"https:\/\/www.spaestonia.ee\/medical\/tubade-koristamine\/\" \/>\n<meta property=\"og:locale\" content=\"et_EE\" \/>\n<meta property=\"og:type\" content=\"article\" \/>\n<meta property=\"og:title\" content=\"TUBADE KORISTAMINE - ESTONIA Medical Spa &amp; Hotel\" \/>\n<meta property=\"og:description\" content=\"P\u00e4evakoristust teostame ajavahemikul kell 10.00\u201316.00. Puhastusteenindaja j\u00e4lgib toa uksele asetatud silti PALUN KORISTADA v\u00f5i MITTE&hellip;\" \/>\n<meta property=\"og:url\" content=\"https:\/\/www.spaestonia.ee\/medical\/tubade-koristamine\/\" \/>\n<meta property=\"og:site_name\" content=\"ESTONIA Medical Spa &amp; Hotel\" \/>\n<meta property=\"article:publisher\" content=\"https:\/\/www.facebook.com\/EstoniaMedicalSpa\" \/>\n<meta property=\"article:modified_time\" content=\"2025-06-16T06:00:12+00:00\" \/>\n<meta name=\"twitter:card\" content=\"summary_large_image\" \/>\n<meta name=\"twitter:label1\" content=\"Est. reading time\" \/>\n\t<meta name=\"twitter:data1\" content=\"1 minut\" \/>\n<script type=\"application\/ld+json\" class=\"yoast-schema-graph\">{\"@context\":\"https:\/\/schema.org\",\"@graph\":[{\"@type\":\"WebPage\",\"@id\":\"https:\/\/www.spaestonia.ee\/medical\/tubade-koristamine\/\",\"url\":\"https:\/\/www.spaestonia.ee\/medical\/tubade-koristamine\/\",\"name\":\"TUBADE KORISTAMINE - ESTONIA Medical Spa &amp; Hotel\",\"isPartOf\":{\"@id\":\"https:\/\/www.spaestonia.ee\/medical\/#website\"},\"datePublished\":\"2023-10-06T13:15:32+00:00\",\"dateModified\":\"2025-06-16T06:00:12+00:00\",\"breadcrumb\":{\"@id\":\"https:\/\/www.spaestonia.ee\/medical\/tubade-koristamine\/#breadcrumb\"},\"inLanguage\":\"et\",\"potentialAction\":[{\"@type\":\"ReadAction\",\"target\":[\"https:\/\/www.spaestonia.ee\/medical\/tubade-koristamine\/\"]}]},{\"@type\":\"BreadcrumbList\",\"@id\":\"https:\/\/www.spaestonia.ee\/medical\/tubade-koristamine\/#breadcrumb\",\"itemListElement\":[{\"@type\":\"ListItem\",\"position\":1,\"name\":\"Home\",\"item\":\"https:\/\/www.spaestonia.ee\/medical\/\"},{\"@type\":\"ListItem\",\"position\":2,\"name\":\"TUBADE KORISTAMINE\"}]},{\"@type\":\"WebSite\",\"@id\":\"https:\/\/www.spaestonia.ee\/medical\/#website\",\"url\":\"https:\/\/www.spaestonia.ee\/medical\/\",\"name\":\"ESTONIA Medical Spa & Hotel\",\"description\":\"Ravispaa - Terveyskylpyl\u00e4 - P\u00e4rnu\",\"publisher\":{\"@id\":\"https:\/\/www.spaestonia.ee\/medical\/#organization\"},\"potentialAction\":[{\"@type\":\"SearchAction\",\"target\":{\"@type\":\"EntryPoint\",\"urlTemplate\":\"https:\/\/www.spaestonia.ee\/medical\/?s={search_term_string}\"},\"query-input\":{\"@type\":\"PropertyValueSpecification\",\"valueRequired\":true,\"valueName\":\"search_term_string\"}}],\"inLanguage\":\"et\"},{\"@type\":\"Organization\",\"@id\":\"https:\/\/www.spaestonia.ee\/medical\/#organization\",\"name\":\"ESTONIA Medical Spa & Hotel\",\"url\":\"https:\/\/www.spaestonia.ee\/medical\/\",\"logo\":{\"@type\":\"ImageObject\",\"inLanguage\":\"et\",\"@id\":\"https:\/\/www.spaestonia.ee\/medical\/#\/schema\/logo\/image\/\",\"url\":\"https:\/\/www.spaestonia.ee\/medical\/wp-content\/uploads\/2025\/02\/medical.jpg\",\"contentUrl\":\"https:\/\/www.spaestonia.ee\/medical\/wp-content\/uploads\/2025\/02\/medical.jpg\",\"width\":700,\"height\":450,\"caption\":\"ESTONIA Medical Spa & Hotel\"},\"image\":{\"@id\":\"https:\/\/www.spaestonia.ee\/medical\/#\/schema\/logo\/image\/\"},\"sameAs\":[\"https:\/\/www.facebook.com\/EstoniaMedicalSpa\"]}]}<\/script>\n<!-- \/ Yoast SEO plugin. -->","yoast_head_json":{"title":"TUBADE KORISTAMINE - ESTONIA Medical Spa &amp; Hotel","robots":{"index":"index","follow":"follow","max-snippet":"max-snippet:-1","max-image-preview":"max-image-preview:large","max-video-preview":"max-video-preview:-1"},"canonical":"https:\/\/www.spaestonia.ee\/medical\/tubade-koristamine\/","og_locale":"et_EE","og_type":"article","og_title":"TUBADE KORISTAMINE - ESTONIA Medical Spa &amp; Hotel","og_description":"P\u00e4evakoristust teostame ajavahemikul kell 10.00\u201316.00. Puhastusteenindaja j\u00e4lgib toa uksele asetatud silti PALUN KORISTADA v\u00f5i MITTE&hellip;","og_url":"https:\/\/www.spaestonia.ee\/medical\/tubade-koristamine\/","og_site_name":"ESTONIA Medical Spa &amp; Hotel","article_publisher":"https:\/\/www.facebook.com\/EstoniaMedicalSpa","article_modified_time":"2025-06-16T06:00:12+00:00","twitter_card":"summary_large_image","twitter_misc":{"Est. reading time":"1 minut"},"schema":{"@context":"https:\/\/schema.org","@graph":[{"@type":"WebPage","@id":"https:\/\/www.spaestonia.ee\/medical\/tubade-koristamine\/","url":"https:\/\/www.spaestonia.ee\/medical\/tubade-koristamine\/","name":"TUBADE KORISTAMINE - ESTONIA Medical Spa &amp; Hotel","isPartOf":{"@id":"https:\/\/www.spaestonia.ee\/medical\/#website"},"datePublished":"2023-10-06T13:15:32+00:00","dateModified":"2025-06-16T06:00:12+00:00","breadcrumb":{"@id":"https:\/\/www.spaestonia.ee\/medical\/tubade-koristamine\/#breadcrumb"},"inLanguage":"et","potentialAction":[{"@type":"ReadAction","target":["https:\/\/www.spaestonia.ee\/medical\/tubade-koristamine\/"]}]},{"@type":"BreadcrumbList","@id":"https:\/\/www.spaestonia.ee\/medical\/tubade-koristamine\/#breadcrumb","itemListElement":[{"@type":"ListItem","position":1,"name":"Home","item":"https:\/\/www.spaestonia.ee\/medical\/"},{"@type":"ListItem","position":2,"name":"TUBADE KORISTAMINE"}]},{"@type":"WebSite","@id":"https:\/\/www.spaestonia.ee\/medical\/#website","url":"https:\/\/www.spaestonia.ee\/medical\/","name":"ESTONIA Medical Spa & Hotel","description":"Ravispaa - Terveyskylpyl\u00e4 - P\u00e4rnu","publisher":{"@id":"https:\/\/www.spaestonia.ee\/medical\/#organization"},"potentialAction":[{"@type":"SearchAction","target":{"@type":"EntryPoint","urlTemplate":"https:\/\/www.spaestonia.ee\/medical\/?s={search_term_string}"},"query-input":{"@type":"PropertyValueSpecification","valueRequired":true,"valueName":"search_term_string"}}],"inLanguage":"et"},{"@type":"Organization","@id":"https:\/\/www.spaestonia.ee\/medical\/#organization","name":"ESTONIA Medical Spa & Hotel","url":"https:\/\/www.spaestonia.ee\/medical\/","logo":{"@type":"ImageObject","inLanguage":"et","@id":"https:\/\/www.spaestonia.ee\/medical\/#\/schema\/logo\/image\/","url":"https:\/\/www.spaestonia.ee\/medical\/wp-content\/uploads\/2025\/02\/medical.jpg","contentUrl":"https:\/\/www.spaestonia.ee\/medical\/wp-content\/uploads\/2025\/02\/medical.jpg","width":700,"height":450,"caption":"ESTONIA Medical Spa & Hotel"},"image":{"@id":"https:\/\/www.spaestonia.ee\/medical\/#\/schema\/logo\/image\/"},"sameAs":["https:\/\/www.facebook.com\/EstoniaMedicalSpa"]}]}},"_links":{"self":[{"href":"https:\/\/www.spaestonia.ee\/medical\/wp-json\/wp\/v2\/pages\/19796","targetHints":{"allow":["GET"]}}],"collection":[{"href":"https:\/\/www.spaestonia.ee\/medical\/wp-json\/wp\/v2\/pages"}],"about":[{"href":"https:\/\/www.spaestonia.ee\/medical\/wp-json\/wp\/v2\/types\/page"}],"author":[{"embeddable":true,"href":"https:\/\/www.spaestonia.ee\/medical\/wp-json\/wp\/v2\/users\/16"}],"replies":[{"embeddable":true,"href":"https:\/\/www.spaestonia.ee\/medical\/wp-json\/wp\/v2\/comments?post=19796"}],"version-history":[{"count":4,"href":"https:\/\/www.spaestonia.ee\/medical\/wp-json\/wp\/v2\/pages\/19796\/revisions"}],"predecessor-version":[{"id":22612,"href":"https:\/\/www.spaestonia.ee\/medical\/wp-json\/wp\/v2\/pages\/19796\/revisions\/22612"}],"wp:attachment":[{"href":"https:\/\/www.spaestonia.ee\/medical\/wp-json\/wp\/v2\/media?parent=19796"}],"curies":[{"name":"wp","href":"https:\/\/api.w.org\/{rel}","templated":true}]}}