{"id":19802,"date":"2023-10-06T16:20:31","date_gmt":"2023-10-06T13:20:31","guid":{"rendered":"https:\/\/www.spaestonia.ee\/medical\/?page_id=19802"},"modified":"2023-10-06T16:20:31","modified_gmt":"2023-10-06T13:20:31","slug":"tuleohutus","status":"publish","type":"page","link":"https:\/\/www.spaestonia.ee\/medical\/tuleohutus\/","title":{"rendered":"TULEOHUTUS"},"content":{"rendered":"<p>Hotell on varustatud k\u00f5ige t\u00e4nap\u00e4evasemate tulekustutite ja tuleohutusseadmetega. Tulekahju korral k\u00f5lab pidev h\u00e4ire\u00adsignaal. Lugege j\u00e4rgnevaid tuleohutusjuhiseid ning tutvuge evakuatsiooniplaaniga, mille leiate oma toa v\u00e4ljap\u00e4\u00e4su juurest.<\/p>\n<p><strong>TULEOHUTUSJUHISED:<br \/>\n<\/strong><strong>\u00bb\u00a0\u00a0<\/strong>Toast lahkudes t\u00f5mmake vooluv\u00f5rgust v\u00e4lja k\u00f5ik elektriseadmed.<br \/>\n<strong>\u00bb\u00a0\u00a0<\/strong>Isiklike elektriradiaatorite kasutamine hotellitoas on keelatud.<br \/>\n<strong>\u00bb\u00a0\u00a0<\/strong>Kui m\u00e4rkate suitsu v\u00f5i tuld, teavitage sellest kohe vastuv\u00f5ttu (tasuta l\u00fchinumber toast helistades 915, tavanumber on +372 447 6915).<\/p>\n<p><strong>Kui kuulete h\u00e4iresignaali, tunnete suitsul\u00f5hna v\u00f5i Teile antakse <\/strong><strong>evakueerimisjuhiseid, k\u00e4ituge j\u00e4rgmiselt:<br \/>\n\u00bb\u00a0 <\/strong>V\u00f5tke oma dokumendid ja toa v\u00f5ti ning lahkuge toast.<br \/>\n<strong>\u00bb\u00a0\u00a0<\/strong>Enne uste avamist kontrollige, kas uks on kuum v\u00f5i kas ukse tagant immitseb suitsu.<br \/>\n<strong>\u00bb\u00a0\u00a0<\/strong>Kui koridoris pole otseseid ohum\u00e4rke, lahkuge toast ja sulgege uks, kuid \u00e4rge lukustage seda.<br \/>\n<strong>\u00bb\u00a0\u00a0<\/strong>Liikuge l\u00e4hima v\u00e4ljap\u00e4\u00e4su poole, j\u00e4rgige evakuatsiooniplaani ja -m\u00e4rke. Evakuatsiooniplaani leiate oma toast ukse juures olevalt seinalt. H\u00e4daolukorras \u00e4rge kasutage lifte, need l\u00fclitatakse siis v\u00e4lja.<\/p>\n<p><strong>Kui toast evakueerumine pole v\u00f5imalik, k\u00e4ituge j\u00e4rgmiselt:<br \/>\n<\/strong><strong>\u00bb\u00a0\u00a0<\/strong>Sulgege uks, kuid \u00e4rge seda lukustage.<br \/>\n<strong>\u00bb\u00a0\u00a0<\/strong>Teavitage vastuv\u00f5ttu oma asukohast ning Teiega koos viibiva\u00adtest inimestest (tasuta l\u00fchinumber toast helistades 915, tavanumber on +372 447 6915), \u00f6elge oma toa number ja toas olevate inimeste arv.<br \/>\n<strong>\u00bb\u00a0\u00a0<\/strong>Asetage ukse alla m\u00e4rjad r\u00e4tikud.<br \/>\n<strong>\u00bb\u00a0\u00a0<\/strong>P\u00fc\u00fcdke olla p\u00f5randale v\u00f5imalikult l\u00e4hedal ning \u00e4rge hingake suitsu sisse, v\u00f5imaluse korral hingake l\u00e4bi m\u00e4rja k\u00e4ter\u00e4tiku.<\/p>\n","protected":false},"excerpt":{"rendered":"<p>Hotell on varustatud k\u00f5ige t\u00e4nap\u00e4evasemate tulekustutite ja tuleohutusseadmetega. Tulekahju korral k\u00f5lab pidev h\u00e4ire\u00adsignaal. Lugege j\u00e4rgnevaid&hellip;<\/p>\n","protected":false},"author":16,"featured_media":0,"parent":0,"menu_order":0,"comment_status":"closed","ping_status":"closed","template":"","meta":{"footnotes":""},"class_list":["post-19802","page","type-page","status-publish","hentry"],"yoast_head":"<!-- This site is optimized with the Yoast SEO plugin v26.3 - https:\/\/yoast.com\/wordpress\/plugins\/seo\/ -->\n<title>TULEOHUTUS - ESTONIA Medical Spa &amp; Hotel<\/title>\n<meta name=\"robots\" content=\"index, follow, max-snippet:-1, max-image-preview:large, max-video-preview:-1\" \/>\n<link rel=\"canonical\" href=\"https:\/\/www.spaestonia.ee\/medical\/tuleohutus\/\" \/>\n<meta property=\"og:locale\" content=\"et_EE\" \/>\n<meta property=\"og:type\" content=\"article\" \/>\n<meta property=\"og:title\" content=\"TULEOHUTUS - ESTONIA Medical Spa &amp; Hotel\" \/>\n<meta property=\"og:description\" content=\"Hotell on varustatud k\u00f5ige t\u00e4nap\u00e4evasemate tulekustutite ja tuleohutusseadmetega. Tulekahju korral k\u00f5lab pidev h\u00e4ire\u00adsignaal. Lugege j\u00e4rgnevaid&hellip;\" \/>\n<meta property=\"og:url\" content=\"https:\/\/www.spaestonia.ee\/medical\/tuleohutus\/\" \/>\n<meta property=\"og:site_name\" content=\"ESTONIA Medical Spa &amp; Hotel\" \/>\n<meta property=\"article:publisher\" content=\"https:\/\/www.facebook.com\/EstoniaMedicalSpa\" \/>\n<meta name=\"twitter:card\" content=\"summary_large_image\" \/>\n<meta name=\"twitter:label1\" content=\"Est. reading time\" \/>\n\t<meta name=\"twitter:data1\" content=\"1 minut\" \/>\n<script type=\"application\/ld+json\" class=\"yoast-schema-graph\">{\"@context\":\"https:\/\/schema.org\",\"@graph\":[{\"@type\":\"WebPage\",\"@id\":\"https:\/\/www.spaestonia.ee\/medical\/tuleohutus\/\",\"url\":\"https:\/\/www.spaestonia.ee\/medical\/tuleohutus\/\",\"name\":\"TULEOHUTUS - ESTONIA Medical Spa &amp; Hotel\",\"isPartOf\":{\"@id\":\"https:\/\/www.spaestonia.ee\/medical\/#website\"},\"datePublished\":\"2023-10-06T13:20:31+00:00\",\"breadcrumb\":{\"@id\":\"https:\/\/www.spaestonia.ee\/medical\/tuleohutus\/#breadcrumb\"},\"inLanguage\":\"et\",\"potentialAction\":[{\"@type\":\"ReadAction\",\"target\":[\"https:\/\/www.spaestonia.ee\/medical\/tuleohutus\/\"]}]},{\"@type\":\"BreadcrumbList\",\"@id\":\"https:\/\/www.spaestonia.ee\/medical\/tuleohutus\/#breadcrumb\",\"itemListElement\":[{\"@type\":\"ListItem\",\"position\":1,\"name\":\"Home\",\"item\":\"https:\/\/www.spaestonia.ee\/medical\/\"},{\"@type\":\"ListItem\",\"position\":2,\"name\":\"TULEOHUTUS\"}]},{\"@type\":\"WebSite\",\"@id\":\"https:\/\/www.spaestonia.ee\/medical\/#website\",\"url\":\"https:\/\/www.spaestonia.ee\/medical\/\",\"name\":\"ESTONIA Medical Spa & Hotel\",\"description\":\"Ravispaa - Terveyskylpyl\u00e4 - P\u00e4rnu\",\"publisher\":{\"@id\":\"https:\/\/www.spaestonia.ee\/medical\/#organization\"},\"potentialAction\":[{\"@type\":\"SearchAction\",\"target\":{\"@type\":\"EntryPoint\",\"urlTemplate\":\"https:\/\/www.spaestonia.ee\/medical\/?s={search_term_string}\"},\"query-input\":{\"@type\":\"PropertyValueSpecification\",\"valueRequired\":true,\"valueName\":\"search_term_string\"}}],\"inLanguage\":\"et\"},{\"@type\":\"Organization\",\"@id\":\"https:\/\/www.spaestonia.ee\/medical\/#organization\",\"name\":\"ESTONIA Medical Spa & Hotel\",\"url\":\"https:\/\/www.spaestonia.ee\/medical\/\",\"logo\":{\"@type\":\"ImageObject\",\"inLanguage\":\"et\",\"@id\":\"https:\/\/www.spaestonia.ee\/medical\/#\/schema\/logo\/image\/\",\"url\":\"https:\/\/www.spaestonia.ee\/medical\/wp-content\/uploads\/2025\/02\/medical.jpg\",\"contentUrl\":\"https:\/\/www.spaestonia.ee\/medical\/wp-content\/uploads\/2025\/02\/medical.jpg\",\"width\":700,\"height\":450,\"caption\":\"ESTONIA Medical Spa & Hotel\"},\"image\":{\"@id\":\"https:\/\/www.spaestonia.ee\/medical\/#\/schema\/logo\/image\/\"},\"sameAs\":[\"https:\/\/www.facebook.com\/EstoniaMedicalSpa\"]}]}<\/script>\n<!-- \/ Yoast SEO plugin. -->","yoast_head_json":{"title":"TULEOHUTUS - ESTONIA Medical Spa &amp; Hotel","robots":{"index":"index","follow":"follow","max-snippet":"max-snippet:-1","max-image-preview":"max-image-preview:large","max-video-preview":"max-video-preview:-1"},"canonical":"https:\/\/www.spaestonia.ee\/medical\/tuleohutus\/","og_locale":"et_EE","og_type":"article","og_title":"TULEOHUTUS - ESTONIA Medical Spa &amp; Hotel","og_description":"Hotell on varustatud k\u00f5ige t\u00e4nap\u00e4evasemate tulekustutite ja tuleohutusseadmetega. Tulekahju korral k\u00f5lab pidev h\u00e4ire\u00adsignaal. Lugege j\u00e4rgnevaid&hellip;","og_url":"https:\/\/www.spaestonia.ee\/medical\/tuleohutus\/","og_site_name":"ESTONIA Medical Spa &amp; Hotel","article_publisher":"https:\/\/www.facebook.com\/EstoniaMedicalSpa","twitter_card":"summary_large_image","twitter_misc":{"Est. reading time":"1 minut"},"schema":{"@context":"https:\/\/schema.org","@graph":[{"@type":"WebPage","@id":"https:\/\/www.spaestonia.ee\/medical\/tuleohutus\/","url":"https:\/\/www.spaestonia.ee\/medical\/tuleohutus\/","name":"TULEOHUTUS - ESTONIA Medical Spa &amp; Hotel","isPartOf":{"@id":"https:\/\/www.spaestonia.ee\/medical\/#website"},"datePublished":"2023-10-06T13:20:31+00:00","breadcrumb":{"@id":"https:\/\/www.spaestonia.ee\/medical\/tuleohutus\/#breadcrumb"},"inLanguage":"et","potentialAction":[{"@type":"ReadAction","target":["https:\/\/www.spaestonia.ee\/medical\/tuleohutus\/"]}]},{"@type":"BreadcrumbList","@id":"https:\/\/www.spaestonia.ee\/medical\/tuleohutus\/#breadcrumb","itemListElement":[{"@type":"ListItem","position":1,"name":"Home","item":"https:\/\/www.spaestonia.ee\/medical\/"},{"@type":"ListItem","position":2,"name":"TULEOHUTUS"}]},{"@type":"WebSite","@id":"https:\/\/www.spaestonia.ee\/medical\/#website","url":"https:\/\/www.spaestonia.ee\/medical\/","name":"ESTONIA Medical Spa & Hotel","description":"Ravispaa - Terveyskylpyl\u00e4 - P\u00e4rnu","publisher":{"@id":"https:\/\/www.spaestonia.ee\/medical\/#organization"},"potentialAction":[{"@type":"SearchAction","target":{"@type":"EntryPoint","urlTemplate":"https:\/\/www.spaestonia.ee\/medical\/?s={search_term_string}"},"query-input":{"@type":"PropertyValueSpecification","valueRequired":true,"valueName":"search_term_string"}}],"inLanguage":"et"},{"@type":"Organization","@id":"https:\/\/www.spaestonia.ee\/medical\/#organization","name":"ESTONIA Medical Spa & Hotel","url":"https:\/\/www.spaestonia.ee\/medical\/","logo":{"@type":"ImageObject","inLanguage":"et","@id":"https:\/\/www.spaestonia.ee\/medical\/#\/schema\/logo\/image\/","url":"https:\/\/www.spaestonia.ee\/medical\/wp-content\/uploads\/2025\/02\/medical.jpg","contentUrl":"https:\/\/www.spaestonia.ee\/medical\/wp-content\/uploads\/2025\/02\/medical.jpg","width":700,"height":450,"caption":"ESTONIA Medical Spa & Hotel"},"image":{"@id":"https:\/\/www.spaestonia.ee\/medical\/#\/schema\/logo\/image\/"},"sameAs":["https:\/\/www.facebook.com\/EstoniaMedicalSpa"]}]}},"_links":{"self":[{"href":"https:\/\/www.spaestonia.ee\/medical\/wp-json\/wp\/v2\/pages\/19802","targetHints":{"allow":["GET"]}}],"collection":[{"href":"https:\/\/www.spaestonia.ee\/medical\/wp-json\/wp\/v2\/pages"}],"about":[{"href":"https:\/\/www.spaestonia.ee\/medical\/wp-json\/wp\/v2\/types\/page"}],"author":[{"embeddable":true,"href":"https:\/\/www.spaestonia.ee\/medical\/wp-json\/wp\/v2\/users\/16"}],"replies":[{"embeddable":true,"href":"https:\/\/www.spaestonia.ee\/medical\/wp-json\/wp\/v2\/comments?post=19802"}],"version-history":[{"count":1,"href":"https:\/\/www.spaestonia.ee\/medical\/wp-json\/wp\/v2\/pages\/19802\/revisions"}],"predecessor-version":[{"id":19803,"href":"https:\/\/www.spaestonia.ee\/medical\/wp-json\/wp\/v2\/pages\/19802\/revisions\/19803"}],"wp:attachment":[{"href":"https:\/\/www.spaestonia.ee\/medical\/wp-json\/wp\/v2\/media?parent=19802"}],"curies":[{"name":"wp","href":"https:\/\/api.w.org\/{rel}","templated":true}]}}