{"id":23051,"date":"2025-12-12T09:06:37","date_gmt":"2025-12-12T07:06:37","guid":{"rendered":"https:\/\/www.spaestonia.ee\/medical\/?page_id=23051"},"modified":"2025-12-12T09:10:35","modified_gmt":"2025-12-12T07:10:35","slug":"spaateenuste-nautimise-hea-tava","status":"publish","type":"page","link":"https:\/\/www.spaestonia.ee\/medical\/ravispaa__trashed\/spaateenuste-nautimise-hea-tava\/","title":{"rendered":"Spaateenuste nautimise hea tava"},"content":{"rendered":"<p><strong><span style=\"font-size: 16px;\">Tere tulemast ESTONIA Medical Spa &amp; Hotel\u00b4i! <\/span><\/strong><br \/>\n<strong><span style=\"font-size: 16px;\">Palume tutvuda meie hea tavaga, et spaateenuse kasutamine kulgeks sujuvalt ja nauditavalt.<\/span><\/strong><\/p>\n<p><span style=\"font-size: 20px; color: #3366ff;\"><strong>Teenuste broneerimine ja t\u00fchistamine<\/strong><\/span><\/p>\n<ul>\n<li>Et kindlustada soovitud hoolitsused, soovitame need <strong>eelnevalt ette broneerida<\/strong>.<br \/>\nVali endale sobiv protseduuri aeg ning broneeri ja tasu mugavalt<strong> <a href=\"https:\/\/medical-spa.spaestonia.ee\/et\/\">ONLINE\u00b4s<\/a>!<\/strong><\/li>\n<li>Broneerimine <strong>telefoni v\u00f5i e-posti teel:<br \/>\n<\/strong>&#8211; <a href=\"https:\/\/www.spaestonia.ee\/medical\/ravispaa-ja-ilusalong\/raviprotseduurid\/\">Raviprotseduuride<\/a> ajad saab tellida: <a href=\"mailto:ravip@spaestonia.ee\">ravip@spaestonia.ee<\/a> v\u00f5i tel +372 447 6950<br \/>\n&#8211; <a href=\"https:\/\/www.spaestonia.ee\/medical\/ravispaa-ja-ilusalong\/ilusalong\/ilusalongi-hinnakiri\/\">Iluhoolitsuste<\/a> ajad saab tellida: <a href=\"mailto:ilusalong@spaestonia.ee\">ilusalong@spaestonia.ee<\/a> v\u00f5i tel +372 440 1015<\/li>\n<li>Teenuste ja toodete eest saab tasuda kohapeal sularahas (euro), pangakaardiga ja kinkekaardiga, v.a ONLINE\u00b4s tehtud broneeringud, mille eest toimub tasumine kaardimakse v\u00f5i pangalingi kaudu.<\/li>\n<li>\u00a0Plaanide muutumisel palume broneering <strong>t\u00fchistada hiljemalt 48 tundi <\/strong>enne teenuse algust (eelnevalt m\u00e4rgitud kontaktide kaudu).<\/li>\n<li>\u00d5igeaegselt t\u00fchistamata j\u00e4tmise v\u00f5i mittesaabumise korral on hotellil \u00f5igus <strong>k\u00fcsida teenuse t\u00e4ishind<\/strong>.<\/li>\n<li><strong>Online\u2019is broneeritud ja tasutud teenus<\/strong> tuleb samuti t\u00fchistada v\u00e4hemalt 48 h ette, saates e-kirja aadressile <a href=\"mailto:medonline@spaestonia.ee\"><strong>medonline@spaestonia.ee<\/strong><\/a>. T\u00fchistamata j\u00e4tmisel uut aega ei broneerita ja tasutud summa ei kuulu tagastamisele.<\/li>\n<\/ul>\n<p><span style=\"font-size: 20px; color: #3366ff;\"><strong>Teenuste lahtiolekuajad ja asukohad<\/strong><\/span><\/p>\n<ul>\n<li><strong>ILUSALONG<\/strong> \u2013 teenused toimuvad ilusalongis<strong> A-korpuse 1. korrusel<\/strong>.<strong><br \/>\n<\/strong>Juuksur, manik\u00fc\u00fcr, pedik\u00fc\u00fcr, kosmeetik: E\u2013R 9.00-17.00<br \/>\nKehahoolitsused ja massaa\u017eid: E\u2013R 9.00-17.00; L 11.00-19.00; P 9.00-13.00<\/li>\n<li><strong>RAVITEENUSED<\/strong> \u2013 toimuvad hotellis erinevates ruumides \u2014 t\u00e4psustuse saad <strong>hotelli registratuurist<\/strong>.<br \/>\nEnamus raviprotseduure toimuvad E-R 8.00-16.30, teatud protseduurid ka L ja P (t\u00e4psem info broneerimisel)<\/li>\n<\/ul>\n<p><span style=\"font-size: 20px; color: #3366ff;\"><strong>Saabumine ja ettevalmistus<\/strong><\/span><\/p>\n<ul>\n<li>Saabu hoolitsusele <strong>15 minutit varem<\/strong>, et j\u00f5uaksid rahulikult end valmis seada.<\/li>\n<li>Hilinemisel kuni 5 minutit l\u00fcheneb teenuse aeg selle aja v\u00f5rra. Pikema hilinemise puhul ei saa me teenuse toimumist garanteerida.<\/li>\n<li>Hoolitsuste kabinettide juures p\u00fc\u00fcame tagada vaikse ja rahuliku atmosf\u00e4\u00e4ri: seet\u00f5ttu me palume r\u00e4\u00e4kida vaiksemal h\u00e4\u00e4letoonil, nii palume mobiiltelefonid vaigistada.<\/li>\n<li>Spaahoolitsusi ei ole soovitatav kasutada kohe p\u00e4rast s\u00f6\u00f6mist.<\/li>\n<li>Palume hoolitsusele tulles eemaldada ehted ja kasutada enne teenust du\u0161\u0161i v\u00f5i sauna \u2013 nii m\u00f5jub hoolitsus t\u00f5husamalt.<\/li>\n<\/ul>\n<p><span style=\"font-size: 20px; color: #3366ff;\"><strong>Tervis ja ohutus<\/strong><\/span><\/p>\n<ul>\n<li>Soovitame enne hoolitsuse broneerimist olla kindel, et Sul ei ole tervislikke vastun\u00e4idustusi valitud teenusele. Vajadusel konsulteeri oma perearstiga.<\/li>\n<li>\u00a0Teenusele tulles teavita spaateenindajat, kui Sul esineb m\u00f5ni terviseprobleem (nt kroonilised haigused, allergiad, hiljutised operatsioonid) v\u00f5i seisund, mida peaksime teadma (rasedus, imetamine jmt). Vaid nii saame hinnata, kas soovitud teenus on Sinu jaoks ohutu ja sobiv, arvestades Sinu tervislikku seisundit ja erivajadusi.<\/li>\n<li>Spaateenused ei ole lubatud j\u00e4rgnevate tervislike seisundite ja haiguste puhul: \u00e4gedad \u00fclemiste hingamisteede haigused, palavik, nakkavad nahahaigused, krooniliste haiguste \u00e4genemisel, \u00e4gedad p\u00f5letikud (aparaatne f\u00fcsioteraapia toimub ainult meditsiini personali m\u00e4\u00e4ramisel). Kui Sul on kahtlusi, konsulteeri meie ravispetsialistiga (arst v\u00f5i med\u00f5de).<\/li>\n<li>Spaateenindajal on \u00f5igus alkoholijoobes k\u00fclalist mitte teenindada; broneeritud ja tasutud teenuse eest raha ei tagastata.<\/li>\n<\/ul>\n<p><span style=\"font-size: 20px; color: #3366ff;\"><strong>Mugavus ja privaatsus<\/strong><\/span><\/p>\n<ul>\n<li>Meie spaateenindajad kasutavad professionaalseid kvaliteettooteid ning selgitavad enne teenust, mida konkreetne teenus sisaldab ja milline on selle m\u00f5ju.<\/li>\n<li>Soovi korral pakume kehahoolitsuseks \u00fchekordset pesu.<\/li>\n<li>Anna teenindajale julgelt teada oma soovidest ja enesetundest: kui Sul on liiga k\u00fclm, palav, v\u00f5i kui massaa\u017ei surve tundub liiga tugev v\u00f5i liiga n\u00f5rk.<\/li>\n<\/ul>\n<p><span style=\"font-size: 20px; color: #3366ff;\"><strong>P\u00e4rast hoolitsust<\/strong><\/span><\/p>\n<ul>\n<li>P\u00e4rast hoolitsust palume ruumist lahkuda m\u00f5istliku aja jooksul, et saaksime selle ette valmistada j\u00e4rgmisele k\u00fclalisele.<\/li>\n<li>Peale massaa\u017ei v\u00f5i kehahoolitsust ei ole soovitatav kohe veekeskusesse minna, et hoolitsuse toime ei v\u00e4heneks.<\/li>\n<li>Julgustame alati jagama oma soovitusi ja tagasisidet spaateenindaja, administraatori v\u00f5i hotellijuhtkonnaga. Sinu tagasiside aitab meil pakkuda veelgi paremat teenust ja muuta j\u00e4rgmise k\u00fclastuse veelgi nauditavamaks.<\/li>\n<\/ul>\n<p><em>ESTONIA Medical Spa &amp; Hotel meeskond<br \/>\nsoovib Sulle palju positiivseid elamusi!<\/em><\/p>\n","protected":false},"excerpt":{"rendered":"<p>Tere tulemast ESTONIA Medical Spa &amp; Hotel\u00b4i! Palume tutvuda meie hea tavaga, et spaateenuse kasutamine&hellip;<\/p>\n","protected":false},"author":16,"featured_media":0,"parent":15385,"menu_order":0,"comment_status":"closed","ping_status":"closed","template":"","meta":{"footnotes":""},"class_list":["post-23051","page","type-page","status-publish","hentry"],"yoast_head":"<!-- This site is optimized with the Yoast SEO plugin v26.3 - https:\/\/yoast.com\/wordpress\/plugins\/seo\/ -->\n<title>Spaateenuste nautimise hea tava - ESTONIA Medical Spa &amp; Hotel<\/title>\n<meta name=\"description\" content=\"Spaateenuste nautimise hea tava\" \/>\n<meta name=\"robots\" content=\"index, follow, max-snippet:-1, max-image-preview:large, max-video-preview:-1\" \/>\n<link rel=\"canonical\" href=\"https:\/\/www.spaestonia.ee\/medical\/ravispaa__trashed\/spaateenuste-nautimise-hea-tava\/\" \/>\n<meta property=\"og:locale\" content=\"et_EE\" \/>\n<meta property=\"og:type\" content=\"article\" \/>\n<meta property=\"og:title\" content=\"Spaateenuste nautimise hea tava - ESTONIA Medical Spa &amp; Hotel\" \/>\n<meta property=\"og:description\" content=\"Spaateenuste nautimise hea tava\" \/>\n<meta property=\"og:url\" content=\"https:\/\/www.spaestonia.ee\/medical\/ravispaa__trashed\/spaateenuste-nautimise-hea-tava\/\" \/>\n<meta property=\"og:site_name\" content=\"ESTONIA Medical Spa &amp; Hotel\" \/>\n<meta property=\"article:publisher\" content=\"https:\/\/www.facebook.com\/EstoniaMedicalSpa\" \/>\n<meta property=\"article:modified_time\" content=\"2025-12-12T07:10:35+00:00\" \/>\n<meta name=\"twitter:card\" content=\"summary_large_image\" \/>\n<meta name=\"twitter:label1\" content=\"Est. reading time\" \/>\n\t<meta name=\"twitter:data1\" content=\"3 minutit\" \/>\n<script type=\"application\/ld+json\" class=\"yoast-schema-graph\">{\"@context\":\"https:\/\/schema.org\",\"@graph\":[{\"@type\":\"WebPage\",\"@id\":\"https:\/\/www.spaestonia.ee\/medical\/ravispaa__trashed\/spaateenuste-nautimise-hea-tava\/\",\"url\":\"https:\/\/www.spaestonia.ee\/medical\/ravispaa__trashed\/spaateenuste-nautimise-hea-tava\/\",\"name\":\"Spaateenuste nautimise hea tava - ESTONIA Medical Spa &amp; Hotel\",\"isPartOf\":{\"@id\":\"https:\/\/www.spaestonia.ee\/medical\/#website\"},\"datePublished\":\"2025-12-12T07:06:37+00:00\",\"dateModified\":\"2025-12-12T07:10:35+00:00\",\"description\":\"Spaateenuste nautimise hea tava\",\"breadcrumb\":{\"@id\":\"https:\/\/www.spaestonia.ee\/medical\/ravispaa__trashed\/spaateenuste-nautimise-hea-tava\/#breadcrumb\"},\"inLanguage\":\"et\",\"potentialAction\":[{\"@type\":\"ReadAction\",\"target\":[\"https:\/\/www.spaestonia.ee\/medical\/ravispaa__trashed\/spaateenuste-nautimise-hea-tava\/\"]}]},{\"@type\":\"BreadcrumbList\",\"@id\":\"https:\/\/www.spaestonia.ee\/medical\/ravispaa__trashed\/spaateenuste-nautimise-hea-tava\/#breadcrumb\",\"itemListElement\":[{\"@type\":\"ListItem\",\"position\":1,\"name\":\"Home\",\"item\":\"https:\/\/www.spaestonia.ee\/medical\/\"},{\"@type\":\"ListItem\",\"position\":2,\"name\":\"Ravispaa\",\"item\":\"https:\/\/www.spaestonia.ee\/medical\/?page_id=15385\"},{\"@type\":\"ListItem\",\"position\":3,\"name\":\"Spaateenuste nautimise hea tava\"}]},{\"@type\":\"WebSite\",\"@id\":\"https:\/\/www.spaestonia.ee\/medical\/#website\",\"url\":\"https:\/\/www.spaestonia.ee\/medical\/\",\"name\":\"ESTONIA Medical Spa & Hotel\",\"description\":\"Ravispaa - Terveyskylpyl\u00e4 - P\u00e4rnu\",\"publisher\":{\"@id\":\"https:\/\/www.spaestonia.ee\/medical\/#organization\"},\"potentialAction\":[{\"@type\":\"SearchAction\",\"target\":{\"@type\":\"EntryPoint\",\"urlTemplate\":\"https:\/\/www.spaestonia.ee\/medical\/?s={search_term_string}\"},\"query-input\":{\"@type\":\"PropertyValueSpecification\",\"valueRequired\":true,\"valueName\":\"search_term_string\"}}],\"inLanguage\":\"et\"},{\"@type\":\"Organization\",\"@id\":\"https:\/\/www.spaestonia.ee\/medical\/#organization\",\"name\":\"ESTONIA Medical Spa & Hotel\",\"url\":\"https:\/\/www.spaestonia.ee\/medical\/\",\"logo\":{\"@type\":\"ImageObject\",\"inLanguage\":\"et\",\"@id\":\"https:\/\/www.spaestonia.ee\/medical\/#\/schema\/logo\/image\/\",\"url\":\"https:\/\/www.spaestonia.ee\/medical\/wp-content\/uploads\/2025\/02\/medical.jpg\",\"contentUrl\":\"https:\/\/www.spaestonia.ee\/medical\/wp-content\/uploads\/2025\/02\/medical.jpg\",\"width\":700,\"height\":450,\"caption\":\"ESTONIA Medical Spa & Hotel\"},\"image\":{\"@id\":\"https:\/\/www.spaestonia.ee\/medical\/#\/schema\/logo\/image\/\"},\"sameAs\":[\"https:\/\/www.facebook.com\/EstoniaMedicalSpa\"]}]}<\/script>\n<!-- \/ Yoast SEO plugin. -->","yoast_head_json":{"title":"Spaateenuste nautimise hea tava - ESTONIA Medical Spa &amp; Hotel","description":"Spaateenuste nautimise hea tava","robots":{"index":"index","follow":"follow","max-snippet":"max-snippet:-1","max-image-preview":"max-image-preview:large","max-video-preview":"max-video-preview:-1"},"canonical":"https:\/\/www.spaestonia.ee\/medical\/ravispaa__trashed\/spaateenuste-nautimise-hea-tava\/","og_locale":"et_EE","og_type":"article","og_title":"Spaateenuste nautimise hea tava - ESTONIA Medical Spa &amp; Hotel","og_description":"Spaateenuste nautimise hea tava","og_url":"https:\/\/www.spaestonia.ee\/medical\/ravispaa__trashed\/spaateenuste-nautimise-hea-tava\/","og_site_name":"ESTONIA Medical Spa &amp; Hotel","article_publisher":"https:\/\/www.facebook.com\/EstoniaMedicalSpa","article_modified_time":"2025-12-12T07:10:35+00:00","twitter_card":"summary_large_image","twitter_misc":{"Est. reading time":"3 minutit"},"schema":{"@context":"https:\/\/schema.org","@graph":[{"@type":"WebPage","@id":"https:\/\/www.spaestonia.ee\/medical\/ravispaa__trashed\/spaateenuste-nautimise-hea-tava\/","url":"https:\/\/www.spaestonia.ee\/medical\/ravispaa__trashed\/spaateenuste-nautimise-hea-tava\/","name":"Spaateenuste nautimise hea tava - ESTONIA Medical Spa &amp; Hotel","isPartOf":{"@id":"https:\/\/www.spaestonia.ee\/medical\/#website"},"datePublished":"2025-12-12T07:06:37+00:00","dateModified":"2025-12-12T07:10:35+00:00","description":"Spaateenuste nautimise hea tava","breadcrumb":{"@id":"https:\/\/www.spaestonia.ee\/medical\/ravispaa__trashed\/spaateenuste-nautimise-hea-tava\/#breadcrumb"},"inLanguage":"et","potentialAction":[{"@type":"ReadAction","target":["https:\/\/www.spaestonia.ee\/medical\/ravispaa__trashed\/spaateenuste-nautimise-hea-tava\/"]}]},{"@type":"BreadcrumbList","@id":"https:\/\/www.spaestonia.ee\/medical\/ravispaa__trashed\/spaateenuste-nautimise-hea-tava\/#breadcrumb","itemListElement":[{"@type":"ListItem","position":1,"name":"Home","item":"https:\/\/www.spaestonia.ee\/medical\/"},{"@type":"ListItem","position":2,"name":"Ravispaa","item":"https:\/\/www.spaestonia.ee\/medical\/?page_id=15385"},{"@type":"ListItem","position":3,"name":"Spaateenuste nautimise hea tava"}]},{"@type":"WebSite","@id":"https:\/\/www.spaestonia.ee\/medical\/#website","url":"https:\/\/www.spaestonia.ee\/medical\/","name":"ESTONIA Medical Spa & Hotel","description":"Ravispaa - Terveyskylpyl\u00e4 - P\u00e4rnu","publisher":{"@id":"https:\/\/www.spaestonia.ee\/medical\/#organization"},"potentialAction":[{"@type":"SearchAction","target":{"@type":"EntryPoint","urlTemplate":"https:\/\/www.spaestonia.ee\/medical\/?s={search_term_string}"},"query-input":{"@type":"PropertyValueSpecification","valueRequired":true,"valueName":"search_term_string"}}],"inLanguage":"et"},{"@type":"Organization","@id":"https:\/\/www.spaestonia.ee\/medical\/#organization","name":"ESTONIA Medical Spa & Hotel","url":"https:\/\/www.spaestonia.ee\/medical\/","logo":{"@type":"ImageObject","inLanguage":"et","@id":"https:\/\/www.spaestonia.ee\/medical\/#\/schema\/logo\/image\/","url":"https:\/\/www.spaestonia.ee\/medical\/wp-content\/uploads\/2025\/02\/medical.jpg","contentUrl":"https:\/\/www.spaestonia.ee\/medical\/wp-content\/uploads\/2025\/02\/medical.jpg","width":700,"height":450,"caption":"ESTONIA Medical Spa & Hotel"},"image":{"@id":"https:\/\/www.spaestonia.ee\/medical\/#\/schema\/logo\/image\/"},"sameAs":["https:\/\/www.facebook.com\/EstoniaMedicalSpa"]}]}},"_links":{"self":[{"href":"https:\/\/www.spaestonia.ee\/medical\/wp-json\/wp\/v2\/pages\/23051","targetHints":{"allow":["GET"]}}],"collection":[{"href":"https:\/\/www.spaestonia.ee\/medical\/wp-json\/wp\/v2\/pages"}],"about":[{"href":"https:\/\/www.spaestonia.ee\/medical\/wp-json\/wp\/v2\/types\/page"}],"author":[{"embeddable":true,"href":"https:\/\/www.spaestonia.ee\/medical\/wp-json\/wp\/v2\/users\/16"}],"replies":[{"embeddable":true,"href":"https:\/\/www.spaestonia.ee\/medical\/wp-json\/wp\/v2\/comments?post=23051"}],"version-history":[{"count":3,"href":"https:\/\/www.spaestonia.ee\/medical\/wp-json\/wp\/v2\/pages\/23051\/revisions"}],"predecessor-version":[{"id":23055,"href":"https:\/\/www.spaestonia.ee\/medical\/wp-json\/wp\/v2\/pages\/23051\/revisions\/23055"}],"up":[{"embeddable":true,"href":"https:\/\/www.spaestonia.ee\/medical\/wp-json\/wp\/v2\/pages\/15385"}],"wp:attachment":[{"href":"https:\/\/www.spaestonia.ee\/medical\/wp-json\/wp\/v2\/media?parent=23051"}],"curies":[{"name":"wp","href":"https:\/\/api.w.org\/{rel}","templated":true}]}}