{"id":23635,"date":"2026-05-11T09:43:21","date_gmt":"2026-05-11T06:43:21","guid":{"rendered":"https:\/\/www.spaestonia.ee\/medical\/?page_id=23635"},"modified":"2026-05-11T09:43:21","modified_gmt":"2026-05-11T06:43:21","slug":"hankekutse-finants-ja-ma-noustaja-leidmine","status":"publish","type":"page","link":"https:\/\/www.spaestonia.ee\/medical\/hankekutse-finants-ja-ma-noustaja-leidmine\/","title":{"rendered":"Hankekutse: finants- ja M&#038;A n\u00f5ustaja leidmine"},"content":{"rendered":"<p>Estonia Spa Hotels AS n\u00f5ukogu ja ettev\u00f5tte ainuomanik P\u00e4rnu linn otsivad kogenud finants- ja M&amp;A n\u00f5ustajat seoses Estonia Spa Hotels AS 100% aktsiate v\u00f5imaliku v\u00f5\u00f5randamisega.<\/p>\n<p>Estonia Spa Hotels AS on P\u00e4rnus tegutsev spaahotellioperaator, mille koosseisu kuuluvad kaks erineva kontseptsiooniga spaahotelli \u2014\u00a0<strong>Estonia Resort Hotel &amp; Spa<\/strong>\u00a0ja\u00a0<strong>Estonia Medical Spa &amp; Hotel<\/strong>. Ettev\u00f5tte 2025. aasta konsolideeritud m\u00fc\u00fcgitulu oli ligikaudu\u00a0<strong>11,5 miljonit eurot<\/strong>.<\/p>\n<p>Otsime n\u00f5ustajat, kellel on tugev M&amp;A ja v\u00e4\u00e4rtuse hindamise kogemus, arusaam hospitality- ja kinnisvarakomponendiga tehingutest, rahvusvaheline investorite v\u00f5rgustik ning v\u00f5imekus toetada nii m\u00fc\u00fcgieelset ettevalmistust kui ka v\u00f5imalikku struktureeritud m\u00fc\u00fcgiprotsessi.<\/p>\n<p><strong>Pakkumuste esitamise t\u00e4htaeg:<\/strong>\u00a028. mai 2026 kell 17.00 (EET)<br \/>\n<strong>Pakkumuste esitamine:<\/strong>\u00a0vastavalt hankedokumentides toodud juhistele<br \/>\n<strong>K\u00fcsimused ja t\u00e4psem info:<\/strong>\u00a0Andrus Aljas,\u00a0<a href=\"mailto:andrus@spaestonia.ee\">andrus@spaestonia.ee<\/a><\/p>\n<p>T\u00f6\u00f6 sisu, hindamiskriteeriumid, ajakava ja pakkumuse esitamise n\u00f5uded on kirjeldatud allpool lisatud hankedokumentides.<\/p>\n<p><strong>Hankedokumendid:<\/strong><br \/>\n<a href=\"http:\/\/www.spaestonia.ee\/medical\/wp-content\/uploads\/2026\/05\/Estonia_Spa_Hotels_Hankekutse_EE.pdf\">Estonia_Spa_Hotels_Hankekutse<\/a><br \/>\n<a href=\"http:\/\/www.spaestonia.ee\/medical\/wp-content\/uploads\/2026\/05\/Lisa-1.1_Parnu-Turismiturg_EE.pdf\">Lisa 1.1_P\u00e4rnu Turismiturg<\/a><br \/>\n<a href=\"http:\/\/www.spaestonia.ee\/medical\/wp-content\/uploads\/2026\/05\/Lisa-1.2_Estonia-Spa-Hotels-luhiulevaade_EE.pdf\">Lisa 1.2_Estonia Spa Hotels l\u00fchi\u00fclevaade<\/a><br \/>\n<a href=\"http:\/\/www.spaestonia.ee\/medical\/wp-content\/uploads\/2026\/05\/Lisa-2_Hindamiskriteeriumite-detailne-kirjeldus_EE.pdf\">Lisa 2_Hindamiskriteeriumite detailne kirjeldus<\/a><br \/>\n<a href=\"http:\/\/www.spaestonia.ee\/medical\/wp-content\/uploads\/2026\/05\/Lisa-3_Lepingu-projekt_EE.pdf\">Lisa 3_Lepingu projekt<\/a><\/p>\n<p>Estonia Spa Hotels AS \u00b7 P\u00e4rnu linn \u00b7 08.05.2026<\/p>\n","protected":false},"excerpt":{"rendered":"<p>Estonia Spa Hotels AS n\u00f5ukogu ja ettev\u00f5tte ainuomanik P\u00e4rnu linn otsivad kogenud finants- ja M&amp;A&hellip;<\/p>\n","protected":false},"author":16,"featured_media":0,"parent":0,"menu_order":0,"comment_status":"closed","ping_status":"closed","template":"","meta":{"footnotes":""},"class_list":["post-23635","page","type-page","status-publish","hentry"],"yoast_head":"<!-- This site is optimized with the Yoast SEO plugin v26.3 - https:\/\/yoast.com\/wordpress\/plugins\/seo\/ -->\n<title>Hankekutse: finants- ja M&amp;A n\u00f5ustaja leidmine - ESTONIA Medical Spa &amp; Hotel<\/title>\n<meta name=\"robots\" content=\"index, follow, max-snippet:-1, max-image-preview:large, max-video-preview:-1\" \/>\n<link rel=\"canonical\" href=\"https:\/\/www.spaestonia.ee\/medical\/hankekutse-finants-ja-ma-noustaja-leidmine\/\" \/>\n<meta property=\"og:locale\" content=\"et_EE\" \/>\n<meta property=\"og:type\" content=\"article\" \/>\n<meta property=\"og:title\" content=\"Hankekutse: finants- ja M&amp;A n\u00f5ustaja leidmine - ESTONIA Medical Spa &amp; Hotel\" \/>\n<meta property=\"og:description\" content=\"Estonia Spa Hotels AS n\u00f5ukogu ja ettev\u00f5tte ainuomanik P\u00e4rnu linn otsivad kogenud finants- ja M&amp;A&hellip;\" \/>\n<meta property=\"og:url\" content=\"https:\/\/www.spaestonia.ee\/medical\/hankekutse-finants-ja-ma-noustaja-leidmine\/\" \/>\n<meta property=\"og:site_name\" content=\"ESTONIA Medical Spa &amp; Hotel\" \/>\n<meta property=\"article:publisher\" content=\"https:\/\/www.facebook.com\/EstoniaMedicalSpa\" \/>\n<meta name=\"twitter:card\" content=\"summary_large_image\" \/>\n<meta name=\"twitter:label1\" content=\"Est. reading time\" \/>\n\t<meta name=\"twitter:data1\" content=\"1 minut\" \/>\n<script type=\"application\/ld+json\" class=\"yoast-schema-graph\">{\"@context\":\"https:\/\/schema.org\",\"@graph\":[{\"@type\":\"WebPage\",\"@id\":\"https:\/\/www.spaestonia.ee\/medical\/hankekutse-finants-ja-ma-noustaja-leidmine\/\",\"url\":\"https:\/\/www.spaestonia.ee\/medical\/hankekutse-finants-ja-ma-noustaja-leidmine\/\",\"name\":\"Hankekutse: finants- ja M&A n\u00f5ustaja leidmine - ESTONIA Medical Spa &amp; Hotel\",\"isPartOf\":{\"@id\":\"https:\/\/www.spaestonia.ee\/medical\/#website\"},\"datePublished\":\"2026-05-11T06:43:21+00:00\",\"breadcrumb\":{\"@id\":\"https:\/\/www.spaestonia.ee\/medical\/hankekutse-finants-ja-ma-noustaja-leidmine\/#breadcrumb\"},\"inLanguage\":\"et\",\"potentialAction\":[{\"@type\":\"ReadAction\",\"target\":[\"https:\/\/www.spaestonia.ee\/medical\/hankekutse-finants-ja-ma-noustaja-leidmine\/\"]}]},{\"@type\":\"BreadcrumbList\",\"@id\":\"https:\/\/www.spaestonia.ee\/medical\/hankekutse-finants-ja-ma-noustaja-leidmine\/#breadcrumb\",\"itemListElement\":[{\"@type\":\"ListItem\",\"position\":1,\"name\":\"Home\",\"item\":\"https:\/\/www.spaestonia.ee\/medical\/\"},{\"@type\":\"ListItem\",\"position\":2,\"name\":\"Hankekutse: finants- ja M&#038;A n\u00f5ustaja leidmine\"}]},{\"@type\":\"WebSite\",\"@id\":\"https:\/\/www.spaestonia.ee\/medical\/#website\",\"url\":\"https:\/\/www.spaestonia.ee\/medical\/\",\"name\":\"ESTONIA Medical Spa & Hotel\",\"description\":\"Ravispaa - Terveyskylpyl\u00e4 - P\u00e4rnu\",\"publisher\":{\"@id\":\"https:\/\/www.spaestonia.ee\/medical\/#organization\"},\"potentialAction\":[{\"@type\":\"SearchAction\",\"target\":{\"@type\":\"EntryPoint\",\"urlTemplate\":\"https:\/\/www.spaestonia.ee\/medical\/?s={search_term_string}\"},\"query-input\":{\"@type\":\"PropertyValueSpecification\",\"valueRequired\":true,\"valueName\":\"search_term_string\"}}],\"inLanguage\":\"et\"},{\"@type\":\"Organization\",\"@id\":\"https:\/\/www.spaestonia.ee\/medical\/#organization\",\"name\":\"ESTONIA Medical Spa & Hotel\",\"url\":\"https:\/\/www.spaestonia.ee\/medical\/\",\"logo\":{\"@type\":\"ImageObject\",\"inLanguage\":\"et\",\"@id\":\"https:\/\/www.spaestonia.ee\/medical\/#\/schema\/logo\/image\/\",\"url\":\"https:\/\/www.spaestonia.ee\/medical\/wp-content\/uploads\/2025\/02\/medical.jpg\",\"contentUrl\":\"https:\/\/www.spaestonia.ee\/medical\/wp-content\/uploads\/2025\/02\/medical.jpg\",\"width\":700,\"height\":450,\"caption\":\"ESTONIA Medical Spa & Hotel\"},\"image\":{\"@id\":\"https:\/\/www.spaestonia.ee\/medical\/#\/schema\/logo\/image\/\"},\"sameAs\":[\"https:\/\/www.facebook.com\/EstoniaMedicalSpa\"]}]}<\/script>\n<!-- \/ Yoast SEO plugin. -->","yoast_head_json":{"title":"Hankekutse: finants- ja M&A n\u00f5ustaja leidmine - ESTONIA Medical Spa &amp; Hotel","robots":{"index":"index","follow":"follow","max-snippet":"max-snippet:-1","max-image-preview":"max-image-preview:large","max-video-preview":"max-video-preview:-1"},"canonical":"https:\/\/www.spaestonia.ee\/medical\/hankekutse-finants-ja-ma-noustaja-leidmine\/","og_locale":"et_EE","og_type":"article","og_title":"Hankekutse: finants- ja M&A n\u00f5ustaja leidmine - ESTONIA Medical Spa &amp; Hotel","og_description":"Estonia Spa Hotels AS n\u00f5ukogu ja ettev\u00f5tte ainuomanik P\u00e4rnu linn otsivad kogenud finants- ja M&amp;A&hellip;","og_url":"https:\/\/www.spaestonia.ee\/medical\/hankekutse-finants-ja-ma-noustaja-leidmine\/","og_site_name":"ESTONIA Medical Spa &amp; Hotel","article_publisher":"https:\/\/www.facebook.com\/EstoniaMedicalSpa","twitter_card":"summary_large_image","twitter_misc":{"Est. reading time":"1 minut"},"schema":{"@context":"https:\/\/schema.org","@graph":[{"@type":"WebPage","@id":"https:\/\/www.spaestonia.ee\/medical\/hankekutse-finants-ja-ma-noustaja-leidmine\/","url":"https:\/\/www.spaestonia.ee\/medical\/hankekutse-finants-ja-ma-noustaja-leidmine\/","name":"Hankekutse: finants- ja M&A n\u00f5ustaja leidmine - ESTONIA Medical Spa &amp; Hotel","isPartOf":{"@id":"https:\/\/www.spaestonia.ee\/medical\/#website"},"datePublished":"2026-05-11T06:43:21+00:00","breadcrumb":{"@id":"https:\/\/www.spaestonia.ee\/medical\/hankekutse-finants-ja-ma-noustaja-leidmine\/#breadcrumb"},"inLanguage":"et","potentialAction":[{"@type":"ReadAction","target":["https:\/\/www.spaestonia.ee\/medical\/hankekutse-finants-ja-ma-noustaja-leidmine\/"]}]},{"@type":"BreadcrumbList","@id":"https:\/\/www.spaestonia.ee\/medical\/hankekutse-finants-ja-ma-noustaja-leidmine\/#breadcrumb","itemListElement":[{"@type":"ListItem","position":1,"name":"Home","item":"https:\/\/www.spaestonia.ee\/medical\/"},{"@type":"ListItem","position":2,"name":"Hankekutse: finants- ja M&#038;A n\u00f5ustaja leidmine"}]},{"@type":"WebSite","@id":"https:\/\/www.spaestonia.ee\/medical\/#website","url":"https:\/\/www.spaestonia.ee\/medical\/","name":"ESTONIA Medical Spa & Hotel","description":"Ravispaa - Terveyskylpyl\u00e4 - P\u00e4rnu","publisher":{"@id":"https:\/\/www.spaestonia.ee\/medical\/#organization"},"potentialAction":[{"@type":"SearchAction","target":{"@type":"EntryPoint","urlTemplate":"https:\/\/www.spaestonia.ee\/medical\/?s={search_term_string}"},"query-input":{"@type":"PropertyValueSpecification","valueRequired":true,"valueName":"search_term_string"}}],"inLanguage":"et"},{"@type":"Organization","@id":"https:\/\/www.spaestonia.ee\/medical\/#organization","name":"ESTONIA Medical Spa & Hotel","url":"https:\/\/www.spaestonia.ee\/medical\/","logo":{"@type":"ImageObject","inLanguage":"et","@id":"https:\/\/www.spaestonia.ee\/medical\/#\/schema\/logo\/image\/","url":"https:\/\/www.spaestonia.ee\/medical\/wp-content\/uploads\/2025\/02\/medical.jpg","contentUrl":"https:\/\/www.spaestonia.ee\/medical\/wp-content\/uploads\/2025\/02\/medical.jpg","width":700,"height":450,"caption":"ESTONIA Medical Spa & Hotel"},"image":{"@id":"https:\/\/www.spaestonia.ee\/medical\/#\/schema\/logo\/image\/"},"sameAs":["https:\/\/www.facebook.com\/EstoniaMedicalSpa"]}]}},"_links":{"self":[{"href":"https:\/\/www.spaestonia.ee\/medical\/wp-json\/wp\/v2\/pages\/23635","targetHints":{"allow":["GET"]}}],"collection":[{"href":"https:\/\/www.spaestonia.ee\/medical\/wp-json\/wp\/v2\/pages"}],"about":[{"href":"https:\/\/www.spaestonia.ee\/medical\/wp-json\/wp\/v2\/types\/page"}],"author":[{"embeddable":true,"href":"https:\/\/www.spaestonia.ee\/medical\/wp-json\/wp\/v2\/users\/16"}],"replies":[{"embeddable":true,"href":"https:\/\/www.spaestonia.ee\/medical\/wp-json\/wp\/v2\/comments?post=23635"}],"version-history":[{"count":2,"href":"https:\/\/www.spaestonia.ee\/medical\/wp-json\/wp\/v2\/pages\/23635\/revisions"}],"predecessor-version":[{"id":23657,"href":"https:\/\/www.spaestonia.ee\/medical\/wp-json\/wp\/v2\/pages\/23635\/revisions\/23657"}],"wp:attachment":[{"href":"https:\/\/www.spaestonia.ee\/medical\/wp-json\/wp\/v2\/media?parent=23635"}],"curies":[{"name":"wp","href":"https:\/\/api.w.org\/{rel}","templated":true}]}}