{"id":12568,"date":"2017-01-15T13:14:29","date_gmt":"2017-01-15T11:14:29","guid":{"rendered":"https:\/\/www.spaestonia.ee\/resort\/en\/?page_id=12568"},"modified":"2017-01-16T20:07:25","modified_gmt":"2017-01-16T18:07:25","slug":"estonias-most-innovative-conference-2016-took-place-in-parnu","status":"publish","type":"page","link":"https:\/\/www.spaestonia.ee\/resort\/en\/estonias-most-innovative-conference-2016-took-place-in-parnu\/","title":{"rendered":"Estonia&#8217;s most innovative conference 2016 took place in P\u00e4rnu"},"content":{"rendered":"<p><strong>Last year&#8217;s most innovative conference took place in P\u00e4rnu, at ESTONIA Resort Hotel &amp; Spa**** spa and conference hotel. P\u00e4rnu has strengthened its position among international conference destinations.<br \/>\n<\/strong><\/p>\n<div id=\"attachment_12525\" style=\"width: 460px\" class=\"wp-caption alignright\"><img loading=\"lazy\" decoding=\"async\" aria-describedby=\"caption-attachment-12525\" class=\"wp-image-12525\" src=\"https:\/\/www.spaestonia.ee\/resort\/wp-content\/uploads\/2017\/01\/resort-innovatiivne-konverents900.jpg\" alt=\"'Most Innovative Conference Solution\" width=\"450\" height=\"372\" srcset=\"https:\/\/www.spaestonia.ee\/resort\/wp-content\/uploads\/2017\/01\/resort-innovatiivne-konverents900.jpg 726w, https:\/\/www.spaestonia.ee\/resort\/wp-content\/uploads\/2017\/01\/resort-innovatiivne-konverents900-300x248.jpg 300w\" sizes=\"auto, (max-width: 450px) 100vw, 450px\" \/><p id=\"caption-attachment-12525\" class=\"wp-caption-text\">Hannah Davies (Specialty Coffee Association) ja Ave Pill (Estonia Spa Hotels)<\/p><\/div>\n<p>On 11 January 2017, Swissotel Tallinn hosted the annual gala event organized by the Estonian Convention Bureau, where last year&#8217;s best international conferences held in Estonia were awarded for their excellence.<\/p>\n<p>Estonia&#8217;s Most Innovative Conference Solution\u00a02016 award went to\u00a0<a href=\"https:\/\/www.spaestonia.ee\/resort\/en\/european-top-coffee-masters-met-in-parnu-estonia\/\">Roaster Camp 2016<\/a>, which was held at Estonia Resort Hotel &amp; Spa and brought 130 top coffee roasters from 18 countries across the world to P\u00e4rnu. Most Innovative Conference Solution award is given to an international conference with at least 100 participants that has incorporated new technologies, special locations and formats, unique free time programs or other novel and creative solutions. More information about conference awards can be found <a href=\"http:\/\/www.ecb.ee\/en\/all\/baltanest-takes-home-ecbs-conference-of-the-year-award\/\">here<\/a>.<\/p>\n<p>In 2016, Estonia Resort Hotel &amp; Spa hosted 138 conferences and bigger events that brought almost 6400 visitors, including 1400 international visitors from 40 different countries, to P\u00e4rnu. Therefore, P\u00e4rnu has become a serious destination for international conference tourism, proving that high-quality conference services and interesting free time activities bring visitors to P\u00e4rnu even in the fall-winter season and from more distant\u00a0countries.<\/p>\n<p>Estonia Resort Hotel &amp; Spa continues to represent\u00a0P\u00e4rnu as a conference destination in 2017 by collaborating with Estonian Convention Bureau and Enterprise Estonia at events introducing Estonia as a business tourism destination in Helsinki, Stockholm, Frankfurt and Brussels and at an international business tourism convention in Barcelona.<\/p>\n<p>More information:<br \/>\nAve Pill, Estonia Spa Hotels Sales and Marketing Manager, tel 372 5232 295, <a href=\"mailto:ave@spaestonia.ee\">ave@spaestonia.ee<\/a><\/p>\n<p>&nbsp;<\/p>\n<hr \/>\n<p><strong>Estonian Convention Bureau\u00a0<\/strong>is a non-profit organisation made up of the top players in the industry and is your partner for putting together any conference, meeting or other corporate function in the country.\u00a0 ECB is co-financed by Enterprise Estonia.<\/p>\n<p>ESTONIA Resort Hotel &amp; Spa**** has been an ECB member since 2015. The comprehensive ECB member list can be found <a href=\"http:\/\/www.ecb.ee\/en\/about-us\/list-of-ecb-members\/\" target=\"_blank\">here<\/a>.<\/p>\n<p><strong>ESTONIA Resort Hotel &amp; Spa****<\/strong>\u00a0is a spa and conference hotel in P\u00e4rnu with a new concept that opened in July 2015. The hotel has a total of 106 guest rooms, all air-conditioned and non-smoking. The first floor of the spa and conference building boasts an international conference center for more than 300 guests. The second and third floor offer guests a unique spa and sauna center where one can mindfully balance their body and soul. The hotel&#8217;s interior and conception of service absorbs inspiration from Estonian nature, ethnic traditions, crafts, and culture.<\/p>\n","protected":false},"excerpt":{"rendered":"<p>Last year&#8217;s most innovative conference took place in P\u00e4rnu, at ESTONIA Resort Hotel &amp; Spa****&hellip;<\/p>\n","protected":false},"author":6,"featured_media":0,"parent":0,"menu_order":0,"comment_status":"closed","ping_status":"closed","template":"","meta":{"footnotes":""},"class_list":["post-12568","page","type-page","status-publish","hentry"],"yoast_head":"<!-- This site is optimized with the Yoast SEO plugin v26.7 - https:\/\/yoast.com\/wordpress\/plugins\/seo\/ -->\n<title>Estonia&#039;s most innovative conference 2016 took place in P\u00e4rnu - ESTONIA Resort Hotel Spa<\/title>\n<meta name=\"robots\" content=\"index, follow, max-snippet:-1, max-image-preview:large, max-video-preview:-1\" \/>\n<link rel=\"canonical\" href=\"https:\/\/www.spaestonia.ee\/resort\/en\/estonias-most-innovative-conference-2016-took-place-in-parnu\/\" \/>\n<meta property=\"og:locale\" content=\"en_US\" \/>\n<meta property=\"og:type\" content=\"article\" \/>\n<meta property=\"og:title\" content=\"Estonia&#039;s most innovative conference 2016 took place in P\u00e4rnu - ESTONIA Resort Hotel Spa\" \/>\n<meta property=\"og:description\" content=\"Last year&#8217;s most innovative conference took place in P\u00e4rnu, at ESTONIA Resort Hotel &amp; Spa****&hellip;\" \/>\n<meta property=\"og:url\" content=\"https:\/\/www.spaestonia.ee\/resort\/en\/estonias-most-innovative-conference-2016-took-place-in-parnu\/\" \/>\n<meta property=\"og:site_name\" content=\"ESTONIA Resort Hotel Spa\" \/>\n<meta property=\"article:publisher\" content=\"https:\/\/www.facebook.com\/EstoniaResortHotel\" \/>\n<meta property=\"article:modified_time\" content=\"2017-01-16T18:07:25+00:00\" \/>\n<meta property=\"og:image\" content=\"https:\/\/www.spaestonia.ee\/resort\/wp-content\/uploads\/2017\/01\/resort-innovatiivne-konverents900.jpg\" \/>\n<meta name=\"twitter:card\" content=\"summary_large_image\" \/>\n<meta name=\"twitter:label1\" content=\"Est. reading time\" \/>\n\t<meta name=\"twitter:data1\" content=\"2 minutes\" \/>\n<script type=\"application\/ld+json\" class=\"yoast-schema-graph\">{\"@context\":\"https:\/\/schema.org\",\"@graph\":[{\"@type\":\"WebPage\",\"@id\":\"https:\/\/www.spaestonia.ee\/resort\/en\/estonias-most-innovative-conference-2016-took-place-in-parnu\/\",\"url\":\"https:\/\/www.spaestonia.ee\/resort\/en\/estonias-most-innovative-conference-2016-took-place-in-parnu\/\",\"name\":\"Estonia's most innovative conference 2016 took place in P\u00e4rnu - ESTONIA Resort Hotel Spa\",\"isPartOf\":{\"@id\":\"https:\/\/www.spaestonia.ee\/resort\/en\/#website\"},\"primaryImageOfPage\":{\"@id\":\"https:\/\/www.spaestonia.ee\/resort\/en\/estonias-most-innovative-conference-2016-took-place-in-parnu\/#primaryimage\"},\"image\":{\"@id\":\"https:\/\/www.spaestonia.ee\/resort\/en\/estonias-most-innovative-conference-2016-took-place-in-parnu\/#primaryimage\"},\"thumbnailUrl\":\"https:\/\/www.spaestonia.ee\/resort\/wp-content\/uploads\/2017\/01\/resort-innovatiivne-konverents900.jpg\",\"datePublished\":\"2017-01-15T11:14:29+00:00\",\"dateModified\":\"2017-01-16T18:07:25+00:00\",\"breadcrumb\":{\"@id\":\"https:\/\/www.spaestonia.ee\/resort\/en\/estonias-most-innovative-conference-2016-took-place-in-parnu\/#breadcrumb\"},\"inLanguage\":\"ENH\",\"potentialAction\":[{\"@type\":\"ReadAction\",\"target\":[\"https:\/\/www.spaestonia.ee\/resort\/en\/estonias-most-innovative-conference-2016-took-place-in-parnu\/\"]}]},{\"@type\":\"ImageObject\",\"inLanguage\":\"ENH\",\"@id\":\"https:\/\/www.spaestonia.ee\/resort\/en\/estonias-most-innovative-conference-2016-took-place-in-parnu\/#primaryimage\",\"url\":\"https:\/\/www.spaestonia.ee\/resort\/wp-content\/uploads\/2017\/01\/resort-innovatiivne-konverents900.jpg\",\"contentUrl\":\"https:\/\/www.spaestonia.ee\/resort\/wp-content\/uploads\/2017\/01\/resort-innovatiivne-konverents900.jpg\"},{\"@type\":\"BreadcrumbList\",\"@id\":\"https:\/\/www.spaestonia.ee\/resort\/en\/estonias-most-innovative-conference-2016-took-place-in-parnu\/#breadcrumb\",\"itemListElement\":[{\"@type\":\"ListItem\",\"position\":1,\"name\":\"Home\",\"item\":\"https:\/\/www.spaestonia.ee\/resort\/en\/\"},{\"@type\":\"ListItem\",\"position\":2,\"name\":\"Estonia&#8217;s most innovative conference 2016 took place in P\u00e4rnu\"}]},{\"@type\":\"WebSite\",\"@id\":\"https:\/\/www.spaestonia.ee\/resort\/en\/#website\",\"url\":\"https:\/\/www.spaestonia.ee\/resort\/en\/\",\"name\":\"ESTONIA Resort Hotel Spa\",\"description\":\"Your destination in P\u00e4rnu for wellness and events\",\"publisher\":{\"@id\":\"https:\/\/www.spaestonia.ee\/resort\/en\/#organization\"},\"potentialAction\":[{\"@type\":\"SearchAction\",\"target\":{\"@type\":\"EntryPoint\",\"urlTemplate\":\"https:\/\/www.spaestonia.ee\/resort\/en\/?s={search_term_string}\"},\"query-input\":{\"@type\":\"PropertyValueSpecification\",\"valueRequired\":true,\"valueName\":\"search_term_string\"}}],\"inLanguage\":\"ENH\"},{\"@type\":\"Organization\",\"@id\":\"https:\/\/www.spaestonia.ee\/resort\/en\/#organization\",\"name\":\"ESTONIA Resort Hotel Spa\",\"url\":\"https:\/\/www.spaestonia.ee\/resort\/en\/\",\"logo\":{\"@type\":\"ImageObject\",\"inLanguage\":\"ENH\",\"@id\":\"https:\/\/www.spaestonia.ee\/resort\/en\/#\/schema\/logo\/image\/\",\"url\":\"https:\/\/www.spaestonia.ee\/resort\/wp-content\/uploads\/2025\/02\/resort-hotel-estonia.png\",\"contentUrl\":\"https:\/\/www.spaestonia.ee\/resort\/wp-content\/uploads\/2025\/02\/resort-hotel-estonia.png\",\"width\":400,\"height\":173,\"caption\":\"ESTONIA Resort Hotel Spa\"},\"image\":{\"@id\":\"https:\/\/www.spaestonia.ee\/resort\/en\/#\/schema\/logo\/image\/\"},\"sameAs\":[\"https:\/\/www.facebook.com\/EstoniaResortHotel\"]}]}<\/script>\n<!-- \/ Yoast SEO plugin. -->","yoast_head_json":{"title":"Estonia's most innovative conference 2016 took place in P\u00e4rnu - ESTONIA Resort Hotel Spa","robots":{"index":"index","follow":"follow","max-snippet":"max-snippet:-1","max-image-preview":"max-image-preview:large","max-video-preview":"max-video-preview:-1"},"canonical":"https:\/\/www.spaestonia.ee\/resort\/en\/estonias-most-innovative-conference-2016-took-place-in-parnu\/","og_locale":"en_US","og_type":"article","og_title":"Estonia's most innovative conference 2016 took place in P\u00e4rnu - ESTONIA Resort Hotel Spa","og_description":"Last year&#8217;s most innovative conference took place in P\u00e4rnu, at ESTONIA Resort Hotel &amp; Spa****&hellip;","og_url":"https:\/\/www.spaestonia.ee\/resort\/en\/estonias-most-innovative-conference-2016-took-place-in-parnu\/","og_site_name":"ESTONIA Resort Hotel Spa","article_publisher":"https:\/\/www.facebook.com\/EstoniaResortHotel","article_modified_time":"2017-01-16T18:07:25+00:00","og_image":[{"url":"https:\/\/www.spaestonia.ee\/resort\/wp-content\/uploads\/2017\/01\/resort-innovatiivne-konverents900.jpg","type":"","width":"","height":""}],"twitter_card":"summary_large_image","twitter_misc":{"Est. reading time":"2 minutes"},"schema":{"@context":"https:\/\/schema.org","@graph":[{"@type":"WebPage","@id":"https:\/\/www.spaestonia.ee\/resort\/en\/estonias-most-innovative-conference-2016-took-place-in-parnu\/","url":"https:\/\/www.spaestonia.ee\/resort\/en\/estonias-most-innovative-conference-2016-took-place-in-parnu\/","name":"Estonia's most innovative conference 2016 took place in P\u00e4rnu - ESTONIA Resort Hotel Spa","isPartOf":{"@id":"https:\/\/www.spaestonia.ee\/resort\/en\/#website"},"primaryImageOfPage":{"@id":"https:\/\/www.spaestonia.ee\/resort\/en\/estonias-most-innovative-conference-2016-took-place-in-parnu\/#primaryimage"},"image":{"@id":"https:\/\/www.spaestonia.ee\/resort\/en\/estonias-most-innovative-conference-2016-took-place-in-parnu\/#primaryimage"},"thumbnailUrl":"https:\/\/www.spaestonia.ee\/resort\/wp-content\/uploads\/2017\/01\/resort-innovatiivne-konverents900.jpg","datePublished":"2017-01-15T11:14:29+00:00","dateModified":"2017-01-16T18:07:25+00:00","breadcrumb":{"@id":"https:\/\/www.spaestonia.ee\/resort\/en\/estonias-most-innovative-conference-2016-took-place-in-parnu\/#breadcrumb"},"inLanguage":"ENH","potentialAction":[{"@type":"ReadAction","target":["https:\/\/www.spaestonia.ee\/resort\/en\/estonias-most-innovative-conference-2016-took-place-in-parnu\/"]}]},{"@type":"ImageObject","inLanguage":"ENH","@id":"https:\/\/www.spaestonia.ee\/resort\/en\/estonias-most-innovative-conference-2016-took-place-in-parnu\/#primaryimage","url":"https:\/\/www.spaestonia.ee\/resort\/wp-content\/uploads\/2017\/01\/resort-innovatiivne-konverents900.jpg","contentUrl":"https:\/\/www.spaestonia.ee\/resort\/wp-content\/uploads\/2017\/01\/resort-innovatiivne-konverents900.jpg"},{"@type":"BreadcrumbList","@id":"https:\/\/www.spaestonia.ee\/resort\/en\/estonias-most-innovative-conference-2016-took-place-in-parnu\/#breadcrumb","itemListElement":[{"@type":"ListItem","position":1,"name":"Home","item":"https:\/\/www.spaestonia.ee\/resort\/en\/"},{"@type":"ListItem","position":2,"name":"Estonia&#8217;s most innovative conference 2016 took place in P\u00e4rnu"}]},{"@type":"WebSite","@id":"https:\/\/www.spaestonia.ee\/resort\/en\/#website","url":"https:\/\/www.spaestonia.ee\/resort\/en\/","name":"ESTONIA Resort Hotel Spa","description":"Your destination in P\u00e4rnu for wellness and events","publisher":{"@id":"https:\/\/www.spaestonia.ee\/resort\/en\/#organization"},"potentialAction":[{"@type":"SearchAction","target":{"@type":"EntryPoint","urlTemplate":"https:\/\/www.spaestonia.ee\/resort\/en\/?s={search_term_string}"},"query-input":{"@type":"PropertyValueSpecification","valueRequired":true,"valueName":"search_term_string"}}],"inLanguage":"ENH"},{"@type":"Organization","@id":"https:\/\/www.spaestonia.ee\/resort\/en\/#organization","name":"ESTONIA Resort Hotel Spa","url":"https:\/\/www.spaestonia.ee\/resort\/en\/","logo":{"@type":"ImageObject","inLanguage":"ENH","@id":"https:\/\/www.spaestonia.ee\/resort\/en\/#\/schema\/logo\/image\/","url":"https:\/\/www.spaestonia.ee\/resort\/wp-content\/uploads\/2025\/02\/resort-hotel-estonia.png","contentUrl":"https:\/\/www.spaestonia.ee\/resort\/wp-content\/uploads\/2025\/02\/resort-hotel-estonia.png","width":400,"height":173,"caption":"ESTONIA Resort Hotel Spa"},"image":{"@id":"https:\/\/www.spaestonia.ee\/resort\/en\/#\/schema\/logo\/image\/"},"sameAs":["https:\/\/www.facebook.com\/EstoniaResortHotel"]}]}},"_links":{"self":[{"href":"https:\/\/www.spaestonia.ee\/resort\/en\/wp-json\/wp\/v2\/pages\/12568","targetHints":{"allow":["GET"]}}],"collection":[{"href":"https:\/\/www.spaestonia.ee\/resort\/en\/wp-json\/wp\/v2\/pages"}],"about":[{"href":"https:\/\/www.spaestonia.ee\/resort\/en\/wp-json\/wp\/v2\/types\/page"}],"author":[{"embeddable":true,"href":"https:\/\/www.spaestonia.ee\/resort\/en\/wp-json\/wp\/v2\/users\/6"}],"replies":[{"embeddable":true,"href":"https:\/\/www.spaestonia.ee\/resort\/en\/wp-json\/wp\/v2\/comments?post=12568"}],"version-history":[{"count":4,"href":"https:\/\/www.spaestonia.ee\/resort\/en\/wp-json\/wp\/v2\/pages\/12568\/revisions"}],"predecessor-version":[{"id":12572,"href":"https:\/\/www.spaestonia.ee\/resort\/en\/wp-json\/wp\/v2\/pages\/12568\/revisions\/12572"}],"wp:attachment":[{"href":"https:\/\/www.spaestonia.ee\/resort\/en\/wp-json\/wp\/v2\/media?parent=12568"}],"curies":[{"name":"wp","href":"https:\/\/api.w.org\/{rel}","templated":true}]}}