{"id":23403,"date":"2019-01-18T11:07:44","date_gmt":"2019-01-18T09:07:44","guid":{"rendered":"http:\/\/www.spaestonia.ee\/resort\/en\/?page_id=23403"},"modified":"2026-02-12T10:07:41","modified_gmt":"2026-02-12T08:07:41","slug":"set-menu","status":"publish","type":"page","link":"https:\/\/www.spaestonia.ee\/resort\/en\/set-menu\/","title":{"rendered":"Set Menu"},"content":{"rendered":"<h2>STARTERS<\/h2>\n<p><strong>HANDMADE BREAD &amp; HUMMUS\u00a0 \u00a0<\/strong><br \/>\npesto bun, focaccia, dark rye bread, hummus<\/p>\n<p><strong>SALMON TARTARE<\/strong>\u00a0\u00a0<strong>\u00a0<\/strong><br \/>\nsalmon fillet, tomato consomm\u00e9, scallop, fresh cucumber, Caesar dressing, fish roe<\/p>\n<p><strong>BEETROOT &amp; SMOKED HUMMUS (vegan)\u00a0<\/strong><br \/>\nroasted beetroot, handmade hummus, tomato, green salad<\/p>\n<p><strong>TIGER PRAWNS &amp; CRAYFISH<\/strong><br \/>\ntiger prawns, avocado, crayfish tails, green salad, fish roe<\/p>\n<p><strong>HANDMADE DUCK DUMPLINGS\u00a0 \u00a0<\/strong><br \/>\nduck-filled dumplings, porcini broth, sour cream<\/p>\n<p><strong>CHICKEN &amp; BEETROOT SALAD\u00a0<\/strong>\u00a0<strong>\u00a0<\/strong><br \/>\ngrilled chicken fillet, roasted beetroot, sun-dried tomato, green salad<\/p>\n<p><strong>BEETROOT CONSOMM\u00c9 (soup)<\/strong><br \/>\nbeetroot, duck fillet, smoked cheese, dark rye bread<\/p>\n<hr \/>\n<h2>MAIN DISHES<\/h2>\n<p><strong>GRILLED SALMON FILLET<\/strong>\u00a0\u00a0<strong>\u00a0<\/strong><br \/>\nsalmon fillet, corn pur\u00e9e, seasonal vegetables, b\u00e9arnaise sauce<\/p>\n<p><strong>GRILLED DUCK BREAST<\/strong><br \/>\nduck breast, parsnip, seasonal vegetables, blackcurrant and liquorice sauce<\/p>\n<p><strong>CHARCOAL-GRILLED LAMB NECK FILLET<\/strong><br \/>\nLamb neck fillet, vegetable wok,\u00a0lightly spiced sesame sauce<\/p>\n<p><strong>GRILLED IBERICO PORK<\/strong>\u00a0\u00a0<strong>\u00a0<\/strong><br \/>\nIberico pork chop, vegetable wok, roasted apple sauce<\/p>\n<p><strong>PAN-FRIED PERCH FILLET<\/strong><br \/>\nperch fillet, corn pur\u00e9e, seasonal vegetables, b\u00e9arnaise sauce with fish roe<\/p>\n<p><strong>PASTA WITH SEAFOOD<\/strong><br \/>\nblack pasta, tiger prawns, mussels, white wine, Grana Padano cheese<\/p>\n<p><strong>VEGAN STEAK<\/strong><br \/>\nvegan steak, seasonal vegetables, lightly spiced sesame sauce, kale<\/p>\n<p><span style=\"color: #ad9164;\"><em>SIDES FOR MAIN COURSES<\/em><\/span><strong><br \/>\nFrench fries\u00a0 \u00a0<\/strong><br \/>\n<strong>Baby potatoes\u00a0 \u00a0<\/strong><br \/>\n<strong>Fresh salad<\/strong> (tomato, cucumber, fris\u00e9e lettuce, olive oil)<\/p>\n<hr \/>\n<h2>DESSERTS<\/h2>\n<p><strong>LAVENDER CR\u00c8ME BR\u00dbL\u00c9E<\/strong><br \/>\nlavender cr\u00e8me br\u00fbl\u00e9e, blood orange sorbet<\/p>\n<p><strong>HOMEMADE BLACKCURRANT ICE CREAM<\/strong><br \/>\nblackcurrant, rhubarb, Dubai chocolate<\/p>\n<p><strong>CHOCOLATE FONDANT<\/strong><br \/>\ndark chocolate, mango-passion sorbet<\/p>\n<p><strong>SEA BUCKTHORN MOUSSE<\/strong>\u00a0<strong> \u00a0<\/strong><br \/>\nsea buckthorn, Nutella snow, white chocolate, cranberries<\/p>\n<hr \/>\n<p><em><strong>The menu may change according to the season!<\/strong><br \/>\nGluten-free and lactose-free options of dishes are available upon request.<\/em><\/p>\n<p><strong>Information:<\/strong><br \/>\nphone +372 440 1012; e-mail\u00a0<a href=\"mailto:noot@spaestonia.ee\">noot@spaestonia.ee<\/a><\/p>\n","protected":false},"excerpt":{"rendered":"<p>STARTERS HANDMADE BREAD &amp; HUMMUS\u00a0 \u00a0 pesto bun, focaccia, dark rye bread, hummus SALMON TARTARE\u00a0\u00a0\u00a0&hellip;<\/p>\n","protected":false},"author":9,"featured_media":0,"parent":0,"menu_order":0,"comment_status":"closed","ping_status":"closed","template":"","meta":{"footnotes":""},"class_list":["post-23403","page","type-page","status-publish","hentry"],"yoast_head":"<!-- This site is optimized with the Yoast SEO plugin v26.7 - https:\/\/yoast.com\/wordpress\/plugins\/seo\/ -->\n<title>Set Menu - ESTONIA Resort Hotel Spa<\/title>\n<meta name=\"robots\" content=\"index, follow, max-snippet:-1, max-image-preview:large, max-video-preview:-1\" \/>\n<link rel=\"canonical\" href=\"https:\/\/www.spaestonia.ee\/resort\/en\/set-menu\/\" \/>\n<meta property=\"og:locale\" content=\"en_US\" \/>\n<meta property=\"og:type\" content=\"article\" \/>\n<meta property=\"og:title\" content=\"Set Menu - ESTONIA Resort Hotel Spa\" \/>\n<meta property=\"og:description\" content=\"STARTERS HANDMADE BREAD &amp; HUMMUS\u00a0 \u00a0 pesto bun, focaccia, dark rye bread, hummus SALMON TARTARE\u00a0\u00a0\u00a0&hellip;\" \/>\n<meta property=\"og:url\" content=\"https:\/\/www.spaestonia.ee\/resort\/en\/set-menu\/\" \/>\n<meta property=\"og:site_name\" content=\"ESTONIA Resort Hotel Spa\" \/>\n<meta property=\"article:publisher\" content=\"https:\/\/www.facebook.com\/EstoniaResortHotel\" \/>\n<meta property=\"article:modified_time\" content=\"2026-02-12T08:07:41+00:00\" \/>\n<meta name=\"twitter:card\" content=\"summary_large_image\" \/>\n<meta name=\"twitter:label1\" content=\"Est. reading time\" \/>\n\t<meta name=\"twitter:data1\" content=\"2 minutes\" \/>\n<script type=\"application\/ld+json\" class=\"yoast-schema-graph\">{\"@context\":\"https:\/\/schema.org\",\"@graph\":[{\"@type\":\"WebPage\",\"@id\":\"https:\/\/www.spaestonia.ee\/resort\/en\/set-menu\/\",\"url\":\"https:\/\/www.spaestonia.ee\/resort\/en\/set-menu\/\",\"name\":\"Set Menu - ESTONIA Resort Hotel Spa\",\"isPartOf\":{\"@id\":\"https:\/\/www.spaestonia.ee\/resort\/en\/#website\"},\"datePublished\":\"2019-01-18T09:07:44+00:00\",\"dateModified\":\"2026-02-12T08:07:41+00:00\",\"breadcrumb\":{\"@id\":\"https:\/\/www.spaestonia.ee\/resort\/en\/set-menu\/#breadcrumb\"},\"inLanguage\":\"ENH\",\"potentialAction\":[{\"@type\":\"ReadAction\",\"target\":[\"https:\/\/www.spaestonia.ee\/resort\/en\/set-menu\/\"]}]},{\"@type\":\"BreadcrumbList\",\"@id\":\"https:\/\/www.spaestonia.ee\/resort\/en\/set-menu\/#breadcrumb\",\"itemListElement\":[{\"@type\":\"ListItem\",\"position\":1,\"name\":\"Home\",\"item\":\"https:\/\/www.spaestonia.ee\/resort\/en\/\"},{\"@type\":\"ListItem\",\"position\":2,\"name\":\"Set Menu\"}]},{\"@type\":\"WebSite\",\"@id\":\"https:\/\/www.spaestonia.ee\/resort\/en\/#website\",\"url\":\"https:\/\/www.spaestonia.ee\/resort\/en\/\",\"name\":\"ESTONIA Resort Hotel Spa\",\"description\":\"Your destination in P\u00e4rnu for wellness and events\",\"publisher\":{\"@id\":\"https:\/\/www.spaestonia.ee\/resort\/en\/#organization\"},\"potentialAction\":[{\"@type\":\"SearchAction\",\"target\":{\"@type\":\"EntryPoint\",\"urlTemplate\":\"https:\/\/www.spaestonia.ee\/resort\/en\/?s={search_term_string}\"},\"query-input\":{\"@type\":\"PropertyValueSpecification\",\"valueRequired\":true,\"valueName\":\"search_term_string\"}}],\"inLanguage\":\"ENH\"},{\"@type\":\"Organization\",\"@id\":\"https:\/\/www.spaestonia.ee\/resort\/en\/#organization\",\"name\":\"ESTONIA Resort Hotel Spa\",\"url\":\"https:\/\/www.spaestonia.ee\/resort\/en\/\",\"logo\":{\"@type\":\"ImageObject\",\"inLanguage\":\"ENH\",\"@id\":\"https:\/\/www.spaestonia.ee\/resort\/en\/#\/schema\/logo\/image\/\",\"url\":\"https:\/\/www.spaestonia.ee\/resort\/wp-content\/uploads\/2025\/02\/resort-hotel-estonia.png\",\"contentUrl\":\"https:\/\/www.spaestonia.ee\/resort\/wp-content\/uploads\/2025\/02\/resort-hotel-estonia.png\",\"width\":400,\"height\":173,\"caption\":\"ESTONIA Resort Hotel Spa\"},\"image\":{\"@id\":\"https:\/\/www.spaestonia.ee\/resort\/en\/#\/schema\/logo\/image\/\"},\"sameAs\":[\"https:\/\/www.facebook.com\/EstoniaResortHotel\"]}]}<\/script>\n<!-- \/ Yoast SEO plugin. -->","yoast_head_json":{"title":"Set Menu - ESTONIA Resort Hotel Spa","robots":{"index":"index","follow":"follow","max-snippet":"max-snippet:-1","max-image-preview":"max-image-preview:large","max-video-preview":"max-video-preview:-1"},"canonical":"https:\/\/www.spaestonia.ee\/resort\/en\/set-menu\/","og_locale":"en_US","og_type":"article","og_title":"Set Menu - ESTONIA Resort Hotel Spa","og_description":"STARTERS HANDMADE BREAD &amp; HUMMUS\u00a0 \u00a0 pesto bun, focaccia, dark rye bread, hummus SALMON TARTARE\u00a0\u00a0\u00a0&hellip;","og_url":"https:\/\/www.spaestonia.ee\/resort\/en\/set-menu\/","og_site_name":"ESTONIA Resort Hotel Spa","article_publisher":"https:\/\/www.facebook.com\/EstoniaResortHotel","article_modified_time":"2026-02-12T08:07:41+00:00","twitter_card":"summary_large_image","twitter_misc":{"Est. reading time":"2 minutes"},"schema":{"@context":"https:\/\/schema.org","@graph":[{"@type":"WebPage","@id":"https:\/\/www.spaestonia.ee\/resort\/en\/set-menu\/","url":"https:\/\/www.spaestonia.ee\/resort\/en\/set-menu\/","name":"Set Menu - ESTONIA Resort Hotel Spa","isPartOf":{"@id":"https:\/\/www.spaestonia.ee\/resort\/en\/#website"},"datePublished":"2019-01-18T09:07:44+00:00","dateModified":"2026-02-12T08:07:41+00:00","breadcrumb":{"@id":"https:\/\/www.spaestonia.ee\/resort\/en\/set-menu\/#breadcrumb"},"inLanguage":"ENH","potentialAction":[{"@type":"ReadAction","target":["https:\/\/www.spaestonia.ee\/resort\/en\/set-menu\/"]}]},{"@type":"BreadcrumbList","@id":"https:\/\/www.spaestonia.ee\/resort\/en\/set-menu\/#breadcrumb","itemListElement":[{"@type":"ListItem","position":1,"name":"Home","item":"https:\/\/www.spaestonia.ee\/resort\/en\/"},{"@type":"ListItem","position":2,"name":"Set Menu"}]},{"@type":"WebSite","@id":"https:\/\/www.spaestonia.ee\/resort\/en\/#website","url":"https:\/\/www.spaestonia.ee\/resort\/en\/","name":"ESTONIA Resort Hotel Spa","description":"Your destination in P\u00e4rnu for wellness and events","publisher":{"@id":"https:\/\/www.spaestonia.ee\/resort\/en\/#organization"},"potentialAction":[{"@type":"SearchAction","target":{"@type":"EntryPoint","urlTemplate":"https:\/\/www.spaestonia.ee\/resort\/en\/?s={search_term_string}"},"query-input":{"@type":"PropertyValueSpecification","valueRequired":true,"valueName":"search_term_string"}}],"inLanguage":"ENH"},{"@type":"Organization","@id":"https:\/\/www.spaestonia.ee\/resort\/en\/#organization","name":"ESTONIA Resort Hotel Spa","url":"https:\/\/www.spaestonia.ee\/resort\/en\/","logo":{"@type":"ImageObject","inLanguage":"ENH","@id":"https:\/\/www.spaestonia.ee\/resort\/en\/#\/schema\/logo\/image\/","url":"https:\/\/www.spaestonia.ee\/resort\/wp-content\/uploads\/2025\/02\/resort-hotel-estonia.png","contentUrl":"https:\/\/www.spaestonia.ee\/resort\/wp-content\/uploads\/2025\/02\/resort-hotel-estonia.png","width":400,"height":173,"caption":"ESTONIA Resort Hotel Spa"},"image":{"@id":"https:\/\/www.spaestonia.ee\/resort\/en\/#\/schema\/logo\/image\/"},"sameAs":["https:\/\/www.facebook.com\/EstoniaResortHotel"]}]}},"_links":{"self":[{"href":"https:\/\/www.spaestonia.ee\/resort\/en\/wp-json\/wp\/v2\/pages\/23403","targetHints":{"allow":["GET"]}}],"collection":[{"href":"https:\/\/www.spaestonia.ee\/resort\/en\/wp-json\/wp\/v2\/pages"}],"about":[{"href":"https:\/\/www.spaestonia.ee\/resort\/en\/wp-json\/wp\/v2\/types\/page"}],"author":[{"embeddable":true,"href":"https:\/\/www.spaestonia.ee\/resort\/en\/wp-json\/wp\/v2\/users\/9"}],"replies":[{"embeddable":true,"href":"https:\/\/www.spaestonia.ee\/resort\/en\/wp-json\/wp\/v2\/comments?post=23403"}],"version-history":[{"count":16,"href":"https:\/\/www.spaestonia.ee\/resort\/en\/wp-json\/wp\/v2\/pages\/23403\/revisions"}],"predecessor-version":[{"id":46299,"href":"https:\/\/www.spaestonia.ee\/resort\/en\/wp-json\/wp\/v2\/pages\/23403\/revisions\/46299"}],"wp:attachment":[{"href":"https:\/\/www.spaestonia.ee\/resort\/en\/wp-json\/wp\/v2\/media?parent=23403"}],"curies":[{"name":"wp","href":"https:\/\/api.w.org\/{rel}","templated":true}]}}