{"id":36519,"date":"2022-09-16T10:11:59","date_gmt":"2022-09-16T07:11:59","guid":{"rendered":"https:\/\/www.spaestonia.ee\/resort\/?page_id=36519"},"modified":"2026-03-31T16:00:34","modified_gmt":"2026-03-31T13:00:34","slug":"a-la-carte-menu","status":"publish","type":"page","link":"https:\/\/www.spaestonia.ee\/resort\/en\/a-la-carte-menu\/","title":{"rendered":"\u00c0 la carte menu"},"content":{"rendered":"<h2>SNACKS, APPETISERS, SALADS<\/h2>\n<p><strong>HANDMADE BREAD &amp; HUMMUS\u00a0 \u00a04 \u20ac<\/strong><br \/>\npesto bun, focaccia, dark rye bread, hummus<\/p>\n<p><strong>SALMON TARTARE<\/strong>\u00a0 <strong>\u00a014 \u20ac<\/strong><br \/>\nsalmon fillet, tomato consomm\u00e9, scallop, fresh cucumber, Caesar dressing, fish roe<\/p>\n<p><strong>BOEUF \u00c0 LA NOO<\/strong>T\u00a0<strong>\u00a0\u00a015 \u20ac<\/strong><br \/>\nbeef fillet, pickle, capers, sun-dried tomato, quail egg, focaccia bread<\/p>\n<p><strong>BEETROOT &amp; SMOKED HUMMUS (vegan) <\/strong>\u00a0 <strong>10 \u20ac<\/strong><br \/>\nroasted beetroot, handmade hummus, tomato, green salad<\/p>\n<p><strong>TIGER PRAWNS &amp; CRAYFISH<\/strong>\u00a0 \u00a0<strong>14 \u20ac<\/strong><br \/>\ntiger prawns, avocado, crayfish tails, green salad, fish roe<\/p>\n<p><strong>HANDMADE DUCK DUMPLINGS\u00a0 \u00a012 \u20ac<\/strong><br \/>\nduck-filled dumplings, porcini broth, sour cream<\/p>\n<p><strong>CHICKEN &amp; BEETROOT SALAD <\/strong>\u00a0<strong> 12 \u20ac<\/strong><br \/>\ngrilled chicken fillet, roasted beetroot, sun-dried tomato, green salad<\/p>\n<p><strong>SNACK PLATE FOR TWO <\/strong>\u00a0 <strong>21 \u20ac<\/strong><br \/>\nSerrano ham, chorizo, olives, Grana Padano cheese, handmade hummus by NOOT,<br \/>\nsun-dried tomatoes, ciabatta<\/p>\n<p><strong>CHEESE PLATE FOR TWO <\/strong>\u00a0 <strong>15 \u20ac<\/strong><br \/>\nselection of Estonian and Dutch cheeses, cloudberry jam<br \/>\n<em>Ask your server about the cheese types<\/em><\/p>\n<hr \/>\n<h2>SOUP<\/h2>\n<p><strong>BEETROOT CONSOMM\u00c9<\/strong>\u00a0 \u00a0<strong>9 \u20ac<\/strong><br \/>\nbeetroot, duck fillet, smoked cheese, dark rye bread<\/p>\n<hr \/>\n<h2>MAIN COURSES<\/h2>\n<p><strong>GRILLED SALMON FILLET<\/strong>\u00a0 <strong>\u00a019 \u20ac<\/strong><br \/>\nsalmon fillet, corn pur\u00e9e, seasonal vegetables, b\u00e9arnaise sauce<\/p>\n<p><strong>GRILLED DUCK BREAST<\/strong>\u00a0 \u00a0<strong>19 \u20ac<\/strong><br \/>\nduck breast, parsnip, seasonal vegetables, blackcurrant and liquorice sauce<\/p>\n<p><strong>CHARCOAL-GRILLED LAMB NECK FILLET\u00a0 \u00a019 \u20ac<\/strong><br \/>\nLamb neck fillet, vegetable wok,\u00a0lightly spiced sesame sauce<\/p>\n<p><strong>CHARCOAL-GRILLED BEEF ENTREC\u00d4TE<\/strong>\u00a0 <strong>\u00a024 \u20ac<\/strong><br \/>\nbeef entrec\u00f4te, truffle mashed potatoes, pepper sauce<\/p>\n<p><strong>GRILLED IBERICO PORK<\/strong>\u00a0 <strong>\u00a019 \u20ac<\/strong><br \/>\nIberico pork chop, vegetable wok, roasted apple sauce<\/p>\n<p><strong>PAN-FRIED PERCH FILLET<\/strong>\u00a0 <strong>\u00a020 \u20ac<\/strong><br \/>\nperch fillet, corn pur\u00e9e, seasonal vegetables, b\u00e9arnaise sauce with fish roe<\/p>\n<p><strong>PASTA WITH SEAFOOD\u00a0 \u00a016 \u20ac<\/strong><br \/>\nblack pasta, tiger prawns, mussels, white wine, Grana Padano cheese<\/p>\n<p><strong>VEGAN STEAK<\/strong>\u00a0 \u00a0<strong>19 \u20ac<\/strong><br \/>\nvegan steak, seasonal vegetables, lightly spiced sesame sauce, kale<\/p>\n<p><strong><span style=\"color: #ad9164;\"><em><span style=\"font-size: 20px;\">SIDES<\/span><\/em><\/span><br \/>\nFrench fries\u00a0 \u00a05 \u20ac<\/strong><br \/>\n<strong>Baby potatoes\u00a0 \u00a05 \u20ac<\/strong><br \/>\n<strong>Fresh salad<\/strong> (<strong>\u00a0<\/strong>tomato, cucumber, fris\u00e9e lettuce, olive oil )\u00a0 \u00a0<strong>5 \u20ac<\/strong><\/p>\n<hr \/>\n<h2>DESSERTS<\/h2>\n<p><strong>LAVENDER CR\u00c8ME BR\u00dbL\u00c9E<\/strong>\u00a0 \u00a0<strong>7 \u20ac<\/strong><br \/>\nlavender cr\u00e8me br\u00fbl\u00e9e, blood orange sorbet<\/p>\n<p><strong>HOMEMADE BLACKCURRANT ICE CREAM<\/strong>\u00a0 \u00a0<strong>7 \u20ac<\/strong><br \/>\nblackcurrant, rhubarb, Dubai chocolate<\/p>\n<p><strong>CHOCOLATE FONDANT<\/strong>\u00a0 \u00a0<strong>7 \u20ac<\/strong><br \/>\ndark chocolate, mango-passion sorbet<\/p>\n<p><strong>SEA BUCKTHORN MOUSSE<\/strong>\u00a0<strong> \u00a07 \u20ac<\/strong><br \/>\nsea buckthorn, Nutella snow, white chocolate, cranberries<\/p>\n<p><strong>CHEESE PLATE FOR TWO\u00a0 \u00a015 \u20ac<\/strong><br \/>\nselection of Estonian and Dutch cheeses, cloudberry jam<br \/>\n<em>Ask your server about the cheese types<\/em><\/p>\n<hr \/>\n<h2><strong>KIDS MENU<\/strong><\/h2>\n<p><strong>\u201cI DON\u2019T WANT ANYTHING\u201d\u00a0 \u00a0 6 \u20ac<\/strong><br \/>\nFrench fries with mayonnaise<\/p>\n<p><strong>\u201cWHATEVER\u201d\u00a0 <\/strong>\u00a0 <strong>8 \u20ac<\/strong><br \/>\nChicken meatballs, mashed potatoes, tomato, mayonnaise<\/p>\n<p><strong>\u201cWELL, I DON\u2019T KNOW\u201d\u00a0 \u00a0<\/strong>\u00a0<strong>7 \u20ac<\/strong><br \/>\nCreamy pasta with cheese<\/p>\n<p><strong>\u201cIF I MUST\u201d\u00a0 \u00a0 7 \u20ac<\/strong><br \/>\nWok-fried seasonal vegetables with pesto<\/p>\n<p><strong>\u201cWHATEVER YOU SAY<\/strong>\u201d\u00a0 <strong>\u00a0\u00a06 \u20ac<\/strong><br \/>\nIce cream scoop with popcorn syrup and strawberries<\/p>\n<p><strong>\u201cUHH&#8230; OK THEN\u201d\u00a0 \u00a0 7 \u20ac<\/strong><br \/>\nChurros with chocolate sauce<\/p>\n<hr \/>\n<p>The kitchen will close 30 minutes before closing time.<\/p>\n<h3><strong><a href=\"https:\/\/v2.tableonline.fi\/instabook\/bookings\/zGBDSta\/selection?locale=en\">Book your table here<\/a><\/strong><\/h3>\n<p>Phone +372 440 1012; e-mail\u00a0<a href=\"mailto:noot@spaestonia.ee\">noot@spaestonia.ee<\/a><br \/>\n<strong>Restaurant NOOT<\/strong>\u00a0\u2013 A. H. Tammsaare 4a, P\u00e4rnu, Estonia<\/p>\n<p><img loading=\"lazy\" decoding=\"async\" class=\"alignnone  wp-image-46964\" src=\"http:\/\/www.spaestonia.ee\/resort\/wp-content\/uploads\/2026\/03\/restaurant-noot-paernu_150x320_light_en.png\" alt=\"Falstaff\" width=\"438\" height=\"205\" srcset=\"https:\/\/www.spaestonia.ee\/resort\/wp-content\/uploads\/2026\/03\/restaurant-noot-paernu_150x320_light_en.png 1280w, https:\/\/www.spaestonia.ee\/resort\/wp-content\/uploads\/2026\/03\/restaurant-noot-paernu_150x320_light_en-300x141.png 300w, https:\/\/www.spaestonia.ee\/resort\/wp-content\/uploads\/2026\/03\/restaurant-noot-paernu_150x320_light_en-1024x480.png 1024w, https:\/\/www.spaestonia.ee\/resort\/wp-content\/uploads\/2026\/03\/restaurant-noot-paernu_150x320_light_en-768x360.png 768w\" sizes=\"auto, (max-width: 438px) 100vw, 438px\" \/><\/p>\n","protected":false},"excerpt":{"rendered":"<p>SNACKS, APPETISERS, SALADS HANDMADE BREAD &amp; HUMMUS\u00a0 \u00a04 \u20ac pesto bun, focaccia, dark rye bread,&hellip;<\/p>\n","protected":false},"author":18,"featured_media":0,"parent":0,"menu_order":0,"comment_status":"closed","ping_status":"closed","template":"","meta":{"footnotes":""},"class_list":["post-36519","page","type-page","status-publish","hentry"],"yoast_head":"<!-- This site is optimized with the Yoast SEO plugin v26.7 - https:\/\/yoast.com\/wordpress\/plugins\/seo\/ -->\n<title>\u00c0 la carte menu - ESTONIA Resort Hotel Spa<\/title>\n<meta name=\"robots\" content=\"index, follow, max-snippet:-1, max-image-preview:large, max-video-preview:-1\" \/>\n<link rel=\"canonical\" href=\"https:\/\/www.spaestonia.ee\/resort\/en\/a-la-carte-menu\/\" \/>\n<meta property=\"og:locale\" content=\"en_US\" \/>\n<meta property=\"og:type\" content=\"article\" \/>\n<meta property=\"og:title\" content=\"\u00c0 la carte menu - ESTONIA Resort Hotel Spa\" \/>\n<meta property=\"og:description\" content=\"SNACKS, APPETISERS, SALADS HANDMADE BREAD &amp; HUMMUS\u00a0 \u00a04 \u20ac pesto bun, focaccia, dark rye bread,&hellip;\" \/>\n<meta property=\"og:url\" content=\"https:\/\/www.spaestonia.ee\/resort\/en\/a-la-carte-menu\/\" \/>\n<meta property=\"og:site_name\" content=\"ESTONIA Resort Hotel Spa\" \/>\n<meta property=\"article:publisher\" content=\"https:\/\/www.facebook.com\/EstoniaResortHotel\" \/>\n<meta property=\"article:modified_time\" content=\"2026-03-31T13:00:34+00:00\" \/>\n<meta property=\"og:image\" content=\"http:\/\/www.spaestonia.ee\/resort\/wp-content\/uploads\/2026\/03\/restaurant-noot-paernu_150x320_light_en.png\" \/>\n<meta name=\"twitter:card\" content=\"summary_large_image\" \/>\n<meta name=\"twitter:label1\" content=\"Est. reading time\" \/>\n\t<meta name=\"twitter:data1\" content=\"3 minutes\" \/>\n<script type=\"application\/ld+json\" class=\"yoast-schema-graph\">{\"@context\":\"https:\/\/schema.org\",\"@graph\":[{\"@type\":\"WebPage\",\"@id\":\"https:\/\/www.spaestonia.ee\/resort\/en\/a-la-carte-menu\/\",\"url\":\"https:\/\/www.spaestonia.ee\/resort\/en\/a-la-carte-menu\/\",\"name\":\"\u00c0 la carte menu - ESTONIA Resort Hotel Spa\",\"isPartOf\":{\"@id\":\"https:\/\/www.spaestonia.ee\/resort\/en\/#website\"},\"primaryImageOfPage\":{\"@id\":\"https:\/\/www.spaestonia.ee\/resort\/en\/a-la-carte-menu\/#primaryimage\"},\"image\":{\"@id\":\"https:\/\/www.spaestonia.ee\/resort\/en\/a-la-carte-menu\/#primaryimage\"},\"thumbnailUrl\":\"http:\/\/www.spaestonia.ee\/resort\/wp-content\/uploads\/2026\/03\/restaurant-noot-paernu_150x320_light_en.png\",\"datePublished\":\"2022-09-16T07:11:59+00:00\",\"dateModified\":\"2026-03-31T13:00:34+00:00\",\"breadcrumb\":{\"@id\":\"https:\/\/www.spaestonia.ee\/resort\/en\/a-la-carte-menu\/#breadcrumb\"},\"inLanguage\":\"ENH\",\"potentialAction\":[{\"@type\":\"ReadAction\",\"target\":[\"https:\/\/www.spaestonia.ee\/resort\/en\/a-la-carte-menu\/\"]}]},{\"@type\":\"ImageObject\",\"inLanguage\":\"ENH\",\"@id\":\"https:\/\/www.spaestonia.ee\/resort\/en\/a-la-carte-menu\/#primaryimage\",\"url\":\"http:\/\/www.spaestonia.ee\/resort\/wp-content\/uploads\/2026\/03\/restaurant-noot-paernu_150x320_light_en.png\",\"contentUrl\":\"http:\/\/www.spaestonia.ee\/resort\/wp-content\/uploads\/2026\/03\/restaurant-noot-paernu_150x320_light_en.png\"},{\"@type\":\"BreadcrumbList\",\"@id\":\"https:\/\/www.spaestonia.ee\/resort\/en\/a-la-carte-menu\/#breadcrumb\",\"itemListElement\":[{\"@type\":\"ListItem\",\"position\":1,\"name\":\"Home\",\"item\":\"https:\/\/www.spaestonia.ee\/resort\/en\/\"},{\"@type\":\"ListItem\",\"position\":2,\"name\":\"\u00c0 la carte menu\"}]},{\"@type\":\"WebSite\",\"@id\":\"https:\/\/www.spaestonia.ee\/resort\/en\/#website\",\"url\":\"https:\/\/www.spaestonia.ee\/resort\/en\/\",\"name\":\"ESTONIA Resort Hotel Spa\",\"description\":\"Your destination in P\u00e4rnu for wellness and events\",\"publisher\":{\"@id\":\"https:\/\/www.spaestonia.ee\/resort\/en\/#organization\"},\"potentialAction\":[{\"@type\":\"SearchAction\",\"target\":{\"@type\":\"EntryPoint\",\"urlTemplate\":\"https:\/\/www.spaestonia.ee\/resort\/en\/?s={search_term_string}\"},\"query-input\":{\"@type\":\"PropertyValueSpecification\",\"valueRequired\":true,\"valueName\":\"search_term_string\"}}],\"inLanguage\":\"ENH\"},{\"@type\":\"Organization\",\"@id\":\"https:\/\/www.spaestonia.ee\/resort\/en\/#organization\",\"name\":\"ESTONIA Resort Hotel Spa\",\"url\":\"https:\/\/www.spaestonia.ee\/resort\/en\/\",\"logo\":{\"@type\":\"ImageObject\",\"inLanguage\":\"ENH\",\"@id\":\"https:\/\/www.spaestonia.ee\/resort\/en\/#\/schema\/logo\/image\/\",\"url\":\"https:\/\/www.spaestonia.ee\/resort\/wp-content\/uploads\/2025\/02\/resort-hotel-estonia.png\",\"contentUrl\":\"https:\/\/www.spaestonia.ee\/resort\/wp-content\/uploads\/2025\/02\/resort-hotel-estonia.png\",\"width\":400,\"height\":173,\"caption\":\"ESTONIA Resort Hotel Spa\"},\"image\":{\"@id\":\"https:\/\/www.spaestonia.ee\/resort\/en\/#\/schema\/logo\/image\/\"},\"sameAs\":[\"https:\/\/www.facebook.com\/EstoniaResortHotel\"]}]}<\/script>\n<!-- \/ Yoast SEO plugin. -->","yoast_head_json":{"title":"\u00c0 la carte menu - ESTONIA Resort Hotel Spa","robots":{"index":"index","follow":"follow","max-snippet":"max-snippet:-1","max-image-preview":"max-image-preview:large","max-video-preview":"max-video-preview:-1"},"canonical":"https:\/\/www.spaestonia.ee\/resort\/en\/a-la-carte-menu\/","og_locale":"en_US","og_type":"article","og_title":"\u00c0 la carte menu - ESTONIA Resort Hotel Spa","og_description":"SNACKS, APPETISERS, SALADS HANDMADE BREAD &amp; HUMMUS\u00a0 \u00a04 \u20ac pesto bun, focaccia, dark rye bread,&hellip;","og_url":"https:\/\/www.spaestonia.ee\/resort\/en\/a-la-carte-menu\/","og_site_name":"ESTONIA Resort Hotel Spa","article_publisher":"https:\/\/www.facebook.com\/EstoniaResortHotel","article_modified_time":"2026-03-31T13:00:34+00:00","og_image":[{"url":"http:\/\/www.spaestonia.ee\/resort\/wp-content\/uploads\/2026\/03\/restaurant-noot-paernu_150x320_light_en.png","type":"","width":"","height":""}],"twitter_card":"summary_large_image","twitter_misc":{"Est. reading time":"3 minutes"},"schema":{"@context":"https:\/\/schema.org","@graph":[{"@type":"WebPage","@id":"https:\/\/www.spaestonia.ee\/resort\/en\/a-la-carte-menu\/","url":"https:\/\/www.spaestonia.ee\/resort\/en\/a-la-carte-menu\/","name":"\u00c0 la carte menu - ESTONIA Resort Hotel Spa","isPartOf":{"@id":"https:\/\/www.spaestonia.ee\/resort\/en\/#website"},"primaryImageOfPage":{"@id":"https:\/\/www.spaestonia.ee\/resort\/en\/a-la-carte-menu\/#primaryimage"},"image":{"@id":"https:\/\/www.spaestonia.ee\/resort\/en\/a-la-carte-menu\/#primaryimage"},"thumbnailUrl":"http:\/\/www.spaestonia.ee\/resort\/wp-content\/uploads\/2026\/03\/restaurant-noot-paernu_150x320_light_en.png","datePublished":"2022-09-16T07:11:59+00:00","dateModified":"2026-03-31T13:00:34+00:00","breadcrumb":{"@id":"https:\/\/www.spaestonia.ee\/resort\/en\/a-la-carte-menu\/#breadcrumb"},"inLanguage":"ENH","potentialAction":[{"@type":"ReadAction","target":["https:\/\/www.spaestonia.ee\/resort\/en\/a-la-carte-menu\/"]}]},{"@type":"ImageObject","inLanguage":"ENH","@id":"https:\/\/www.spaestonia.ee\/resort\/en\/a-la-carte-menu\/#primaryimage","url":"http:\/\/www.spaestonia.ee\/resort\/wp-content\/uploads\/2026\/03\/restaurant-noot-paernu_150x320_light_en.png","contentUrl":"http:\/\/www.spaestonia.ee\/resort\/wp-content\/uploads\/2026\/03\/restaurant-noot-paernu_150x320_light_en.png"},{"@type":"BreadcrumbList","@id":"https:\/\/www.spaestonia.ee\/resort\/en\/a-la-carte-menu\/#breadcrumb","itemListElement":[{"@type":"ListItem","position":1,"name":"Home","item":"https:\/\/www.spaestonia.ee\/resort\/en\/"},{"@type":"ListItem","position":2,"name":"\u00c0 la carte menu"}]},{"@type":"WebSite","@id":"https:\/\/www.spaestonia.ee\/resort\/en\/#website","url":"https:\/\/www.spaestonia.ee\/resort\/en\/","name":"ESTONIA Resort Hotel Spa","description":"Your destination in P\u00e4rnu for wellness and events","publisher":{"@id":"https:\/\/www.spaestonia.ee\/resort\/en\/#organization"},"potentialAction":[{"@type":"SearchAction","target":{"@type":"EntryPoint","urlTemplate":"https:\/\/www.spaestonia.ee\/resort\/en\/?s={search_term_string}"},"query-input":{"@type":"PropertyValueSpecification","valueRequired":true,"valueName":"search_term_string"}}],"inLanguage":"ENH"},{"@type":"Organization","@id":"https:\/\/www.spaestonia.ee\/resort\/en\/#organization","name":"ESTONIA Resort Hotel Spa","url":"https:\/\/www.spaestonia.ee\/resort\/en\/","logo":{"@type":"ImageObject","inLanguage":"ENH","@id":"https:\/\/www.spaestonia.ee\/resort\/en\/#\/schema\/logo\/image\/","url":"https:\/\/www.spaestonia.ee\/resort\/wp-content\/uploads\/2025\/02\/resort-hotel-estonia.png","contentUrl":"https:\/\/www.spaestonia.ee\/resort\/wp-content\/uploads\/2025\/02\/resort-hotel-estonia.png","width":400,"height":173,"caption":"ESTONIA Resort Hotel Spa"},"image":{"@id":"https:\/\/www.spaestonia.ee\/resort\/en\/#\/schema\/logo\/image\/"},"sameAs":["https:\/\/www.facebook.com\/EstoniaResortHotel"]}]}},"_links":{"self":[{"href":"https:\/\/www.spaestonia.ee\/resort\/en\/wp-json\/wp\/v2\/pages\/36519","targetHints":{"allow":["GET"]}}],"collection":[{"href":"https:\/\/www.spaestonia.ee\/resort\/en\/wp-json\/wp\/v2\/pages"}],"about":[{"href":"https:\/\/www.spaestonia.ee\/resort\/en\/wp-json\/wp\/v2\/types\/page"}],"author":[{"embeddable":true,"href":"https:\/\/www.spaestonia.ee\/resort\/en\/wp-json\/wp\/v2\/users\/18"}],"replies":[{"embeddable":true,"href":"https:\/\/www.spaestonia.ee\/resort\/en\/wp-json\/wp\/v2\/comments?post=36519"}],"version-history":[{"count":42,"href":"https:\/\/www.spaestonia.ee\/resort\/en\/wp-json\/wp\/v2\/pages\/36519\/revisions"}],"predecessor-version":[{"id":46968,"href":"https:\/\/www.spaestonia.ee\/resort\/en\/wp-json\/wp\/v2\/pages\/36519\/revisions\/46968"}],"wp:attachment":[{"href":"https:\/\/www.spaestonia.ee\/resort\/en\/wp-json\/wp\/v2\/media?parent=36519"}],"curies":[{"name":"wp","href":"https:\/\/api.w.org\/{rel}","templated":true}]}}