{"id":16447,"date":"2017-09-25T16:01:41","date_gmt":"2017-09-25T13:01:41","guid":{"rendered":"https:\/\/www.spaestonia.ee\/resort\/fi\/?page_id=16447"},"modified":"2022-04-04T13:37:47","modified_gmt":"2022-04-04T10:37:47","slug":"uutta-kuntosali","status":"publish","type":"page","link":"https:\/\/www.spaestonia.ee\/resort\/fi\/kylpylahotelli\/uutta-kuntosali\/","title":{"rendered":"Kuntosali"},"content":{"rendered":"<p class=\"alignnone\">Kuntosali sijaitsee ESTONIA Resort Hotel &amp; Span kylpyl\u00e4- ja konferenssirakennuksen toisessa kerroksessa.<br \/>\nKuntosali on majoittuville asiakkaille maksuton ja avoinna ma &#8211; su klo 7.00 &#8211; 22.00<\/p>\n<ul>\n<li>Puhdista laitteet jokaisen harjoituksen j\u00e4lkeen desinfiointiaineella.<\/li>\n<li>Ennen sek\u00e4 kuntosalin k\u00e4yt\u00f6n j\u00e4lkeen pese k\u00e4det, muista my\u00f6s huolellinen kuivaus. K\u00e4yt\u00e4 k\u00e4sidesi\u00e4.<\/li>\n<li>Vaihda liikuntavaatteet huoneessasi.<\/li>\n<\/ul>\n<div class='gallery-article'><ul id='gallery-article0' class='list gallery-list galleryid-0 gallery-columns-4 gallery-size-thumbnail'><li class='gallery-item'>\n\t\t<p class='gallery-icon'>\n\t\t<a href='https:\/\/www.spaestonia.ee\/resort\/wp-content\/uploads\/2017\/09\/J\u00f5usaal-3.jpg' title=\"\" data-rl_title=\"\" class=\"rl-gallery-link\" data-rl_caption=\"\" data-rel=\"lightbox-gallery-0\"><img loading=\"lazy\" decoding=\"async\" width=\"300\" height=\"300\" src=\"https:\/\/www.spaestonia.ee\/resort\/wp-content\/uploads\/2017\/09\/J\u00f5usaal-3-300x300.jpg\" class=\"attachment-thumbnail size-thumbnail\" alt=\"\" srcset=\"https:\/\/www.spaestonia.ee\/resort\/wp-content\/uploads\/2017\/09\/J\u00f5usaal-3-300x300.jpg 300w, https:\/\/www.spaestonia.ee\/resort\/wp-content\/uploads\/2017\/09\/J\u00f5usaal-3-181x181.jpg 181w\" sizes=\"auto, (max-width: 300px) 100vw, 300px\" \/><\/a>\n\t\t<\/p><\/li><li class='gallery-item'>\n\t\t<p class='gallery-icon'>\n\t\t<a href='https:\/\/www.spaestonia.ee\/resort\/wp-content\/uploads\/2017\/09\/J\u00f5usaal-4.jpg' title=\"\" data-rl_title=\"\" class=\"rl-gallery-link\" data-rl_caption=\"\" data-rel=\"lightbox-gallery-0\"><img loading=\"lazy\" decoding=\"async\" width=\"300\" height=\"300\" src=\"https:\/\/www.spaestonia.ee\/resort\/wp-content\/uploads\/2017\/09\/J\u00f5usaal-4-300x300.jpg\" class=\"attachment-thumbnail size-thumbnail\" alt=\"\" srcset=\"https:\/\/www.spaestonia.ee\/resort\/wp-content\/uploads\/2017\/09\/J\u00f5usaal-4-300x300.jpg 300w, https:\/\/www.spaestonia.ee\/resort\/wp-content\/uploads\/2017\/09\/J\u00f5usaal-4-181x181.jpg 181w\" sizes=\"auto, (max-width: 300px) 100vw, 300px\" \/><\/a>\n\t\t<\/p><\/li><li class='gallery-item'>\n\t\t<p class='gallery-icon'>\n\t\t<a href='https:\/\/www.spaestonia.ee\/resort\/wp-content\/uploads\/2017\/09\/J\u00f5usaal-1.jpg' title=\"\" data-rl_title=\"\" class=\"rl-gallery-link\" data-rl_caption=\"\" data-rel=\"lightbox-gallery-0\"><img loading=\"lazy\" decoding=\"async\" width=\"300\" height=\"300\" src=\"https:\/\/www.spaestonia.ee\/resort\/wp-content\/uploads\/2017\/09\/J\u00f5usaal-1-300x300.jpg\" class=\"attachment-thumbnail size-thumbnail\" alt=\"\" srcset=\"https:\/\/www.spaestonia.ee\/resort\/wp-content\/uploads\/2017\/09\/J\u00f5usaal-1-300x300.jpg 300w, https:\/\/www.spaestonia.ee\/resort\/wp-content\/uploads\/2017\/09\/J\u00f5usaal-1-181x181.jpg 181w\" sizes=\"auto, (max-width: 300px) 100vw, 300px\" \/><\/a>\n\t\t<\/p><\/li><li class='gallery-item'>\n\t\t<p class='gallery-icon'>\n\t\t<a href='https:\/\/www.spaestonia.ee\/resort\/wp-content\/uploads\/2017\/09\/J\u00f5usaal-5.jpg' title=\"\" data-rl_title=\"\" class=\"rl-gallery-link\" data-rl_caption=\"\" data-rel=\"lightbox-gallery-0\"><img loading=\"lazy\" decoding=\"async\" width=\"300\" height=\"300\" src=\"https:\/\/www.spaestonia.ee\/resort\/wp-content\/uploads\/2017\/09\/J\u00f5usaal-5-300x300.jpg\" class=\"attachment-thumbnail size-thumbnail\" alt=\"\" srcset=\"https:\/\/www.spaestonia.ee\/resort\/wp-content\/uploads\/2017\/09\/J\u00f5usaal-5-300x300.jpg 300w, https:\/\/www.spaestonia.ee\/resort\/wp-content\/uploads\/2017\/09\/J\u00f5usaal-5-181x181.jpg 181w\" sizes=\"auto, (max-width: 300px) 100vw, 300px\" \/><\/a>\n\t\t<\/p><\/li><\/ul>\n<\/div>\n\n","protected":false},"excerpt":{"rendered":"<p>Kuntosali sijaitsee ESTONIA Resort Hotel &amp; Span kylpyl\u00e4- ja konferenssirakennuksen toisessa kerroksessa. Kuntosali on majoittuville&hellip;<\/p>\n","protected":false},"author":8,"featured_media":0,"parent":460,"menu_order":0,"comment_status":"closed","ping_status":"closed","template":"","meta":{"footnotes":""},"class_list":["post-16447","page","type-page","status-publish","hentry"],"yoast_head":"<!-- This site is optimized with the Yoast SEO plugin v26.7 - https:\/\/yoast.com\/wordpress\/plugins\/seo\/ -->\n<title>Kuntosali - ESTONIA Resort Hotel Spa<\/title>\n<meta name=\"robots\" content=\"index, follow, max-snippet:-1, max-image-preview:large, max-video-preview:-1\" \/>\n<link rel=\"canonical\" href=\"https:\/\/www.spaestonia.ee\/resort\/fi\/kylpylahotelli\/uutta-kuntosali\/\" \/>\n<meta property=\"og:locale\" content=\"fi_FI\" \/>\n<meta property=\"og:type\" content=\"article\" \/>\n<meta property=\"og:title\" content=\"Kuntosali - ESTONIA Resort Hotel Spa\" \/>\n<meta property=\"og:description\" content=\"Kuntosali sijaitsee ESTONIA Resort Hotel &amp; Span kylpyl\u00e4- ja konferenssirakennuksen toisessa kerroksessa. Kuntosali on majoittuville&hellip;\" \/>\n<meta property=\"og:url\" content=\"https:\/\/www.spaestonia.ee\/resort\/fi\/kylpylahotelli\/uutta-kuntosali\/\" \/>\n<meta property=\"og:site_name\" content=\"ESTONIA Resort Hotel Spa\" \/>\n<meta property=\"article:publisher\" content=\"https:\/\/www.facebook.com\/EstoniaResortHotel\" \/>\n<meta property=\"article:modified_time\" content=\"2022-04-04T10:37:47+00:00\" \/>\n<meta property=\"og:image\" content=\"https:\/\/www.spaestonia.ee\/resort\/wp-content\/uploads\/2017\/09\/J\u00f5usaal-3-300x300.jpg\" \/>\n<meta name=\"twitter:card\" content=\"summary_large_image\" \/>\n<script type=\"application\/ld+json\" class=\"yoast-schema-graph\">{\"@context\":\"https:\/\/schema.org\",\"@graph\":[{\"@type\":\"WebPage\",\"@id\":\"https:\/\/www.spaestonia.ee\/resort\/fi\/kylpylahotelli\/uutta-kuntosali\/\",\"url\":\"https:\/\/www.spaestonia.ee\/resort\/fi\/kylpylahotelli\/uutta-kuntosali\/\",\"name\":\"Kuntosali - ESTONIA Resort Hotel Spa\",\"isPartOf\":{\"@id\":\"https:\/\/www.spaestonia.ee\/resort\/fi\/#website\"},\"datePublished\":\"2017-09-25T13:01:41+00:00\",\"dateModified\":\"2022-04-04T10:37:47+00:00\",\"breadcrumb\":{\"@id\":\"https:\/\/www.spaestonia.ee\/resort\/fi\/kylpylahotelli\/uutta-kuntosali\/#breadcrumb\"},\"inLanguage\":\"fi\",\"potentialAction\":[{\"@type\":\"ReadAction\",\"target\":[\"https:\/\/www.spaestonia.ee\/resort\/fi\/kylpylahotelli\/uutta-kuntosali\/\"]}]},{\"@type\":\"BreadcrumbList\",\"@id\":\"https:\/\/www.spaestonia.ee\/resort\/fi\/kylpylahotelli\/uutta-kuntosali\/#breadcrumb\",\"itemListElement\":[{\"@type\":\"ListItem\",\"position\":1,\"name\":\"Home\",\"item\":\"https:\/\/www.spaestonia.ee\/resort\/fi\/\"},{\"@type\":\"ListItem\",\"position\":2,\"name\":\"ESTONIA Resort Hotel &#038; Spa kylpyl\u00e4hotelli\",\"item\":\"https:\/\/www.spaestonia.ee\/resort\/fi\/kylpylahotelli\/\"},{\"@type\":\"ListItem\",\"position\":3,\"name\":\"Kuntosali\"}]},{\"@type\":\"WebSite\",\"@id\":\"https:\/\/www.spaestonia.ee\/resort\/fi\/#website\",\"url\":\"https:\/\/www.spaestonia.ee\/resort\/fi\/\",\"name\":\"ESTONIA Resort Hotel Spa\",\"description\":\"E-WoW\",\"publisher\":{\"@id\":\"https:\/\/www.spaestonia.ee\/resort\/fi\/#organization\"},\"potentialAction\":[{\"@type\":\"SearchAction\",\"target\":{\"@type\":\"EntryPoint\",\"urlTemplate\":\"https:\/\/www.spaestonia.ee\/resort\/fi\/?s={search_term_string}\"},\"query-input\":{\"@type\":\"PropertyValueSpecification\",\"valueRequired\":true,\"valueName\":\"search_term_string\"}}],\"inLanguage\":\"fi\"},{\"@type\":\"Organization\",\"@id\":\"https:\/\/www.spaestonia.ee\/resort\/fi\/#organization\",\"name\":\"ESTONIA Resort Hotel Spa\",\"url\":\"https:\/\/www.spaestonia.ee\/resort\/fi\/\",\"logo\":{\"@type\":\"ImageObject\",\"inLanguage\":\"fi\",\"@id\":\"https:\/\/www.spaestonia.ee\/resort\/fi\/#\/schema\/logo\/image\/\",\"url\":\"https:\/\/www.spaestonia.ee\/resort\/wp-content\/uploads\/2025\/02\/resort-hotel-estonia.png\",\"contentUrl\":\"https:\/\/www.spaestonia.ee\/resort\/wp-content\/uploads\/2025\/02\/resort-hotel-estonia.png\",\"width\":400,\"height\":173,\"caption\":\"ESTONIA Resort Hotel Spa\"},\"image\":{\"@id\":\"https:\/\/www.spaestonia.ee\/resort\/fi\/#\/schema\/logo\/image\/\"},\"sameAs\":[\"https:\/\/www.facebook.com\/EstoniaResortHotel\"]}]}<\/script>\n<!-- \/ Yoast SEO plugin. -->","yoast_head_json":{"title":"Kuntosali - ESTONIA Resort Hotel Spa","robots":{"index":"index","follow":"follow","max-snippet":"max-snippet:-1","max-image-preview":"max-image-preview:large","max-video-preview":"max-video-preview:-1"},"canonical":"https:\/\/www.spaestonia.ee\/resort\/fi\/kylpylahotelli\/uutta-kuntosali\/","og_locale":"fi_FI","og_type":"article","og_title":"Kuntosali - ESTONIA Resort Hotel Spa","og_description":"Kuntosali sijaitsee ESTONIA Resort Hotel &amp; Span kylpyl\u00e4- ja konferenssirakennuksen toisessa kerroksessa. Kuntosali on majoittuville&hellip;","og_url":"https:\/\/www.spaestonia.ee\/resort\/fi\/kylpylahotelli\/uutta-kuntosali\/","og_site_name":"ESTONIA Resort Hotel Spa","article_publisher":"https:\/\/www.facebook.com\/EstoniaResortHotel","article_modified_time":"2022-04-04T10:37:47+00:00","og_image":[{"url":"https:\/\/www.spaestonia.ee\/resort\/wp-content\/uploads\/2017\/09\/J\u00f5usaal-3-300x300.jpg","type":"","width":"","height":""}],"twitter_card":"summary_large_image","schema":{"@context":"https:\/\/schema.org","@graph":[{"@type":"WebPage","@id":"https:\/\/www.spaestonia.ee\/resort\/fi\/kylpylahotelli\/uutta-kuntosali\/","url":"https:\/\/www.spaestonia.ee\/resort\/fi\/kylpylahotelli\/uutta-kuntosali\/","name":"Kuntosali - ESTONIA Resort Hotel Spa","isPartOf":{"@id":"https:\/\/www.spaestonia.ee\/resort\/fi\/#website"},"datePublished":"2017-09-25T13:01:41+00:00","dateModified":"2022-04-04T10:37:47+00:00","breadcrumb":{"@id":"https:\/\/www.spaestonia.ee\/resort\/fi\/kylpylahotelli\/uutta-kuntosali\/#breadcrumb"},"inLanguage":"fi","potentialAction":[{"@type":"ReadAction","target":["https:\/\/www.spaestonia.ee\/resort\/fi\/kylpylahotelli\/uutta-kuntosali\/"]}]},{"@type":"BreadcrumbList","@id":"https:\/\/www.spaestonia.ee\/resort\/fi\/kylpylahotelli\/uutta-kuntosali\/#breadcrumb","itemListElement":[{"@type":"ListItem","position":1,"name":"Home","item":"https:\/\/www.spaestonia.ee\/resort\/fi\/"},{"@type":"ListItem","position":2,"name":"ESTONIA Resort Hotel &#038; Spa kylpyl\u00e4hotelli","item":"https:\/\/www.spaestonia.ee\/resort\/fi\/kylpylahotelli\/"},{"@type":"ListItem","position":3,"name":"Kuntosali"}]},{"@type":"WebSite","@id":"https:\/\/www.spaestonia.ee\/resort\/fi\/#website","url":"https:\/\/www.spaestonia.ee\/resort\/fi\/","name":"ESTONIA Resort Hotel Spa","description":"E-WoW","publisher":{"@id":"https:\/\/www.spaestonia.ee\/resort\/fi\/#organization"},"potentialAction":[{"@type":"SearchAction","target":{"@type":"EntryPoint","urlTemplate":"https:\/\/www.spaestonia.ee\/resort\/fi\/?s={search_term_string}"},"query-input":{"@type":"PropertyValueSpecification","valueRequired":true,"valueName":"search_term_string"}}],"inLanguage":"fi"},{"@type":"Organization","@id":"https:\/\/www.spaestonia.ee\/resort\/fi\/#organization","name":"ESTONIA Resort Hotel Spa","url":"https:\/\/www.spaestonia.ee\/resort\/fi\/","logo":{"@type":"ImageObject","inLanguage":"fi","@id":"https:\/\/www.spaestonia.ee\/resort\/fi\/#\/schema\/logo\/image\/","url":"https:\/\/www.spaestonia.ee\/resort\/wp-content\/uploads\/2025\/02\/resort-hotel-estonia.png","contentUrl":"https:\/\/www.spaestonia.ee\/resort\/wp-content\/uploads\/2025\/02\/resort-hotel-estonia.png","width":400,"height":173,"caption":"ESTONIA Resort Hotel Spa"},"image":{"@id":"https:\/\/www.spaestonia.ee\/resort\/fi\/#\/schema\/logo\/image\/"},"sameAs":["https:\/\/www.facebook.com\/EstoniaResortHotel"]}]}},"_links":{"self":[{"href":"https:\/\/www.spaestonia.ee\/resort\/fi\/wp-json\/wp\/v2\/pages\/16447","targetHints":{"allow":["GET"]}}],"collection":[{"href":"https:\/\/www.spaestonia.ee\/resort\/fi\/wp-json\/wp\/v2\/pages"}],"about":[{"href":"https:\/\/www.spaestonia.ee\/resort\/fi\/wp-json\/wp\/v2\/types\/page"}],"author":[{"embeddable":true,"href":"https:\/\/www.spaestonia.ee\/resort\/fi\/wp-json\/wp\/v2\/users\/8"}],"replies":[{"embeddable":true,"href":"https:\/\/www.spaestonia.ee\/resort\/fi\/wp-json\/wp\/v2\/comments?post=16447"}],"version-history":[{"count":23,"href":"https:\/\/www.spaestonia.ee\/resort\/fi\/wp-json\/wp\/v2\/pages\/16447\/revisions"}],"predecessor-version":[{"id":35200,"href":"https:\/\/www.spaestonia.ee\/resort\/fi\/wp-json\/wp\/v2\/pages\/16447\/revisions\/35200"}],"up":[{"embeddable":true,"href":"https:\/\/www.spaestonia.ee\/resort\/fi\/wp-json\/wp\/v2\/pages\/460"}],"wp:attachment":[{"href":"https:\/\/www.spaestonia.ee\/resort\/fi\/wp-json\/wp\/v2\/media?parent=16447"}],"curies":[{"name":"wp","href":"https:\/\/api.w.org\/{rel}","templated":true}]}}