{"id":22352,"date":"2017-06-29T12:27:26","date_gmt":"2017-06-29T09:27:26","guid":{"rendered":"http:\/\/www.spaestonia.ee\/resort\/fi\/?page_id=22352"},"modified":"2025-07-29T15:35:35","modified_gmt":"2025-07-29T12:35:35","slug":"spa-saun-hyvat-tavat","status":"publish","type":"page","link":"https:\/\/www.spaestonia.ee\/resort\/fi\/spaa-ja-saunakeskus\/spa-saun-hyvat-tavat\/","title":{"rendered":"SPA &#038; SAUN \u2013 hyv\u00e4t tavat"},"content":{"rendered":"<h3><strong>Kylpyl\u00e4keskus SPA &amp; SAUNAN k\u00e4yt\u00e4nn\u00f6t ja s\u00e4\u00e4nn\u00f6t:<\/strong><\/h3>\n<ul>\n<li>Noudata kylpyl\u00e4keskuksen vierailuaikaa, joka on <strong>3 tuntia<\/strong>.<\/li>\n<li>Ole kohtelias ja ota toiset huomioon.<\/li>\n<li><strong>Arvioi ennen kylpyl\u00e4keskuksessa vierailua omia taitojasi ja terveydentilaasi.<\/strong><\/li>\n<li>SPA &amp; SAUN ei ole vastuussa vahingoista, menetyksist\u00e4, vammoista jne., jotka johtuvat vierailijan\u00a0 huolimattomuudesta, laiminly\u00f6nnist\u00e4, kykyjen yliarvioinnista, terveysongelmasta tai n\u00e4iden s\u00e4\u00e4nt\u00f6jen noudattamatta j\u00e4tt\u00e4misest\u00e4, mukaan lukien kylpyl\u00e4keskuksen ty\u00f6ntekij\u00f6iden ohjeiden noudattamatta j\u00e4tt\u00e4minen.<\/li>\n<li><strong>\u00c4l\u00e4 tule kylpyl\u00e4keskukseen alkoholin tai huumausaineiden vaikutuksen alaisena!<\/strong> Kylpyl\u00e4keskuksen ty\u00f6ntekij\u00e4ll\u00e4 on oikeus olla myym\u00e4tt\u00e4 kylpyl\u00e4lippua p\u00e4ihtyneelle henkil\u00f6lle.<\/li>\n<li><strong>Alle 15-vuotiaat lapset voivat vierailla keskuksessa vain aikuisen seurassa.<\/strong> Valvo lastesi toimintaa taataksesi heid\u00e4n turvallisuutensa. Aikuinen on vastuussa lapsensa turvallisuudesta kylpyl\u00e4ss\u00e4!<\/li>\n<li>Ota mukaan oma pyyhe tai pyyhe hotellihuoneesta. Pyyhkeen voi vuokrata my\u00f6s kylpyl\u00e4n vastaanotosta.<\/li>\n<li>Varmistu pukuhuoneessa, ett\u00e4 suljet kaapin oven kunnolla. Kylpyl\u00e4keskus ei ole vastuussa kaappiin j\u00e4tetyist\u00e4 tavaroista.<\/li>\n<li>K\u00e4yt\u00e4 uima-asua. Parhaiten sopivat perinteiset uima-asut: suosittelemme v\u00e4ltt\u00e4m\u00e4\u00e4n sortseja. Vauvojen ja alle 3-vuotiaiden lasten tulee k\u00e4ytt\u00e4\u00e4 uimavaippoja, joita voi ostaa kylpyl\u00e4n vastaanotosta.<\/li>\n<li><strong>PESEYTYMINEN ilman uima-asua on PAKOLLISTA<\/strong> <strong>ennen saunoihin ja allasalueelle menoa<\/strong>.<\/li>\n<li>Kylpyl\u00e4keskuksen ja ulkoterassin lattiat voivat olla liukkaat. Liiku kiirehtim\u00e4tt\u00e4 ja ole varovainen ja k\u00e4yt\u00e4 ehdottomasti <strong>varvastossuja<\/strong>! Varvastossuja voi ostaa kylpyl\u00e4n vastaanotosta.<\/li>\n<li><strong>Omien ruokien ja juomien tuonti kylpyl\u00e4keskukseen on kielletty!<\/strong> Kylpyl\u00e4baarista voi ostaa cocktaileja, smoothieit\u00e4 ja virvoitusjuomia. Kylpyl\u00e4keskuksen ty\u00f6ntekij\u00e4ll\u00e4 on oikeus takavarikoida mukana tuodut ruoat ja juomat.<\/li>\n<li>Juo kylpyl\u00e4keskuksessa riitt\u00e4v\u00e4sti vett\u00e4! Kylpyl\u00e4alueella on kaksi juomavesil\u00e4hdett\u00e4, joista saa helposti ilmaista vett\u00e4 milloin tahansa.<\/li>\n<li><strong>Veteen hypp\u00e4\u00e4minen on kielletty!<\/strong><\/li>\n<li><strong>Tupakointi kylpyl\u00e4keskuksen sis\u00e4ll\u00e4 ja ulkoterassilla on kielletty!<\/strong><\/li>\n<li><strong>Oman saunavihdan k\u00e4ytt\u00f6 on kielletty!<\/strong> Saunavihtoja voi ostaa kylpyl\u00e4n vastaanotosta ja niit\u00e4 saa k\u00e4ytt\u00e4\u00e4 vain VIHA-saunassa.<\/li>\n<li>Kylpyl\u00e4keskuksessa (my\u00f6s saunoissa ja suihkutiloissa) <strong>ei saa k\u00e4ytt\u00e4\u00e4 mukana tuotua hunajaa, vartalon kuorinta-aineita eik\u00e4 muita tahraavia aineita.<\/strong><\/li>\n<li>K\u00e4y suihkussa jokaisen saunassa k\u00e4ynnin j\u00e4lkeen ennen altaaseen menoa.<\/li>\n<li>K\u00e4yt\u00e4 saunoissa paperisia istuinalustoja, jotka l\u00f6yd\u00e4t saunojen sis\u00e4\u00e4np\u00e4\u00e4syist\u00e4.<\/li>\n<li><strong>Hiusten v\u00e4rj\u00e4ys ja karvojen ajo on kielletty puku- ja suihkutiloissa!<\/strong><\/li>\n<li>S\u00e4ilyt\u00e4 rannekkeesi huolella, ilmoita sen katoamisesta kylpyl\u00e4n virkailijalle heti. Kadonneen rannekkeen vahingonkorvaus on 25 \u20ac.<\/li>\n<li>Laita poistuessasi k\u00e4ytetyt pyyhkeet oven vieress\u00e4 olevaan tynnyriin ja palauta ranneke kylpyl\u00e4n virkailijalle. Hotellissa y\u00f6pyv\u00e4 palauttaa rannekkeen ennen poistumistaan hotellin vastaanottoon.<\/li>\n<li>K\u00e4sittele yrityksen omaisuutta varovaisesti. Yrityksell\u00e4 on oikeus vaatia vahingonkorvausta kokonaisuudessaan tahallisesti vahingoitetusta omaisuudesta.<\/li>\n<li>Kylpyl\u00e4keskuksen ty\u00f6ntekij\u00e4ll\u00e4 on oikeus huomauttaa vierailijaa keskuksen s\u00e4\u00e4nt\u00f6jen rikkomisesta ja mit\u00e4t\u00f6id\u00e4 kylpyl\u00e4lippu hyvitt\u00e4m\u00e4tt\u00e4 sit\u00e4.<\/li>\n<li>Vesikeskuksessa on kameravalvonta.<\/li>\n<li>Jos sinulla on kysymyksi\u00e4 tai ongelmia, k\u00e4\u00e4nny kylpyl\u00e4n vastaanoton puoleen.<\/li>\n<\/ul>\n<p><strong>Suositukset:<\/strong><br \/>\n&#8211; Nauti kylpyl\u00e4vierailun j\u00e4lkeen rentouttavista <a href=\"https:\/\/www.spaestonia.ee\/resort\/fi\/kylpylahoidot\/\">kylpyl\u00e4hoidoista<\/a>.<br \/>\nSaadaksesi lis\u00e4tietoja, k\u00e4\u00e4nny kylpyl\u00e4n vastaanoton puoleen.<\/p>\n<p><strong>Toivotamme mahtavia kylpyl\u00e4- ja saunael\u00e4myksi\u00e4!<\/strong><\/p>\n","protected":false},"excerpt":{"rendered":"<p>Kylpyl\u00e4keskus SPA &amp; SAUNAN k\u00e4yt\u00e4nn\u00f6t ja s\u00e4\u00e4nn\u00f6t: Noudata kylpyl\u00e4keskuksen vierailuaikaa, joka on 3 tuntia. Ole&hellip;<\/p>\n","protected":false},"author":8,"featured_media":0,"parent":447,"menu_order":0,"comment_status":"closed","ping_status":"closed","template":"","meta":{"footnotes":""},"class_list":["post-22352","page","type-page","status-publish","hentry"],"yoast_head":"<!-- This site is optimized with the Yoast SEO plugin v26.7 - https:\/\/yoast.com\/wordpress\/plugins\/seo\/ -->\n<title>SPA &amp; SAUN \u2013 hyv\u00e4t tavat - ESTONIA Resort Hotel Spa<\/title>\n<meta name=\"robots\" content=\"index, follow, max-snippet:-1, max-image-preview:large, max-video-preview:-1\" \/>\n<link rel=\"canonical\" href=\"https:\/\/www.spaestonia.ee\/resort\/fi\/spaa-ja-saunakeskus\/spa-saun-hyvat-tavat\/\" \/>\n<meta property=\"og:locale\" content=\"fi_FI\" \/>\n<meta property=\"og:type\" content=\"article\" \/>\n<meta property=\"og:title\" content=\"SPA &amp; SAUN \u2013 hyv\u00e4t tavat - ESTONIA Resort Hotel Spa\" \/>\n<meta property=\"og:description\" content=\"Kylpyl\u00e4keskus SPA &amp; SAUNAN k\u00e4yt\u00e4nn\u00f6t ja s\u00e4\u00e4nn\u00f6t: Noudata kylpyl\u00e4keskuksen vierailuaikaa, joka on 3 tuntia. Ole&hellip;\" \/>\n<meta property=\"og:url\" content=\"https:\/\/www.spaestonia.ee\/resort\/fi\/spaa-ja-saunakeskus\/spa-saun-hyvat-tavat\/\" \/>\n<meta property=\"og:site_name\" content=\"ESTONIA Resort Hotel Spa\" \/>\n<meta property=\"article:publisher\" content=\"https:\/\/www.facebook.com\/EstoniaResortHotel\" \/>\n<meta property=\"article:modified_time\" content=\"2025-07-29T12:35:35+00:00\" \/>\n<meta name=\"twitter:card\" content=\"summary_large_image\" \/>\n<meta name=\"twitter:label1\" content=\"Arvioitu lukuaika\" \/>\n\t<meta name=\"twitter:data1\" content=\"3 minuuttia\" \/>\n<script type=\"application\/ld+json\" class=\"yoast-schema-graph\">{\"@context\":\"https:\/\/schema.org\",\"@graph\":[{\"@type\":\"WebPage\",\"@id\":\"https:\/\/www.spaestonia.ee\/resort\/fi\/spaa-ja-saunakeskus\/spa-saun-hyvat-tavat\/\",\"url\":\"https:\/\/www.spaestonia.ee\/resort\/fi\/spaa-ja-saunakeskus\/spa-saun-hyvat-tavat\/\",\"name\":\"SPA & SAUN \u2013 hyv\u00e4t tavat - ESTONIA Resort Hotel Spa\",\"isPartOf\":{\"@id\":\"https:\/\/www.spaestonia.ee\/resort\/fi\/#website\"},\"datePublished\":\"2017-06-29T09:27:26+00:00\",\"dateModified\":\"2025-07-29T12:35:35+00:00\",\"breadcrumb\":{\"@id\":\"https:\/\/www.spaestonia.ee\/resort\/fi\/spaa-ja-saunakeskus\/spa-saun-hyvat-tavat\/#breadcrumb\"},\"inLanguage\":\"fi\",\"potentialAction\":[{\"@type\":\"ReadAction\",\"target\":[\"https:\/\/www.spaestonia.ee\/resort\/fi\/spaa-ja-saunakeskus\/spa-saun-hyvat-tavat\/\"]}]},{\"@type\":\"BreadcrumbList\",\"@id\":\"https:\/\/www.spaestonia.ee\/resort\/fi\/spaa-ja-saunakeskus\/spa-saun-hyvat-tavat\/#breadcrumb\",\"itemListElement\":[{\"@type\":\"ListItem\",\"position\":1,\"name\":\"Home\",\"item\":\"https:\/\/www.spaestonia.ee\/resort\/fi\/\"},{\"@type\":\"ListItem\",\"position\":2,\"name\":\"Spa &#038; Wellness\",\"item\":\"https:\/\/www.spaestonia.ee\/resort\/fi\/spaa-ja-saunakeskus\/\"},{\"@type\":\"ListItem\",\"position\":3,\"name\":\"SPA &#038; SAUN \u2013 hyv\u00e4t tavat\"}]},{\"@type\":\"WebSite\",\"@id\":\"https:\/\/www.spaestonia.ee\/resort\/fi\/#website\",\"url\":\"https:\/\/www.spaestonia.ee\/resort\/fi\/\",\"name\":\"ESTONIA Resort Hotel Spa\",\"description\":\"E-WoW\",\"publisher\":{\"@id\":\"https:\/\/www.spaestonia.ee\/resort\/fi\/#organization\"},\"potentialAction\":[{\"@type\":\"SearchAction\",\"target\":{\"@type\":\"EntryPoint\",\"urlTemplate\":\"https:\/\/www.spaestonia.ee\/resort\/fi\/?s={search_term_string}\"},\"query-input\":{\"@type\":\"PropertyValueSpecification\",\"valueRequired\":true,\"valueName\":\"search_term_string\"}}],\"inLanguage\":\"fi\"},{\"@type\":\"Organization\",\"@id\":\"https:\/\/www.spaestonia.ee\/resort\/fi\/#organization\",\"name\":\"ESTONIA Resort Hotel Spa\",\"url\":\"https:\/\/www.spaestonia.ee\/resort\/fi\/\",\"logo\":{\"@type\":\"ImageObject\",\"inLanguage\":\"fi\",\"@id\":\"https:\/\/www.spaestonia.ee\/resort\/fi\/#\/schema\/logo\/image\/\",\"url\":\"https:\/\/www.spaestonia.ee\/resort\/wp-content\/uploads\/2025\/02\/resort-hotel-estonia.png\",\"contentUrl\":\"https:\/\/www.spaestonia.ee\/resort\/wp-content\/uploads\/2025\/02\/resort-hotel-estonia.png\",\"width\":400,\"height\":173,\"caption\":\"ESTONIA Resort Hotel Spa\"},\"image\":{\"@id\":\"https:\/\/www.spaestonia.ee\/resort\/fi\/#\/schema\/logo\/image\/\"},\"sameAs\":[\"https:\/\/www.facebook.com\/EstoniaResortHotel\"]}]}<\/script>\n<!-- \/ Yoast SEO plugin. -->","yoast_head_json":{"title":"SPA & SAUN \u2013 hyv\u00e4t tavat - ESTONIA Resort Hotel Spa","robots":{"index":"index","follow":"follow","max-snippet":"max-snippet:-1","max-image-preview":"max-image-preview:large","max-video-preview":"max-video-preview:-1"},"canonical":"https:\/\/www.spaestonia.ee\/resort\/fi\/spaa-ja-saunakeskus\/spa-saun-hyvat-tavat\/","og_locale":"fi_FI","og_type":"article","og_title":"SPA & SAUN \u2013 hyv\u00e4t tavat - ESTONIA Resort Hotel Spa","og_description":"Kylpyl\u00e4keskus SPA &amp; SAUNAN k\u00e4yt\u00e4nn\u00f6t ja s\u00e4\u00e4nn\u00f6t: Noudata kylpyl\u00e4keskuksen vierailuaikaa, joka on 3 tuntia. Ole&hellip;","og_url":"https:\/\/www.spaestonia.ee\/resort\/fi\/spaa-ja-saunakeskus\/spa-saun-hyvat-tavat\/","og_site_name":"ESTONIA Resort Hotel Spa","article_publisher":"https:\/\/www.facebook.com\/EstoniaResortHotel","article_modified_time":"2025-07-29T12:35:35+00:00","twitter_card":"summary_large_image","twitter_misc":{"Arvioitu lukuaika":"3 minuuttia"},"schema":{"@context":"https:\/\/schema.org","@graph":[{"@type":"WebPage","@id":"https:\/\/www.spaestonia.ee\/resort\/fi\/spaa-ja-saunakeskus\/spa-saun-hyvat-tavat\/","url":"https:\/\/www.spaestonia.ee\/resort\/fi\/spaa-ja-saunakeskus\/spa-saun-hyvat-tavat\/","name":"SPA & SAUN \u2013 hyv\u00e4t tavat - ESTONIA Resort Hotel Spa","isPartOf":{"@id":"https:\/\/www.spaestonia.ee\/resort\/fi\/#website"},"datePublished":"2017-06-29T09:27:26+00:00","dateModified":"2025-07-29T12:35:35+00:00","breadcrumb":{"@id":"https:\/\/www.spaestonia.ee\/resort\/fi\/spaa-ja-saunakeskus\/spa-saun-hyvat-tavat\/#breadcrumb"},"inLanguage":"fi","potentialAction":[{"@type":"ReadAction","target":["https:\/\/www.spaestonia.ee\/resort\/fi\/spaa-ja-saunakeskus\/spa-saun-hyvat-tavat\/"]}]},{"@type":"BreadcrumbList","@id":"https:\/\/www.spaestonia.ee\/resort\/fi\/spaa-ja-saunakeskus\/spa-saun-hyvat-tavat\/#breadcrumb","itemListElement":[{"@type":"ListItem","position":1,"name":"Home","item":"https:\/\/www.spaestonia.ee\/resort\/fi\/"},{"@type":"ListItem","position":2,"name":"Spa &#038; Wellness","item":"https:\/\/www.spaestonia.ee\/resort\/fi\/spaa-ja-saunakeskus\/"},{"@type":"ListItem","position":3,"name":"SPA &#038; SAUN \u2013 hyv\u00e4t tavat"}]},{"@type":"WebSite","@id":"https:\/\/www.spaestonia.ee\/resort\/fi\/#website","url":"https:\/\/www.spaestonia.ee\/resort\/fi\/","name":"ESTONIA Resort Hotel Spa","description":"E-WoW","publisher":{"@id":"https:\/\/www.spaestonia.ee\/resort\/fi\/#organization"},"potentialAction":[{"@type":"SearchAction","target":{"@type":"EntryPoint","urlTemplate":"https:\/\/www.spaestonia.ee\/resort\/fi\/?s={search_term_string}"},"query-input":{"@type":"PropertyValueSpecification","valueRequired":true,"valueName":"search_term_string"}}],"inLanguage":"fi"},{"@type":"Organization","@id":"https:\/\/www.spaestonia.ee\/resort\/fi\/#organization","name":"ESTONIA Resort Hotel Spa","url":"https:\/\/www.spaestonia.ee\/resort\/fi\/","logo":{"@type":"ImageObject","inLanguage":"fi","@id":"https:\/\/www.spaestonia.ee\/resort\/fi\/#\/schema\/logo\/image\/","url":"https:\/\/www.spaestonia.ee\/resort\/wp-content\/uploads\/2025\/02\/resort-hotel-estonia.png","contentUrl":"https:\/\/www.spaestonia.ee\/resort\/wp-content\/uploads\/2025\/02\/resort-hotel-estonia.png","width":400,"height":173,"caption":"ESTONIA Resort Hotel Spa"},"image":{"@id":"https:\/\/www.spaestonia.ee\/resort\/fi\/#\/schema\/logo\/image\/"},"sameAs":["https:\/\/www.facebook.com\/EstoniaResortHotel"]}]}},"_links":{"self":[{"href":"https:\/\/www.spaestonia.ee\/resort\/fi\/wp-json\/wp\/v2\/pages\/22352","targetHints":{"allow":["GET"]}}],"collection":[{"href":"https:\/\/www.spaestonia.ee\/resort\/fi\/wp-json\/wp\/v2\/pages"}],"about":[{"href":"https:\/\/www.spaestonia.ee\/resort\/fi\/wp-json\/wp\/v2\/types\/page"}],"author":[{"embeddable":true,"href":"https:\/\/www.spaestonia.ee\/resort\/fi\/wp-json\/wp\/v2\/users\/8"}],"replies":[{"embeddable":true,"href":"https:\/\/www.spaestonia.ee\/resort\/fi\/wp-json\/wp\/v2\/comments?post=22352"}],"version-history":[{"count":10,"href":"https:\/\/www.spaestonia.ee\/resort\/fi\/wp-json\/wp\/v2\/pages\/22352\/revisions"}],"predecessor-version":[{"id":45082,"href":"https:\/\/www.spaestonia.ee\/resort\/fi\/wp-json\/wp\/v2\/pages\/22352\/revisions\/45082"}],"up":[{"embeddable":true,"href":"https:\/\/www.spaestonia.ee\/resort\/fi\/wp-json\/wp\/v2\/pages\/447"}],"wp:attachment":[{"href":"https:\/\/www.spaestonia.ee\/resort\/fi\/wp-json\/wp\/v2\/media?parent=22352"}],"curies":[{"name":"wp","href":"https:\/\/api.w.org\/{rel}","templated":true}]}}