{"id":28831,"date":"2020-12-03T07:47:58","date_gmt":"2020-12-03T05:47:58","guid":{"rendered":"http:\/\/www.spaestonia.ee\/resort\/fi\/?page_id=28831"},"modified":"2025-10-16T10:15:47","modified_gmt":"2025-10-16T07:15:47","slug":"lemmikin-kanssa-matkustavalle","status":"publish","type":"page","link":"https:\/\/www.spaestonia.ee\/resort\/fi\/kylpylahotelli\/lemmikin-kanssa-matkustavalle\/","title":{"rendered":"Lemmikin kanssa matkustavalle"},"content":{"rendered":"<p><img loading=\"lazy\" decoding=\"async\" class=\" wp-image-28637 alignright\" src=\"http:\/\/www.spaestonia.ee\/resort\/wp-content\/uploads\/2020\/12\/bosse_lemmikloom-300x225.jpg\" alt=\"bosse_lemmikloom\" width=\"410\" height=\"308\" srcset=\"https:\/\/www.spaestonia.ee\/resort\/wp-content\/uploads\/2020\/12\/bosse_lemmikloom-300x225.jpg 300w, https:\/\/www.spaestonia.ee\/resort\/wp-content\/uploads\/2020\/12\/bosse_lemmikloom-768x576.jpg 768w, https:\/\/www.spaestonia.ee\/resort\/wp-content\/uploads\/2020\/12\/bosse_lemmikloom-1024x768.jpg 1024w, https:\/\/www.spaestonia.ee\/resort\/wp-content\/uploads\/2020\/12\/bosse_lemmikloom.jpg 2000w\" sizes=\"auto, (max-width: 410px) 100vw, 410px\" \/><\/p>\n<p>Lemmikkiel\u00e4inten kanssa matkustaville hotellissamme on:<br \/>\n4 Standard huoneetta<br \/>\n3 Superior huoneetta<br \/>\n1 Comfort huone<br \/>\n2 Perhehuone<br \/>\nLemmikkilis\u00e4 on<strong> 25 \u20ac<\/strong> \/ y\u00f6<\/p>\n<p><strong>Hintaan kuuluu<\/strong><strong>:<\/strong><br \/>\n\u2013 juomakuppi<br \/>\n\u2013 pyyhe tassujen pesemiseen<br \/>\n\u2013 muovipusseja<\/p>\n<p>Lemmikkihuoneita on rajallinen m\u00e4\u00e4r\u00e4,\u00a0varattava ennakkoon!<\/p>\n<p>Toivomme, ett\u00e4 sek\u00e4 sinun ja lemmikkisi ett\u00e4 muiden hotellivieraiden kokemus ESTONIA Resort Hotel &amp; Spassa olisi mahdollisimman nautinnollinen, mink\u00e4 vuoksi olemme koostaneet uuden<br \/>\n<a href=\"https:\/\/www.spaestonia.ee\/resort\/fi\/lemmikin-omistajan-muistilistan\/\">LEMMIKIN OMISTAJAN MUISTILISTAN.<\/a><\/p>\n","protected":false},"excerpt":{"rendered":"<p>Lemmikkiel\u00e4inten kanssa matkustaville hotellissamme on: 4 Standard huoneetta 3 Superior huoneetta 1 Comfort huone 2&hellip;<\/p>\n","protected":false},"author":14,"featured_media":0,"parent":460,"menu_order":0,"comment_status":"closed","ping_status":"closed","template":"","meta":{"footnotes":""},"class_list":["post-28831","page","type-page","status-publish","hentry"],"yoast_head":"<!-- This site is optimized with the Yoast SEO plugin v26.7 - https:\/\/yoast.com\/wordpress\/plugins\/seo\/ -->\n<title>Lemmikin kanssa matkustavalle - ESTONIA Resort Hotel Spa<\/title>\n<meta name=\"robots\" content=\"index, follow, max-snippet:-1, max-image-preview:large, max-video-preview:-1\" \/>\n<link rel=\"canonical\" href=\"https:\/\/www.spaestonia.ee\/resort\/fi\/kylpylahotelli\/lemmikin-kanssa-matkustavalle\/\" \/>\n<meta property=\"og:locale\" content=\"fi_FI\" \/>\n<meta property=\"og:type\" content=\"article\" \/>\n<meta property=\"og:title\" content=\"Lemmikin kanssa matkustavalle - ESTONIA Resort Hotel Spa\" \/>\n<meta property=\"og:description\" content=\"Lemmikkiel\u00e4inten kanssa matkustaville hotellissamme on: 4 Standard huoneetta 3 Superior huoneetta 1 Comfort huone 2&hellip;\" \/>\n<meta property=\"og:url\" content=\"https:\/\/www.spaestonia.ee\/resort\/fi\/kylpylahotelli\/lemmikin-kanssa-matkustavalle\/\" \/>\n<meta property=\"og:site_name\" content=\"ESTONIA Resort Hotel Spa\" \/>\n<meta property=\"article:publisher\" content=\"https:\/\/www.facebook.com\/EstoniaResortHotel\" \/>\n<meta property=\"article:modified_time\" content=\"2025-10-16T07:15:47+00:00\" \/>\n<meta property=\"og:image\" content=\"http:\/\/www.spaestonia.ee\/resort\/wp-content\/uploads\/2020\/12\/bosse_lemmikloom-300x225.jpg\" \/>\n<meta name=\"twitter:card\" content=\"summary_large_image\" \/>\n<meta name=\"twitter:label1\" content=\"Arvioitu lukuaika\" \/>\n\t<meta name=\"twitter:data1\" content=\"1 minuutti\" \/>\n<script type=\"application\/ld+json\" class=\"yoast-schema-graph\">{\"@context\":\"https:\/\/schema.org\",\"@graph\":[{\"@type\":\"WebPage\",\"@id\":\"https:\/\/www.spaestonia.ee\/resort\/fi\/kylpylahotelli\/lemmikin-kanssa-matkustavalle\/\",\"url\":\"https:\/\/www.spaestonia.ee\/resort\/fi\/kylpylahotelli\/lemmikin-kanssa-matkustavalle\/\",\"name\":\"Lemmikin kanssa matkustavalle - ESTONIA Resort Hotel Spa\",\"isPartOf\":{\"@id\":\"https:\/\/www.spaestonia.ee\/resort\/fi\/#website\"},\"primaryImageOfPage\":{\"@id\":\"https:\/\/www.spaestonia.ee\/resort\/fi\/kylpylahotelli\/lemmikin-kanssa-matkustavalle\/#primaryimage\"},\"image\":{\"@id\":\"https:\/\/www.spaestonia.ee\/resort\/fi\/kylpylahotelli\/lemmikin-kanssa-matkustavalle\/#primaryimage\"},\"thumbnailUrl\":\"http:\/\/www.spaestonia.ee\/resort\/wp-content\/uploads\/2020\/12\/bosse_lemmikloom-300x225.jpg\",\"datePublished\":\"2020-12-03T05:47:58+00:00\",\"dateModified\":\"2025-10-16T07:15:47+00:00\",\"breadcrumb\":{\"@id\":\"https:\/\/www.spaestonia.ee\/resort\/fi\/kylpylahotelli\/lemmikin-kanssa-matkustavalle\/#breadcrumb\"},\"inLanguage\":\"fi\",\"potentialAction\":[{\"@type\":\"ReadAction\",\"target\":[\"https:\/\/www.spaestonia.ee\/resort\/fi\/kylpylahotelli\/lemmikin-kanssa-matkustavalle\/\"]}]},{\"@type\":\"ImageObject\",\"inLanguage\":\"fi\",\"@id\":\"https:\/\/www.spaestonia.ee\/resort\/fi\/kylpylahotelli\/lemmikin-kanssa-matkustavalle\/#primaryimage\",\"url\":\"http:\/\/www.spaestonia.ee\/resort\/wp-content\/uploads\/2020\/12\/bosse_lemmikloom-300x225.jpg\",\"contentUrl\":\"http:\/\/www.spaestonia.ee\/resort\/wp-content\/uploads\/2020\/12\/bosse_lemmikloom-300x225.jpg\"},{\"@type\":\"BreadcrumbList\",\"@id\":\"https:\/\/www.spaestonia.ee\/resort\/fi\/kylpylahotelli\/lemmikin-kanssa-matkustavalle\/#breadcrumb\",\"itemListElement\":[{\"@type\":\"ListItem\",\"position\":1,\"name\":\"Home\",\"item\":\"https:\/\/www.spaestonia.ee\/resort\/fi\/\"},{\"@type\":\"ListItem\",\"position\":2,\"name\":\"ESTONIA Resort Hotel &#038; Spa kylpyl\u00e4hotelli\",\"item\":\"https:\/\/www.spaestonia.ee\/resort\/fi\/kylpylahotelli\/\"},{\"@type\":\"ListItem\",\"position\":3,\"name\":\"Lemmikin kanssa matkustavalle\"}]},{\"@type\":\"WebSite\",\"@id\":\"https:\/\/www.spaestonia.ee\/resort\/fi\/#website\",\"url\":\"https:\/\/www.spaestonia.ee\/resort\/fi\/\",\"name\":\"ESTONIA Resort Hotel Spa\",\"description\":\"E-WoW\",\"publisher\":{\"@id\":\"https:\/\/www.spaestonia.ee\/resort\/fi\/#organization\"},\"potentialAction\":[{\"@type\":\"SearchAction\",\"target\":{\"@type\":\"EntryPoint\",\"urlTemplate\":\"https:\/\/www.spaestonia.ee\/resort\/fi\/?s={search_term_string}\"},\"query-input\":{\"@type\":\"PropertyValueSpecification\",\"valueRequired\":true,\"valueName\":\"search_term_string\"}}],\"inLanguage\":\"fi\"},{\"@type\":\"Organization\",\"@id\":\"https:\/\/www.spaestonia.ee\/resort\/fi\/#organization\",\"name\":\"ESTONIA Resort Hotel Spa\",\"url\":\"https:\/\/www.spaestonia.ee\/resort\/fi\/\",\"logo\":{\"@type\":\"ImageObject\",\"inLanguage\":\"fi\",\"@id\":\"https:\/\/www.spaestonia.ee\/resort\/fi\/#\/schema\/logo\/image\/\",\"url\":\"https:\/\/www.spaestonia.ee\/resort\/wp-content\/uploads\/2025\/02\/resort-hotel-estonia.png\",\"contentUrl\":\"https:\/\/www.spaestonia.ee\/resort\/wp-content\/uploads\/2025\/02\/resort-hotel-estonia.png\",\"width\":400,\"height\":173,\"caption\":\"ESTONIA Resort Hotel Spa\"},\"image\":{\"@id\":\"https:\/\/www.spaestonia.ee\/resort\/fi\/#\/schema\/logo\/image\/\"},\"sameAs\":[\"https:\/\/www.facebook.com\/EstoniaResortHotel\"]}]}<\/script>\n<!-- \/ Yoast SEO plugin. -->","yoast_head_json":{"title":"Lemmikin kanssa matkustavalle - ESTONIA Resort Hotel Spa","robots":{"index":"index","follow":"follow","max-snippet":"max-snippet:-1","max-image-preview":"max-image-preview:large","max-video-preview":"max-video-preview:-1"},"canonical":"https:\/\/www.spaestonia.ee\/resort\/fi\/kylpylahotelli\/lemmikin-kanssa-matkustavalle\/","og_locale":"fi_FI","og_type":"article","og_title":"Lemmikin kanssa matkustavalle - ESTONIA Resort Hotel Spa","og_description":"Lemmikkiel\u00e4inten kanssa matkustaville hotellissamme on: 4 Standard huoneetta 3 Superior huoneetta 1 Comfort huone 2&hellip;","og_url":"https:\/\/www.spaestonia.ee\/resort\/fi\/kylpylahotelli\/lemmikin-kanssa-matkustavalle\/","og_site_name":"ESTONIA Resort Hotel Spa","article_publisher":"https:\/\/www.facebook.com\/EstoniaResortHotel","article_modified_time":"2025-10-16T07:15:47+00:00","og_image":[{"url":"http:\/\/www.spaestonia.ee\/resort\/wp-content\/uploads\/2020\/12\/bosse_lemmikloom-300x225.jpg","type":"","width":"","height":""}],"twitter_card":"summary_large_image","twitter_misc":{"Arvioitu lukuaika":"1 minuutti"},"schema":{"@context":"https:\/\/schema.org","@graph":[{"@type":"WebPage","@id":"https:\/\/www.spaestonia.ee\/resort\/fi\/kylpylahotelli\/lemmikin-kanssa-matkustavalle\/","url":"https:\/\/www.spaestonia.ee\/resort\/fi\/kylpylahotelli\/lemmikin-kanssa-matkustavalle\/","name":"Lemmikin kanssa matkustavalle - ESTONIA Resort Hotel Spa","isPartOf":{"@id":"https:\/\/www.spaestonia.ee\/resort\/fi\/#website"},"primaryImageOfPage":{"@id":"https:\/\/www.spaestonia.ee\/resort\/fi\/kylpylahotelli\/lemmikin-kanssa-matkustavalle\/#primaryimage"},"image":{"@id":"https:\/\/www.spaestonia.ee\/resort\/fi\/kylpylahotelli\/lemmikin-kanssa-matkustavalle\/#primaryimage"},"thumbnailUrl":"http:\/\/www.spaestonia.ee\/resort\/wp-content\/uploads\/2020\/12\/bosse_lemmikloom-300x225.jpg","datePublished":"2020-12-03T05:47:58+00:00","dateModified":"2025-10-16T07:15:47+00:00","breadcrumb":{"@id":"https:\/\/www.spaestonia.ee\/resort\/fi\/kylpylahotelli\/lemmikin-kanssa-matkustavalle\/#breadcrumb"},"inLanguage":"fi","potentialAction":[{"@type":"ReadAction","target":["https:\/\/www.spaestonia.ee\/resort\/fi\/kylpylahotelli\/lemmikin-kanssa-matkustavalle\/"]}]},{"@type":"ImageObject","inLanguage":"fi","@id":"https:\/\/www.spaestonia.ee\/resort\/fi\/kylpylahotelli\/lemmikin-kanssa-matkustavalle\/#primaryimage","url":"http:\/\/www.spaestonia.ee\/resort\/wp-content\/uploads\/2020\/12\/bosse_lemmikloom-300x225.jpg","contentUrl":"http:\/\/www.spaestonia.ee\/resort\/wp-content\/uploads\/2020\/12\/bosse_lemmikloom-300x225.jpg"},{"@type":"BreadcrumbList","@id":"https:\/\/www.spaestonia.ee\/resort\/fi\/kylpylahotelli\/lemmikin-kanssa-matkustavalle\/#breadcrumb","itemListElement":[{"@type":"ListItem","position":1,"name":"Home","item":"https:\/\/www.spaestonia.ee\/resort\/fi\/"},{"@type":"ListItem","position":2,"name":"ESTONIA Resort Hotel &#038; Spa kylpyl\u00e4hotelli","item":"https:\/\/www.spaestonia.ee\/resort\/fi\/kylpylahotelli\/"},{"@type":"ListItem","position":3,"name":"Lemmikin kanssa matkustavalle"}]},{"@type":"WebSite","@id":"https:\/\/www.spaestonia.ee\/resort\/fi\/#website","url":"https:\/\/www.spaestonia.ee\/resort\/fi\/","name":"ESTONIA Resort Hotel Spa","description":"E-WoW","publisher":{"@id":"https:\/\/www.spaestonia.ee\/resort\/fi\/#organization"},"potentialAction":[{"@type":"SearchAction","target":{"@type":"EntryPoint","urlTemplate":"https:\/\/www.spaestonia.ee\/resort\/fi\/?s={search_term_string}"},"query-input":{"@type":"PropertyValueSpecification","valueRequired":true,"valueName":"search_term_string"}}],"inLanguage":"fi"},{"@type":"Organization","@id":"https:\/\/www.spaestonia.ee\/resort\/fi\/#organization","name":"ESTONIA Resort Hotel Spa","url":"https:\/\/www.spaestonia.ee\/resort\/fi\/","logo":{"@type":"ImageObject","inLanguage":"fi","@id":"https:\/\/www.spaestonia.ee\/resort\/fi\/#\/schema\/logo\/image\/","url":"https:\/\/www.spaestonia.ee\/resort\/wp-content\/uploads\/2025\/02\/resort-hotel-estonia.png","contentUrl":"https:\/\/www.spaestonia.ee\/resort\/wp-content\/uploads\/2025\/02\/resort-hotel-estonia.png","width":400,"height":173,"caption":"ESTONIA Resort Hotel Spa"},"image":{"@id":"https:\/\/www.spaestonia.ee\/resort\/fi\/#\/schema\/logo\/image\/"},"sameAs":["https:\/\/www.facebook.com\/EstoniaResortHotel"]}]}},"_links":{"self":[{"href":"https:\/\/www.spaestonia.ee\/resort\/fi\/wp-json\/wp\/v2\/pages\/28831","targetHints":{"allow":["GET"]}}],"collection":[{"href":"https:\/\/www.spaestonia.ee\/resort\/fi\/wp-json\/wp\/v2\/pages"}],"about":[{"href":"https:\/\/www.spaestonia.ee\/resort\/fi\/wp-json\/wp\/v2\/types\/page"}],"author":[{"embeddable":true,"href":"https:\/\/www.spaestonia.ee\/resort\/fi\/wp-json\/wp\/v2\/users\/14"}],"replies":[{"embeddable":true,"href":"https:\/\/www.spaestonia.ee\/resort\/fi\/wp-json\/wp\/v2\/comments?post=28831"}],"version-history":[{"count":11,"href":"https:\/\/www.spaestonia.ee\/resort\/fi\/wp-json\/wp\/v2\/pages\/28831\/revisions"}],"predecessor-version":[{"id":45515,"href":"https:\/\/www.spaestonia.ee\/resort\/fi\/wp-json\/wp\/v2\/pages\/28831\/revisions\/45515"}],"up":[{"embeddable":true,"href":"https:\/\/www.spaestonia.ee\/resort\/fi\/wp-json\/wp\/v2\/pages\/460"}],"wp:attachment":[{"href":"https:\/\/www.spaestonia.ee\/resort\/fi\/wp-json\/wp\/v2\/media?parent=28831"}],"curies":[{"name":"wp","href":"https:\/\/api.w.org\/{rel}","templated":true}]}}