{"id":28832,"date":"2020-12-03T07:59:46","date_gmt":"2020-12-03T05:59:46","guid":{"rendered":"http:\/\/www.spaestonia.ee\/resort\/fi\/?page_id=28832"},"modified":"2025-02-17T08:19:35","modified_gmt":"2025-02-17T06:19:35","slug":"lemmikin-omistajan-muistilistan","status":"publish","type":"page","link":"https:\/\/www.spaestonia.ee\/resort\/fi\/lemmikin-omistajan-muistilistan\/","title":{"rendered":"Lemmikin omistajan muistilistan."},"content":{"rendered":"<ul>\n<li><img loading=\"lazy\" decoding=\"async\" class=\"wp-image-28646 alignright\" src=\"http:\/\/www.spaestonia.ee\/resort\/wp-content\/uploads\/2020\/12\/bosse_lemmikloom2.jpg\" alt=\"bosse_lemmikloom2\" width=\"401\" height=\"512\" srcset=\"https:\/\/www.spaestonia.ee\/resort\/wp-content\/uploads\/2020\/12\/bosse_lemmikloom2.jpg 1028w, https:\/\/www.spaestonia.ee\/resort\/wp-content\/uploads\/2020\/12\/bosse_lemmikloom2-235x300.jpg 235w, https:\/\/www.spaestonia.ee\/resort\/wp-content\/uploads\/2020\/12\/bosse_lemmikloom2-768x980.jpg 768w, https:\/\/www.spaestonia.ee\/resort\/wp-content\/uploads\/2020\/12\/bosse_lemmikloom2-802x1024.jpg 802w\" sizes=\"auto, (max-width: 401px) 100vw, 401px\" \/>Sek\u00e4 koirat ett\u00e4 kissat ovat tervetulleita hotelliimme. Jos haluat ottaa jonkin muun lemmikkiel\u00e4imen mukaasi hotelliin, keskustele hotellin henkil\u00f6kunnan kanssa etuk\u00e4teen.<\/li>\n<li>\u00c4l\u00e4 j\u00e4t\u00e4 lemmikki\u00e4 valvomatta huoneeseen. Tarpeen niin vaatiessa pyyd\u00e4mme j\u00e4tt\u00e4m\u00e4\u00e4n ovenkahvaan k\u00e4yt\u00e4v\u00e4n puolelle Ei saa h\u00e4irit\u00e4 -kyltin. Poistuessasi huoneesta pyyd\u00e4mme turvallisuussyist\u00e4 j\u00e4tt\u00e4m\u00e4\u00e4n lemmikin h\u00e4kkiin.<\/li>\n<li>Lemmikki on pidett\u00e4v\u00e4 kytkettyn\u00e4 hotellin alueella ulkoiluttamisen aikana. Ulosteet tulee vied\u00e4 niille tarkoitetussa muovipussissa l\u00e4himp\u00e4\u00e4n j\u00e4teastiaan.<\/li>\n<li>Pyyd\u00e4mme ulkoiluttamaan lemmikkej\u00e4 hotellin pys\u00e4k\u00f6intialueen ulkopuolella.<\/li>\n<li>Lemmikkej\u00e4 ei saa ottaa mukaan kylpyl\u00e4\u00e4n, aamiaiselle eik\u00e4 ravintolaan.<\/li>\n<li>Hotellilla on oikeus vaatia h\u00e4iritsev\u00e4n lemmikkiel\u00e4imen omistajaa poistumaan hotellista lemmikkins\u00e4 kanssa (esimerkiksi koiran jatkuvan kova\u00e4\u00e4nisen haukkumisen vuoksi).<\/li>\n<li>Hotellilla on oikeus vaatia lemmikin omistajalta korvaus lemmikin aiheuttamista vahingoista, jos esimerkiksi huoneessa on teht\u00e4v\u00e4 huoneenluovutuksen j\u00e4lkeen suursiivous (esimerkiksi kemiallinen pesu).<\/li>\n<li>Pyyd\u00e4mme ilmoittamaan hotellin vastaanottoon huoneen p\u00e4iv\u00e4siivoustoiveesta. P\u00e4iv\u00e4siivousta ei tehd\u00e4 sopimatta siit\u00e4 etuk\u00e4teen. Hotellin ty\u00f6ntekij\u00f6iden turvallisuuden vuoksi lemmikki ei saa olla huoneessa siivouksen aikana.<\/li>\n<li>K\u00e4yt\u00e4th\u00e4n lemmikin tassujen pesuun vain siihen tarkoitettuja pyyhkeit\u00e4.<\/li>\n<li>Lemmikki saa olla vain siin\u00e4 huoneessa, johon se on rekister\u00f6ity.<\/li>\n<li>Lemmikkimaksu on 25 \u20ac\/y\u00f6\/lemmikki. Huoneessa on lemmikille juomakuppi, pyyhe tassujen pesemiseen sek\u00e4 muovipusseja.<\/li>\n<\/ul>\n<p><strong>\u00a0<\/strong><strong>Jos sinulla on kysytt\u00e4v\u00e4\u00e4, soita hotellin vastaanottoon sis\u00e4isell\u00e4 numerolla 13550 tai puhelimitse <\/strong><strong>+372 44 01 01<\/strong><strong>7.<\/strong><\/p>\n","protected":false},"excerpt":{"rendered":"<p>Sek\u00e4 koirat ett\u00e4 kissat ovat tervetulleita hotelliimme. Jos haluat ottaa jonkin muun lemmikkiel\u00e4imen mukaasi hotelliin,&hellip;<\/p>\n","protected":false},"author":14,"featured_media":0,"parent":0,"menu_order":0,"comment_status":"closed","ping_status":"closed","template":"","meta":{"footnotes":""},"class_list":["post-28832","page","type-page","status-publish","hentry"],"yoast_head":"<!-- This site is optimized with the Yoast SEO plugin v26.7 - https:\/\/yoast.com\/wordpress\/plugins\/seo\/ -->\n<title>Lemmikin omistajan muistilistan. - ESTONIA Resort Hotel Spa<\/title>\n<meta name=\"robots\" content=\"index, follow, max-snippet:-1, max-image-preview:large, max-video-preview:-1\" \/>\n<link rel=\"canonical\" href=\"https:\/\/www.spaestonia.ee\/resort\/fi\/lemmikin-omistajan-muistilistan\/\" \/>\n<meta property=\"og:locale\" content=\"fi_FI\" \/>\n<meta property=\"og:type\" content=\"article\" \/>\n<meta property=\"og:title\" content=\"Lemmikin omistajan muistilistan. - ESTONIA Resort Hotel Spa\" \/>\n<meta property=\"og:description\" content=\"Sek\u00e4 koirat ett\u00e4 kissat ovat tervetulleita hotelliimme. Jos haluat ottaa jonkin muun lemmikkiel\u00e4imen mukaasi hotelliin,&hellip;\" \/>\n<meta property=\"og:url\" content=\"https:\/\/www.spaestonia.ee\/resort\/fi\/lemmikin-omistajan-muistilistan\/\" \/>\n<meta property=\"og:site_name\" content=\"ESTONIA Resort Hotel Spa\" \/>\n<meta property=\"article:publisher\" content=\"https:\/\/www.facebook.com\/EstoniaResortHotel\" \/>\n<meta property=\"article:modified_time\" content=\"2025-02-17T06:19:35+00:00\" \/>\n<meta property=\"og:image\" content=\"http:\/\/www.spaestonia.ee\/resort\/wp-content\/uploads\/2020\/12\/bosse_lemmikloom2.jpg\" \/>\n<meta name=\"twitter:card\" content=\"summary_large_image\" \/>\n<meta name=\"twitter:label1\" content=\"Arvioitu lukuaika\" \/>\n\t<meta name=\"twitter:data1\" content=\"2 minuuttia\" \/>\n<script type=\"application\/ld+json\" class=\"yoast-schema-graph\">{\"@context\":\"https:\/\/schema.org\",\"@graph\":[{\"@type\":\"WebPage\",\"@id\":\"https:\/\/www.spaestonia.ee\/resort\/fi\/lemmikin-omistajan-muistilistan\/\",\"url\":\"https:\/\/www.spaestonia.ee\/resort\/fi\/lemmikin-omistajan-muistilistan\/\",\"name\":\"Lemmikin omistajan muistilistan. - ESTONIA Resort Hotel Spa\",\"isPartOf\":{\"@id\":\"https:\/\/www.spaestonia.ee\/resort\/fi\/#website\"},\"primaryImageOfPage\":{\"@id\":\"https:\/\/www.spaestonia.ee\/resort\/fi\/lemmikin-omistajan-muistilistan\/#primaryimage\"},\"image\":{\"@id\":\"https:\/\/www.spaestonia.ee\/resort\/fi\/lemmikin-omistajan-muistilistan\/#primaryimage\"},\"thumbnailUrl\":\"http:\/\/www.spaestonia.ee\/resort\/wp-content\/uploads\/2020\/12\/bosse_lemmikloom2.jpg\",\"datePublished\":\"2020-12-03T05:59:46+00:00\",\"dateModified\":\"2025-02-17T06:19:35+00:00\",\"breadcrumb\":{\"@id\":\"https:\/\/www.spaestonia.ee\/resort\/fi\/lemmikin-omistajan-muistilistan\/#breadcrumb\"},\"inLanguage\":\"fi\",\"potentialAction\":[{\"@type\":\"ReadAction\",\"target\":[\"https:\/\/www.spaestonia.ee\/resort\/fi\/lemmikin-omistajan-muistilistan\/\"]}]},{\"@type\":\"ImageObject\",\"inLanguage\":\"fi\",\"@id\":\"https:\/\/www.spaestonia.ee\/resort\/fi\/lemmikin-omistajan-muistilistan\/#primaryimage\",\"url\":\"http:\/\/www.spaestonia.ee\/resort\/wp-content\/uploads\/2020\/12\/bosse_lemmikloom2.jpg\",\"contentUrl\":\"http:\/\/www.spaestonia.ee\/resort\/wp-content\/uploads\/2020\/12\/bosse_lemmikloom2.jpg\"},{\"@type\":\"BreadcrumbList\",\"@id\":\"https:\/\/www.spaestonia.ee\/resort\/fi\/lemmikin-omistajan-muistilistan\/#breadcrumb\",\"itemListElement\":[{\"@type\":\"ListItem\",\"position\":1,\"name\":\"Home\",\"item\":\"https:\/\/www.spaestonia.ee\/resort\/fi\/\"},{\"@type\":\"ListItem\",\"position\":2,\"name\":\"Lemmikin omistajan muistilistan.\"}]},{\"@type\":\"WebSite\",\"@id\":\"https:\/\/www.spaestonia.ee\/resort\/fi\/#website\",\"url\":\"https:\/\/www.spaestonia.ee\/resort\/fi\/\",\"name\":\"ESTONIA Resort Hotel Spa\",\"description\":\"E-WoW\",\"publisher\":{\"@id\":\"https:\/\/www.spaestonia.ee\/resort\/fi\/#organization\"},\"potentialAction\":[{\"@type\":\"SearchAction\",\"target\":{\"@type\":\"EntryPoint\",\"urlTemplate\":\"https:\/\/www.spaestonia.ee\/resort\/fi\/?s={search_term_string}\"},\"query-input\":{\"@type\":\"PropertyValueSpecification\",\"valueRequired\":true,\"valueName\":\"search_term_string\"}}],\"inLanguage\":\"fi\"},{\"@type\":\"Organization\",\"@id\":\"https:\/\/www.spaestonia.ee\/resort\/fi\/#organization\",\"name\":\"ESTONIA Resort Hotel Spa\",\"url\":\"https:\/\/www.spaestonia.ee\/resort\/fi\/\",\"logo\":{\"@type\":\"ImageObject\",\"inLanguage\":\"fi\",\"@id\":\"https:\/\/www.spaestonia.ee\/resort\/fi\/#\/schema\/logo\/image\/\",\"url\":\"https:\/\/www.spaestonia.ee\/resort\/wp-content\/uploads\/2025\/02\/resort-hotel-estonia.png\",\"contentUrl\":\"https:\/\/www.spaestonia.ee\/resort\/wp-content\/uploads\/2025\/02\/resort-hotel-estonia.png\",\"width\":400,\"height\":173,\"caption\":\"ESTONIA Resort Hotel Spa\"},\"image\":{\"@id\":\"https:\/\/www.spaestonia.ee\/resort\/fi\/#\/schema\/logo\/image\/\"},\"sameAs\":[\"https:\/\/www.facebook.com\/EstoniaResortHotel\"]}]}<\/script>\n<!-- \/ Yoast SEO plugin. -->","yoast_head_json":{"title":"Lemmikin omistajan muistilistan. - ESTONIA Resort Hotel Spa","robots":{"index":"index","follow":"follow","max-snippet":"max-snippet:-1","max-image-preview":"max-image-preview:large","max-video-preview":"max-video-preview:-1"},"canonical":"https:\/\/www.spaestonia.ee\/resort\/fi\/lemmikin-omistajan-muistilistan\/","og_locale":"fi_FI","og_type":"article","og_title":"Lemmikin omistajan muistilistan. - ESTONIA Resort Hotel Spa","og_description":"Sek\u00e4 koirat ett\u00e4 kissat ovat tervetulleita hotelliimme. Jos haluat ottaa jonkin muun lemmikkiel\u00e4imen mukaasi hotelliin,&hellip;","og_url":"https:\/\/www.spaestonia.ee\/resort\/fi\/lemmikin-omistajan-muistilistan\/","og_site_name":"ESTONIA Resort Hotel Spa","article_publisher":"https:\/\/www.facebook.com\/EstoniaResortHotel","article_modified_time":"2025-02-17T06:19:35+00:00","og_image":[{"url":"http:\/\/www.spaestonia.ee\/resort\/wp-content\/uploads\/2020\/12\/bosse_lemmikloom2.jpg","type":"","width":"","height":""}],"twitter_card":"summary_large_image","twitter_misc":{"Arvioitu lukuaika":"2 minuuttia"},"schema":{"@context":"https:\/\/schema.org","@graph":[{"@type":"WebPage","@id":"https:\/\/www.spaestonia.ee\/resort\/fi\/lemmikin-omistajan-muistilistan\/","url":"https:\/\/www.spaestonia.ee\/resort\/fi\/lemmikin-omistajan-muistilistan\/","name":"Lemmikin omistajan muistilistan. - ESTONIA Resort Hotel Spa","isPartOf":{"@id":"https:\/\/www.spaestonia.ee\/resort\/fi\/#website"},"primaryImageOfPage":{"@id":"https:\/\/www.spaestonia.ee\/resort\/fi\/lemmikin-omistajan-muistilistan\/#primaryimage"},"image":{"@id":"https:\/\/www.spaestonia.ee\/resort\/fi\/lemmikin-omistajan-muistilistan\/#primaryimage"},"thumbnailUrl":"http:\/\/www.spaestonia.ee\/resort\/wp-content\/uploads\/2020\/12\/bosse_lemmikloom2.jpg","datePublished":"2020-12-03T05:59:46+00:00","dateModified":"2025-02-17T06:19:35+00:00","breadcrumb":{"@id":"https:\/\/www.spaestonia.ee\/resort\/fi\/lemmikin-omistajan-muistilistan\/#breadcrumb"},"inLanguage":"fi","potentialAction":[{"@type":"ReadAction","target":["https:\/\/www.spaestonia.ee\/resort\/fi\/lemmikin-omistajan-muistilistan\/"]}]},{"@type":"ImageObject","inLanguage":"fi","@id":"https:\/\/www.spaestonia.ee\/resort\/fi\/lemmikin-omistajan-muistilistan\/#primaryimage","url":"http:\/\/www.spaestonia.ee\/resort\/wp-content\/uploads\/2020\/12\/bosse_lemmikloom2.jpg","contentUrl":"http:\/\/www.spaestonia.ee\/resort\/wp-content\/uploads\/2020\/12\/bosse_lemmikloom2.jpg"},{"@type":"BreadcrumbList","@id":"https:\/\/www.spaestonia.ee\/resort\/fi\/lemmikin-omistajan-muistilistan\/#breadcrumb","itemListElement":[{"@type":"ListItem","position":1,"name":"Home","item":"https:\/\/www.spaestonia.ee\/resort\/fi\/"},{"@type":"ListItem","position":2,"name":"Lemmikin omistajan muistilistan."}]},{"@type":"WebSite","@id":"https:\/\/www.spaestonia.ee\/resort\/fi\/#website","url":"https:\/\/www.spaestonia.ee\/resort\/fi\/","name":"ESTONIA Resort Hotel Spa","description":"E-WoW","publisher":{"@id":"https:\/\/www.spaestonia.ee\/resort\/fi\/#organization"},"potentialAction":[{"@type":"SearchAction","target":{"@type":"EntryPoint","urlTemplate":"https:\/\/www.spaestonia.ee\/resort\/fi\/?s={search_term_string}"},"query-input":{"@type":"PropertyValueSpecification","valueRequired":true,"valueName":"search_term_string"}}],"inLanguage":"fi"},{"@type":"Organization","@id":"https:\/\/www.spaestonia.ee\/resort\/fi\/#organization","name":"ESTONIA Resort Hotel Spa","url":"https:\/\/www.spaestonia.ee\/resort\/fi\/","logo":{"@type":"ImageObject","inLanguage":"fi","@id":"https:\/\/www.spaestonia.ee\/resort\/fi\/#\/schema\/logo\/image\/","url":"https:\/\/www.spaestonia.ee\/resort\/wp-content\/uploads\/2025\/02\/resort-hotel-estonia.png","contentUrl":"https:\/\/www.spaestonia.ee\/resort\/wp-content\/uploads\/2025\/02\/resort-hotel-estonia.png","width":400,"height":173,"caption":"ESTONIA Resort Hotel Spa"},"image":{"@id":"https:\/\/www.spaestonia.ee\/resort\/fi\/#\/schema\/logo\/image\/"},"sameAs":["https:\/\/www.facebook.com\/EstoniaResortHotel"]}]}},"_links":{"self":[{"href":"https:\/\/www.spaestonia.ee\/resort\/fi\/wp-json\/wp\/v2\/pages\/28832","targetHints":{"allow":["GET"]}}],"collection":[{"href":"https:\/\/www.spaestonia.ee\/resort\/fi\/wp-json\/wp\/v2\/pages"}],"about":[{"href":"https:\/\/www.spaestonia.ee\/resort\/fi\/wp-json\/wp\/v2\/types\/page"}],"author":[{"embeddable":true,"href":"https:\/\/www.spaestonia.ee\/resort\/fi\/wp-json\/wp\/v2\/users\/14"}],"replies":[{"embeddable":true,"href":"https:\/\/www.spaestonia.ee\/resort\/fi\/wp-json\/wp\/v2\/comments?post=28832"}],"version-history":[{"count":3,"href":"https:\/\/www.spaestonia.ee\/resort\/fi\/wp-json\/wp\/v2\/pages\/28832\/revisions"}],"predecessor-version":[{"id":44034,"href":"https:\/\/www.spaestonia.ee\/resort\/fi\/wp-json\/wp\/v2\/pages\/28832\/revisions\/44034"}],"wp:attachment":[{"href":"https:\/\/www.spaestonia.ee\/resort\/fi\/wp-json\/wp\/v2\/media?parent=28832"}],"curies":[{"name":"wp","href":"https:\/\/api.w.org\/{rel}","templated":true}]}}