{"id":39583,"date":"2023-11-24T16:20:15","date_gmt":"2023-11-24T14:20:15","guid":{"rendered":"https:\/\/www.spaestonia.ee\/resort\/?page_id=39583"},"modified":"2025-11-18T14:41:51","modified_gmt":"2025-11-18T12:41:51","slug":"buffet-menut","status":"publish","type":"page","link":"https:\/\/www.spaestonia.ee\/resort\/fi\/buffet-menut\/","title":{"rendered":"Buffet-menut"},"content":{"rendered":"<p>Tarjoamme <strong>ESTONIA Resort Hotel &amp; Span<\/strong>\u00a0<a href=\"https:\/\/www.spaestonia.ee\/resort\/fi\/ravintola\/\">NOOT-ravintolassa<\/a>\u00a0buffet-menuja\u00a0<strong>v\u00e4hint\u00e4\u00e4n 25 hengen ryhmille<\/strong>\u00a0ja\u00a0<a href=\"https:\/\/www.spaestonia.ee\/resort\/fi\/ryhmamenut-2024\/\">ryhm\u00e4menuja<\/a>\u00a0v\u00e4hint\u00e4\u00e4n\u00a010 hengen ryhmille. Pienemmille seurueille suosittelemme ravintolan\u00a0<a href=\"https:\/\/www.spaestonia.ee\/resort\/fi\/a-la-carte-menu\/\">\u00e1 la carte\u00a0-menua<\/a>.<\/p>\n<p>Pyyd\u00e4mme ryhm\u00e4\u00e4 valitsemaan samanlaisen menun 4 vrk. ennen saapumista.<br \/>\nErikoisruokavaliot\u00a0 ilmoitettava menun valinnan yhteydess\u00e4.<\/p>\n<p>BUFFET-MENUT V\u00c4HINT\u00c4\u00c4N 25 HENGEN RYHMILLE:<\/p>\n<h3><strong>BUFFETRUOKALISTA<\/strong><\/h3>\n<h3><strong>Keittobuffet 1. Hinta 14 \u20ac\/hl\u00f6<\/strong><\/h3>\n<ul>\n<li>Kukkakaali-porkkanasosekeitto (vegaaninen)<\/li>\n<li>Kevyesti mausteinen Tom Kha kananlihalla<\/li>\n<li>Kirkas kala-parsakaalikeitto<\/li>\n<li>Keiton lis\u00e4ksi: hapankerma, krutongit, juustoraaste, tumma ja vaalea leip\u00e4<\/li>\n<li>Kahvi, tee, makuvesi<\/li>\n<\/ul>\n<p>Valmista ruokaa on laskettu 350 g per henkil\u00f6.<\/p>\n<h3><strong>Keittobuffet 2. Hinta 14 \u20ac\/hl\u00f6<\/strong><\/h3>\n<ul>\n<li>Tomaatti-papukeitto (vegaaninen)<\/li>\n<li>Peruna-sienikeitto savulihalla<\/li>\n<li>Kurpitsa-sellerisosekeitto<\/li>\n<li>Keiton lis\u00e4ksi: hapankerma, krutongit, juustoraaste, tumma ja vaalea leip\u00e4<\/li>\n<li>Kahvi, tee, makuvesi<\/li>\n<\/ul>\n<p>Valmista ruokaa on laskettu 350 g per henkil\u00f6.<\/p>\n<p><strong>Lis\u00e4ksi suosittelemme j\u00e4lkiruoaksi<\/strong>\u00a0NOOT-ravintolan p\u00e4iv\u00e4n kakkua hintaan 3,50 \u20ac.<\/p>\n<h3><strong>Buffet 1. Hinta 23 \u20ac\/hl\u00f6<\/strong><\/h3>\n<ul>\n<li>J\u00e4\u00e4salaattia ja tomaattia sis\u00e4lt\u00e4v\u00e4 salaatti pestokastikkeella ja yrttikrutongeilla<\/li>\n<li>Perinteinen kreikkalainen salaatti<\/li>\n<li>Paahdettu kanafilee kevyesti mausteisella Tom Kha -kastikkeella<\/li>\n<li>H\u00f6yrytetty riisi ja vihannekset<\/li>\n<li>Mustikka-jogurttivaahto paahdetulla ruisleip\u00e4murulla ja p\u00e4hkin\u00f6ill\u00e4<\/li>\n<li>Ciabatta, kahvi, tee, makuvesi<\/li>\n<\/ul>\n<p>Valmista ruokaa on laskettu 400 g per henkil\u00f6.<\/p>\n<h3><strong>Buffet 2. Hinta 23 \u20ac\/hl\u00f6<\/strong><\/h3>\n<ul>\n<li>Kurkku-paprikasalaatti pestokastikkeella ja yrttikrutongeilla<\/li>\n<li>Mozzarella-tomaattipallosalaatti<\/li>\n<li>Uunissa paistettu porsaanfilee ja piparjuurikastike<\/li>\n<li>Kevyesti kermainen uuniperuna<\/li>\n<li>Vadelma-mousse suklaaraasteella ja mansikoilla<\/li>\n<li>Ciabatta, kahvi, tee, makuvesi<\/li>\n<\/ul>\n<p>Valmista ruokaa on laskettu 400 g per henkil\u00f6.<\/p>\n<h3><strong>Buffet 3. Hinta 29 \u20ac\/hl\u00f6<\/strong><\/h3>\n<ul>\n<li><strong>Kylm\u00e4t ruoat:<\/strong><br \/>\nTuore salaattisekoitus yrttikastikkeella, parmesaaniraasteella ja krutongeilla<br \/>\nNizzansalaatti tonnikalalla<br \/>\nCaesarsalaatti paahdetulla kanafileell\u00e4<\/li>\n<li><strong>L\u00e4mpim\u00e4t ruoat:<\/strong><br \/>\nPaistettu valkoinen kala ja tartarkastike<br \/>\nSavupekoni-sianlihapata<br \/>\nUunikasvikset<br \/>\nH\u00f6yrytetty riisi tuoreella pinaatilla ja vihanneksilla<\/li>\n<li><strong>Makeat ruoat:<\/strong><br \/>\nP\u00e4hkin\u00e4-rahkakreemi ja karamellikastike<br \/>\nPersikka-passiontuorejuustokakku<\/li>\n<li>Ciabatta, kahvi, tee, makuvesi<\/li>\n<\/ul>\n<p>Valmista ruokaa on laskettu 450 g per henkil\u00f6.<\/p>\n<h3><strong>Buffet 4. Hinta 29 \u20ac\/hl\u00f6<\/strong><\/h3>\n<ul>\n<li><strong>Kylm\u00e4t ruoat:<\/strong><br \/>\nTuore salaattisekoitus yrttikastikkeella, parmesaaniraasteella ja krutongeilla<br \/>\nFetajuusto-tomaattisalaatti p\u00e4hkin\u00e4\u00f6ljyll\u00e4<br \/>\nWaldorfinsalaatti suolalohella<\/li>\n<li><strong>L\u00e4mpim\u00e4t ruoat:<\/strong><br \/>\nH\u00f6yrytetty ahvenfilee ja pinaatti-hollandaisekastike<br \/>\nGrillattu kanan reisiliha herkkusienill\u00e4 ja paprikalla<br \/>\nH\u00f6yrytetyt kasvikset<br \/>\nUunissa paistettu valkosipuliperuna<\/li>\n<li><strong>Makeat ruoat:<\/strong><br \/>\nSuklaamousse ja kirsikkakiisseli<br \/>\nOmena-p\u00e4hkin\u00e4kakku (vegaaninen)<\/li>\n<li>Ciabatta, kahvi, tee, makuvesi<\/li>\n<\/ul>\n<p>Valmista ruokaa on laskettu 450 g per henkil\u00f6.<\/p>\n<h3><strong>Buffet 5. Hinta 38 \u20ac\/hl\u00f6<\/strong><\/h3>\n<ul>\n<li><strong>Kylm\u00e4t ruoat:<br \/>\n<\/strong>&#8221;Salaattibaari&#8221;: vihre\u00e4 salaattisekoitus, tuore kurkku, tomaatti, punasipuli, suolakurkku, erilaiset oliivit, tuore paprika, marinoidut sienet, NOOT-ravintolan k\u00e4sintehty hummus, NOOT-ravintolan k\u00e4sintehty kananmaksamousse paahtoleiv\u00e4ll\u00e4, oliivi\u00f6ljykastike, siemenet, krutongit.<br \/>\nIt\u00e4mainen kinkku-nuudelisalaatti ja teriyakikastike<br \/>\nSavulohi-katkarapucaesar<br \/>\nPapusalaatti lihalla ja riisill\u00e4<\/li>\n<li><strong>L\u00e4mpim\u00e4t ruoat:<br \/>\n<\/strong>Uunilohi, kasvikset, savulohi-hollandaisekastike ja keitetyt perunat<br \/>\n<em>Sous Vide<\/em>-menetelm\u00e4ll\u00e4 valmistettu naudan poski ja punaviinikastike<br \/>\nTandooribroileri, riisi, vihannekset ja raita-kastike<br \/>\nKukkakaali-juustogratiini<\/li>\n<li><strong>Makeat ruoat:<br \/>\n<\/strong>Kirsikkakakku ja vanilja-unikkokastike<br \/>\nKaramellissa paistetut leip\u00e4viipaleet mantelikermalla ja marjakastikkeella<\/li>\n<li>Ciabatta, kahvi, tee, makuvesi<\/li>\n<\/ul>\n<p>Valmista ruokaa on laskettu 550 g per henkil\u00f6.<\/p>\n<hr \/>\n<h3><strong>Tilausehdot:<\/strong><\/h3>\n<ul>\n<li>Menut tarjoillaan ESTONIA Resort Hotel &amp;Spa\u00a0<a href=\"https:\/\/www.spaestonia.ee\/resort\/restoran\/\">ravintola NOOT<\/a>issa<\/li>\n<li>Buffet -tarjoilun kesto enint\u00e4\u00e4n 3 tuntia<\/li>\n<li>Hinnat koskevat koko ryhm\u00e4lle tilattua yht\u00e4 menuta, joka on tilattu ennakkoon v\u00e4hint\u00e4\u00e4n 4 ty\u00f6p\u00e4iv\u00e4\u00e4 ennen tarjoilua. . Ravintolalla on oikeus pident\u00e4\u00e4 ennakkotilauksen m\u00e4\u00e4r\u00e4aikaa, jos kysynt\u00e4 on suurempaa tai ryhm\u00e4 suurempi. T\u00e4ll\u00f6in l\u00e4het\u00e4mme tarkemmat ehdot s\u00e4hk\u00f6postitse.<\/li>\n<li>Tilausm\u00e4\u00e4r\u00e4\u00e4 voi muuttaa 10% viimeist\u00e4\u00e4n 2 ty\u00f6p\u00e4iv\u00e4\u00e4 ennen saapumista.<\/li>\n<li>Erikoisruokavaliot otetaan huomioon, mik\u00e4li niist\u00e4 on ilmoitettu tilauksen yhteydess\u00e4 ennakkoon.<\/li>\n<\/ul>\n<p><strong>Suosittelemme lis\u00e4ksi ravintolan NOOT\u00a0 juomalistalta<\/strong>:<\/p>\n<ul>\n<li><strong>Tervehdysjuomaksi<\/strong><br \/>\n\u2013 Kuohuviini Jaume Serra Cava Brut Nature, ESP75 cl 28 \u20ac<br \/>\n<em>\u2013 \u201eResort Bubbly\u201c,\u00a0<\/em>Raparperi-vadelma kuohuviini, Mamm&amp;Frukt, P\u00e4rnu, EST, 75 cl 25 \u20ac<br \/>\n\u2013 Luna De Murviedro Alcohol Free Sparkling, ESP 75 cl 18 \u20ac<\/li>\n<li><strong>Viineiksi<\/strong><br \/>\n<strong>Valkoviinit<\/strong><br \/>\n\u2013\u00a0Pinot Grigio Organic, Barone Montalto, ITA 75 cl 29 \u20ac<br \/>\n\u2013 Vermentino, Chapoutier Marius, Languedoc, FRA 75 cl 34<br \/>\n<strong>Punaviinit<\/strong><br \/>\n\u2013 Marques de Riscal, Vina Collada, Rioja, ESP 75cl 29\u20ac<br \/>\n\u2013\u00a0Pinot Noir Pay`s d`Oc, Baron Philippe de Rothschild, Languedoc-Roussillon, FRA 75 cl 34\u20ac<\/li>\n<\/ul>\n<p>NOOT-ravintolan t\u00e4ydellinen juomavalikoima l\u00f6ytyy\u00a0<a title=\"Ravintola NOOT drinkkimenu\" href=\"https:\/\/www.spaestonia.ee\/resort\/fi\/ravintola\/ravintola-noot-drinkkimenu\/\">t\u00e4\u00e4lt\u00e4<\/a>\u00a0\u00bb<\/p>\n<h3><strong>Lis\u00e4tiedot ja tilaukset<\/strong>:<\/h3>\n<p><a href=\"mailto:events@spaestonia.ee\">events@spaestonia.ee<\/a>, +372 440 1018<\/p>\n<p>Restoran NOOT \u2013 ESTONIA Resort Hotel &amp; Spa, A. H. Tammsaare pst 4a, P\u00e4rnu<\/p>\n","protected":false},"excerpt":{"rendered":"<p>Tarjoamme ESTONIA Resort Hotel &amp; Span\u00a0NOOT-ravintolassa\u00a0buffet-menuja\u00a0v\u00e4hint\u00e4\u00e4n 25 hengen ryhmille\u00a0ja\u00a0ryhm\u00e4menuja\u00a0v\u00e4hint\u00e4\u00e4n\u00a010 hengen ryhmille. Pienemmille seurueille suosittelemme ravintolan\u00a0\u00e1&hellip;<\/p>\n","protected":false},"author":18,"featured_media":0,"parent":0,"menu_order":0,"comment_status":"closed","ping_status":"closed","template":"","meta":{"footnotes":""},"class_list":["post-39583","page","type-page","status-publish","hentry"],"yoast_head":"<!-- This site is optimized with the Yoast SEO plugin v26.7 - https:\/\/yoast.com\/wordpress\/plugins\/seo\/ -->\n<title>Buffet-menut - ESTONIA Resort Hotel Spa<\/title>\n<meta name=\"robots\" content=\"index, follow, max-snippet:-1, max-image-preview:large, max-video-preview:-1\" \/>\n<link rel=\"canonical\" href=\"https:\/\/www.spaestonia.ee\/resort\/fi\/buffet-menut\/\" \/>\n<meta property=\"og:locale\" content=\"fi_FI\" \/>\n<meta property=\"og:type\" content=\"article\" \/>\n<meta property=\"og:title\" content=\"Buffet-menut - ESTONIA Resort Hotel Spa\" \/>\n<meta property=\"og:description\" content=\"Tarjoamme ESTONIA Resort Hotel &amp; Span\u00a0NOOT-ravintolassa\u00a0buffet-menuja\u00a0v\u00e4hint\u00e4\u00e4n 25 hengen ryhmille\u00a0ja\u00a0ryhm\u00e4menuja\u00a0v\u00e4hint\u00e4\u00e4n\u00a010 hengen ryhmille. Pienemmille seurueille suosittelemme ravintolan\u00a0\u00e1&hellip;\" \/>\n<meta property=\"og:url\" content=\"https:\/\/www.spaestonia.ee\/resort\/fi\/buffet-menut\/\" \/>\n<meta property=\"og:site_name\" content=\"ESTONIA Resort Hotel Spa\" \/>\n<meta property=\"article:publisher\" content=\"https:\/\/www.facebook.com\/EstoniaResortHotel\" \/>\n<meta property=\"article:modified_time\" content=\"2025-11-18T12:41:51+00:00\" \/>\n<meta name=\"twitter:card\" content=\"summary_large_image\" \/>\n<meta name=\"twitter:label1\" content=\"Arvioitu lukuaika\" \/>\n\t<meta name=\"twitter:data1\" content=\"4 minuuttia\" \/>\n<script type=\"application\/ld+json\" class=\"yoast-schema-graph\">{\"@context\":\"https:\/\/schema.org\",\"@graph\":[{\"@type\":\"WebPage\",\"@id\":\"https:\/\/www.spaestonia.ee\/resort\/fi\/buffet-menut\/\",\"url\":\"https:\/\/www.spaestonia.ee\/resort\/fi\/buffet-menut\/\",\"name\":\"Buffet-menut - ESTONIA Resort Hotel Spa\",\"isPartOf\":{\"@id\":\"https:\/\/www.spaestonia.ee\/resort\/fi\/#website\"},\"datePublished\":\"2023-11-24T14:20:15+00:00\",\"dateModified\":\"2025-11-18T12:41:51+00:00\",\"breadcrumb\":{\"@id\":\"https:\/\/www.spaestonia.ee\/resort\/fi\/buffet-menut\/#breadcrumb\"},\"inLanguage\":\"fi\",\"potentialAction\":[{\"@type\":\"ReadAction\",\"target\":[\"https:\/\/www.spaestonia.ee\/resort\/fi\/buffet-menut\/\"]}]},{\"@type\":\"BreadcrumbList\",\"@id\":\"https:\/\/www.spaestonia.ee\/resort\/fi\/buffet-menut\/#breadcrumb\",\"itemListElement\":[{\"@type\":\"ListItem\",\"position\":1,\"name\":\"Home\",\"item\":\"https:\/\/www.spaestonia.ee\/resort\/fi\/\"},{\"@type\":\"ListItem\",\"position\":2,\"name\":\"Buffet-menut\"}]},{\"@type\":\"WebSite\",\"@id\":\"https:\/\/www.spaestonia.ee\/resort\/fi\/#website\",\"url\":\"https:\/\/www.spaestonia.ee\/resort\/fi\/\",\"name\":\"ESTONIA Resort Hotel Spa\",\"description\":\"E-WoW\",\"publisher\":{\"@id\":\"https:\/\/www.spaestonia.ee\/resort\/fi\/#organization\"},\"potentialAction\":[{\"@type\":\"SearchAction\",\"target\":{\"@type\":\"EntryPoint\",\"urlTemplate\":\"https:\/\/www.spaestonia.ee\/resort\/fi\/?s={search_term_string}\"},\"query-input\":{\"@type\":\"PropertyValueSpecification\",\"valueRequired\":true,\"valueName\":\"search_term_string\"}}],\"inLanguage\":\"fi\"},{\"@type\":\"Organization\",\"@id\":\"https:\/\/www.spaestonia.ee\/resort\/fi\/#organization\",\"name\":\"ESTONIA Resort Hotel Spa\",\"url\":\"https:\/\/www.spaestonia.ee\/resort\/fi\/\",\"logo\":{\"@type\":\"ImageObject\",\"inLanguage\":\"fi\",\"@id\":\"https:\/\/www.spaestonia.ee\/resort\/fi\/#\/schema\/logo\/image\/\",\"url\":\"https:\/\/www.spaestonia.ee\/resort\/wp-content\/uploads\/2025\/02\/resort-hotel-estonia.png\",\"contentUrl\":\"https:\/\/www.spaestonia.ee\/resort\/wp-content\/uploads\/2025\/02\/resort-hotel-estonia.png\",\"width\":400,\"height\":173,\"caption\":\"ESTONIA Resort Hotel Spa\"},\"image\":{\"@id\":\"https:\/\/www.spaestonia.ee\/resort\/fi\/#\/schema\/logo\/image\/\"},\"sameAs\":[\"https:\/\/www.facebook.com\/EstoniaResortHotel\"]}]}<\/script>\n<!-- \/ Yoast SEO plugin. -->","yoast_head_json":{"title":"Buffet-menut - ESTONIA Resort Hotel Spa","robots":{"index":"index","follow":"follow","max-snippet":"max-snippet:-1","max-image-preview":"max-image-preview:large","max-video-preview":"max-video-preview:-1"},"canonical":"https:\/\/www.spaestonia.ee\/resort\/fi\/buffet-menut\/","og_locale":"fi_FI","og_type":"article","og_title":"Buffet-menut - ESTONIA Resort Hotel Spa","og_description":"Tarjoamme ESTONIA Resort Hotel &amp; Span\u00a0NOOT-ravintolassa\u00a0buffet-menuja\u00a0v\u00e4hint\u00e4\u00e4n 25 hengen ryhmille\u00a0ja\u00a0ryhm\u00e4menuja\u00a0v\u00e4hint\u00e4\u00e4n\u00a010 hengen ryhmille. Pienemmille seurueille suosittelemme ravintolan\u00a0\u00e1&hellip;","og_url":"https:\/\/www.spaestonia.ee\/resort\/fi\/buffet-menut\/","og_site_name":"ESTONIA Resort Hotel Spa","article_publisher":"https:\/\/www.facebook.com\/EstoniaResortHotel","article_modified_time":"2025-11-18T12:41:51+00:00","twitter_card":"summary_large_image","twitter_misc":{"Arvioitu lukuaika":"4 minuuttia"},"schema":{"@context":"https:\/\/schema.org","@graph":[{"@type":"WebPage","@id":"https:\/\/www.spaestonia.ee\/resort\/fi\/buffet-menut\/","url":"https:\/\/www.spaestonia.ee\/resort\/fi\/buffet-menut\/","name":"Buffet-menut - ESTONIA Resort Hotel Spa","isPartOf":{"@id":"https:\/\/www.spaestonia.ee\/resort\/fi\/#website"},"datePublished":"2023-11-24T14:20:15+00:00","dateModified":"2025-11-18T12:41:51+00:00","breadcrumb":{"@id":"https:\/\/www.spaestonia.ee\/resort\/fi\/buffet-menut\/#breadcrumb"},"inLanguage":"fi","potentialAction":[{"@type":"ReadAction","target":["https:\/\/www.spaestonia.ee\/resort\/fi\/buffet-menut\/"]}]},{"@type":"BreadcrumbList","@id":"https:\/\/www.spaestonia.ee\/resort\/fi\/buffet-menut\/#breadcrumb","itemListElement":[{"@type":"ListItem","position":1,"name":"Home","item":"https:\/\/www.spaestonia.ee\/resort\/fi\/"},{"@type":"ListItem","position":2,"name":"Buffet-menut"}]},{"@type":"WebSite","@id":"https:\/\/www.spaestonia.ee\/resort\/fi\/#website","url":"https:\/\/www.spaestonia.ee\/resort\/fi\/","name":"ESTONIA Resort Hotel Spa","description":"E-WoW","publisher":{"@id":"https:\/\/www.spaestonia.ee\/resort\/fi\/#organization"},"potentialAction":[{"@type":"SearchAction","target":{"@type":"EntryPoint","urlTemplate":"https:\/\/www.spaestonia.ee\/resort\/fi\/?s={search_term_string}"},"query-input":{"@type":"PropertyValueSpecification","valueRequired":true,"valueName":"search_term_string"}}],"inLanguage":"fi"},{"@type":"Organization","@id":"https:\/\/www.spaestonia.ee\/resort\/fi\/#organization","name":"ESTONIA Resort Hotel Spa","url":"https:\/\/www.spaestonia.ee\/resort\/fi\/","logo":{"@type":"ImageObject","inLanguage":"fi","@id":"https:\/\/www.spaestonia.ee\/resort\/fi\/#\/schema\/logo\/image\/","url":"https:\/\/www.spaestonia.ee\/resort\/wp-content\/uploads\/2025\/02\/resort-hotel-estonia.png","contentUrl":"https:\/\/www.spaestonia.ee\/resort\/wp-content\/uploads\/2025\/02\/resort-hotel-estonia.png","width":400,"height":173,"caption":"ESTONIA Resort Hotel Spa"},"image":{"@id":"https:\/\/www.spaestonia.ee\/resort\/fi\/#\/schema\/logo\/image\/"},"sameAs":["https:\/\/www.facebook.com\/EstoniaResortHotel"]}]}},"_links":{"self":[{"href":"https:\/\/www.spaestonia.ee\/resort\/fi\/wp-json\/wp\/v2\/pages\/39583","targetHints":{"allow":["GET"]}}],"collection":[{"href":"https:\/\/www.spaestonia.ee\/resort\/fi\/wp-json\/wp\/v2\/pages"}],"about":[{"href":"https:\/\/www.spaestonia.ee\/resort\/fi\/wp-json\/wp\/v2\/types\/page"}],"author":[{"embeddable":true,"href":"https:\/\/www.spaestonia.ee\/resort\/fi\/wp-json\/wp\/v2\/users\/18"}],"replies":[{"embeddable":true,"href":"https:\/\/www.spaestonia.ee\/resort\/fi\/wp-json\/wp\/v2\/comments?post=39583"}],"version-history":[{"count":14,"href":"https:\/\/www.spaestonia.ee\/resort\/fi\/wp-json\/wp\/v2\/pages\/39583\/revisions"}],"predecessor-version":[{"id":45788,"href":"https:\/\/www.spaestonia.ee\/resort\/fi\/wp-json\/wp\/v2\/pages\/39583\/revisions\/45788"}],"wp:attachment":[{"href":"https:\/\/www.spaestonia.ee\/resort\/fi\/wp-json\/wp\/v2\/media?parent=39583"}],"curies":[{"name":"wp","href":"https:\/\/api.w.org\/{rel}","templated":true}]}}