{"id":41495,"date":"2024-05-10T13:23:53","date_gmt":"2024-05-10T10:23:53","guid":{"rendered":"https:\/\/www.spaestonia.ee\/resort\/?page_id=41495"},"modified":"2025-10-13T15:34:48","modified_gmt":"2025-10-13T12:34:48","slug":"lasten-leikkinurkkaus","status":"publish","type":"page","link":"https:\/\/www.spaestonia.ee\/resort\/fi\/kylpylahotelli\/lasten-leikkinurkkaus\/","title":{"rendered":"Lasten leikkinurkkaus"},"content":{"rendered":"<p>Hotellin pienet vieraat ovat tervetulleita lasten leikkinurkkaukseen 1. kerroksen lobby-alueelle, joka tarjoaa mukavan ajanviettomahdollisuuden. Istuessasi hauskalla leikkimatolla voit askarrella jotain j\u00e4nn\u00e4\u00e4, pelata lautapelej\u00e4 tai vaikka ry\u00f6mi\u00e4. Mukavissa s\u00e4kkituoleissa lev\u00e4ten on kiva katsella piirrettyj\u00e4. Pienille taiteilijoille on p\u00f6yt\u00e4 ja tuolit ja tarvittavat piirustustarvikkeet.<\/p>\n<p>Istumapaikat aulassa on leikkinurkkauksen l\u00e4heisyydess\u00e4, jotta vanhemmat voivat tuntea olonsa mukavaksi ja pit\u00e4\u00e4 lapsiaan silm\u00e4ll\u00e4.<\/p>\n<p><strong>Leikkinurkkauksen hyv\u00e4t tavat:<\/strong><\/p>\n<ul>\n<li>leikkinurkkaus on tarkoitettu alle 10-vuotiaille lapsille<\/li>\n<li>leikkinurkkauksessa ei saa k\u00e4ytt\u00e4\u00e4 ulkojalkineita eik\u00e4 sinne saa vied\u00e4 ruokaa tai juomia<\/li>\n<li>katso leikkinurkkauksesta poistuessasi, ett\u00e4 se j\u00e4isi sellaiseen kuntoon, ett\u00e4 muidenkin olisi mukava menn\u00e4 sinne<\/li>\n<li>leikkinurkkauksessa olevat lapset ovat siell\u00e4 vanhempiensa tai aikuisen saattajan vastuulla<\/li>\n<li>leikkinurkkauksessa ei ole valvontaa<div class='gallery-article'><ul id='gallery-article0' class='list gallery-list galleryid-0 gallery-columns-2 gallery-size-medium'><li class='gallery-item'>\n\t\t<p class='gallery-icon'>\n\t\t<a href='https:\/\/www.spaestonia.ee\/resort\/wp-content\/uploads\/2024\/04\/Estonia-Resort-Hotel-Spa_lastenurk-3.jpg' title=\"\" data-rl_title=\"\" class=\"rl-gallery-link\" data-rl_caption=\"\" data-rel=\"lightbox-gallery-0\"><img loading=\"lazy\" decoding=\"async\" width=\"300\" height=\"200\" src=\"https:\/\/www.spaestonia.ee\/resort\/wp-content\/uploads\/2024\/04\/Estonia-Resort-Hotel-Spa_lastenurk-3-300x200.jpg\" class=\"attachment-medium size-medium\" alt=\"Estonia Resort Hotel &amp; Spa_lastenurk (3)\" srcset=\"https:\/\/www.spaestonia.ee\/resort\/wp-content\/uploads\/2024\/04\/Estonia-Resort-Hotel-Spa_lastenurk-3-300x200.jpg 300w, https:\/\/www.spaestonia.ee\/resort\/wp-content\/uploads\/2024\/04\/Estonia-Resort-Hotel-Spa_lastenurk-3-768x512.jpg 768w, https:\/\/www.spaestonia.ee\/resort\/wp-content\/uploads\/2024\/04\/Estonia-Resort-Hotel-Spa_lastenurk-3.jpg 800w\" sizes=\"auto, (max-width: 300px) 100vw, 300px\" \/><\/a>\n\t\t<\/p><\/li><li class='gallery-item'>\n\t\t<p class='gallery-icon'>\n\t\t<a href='https:\/\/www.spaestonia.ee\/resort\/wp-content\/uploads\/2025\/03\/Estonia-Resort_800px-90.jpg' title=\"\" data-rl_title=\"\" class=\"rl-gallery-link\" data-rl_caption=\"\" data-rel=\"lightbox-gallery-0\"><img loading=\"lazy\" decoding=\"async\" width=\"300\" height=\"200\" src=\"https:\/\/www.spaestonia.ee\/resort\/wp-content\/uploads\/2025\/03\/Estonia-Resort_800px-90-300x200.jpg\" class=\"attachment-medium size-medium\" alt=\"Estonia Resort_lastenurk\" srcset=\"https:\/\/www.spaestonia.ee\/resort\/wp-content\/uploads\/2025\/03\/Estonia-Resort_800px-90-300x200.jpg 300w, https:\/\/www.spaestonia.ee\/resort\/wp-content\/uploads\/2025\/03\/Estonia-Resort_800px-90-768x512.jpg 768w, https:\/\/www.spaestonia.ee\/resort\/wp-content\/uploads\/2025\/03\/Estonia-Resort_800px-90.jpg 800w\" sizes=\"auto, (max-width: 300px) 100vw, 300px\" \/><\/a>\n\t\t<\/p><\/li><\/ul>\n<\/div>\n<\/li>\n<\/ul>\n","protected":false},"excerpt":{"rendered":"<p>Hotellin pienet vieraat ovat tervetulleita lasten leikkinurkkaukseen 1. kerroksen lobby-alueelle, joka tarjoaa mukavan ajanviettomahdollisuuden. Istuessasi&hellip;<\/p>\n","protected":false},"author":18,"featured_media":0,"parent":460,"menu_order":0,"comment_status":"closed","ping_status":"closed","template":"","meta":{"footnotes":""},"class_list":["post-41495","page","type-page","status-publish","hentry"],"yoast_head":"<!-- This site is optimized with the Yoast SEO plugin v26.7 - https:\/\/yoast.com\/wordpress\/plugins\/seo\/ -->\n<title>Lasten leikkinurkkaus - ESTONIA Resort Hotel Spa<\/title>\n<meta name=\"robots\" content=\"index, follow, max-snippet:-1, max-image-preview:large, max-video-preview:-1\" \/>\n<link rel=\"canonical\" href=\"https:\/\/www.spaestonia.ee\/resort\/fi\/kylpylahotelli\/lasten-leikkinurkkaus\/\" \/>\n<meta property=\"og:locale\" content=\"fi_FI\" \/>\n<meta property=\"og:type\" content=\"article\" \/>\n<meta property=\"og:title\" content=\"Lasten leikkinurkkaus - ESTONIA Resort Hotel Spa\" \/>\n<meta property=\"og:description\" content=\"Hotellin pienet vieraat ovat tervetulleita lasten leikkinurkkaukseen 1. kerroksen lobby-alueelle, joka tarjoaa mukavan ajanviettomahdollisuuden. Istuessasi&hellip;\" \/>\n<meta property=\"og:url\" content=\"https:\/\/www.spaestonia.ee\/resort\/fi\/kylpylahotelli\/lasten-leikkinurkkaus\/\" \/>\n<meta property=\"og:site_name\" content=\"ESTONIA Resort Hotel Spa\" \/>\n<meta property=\"article:publisher\" content=\"https:\/\/www.facebook.com\/EstoniaResortHotel\" \/>\n<meta property=\"article:modified_time\" content=\"2025-10-13T12:34:48+00:00\" \/>\n<meta property=\"og:image\" content=\"https:\/\/www.spaestonia.ee\/resort\/wp-content\/uploads\/2024\/04\/Estonia-Resort-Hotel-Spa_lastenurk-3-300x200.jpg\" \/>\n<meta name=\"twitter:card\" content=\"summary_large_image\" \/>\n<meta name=\"twitter:label1\" content=\"Arvioitu lukuaika\" \/>\n\t<meta name=\"twitter:data1\" content=\"1 minuutti\" \/>\n<script type=\"application\/ld+json\" class=\"yoast-schema-graph\">{\"@context\":\"https:\/\/schema.org\",\"@graph\":[{\"@type\":\"WebPage\",\"@id\":\"https:\/\/www.spaestonia.ee\/resort\/fi\/kylpylahotelli\/lasten-leikkinurkkaus\/\",\"url\":\"https:\/\/www.spaestonia.ee\/resort\/fi\/kylpylahotelli\/lasten-leikkinurkkaus\/\",\"name\":\"Lasten leikkinurkkaus - ESTONIA Resort Hotel Spa\",\"isPartOf\":{\"@id\":\"https:\/\/www.spaestonia.ee\/resort\/fi\/#website\"},\"datePublished\":\"2024-05-10T10:23:53+00:00\",\"dateModified\":\"2025-10-13T12:34:48+00:00\",\"breadcrumb\":{\"@id\":\"https:\/\/www.spaestonia.ee\/resort\/fi\/kylpylahotelli\/lasten-leikkinurkkaus\/#breadcrumb\"},\"inLanguage\":\"fi\",\"potentialAction\":[{\"@type\":\"ReadAction\",\"target\":[\"https:\/\/www.spaestonia.ee\/resort\/fi\/kylpylahotelli\/lasten-leikkinurkkaus\/\"]}]},{\"@type\":\"BreadcrumbList\",\"@id\":\"https:\/\/www.spaestonia.ee\/resort\/fi\/kylpylahotelli\/lasten-leikkinurkkaus\/#breadcrumb\",\"itemListElement\":[{\"@type\":\"ListItem\",\"position\":1,\"name\":\"Home\",\"item\":\"https:\/\/www.spaestonia.ee\/resort\/fi\/\"},{\"@type\":\"ListItem\",\"position\":2,\"name\":\"ESTONIA Resort Hotel &#038; Spa kylpyl\u00e4hotelli\",\"item\":\"https:\/\/www.spaestonia.ee\/resort\/fi\/kylpylahotelli\/\"},{\"@type\":\"ListItem\",\"position\":3,\"name\":\"Lasten leikkinurkkaus\"}]},{\"@type\":\"WebSite\",\"@id\":\"https:\/\/www.spaestonia.ee\/resort\/fi\/#website\",\"url\":\"https:\/\/www.spaestonia.ee\/resort\/fi\/\",\"name\":\"ESTONIA Resort Hotel Spa\",\"description\":\"E-WoW\",\"publisher\":{\"@id\":\"https:\/\/www.spaestonia.ee\/resort\/fi\/#organization\"},\"potentialAction\":[{\"@type\":\"SearchAction\",\"target\":{\"@type\":\"EntryPoint\",\"urlTemplate\":\"https:\/\/www.spaestonia.ee\/resort\/fi\/?s={search_term_string}\"},\"query-input\":{\"@type\":\"PropertyValueSpecification\",\"valueRequired\":true,\"valueName\":\"search_term_string\"}}],\"inLanguage\":\"fi\"},{\"@type\":\"Organization\",\"@id\":\"https:\/\/www.spaestonia.ee\/resort\/fi\/#organization\",\"name\":\"ESTONIA Resort Hotel Spa\",\"url\":\"https:\/\/www.spaestonia.ee\/resort\/fi\/\",\"logo\":{\"@type\":\"ImageObject\",\"inLanguage\":\"fi\",\"@id\":\"https:\/\/www.spaestonia.ee\/resort\/fi\/#\/schema\/logo\/image\/\",\"url\":\"https:\/\/www.spaestonia.ee\/resort\/wp-content\/uploads\/2025\/02\/resort-hotel-estonia.png\",\"contentUrl\":\"https:\/\/www.spaestonia.ee\/resort\/wp-content\/uploads\/2025\/02\/resort-hotel-estonia.png\",\"width\":400,\"height\":173,\"caption\":\"ESTONIA Resort Hotel Spa\"},\"image\":{\"@id\":\"https:\/\/www.spaestonia.ee\/resort\/fi\/#\/schema\/logo\/image\/\"},\"sameAs\":[\"https:\/\/www.facebook.com\/EstoniaResortHotel\"]}]}<\/script>\n<!-- \/ Yoast SEO plugin. -->","yoast_head_json":{"title":"Lasten leikkinurkkaus - ESTONIA Resort Hotel Spa","robots":{"index":"index","follow":"follow","max-snippet":"max-snippet:-1","max-image-preview":"max-image-preview:large","max-video-preview":"max-video-preview:-1"},"canonical":"https:\/\/www.spaestonia.ee\/resort\/fi\/kylpylahotelli\/lasten-leikkinurkkaus\/","og_locale":"fi_FI","og_type":"article","og_title":"Lasten leikkinurkkaus - ESTONIA Resort Hotel Spa","og_description":"Hotellin pienet vieraat ovat tervetulleita lasten leikkinurkkaukseen 1. kerroksen lobby-alueelle, joka tarjoaa mukavan ajanviettomahdollisuuden. Istuessasi&hellip;","og_url":"https:\/\/www.spaestonia.ee\/resort\/fi\/kylpylahotelli\/lasten-leikkinurkkaus\/","og_site_name":"ESTONIA Resort Hotel Spa","article_publisher":"https:\/\/www.facebook.com\/EstoniaResortHotel","article_modified_time":"2025-10-13T12:34:48+00:00","og_image":[{"url":"https:\/\/www.spaestonia.ee\/resort\/wp-content\/uploads\/2024\/04\/Estonia-Resort-Hotel-Spa_lastenurk-3-300x200.jpg","type":"","width":"","height":""}],"twitter_card":"summary_large_image","twitter_misc":{"Arvioitu lukuaika":"1 minuutti"},"schema":{"@context":"https:\/\/schema.org","@graph":[{"@type":"WebPage","@id":"https:\/\/www.spaestonia.ee\/resort\/fi\/kylpylahotelli\/lasten-leikkinurkkaus\/","url":"https:\/\/www.spaestonia.ee\/resort\/fi\/kylpylahotelli\/lasten-leikkinurkkaus\/","name":"Lasten leikkinurkkaus - ESTONIA Resort Hotel Spa","isPartOf":{"@id":"https:\/\/www.spaestonia.ee\/resort\/fi\/#website"},"datePublished":"2024-05-10T10:23:53+00:00","dateModified":"2025-10-13T12:34:48+00:00","breadcrumb":{"@id":"https:\/\/www.spaestonia.ee\/resort\/fi\/kylpylahotelli\/lasten-leikkinurkkaus\/#breadcrumb"},"inLanguage":"fi","potentialAction":[{"@type":"ReadAction","target":["https:\/\/www.spaestonia.ee\/resort\/fi\/kylpylahotelli\/lasten-leikkinurkkaus\/"]}]},{"@type":"BreadcrumbList","@id":"https:\/\/www.spaestonia.ee\/resort\/fi\/kylpylahotelli\/lasten-leikkinurkkaus\/#breadcrumb","itemListElement":[{"@type":"ListItem","position":1,"name":"Home","item":"https:\/\/www.spaestonia.ee\/resort\/fi\/"},{"@type":"ListItem","position":2,"name":"ESTONIA Resort Hotel &#038; Spa kylpyl\u00e4hotelli","item":"https:\/\/www.spaestonia.ee\/resort\/fi\/kylpylahotelli\/"},{"@type":"ListItem","position":3,"name":"Lasten leikkinurkkaus"}]},{"@type":"WebSite","@id":"https:\/\/www.spaestonia.ee\/resort\/fi\/#website","url":"https:\/\/www.spaestonia.ee\/resort\/fi\/","name":"ESTONIA Resort Hotel Spa","description":"E-WoW","publisher":{"@id":"https:\/\/www.spaestonia.ee\/resort\/fi\/#organization"},"potentialAction":[{"@type":"SearchAction","target":{"@type":"EntryPoint","urlTemplate":"https:\/\/www.spaestonia.ee\/resort\/fi\/?s={search_term_string}"},"query-input":{"@type":"PropertyValueSpecification","valueRequired":true,"valueName":"search_term_string"}}],"inLanguage":"fi"},{"@type":"Organization","@id":"https:\/\/www.spaestonia.ee\/resort\/fi\/#organization","name":"ESTONIA Resort Hotel Spa","url":"https:\/\/www.spaestonia.ee\/resort\/fi\/","logo":{"@type":"ImageObject","inLanguage":"fi","@id":"https:\/\/www.spaestonia.ee\/resort\/fi\/#\/schema\/logo\/image\/","url":"https:\/\/www.spaestonia.ee\/resort\/wp-content\/uploads\/2025\/02\/resort-hotel-estonia.png","contentUrl":"https:\/\/www.spaestonia.ee\/resort\/wp-content\/uploads\/2025\/02\/resort-hotel-estonia.png","width":400,"height":173,"caption":"ESTONIA Resort Hotel Spa"},"image":{"@id":"https:\/\/www.spaestonia.ee\/resort\/fi\/#\/schema\/logo\/image\/"},"sameAs":["https:\/\/www.facebook.com\/EstoniaResortHotel"]}]}},"_links":{"self":[{"href":"https:\/\/www.spaestonia.ee\/resort\/fi\/wp-json\/wp\/v2\/pages\/41495","targetHints":{"allow":["GET"]}}],"collection":[{"href":"https:\/\/www.spaestonia.ee\/resort\/fi\/wp-json\/wp\/v2\/pages"}],"about":[{"href":"https:\/\/www.spaestonia.ee\/resort\/fi\/wp-json\/wp\/v2\/types\/page"}],"author":[{"embeddable":true,"href":"https:\/\/www.spaestonia.ee\/resort\/fi\/wp-json\/wp\/v2\/users\/18"}],"replies":[{"embeddable":true,"href":"https:\/\/www.spaestonia.ee\/resort\/fi\/wp-json\/wp\/v2\/comments?post=41495"}],"version-history":[{"count":6,"href":"https:\/\/www.spaestonia.ee\/resort\/fi\/wp-json\/wp\/v2\/pages\/41495\/revisions"}],"predecessor-version":[{"id":45510,"href":"https:\/\/www.spaestonia.ee\/resort\/fi\/wp-json\/wp\/v2\/pages\/41495\/revisions\/45510"}],"up":[{"embeddable":true,"href":"https:\/\/www.spaestonia.ee\/resort\/fi\/wp-json\/wp\/v2\/pages\/460"}],"wp:attachment":[{"href":"https:\/\/www.spaestonia.ee\/resort\/fi\/wp-json\/wp\/v2\/media?parent=41495"}],"curies":[{"name":"wp","href":"https:\/\/api.w.org\/{rel}","templated":true}]}}