{"id":44298,"date":"2025-04-09T08:36:57","date_gmt":"2025-04-09T05:36:57","guid":{"rendered":"https:\/\/www.spaestonia.ee\/resort\/?page_id=44298"},"modified":"2025-05-05T09:51:45","modified_gmt":"2025-05-05T06:51:45","slug":"ymparistoystavallinen-hotellielamys","status":"publish","type":"page","link":"https:\/\/www.spaestonia.ee\/resort\/fi\/kylpylahotelli\/ymparistoystavallinen-hotellielamys\/","title":{"rendered":"Ymp\u00e4rist\u00f6yst\u00e4v\u00e4llinen hotelliel\u00e4mys"},"content":{"rendered":"<p>Luonnonsuojelu ja kest\u00e4v\u00e4 ajattelutapa ovat meille t\u00e4rkeit\u00e4 arvoja. Uskomme, ett\u00e4 jokainen pienikin teko auttaa s\u00e4ilytt\u00e4m\u00e4\u00e4n ymp\u00e4rist\u00f6\u00e4 tuleville sukupolville. Arvostamme my\u00f6s yhteis\u00f6n hyvinvointia ja vastuullista toimintaa.<\/p>\n<h2><strong>Toimintamme ymp\u00e4rist\u00f6n suojelemiseksi<\/strong><\/h2>\n<h3><strong>V\u00c4HEMM\u00c4N MUOVIA<\/strong><\/h3>\n<ul>\n<li>Olemme korvanneet hotellihuoneiden (poikkeuksena 3 sviitti\u00e4) kertakaytt\u00f6iset minituotteet t\u00e4ytett\u00e4vill\u00e4 annostelijoilla, joissa on suihkugeeli\/shampoo, hoitoaine ja nestesaippua.<\/li>\n<li>Olemme luopuneet kertakaytt\u00f6isist\u00e4 tossuista v\u00e4hent\u00e4\u00e4ksemme turhaa j\u00e4te- ja resurssik\u00e4ytt\u00f6\u00e4.<\/li>\n<li>Kertakaytt\u00f6iset muoviastiat on poistettu:<br \/>\n&#8211; Spaabaarissa juomat tarjoillaan uudelleenk\u00e4ytett\u00e4vist\u00e4 astioista.<br \/>\n&#8211; Kylpyl\u00e4alueella jano sammutetaan juomapisteist\u00e4, ilman kertak\u00e4ytt\u00f6mukeja.<br \/>\n&#8211; Huonepalvelussa k\u00e4ytet\u00e4\u00e4n ymp\u00e4rist\u00f6yst\u00e4v\u00e4llisi\u00e4 pakkauksia.<\/li>\n<\/ul>\n<h3><strong>V\u00c4HEMM\u00c4N PAPERIA<\/strong><\/h3>\n<ul>\n<li>K\u00e4yt\u00e4mme s\u00e4hk\u00f6isi\u00e4 laskuja.<\/li>\n<li>Painetut huoneinformaatiot on korvattu QR-koodeilla ja TV-n\u00e4yt\u00f6ill\u00e4 n\u00e4kyv\u00e4ll\u00e4 sis\u00e4ll\u00f6ll\u00e4.<\/li>\n<li>Sis\u00e4\u00e4nkirjautuminen onnistuu s\u00e4hk\u00f6isesti ilman paperilomakkeita.<\/li>\n<\/ul>\n<h3><strong>YMP\u00c4RIST\u00d6YST\u00c4V\u00c4LLINEN SIIVOUS<\/strong><\/h3>\n<ul>\n<li>K\u00e4yt\u00e4mme ekologisia siivousaineita.<\/li>\n<li>Lajittelemme j\u00e4tteet p\u00e4ivitt\u00e4in, ja yleisiss\u00e4 tiloissa on lajitteluasemia.<\/li>\n<\/ul>\n<h3><strong>ENERGIAN S\u00c4\u00c4ST\u00c4MINEN JA UUSIUTUVA ENERGIA<\/strong><\/h3>\n<ul>\n<li>Aurinkopaneelit hotellin katolla v\u00e4hent\u00e4v\u00e4t energiankulutusta ja lis\u00e4\u00e4v\u00e4t uusiutuvan energian osuutta.<\/li>\n<li>Kylpyl\u00e4- ja konferenssirakennuksessa on l\u00e4mm\u00f6nvaihtimet, jotka hy\u00f6dynt\u00e4v\u00e4t j\u00e4m\u00e4l\u00e4mp\u00f6\u00e4.<\/li>\n<li>Energian s\u00e4\u00e4st\u00e4miseksi k\u00e4yt\u00e4mme LED-lamppuja.<\/li>\n<li>Hotellin P2-pys\u00e4k\u00f6intialueella on s\u00e4hk\u00f6autojen latauspiste.<\/li>\n<\/ul>\n<h3><strong>KIERTOTALOUS<\/strong><\/h3>\n<ul>\n<li>K\u00e4ytetyt peitot, tyynyt ja froteetuotteet lahjoitetaan mm. el\u00e4insuojille.<\/li>\n<\/ul>\n<h3><strong>V\u00c4HEMM\u00c4N RUOKAH\u00c4VIKKI\u00c4<\/strong><\/h3>\n<ul>\n<li>Pyrimme minimoimaan h\u00e4vikin suunnittelemalla menut ja annoskoot huolellisesti.<\/li>\n<\/ul>\n<h3><strong>TERVEELLINEN YMP\u00c4RIST\u00d6<\/strong><\/h3>\n<ul>\n<li>Hotellimme on savuton.<\/li>\n<\/ul>\n<hr \/>\n<h3><strong>Yhteis\u00f6vastuu ja vastuullinen toiminta<\/strong><\/h3>\n<ul>\n<li>Tuemme paikallisyhteis\u00f6j\u00e4 ja edist\u00e4mme terveit\u00e4 ja aktiivisia el\u00e4m\u00e4ntapoja mm. urheilu- ja kulttuuritapahtumien kautta.<\/li>\n<li>Olemme aktiivisesti mukana alan yhdistyksiss\u00e4 ja verkostoissa.<\/li>\n<li>Tuemme nuoria tarjoamalla harjoittelupaikkoja, t\u00f6it\u00e4 sek\u00e4 osallistumalla opetuksen kehitt\u00e4miseen. Ty\u00f6ntekij\u00e4mme jakavat osaamistaan oppilaitoksissa.<\/li>\n<li>Hotellihuoneissa k\u00e4ytet\u00e4\u00e4n paikallisten valmistajien s\u00e4nkyj\u00e4, tyynyj\u00e4 ja vuodevaatteita. Tyynyt ovat my\u00f6s ostettavissa.<\/li>\n<li>Keitti\u00f6ss\u00e4 suosimme paikallisia ja tuoreita raaka-aineita.<\/li>\n<\/ul>\n<h3><strong>Kiitos, ett\u00e4 autat meit\u00e4 s\u00e4ilytt\u00e4m\u00e4\u00e4n luontoa! My\u00f6s sinun panoksesi vieraana on korvaamaton.<\/strong><\/h3>\n<ul>\n<li>Sammuta valot, kun l\u00e4hdet huoneesta!<\/li>\n<li>K\u00e4yt\u00e4 vett\u00e4 s\u00e4\u00e4steli\u00e4\u00e4sti!<\/li>\n<li>Pyyhkeiden p\u00e4ivitt\u00e4inen vaihto kaikissa hotellihuoneissa kuluttaa runsaasti pesuaineita ja vett\u00e4. Auta meit\u00e4 suojelemaan ymp\u00e4rist\u00f6\u00e4 \u2013 jos et tarvitse puhtaita pyyhkeit\u00e4, j\u00e4t\u00e4 ne vain naulaan!<\/li>\n<li>Hotellihuoneen siivous kuluttaa useita resursseja, kuten vett\u00e4, s\u00e4hk\u00f6\u00e4 ja puhdistusaineita. Jos viivyt luonamme useamman y\u00f6n, pyyd\u00e4mme sinua harkitsemaan p\u00e4ivitt\u00e4isen siivouksen tarpeellisuutta. Jos siivousta ei tarvita, ripusta ovenkahvaan kyltti &#8221;\u00c4L\u00c4 H\u00c4IRITSE&#8221;.<\/li>\n<li>Auta v\u00e4hent\u00e4m\u00e4\u00e4n ruokah\u00e4vikki\u00e4 \u2013 ota lautaselle vain sen verran kuin oikeasti sy\u00f6t!<\/li>\n<\/ul>\n<h3 style=\"text-align: center;\"><em><strong>Yhdess\u00e4 kohti puhtaampaa ja kest\u00e4v\u00e4mp\u00e4\u00e4 tulevaisuutta.<\/strong> <strong>Kiitos, ett\u00e4 v\u00e4lit\u00e4t.<\/strong><\/em><\/h3>\n<div class='gallery-article'><ul id='gallery-article0' class='list gallery-list galleryid-0 gallery-columns-3 gallery-size-thumbnail'><li class='gallery-item'>\n\t\t<p class='gallery-icon'>\n\t\t<a href='https:\/\/www.spaestonia.ee\/resort\/wp-content\/uploads\/2025\/04\/IMG_2946-002.jpg' title=\"\" data-rl_title=\"\" class=\"rl-gallery-link\" data-rl_caption=\"\" data-rel=\"lightbox-gallery-0\"><img loading=\"lazy\" decoding=\"async\" width=\"300\" height=\"300\" src=\"https:\/\/www.spaestonia.ee\/resort\/wp-content\/uploads\/2025\/04\/IMG_2946-002-300x300.jpg\" class=\"attachment-thumbnail size-thumbnail\" alt=\"\" srcset=\"https:\/\/www.spaestonia.ee\/resort\/wp-content\/uploads\/2025\/04\/IMG_2946-002-300x300.jpg 300w, https:\/\/www.spaestonia.ee\/resort\/wp-content\/uploads\/2025\/04\/IMG_2946-002-181x181.jpg 181w\" sizes=\"auto, (max-width: 300px) 100vw, 300px\" \/><\/a>\n\t\t<\/p><\/li><li class='gallery-item'>\n\t\t<p class='gallery-icon'>\n\t\t<a href='https:\/\/www.spaestonia.ee\/resort\/wp-content\/uploads\/2025\/04\/IMG_2938-002.jpg' title=\"\" data-rl_title=\"\" class=\"rl-gallery-link\" data-rl_caption=\"\" data-rel=\"lightbox-gallery-0\"><img loading=\"lazy\" decoding=\"async\" width=\"300\" height=\"300\" src=\"https:\/\/www.spaestonia.ee\/resort\/wp-content\/uploads\/2025\/04\/IMG_2938-002-300x300.jpg\" class=\"attachment-thumbnail size-thumbnail\" alt=\"\" srcset=\"https:\/\/www.spaestonia.ee\/resort\/wp-content\/uploads\/2025\/04\/IMG_2938-002-300x300.jpg 300w, https:\/\/www.spaestonia.ee\/resort\/wp-content\/uploads\/2025\/04\/IMG_2938-002-181x181.jpg 181w\" sizes=\"auto, (max-width: 300px) 100vw, 300px\" \/><\/a>\n\t\t<\/p><\/li><li class='gallery-item'>\n\t\t<p class='gallery-icon'>\n\t\t<a href='https:\/\/www.spaestonia.ee\/resort\/wp-content\/uploads\/2025\/04\/SPA-SAUN-18.jpg' title=\"\" data-rl_title=\"\" class=\"rl-gallery-link\" data-rl_caption=\"\" data-rel=\"lightbox-gallery-0\"><img loading=\"lazy\" decoding=\"async\" width=\"300\" height=\"300\" src=\"https:\/\/www.spaestonia.ee\/resort\/wp-content\/uploads\/2025\/04\/SPA-SAUN-18-300x300.jpg\" class=\"attachment-thumbnail size-thumbnail\" alt=\"\" srcset=\"https:\/\/www.spaestonia.ee\/resort\/wp-content\/uploads\/2025\/04\/SPA-SAUN-18-300x300.jpg 300w, https:\/\/www.spaestonia.ee\/resort\/wp-content\/uploads\/2025\/04\/SPA-SAUN-18-181x181.jpg 181w\" sizes=\"auto, (max-width: 300px) 100vw, 300px\" \/><\/a>\n\t\t<\/p><\/li><\/ul>\n<\/div>\n\n<p>&nbsp;<\/p>\n","protected":false},"excerpt":{"rendered":"<p>Luonnonsuojelu ja kest\u00e4v\u00e4 ajattelutapa ovat meille t\u00e4rkeit\u00e4 arvoja. Uskomme, ett\u00e4 jokainen pienikin teko auttaa s\u00e4ilytt\u00e4m\u00e4\u00e4n&hellip;<\/p>\n","protected":false},"author":18,"featured_media":0,"parent":460,"menu_order":0,"comment_status":"closed","ping_status":"closed","template":"","meta":{"footnotes":""},"class_list":["post-44298","page","type-page","status-publish","hentry"],"yoast_head":"<!-- This site is optimized with the Yoast SEO plugin v26.7 - https:\/\/yoast.com\/wordpress\/plugins\/seo\/ -->\n<title>Ymp\u00e4rist\u00f6yst\u00e4v\u00e4llinen hotelliel\u00e4mys - ESTONIA Resort Hotel Spa<\/title>\n<meta name=\"robots\" content=\"index, follow, max-snippet:-1, max-image-preview:large, max-video-preview:-1\" \/>\n<link rel=\"canonical\" href=\"https:\/\/www.spaestonia.ee\/resort\/fi\/kylpylahotelli\/ymparistoystavallinen-hotellielamys\/\" \/>\n<meta property=\"og:locale\" content=\"fi_FI\" \/>\n<meta property=\"og:type\" content=\"article\" \/>\n<meta property=\"og:title\" content=\"Ymp\u00e4rist\u00f6yst\u00e4v\u00e4llinen hotelliel\u00e4mys - ESTONIA Resort Hotel Spa\" \/>\n<meta property=\"og:description\" content=\"Luonnonsuojelu ja kest\u00e4v\u00e4 ajattelutapa ovat meille t\u00e4rkeit\u00e4 arvoja. Uskomme, ett\u00e4 jokainen pienikin teko auttaa s\u00e4ilytt\u00e4m\u00e4\u00e4n&hellip;\" \/>\n<meta property=\"og:url\" content=\"https:\/\/www.spaestonia.ee\/resort\/fi\/kylpylahotelli\/ymparistoystavallinen-hotellielamys\/\" \/>\n<meta property=\"og:site_name\" content=\"ESTONIA Resort Hotel Spa\" \/>\n<meta property=\"article:publisher\" content=\"https:\/\/www.facebook.com\/EstoniaResortHotel\" \/>\n<meta property=\"article:modified_time\" content=\"2025-05-05T06:51:45+00:00\" \/>\n<meta property=\"og:image\" content=\"https:\/\/www.spaestonia.ee\/resort\/wp-content\/uploads\/2025\/04\/IMG_2946-002-300x300.jpg\" \/>\n<meta name=\"twitter:card\" content=\"summary_large_image\" \/>\n<meta name=\"twitter:label1\" content=\"Arvioitu lukuaika\" \/>\n\t<meta name=\"twitter:data1\" content=\"2 minuuttia\" \/>\n<script type=\"application\/ld+json\" class=\"yoast-schema-graph\">{\"@context\":\"https:\/\/schema.org\",\"@graph\":[{\"@type\":\"WebPage\",\"@id\":\"https:\/\/www.spaestonia.ee\/resort\/fi\/kylpylahotelli\/ymparistoystavallinen-hotellielamys\/\",\"url\":\"https:\/\/www.spaestonia.ee\/resort\/fi\/kylpylahotelli\/ymparistoystavallinen-hotellielamys\/\",\"name\":\"Ymp\u00e4rist\u00f6yst\u00e4v\u00e4llinen hotelliel\u00e4mys - ESTONIA Resort Hotel Spa\",\"isPartOf\":{\"@id\":\"https:\/\/www.spaestonia.ee\/resort\/fi\/#website\"},\"datePublished\":\"2025-04-09T05:36:57+00:00\",\"dateModified\":\"2025-05-05T06:51:45+00:00\",\"breadcrumb\":{\"@id\":\"https:\/\/www.spaestonia.ee\/resort\/fi\/kylpylahotelli\/ymparistoystavallinen-hotellielamys\/#breadcrumb\"},\"inLanguage\":\"fi\",\"potentialAction\":[{\"@type\":\"ReadAction\",\"target\":[\"https:\/\/www.spaestonia.ee\/resort\/fi\/kylpylahotelli\/ymparistoystavallinen-hotellielamys\/\"]}]},{\"@type\":\"BreadcrumbList\",\"@id\":\"https:\/\/www.spaestonia.ee\/resort\/fi\/kylpylahotelli\/ymparistoystavallinen-hotellielamys\/#breadcrumb\",\"itemListElement\":[{\"@type\":\"ListItem\",\"position\":1,\"name\":\"Home\",\"item\":\"https:\/\/www.spaestonia.ee\/resort\/fi\/\"},{\"@type\":\"ListItem\",\"position\":2,\"name\":\"ESTONIA Resort Hotel &#038; Spa kylpyl\u00e4hotelli\",\"item\":\"https:\/\/www.spaestonia.ee\/resort\/fi\/kylpylahotelli\/\"},{\"@type\":\"ListItem\",\"position\":3,\"name\":\"Ymp\u00e4rist\u00f6yst\u00e4v\u00e4llinen hotelliel\u00e4mys\"}]},{\"@type\":\"WebSite\",\"@id\":\"https:\/\/www.spaestonia.ee\/resort\/fi\/#website\",\"url\":\"https:\/\/www.spaestonia.ee\/resort\/fi\/\",\"name\":\"ESTONIA Resort Hotel Spa\",\"description\":\"E-WoW\",\"publisher\":{\"@id\":\"https:\/\/www.spaestonia.ee\/resort\/fi\/#organization\"},\"potentialAction\":[{\"@type\":\"SearchAction\",\"target\":{\"@type\":\"EntryPoint\",\"urlTemplate\":\"https:\/\/www.spaestonia.ee\/resort\/fi\/?s={search_term_string}\"},\"query-input\":{\"@type\":\"PropertyValueSpecification\",\"valueRequired\":true,\"valueName\":\"search_term_string\"}}],\"inLanguage\":\"fi\"},{\"@type\":\"Organization\",\"@id\":\"https:\/\/www.spaestonia.ee\/resort\/fi\/#organization\",\"name\":\"ESTONIA Resort Hotel Spa\",\"url\":\"https:\/\/www.spaestonia.ee\/resort\/fi\/\",\"logo\":{\"@type\":\"ImageObject\",\"inLanguage\":\"fi\",\"@id\":\"https:\/\/www.spaestonia.ee\/resort\/fi\/#\/schema\/logo\/image\/\",\"url\":\"https:\/\/www.spaestonia.ee\/resort\/wp-content\/uploads\/2025\/02\/resort-hotel-estonia.png\",\"contentUrl\":\"https:\/\/www.spaestonia.ee\/resort\/wp-content\/uploads\/2025\/02\/resort-hotel-estonia.png\",\"width\":400,\"height\":173,\"caption\":\"ESTONIA Resort Hotel Spa\"},\"image\":{\"@id\":\"https:\/\/www.spaestonia.ee\/resort\/fi\/#\/schema\/logo\/image\/\"},\"sameAs\":[\"https:\/\/www.facebook.com\/EstoniaResortHotel\"]}]}<\/script>\n<!-- \/ Yoast SEO plugin. -->","yoast_head_json":{"title":"Ymp\u00e4rist\u00f6yst\u00e4v\u00e4llinen hotelliel\u00e4mys - ESTONIA Resort Hotel Spa","robots":{"index":"index","follow":"follow","max-snippet":"max-snippet:-1","max-image-preview":"max-image-preview:large","max-video-preview":"max-video-preview:-1"},"canonical":"https:\/\/www.spaestonia.ee\/resort\/fi\/kylpylahotelli\/ymparistoystavallinen-hotellielamys\/","og_locale":"fi_FI","og_type":"article","og_title":"Ymp\u00e4rist\u00f6yst\u00e4v\u00e4llinen hotelliel\u00e4mys - ESTONIA Resort Hotel Spa","og_description":"Luonnonsuojelu ja kest\u00e4v\u00e4 ajattelutapa ovat meille t\u00e4rkeit\u00e4 arvoja. Uskomme, ett\u00e4 jokainen pienikin teko auttaa s\u00e4ilytt\u00e4m\u00e4\u00e4n&hellip;","og_url":"https:\/\/www.spaestonia.ee\/resort\/fi\/kylpylahotelli\/ymparistoystavallinen-hotellielamys\/","og_site_name":"ESTONIA Resort Hotel Spa","article_publisher":"https:\/\/www.facebook.com\/EstoniaResortHotel","article_modified_time":"2025-05-05T06:51:45+00:00","og_image":[{"url":"https:\/\/www.spaestonia.ee\/resort\/wp-content\/uploads\/2025\/04\/IMG_2946-002-300x300.jpg","type":"","width":"","height":""}],"twitter_card":"summary_large_image","twitter_misc":{"Arvioitu lukuaika":"2 minuuttia"},"schema":{"@context":"https:\/\/schema.org","@graph":[{"@type":"WebPage","@id":"https:\/\/www.spaestonia.ee\/resort\/fi\/kylpylahotelli\/ymparistoystavallinen-hotellielamys\/","url":"https:\/\/www.spaestonia.ee\/resort\/fi\/kylpylahotelli\/ymparistoystavallinen-hotellielamys\/","name":"Ymp\u00e4rist\u00f6yst\u00e4v\u00e4llinen hotelliel\u00e4mys - ESTONIA Resort Hotel Spa","isPartOf":{"@id":"https:\/\/www.spaestonia.ee\/resort\/fi\/#website"},"datePublished":"2025-04-09T05:36:57+00:00","dateModified":"2025-05-05T06:51:45+00:00","breadcrumb":{"@id":"https:\/\/www.spaestonia.ee\/resort\/fi\/kylpylahotelli\/ymparistoystavallinen-hotellielamys\/#breadcrumb"},"inLanguage":"fi","potentialAction":[{"@type":"ReadAction","target":["https:\/\/www.spaestonia.ee\/resort\/fi\/kylpylahotelli\/ymparistoystavallinen-hotellielamys\/"]}]},{"@type":"BreadcrumbList","@id":"https:\/\/www.spaestonia.ee\/resort\/fi\/kylpylahotelli\/ymparistoystavallinen-hotellielamys\/#breadcrumb","itemListElement":[{"@type":"ListItem","position":1,"name":"Home","item":"https:\/\/www.spaestonia.ee\/resort\/fi\/"},{"@type":"ListItem","position":2,"name":"ESTONIA Resort Hotel &#038; Spa kylpyl\u00e4hotelli","item":"https:\/\/www.spaestonia.ee\/resort\/fi\/kylpylahotelli\/"},{"@type":"ListItem","position":3,"name":"Ymp\u00e4rist\u00f6yst\u00e4v\u00e4llinen hotelliel\u00e4mys"}]},{"@type":"WebSite","@id":"https:\/\/www.spaestonia.ee\/resort\/fi\/#website","url":"https:\/\/www.spaestonia.ee\/resort\/fi\/","name":"ESTONIA Resort Hotel Spa","description":"E-WoW","publisher":{"@id":"https:\/\/www.spaestonia.ee\/resort\/fi\/#organization"},"potentialAction":[{"@type":"SearchAction","target":{"@type":"EntryPoint","urlTemplate":"https:\/\/www.spaestonia.ee\/resort\/fi\/?s={search_term_string}"},"query-input":{"@type":"PropertyValueSpecification","valueRequired":true,"valueName":"search_term_string"}}],"inLanguage":"fi"},{"@type":"Organization","@id":"https:\/\/www.spaestonia.ee\/resort\/fi\/#organization","name":"ESTONIA Resort Hotel Spa","url":"https:\/\/www.spaestonia.ee\/resort\/fi\/","logo":{"@type":"ImageObject","inLanguage":"fi","@id":"https:\/\/www.spaestonia.ee\/resort\/fi\/#\/schema\/logo\/image\/","url":"https:\/\/www.spaestonia.ee\/resort\/wp-content\/uploads\/2025\/02\/resort-hotel-estonia.png","contentUrl":"https:\/\/www.spaestonia.ee\/resort\/wp-content\/uploads\/2025\/02\/resort-hotel-estonia.png","width":400,"height":173,"caption":"ESTONIA Resort Hotel Spa"},"image":{"@id":"https:\/\/www.spaestonia.ee\/resort\/fi\/#\/schema\/logo\/image\/"},"sameAs":["https:\/\/www.facebook.com\/EstoniaResortHotel"]}]}},"_links":{"self":[{"href":"https:\/\/www.spaestonia.ee\/resort\/fi\/wp-json\/wp\/v2\/pages\/44298","targetHints":{"allow":["GET"]}}],"collection":[{"href":"https:\/\/www.spaestonia.ee\/resort\/fi\/wp-json\/wp\/v2\/pages"}],"about":[{"href":"https:\/\/www.spaestonia.ee\/resort\/fi\/wp-json\/wp\/v2\/types\/page"}],"author":[{"embeddable":true,"href":"https:\/\/www.spaestonia.ee\/resort\/fi\/wp-json\/wp\/v2\/users\/18"}],"replies":[{"embeddable":true,"href":"https:\/\/www.spaestonia.ee\/resort\/fi\/wp-json\/wp\/v2\/comments?post=44298"}],"version-history":[{"count":4,"href":"https:\/\/www.spaestonia.ee\/resort\/fi\/wp-json\/wp\/v2\/pages\/44298\/revisions"}],"predecessor-version":[{"id":44419,"href":"https:\/\/www.spaestonia.ee\/resort\/fi\/wp-json\/wp\/v2\/pages\/44298\/revisions\/44419"}],"up":[{"embeddable":true,"href":"https:\/\/www.spaestonia.ee\/resort\/fi\/wp-json\/wp\/v2\/pages\/460"}],"wp:attachment":[{"href":"https:\/\/www.spaestonia.ee\/resort\/fi\/wp-json\/wp\/v2\/media?parent=44298"}],"curies":[{"name":"wp","href":"https:\/\/api.w.org\/{rel}","templated":true}]}}