{"id":447,"date":"2015-01-04T09:18:54","date_gmt":"2015-01-04T07:18:54","guid":{"rendered":"https:\/\/www.spaestonia.ee\/resort\/?page_id=447"},"modified":"2023-11-09T11:02:39","modified_gmt":"2023-11-09T09:02:39","slug":"spaa-ja-saunakeskus","status":"publish","type":"page","link":"https:\/\/www.spaestonia.ee\/resort\/fi\/spaa-ja-saunakeskus\/","title":{"rendered":"Spa &#038; Wellness"},"content":{"rendered":"<h2>Hyv\u00e4nolon keskus<\/h2>\n<h2><img loading=\"lazy\" decoding=\"async\" class=\"alignright size-full wp-image-2335\" src=\"https:\/\/www.spaestonia.ee\/resort\/wp-content\/uploads\/2015\/01\/spaa-soolalaud-350.jpg\" alt=\"Soolalaud\" width=\"350\" height=\"255\" srcset=\"https:\/\/www.spaestonia.ee\/resort\/wp-content\/uploads\/2015\/01\/spaa-soolalaud-350.jpg 350w, https:\/\/www.spaestonia.ee\/resort\/wp-content\/uploads\/2015\/01\/spaa-soolalaud-350-300x218.jpg 300w\" sizes=\"auto, (max-width: 350px) 100vw, 350px\" \/><\/h2>\n<p>Kylpyl\u00e4hotellin hoito-ohjelma on yht\u00e4 v\u00e4rik\u00e4s ja monipuolinen kuin Viron viime vuosisatojen historia. Inspiraatiota olemme saaneet sek\u00e4 Viron luonnosta ett\u00e4 muinaisilta luontaishoitajilta, jotka ovat aikojen alusta t\u00e4ydent\u00e4neet virolaisten kansanviisauksia ja perinteit\u00e4. Lis\u00e4maustetta tuovat intialaisesta kylpyl\u00e4kulttuurista per\u00e4isin olevat hoitomenetelm\u00e4t.<\/p>\n<ul>\n<li>Tarjoamme perinteisi\u00e4 virolaisia hoitomenetelmi\u00e4. Esimerkkein\u00e4 vanhojen parantajien vartalo-, k\u00e4si- ja jalkahoidoista tarjoamme mm. voimaa antavaa rohtokasvihierontaa, k\u00e4si\u00e4 helliv\u00e4\u00e4 mehil\u00e4isvahahoitoa sek\u00e4 eritt\u00e4in tehokasta magneesiumilla rikastettua kotiolutkylpy\u00e4. Ja paljon muuta&#8230;<\/li>\n<li>Intialaisen Sund\u00e3ri-sarjan eksoottiset vartalo-, k\u00e4si- ja jalkahoidot aloitetaan asiakkaan Dosha-vartalotyypin m\u00e4\u00e4ritt\u00e4misell\u00e4 (vata, pitta, kapha) oikeiden aromien ja vaikuttavien aineiden valitsemiseksi.<\/li>\n<li>Perinteiset kylpyl\u00e4hoidot.<\/li>\n<\/ul>\n<p><img loading=\"lazy\" decoding=\"async\" class=\"alignright size-full wp-image-2527\" src=\"https:\/\/www.spaestonia.ee\/resort\/wp-content\/uploads\/2015\/05\/Resort-spaa-suur-bassein-350.jpg\" alt=\"Spa &amp; saun\" width=\"350\" height=\"233\" srcset=\"https:\/\/www.spaestonia.ee\/resort\/wp-content\/uploads\/2015\/05\/Resort-spaa-suur-bassein-350.jpg 350w, https:\/\/www.spaestonia.ee\/resort\/wp-content\/uploads\/2015\/05\/Resort-spaa-suur-bassein-350-300x199.jpg 300w\" sizes=\"auto, (max-width: 350px) 100vw, 350px\" \/><a title=\"Kylpyl\u00e4hoidot\" href=\"https:\/\/www.spaestonia.ee\/resort\/fi\/kylpylahoidot\/\">Tutustu tarkemmin\u00a0\u00bb<\/a><\/p>\n<h2>Sauna- ja allasosasto<\/h2>\n<ul>\n<li>Perinteiset l\u00f6ylysaunat, savusauna, h\u00f6yrysauna, suolasauna,kuiva sauna, aromisauna, vihtasauna<\/li>\n<li>Iso allas eri alueineen, l\u00e4mmitetty kivipenkit<\/li>\n<li>Ulkoterassi jossa kaksi poreallasta<\/li>\n<li>Kuolleenmeren allas (suolanpitoisuus 33%)<\/li>\n<li>Allasosaston baari<\/li>\n<\/ul>\n<p><a title=\"SPA- ja SAUNA -keskus\" href=\"https:\/\/www.spaestonia.ee\/resort\/fi\/spaa-ja-saunakeskus\/spa-ja-sauna-keskus\/\">Tutustu tarkemmin\u00a0\u00bb<\/a><\/p>\n","protected":false},"excerpt":{"rendered":"<p>Hyv\u00e4nolon keskus Kylpyl\u00e4hotellin hoito-ohjelma on yht\u00e4 v\u00e4rik\u00e4s ja monipuolinen kuin Viron viime vuosisatojen historia. Inspiraatiota&hellip;<\/p>\n","protected":false},"author":1,"featured_media":0,"parent":0,"menu_order":0,"comment_status":"closed","ping_status":"open","template":"page-nobron_page.php","meta":{"footnotes":""},"class_list":["post-447","page","type-page","status-publish","hentry"],"yoast_head":"<!-- This site is optimized with the Yoast SEO plugin v26.7 - https:\/\/yoast.com\/wordpress\/plugins\/seo\/ -->\n<title>Spa &amp; Wellness - ESTONIA Resort Hotel Spa<\/title>\n<meta name=\"robots\" content=\"index, follow, max-snippet:-1, max-image-preview:large, max-video-preview:-1\" \/>\n<link rel=\"canonical\" href=\"https:\/\/www.spaestonia.ee\/resort\/fi\/spaa-ja-saunakeskus\/\" \/>\n<meta property=\"og:locale\" content=\"fi_FI\" \/>\n<meta property=\"og:type\" content=\"article\" \/>\n<meta property=\"og:title\" content=\"Spa &amp; Wellness - ESTONIA Resort Hotel Spa\" \/>\n<meta property=\"og:description\" content=\"Hyv\u00e4nolon keskus Kylpyl\u00e4hotellin hoito-ohjelma on yht\u00e4 v\u00e4rik\u00e4s ja monipuolinen kuin Viron viime vuosisatojen historia. Inspiraatiota&hellip;\" \/>\n<meta property=\"og:url\" content=\"https:\/\/www.spaestonia.ee\/resort\/fi\/spaa-ja-saunakeskus\/\" \/>\n<meta property=\"og:site_name\" content=\"ESTONIA Resort Hotel Spa\" \/>\n<meta property=\"article:publisher\" content=\"https:\/\/www.facebook.com\/EstoniaResortHotel\" \/>\n<meta property=\"article:modified_time\" content=\"2023-11-09T09:02:39+00:00\" \/>\n<meta property=\"og:image\" content=\"https:\/\/www.spaestonia.ee\/resort\/wp-content\/uploads\/2015\/01\/spaa-soolalaud-350.jpg\" \/>\n<meta name=\"twitter:card\" content=\"summary_large_image\" \/>\n<meta name=\"twitter:label1\" content=\"Arvioitu lukuaika\" \/>\n\t<meta name=\"twitter:data1\" content=\"1 minuutti\" \/>\n<script type=\"application\/ld+json\" class=\"yoast-schema-graph\">{\"@context\":\"https:\/\/schema.org\",\"@graph\":[{\"@type\":\"WebPage\",\"@id\":\"https:\/\/www.spaestonia.ee\/resort\/fi\/spaa-ja-saunakeskus\/\",\"url\":\"https:\/\/www.spaestonia.ee\/resort\/fi\/spaa-ja-saunakeskus\/\",\"name\":\"Spa & Wellness - ESTONIA Resort Hotel Spa\",\"isPartOf\":{\"@id\":\"https:\/\/www.spaestonia.ee\/resort\/fi\/#website\"},\"primaryImageOfPage\":{\"@id\":\"https:\/\/www.spaestonia.ee\/resort\/fi\/spaa-ja-saunakeskus\/#primaryimage\"},\"image\":{\"@id\":\"https:\/\/www.spaestonia.ee\/resort\/fi\/spaa-ja-saunakeskus\/#primaryimage\"},\"thumbnailUrl\":\"https:\/\/www.spaestonia.ee\/resort\/wp-content\/uploads\/2015\/01\/spaa-soolalaud-350.jpg\",\"datePublished\":\"2015-01-04T07:18:54+00:00\",\"dateModified\":\"2023-11-09T09:02:39+00:00\",\"breadcrumb\":{\"@id\":\"https:\/\/www.spaestonia.ee\/resort\/fi\/spaa-ja-saunakeskus\/#breadcrumb\"},\"inLanguage\":\"fi\",\"potentialAction\":[{\"@type\":\"ReadAction\",\"target\":[\"https:\/\/www.spaestonia.ee\/resort\/fi\/spaa-ja-saunakeskus\/\"]}]},{\"@type\":\"ImageObject\",\"inLanguage\":\"fi\",\"@id\":\"https:\/\/www.spaestonia.ee\/resort\/fi\/spaa-ja-saunakeskus\/#primaryimage\",\"url\":\"https:\/\/www.spaestonia.ee\/resort\/wp-content\/uploads\/2015\/01\/spaa-soolalaud-350.jpg\",\"contentUrl\":\"https:\/\/www.spaestonia.ee\/resort\/wp-content\/uploads\/2015\/01\/spaa-soolalaud-350.jpg\"},{\"@type\":\"BreadcrumbList\",\"@id\":\"https:\/\/www.spaestonia.ee\/resort\/fi\/spaa-ja-saunakeskus\/#breadcrumb\",\"itemListElement\":[{\"@type\":\"ListItem\",\"position\":1,\"name\":\"Home\",\"item\":\"https:\/\/www.spaestonia.ee\/resort\/fi\/\"},{\"@type\":\"ListItem\",\"position\":2,\"name\":\"Spa &#038; Wellness\"}]},{\"@type\":\"WebSite\",\"@id\":\"https:\/\/www.spaestonia.ee\/resort\/fi\/#website\",\"url\":\"https:\/\/www.spaestonia.ee\/resort\/fi\/\",\"name\":\"ESTONIA Resort Hotel Spa\",\"description\":\"E-WoW\",\"publisher\":{\"@id\":\"https:\/\/www.spaestonia.ee\/resort\/fi\/#organization\"},\"potentialAction\":[{\"@type\":\"SearchAction\",\"target\":{\"@type\":\"EntryPoint\",\"urlTemplate\":\"https:\/\/www.spaestonia.ee\/resort\/fi\/?s={search_term_string}\"},\"query-input\":{\"@type\":\"PropertyValueSpecification\",\"valueRequired\":true,\"valueName\":\"search_term_string\"}}],\"inLanguage\":\"fi\"},{\"@type\":\"Organization\",\"@id\":\"https:\/\/www.spaestonia.ee\/resort\/fi\/#organization\",\"name\":\"ESTONIA Resort Hotel Spa\",\"url\":\"https:\/\/www.spaestonia.ee\/resort\/fi\/\",\"logo\":{\"@type\":\"ImageObject\",\"inLanguage\":\"fi\",\"@id\":\"https:\/\/www.spaestonia.ee\/resort\/fi\/#\/schema\/logo\/image\/\",\"url\":\"https:\/\/www.spaestonia.ee\/resort\/wp-content\/uploads\/2025\/02\/resort-hotel-estonia.png\",\"contentUrl\":\"https:\/\/www.spaestonia.ee\/resort\/wp-content\/uploads\/2025\/02\/resort-hotel-estonia.png\",\"width\":400,\"height\":173,\"caption\":\"ESTONIA Resort Hotel Spa\"},\"image\":{\"@id\":\"https:\/\/www.spaestonia.ee\/resort\/fi\/#\/schema\/logo\/image\/\"},\"sameAs\":[\"https:\/\/www.facebook.com\/EstoniaResortHotel\"]}]}<\/script>\n<!-- \/ Yoast SEO plugin. -->","yoast_head_json":{"title":"Spa & Wellness - ESTONIA Resort Hotel Spa","robots":{"index":"index","follow":"follow","max-snippet":"max-snippet:-1","max-image-preview":"max-image-preview:large","max-video-preview":"max-video-preview:-1"},"canonical":"https:\/\/www.spaestonia.ee\/resort\/fi\/spaa-ja-saunakeskus\/","og_locale":"fi_FI","og_type":"article","og_title":"Spa & Wellness - ESTONIA Resort Hotel Spa","og_description":"Hyv\u00e4nolon keskus Kylpyl\u00e4hotellin hoito-ohjelma on yht\u00e4 v\u00e4rik\u00e4s ja monipuolinen kuin Viron viime vuosisatojen historia. Inspiraatiota&hellip;","og_url":"https:\/\/www.spaestonia.ee\/resort\/fi\/spaa-ja-saunakeskus\/","og_site_name":"ESTONIA Resort Hotel Spa","article_publisher":"https:\/\/www.facebook.com\/EstoniaResortHotel","article_modified_time":"2023-11-09T09:02:39+00:00","og_image":[{"url":"https:\/\/www.spaestonia.ee\/resort\/wp-content\/uploads\/2015\/01\/spaa-soolalaud-350.jpg","type":"","width":"","height":""}],"twitter_card":"summary_large_image","twitter_misc":{"Arvioitu lukuaika":"1 minuutti"},"schema":{"@context":"https:\/\/schema.org","@graph":[{"@type":"WebPage","@id":"https:\/\/www.spaestonia.ee\/resort\/fi\/spaa-ja-saunakeskus\/","url":"https:\/\/www.spaestonia.ee\/resort\/fi\/spaa-ja-saunakeskus\/","name":"Spa & Wellness - ESTONIA Resort Hotel Spa","isPartOf":{"@id":"https:\/\/www.spaestonia.ee\/resort\/fi\/#website"},"primaryImageOfPage":{"@id":"https:\/\/www.spaestonia.ee\/resort\/fi\/spaa-ja-saunakeskus\/#primaryimage"},"image":{"@id":"https:\/\/www.spaestonia.ee\/resort\/fi\/spaa-ja-saunakeskus\/#primaryimage"},"thumbnailUrl":"https:\/\/www.spaestonia.ee\/resort\/wp-content\/uploads\/2015\/01\/spaa-soolalaud-350.jpg","datePublished":"2015-01-04T07:18:54+00:00","dateModified":"2023-11-09T09:02:39+00:00","breadcrumb":{"@id":"https:\/\/www.spaestonia.ee\/resort\/fi\/spaa-ja-saunakeskus\/#breadcrumb"},"inLanguage":"fi","potentialAction":[{"@type":"ReadAction","target":["https:\/\/www.spaestonia.ee\/resort\/fi\/spaa-ja-saunakeskus\/"]}]},{"@type":"ImageObject","inLanguage":"fi","@id":"https:\/\/www.spaestonia.ee\/resort\/fi\/spaa-ja-saunakeskus\/#primaryimage","url":"https:\/\/www.spaestonia.ee\/resort\/wp-content\/uploads\/2015\/01\/spaa-soolalaud-350.jpg","contentUrl":"https:\/\/www.spaestonia.ee\/resort\/wp-content\/uploads\/2015\/01\/spaa-soolalaud-350.jpg"},{"@type":"BreadcrumbList","@id":"https:\/\/www.spaestonia.ee\/resort\/fi\/spaa-ja-saunakeskus\/#breadcrumb","itemListElement":[{"@type":"ListItem","position":1,"name":"Home","item":"https:\/\/www.spaestonia.ee\/resort\/fi\/"},{"@type":"ListItem","position":2,"name":"Spa &#038; Wellness"}]},{"@type":"WebSite","@id":"https:\/\/www.spaestonia.ee\/resort\/fi\/#website","url":"https:\/\/www.spaestonia.ee\/resort\/fi\/","name":"ESTONIA Resort Hotel Spa","description":"E-WoW","publisher":{"@id":"https:\/\/www.spaestonia.ee\/resort\/fi\/#organization"},"potentialAction":[{"@type":"SearchAction","target":{"@type":"EntryPoint","urlTemplate":"https:\/\/www.spaestonia.ee\/resort\/fi\/?s={search_term_string}"},"query-input":{"@type":"PropertyValueSpecification","valueRequired":true,"valueName":"search_term_string"}}],"inLanguage":"fi"},{"@type":"Organization","@id":"https:\/\/www.spaestonia.ee\/resort\/fi\/#organization","name":"ESTONIA Resort Hotel Spa","url":"https:\/\/www.spaestonia.ee\/resort\/fi\/","logo":{"@type":"ImageObject","inLanguage":"fi","@id":"https:\/\/www.spaestonia.ee\/resort\/fi\/#\/schema\/logo\/image\/","url":"https:\/\/www.spaestonia.ee\/resort\/wp-content\/uploads\/2025\/02\/resort-hotel-estonia.png","contentUrl":"https:\/\/www.spaestonia.ee\/resort\/wp-content\/uploads\/2025\/02\/resort-hotel-estonia.png","width":400,"height":173,"caption":"ESTONIA Resort Hotel Spa"},"image":{"@id":"https:\/\/www.spaestonia.ee\/resort\/fi\/#\/schema\/logo\/image\/"},"sameAs":["https:\/\/www.facebook.com\/EstoniaResortHotel"]}]}},"_links":{"self":[{"href":"https:\/\/www.spaestonia.ee\/resort\/fi\/wp-json\/wp\/v2\/pages\/447","targetHints":{"allow":["GET"]}}],"collection":[{"href":"https:\/\/www.spaestonia.ee\/resort\/fi\/wp-json\/wp\/v2\/pages"}],"about":[{"href":"https:\/\/www.spaestonia.ee\/resort\/fi\/wp-json\/wp\/v2\/types\/page"}],"author":[{"embeddable":true,"href":"https:\/\/www.spaestonia.ee\/resort\/fi\/wp-json\/wp\/v2\/users\/1"}],"replies":[{"embeddable":true,"href":"https:\/\/www.spaestonia.ee\/resort\/fi\/wp-json\/wp\/v2\/comments?post=447"}],"version-history":[{"count":33,"href":"https:\/\/www.spaestonia.ee\/resort\/fi\/wp-json\/wp\/v2\/pages\/447\/revisions"}],"predecessor-version":[{"id":39311,"href":"https:\/\/www.spaestonia.ee\/resort\/fi\/wp-json\/wp\/v2\/pages\/447\/revisions\/39311"}],"wp:attachment":[{"href":"https:\/\/www.spaestonia.ee\/resort\/fi\/wp-json\/wp\/v2\/media?parent=447"}],"curies":[{"name":"wp","href":"https:\/\/api.w.org\/{rel}","templated":true}]}}