{"id":8600,"date":"2016-05-26T10:30:29","date_gmt":"2016-05-26T07:30:29","guid":{"rendered":"https:\/\/www.spaestonia.ee\/resort\/?page_id=8600"},"modified":"2026-01-22T14:25:13","modified_gmt":"2026-01-22T12:25:13","slug":"noot-kahvila","status":"publish","type":"page","link":"https:\/\/www.spaestonia.ee\/resort\/fi\/ravintola\/noot-kahvila\/","title":{"rendered":"NOOT kahvila"},"content":{"rendered":"<p>ESTONIA Resort Hotel &amp; Span NOOT-ravintolan kahvilassa tarjotaan salaattibuffet, p\u00e4iv\u00e4n keitto ja p\u00e4iv\u00e4n leivos. Tule vaikka my\u00f6h\u00e4iselle lounaalle! Tyylik\u00e4s kylpyl\u00e4hotelli, arvostettu keitti\u00f6 ja maukasta ruokaa!<br \/>\nSek\u00e4 rannikkoseudun raikasta meri-ilmaa!<\/p>\n<h3><strong>Kahvila NOOT on avoinna Ma-Pe 12-15<\/strong><\/h3>\n<p><strong>P\u00e4iv\u00e4n menu:<\/strong><\/p>\n<ul>\n<li>P\u00e4iv\u00e4n keitto <strong>4 \u20ac<\/strong><\/li>\n<li>P\u00e4iv\u00e4n pihvi salaattivalikoimalla <strong>6,50 \u20ac<\/strong><\/li>\n<li>P\u00e4iv\u00e4n\u00a0j\u00e4lkiruoka <strong>3 \u20ac<\/strong><\/li>\n<li>P\u00e4iv\u00e4n pihvi j\u00e4lkiruokalla <strong>8,50 \u20ac<\/strong><\/li>\n<li>P\u00e4iv\u00e4n keitto j\u00e4lkiruokalla <strong>6 \u20ac<br \/>\n<\/strong><\/li>\n<\/ul>\n<p>Kahvi, tee, hanavesi ja tuore leip sis\u00e4ltyv\u00e4t hintaan!<\/p>\n<p><em>Huomioithan, ett\u00e4 p\u00e4iv\u00e4n tarjoukset eiv\u00e4t ole saatavilla ryhmille.<br \/>\n<\/em><br \/>\nRavintola NOOTin kahvila <a href=\"https:\/\/www.facebook.com\/restoranNOOT\"><img loading=\"lazy\" decoding=\"async\" class=\"alignnone\" src=\"http:\/\/www.spaestonia.ee\/resort\/wp-content\/uploads\/2016\/09\/FB-logo.jpg\" alt=\"fb-logo\" width=\"32\" height=\"30\" \/><\/a><br \/>\nP\u00e4rnu, A. H. Tammsaare pst 4a (sis\u00e4\u00e4nk\u00e4ynti Aia-kadun puolelta)<br \/>\n<strong>Lis\u00e4tietoa:<\/strong> +372 440 1012,\u00a0<a href=\"mailto:noot@spaestonia.ee\"><u>noot@spaestonia.ee<\/u><\/a><\/p>\n<hr \/>\n<p><strong>PYS\u00c4K\u00d6INTI:<br \/>\nP1 pys\u00e4k\u00f6inti<\/strong> \u2013 maksullinen<strong><br \/>\nP2 pys\u00e4k\u00f6inti <\/strong>\u2013 maksullinen 1.5.\u201331.8., muina aikoina maksuton<strong><br \/>\n<\/strong> Lis\u00e4tietoa pys\u00e4k\u00f6innist\u00e4\u00a0<a href=\"https:\/\/www.spaestonia.ee\/resort\/fi\/meista\/sijanti-ja-pysakointi\/\">T\u00c4\u00c4LT\u00c4<\/a><\/p>\n<div class='gallery-article'><ul id='gallery-article0' class='list gallery-list galleryid-0 gallery-columns-4 gallery-size-thumbnail'><li class='gallery-item'>\n\t\t<p class='gallery-icon'>\n\t\t<a href='https:\/\/www.spaestonia.ee\/resort\/wp-content\/uploads\/2024\/04\/Kohvik-NOOT-10.jpg' title=\"\" data-rl_title=\"\" class=\"rl-gallery-link\" data-rl_caption=\"\" data-rel=\"lightbox-gallery-0\"><img loading=\"lazy\" decoding=\"async\" width=\"300\" height=\"300\" src=\"https:\/\/www.spaestonia.ee\/resort\/wp-content\/uploads\/2024\/04\/Kohvik-NOOT-10-300x300.jpg\" class=\"attachment-thumbnail size-thumbnail\" alt=\"Kohvik NOOT\" srcset=\"https:\/\/www.spaestonia.ee\/resort\/wp-content\/uploads\/2024\/04\/Kohvik-NOOT-10-300x300.jpg 300w, https:\/\/www.spaestonia.ee\/resort\/wp-content\/uploads\/2024\/04\/Kohvik-NOOT-10-181x181.jpg 181w\" sizes=\"auto, (max-width: 300px) 100vw, 300px\" \/><\/a>\n\t\t<\/p><\/li><li class='gallery-item'>\n\t\t<p class='gallery-icon'>\n\t\t<a href='https:\/\/www.spaestonia.ee\/resort\/wp-content\/uploads\/2024\/04\/Kohvik-NOOT-4.jpg' title=\"\" data-rl_title=\"\" class=\"rl-gallery-link\" data-rl_caption=\"\" data-rel=\"lightbox-gallery-0\"><img loading=\"lazy\" decoding=\"async\" width=\"300\" height=\"300\" src=\"https:\/\/www.spaestonia.ee\/resort\/wp-content\/uploads\/2024\/04\/Kohvik-NOOT-4-300x300.jpg\" class=\"attachment-thumbnail size-thumbnail\" alt=\"Kohvik NOO\" srcset=\"https:\/\/www.spaestonia.ee\/resort\/wp-content\/uploads\/2024\/04\/Kohvik-NOOT-4-300x300.jpg 300w, https:\/\/www.spaestonia.ee\/resort\/wp-content\/uploads\/2024\/04\/Kohvik-NOOT-4-181x181.jpg 181w\" sizes=\"auto, (max-width: 300px) 100vw, 300px\" \/><\/a>\n\t\t<\/p><\/li><li class='gallery-item'>\n\t\t<p class='gallery-icon'>\n\t\t<a href='https:\/\/www.spaestonia.ee\/resort\/wp-content\/uploads\/2024\/04\/Kohvik-NOOT-13.jpg' title=\"\" data-rl_title=\"\" class=\"rl-gallery-link\" data-rl_caption=\"\" data-rel=\"lightbox-gallery-0\"><img loading=\"lazy\" decoding=\"async\" width=\"300\" height=\"300\" src=\"https:\/\/www.spaestonia.ee\/resort\/wp-content\/uploads\/2024\/04\/Kohvik-NOOT-13-300x300.jpg\" class=\"attachment-thumbnail size-thumbnail\" alt=\"Kohvik NOO\" srcset=\"https:\/\/www.spaestonia.ee\/resort\/wp-content\/uploads\/2024\/04\/Kohvik-NOOT-13-300x300.jpg 300w, https:\/\/www.spaestonia.ee\/resort\/wp-content\/uploads\/2024\/04\/Kohvik-NOOT-13-181x181.jpg 181w\" sizes=\"auto, (max-width: 300px) 100vw, 300px\" \/><\/a>\n\t\t<\/p><\/li><li class='gallery-item'>\n\t\t<p class='gallery-icon'>\n\t\t<a href='https:\/\/www.spaestonia.ee\/resort\/wp-content\/uploads\/2024\/04\/Kohvik-NOOT-2.jpg' title=\"\" data-rl_title=\"\" class=\"rl-gallery-link\" data-rl_caption=\"\" data-rel=\"lightbox-gallery-0\"><img loading=\"lazy\" decoding=\"async\" width=\"300\" height=\"300\" src=\"https:\/\/www.spaestonia.ee\/resort\/wp-content\/uploads\/2024\/04\/Kohvik-NOOT-2-300x300.jpg\" class=\"attachment-thumbnail size-thumbnail\" alt=\"Kohvik NOOT\" srcset=\"https:\/\/www.spaestonia.ee\/resort\/wp-content\/uploads\/2024\/04\/Kohvik-NOOT-2-300x300.jpg 300w, https:\/\/www.spaestonia.ee\/resort\/wp-content\/uploads\/2024\/04\/Kohvik-NOOT-2-181x181.jpg 181w\" sizes=\"auto, (max-width: 300px) 100vw, 300px\" \/><\/a>\n\t\t<\/p><\/li><li class='gallery-item'>\n\t\t<p class='gallery-icon'>\n\t\t<a href='https:\/\/www.spaestonia.ee\/resort\/wp-content\/uploads\/2024\/04\/Kohvik-NOOT-1.jpg' title=\"\" data-rl_title=\"\" class=\"rl-gallery-link\" data-rl_caption=\"\" data-rel=\"lightbox-gallery-0\"><img loading=\"lazy\" decoding=\"async\" width=\"300\" height=\"300\" src=\"https:\/\/www.spaestonia.ee\/resort\/wp-content\/uploads\/2024\/04\/Kohvik-NOOT-1-300x300.jpg\" class=\"attachment-thumbnail size-thumbnail\" alt=\"Kohvik NOOT\" srcset=\"https:\/\/www.spaestonia.ee\/resort\/wp-content\/uploads\/2024\/04\/Kohvik-NOOT-1-300x300.jpg 300w, https:\/\/www.spaestonia.ee\/resort\/wp-content\/uploads\/2024\/04\/Kohvik-NOOT-1-181x181.jpg 181w\" sizes=\"auto, (max-width: 300px) 100vw, 300px\" \/><\/a>\n\t\t<\/p><\/li><li class='gallery-item'>\n\t\t<p class='gallery-icon'>\n\t\t<a href='https:\/\/www.spaestonia.ee\/resort\/wp-content\/uploads\/2024\/04\/Kohvik-NOOT-3.jpg' title=\"\" data-rl_title=\"\" class=\"rl-gallery-link\" data-rl_caption=\"\" data-rel=\"lightbox-gallery-0\"><img loading=\"lazy\" decoding=\"async\" width=\"300\" height=\"300\" src=\"https:\/\/www.spaestonia.ee\/resort\/wp-content\/uploads\/2024\/04\/Kohvik-NOOT-3-300x300.jpg\" class=\"attachment-thumbnail size-thumbnail\" alt=\"Kohvik NOOT\" srcset=\"https:\/\/www.spaestonia.ee\/resort\/wp-content\/uploads\/2024\/04\/Kohvik-NOOT-3-300x300.jpg 300w, https:\/\/www.spaestonia.ee\/resort\/wp-content\/uploads\/2024\/04\/Kohvik-NOOT-3-181x181.jpg 181w\" sizes=\"auto, (max-width: 300px) 100vw, 300px\" \/><\/a>\n\t\t<\/p><\/li><li class='gallery-item'>\n\t\t<p class='gallery-icon'>\n\t\t<a href='https:\/\/www.spaestonia.ee\/resort\/wp-content\/uploads\/2024\/04\/Kohvik-NOOT-8.jpg' title=\"\" data-rl_title=\"\" class=\"rl-gallery-link\" data-rl_caption=\"\" data-rel=\"lightbox-gallery-0\"><img loading=\"lazy\" decoding=\"async\" width=\"300\" height=\"300\" src=\"https:\/\/www.spaestonia.ee\/resort\/wp-content\/uploads\/2024\/04\/Kohvik-NOOT-8-300x300.jpg\" class=\"attachment-thumbnail size-thumbnail\" alt=\"Kohvik NOO\" srcset=\"https:\/\/www.spaestonia.ee\/resort\/wp-content\/uploads\/2024\/04\/Kohvik-NOOT-8-300x300.jpg 300w, https:\/\/www.spaestonia.ee\/resort\/wp-content\/uploads\/2024\/04\/Kohvik-NOOT-8-181x181.jpg 181w\" sizes=\"auto, (max-width: 300px) 100vw, 300px\" \/><\/a>\n\t\t<\/p><\/li><li class='gallery-item'>\n\t\t<p class='gallery-icon'>\n\t\t<a href='https:\/\/www.spaestonia.ee\/resort\/wp-content\/uploads\/2024\/04\/Kohvik-NOOT-9.jpg' title=\"\" data-rl_title=\"\" class=\"rl-gallery-link\" data-rl_caption=\"\" data-rel=\"lightbox-gallery-0\"><img loading=\"lazy\" decoding=\"async\" width=\"300\" height=\"300\" src=\"https:\/\/www.spaestonia.ee\/resort\/wp-content\/uploads\/2024\/04\/Kohvik-NOOT-9-300x300.jpg\" class=\"attachment-thumbnail size-thumbnail\" alt=\"Kohvik NOOT\" srcset=\"https:\/\/www.spaestonia.ee\/resort\/wp-content\/uploads\/2024\/04\/Kohvik-NOOT-9-300x300.jpg 300w, https:\/\/www.spaestonia.ee\/resort\/wp-content\/uploads\/2024\/04\/Kohvik-NOOT-9-181x181.jpg 181w\" sizes=\"auto, (max-width: 300px) 100vw, 300px\" \/><\/a>\n\t\t<\/p><\/li><\/ul>\n<\/div>\n\n","protected":false},"excerpt":{"rendered":"<p>ESTONIA Resort Hotel &amp; Span NOOT-ravintolan kahvilassa tarjotaan salaattibuffet, p\u00e4iv\u00e4n keitto ja p\u00e4iv\u00e4n leivos. Tule&hellip;<\/p>\n","protected":false},"author":1,"featured_media":0,"parent":483,"menu_order":0,"comment_status":"closed","ping_status":"open","template":"","meta":{"footnotes":""},"class_list":["post-8600","page","type-page","status-publish","hentry"],"yoast_head":"<!-- This site is optimized with the Yoast SEO plugin v26.7 - https:\/\/yoast.com\/wordpress\/plugins\/seo\/ -->\n<title>NOOT kahvila - ESTONIA Resort Hotel Spa<\/title>\n<meta name=\"robots\" content=\"index, follow, max-snippet:-1, max-image-preview:large, max-video-preview:-1\" \/>\n<link rel=\"canonical\" href=\"https:\/\/www.spaestonia.ee\/resort\/fi\/ravintola\/noot-kahvila\/\" \/>\n<meta property=\"og:locale\" content=\"fi_FI\" \/>\n<meta property=\"og:type\" content=\"article\" \/>\n<meta property=\"og:title\" content=\"NOOT kahvila - ESTONIA Resort Hotel Spa\" \/>\n<meta property=\"og:description\" content=\"ESTONIA Resort Hotel &amp; Span NOOT-ravintolan kahvilassa tarjotaan salaattibuffet, p\u00e4iv\u00e4n keitto ja p\u00e4iv\u00e4n leivos. Tule&hellip;\" \/>\n<meta property=\"og:url\" content=\"https:\/\/www.spaestonia.ee\/resort\/fi\/ravintola\/noot-kahvila\/\" \/>\n<meta property=\"og:site_name\" content=\"ESTONIA Resort Hotel Spa\" \/>\n<meta property=\"article:publisher\" content=\"https:\/\/www.facebook.com\/EstoniaResortHotel\" \/>\n<meta property=\"article:modified_time\" content=\"2026-01-22T12:25:13+00:00\" \/>\n<meta property=\"og:image\" content=\"https:\/\/www.spaestonia.ee\/resort\/wp-content\/uploads\/2024\/04\/Kohvik-NOOT-10-300x300.jpg\" \/>\n<meta name=\"twitter:card\" content=\"summary_large_image\" \/>\n<meta name=\"twitter:label1\" content=\"Arvioitu lukuaika\" \/>\n\t<meta name=\"twitter:data1\" content=\"1 minuutti\" \/>\n<script type=\"application\/ld+json\" class=\"yoast-schema-graph\">{\"@context\":\"https:\/\/schema.org\",\"@graph\":[{\"@type\":\"WebPage\",\"@id\":\"https:\/\/www.spaestonia.ee\/resort\/fi\/ravintola\/noot-kahvila\/\",\"url\":\"https:\/\/www.spaestonia.ee\/resort\/fi\/ravintola\/noot-kahvila\/\",\"name\":\"NOOT kahvila - ESTONIA Resort Hotel Spa\",\"isPartOf\":{\"@id\":\"https:\/\/www.spaestonia.ee\/resort\/fi\/#website\"},\"primaryImageOfPage\":{\"@id\":\"https:\/\/www.spaestonia.ee\/resort\/fi\/ravintola\/noot-kahvila\/#primaryimage\"},\"image\":{\"@id\":\"https:\/\/www.spaestonia.ee\/resort\/fi\/ravintola\/noot-kahvila\/#primaryimage\"},\"thumbnailUrl\":\"http:\/\/www.spaestonia.ee\/resort\/wp-content\/uploads\/2016\/09\/FB-logo.jpg\",\"datePublished\":\"2016-05-26T07:30:29+00:00\",\"dateModified\":\"2026-01-22T12:25:13+00:00\",\"breadcrumb\":{\"@id\":\"https:\/\/www.spaestonia.ee\/resort\/fi\/ravintola\/noot-kahvila\/#breadcrumb\"},\"inLanguage\":\"fi\",\"potentialAction\":[{\"@type\":\"ReadAction\",\"target\":[\"https:\/\/www.spaestonia.ee\/resort\/fi\/ravintola\/noot-kahvila\/\"]}]},{\"@type\":\"ImageObject\",\"inLanguage\":\"fi\",\"@id\":\"https:\/\/www.spaestonia.ee\/resort\/fi\/ravintola\/noot-kahvila\/#primaryimage\",\"url\":\"http:\/\/www.spaestonia.ee\/resort\/wp-content\/uploads\/2016\/09\/FB-logo.jpg\",\"contentUrl\":\"http:\/\/www.spaestonia.ee\/resort\/wp-content\/uploads\/2016\/09\/FB-logo.jpg\"},{\"@type\":\"BreadcrumbList\",\"@id\":\"https:\/\/www.spaestonia.ee\/resort\/fi\/ravintola\/noot-kahvila\/#breadcrumb\",\"itemListElement\":[{\"@type\":\"ListItem\",\"position\":1,\"name\":\"Home\",\"item\":\"https:\/\/www.spaestonia.ee\/resort\/fi\/\"},{\"@type\":\"ListItem\",\"position\":2,\"name\":\"Ravintola NOOT\",\"item\":\"https:\/\/www.spaestonia.ee\/resort\/fi\/ravintola\/\"},{\"@type\":\"ListItem\",\"position\":3,\"name\":\"NOOT kahvila\"}]},{\"@type\":\"WebSite\",\"@id\":\"https:\/\/www.spaestonia.ee\/resort\/fi\/#website\",\"url\":\"https:\/\/www.spaestonia.ee\/resort\/fi\/\",\"name\":\"ESTONIA Resort Hotel Spa\",\"description\":\"E-WoW\",\"publisher\":{\"@id\":\"https:\/\/www.spaestonia.ee\/resort\/fi\/#organization\"},\"potentialAction\":[{\"@type\":\"SearchAction\",\"target\":{\"@type\":\"EntryPoint\",\"urlTemplate\":\"https:\/\/www.spaestonia.ee\/resort\/fi\/?s={search_term_string}\"},\"query-input\":{\"@type\":\"PropertyValueSpecification\",\"valueRequired\":true,\"valueName\":\"search_term_string\"}}],\"inLanguage\":\"fi\"},{\"@type\":\"Organization\",\"@id\":\"https:\/\/www.spaestonia.ee\/resort\/fi\/#organization\",\"name\":\"ESTONIA Resort Hotel Spa\",\"url\":\"https:\/\/www.spaestonia.ee\/resort\/fi\/\",\"logo\":{\"@type\":\"ImageObject\",\"inLanguage\":\"fi\",\"@id\":\"https:\/\/www.spaestonia.ee\/resort\/fi\/#\/schema\/logo\/image\/\",\"url\":\"https:\/\/www.spaestonia.ee\/resort\/wp-content\/uploads\/2025\/02\/resort-hotel-estonia.png\",\"contentUrl\":\"https:\/\/www.spaestonia.ee\/resort\/wp-content\/uploads\/2025\/02\/resort-hotel-estonia.png\",\"width\":400,\"height\":173,\"caption\":\"ESTONIA Resort Hotel Spa\"},\"image\":{\"@id\":\"https:\/\/www.spaestonia.ee\/resort\/fi\/#\/schema\/logo\/image\/\"},\"sameAs\":[\"https:\/\/www.facebook.com\/EstoniaResortHotel\"]}]}<\/script>\n<!-- \/ Yoast SEO plugin. -->","yoast_head_json":{"title":"NOOT kahvila - ESTONIA Resort Hotel Spa","robots":{"index":"index","follow":"follow","max-snippet":"max-snippet:-1","max-image-preview":"max-image-preview:large","max-video-preview":"max-video-preview:-1"},"canonical":"https:\/\/www.spaestonia.ee\/resort\/fi\/ravintola\/noot-kahvila\/","og_locale":"fi_FI","og_type":"article","og_title":"NOOT kahvila - ESTONIA Resort Hotel Spa","og_description":"ESTONIA Resort Hotel &amp; Span NOOT-ravintolan kahvilassa tarjotaan salaattibuffet, p\u00e4iv\u00e4n keitto ja p\u00e4iv\u00e4n leivos. Tule&hellip;","og_url":"https:\/\/www.spaestonia.ee\/resort\/fi\/ravintola\/noot-kahvila\/","og_site_name":"ESTONIA Resort Hotel Spa","article_publisher":"https:\/\/www.facebook.com\/EstoniaResortHotel","article_modified_time":"2026-01-22T12:25:13+00:00","og_image":[{"url":"https:\/\/www.spaestonia.ee\/resort\/wp-content\/uploads\/2024\/04\/Kohvik-NOOT-10-300x300.jpg","type":"","width":"","height":""}],"twitter_card":"summary_large_image","twitter_misc":{"Arvioitu lukuaika":"1 minuutti"},"schema":{"@context":"https:\/\/schema.org","@graph":[{"@type":"WebPage","@id":"https:\/\/www.spaestonia.ee\/resort\/fi\/ravintola\/noot-kahvila\/","url":"https:\/\/www.spaestonia.ee\/resort\/fi\/ravintola\/noot-kahvila\/","name":"NOOT kahvila - ESTONIA Resort Hotel Spa","isPartOf":{"@id":"https:\/\/www.spaestonia.ee\/resort\/fi\/#website"},"primaryImageOfPage":{"@id":"https:\/\/www.spaestonia.ee\/resort\/fi\/ravintola\/noot-kahvila\/#primaryimage"},"image":{"@id":"https:\/\/www.spaestonia.ee\/resort\/fi\/ravintola\/noot-kahvila\/#primaryimage"},"thumbnailUrl":"http:\/\/www.spaestonia.ee\/resort\/wp-content\/uploads\/2016\/09\/FB-logo.jpg","datePublished":"2016-05-26T07:30:29+00:00","dateModified":"2026-01-22T12:25:13+00:00","breadcrumb":{"@id":"https:\/\/www.spaestonia.ee\/resort\/fi\/ravintola\/noot-kahvila\/#breadcrumb"},"inLanguage":"fi","potentialAction":[{"@type":"ReadAction","target":["https:\/\/www.spaestonia.ee\/resort\/fi\/ravintola\/noot-kahvila\/"]}]},{"@type":"ImageObject","inLanguage":"fi","@id":"https:\/\/www.spaestonia.ee\/resort\/fi\/ravintola\/noot-kahvila\/#primaryimage","url":"http:\/\/www.spaestonia.ee\/resort\/wp-content\/uploads\/2016\/09\/FB-logo.jpg","contentUrl":"http:\/\/www.spaestonia.ee\/resort\/wp-content\/uploads\/2016\/09\/FB-logo.jpg"},{"@type":"BreadcrumbList","@id":"https:\/\/www.spaestonia.ee\/resort\/fi\/ravintola\/noot-kahvila\/#breadcrumb","itemListElement":[{"@type":"ListItem","position":1,"name":"Home","item":"https:\/\/www.spaestonia.ee\/resort\/fi\/"},{"@type":"ListItem","position":2,"name":"Ravintola NOOT","item":"https:\/\/www.spaestonia.ee\/resort\/fi\/ravintola\/"},{"@type":"ListItem","position":3,"name":"NOOT kahvila"}]},{"@type":"WebSite","@id":"https:\/\/www.spaestonia.ee\/resort\/fi\/#website","url":"https:\/\/www.spaestonia.ee\/resort\/fi\/","name":"ESTONIA Resort Hotel Spa","description":"E-WoW","publisher":{"@id":"https:\/\/www.spaestonia.ee\/resort\/fi\/#organization"},"potentialAction":[{"@type":"SearchAction","target":{"@type":"EntryPoint","urlTemplate":"https:\/\/www.spaestonia.ee\/resort\/fi\/?s={search_term_string}"},"query-input":{"@type":"PropertyValueSpecification","valueRequired":true,"valueName":"search_term_string"}}],"inLanguage":"fi"},{"@type":"Organization","@id":"https:\/\/www.spaestonia.ee\/resort\/fi\/#organization","name":"ESTONIA Resort Hotel Spa","url":"https:\/\/www.spaestonia.ee\/resort\/fi\/","logo":{"@type":"ImageObject","inLanguage":"fi","@id":"https:\/\/www.spaestonia.ee\/resort\/fi\/#\/schema\/logo\/image\/","url":"https:\/\/www.spaestonia.ee\/resort\/wp-content\/uploads\/2025\/02\/resort-hotel-estonia.png","contentUrl":"https:\/\/www.spaestonia.ee\/resort\/wp-content\/uploads\/2025\/02\/resort-hotel-estonia.png","width":400,"height":173,"caption":"ESTONIA Resort Hotel Spa"},"image":{"@id":"https:\/\/www.spaestonia.ee\/resort\/fi\/#\/schema\/logo\/image\/"},"sameAs":["https:\/\/www.facebook.com\/EstoniaResortHotel"]}]}},"_links":{"self":[{"href":"https:\/\/www.spaestonia.ee\/resort\/fi\/wp-json\/wp\/v2\/pages\/8600","targetHints":{"allow":["GET"]}}],"collection":[{"href":"https:\/\/www.spaestonia.ee\/resort\/fi\/wp-json\/wp\/v2\/pages"}],"about":[{"href":"https:\/\/www.spaestonia.ee\/resort\/fi\/wp-json\/wp\/v2\/types\/page"}],"author":[{"embeddable":true,"href":"https:\/\/www.spaestonia.ee\/resort\/fi\/wp-json\/wp\/v2\/users\/1"}],"replies":[{"embeddable":true,"href":"https:\/\/www.spaestonia.ee\/resort\/fi\/wp-json\/wp\/v2\/comments?post=8600"}],"version-history":[{"count":82,"href":"https:\/\/www.spaestonia.ee\/resort\/fi\/wp-json\/wp\/v2\/pages\/8600\/revisions"}],"predecessor-version":[{"id":46187,"href":"https:\/\/www.spaestonia.ee\/resort\/fi\/wp-json\/wp\/v2\/pages\/8600\/revisions\/46187"}],"up":[{"embeddable":true,"href":"https:\/\/www.spaestonia.ee\/resort\/fi\/wp-json\/wp\/v2\/pages\/483"}],"wp:attachment":[{"href":"https:\/\/www.spaestonia.ee\/resort\/fi\/wp-json\/wp\/v2\/media?parent=8600"}],"curies":[{"name":"wp","href":"https:\/\/api.w.org\/{rel}","templated":true}]}}