{"id":11580,"date":"2016-11-24T12:39:44","date_gmt":"2016-11-24T10:39:44","guid":{"rendered":"https:\/\/www.spaestonia.ee\/resort\/?page_id=11580"},"modified":"2019-04-26T16:15:33","modified_gmt":"2019-04-26T13:15:33","slug":"european-top-coffee-masters-met-in-parnu-estonia","status":"publish","type":"page","link":"https:\/\/www.spaestonia.ee\/resort\/european-top-coffee-masters-met-in-parnu-estonia\/","title":{"rendered":"P\u00e4rnus toimusid Euroopa kohvimeistrite kaks tipps\u00fcndmust"},"content":{"rendered":"<p><img loading=\"lazy\" decoding=\"async\" class=\"alignright wp-image-11586\" src=\"https:\/\/www.spaestonia.ee\/resort\/wp-content\/uploads\/2016\/11\/roaster-camp-fb-st-900px-2.jpg\" alt=\"Coffee Masters in P\u00e4rnu\" width=\"450\" height=\"300\" srcset=\"https:\/\/www.spaestonia.ee\/resort\/wp-content\/uploads\/2016\/11\/roaster-camp-fb-st-900px-2.jpg 900w, https:\/\/www.spaestonia.ee\/resort\/wp-content\/uploads\/2016\/11\/roaster-camp-fb-st-900px-2-300x200.jpg 300w, https:\/\/www.spaestonia.ee\/resort\/wp-content\/uploads\/2016\/11\/roaster-camp-fb-st-900px-2-768x512.jpg 768w, https:\/\/www.spaestonia.ee\/resort\/wp-content\/uploads\/2016\/11\/roaster-camp-fb-st-900px-2-837x557.jpg 837w\" sizes=\"auto, (max-width: 450px) 100vw, 450px\" \/>2016. a oktoobri alguses toimus P\u00e4rnu uues spaa- ja konverentsihotellis Estonia Resort Hotel &amp; Spa 4* kaks rahvusvahelist konverentsi.<\/p>\n<ul>\n<li>6.-8. oktoobril 2016 toimus <a href=\"http:\/\/roasterguildofeurope.com\/roaster-camp\/16-estonia\/\" target=\"_blank\">Roaster Camp 2016<\/a>, 130 Euroopa parimat kohvir\u00f6stijat jagasid kogemusi, korraldasid r\u00f6stimiskoolitusi ja v\u00f5idur\u00f6stimisi. Euroopa kohvir\u00f6stijate tipps\u00fcndmus toimus esimest korda, korraldajaks oli Roaster Guild of Europe ning korraldajate s\u00f5nul j\u00e4tkatakse Roaster Camp&#8217;iga ka j\u00e4rgnevatel aastatel.<\/li>\n<li>10.-13. oktoobril 2016 oli kogu hotellikompleks h\u00f5ivatud enam kui 180 barista ja kohviprofessionaali poolt 26 erinevast riigist &#8211; toimus <a href=\"http:\/\/www.baristaguildofeurope.com\/bc16b\/\" target=\"_blank\">Barista Camp 2016<\/a>. Baristade aasta tipps\u00fcndmust korraldab Barista Guild of Europe. Barista Camp on iga-aastane \u00fcle-euroopaline kogunemine, mis 2014 toimus Kreeka pealinnas Ateenas, 2015 Itaalia kuurortlinnas Ricciones. P\u00e4rnu ja Estonia Resort Hotel &amp; Spa 4* valiti v\u00e4lja 44 kandidaadi hulgast, kus l\u00f5ppvoorus konkureeriti selliste Euroopa suurlinnadega nagu Kopenhaagen, G\u00f6teborg ja Vilnius.<\/li>\n<\/ul>\n<p>M\u00f5lemad \u00fcritused keskendusid oma ala professionaalide koolitustele ja ideede ning kogemuste jagamisele, toimusid loengud ja esitlused. Kohal olid Euroopa kohvivaldkonna tippspetsialistid\u00a0 ning loomulikult kuulusid programmi juurde h\u00f5rgud kohvimaitsed ja \u2013l\u00f5hnad. Esmakordselt ajaloos oli kohvimeistritel v\u00f5imalus \u00f5htune pidu korraldada basseinipeona hotelli spaa- ja saunakeskuses &#8211; suurep\u00e4rane l\u00f5petus pingelistele koolitusp\u00e4evadele!<\/p>\n<p><strong><img loading=\"lazy\" decoding=\"async\" class=\"alignright wp-image-11582\" src=\"https:\/\/www.spaestonia.ee\/resort\/wp-content\/uploads\/2016\/11\/roaster-camp-fb-st-900px-1.jpg\" alt=\"Estonia Resort Hotel\" width=\"451\" height=\"301\" srcset=\"https:\/\/www.spaestonia.ee\/resort\/wp-content\/uploads\/2016\/11\/roaster-camp-fb-st-900px-1.jpg 900w, https:\/\/www.spaestonia.ee\/resort\/wp-content\/uploads\/2016\/11\/roaster-camp-fb-st-900px-1-300x200.jpg 300w, https:\/\/www.spaestonia.ee\/resort\/wp-content\/uploads\/2016\/11\/roaster-camp-fb-st-900px-1-768x513.jpg 768w, https:\/\/www.spaestonia.ee\/resort\/wp-content\/uploads\/2016\/11\/roaster-camp-fb-st-900px-1-837x557.jpg 837w\" sizes=\"auto, (max-width: 451px) 100vw, 451px\" \/><\/strong>Kahe tipp-s\u00fcndmuse P\u00e4rnusse toomisel oli abiks Eesti Konverentsib\u00fcroo, kes oli korraldajatele esimeseks kontaktiks ja toetas n\u00f5u ja j\u00f5uga ka edasist korraldust, ning P\u00e4rnu linn, kes toetas transfeeride korraldamist Tallinna ja Riia lennujaamadest. Kogemuse v\u00f5rra rikkamaks said vabatahtlikena t\u00f6\u00f6tanud Tartu \u00dclikooli P\u00e4rnu Kolled\u017ei tudengid ja Koidula G\u00fcmnaasiumi \u00f5pilased, kes muutsid lennujaamatransfeerid osalejatele meeldivaks ja sujuvaks.<\/p>\n<p>Kohvioad, mis r\u00f6stimisest \u00fcle j\u00e4id, annetati P\u00e4rnu Eakate Avahoolduskeskusele.<\/p>\n<p>Euroopa tipp-r\u00f6stijate komplimendina kohalikele kohvihuvilistele toimus ka tasuta kohviteemaline eri\u00fcritus, kus r\u00e4\u00e4giti p\u00f5nevast teekonnast, mille kohv l\u00e4bib oast tassini ning tuvustati &#8220;cuppingut&#8221; ehk kohvi maitsmise tehnikat.<\/p>\n<p>Lisainfo:<br \/>\nAve Pill, Estonia Resort Hotel &amp; Spa m\u00fc\u00fcgi- ja turundusjuht, tel 372 5232 295, <a href=\"mailto:ave@spaestonia.ee\">ave@spaestonia.ee<\/a><\/p>\n<div class='gallery-article'><ul id='gallery-article0' class='list gallery-list galleryid-0 gallery-columns-3 gallery-size-thumbnail'><li class='gallery-item'>\n\t\t<p class='gallery-icon'>\n\t\t<a href='https:\/\/www.spaestonia.ee\/resort\/wp-content\/uploads\/2016\/11\/coffeemasters6.jpg' title=\"\" data-rl_title=\"\" class=\"rl-gallery-link\" data-rl_caption=\"\" data-rel=\"lightbox-gallery-0\"><img loading=\"lazy\" decoding=\"async\" width=\"300\" height=\"300\" src=\"https:\/\/www.spaestonia.ee\/resort\/wp-content\/uploads\/2016\/11\/coffeemasters6-300x300.jpg\" class=\"attachment-thumbnail size-thumbnail\" alt=\"\" srcset=\"https:\/\/www.spaestonia.ee\/resort\/wp-content\/uploads\/2016\/11\/coffeemasters6-300x300.jpg 300w, https:\/\/www.spaestonia.ee\/resort\/wp-content\/uploads\/2016\/11\/coffeemasters6-181x181.jpg 181w\" sizes=\"auto, (max-width: 300px) 100vw, 300px\" \/><\/a>\n\t\t<\/p><\/li><li class='gallery-item'>\n\t\t<p class='gallery-icon'>\n\t\t<a href='https:\/\/www.spaestonia.ee\/resort\/wp-content\/uploads\/2016\/11\/coffeemasters11.jpg' title=\"\" data-rl_title=\"\" class=\"rl-gallery-link\" data-rl_caption=\"\" data-rel=\"lightbox-gallery-0\"><img loading=\"lazy\" decoding=\"async\" width=\"300\" height=\"300\" src=\"https:\/\/www.spaestonia.ee\/resort\/wp-content\/uploads\/2016\/11\/coffeemasters11-300x300.jpg\" class=\"attachment-thumbnail size-thumbnail\" alt=\"\" srcset=\"https:\/\/www.spaestonia.ee\/resort\/wp-content\/uploads\/2016\/11\/coffeemasters11-300x300.jpg 300w, https:\/\/www.spaestonia.ee\/resort\/wp-content\/uploads\/2016\/11\/coffeemasters11-181x181.jpg 181w\" sizes=\"auto, (max-width: 300px) 100vw, 300px\" \/><\/a>\n\t\t<\/p><\/li><li class='gallery-item'>\n\t\t<p class='gallery-icon'>\n\t\t<a href='https:\/\/www.spaestonia.ee\/resort\/wp-content\/uploads\/2016\/11\/coffeemasters3.jpg' title=\"\" data-rl_title=\"\" class=\"rl-gallery-link\" data-rl_caption=\"\" data-rel=\"lightbox-gallery-0\"><img loading=\"lazy\" decoding=\"async\" width=\"300\" height=\"300\" src=\"https:\/\/www.spaestonia.ee\/resort\/wp-content\/uploads\/2016\/11\/coffeemasters3-300x300.jpg\" class=\"attachment-thumbnail size-thumbnail\" alt=\"\" srcset=\"https:\/\/www.spaestonia.ee\/resort\/wp-content\/uploads\/2016\/11\/coffeemasters3-300x300.jpg 300w, https:\/\/www.spaestonia.ee\/resort\/wp-content\/uploads\/2016\/11\/coffeemasters3-181x181.jpg 181w\" sizes=\"auto, (max-width: 300px) 100vw, 300px\" \/><\/a>\n\t\t<\/p><\/li><li class='gallery-item'>\n\t\t<p class='gallery-icon'>\n\t\t<a href='https:\/\/www.spaestonia.ee\/resort\/wp-content\/uploads\/2016\/11\/coffeemaster5.jpg' title=\"\" data-rl_title=\"\" class=\"rl-gallery-link\" data-rl_caption=\"\" data-rel=\"lightbox-gallery-0\"><img loading=\"lazy\" decoding=\"async\" width=\"300\" height=\"300\" src=\"https:\/\/www.spaestonia.ee\/resort\/wp-content\/uploads\/2016\/11\/coffeemaster5-300x300.jpg\" class=\"attachment-thumbnail size-thumbnail\" alt=\"\" srcset=\"https:\/\/www.spaestonia.ee\/resort\/wp-content\/uploads\/2016\/11\/coffeemaster5-300x300.jpg 300w, https:\/\/www.spaestonia.ee\/resort\/wp-content\/uploads\/2016\/11\/coffeemaster5-181x181.jpg 181w\" sizes=\"auto, (max-width: 300px) 100vw, 300px\" \/><\/a>\n\t\t<\/p><\/li><li class='gallery-item'>\n\t\t<p class='gallery-icon'>\n\t\t<a href='https:\/\/www.spaestonia.ee\/resort\/wp-content\/uploads\/2016\/11\/coffeemasters14.jpg' title=\"\" data-rl_title=\"\" class=\"rl-gallery-link\" data-rl_caption=\"\" data-rel=\"lightbox-gallery-0\"><img loading=\"lazy\" decoding=\"async\" width=\"300\" height=\"300\" src=\"https:\/\/www.spaestonia.ee\/resort\/wp-content\/uploads\/2016\/11\/coffeemasters14-300x300.jpg\" class=\"attachment-thumbnail size-thumbnail\" alt=\"\" srcset=\"https:\/\/www.spaestonia.ee\/resort\/wp-content\/uploads\/2016\/11\/coffeemasters14-300x300.jpg 300w, https:\/\/www.spaestonia.ee\/resort\/wp-content\/uploads\/2016\/11\/coffeemasters14-181x181.jpg 181w\" sizes=\"auto, (max-width: 300px) 100vw, 300px\" \/><\/a>\n\t\t<\/p><\/li><li class='gallery-item'>\n\t\t<p class='gallery-icon'>\n\t\t<a href='https:\/\/www.spaestonia.ee\/resort\/wp-content\/uploads\/2016\/11\/coffeemasters15.jpg' title=\"\" data-rl_title=\"\" class=\"rl-gallery-link\" data-rl_caption=\"\" data-rel=\"lightbox-gallery-0\"><img loading=\"lazy\" decoding=\"async\" width=\"300\" height=\"300\" src=\"https:\/\/www.spaestonia.ee\/resort\/wp-content\/uploads\/2016\/11\/coffeemasters15-300x300.jpg\" class=\"attachment-thumbnail size-thumbnail\" alt=\"\" srcset=\"https:\/\/www.spaestonia.ee\/resort\/wp-content\/uploads\/2016\/11\/coffeemasters15-300x300.jpg 300w, https:\/\/www.spaestonia.ee\/resort\/wp-content\/uploads\/2016\/11\/coffeemasters15-181x181.jpg 181w\" sizes=\"auto, (max-width: 300px) 100vw, 300px\" \/><\/a>\n\t\t<\/p><\/li><li class='gallery-item'>\n\t\t<p class='gallery-icon'>\n\t\t<a href='https:\/\/www.spaestonia.ee\/resort\/wp-content\/uploads\/2016\/11\/coffeemasters7.jpg' title=\"\" data-rl_title=\"\" class=\"rl-gallery-link\" data-rl_caption=\"\" data-rel=\"lightbox-gallery-0\"><img loading=\"lazy\" decoding=\"async\" width=\"300\" height=\"300\" src=\"https:\/\/www.spaestonia.ee\/resort\/wp-content\/uploads\/2016\/11\/coffeemasters7-300x300.jpg\" class=\"attachment-thumbnail size-thumbnail\" alt=\"\" srcset=\"https:\/\/www.spaestonia.ee\/resort\/wp-content\/uploads\/2016\/11\/coffeemasters7-300x300.jpg 300w, https:\/\/www.spaestonia.ee\/resort\/wp-content\/uploads\/2016\/11\/coffeemasters7-181x181.jpg 181w\" sizes=\"auto, (max-width: 300px) 100vw, 300px\" \/><\/a>\n\t\t<\/p><\/li><li class='gallery-item'>\n\t\t<p class='gallery-icon'>\n\t\t<a href='https:\/\/www.spaestonia.ee\/resort\/wp-content\/uploads\/2016\/11\/coffeemasters8.jpg' title=\"\" data-rl_title=\"\" class=\"rl-gallery-link\" data-rl_caption=\"\" data-rel=\"lightbox-gallery-0\"><img loading=\"lazy\" decoding=\"async\" width=\"300\" height=\"300\" src=\"https:\/\/www.spaestonia.ee\/resort\/wp-content\/uploads\/2016\/11\/coffeemasters8-300x300.jpg\" class=\"attachment-thumbnail size-thumbnail\" alt=\"\" srcset=\"https:\/\/www.spaestonia.ee\/resort\/wp-content\/uploads\/2016\/11\/coffeemasters8-300x300.jpg 300w, https:\/\/www.spaestonia.ee\/resort\/wp-content\/uploads\/2016\/11\/coffeemasters8-181x181.jpg 181w\" sizes=\"auto, (max-width: 300px) 100vw, 300px\" \/><\/a>\n\t\t<\/p><\/li><li class='gallery-item'>\n\t\t<p class='gallery-icon'>\n\t\t<a href='https:\/\/www.spaestonia.ee\/resort\/wp-content\/uploads\/2016\/11\/coffeemasters9.jpg' title=\"\" data-rl_title=\"\" class=\"rl-gallery-link\" data-rl_caption=\"\" data-rel=\"lightbox-gallery-0\"><img loading=\"lazy\" decoding=\"async\" width=\"300\" height=\"300\" src=\"https:\/\/www.spaestonia.ee\/resort\/wp-content\/uploads\/2016\/11\/coffeemasters9-300x300.jpg\" class=\"attachment-thumbnail size-thumbnail\" alt=\"\" srcset=\"https:\/\/www.spaestonia.ee\/resort\/wp-content\/uploads\/2016\/11\/coffeemasters9-300x300.jpg 300w, https:\/\/www.spaestonia.ee\/resort\/wp-content\/uploads\/2016\/11\/coffeemasters9-181x181.jpg 181w\" sizes=\"auto, (max-width: 300px) 100vw, 300px\" \/><\/a>\n\t\t<\/p><\/li><li class='gallery-item'>\n\t\t<p class='gallery-icon'>\n\t\t<a href='https:\/\/www.spaestonia.ee\/resort\/wp-content\/uploads\/2016\/11\/coffeemasters1.jpg' title=\"\" data-rl_title=\"\" class=\"rl-gallery-link\" data-rl_caption=\"\" data-rel=\"lightbox-gallery-0\"><img loading=\"lazy\" decoding=\"async\" width=\"300\" height=\"300\" src=\"https:\/\/www.spaestonia.ee\/resort\/wp-content\/uploads\/2016\/11\/coffeemasters1-300x300.jpg\" class=\"attachment-thumbnail size-thumbnail\" alt=\"\" srcset=\"https:\/\/www.spaestonia.ee\/resort\/wp-content\/uploads\/2016\/11\/coffeemasters1-300x300.jpg 300w, https:\/\/www.spaestonia.ee\/resort\/wp-content\/uploads\/2016\/11\/coffeemasters1-181x181.jpg 181w\" sizes=\"auto, (max-width: 300px) 100vw, 300px\" \/><\/a>\n\t\t<\/p><\/li><li class='gallery-item'>\n\t\t<p class='gallery-icon'>\n\t\t<a href='https:\/\/www.spaestonia.ee\/resort\/wp-content\/uploads\/2016\/11\/coffeemasters12.jpg' title=\"\" data-rl_title=\"\" class=\"rl-gallery-link\" data-rl_caption=\"\" data-rel=\"lightbox-gallery-0\"><img loading=\"lazy\" decoding=\"async\" width=\"300\" height=\"300\" src=\"https:\/\/www.spaestonia.ee\/resort\/wp-content\/uploads\/2016\/11\/coffeemasters12-300x300.jpg\" class=\"attachment-thumbnail size-thumbnail\" alt=\"\" srcset=\"https:\/\/www.spaestonia.ee\/resort\/wp-content\/uploads\/2016\/11\/coffeemasters12-300x300.jpg 300w, https:\/\/www.spaestonia.ee\/resort\/wp-content\/uploads\/2016\/11\/coffeemasters12-181x181.jpg 181w\" sizes=\"auto, (max-width: 300px) 100vw, 300px\" \/><\/a>\n\t\t<\/p><\/li><li class='gallery-item'>\n\t\t<p class='gallery-icon'>\n\t\t<a href='https:\/\/www.spaestonia.ee\/resort\/wp-content\/uploads\/2016\/11\/coffeemasters4.jpg' title=\"\" data-rl_title=\"\" class=\"rl-gallery-link\" data-rl_caption=\"\" data-rel=\"lightbox-gallery-0\"><img loading=\"lazy\" decoding=\"async\" width=\"300\" height=\"300\" src=\"https:\/\/www.spaestonia.ee\/resort\/wp-content\/uploads\/2016\/11\/coffeemasters4-300x300.jpg\" class=\"attachment-thumbnail size-thumbnail\" alt=\"\" srcset=\"https:\/\/www.spaestonia.ee\/resort\/wp-content\/uploads\/2016\/11\/coffeemasters4-300x300.jpg 300w, https:\/\/www.spaestonia.ee\/resort\/wp-content\/uploads\/2016\/11\/coffeemasters4-181x181.jpg 181w\" sizes=\"auto, (max-width: 300px) 100vw, 300px\" \/><\/a>\n\t\t<\/p><\/li><li class='gallery-item'>\n\t\t<p class='gallery-icon'>\n\t\t<a href='https:\/\/www.spaestonia.ee\/resort\/wp-content\/uploads\/2016\/11\/coffeemasters10.jpg' title=\"\" data-rl_title=\"\" class=\"rl-gallery-link\" data-rl_caption=\"\" data-rel=\"lightbox-gallery-0\"><img loading=\"lazy\" decoding=\"async\" width=\"300\" height=\"300\" src=\"https:\/\/www.spaestonia.ee\/resort\/wp-content\/uploads\/2016\/11\/coffeemasters10-300x300.jpg\" class=\"attachment-thumbnail size-thumbnail\" alt=\"\" srcset=\"https:\/\/www.spaestonia.ee\/resort\/wp-content\/uploads\/2016\/11\/coffeemasters10-300x300.jpg 300w, https:\/\/www.spaestonia.ee\/resort\/wp-content\/uploads\/2016\/11\/coffeemasters10-181x181.jpg 181w\" sizes=\"auto, (max-width: 300px) 100vw, 300px\" \/><\/a>\n\t\t<\/p><\/li><li class='gallery-item'>\n\t\t<p class='gallery-icon'>\n\t\t<a href='https:\/\/www.spaestonia.ee\/resort\/wp-content\/uploads\/2016\/11\/coffeemasters13.jpg' title=\"\" data-rl_title=\"\" class=\"rl-gallery-link\" data-rl_caption=\"\" data-rel=\"lightbox-gallery-0\"><img loading=\"lazy\" decoding=\"async\" width=\"300\" height=\"300\" src=\"https:\/\/www.spaestonia.ee\/resort\/wp-content\/uploads\/2016\/11\/coffeemasters13-300x300.jpg\" class=\"attachment-thumbnail size-thumbnail\" alt=\"\" srcset=\"https:\/\/www.spaestonia.ee\/resort\/wp-content\/uploads\/2016\/11\/coffeemasters13-300x300.jpg 300w, https:\/\/www.spaestonia.ee\/resort\/wp-content\/uploads\/2016\/11\/coffeemasters13-181x181.jpg 181w\" sizes=\"auto, (max-width: 300px) 100vw, 300px\" \/><\/a>\n\t\t<\/p><\/li><li class='gallery-item'>\n\t\t<p class='gallery-icon'>\n\t\t<a href='https:\/\/www.spaestonia.ee\/resort\/wp-content\/uploads\/2016\/11\/coffemasters2.jpg' title=\"\" data-rl_title=\"\" class=\"rl-gallery-link\" data-rl_caption=\"\" data-rel=\"lightbox-gallery-0\"><img loading=\"lazy\" decoding=\"async\" width=\"300\" height=\"300\" src=\"https:\/\/www.spaestonia.ee\/resort\/wp-content\/uploads\/2016\/11\/coffemasters2-300x300.jpg\" class=\"attachment-thumbnail size-thumbnail\" alt=\"\" srcset=\"https:\/\/www.spaestonia.ee\/resort\/wp-content\/uploads\/2016\/11\/coffemasters2-300x300.jpg 300w, https:\/\/www.spaestonia.ee\/resort\/wp-content\/uploads\/2016\/11\/coffemasters2-181x181.jpg 181w\" sizes=\"auto, (max-width: 300px) 100vw, 300px\" \/><\/a>\n\t\t<\/p><\/li><\/ul>\n<\/div>\n\n<p>&nbsp;<\/p>\n","protected":false},"excerpt":{"rendered":"<p>2016. a oktoobri alguses toimus P\u00e4rnu uues spaa- ja konverentsihotellis Estonia Resort Hotel &amp; Spa&hellip;<\/p>\n","protected":false},"author":1,"featured_media":0,"parent":0,"menu_order":0,"comment_status":"closed","ping_status":"closed","template":"","meta":{"footnotes":""},"class_list":["post-11580","page","type-page","status-publish","hentry"],"yoast_head":"<!-- This site is optimized with the Yoast SEO plugin v26.7 - https:\/\/yoast.com\/wordpress\/plugins\/seo\/ -->\n<title>P\u00e4rnus toimusid Euroopa kohvimeistrite kaks tipps\u00fcndmust - ESTONIA Resort Hotel Spa<\/title>\n<meta name=\"robots\" content=\"index, follow, max-snippet:-1, max-image-preview:large, max-video-preview:-1\" \/>\n<link rel=\"canonical\" href=\"https:\/\/www.spaestonia.ee\/resort\/european-top-coffee-masters-met-in-parnu-estonia\/\" \/>\n<meta property=\"og:locale\" content=\"et_EE\" \/>\n<meta property=\"og:type\" content=\"article\" \/>\n<meta property=\"og:title\" content=\"P\u00e4rnus toimusid Euroopa kohvimeistrite kaks tipps\u00fcndmust - ESTONIA Resort Hotel Spa\" \/>\n<meta property=\"og:description\" content=\"2016. a oktoobri alguses toimus P\u00e4rnu uues spaa- ja konverentsihotellis Estonia Resort Hotel &amp; Spa&hellip;\" \/>\n<meta property=\"og:url\" content=\"https:\/\/www.spaestonia.ee\/resort\/european-top-coffee-masters-met-in-parnu-estonia\/\" \/>\n<meta property=\"og:site_name\" content=\"ESTONIA Resort Hotel Spa\" \/>\n<meta property=\"article:publisher\" content=\"https:\/\/www.facebook.com\/EstoniaResortHotel\" \/>\n<meta property=\"article:modified_time\" content=\"2019-04-26T13:15:33+00:00\" \/>\n<meta property=\"og:image\" content=\"https:\/\/www.spaestonia.ee\/resort\/wp-content\/uploads\/2016\/11\/coffeemasters6-300x300.jpg\" \/>\n<meta name=\"twitter:card\" content=\"summary_large_image\" \/>\n<meta name=\"twitter:label1\" content=\"Est. reading time\" \/>\n\t<meta name=\"twitter:data1\" content=\"2 minutit\" \/>\n<script type=\"application\/ld+json\" class=\"yoast-schema-graph\">{\"@context\":\"https:\/\/schema.org\",\"@graph\":[{\"@type\":\"WebPage\",\"@id\":\"https:\/\/www.spaestonia.ee\/resort\/european-top-coffee-masters-met-in-parnu-estonia\/\",\"url\":\"https:\/\/www.spaestonia.ee\/resort\/european-top-coffee-masters-met-in-parnu-estonia\/\",\"name\":\"P\u00e4rnus toimusid Euroopa kohvimeistrite kaks tipps\u00fcndmust - ESTONIA Resort Hotel Spa\",\"isPartOf\":{\"@id\":\"https:\/\/www.spaestonia.ee\/resort\/#website\"},\"primaryImageOfPage\":{\"@id\":\"https:\/\/www.spaestonia.ee\/resort\/european-top-coffee-masters-met-in-parnu-estonia\/#primaryimage\"},\"image\":{\"@id\":\"https:\/\/www.spaestonia.ee\/resort\/european-top-coffee-masters-met-in-parnu-estonia\/#primaryimage\"},\"thumbnailUrl\":\"https:\/\/www.spaestonia.ee\/resort\/wp-content\/uploads\/2016\/11\/roaster-camp-fb-st-900px-2.jpg\",\"datePublished\":\"2016-11-24T10:39:44+00:00\",\"dateModified\":\"2019-04-26T13:15:33+00:00\",\"breadcrumb\":{\"@id\":\"https:\/\/www.spaestonia.ee\/resort\/european-top-coffee-masters-met-in-parnu-estonia\/#breadcrumb\"},\"inLanguage\":\"et\",\"potentialAction\":[{\"@type\":\"ReadAction\",\"target\":[\"https:\/\/www.spaestonia.ee\/resort\/european-top-coffee-masters-met-in-parnu-estonia\/\"]}]},{\"@type\":\"ImageObject\",\"inLanguage\":\"et\",\"@id\":\"https:\/\/www.spaestonia.ee\/resort\/european-top-coffee-masters-met-in-parnu-estonia\/#primaryimage\",\"url\":\"https:\/\/www.spaestonia.ee\/resort\/wp-content\/uploads\/2016\/11\/roaster-camp-fb-st-900px-2.jpg\",\"contentUrl\":\"https:\/\/www.spaestonia.ee\/resort\/wp-content\/uploads\/2016\/11\/roaster-camp-fb-st-900px-2.jpg\",\"width\":900,\"height\":600,\"caption\":\"Coffee Masters in P\u00e4rnu\"},{\"@type\":\"BreadcrumbList\",\"@id\":\"https:\/\/www.spaestonia.ee\/resort\/european-top-coffee-masters-met-in-parnu-estonia\/#breadcrumb\",\"itemListElement\":[{\"@type\":\"ListItem\",\"position\":1,\"name\":\"Home\",\"item\":\"https:\/\/www.spaestonia.ee\/resort\/\"},{\"@type\":\"ListItem\",\"position\":2,\"name\":\"P\u00e4rnus toimusid Euroopa kohvimeistrite kaks tipps\u00fcndmust\"}]},{\"@type\":\"WebSite\",\"@id\":\"https:\/\/www.spaestonia.ee\/resort\/#website\",\"url\":\"https:\/\/www.spaestonia.ee\/resort\/\",\"name\":\"ESTONIA Resort Hotel Spa\",\"description\":\"Your destination in P\u00e4rnu for wellness and events\",\"publisher\":{\"@id\":\"https:\/\/www.spaestonia.ee\/resort\/#organization\"},\"potentialAction\":[{\"@type\":\"SearchAction\",\"target\":{\"@type\":\"EntryPoint\",\"urlTemplate\":\"https:\/\/www.spaestonia.ee\/resort\/?s={search_term_string}\"},\"query-input\":{\"@type\":\"PropertyValueSpecification\",\"valueRequired\":true,\"valueName\":\"search_term_string\"}}],\"inLanguage\":\"et\"},{\"@type\":\"Organization\",\"@id\":\"https:\/\/www.spaestonia.ee\/resort\/#organization\",\"name\":\"ESTONIA Resort Hotel Spa\",\"url\":\"https:\/\/www.spaestonia.ee\/resort\/\",\"logo\":{\"@type\":\"ImageObject\",\"inLanguage\":\"et\",\"@id\":\"https:\/\/www.spaestonia.ee\/resort\/#\/schema\/logo\/image\/\",\"url\":\"https:\/\/www.spaestonia.ee\/resort\/wp-content\/uploads\/2025\/02\/resort-hotel-estonia.png\",\"contentUrl\":\"https:\/\/www.spaestonia.ee\/resort\/wp-content\/uploads\/2025\/02\/resort-hotel-estonia.png\",\"width\":400,\"height\":173,\"caption\":\"ESTONIA Resort Hotel Spa\"},\"image\":{\"@id\":\"https:\/\/www.spaestonia.ee\/resort\/#\/schema\/logo\/image\/\"},\"sameAs\":[\"https:\/\/www.facebook.com\/EstoniaResortHotel\"]}]}<\/script>\n<!-- \/ Yoast SEO plugin. -->","yoast_head_json":{"title":"P\u00e4rnus toimusid Euroopa kohvimeistrite kaks tipps\u00fcndmust - ESTONIA Resort Hotel Spa","robots":{"index":"index","follow":"follow","max-snippet":"max-snippet:-1","max-image-preview":"max-image-preview:large","max-video-preview":"max-video-preview:-1"},"canonical":"https:\/\/www.spaestonia.ee\/resort\/european-top-coffee-masters-met-in-parnu-estonia\/","og_locale":"et_EE","og_type":"article","og_title":"P\u00e4rnus toimusid Euroopa kohvimeistrite kaks tipps\u00fcndmust - ESTONIA Resort Hotel Spa","og_description":"2016. a oktoobri alguses toimus P\u00e4rnu uues spaa- ja konverentsihotellis Estonia Resort Hotel &amp; Spa&hellip;","og_url":"https:\/\/www.spaestonia.ee\/resort\/european-top-coffee-masters-met-in-parnu-estonia\/","og_site_name":"ESTONIA Resort Hotel Spa","article_publisher":"https:\/\/www.facebook.com\/EstoniaResortHotel","article_modified_time":"2019-04-26T13:15:33+00:00","og_image":[{"url":"https:\/\/www.spaestonia.ee\/resort\/wp-content\/uploads\/2016\/11\/coffeemasters6-300x300.jpg","type":"","width":"","height":""}],"twitter_card":"summary_large_image","twitter_misc":{"Est. reading time":"2 minutit"},"schema":{"@context":"https:\/\/schema.org","@graph":[{"@type":"WebPage","@id":"https:\/\/www.spaestonia.ee\/resort\/european-top-coffee-masters-met-in-parnu-estonia\/","url":"https:\/\/www.spaestonia.ee\/resort\/european-top-coffee-masters-met-in-parnu-estonia\/","name":"P\u00e4rnus toimusid Euroopa kohvimeistrite kaks tipps\u00fcndmust - ESTONIA Resort Hotel Spa","isPartOf":{"@id":"https:\/\/www.spaestonia.ee\/resort\/#website"},"primaryImageOfPage":{"@id":"https:\/\/www.spaestonia.ee\/resort\/european-top-coffee-masters-met-in-parnu-estonia\/#primaryimage"},"image":{"@id":"https:\/\/www.spaestonia.ee\/resort\/european-top-coffee-masters-met-in-parnu-estonia\/#primaryimage"},"thumbnailUrl":"https:\/\/www.spaestonia.ee\/resort\/wp-content\/uploads\/2016\/11\/roaster-camp-fb-st-900px-2.jpg","datePublished":"2016-11-24T10:39:44+00:00","dateModified":"2019-04-26T13:15:33+00:00","breadcrumb":{"@id":"https:\/\/www.spaestonia.ee\/resort\/european-top-coffee-masters-met-in-parnu-estonia\/#breadcrumb"},"inLanguage":"et","potentialAction":[{"@type":"ReadAction","target":["https:\/\/www.spaestonia.ee\/resort\/european-top-coffee-masters-met-in-parnu-estonia\/"]}]},{"@type":"ImageObject","inLanguage":"et","@id":"https:\/\/www.spaestonia.ee\/resort\/european-top-coffee-masters-met-in-parnu-estonia\/#primaryimage","url":"https:\/\/www.spaestonia.ee\/resort\/wp-content\/uploads\/2016\/11\/roaster-camp-fb-st-900px-2.jpg","contentUrl":"https:\/\/www.spaestonia.ee\/resort\/wp-content\/uploads\/2016\/11\/roaster-camp-fb-st-900px-2.jpg","width":900,"height":600,"caption":"Coffee Masters in P\u00e4rnu"},{"@type":"BreadcrumbList","@id":"https:\/\/www.spaestonia.ee\/resort\/european-top-coffee-masters-met-in-parnu-estonia\/#breadcrumb","itemListElement":[{"@type":"ListItem","position":1,"name":"Home","item":"https:\/\/www.spaestonia.ee\/resort\/"},{"@type":"ListItem","position":2,"name":"P\u00e4rnus toimusid Euroopa kohvimeistrite kaks tipps\u00fcndmust"}]},{"@type":"WebSite","@id":"https:\/\/www.spaestonia.ee\/resort\/#website","url":"https:\/\/www.spaestonia.ee\/resort\/","name":"ESTONIA Resort Hotel Spa","description":"Your destination in P\u00e4rnu for wellness and events","publisher":{"@id":"https:\/\/www.spaestonia.ee\/resort\/#organization"},"potentialAction":[{"@type":"SearchAction","target":{"@type":"EntryPoint","urlTemplate":"https:\/\/www.spaestonia.ee\/resort\/?s={search_term_string}"},"query-input":{"@type":"PropertyValueSpecification","valueRequired":true,"valueName":"search_term_string"}}],"inLanguage":"et"},{"@type":"Organization","@id":"https:\/\/www.spaestonia.ee\/resort\/#organization","name":"ESTONIA Resort Hotel Spa","url":"https:\/\/www.spaestonia.ee\/resort\/","logo":{"@type":"ImageObject","inLanguage":"et","@id":"https:\/\/www.spaestonia.ee\/resort\/#\/schema\/logo\/image\/","url":"https:\/\/www.spaestonia.ee\/resort\/wp-content\/uploads\/2025\/02\/resort-hotel-estonia.png","contentUrl":"https:\/\/www.spaestonia.ee\/resort\/wp-content\/uploads\/2025\/02\/resort-hotel-estonia.png","width":400,"height":173,"caption":"ESTONIA Resort Hotel Spa"},"image":{"@id":"https:\/\/www.spaestonia.ee\/resort\/#\/schema\/logo\/image\/"},"sameAs":["https:\/\/www.facebook.com\/EstoniaResortHotel"]}]}},"_links":{"self":[{"href":"https:\/\/www.spaestonia.ee\/resort\/wp-json\/wp\/v2\/pages\/11580","targetHints":{"allow":["GET"]}}],"collection":[{"href":"https:\/\/www.spaestonia.ee\/resort\/wp-json\/wp\/v2\/pages"}],"about":[{"href":"https:\/\/www.spaestonia.ee\/resort\/wp-json\/wp\/v2\/types\/page"}],"author":[{"embeddable":true,"href":"https:\/\/www.spaestonia.ee\/resort\/wp-json\/wp\/v2\/users\/1"}],"replies":[{"embeddable":true,"href":"https:\/\/www.spaestonia.ee\/resort\/wp-json\/wp\/v2\/comments?post=11580"}],"version-history":[{"count":14,"href":"https:\/\/www.spaestonia.ee\/resort\/wp-json\/wp\/v2\/pages\/11580\/revisions"}],"predecessor-version":[{"id":24150,"href":"https:\/\/www.spaestonia.ee\/resort\/wp-json\/wp\/v2\/pages\/11580\/revisions\/24150"}],"wp:attachment":[{"href":"https:\/\/www.spaestonia.ee\/resort\/wp-json\/wp\/v2\/media?parent=11580"}],"curies":[{"name":"wp","href":"https:\/\/api.w.org\/{rel}","templated":true}]}}