{"id":12510,"date":"2017-01-15T13:14:29","date_gmt":"2017-01-15T11:14:29","guid":{"rendered":"https:\/\/www.spaestonia.ee\/resort\/?page_id=12510"},"modified":"2017-01-16T11:50:02","modified_gmt":"2017-01-16T09:50:02","slug":"eesti-koige-innovatiivsem-konverents-2016-toimus-parnus","status":"publish","type":"page","link":"https:\/\/www.spaestonia.ee\/resort\/eesti-koige-innovatiivsem-konverents-2016-toimus-parnus\/","title":{"rendered":"Eesti k\u00f5ige innovatiivsem konverents 2016 toimus P\u00e4rnus"},"content":{"rendered":"<p><strong>M\u00f6\u00f6dunud aasta Eesti k\u00f5ige innovatiivsem konverents toimus P\u00e4rnus, ESTONIA Resort Hotel &amp; Spa**** spaa- ja konverentsihotellis. P\u00e4rnu on tugevdanud positsiooni rahvusvahelise konverentsiturismi sihtkohana.<br \/>\n<\/strong><\/p>\n<div id=\"attachment_12525\" style=\"width: 460px\" class=\"wp-caption alignright\"><img loading=\"lazy\" decoding=\"async\" aria-describedby=\"caption-attachment-12525\" class=\"wp-image-12525\" src=\"https:\/\/www.spaestonia.ee\/resort\/wp-content\/uploads\/2017\/01\/resort-innovatiivne-konverents900.jpg\" alt=\"'Most Innovative Conference Solution\" width=\"450\" height=\"372\" srcset=\"https:\/\/www.spaestonia.ee\/resort\/wp-content\/uploads\/2017\/01\/resort-innovatiivne-konverents900.jpg 726w, https:\/\/www.spaestonia.ee\/resort\/wp-content\/uploads\/2017\/01\/resort-innovatiivne-konverents900-300x248.jpg 300w\" sizes=\"auto, (max-width: 450px) 100vw, 450px\" \/><p id=\"caption-attachment-12525\" class=\"wp-caption-text\">Hannah Davies (Specialty Coffee Association) ja Ave Pill (Estonia Spa Hotels)<\/p><\/div>\n<p>11.jaanuaril 2017 toimus Swissotel Tallinnas Eesti Konverentsib\u00fcroo iga-aastane gala-\u00fcritus, kus jagati auhindu m\u00f6\u00f6dunud aasta edukaimatele Eestis toimunud rahvusvahelistele konverentsidele.<\/p>\n<p>Eesti 2016. a Innovatiivseima Konverentsilahenduse auhinna sai Estonia Resort Hotel &amp; Spa&#8217;s toimunud <a href=\"https:\/\/www.spaestonia.ee\/resort\/european-top-coffee-masters-met-in-parnu-estonia\/\">Roaster Camp 2016<\/a>, mis t\u00f5i P\u00e4rnusse 130 tipp-kohvir\u00f6stijat 18 riigist \u00fcle maailma. Innovatiivseima Konverentsilahenduse tiitel antakse v\u00e4hemalt 100 osalejaga rahvusvahelisele konverentsile, mille korraldamisel on kasutatud uudseid tehnoloogiaid, erilisi konverentsikohti, formaate, unikaalseid vaba aja programme v\u00f5i muid uuenduslikke, loovaid ja leidlikke lahendusi. Lisainfo konverentsiauhindade kohta <a href=\"http:\/\/www.ecb.ee\/et\/hotellid\/aasta-konverentsiteo-tiitli-palvis-seitsmesaja-osalejaga-anestesioloogide-kongress\/\" target=\"_blank\">siit<\/a>.<\/p>\n<p>Kokku toimus Estonia Resort Hotel &amp; Spa&#8217;s 2016. aastal 138 konverentsi ja\u00a0suuremat s\u00fcndmust, mis t\u00f5id P\u00e4rnusse ligi 6400 k\u00fclastajat, neist 1400 v\u00e4lisk\u00fclalist 40 erinevast riigist. Seega on P\u00e4rnu t\u00f5usnud arvestatavaks rahvusvahelise konverentsiturismi sihtkohaks t\u00f5estades, et kvaliteetne konverentsiteenus ja sisukas vaba-ajaprogramm toob k\u00fclalisi P\u00e4rnusse ka s\u00fcgis-talvisel hooajal ja ka kaugematest riikidest.<\/p>\n<p>Estonia Resort Hotel &amp; Spa j\u00e4tkab ka 2017. a P\u00e4rnu kui konverentsiturismi sihtkohta tutvustamist osaledes koost\u00f6\u00f6s Eesti Konverentsib\u00fcroo ja Ettev\u00f5tluse Arendamise Sihtasutusega Eesti \u00e4riturismi tutvustavatel \u00fcritustel Helsingis, Stockholmis, Frankfurtis ja Br\u00fcsselis ning \u00fclemaailmsel \u00e4riturismi messil Barcelonas.<\/p>\n<p>Lisainfo:<br \/>\nAve Pill, Estonia Spa Hotels m\u00fc\u00fcgi- ja turundusjuht, tel 372 5232 295, <a href=\"mailto:ave@spaestonia.ee\">ave@spaestonia.ee<\/a><\/p>\n<p>&nbsp;<\/p>\n<hr \/>\n<p><strong>MT\u00dc Eesti Konverentsib\u00fcroo<\/strong> ehk EKB (<i>inglise keeles<\/i> <i>Estonian Convention Bureau<\/i>) on liikmep\u00f5hine konverentsiturismi katusorganisatsioon, mille eesm\u00e4rgiks on Eesti kui konverentsimaa rahvusvahelise maine kujundamine ja tuntuse t\u00f5stmine ning Eestis toimuvate rahvusvaheliste konverentside arvu suurendamine.<\/p>\n<p>EKB liikmeskond \u00fchendab endas ettev\u00f5tteid ning omavalitsusi, kellel k\u00f5igil on olemas rahvusvaheliste \u00fcrituste korraldamiseks vajalikud teadmised ning kogemustepagas. Liikmesfirmad pakuvad laias valikus konverentsiteenuseid, korraldades mitmesuguseid \u00fcritusi, alates v\u00e4ikestest seminaridest kuni suurte rahvusvaheliste kongressideni. Pakutakse nii konverentsi korraldamise t\u00e4isteenust kui ka teenuseid eraldi \u00fcksikteenustena. Liikmete hulka kuuluvad Tallinna ja Tartu linn, \u00a0suurimad hotellid, konverentsikorraldusfirmad, Tallinna \u00dclikool, Lennusadam. EKB liikmestaatus on m\u00e4rk kvaliteedist.<\/p>\n<p>ESTONIA Resort Hotel &amp; Spa**** kuulub EKB liimete hulka alates 2015. aastat. Kogu liikmete nimekirja leiate <a href=\"http:\/\/Venuesfrance%20%28Chlo%C3%A9%20Ratel%29%20-%20Account%20Manager\" target=\"_blank\">siit.\u00a0<\/a><\/p>\n<p><strong>ESTONIA Resort Hotel &amp; Spa****<\/strong> on juulis 2015 avatud uue kontseptsiooniga spaa- ja konverentsihotell P\u00e4rnus. Hotellis on 106 k\u00f5igi mugavustega hotellituba. Hotelli spaa- ja konverentsimaja esimesel korrusel asub rahvusvaheline konverentsikeskus enam kui 300 k\u00fclalisele. Teisel ja kolmandal korrusel on k\u00fclastajate kasutuses ainulaadne spaa- ja saunakeskus, kus saab teadlikult tegeleda oma keha ja meele tasakaalustamisega. Hotelli interj\u00f6\u00f6r ja teenustekontseptsioon ammutab inspiratsiooni Eesti loodusest, rahvuslikest traditsioonidest, k\u00e4sit\u00f6\u00f6st ja kultuurist.<\/p>\n","protected":false},"excerpt":{"rendered":"<p>M\u00f6\u00f6dunud aasta Eesti k\u00f5ige innovatiivsem konverents toimus P\u00e4rnus, ESTONIA Resort Hotel &amp; Spa**** spaa- ja&hellip;<\/p>\n","protected":false},"author":1,"featured_media":0,"parent":0,"menu_order":0,"comment_status":"closed","ping_status":"closed","template":"","meta":{"footnotes":""},"class_list":["post-12510","page","type-page","status-publish","hentry"],"yoast_head":"<!-- This site is optimized with the Yoast SEO plugin v26.7 - https:\/\/yoast.com\/wordpress\/plugins\/seo\/ -->\n<title>Eesti k\u00f5ige innovatiivsem konverents 2016 toimus P\u00e4rnus - ESTONIA Resort Hotel Spa<\/title>\n<meta name=\"robots\" content=\"index, follow, max-snippet:-1, max-image-preview:large, max-video-preview:-1\" \/>\n<link rel=\"canonical\" href=\"https:\/\/www.spaestonia.ee\/resort\/eesti-koige-innovatiivsem-konverents-2016-toimus-parnus\/\" \/>\n<meta property=\"og:locale\" content=\"et_EE\" \/>\n<meta property=\"og:type\" content=\"article\" \/>\n<meta property=\"og:title\" content=\"Eesti k\u00f5ige innovatiivsem konverents 2016 toimus P\u00e4rnus - ESTONIA Resort Hotel Spa\" \/>\n<meta property=\"og:description\" content=\"M\u00f6\u00f6dunud aasta Eesti k\u00f5ige innovatiivsem konverents toimus P\u00e4rnus, ESTONIA Resort Hotel &amp; Spa**** spaa- ja&hellip;\" \/>\n<meta property=\"og:url\" content=\"https:\/\/www.spaestonia.ee\/resort\/eesti-koige-innovatiivsem-konverents-2016-toimus-parnus\/\" \/>\n<meta property=\"og:site_name\" content=\"ESTONIA Resort Hotel Spa\" \/>\n<meta property=\"article:publisher\" content=\"https:\/\/www.facebook.com\/EstoniaResortHotel\" \/>\n<meta property=\"article:modified_time\" content=\"2017-01-16T09:50:02+00:00\" \/>\n<meta property=\"og:image\" content=\"https:\/\/www.spaestonia.ee\/resort\/wp-content\/uploads\/2017\/01\/resort-innovatiivne-konverents900.jpg\" \/>\n<meta name=\"twitter:card\" content=\"summary_large_image\" \/>\n<meta name=\"twitter:label1\" content=\"Est. reading time\" \/>\n\t<meta name=\"twitter:data1\" content=\"2 minutit\" \/>\n<script type=\"application\/ld+json\" class=\"yoast-schema-graph\">{\"@context\":\"https:\/\/schema.org\",\"@graph\":[{\"@type\":\"WebPage\",\"@id\":\"https:\/\/www.spaestonia.ee\/resort\/eesti-koige-innovatiivsem-konverents-2016-toimus-parnus\/\",\"url\":\"https:\/\/www.spaestonia.ee\/resort\/eesti-koige-innovatiivsem-konverents-2016-toimus-parnus\/\",\"name\":\"Eesti k\u00f5ige innovatiivsem konverents 2016 toimus P\u00e4rnus - ESTONIA Resort Hotel Spa\",\"isPartOf\":{\"@id\":\"https:\/\/www.spaestonia.ee\/resort\/#website\"},\"primaryImageOfPage\":{\"@id\":\"https:\/\/www.spaestonia.ee\/resort\/eesti-koige-innovatiivsem-konverents-2016-toimus-parnus\/#primaryimage\"},\"image\":{\"@id\":\"https:\/\/www.spaestonia.ee\/resort\/eesti-koige-innovatiivsem-konverents-2016-toimus-parnus\/#primaryimage\"},\"thumbnailUrl\":\"https:\/\/www.spaestonia.ee\/resort\/wp-content\/uploads\/2017\/01\/resort-innovatiivne-konverents900.jpg\",\"datePublished\":\"2017-01-15T11:14:29+00:00\",\"dateModified\":\"2017-01-16T09:50:02+00:00\",\"breadcrumb\":{\"@id\":\"https:\/\/www.spaestonia.ee\/resort\/eesti-koige-innovatiivsem-konverents-2016-toimus-parnus\/#breadcrumb\"},\"inLanguage\":\"et\",\"potentialAction\":[{\"@type\":\"ReadAction\",\"target\":[\"https:\/\/www.spaestonia.ee\/resort\/eesti-koige-innovatiivsem-konverents-2016-toimus-parnus\/\"]}]},{\"@type\":\"ImageObject\",\"inLanguage\":\"et\",\"@id\":\"https:\/\/www.spaestonia.ee\/resort\/eesti-koige-innovatiivsem-konverents-2016-toimus-parnus\/#primaryimage\",\"url\":\"https:\/\/www.spaestonia.ee\/resort\/wp-content\/uploads\/2017\/01\/resort-innovatiivne-konverents900.jpg\",\"contentUrl\":\"https:\/\/www.spaestonia.ee\/resort\/wp-content\/uploads\/2017\/01\/resort-innovatiivne-konverents900.jpg\",\"width\":726,\"height\":600,\"caption\":\"Hannah Davies (Specialty Coffee Association) ja Ave Pill (Estonia Spa Hotels)\"},{\"@type\":\"BreadcrumbList\",\"@id\":\"https:\/\/www.spaestonia.ee\/resort\/eesti-koige-innovatiivsem-konverents-2016-toimus-parnus\/#breadcrumb\",\"itemListElement\":[{\"@type\":\"ListItem\",\"position\":1,\"name\":\"Home\",\"item\":\"https:\/\/www.spaestonia.ee\/resort\/\"},{\"@type\":\"ListItem\",\"position\":2,\"name\":\"Eesti k\u00f5ige innovatiivsem konverents 2016 toimus P\u00e4rnus\"}]},{\"@type\":\"WebSite\",\"@id\":\"https:\/\/www.spaestonia.ee\/resort\/#website\",\"url\":\"https:\/\/www.spaestonia.ee\/resort\/\",\"name\":\"ESTONIA Resort Hotel Spa\",\"description\":\"Your destination in P\u00e4rnu for wellness and events\",\"publisher\":{\"@id\":\"https:\/\/www.spaestonia.ee\/resort\/#organization\"},\"potentialAction\":[{\"@type\":\"SearchAction\",\"target\":{\"@type\":\"EntryPoint\",\"urlTemplate\":\"https:\/\/www.spaestonia.ee\/resort\/?s={search_term_string}\"},\"query-input\":{\"@type\":\"PropertyValueSpecification\",\"valueRequired\":true,\"valueName\":\"search_term_string\"}}],\"inLanguage\":\"et\"},{\"@type\":\"Organization\",\"@id\":\"https:\/\/www.spaestonia.ee\/resort\/#organization\",\"name\":\"ESTONIA Resort Hotel Spa\",\"url\":\"https:\/\/www.spaestonia.ee\/resort\/\",\"logo\":{\"@type\":\"ImageObject\",\"inLanguage\":\"et\",\"@id\":\"https:\/\/www.spaestonia.ee\/resort\/#\/schema\/logo\/image\/\",\"url\":\"https:\/\/www.spaestonia.ee\/resort\/wp-content\/uploads\/2025\/02\/resort-hotel-estonia.png\",\"contentUrl\":\"https:\/\/www.spaestonia.ee\/resort\/wp-content\/uploads\/2025\/02\/resort-hotel-estonia.png\",\"width\":400,\"height\":173,\"caption\":\"ESTONIA Resort Hotel Spa\"},\"image\":{\"@id\":\"https:\/\/www.spaestonia.ee\/resort\/#\/schema\/logo\/image\/\"},\"sameAs\":[\"https:\/\/www.facebook.com\/EstoniaResortHotel\"]}]}<\/script>\n<!-- \/ Yoast SEO plugin. -->","yoast_head_json":{"title":"Eesti k\u00f5ige innovatiivsem konverents 2016 toimus P\u00e4rnus - ESTONIA Resort Hotel Spa","robots":{"index":"index","follow":"follow","max-snippet":"max-snippet:-1","max-image-preview":"max-image-preview:large","max-video-preview":"max-video-preview:-1"},"canonical":"https:\/\/www.spaestonia.ee\/resort\/eesti-koige-innovatiivsem-konverents-2016-toimus-parnus\/","og_locale":"et_EE","og_type":"article","og_title":"Eesti k\u00f5ige innovatiivsem konverents 2016 toimus P\u00e4rnus - ESTONIA Resort Hotel Spa","og_description":"M\u00f6\u00f6dunud aasta Eesti k\u00f5ige innovatiivsem konverents toimus P\u00e4rnus, ESTONIA Resort Hotel &amp; Spa**** spaa- ja&hellip;","og_url":"https:\/\/www.spaestonia.ee\/resort\/eesti-koige-innovatiivsem-konverents-2016-toimus-parnus\/","og_site_name":"ESTONIA Resort Hotel Spa","article_publisher":"https:\/\/www.facebook.com\/EstoniaResortHotel","article_modified_time":"2017-01-16T09:50:02+00:00","og_image":[{"url":"https:\/\/www.spaestonia.ee\/resort\/wp-content\/uploads\/2017\/01\/resort-innovatiivne-konverents900.jpg","type":"","width":"","height":""}],"twitter_card":"summary_large_image","twitter_misc":{"Est. reading time":"2 minutit"},"schema":{"@context":"https:\/\/schema.org","@graph":[{"@type":"WebPage","@id":"https:\/\/www.spaestonia.ee\/resort\/eesti-koige-innovatiivsem-konverents-2016-toimus-parnus\/","url":"https:\/\/www.spaestonia.ee\/resort\/eesti-koige-innovatiivsem-konverents-2016-toimus-parnus\/","name":"Eesti k\u00f5ige innovatiivsem konverents 2016 toimus P\u00e4rnus - ESTONIA Resort Hotel Spa","isPartOf":{"@id":"https:\/\/www.spaestonia.ee\/resort\/#website"},"primaryImageOfPage":{"@id":"https:\/\/www.spaestonia.ee\/resort\/eesti-koige-innovatiivsem-konverents-2016-toimus-parnus\/#primaryimage"},"image":{"@id":"https:\/\/www.spaestonia.ee\/resort\/eesti-koige-innovatiivsem-konverents-2016-toimus-parnus\/#primaryimage"},"thumbnailUrl":"https:\/\/www.spaestonia.ee\/resort\/wp-content\/uploads\/2017\/01\/resort-innovatiivne-konverents900.jpg","datePublished":"2017-01-15T11:14:29+00:00","dateModified":"2017-01-16T09:50:02+00:00","breadcrumb":{"@id":"https:\/\/www.spaestonia.ee\/resort\/eesti-koige-innovatiivsem-konverents-2016-toimus-parnus\/#breadcrumb"},"inLanguage":"et","potentialAction":[{"@type":"ReadAction","target":["https:\/\/www.spaestonia.ee\/resort\/eesti-koige-innovatiivsem-konverents-2016-toimus-parnus\/"]}]},{"@type":"ImageObject","inLanguage":"et","@id":"https:\/\/www.spaestonia.ee\/resort\/eesti-koige-innovatiivsem-konverents-2016-toimus-parnus\/#primaryimage","url":"https:\/\/www.spaestonia.ee\/resort\/wp-content\/uploads\/2017\/01\/resort-innovatiivne-konverents900.jpg","contentUrl":"https:\/\/www.spaestonia.ee\/resort\/wp-content\/uploads\/2017\/01\/resort-innovatiivne-konverents900.jpg","width":726,"height":600,"caption":"Hannah Davies (Specialty Coffee Association) ja Ave Pill (Estonia Spa Hotels)"},{"@type":"BreadcrumbList","@id":"https:\/\/www.spaestonia.ee\/resort\/eesti-koige-innovatiivsem-konverents-2016-toimus-parnus\/#breadcrumb","itemListElement":[{"@type":"ListItem","position":1,"name":"Home","item":"https:\/\/www.spaestonia.ee\/resort\/"},{"@type":"ListItem","position":2,"name":"Eesti k\u00f5ige innovatiivsem konverents 2016 toimus P\u00e4rnus"}]},{"@type":"WebSite","@id":"https:\/\/www.spaestonia.ee\/resort\/#website","url":"https:\/\/www.spaestonia.ee\/resort\/","name":"ESTONIA Resort Hotel Spa","description":"Your destination in P\u00e4rnu for wellness and events","publisher":{"@id":"https:\/\/www.spaestonia.ee\/resort\/#organization"},"potentialAction":[{"@type":"SearchAction","target":{"@type":"EntryPoint","urlTemplate":"https:\/\/www.spaestonia.ee\/resort\/?s={search_term_string}"},"query-input":{"@type":"PropertyValueSpecification","valueRequired":true,"valueName":"search_term_string"}}],"inLanguage":"et"},{"@type":"Organization","@id":"https:\/\/www.spaestonia.ee\/resort\/#organization","name":"ESTONIA Resort Hotel Spa","url":"https:\/\/www.spaestonia.ee\/resort\/","logo":{"@type":"ImageObject","inLanguage":"et","@id":"https:\/\/www.spaestonia.ee\/resort\/#\/schema\/logo\/image\/","url":"https:\/\/www.spaestonia.ee\/resort\/wp-content\/uploads\/2025\/02\/resort-hotel-estonia.png","contentUrl":"https:\/\/www.spaestonia.ee\/resort\/wp-content\/uploads\/2025\/02\/resort-hotel-estonia.png","width":400,"height":173,"caption":"ESTONIA Resort Hotel Spa"},"image":{"@id":"https:\/\/www.spaestonia.ee\/resort\/#\/schema\/logo\/image\/"},"sameAs":["https:\/\/www.facebook.com\/EstoniaResortHotel"]}]}},"_links":{"self":[{"href":"https:\/\/www.spaestonia.ee\/resort\/wp-json\/wp\/v2\/pages\/12510","targetHints":{"allow":["GET"]}}],"collection":[{"href":"https:\/\/www.spaestonia.ee\/resort\/wp-json\/wp\/v2\/pages"}],"about":[{"href":"https:\/\/www.spaestonia.ee\/resort\/wp-json\/wp\/v2\/types\/page"}],"author":[{"embeddable":true,"href":"https:\/\/www.spaestonia.ee\/resort\/wp-json\/wp\/v2\/users\/1"}],"replies":[{"embeddable":true,"href":"https:\/\/www.spaestonia.ee\/resort\/wp-json\/wp\/v2\/comments?post=12510"}],"version-history":[{"count":15,"href":"https:\/\/www.spaestonia.ee\/resort\/wp-json\/wp\/v2\/pages\/12510\/revisions"}],"predecessor-version":[{"id":12549,"href":"https:\/\/www.spaestonia.ee\/resort\/wp-json\/wp\/v2\/pages\/12510\/revisions\/12549"}],"wp:attachment":[{"href":"https:\/\/www.spaestonia.ee\/resort\/wp-json\/wp\/v2\/media?parent=12510"}],"curies":[{"name":"wp","href":"https:\/\/api.w.org\/{rel}","templated":true}]}}