{"id":1365,"date":"2015-05-12T10:26:02","date_gmt":"2015-05-12T07:26:02","guid":{"rendered":"https:\/\/www.spaestonia.ee\/resort\/?page_id=1365"},"modified":"2025-01-02T10:41:53","modified_gmt":"2025-01-02T08:41:53","slug":"katele-ja-jalgadele","status":"publish","type":"page","link":"https:\/\/www.spaestonia.ee\/resort\/spaahoolitsused\/katele-ja-jalgadele\/","title":{"rendered":"K\u00e4tele ja jalgadele"},"content":{"rendered":"<p>\u00bb <a href=\"#eestik\">Ehedad eestimaised k\u00e4tehoolitsused<\/a><br \/>\n\u00bb <a href=\"#klassikalised k\u00e4tehoolitsused\">Klassikalised k\u00e4tehoolitsused<\/a><\/p>\n<p>\u00bb <a href=\"#eestij\">Ehedad eestimaised jalahoolitsused<\/a><br \/>\n\u00bb <a href=\"#klassikaj\">Klassikalised jalahoolitsused<\/a><\/p>\n<h2><a id=\"eestik\"><\/a>EHEDAD EESTIMAISED K\u00c4TEHOOLITSUSED<\/h2>\n<h3>Saialille k\u00e4tehoolitsus mesilasvahaga<br \/>\n60 min 55 \u20ac<\/h3>\n<p>Saialill paitab ja pehmendab nahka ja on oma olemuselt leebe ja turvaline. Sobib h\u00e4sti nii noorele kui ka k\u00fcpsele nahale. Rahvameditsiinis on saialille kasutatud pea k\u00f5ige ravimiseks &#8211; kus viga n\u00e4ed, seal saialill aitab. Saialill annab kehale v\u00f5imsaid tervenemise k\u00e4ske luues sellega kehas tasakaalu. Saialill esindab p\u00e4ikeseenergiat tuues oma l\u00f5hna ja v\u00e4rvilise olemusega meie meeltesse r\u00f5\u00f5mu, p\u00e4ikesest pakatavat kuldset j\u00f5udu ja heaolutunnet. Magneesium on organismile v\u00e4ga vajalik aine, mida omistatakse k\u00f5ige paremini just naha kaudu. Magneesium aitab leevendada stressi, uneh\u00e4ireid ning peavalu.<\/p>\n<p>Luksuslik k\u00e4tehoolitsus algab magneesiumi-saialille k\u00e4tevanni ja saialilleseebi pesuga spetsiaalses vannis. K\u00fc\u00fcned viilitakse ja k\u00fc\u00fcnenahad korrastatakse, j\u00e4rgneb k\u00fc\u00fcnte ja naha toitmine elastsust parandava p\u00e4evalilleseemne \u00f5liga ja Eesti mesilasvaha m\u00e4hisega k\u00e4tele.\u00a0Ei sisalda k\u00fc\u00fcnte lakkimist.<\/p>\n<h3>Mesilasvahaga k\u00e4tehoolitsus koos \u00f5lgade mudimisega<br \/>\n30 min 43 \u20ac<\/h3>\n<p>Mesilasvaha on \u00fcks toitvamaid ja looduslikumaid niiskusesidujaid. Sooja toimel imendub mesilasvaha l\u00e4bi naha ja kiirendab vere- ja l\u00fcmfiringe liiklust, mis hakkab seisma j\u00e4\u00e4nud vedelikku kehast v\u00e4lja viima, samal ajal tervendades v\u00e4liselt tekkinud nahal\u00f5hesid. Lina\u00f5li omab s\u00fcgavniisutavat toimet ja sobib eriti h\u00e4sti kergesti karedaks muutuvatele k\u00e4tele. Juba m\u00e4hist peale kandes v\u00f5ib tunda, kuidas mee magus l\u00f5hn rahustab ja toob p\u00e4ikesepaiste meeltesse.<\/p>\n<p>Hoolitsus algab k\u00e4te pesemisega saialille seebiga kuni k\u00fc\u00fcnarnukkideni. Seej\u00e4rel m\u00e4hitakse k\u00e4ed mesilasvaha parafiiniga ja pannakse villaste kinnaste sisse. M\u00e4hise ajal tehakse kliendile \u00f5lgade ja kaelasoonte mudimine. Hoolitsuse l\u00f5petuseks kerge massaa\u017e k\u00e4tele nahale j\u00e4\u00e4nud lina\u00f5liga.<\/p>\n<h2><a id=\"klassikalised k\u00e4tehoolitsused\"><\/a>KLASSIKALISED K\u00c4TEHOOLITSUSED<\/h2>\n<h3>Klassikaline manik\u00fc\u00fcr<br \/>\n60 min 50 \u20ac<\/h3>\n<p>Kaunid ja hooldatud k\u00e4ed lisavad enesekindlust. Puhtad ja hoolitsetud k\u00fc\u00fcned on iga naise ja mehe visiitkaart. Klassikalise manik\u00fc\u00fcri k\u00e4igus tehakse k\u00e4tele k\u00e4tevann, korrastatakse k\u00fc\u00fcnenahad, viilitakse, poleeritakse k\u00fc\u00fcned, kerge massaa\u017eiga kreemitatakse k\u00e4ed niisutava k\u00e4tekreemiga. Soovi korral lakitakse k\u00fc\u00fcned. Tulemuseks on siidiselt pehmed ja kauni s\u00e4raga k\u00e4ed.<\/p>\n<h2>EHEDAD EESTIMAISED JALAHOOLITSUSED<\/h2>\n<h3>Rukkilille jalahoolitsus<br \/>\n60 min 47 \u20ac<\/h3>\n<p>Juba vanaemade emad teadsid, et rukkilille toime on turseid alandav ja vereringet kiirendav. Mis v\u00f5iks olla parem, kui peale pikka t\u00f6\u00f6p\u00e4eva, v\u00e4sitavat jalutusk\u00e4iku v\u00f5i auto- v\u00f5i lennureisi panna oma jalad m\u00f5nusalt sooja jalavanni, kui lavendli eeterliku \u00f5li aroomid rahustavad ja toovad tagasi tasakaalu meeltesse. Magneesiumisoola helbed aitavad ennetada jalakrampe ja lihast\u00f5mblusi, sooda s\u00fcgavpuhastab jalad p\u00e4eva jooksul kogutud mustusest. M\u00e4nnit\u00f5rval\u00f5hnaline seep lisab antibakteriaalset toimet, mesi pehmendab, ravib ja toidab ning lina\u00f5li niisutab ja turgutab meie jalgu.<br \/>\nLuksuslik jalahoolitsus algab rukkilille jalavanniga, mille osa on ka jalgade pesemine t\u00f5rva-n\u00f5gese seebiga, koorimine meresoola-sooda-n\u00f5gese\u00fcrdi seguga. Sellele j\u00e4rgneb massaa\u017e mee-lina\u00f5liga ja m\u00e4his jalgadele maavillastes sokkides, l\u00f5petuseks v\u00e4rskendus lilleveega.<\/p>\n<h3>Rukkilille jalahoolitsus pedik\u00fc\u00fcriga<br \/>\n90 min 67 \u20ac<\/h3>\n<p>Juba vanaemade emad teadsid, et rukkilill alandab turseid ja kiirendab vereringet. Mis v\u00f5iks olla parem, kui peale pikka t\u00f6\u00f6p\u00e4eva, v\u00e4sitavat jalutusk\u00e4iku v\u00f5i auto- ja lennureisi panna oma jalad m\u00f5nusalt sooja jalavanni, kui lavendli eeterliku \u00f5li aroomid rahustavad ja toovad tagasi tasakaalu meeltesse. Magneesiumisoola helbed aitavad ennetada jalakrampe ja lihast\u00f5mblusi, sooda s\u00fcgavpuhastab jalad p\u00e4eva jooksul kogutud mustusest. M\u00e4nnit\u00f5rval\u00f5hnaline seep lisab antibakteriaalset toimet. Mesi pehmendab, ravib ja toidab ning lina\u00f5li niisutab ja turgutab jalgu.<\/p>\n<p>Luksuslik jalahoolitsus algab rukkilille jalavanniga, mille osa on ka jalgade pesemine t\u00f5rva-n\u00f5gese seebiga. J\u00e4rgneb koorimine meresoola-sooda-n\u00f5gese\u00fcrdi seguga ja pedik\u00fc\u00fcr. Hoolituse l\u00f5petab kerge jalamassaa\u017e mee-lina\u00f5liga ning m\u00e4his jalgadele maavillastes sokkides. Ei sisalda k\u00fc\u00fcnte lakkimist.<\/p>\n<h3>V\u00e4rskendav jalahoolitsus<br \/>\n30 min 40 \u20ac<\/h3>\n<p>Jalahoolitsus v\u00e4rskendab ja pakub leevendust v\u00e4sinud jalgadele.<\/p>\n<p>Hoolitsuse k\u00e4igus kooritakse jalad sooda-soola-n\u00f5ges\u00fcrdi koorijaga.\u00a0Meresoola ja sooda segul on s\u00fcgavpuhastav, antibakteriaalne ja kooriv toime.\u00a0N\u00f5ges\u00fcrt on hea enesetunde t\u00f5stja, lisab vastupanuv\u00f5imet ja eluj\u00f5udu.<br \/>\nPeale koorimist tehakse jalgadele kuni p\u00f5lvedeni massaa\u017e piparm\u00fcndi massaa\u017eimaskiga. Mask on v\u00e4rskendava l\u00f5hnaga, annab energiat ja l\u00f5\u00f5gastab.<\/p>\n<p>Hoolitsuse tulemuseks on jalgades imeliselt kerge ja v\u00e4rske tunne.<\/p>\n<h2><a id=\"klassikaj\"><\/a><br \/>\nKLASSIKALISED JALAHOOLITSUSED<\/h2>\n<h3>Klassikaline pedik\u00fc\u00fcr<br \/>\n60 min 55 \u20ac<\/h3>\n<p>Klassikaline pedik\u00fc\u00fcr on jalahoolitsus, mille k\u00e4igus antakse jalgadele esteetiline ja kaunis v\u00e4limus.<\/p>\n<p>Hoolitsust alustatakse puhastava jalavanniga. Seej\u00e4rel korrastatakse k\u00fc\u00fcned ja k\u00fc\u00fcnenahad. Eemaldatakse nahapaksendid ja pahkunud nahk. Hoolitsuse l\u00f5petab kerge jalamassaa\u017e jalakreemiga ning soovi korral lakitakse k\u00fc\u00fcned. Tulemuseks on siidiselt pehmed ja kaunilt korras jalad.<\/p>\n<p><strong>Lisainfo ja broneerimine:<\/strong> tel 440 1013, e-post <a href=\"mailto:resort.spa@spaestonia.ee\">resort.spa@spaestonia.ee<\/a>.<\/p>\n","protected":false},"excerpt":{"rendered":"<p>\u00bb Ehedad eestimaised k\u00e4tehoolitsused \u00bb Klassikalised k\u00e4tehoolitsused \u00bb Ehedad eestimaised jalahoolitsused \u00bb Klassikalised jalahoolitsused EHEDAD&hellip;<\/p>\n","protected":false},"author":1,"featured_media":0,"parent":1787,"menu_order":0,"comment_status":"closed","ping_status":"open","template":"page-nobron_page.php","meta":{"footnotes":""},"class_list":["post-1365","page","type-page","status-publish","hentry"],"yoast_head":"<!-- This site is optimized with the Yoast SEO plugin v26.7 - https:\/\/yoast.com\/wordpress\/plugins\/seo\/ -->\n<title>K\u00e4tele ja jalgadele - ESTONIA Resort Hotel Spa<\/title>\n<meta name=\"robots\" content=\"index, follow, max-snippet:-1, max-image-preview:large, max-video-preview:-1\" \/>\n<link rel=\"canonical\" href=\"https:\/\/www.spaestonia.ee\/resort\/spaahoolitsused\/katele-ja-jalgadele\/\" \/>\n<meta property=\"og:locale\" content=\"et_EE\" \/>\n<meta property=\"og:type\" content=\"article\" \/>\n<meta property=\"og:title\" content=\"K\u00e4tele ja jalgadele - ESTONIA Resort Hotel Spa\" \/>\n<meta property=\"og:description\" content=\"\u00bb Ehedad eestimaised k\u00e4tehoolitsused \u00bb Klassikalised k\u00e4tehoolitsused \u00bb Ehedad eestimaised jalahoolitsused \u00bb Klassikalised jalahoolitsused EHEDAD&hellip;\" \/>\n<meta property=\"og:url\" content=\"https:\/\/www.spaestonia.ee\/resort\/spaahoolitsused\/katele-ja-jalgadele\/\" \/>\n<meta property=\"og:site_name\" content=\"ESTONIA Resort Hotel Spa\" \/>\n<meta property=\"article:publisher\" content=\"https:\/\/www.facebook.com\/EstoniaResortHotel\" \/>\n<meta property=\"article:modified_time\" content=\"2025-01-02T08:41:53+00:00\" \/>\n<meta name=\"twitter:card\" content=\"summary_large_image\" \/>\n<meta name=\"twitter:label1\" content=\"Est. reading time\" \/>\n\t<meta name=\"twitter:data1\" content=\"4 minutit\" \/>\n<script type=\"application\/ld+json\" class=\"yoast-schema-graph\">{\"@context\":\"https:\/\/schema.org\",\"@graph\":[{\"@type\":\"WebPage\",\"@id\":\"https:\/\/www.spaestonia.ee\/resort\/spaahoolitsused\/katele-ja-jalgadele\/\",\"url\":\"https:\/\/www.spaestonia.ee\/resort\/spaahoolitsused\/katele-ja-jalgadele\/\",\"name\":\"K\u00e4tele ja jalgadele - ESTONIA Resort Hotel Spa\",\"isPartOf\":{\"@id\":\"https:\/\/www.spaestonia.ee\/resort\/#website\"},\"datePublished\":\"2015-05-12T07:26:02+00:00\",\"dateModified\":\"2025-01-02T08:41:53+00:00\",\"breadcrumb\":{\"@id\":\"https:\/\/www.spaestonia.ee\/resort\/spaahoolitsused\/katele-ja-jalgadele\/#breadcrumb\"},\"inLanguage\":\"et\",\"potentialAction\":[{\"@type\":\"ReadAction\",\"target\":[\"https:\/\/www.spaestonia.ee\/resort\/spaahoolitsused\/katele-ja-jalgadele\/\"]}]},{\"@type\":\"BreadcrumbList\",\"@id\":\"https:\/\/www.spaestonia.ee\/resort\/spaahoolitsused\/katele-ja-jalgadele\/#breadcrumb\",\"itemListElement\":[{\"@type\":\"ListItem\",\"position\":1,\"name\":\"Home\",\"item\":\"https:\/\/www.spaestonia.ee\/resort\/\"},{\"@type\":\"ListItem\",\"position\":2,\"name\":\"Spaahoolitsused\",\"item\":\"https:\/\/spaestonia.ee\/resort\/spaahoolitsused\/\"},{\"@type\":\"ListItem\",\"position\":3,\"name\":\"K\u00e4tele ja jalgadele\"}]},{\"@type\":\"WebSite\",\"@id\":\"https:\/\/www.spaestonia.ee\/resort\/#website\",\"url\":\"https:\/\/www.spaestonia.ee\/resort\/\",\"name\":\"ESTONIA Resort Hotel Spa\",\"description\":\"Your destination in P\u00e4rnu for wellness and events\",\"publisher\":{\"@id\":\"https:\/\/www.spaestonia.ee\/resort\/#organization\"},\"potentialAction\":[{\"@type\":\"SearchAction\",\"target\":{\"@type\":\"EntryPoint\",\"urlTemplate\":\"https:\/\/www.spaestonia.ee\/resort\/?s={search_term_string}\"},\"query-input\":{\"@type\":\"PropertyValueSpecification\",\"valueRequired\":true,\"valueName\":\"search_term_string\"}}],\"inLanguage\":\"et\"},{\"@type\":\"Organization\",\"@id\":\"https:\/\/www.spaestonia.ee\/resort\/#organization\",\"name\":\"ESTONIA Resort Hotel Spa\",\"url\":\"https:\/\/www.spaestonia.ee\/resort\/\",\"logo\":{\"@type\":\"ImageObject\",\"inLanguage\":\"et\",\"@id\":\"https:\/\/www.spaestonia.ee\/resort\/#\/schema\/logo\/image\/\",\"url\":\"https:\/\/www.spaestonia.ee\/resort\/wp-content\/uploads\/2025\/02\/resort-hotel-estonia.png\",\"contentUrl\":\"https:\/\/www.spaestonia.ee\/resort\/wp-content\/uploads\/2025\/02\/resort-hotel-estonia.png\",\"width\":400,\"height\":173,\"caption\":\"ESTONIA Resort Hotel Spa\"},\"image\":{\"@id\":\"https:\/\/www.spaestonia.ee\/resort\/#\/schema\/logo\/image\/\"},\"sameAs\":[\"https:\/\/www.facebook.com\/EstoniaResortHotel\"]}]}<\/script>\n<!-- \/ Yoast SEO plugin. -->","yoast_head_json":{"title":"K\u00e4tele ja jalgadele - ESTONIA Resort Hotel Spa","robots":{"index":"index","follow":"follow","max-snippet":"max-snippet:-1","max-image-preview":"max-image-preview:large","max-video-preview":"max-video-preview:-1"},"canonical":"https:\/\/www.spaestonia.ee\/resort\/spaahoolitsused\/katele-ja-jalgadele\/","og_locale":"et_EE","og_type":"article","og_title":"K\u00e4tele ja jalgadele - ESTONIA Resort Hotel Spa","og_description":"\u00bb Ehedad eestimaised k\u00e4tehoolitsused \u00bb Klassikalised k\u00e4tehoolitsused \u00bb Ehedad eestimaised jalahoolitsused \u00bb Klassikalised jalahoolitsused EHEDAD&hellip;","og_url":"https:\/\/www.spaestonia.ee\/resort\/spaahoolitsused\/katele-ja-jalgadele\/","og_site_name":"ESTONIA Resort Hotel Spa","article_publisher":"https:\/\/www.facebook.com\/EstoniaResortHotel","article_modified_time":"2025-01-02T08:41:53+00:00","twitter_card":"summary_large_image","twitter_misc":{"Est. reading time":"4 minutit"},"schema":{"@context":"https:\/\/schema.org","@graph":[{"@type":"WebPage","@id":"https:\/\/www.spaestonia.ee\/resort\/spaahoolitsused\/katele-ja-jalgadele\/","url":"https:\/\/www.spaestonia.ee\/resort\/spaahoolitsused\/katele-ja-jalgadele\/","name":"K\u00e4tele ja jalgadele - ESTONIA Resort Hotel Spa","isPartOf":{"@id":"https:\/\/www.spaestonia.ee\/resort\/#website"},"datePublished":"2015-05-12T07:26:02+00:00","dateModified":"2025-01-02T08:41:53+00:00","breadcrumb":{"@id":"https:\/\/www.spaestonia.ee\/resort\/spaahoolitsused\/katele-ja-jalgadele\/#breadcrumb"},"inLanguage":"et","potentialAction":[{"@type":"ReadAction","target":["https:\/\/www.spaestonia.ee\/resort\/spaahoolitsused\/katele-ja-jalgadele\/"]}]},{"@type":"BreadcrumbList","@id":"https:\/\/www.spaestonia.ee\/resort\/spaahoolitsused\/katele-ja-jalgadele\/#breadcrumb","itemListElement":[{"@type":"ListItem","position":1,"name":"Home","item":"https:\/\/www.spaestonia.ee\/resort\/"},{"@type":"ListItem","position":2,"name":"Spaahoolitsused","item":"https:\/\/spaestonia.ee\/resort\/spaahoolitsused\/"},{"@type":"ListItem","position":3,"name":"K\u00e4tele ja jalgadele"}]},{"@type":"WebSite","@id":"https:\/\/www.spaestonia.ee\/resort\/#website","url":"https:\/\/www.spaestonia.ee\/resort\/","name":"ESTONIA Resort Hotel Spa","description":"Your destination in P\u00e4rnu for wellness and events","publisher":{"@id":"https:\/\/www.spaestonia.ee\/resort\/#organization"},"potentialAction":[{"@type":"SearchAction","target":{"@type":"EntryPoint","urlTemplate":"https:\/\/www.spaestonia.ee\/resort\/?s={search_term_string}"},"query-input":{"@type":"PropertyValueSpecification","valueRequired":true,"valueName":"search_term_string"}}],"inLanguage":"et"},{"@type":"Organization","@id":"https:\/\/www.spaestonia.ee\/resort\/#organization","name":"ESTONIA Resort Hotel Spa","url":"https:\/\/www.spaestonia.ee\/resort\/","logo":{"@type":"ImageObject","inLanguage":"et","@id":"https:\/\/www.spaestonia.ee\/resort\/#\/schema\/logo\/image\/","url":"https:\/\/www.spaestonia.ee\/resort\/wp-content\/uploads\/2025\/02\/resort-hotel-estonia.png","contentUrl":"https:\/\/www.spaestonia.ee\/resort\/wp-content\/uploads\/2025\/02\/resort-hotel-estonia.png","width":400,"height":173,"caption":"ESTONIA Resort Hotel Spa"},"image":{"@id":"https:\/\/www.spaestonia.ee\/resort\/#\/schema\/logo\/image\/"},"sameAs":["https:\/\/www.facebook.com\/EstoniaResortHotel"]}]}},"_links":{"self":[{"href":"https:\/\/www.spaestonia.ee\/resort\/wp-json\/wp\/v2\/pages\/1365","targetHints":{"allow":["GET"]}}],"collection":[{"href":"https:\/\/www.spaestonia.ee\/resort\/wp-json\/wp\/v2\/pages"}],"about":[{"href":"https:\/\/www.spaestonia.ee\/resort\/wp-json\/wp\/v2\/types\/page"}],"author":[{"embeddable":true,"href":"https:\/\/www.spaestonia.ee\/resort\/wp-json\/wp\/v2\/users\/1"}],"replies":[{"embeddable":true,"href":"https:\/\/www.spaestonia.ee\/resort\/wp-json\/wp\/v2\/comments?post=1365"}],"version-history":[{"count":45,"href":"https:\/\/www.spaestonia.ee\/resort\/wp-json\/wp\/v2\/pages\/1365\/revisions"}],"predecessor-version":[{"id":43586,"href":"https:\/\/www.spaestonia.ee\/resort\/wp-json\/wp\/v2\/pages\/1365\/revisions\/43586"}],"up":[{"embeddable":true,"href":"https:\/\/www.spaestonia.ee\/resort\/wp-json\/wp\/v2\/pages\/1787"}],"wp:attachment":[{"href":"https:\/\/www.spaestonia.ee\/resort\/wp-json\/wp\/v2\/media?parent=1365"}],"curies":[{"name":"wp","href":"https:\/\/api.w.org\/{rel}","templated":true}]}}