{"id":18401,"date":"2018-01-26T09:55:11","date_gmt":"2018-01-26T07:55:11","guid":{"rendered":"https:\/\/www.spaestonia.ee\/resort\/?page_id=18401"},"modified":"2018-01-26T09:55:11","modified_gmt":"2018-01-26T07:55:11","slug":"estonia-resort-hotel-spa-on-eesti-2018-aasta-parimate-hotellide-seas","status":"publish","type":"page","link":"https:\/\/www.spaestonia.ee\/resort\/meist\/ajalugu\/estonia-resort-hotel-spa-on-eesti-2018-aasta-parimate-hotellide-seas\/","title":{"rendered":"ESTONIA Resort Hotel &#038; Spa**** on Eesti 2018. aasta parimate hotellide seas!"},"content":{"rendered":"<p><img loading=\"lazy\" decoding=\"async\" class=\"alignright wp-image-18402 size-full\" src=\"https:\/\/www.spaestonia.ee\/resort\/wp-content\/uploads\/2018\/01\/sviit-550x360.jpg\" alt=\"sviit 550x360\" width=\"550\" height=\"360\" srcset=\"https:\/\/www.spaestonia.ee\/resort\/wp-content\/uploads\/2018\/01\/sviit-550x360.jpg 550w, https:\/\/www.spaestonia.ee\/resort\/wp-content\/uploads\/2018\/01\/sviit-550x360-300x196.jpg 300w\" sizes=\"auto, (max-width: 550px) 100vw, 550px\" \/>Tripadvisor avaldas Eesti parimate hotellide pingerea ning 7. kohalt leiame ESTONIA Resort Hotel &amp; Spa****!<\/p>\n<p>Reisijate hinnangutel ja kommentaaridel p\u00f5hinev portaal esitleb Eesti 10 parimat hotelli 2018. aasta alguse seisuga. Maailma k\u00f5ige tuntumasse ja kasutatumasse reisiportaali lisandub iga minutiga\u00a0mitusada hinnangut ja kommentaari. Kuna <a href=\"https:\/\/www.tripadvisor.com\/TravelersChoice-Hotels-cTop-g274952\">Eesti TOP 10<\/a> valitsevad suured hotellid Tallinnas, siis oleme oma tulemuse \u00fcle veelgi \u00f5nnelikumad.<\/p>\n<p>ESTONIA Resort Hotel &amp; Spa on 2015. aasta juulis avatud uue kontseptsiooniga kuurorthotell Eesti suvepealinnas P\u00e4rnus. Uus hotell, mis kerkis senise Rohelise ja Valge maja asemele, ammutab inspiratsiooni Eesti loodusest, rahvuslikest traditsioonidest, k\u00e4sit\u00f6\u00f6st ja kultuurist. Siin on nelja t\u00e4rni hotellimugavused \u00fchendatud eestimaiste spaa- ja saunam\u00f5nudega.<\/p>\n<p>Hotelli spaa- ja konverentsimaja 1. korrusel asub\u00a0<a href=\"https:\/\/www.spaestonia.ee\/resort\/konverentsikeskus\/\">KONVERENTSIKESKUS<\/a>\u00a0enam kui 300 k\u00fclalisele. 2. ja 3. korrusel on k\u00fclastajate kasutuses ainulaadne\u00a0<a href=\"https:\/\/www.spaestonia.ee\/resort\/spaa-ja-saunakeskus\/\">SPAA- ja SAUNAKESKUS<\/a>\u00a0koos\u00a0<a href=\"https:\/\/www.spaestonia.ee\/resort\/jooga-fitness-parnus\/\">ACTIVESPA-ga<\/a>, kus kliendid saavad teadlikult tegeleda oma tervise, keha ja meele tasakaalustamisega nii spaahoolitsusi nautides kui ka jooga ja r\u00fchmatundides.<\/p>\n<p>Tule ja veendu ise ESTONIA Resort Hotel &amp; Spa headuses, tutvu meie parimate pakkumistega <a href=\"https:\/\/www.spaestonia.ee\/resort\/pakkumised\/\">SIIN<\/a>!<\/p>\n","protected":false},"excerpt":{"rendered":"<p>Tripadvisor avaldas Eesti parimate hotellide pingerea ning 7. kohalt leiame ESTONIA Resort Hotel &amp; Spa****!&hellip;<\/p>\n","protected":false},"author":8,"featured_media":0,"parent":2276,"menu_order":0,"comment_status":"closed","ping_status":"closed","template":"","meta":{"footnotes":""},"class_list":["post-18401","page","type-page","status-publish","hentry"],"yoast_head":"<!-- This site is optimized with the Yoast SEO plugin v26.7 - https:\/\/yoast.com\/wordpress\/plugins\/seo\/ -->\n<title>ESTONIA Resort Hotel &amp; Spa**** on Eesti 2018. aasta parimate hotellide seas! - ESTONIA Resort Hotel Spa<\/title>\n<meta name=\"robots\" content=\"index, follow, max-snippet:-1, max-image-preview:large, max-video-preview:-1\" \/>\n<link rel=\"canonical\" href=\"https:\/\/www.spaestonia.ee\/resort\/meist\/ajalugu\/estonia-resort-hotel-spa-on-eesti-2018-aasta-parimate-hotellide-seas\/\" \/>\n<meta property=\"og:locale\" content=\"et_EE\" \/>\n<meta property=\"og:type\" content=\"article\" \/>\n<meta property=\"og:title\" content=\"ESTONIA Resort Hotel &amp; Spa**** on Eesti 2018. aasta parimate hotellide seas! - ESTONIA Resort Hotel Spa\" \/>\n<meta property=\"og:description\" content=\"Tripadvisor avaldas Eesti parimate hotellide pingerea ning 7. kohalt leiame ESTONIA Resort Hotel &amp; Spa****!&hellip;\" \/>\n<meta property=\"og:url\" content=\"https:\/\/www.spaestonia.ee\/resort\/meist\/ajalugu\/estonia-resort-hotel-spa-on-eesti-2018-aasta-parimate-hotellide-seas\/\" \/>\n<meta property=\"og:site_name\" content=\"ESTONIA Resort Hotel Spa\" \/>\n<meta property=\"article:publisher\" content=\"https:\/\/www.facebook.com\/EstoniaResortHotel\" \/>\n<meta property=\"og:image\" content=\"https:\/\/www.spaestonia.ee\/resort\/wp-content\/uploads\/2018\/01\/sviit-550x360.jpg\" \/>\n<meta name=\"twitter:card\" content=\"summary_large_image\" \/>\n<meta name=\"twitter:label1\" content=\"Est. reading time\" \/>\n\t<meta name=\"twitter:data1\" content=\"1 minut\" \/>\n<script type=\"application\/ld+json\" class=\"yoast-schema-graph\">{\"@context\":\"https:\/\/schema.org\",\"@graph\":[{\"@type\":\"WebPage\",\"@id\":\"https:\/\/www.spaestonia.ee\/resort\/meist\/ajalugu\/estonia-resort-hotel-spa-on-eesti-2018-aasta-parimate-hotellide-seas\/\",\"url\":\"https:\/\/www.spaestonia.ee\/resort\/meist\/ajalugu\/estonia-resort-hotel-spa-on-eesti-2018-aasta-parimate-hotellide-seas\/\",\"name\":\"ESTONIA Resort Hotel & Spa**** on Eesti 2018. aasta parimate hotellide seas! - ESTONIA Resort Hotel Spa\",\"isPartOf\":{\"@id\":\"https:\/\/www.spaestonia.ee\/resort\/#website\"},\"primaryImageOfPage\":{\"@id\":\"https:\/\/www.spaestonia.ee\/resort\/meist\/ajalugu\/estonia-resort-hotel-spa-on-eesti-2018-aasta-parimate-hotellide-seas\/#primaryimage\"},\"image\":{\"@id\":\"https:\/\/www.spaestonia.ee\/resort\/meist\/ajalugu\/estonia-resort-hotel-spa-on-eesti-2018-aasta-parimate-hotellide-seas\/#primaryimage\"},\"thumbnailUrl\":\"https:\/\/www.spaestonia.ee\/resort\/wp-content\/uploads\/2018\/01\/sviit-550x360.jpg\",\"datePublished\":\"2018-01-26T07:55:11+00:00\",\"breadcrumb\":{\"@id\":\"https:\/\/www.spaestonia.ee\/resort\/meist\/ajalugu\/estonia-resort-hotel-spa-on-eesti-2018-aasta-parimate-hotellide-seas\/#breadcrumb\"},\"inLanguage\":\"et\",\"potentialAction\":[{\"@type\":\"ReadAction\",\"target\":[\"https:\/\/www.spaestonia.ee\/resort\/meist\/ajalugu\/estonia-resort-hotel-spa-on-eesti-2018-aasta-parimate-hotellide-seas\/\"]}]},{\"@type\":\"ImageObject\",\"inLanguage\":\"et\",\"@id\":\"https:\/\/www.spaestonia.ee\/resort\/meist\/ajalugu\/estonia-resort-hotel-spa-on-eesti-2018-aasta-parimate-hotellide-seas\/#primaryimage\",\"url\":\"https:\/\/www.spaestonia.ee\/resort\/wp-content\/uploads\/2018\/01\/sviit-550x360.jpg\",\"contentUrl\":\"https:\/\/www.spaestonia.ee\/resort\/wp-content\/uploads\/2018\/01\/sviit-550x360.jpg\",\"width\":550,\"height\":360},{\"@type\":\"BreadcrumbList\",\"@id\":\"https:\/\/www.spaestonia.ee\/resort\/meist\/ajalugu\/estonia-resort-hotel-spa-on-eesti-2018-aasta-parimate-hotellide-seas\/#breadcrumb\",\"itemListElement\":[{\"@type\":\"ListItem\",\"position\":1,\"name\":\"Home\",\"item\":\"https:\/\/www.spaestonia.ee\/resort\/\"},{\"@type\":\"ListItem\",\"position\":2,\"name\":\"Meist\",\"item\":\"https:\/\/www.spaestonia.ee\/resort\/meist\/\"},{\"@type\":\"ListItem\",\"position\":3,\"name\":\"Ajalugu \/ Pressiteated\",\"item\":\"https:\/\/www.spaestonia.ee\/resort\/meist\/ajalugu\/\"},{\"@type\":\"ListItem\",\"position\":4,\"name\":\"ESTONIA Resort Hotel &#038; Spa**** on Eesti 2018. aasta parimate hotellide seas!\"}]},{\"@type\":\"WebSite\",\"@id\":\"https:\/\/www.spaestonia.ee\/resort\/#website\",\"url\":\"https:\/\/www.spaestonia.ee\/resort\/\",\"name\":\"ESTONIA Resort Hotel Spa\",\"description\":\"Your destination in P\u00e4rnu for wellness and events\",\"publisher\":{\"@id\":\"https:\/\/www.spaestonia.ee\/resort\/#organization\"},\"potentialAction\":[{\"@type\":\"SearchAction\",\"target\":{\"@type\":\"EntryPoint\",\"urlTemplate\":\"https:\/\/www.spaestonia.ee\/resort\/?s={search_term_string}\"},\"query-input\":{\"@type\":\"PropertyValueSpecification\",\"valueRequired\":true,\"valueName\":\"search_term_string\"}}],\"inLanguage\":\"et\"},{\"@type\":\"Organization\",\"@id\":\"https:\/\/www.spaestonia.ee\/resort\/#organization\",\"name\":\"ESTONIA Resort Hotel Spa\",\"url\":\"https:\/\/www.spaestonia.ee\/resort\/\",\"logo\":{\"@type\":\"ImageObject\",\"inLanguage\":\"et\",\"@id\":\"https:\/\/www.spaestonia.ee\/resort\/#\/schema\/logo\/image\/\",\"url\":\"https:\/\/www.spaestonia.ee\/resort\/wp-content\/uploads\/2025\/02\/resort-hotel-estonia.png\",\"contentUrl\":\"https:\/\/www.spaestonia.ee\/resort\/wp-content\/uploads\/2025\/02\/resort-hotel-estonia.png\",\"width\":400,\"height\":173,\"caption\":\"ESTONIA Resort Hotel Spa\"},\"image\":{\"@id\":\"https:\/\/www.spaestonia.ee\/resort\/#\/schema\/logo\/image\/\"},\"sameAs\":[\"https:\/\/www.facebook.com\/EstoniaResortHotel\"]}]}<\/script>\n<!-- \/ Yoast SEO plugin. -->","yoast_head_json":{"title":"ESTONIA Resort Hotel & Spa**** on Eesti 2018. aasta parimate hotellide seas! - ESTONIA Resort Hotel Spa","robots":{"index":"index","follow":"follow","max-snippet":"max-snippet:-1","max-image-preview":"max-image-preview:large","max-video-preview":"max-video-preview:-1"},"canonical":"https:\/\/www.spaestonia.ee\/resort\/meist\/ajalugu\/estonia-resort-hotel-spa-on-eesti-2018-aasta-parimate-hotellide-seas\/","og_locale":"et_EE","og_type":"article","og_title":"ESTONIA Resort Hotel & Spa**** on Eesti 2018. aasta parimate hotellide seas! - ESTONIA Resort Hotel Spa","og_description":"Tripadvisor avaldas Eesti parimate hotellide pingerea ning 7. kohalt leiame ESTONIA Resort Hotel &amp; Spa****!&hellip;","og_url":"https:\/\/www.spaestonia.ee\/resort\/meist\/ajalugu\/estonia-resort-hotel-spa-on-eesti-2018-aasta-parimate-hotellide-seas\/","og_site_name":"ESTONIA Resort Hotel Spa","article_publisher":"https:\/\/www.facebook.com\/EstoniaResortHotel","og_image":[{"url":"https:\/\/www.spaestonia.ee\/resort\/wp-content\/uploads\/2018\/01\/sviit-550x360.jpg","type":"","width":"","height":""}],"twitter_card":"summary_large_image","twitter_misc":{"Est. reading time":"1 minut"},"schema":{"@context":"https:\/\/schema.org","@graph":[{"@type":"WebPage","@id":"https:\/\/www.spaestonia.ee\/resort\/meist\/ajalugu\/estonia-resort-hotel-spa-on-eesti-2018-aasta-parimate-hotellide-seas\/","url":"https:\/\/www.spaestonia.ee\/resort\/meist\/ajalugu\/estonia-resort-hotel-spa-on-eesti-2018-aasta-parimate-hotellide-seas\/","name":"ESTONIA Resort Hotel & Spa**** on Eesti 2018. aasta parimate hotellide seas! - ESTONIA Resort Hotel Spa","isPartOf":{"@id":"https:\/\/www.spaestonia.ee\/resort\/#website"},"primaryImageOfPage":{"@id":"https:\/\/www.spaestonia.ee\/resort\/meist\/ajalugu\/estonia-resort-hotel-spa-on-eesti-2018-aasta-parimate-hotellide-seas\/#primaryimage"},"image":{"@id":"https:\/\/www.spaestonia.ee\/resort\/meist\/ajalugu\/estonia-resort-hotel-spa-on-eesti-2018-aasta-parimate-hotellide-seas\/#primaryimage"},"thumbnailUrl":"https:\/\/www.spaestonia.ee\/resort\/wp-content\/uploads\/2018\/01\/sviit-550x360.jpg","datePublished":"2018-01-26T07:55:11+00:00","breadcrumb":{"@id":"https:\/\/www.spaestonia.ee\/resort\/meist\/ajalugu\/estonia-resort-hotel-spa-on-eesti-2018-aasta-parimate-hotellide-seas\/#breadcrumb"},"inLanguage":"et","potentialAction":[{"@type":"ReadAction","target":["https:\/\/www.spaestonia.ee\/resort\/meist\/ajalugu\/estonia-resort-hotel-spa-on-eesti-2018-aasta-parimate-hotellide-seas\/"]}]},{"@type":"ImageObject","inLanguage":"et","@id":"https:\/\/www.spaestonia.ee\/resort\/meist\/ajalugu\/estonia-resort-hotel-spa-on-eesti-2018-aasta-parimate-hotellide-seas\/#primaryimage","url":"https:\/\/www.spaestonia.ee\/resort\/wp-content\/uploads\/2018\/01\/sviit-550x360.jpg","contentUrl":"https:\/\/www.spaestonia.ee\/resort\/wp-content\/uploads\/2018\/01\/sviit-550x360.jpg","width":550,"height":360},{"@type":"BreadcrumbList","@id":"https:\/\/www.spaestonia.ee\/resort\/meist\/ajalugu\/estonia-resort-hotel-spa-on-eesti-2018-aasta-parimate-hotellide-seas\/#breadcrumb","itemListElement":[{"@type":"ListItem","position":1,"name":"Home","item":"https:\/\/www.spaestonia.ee\/resort\/"},{"@type":"ListItem","position":2,"name":"Meist","item":"https:\/\/www.spaestonia.ee\/resort\/meist\/"},{"@type":"ListItem","position":3,"name":"Ajalugu \/ Pressiteated","item":"https:\/\/www.spaestonia.ee\/resort\/meist\/ajalugu\/"},{"@type":"ListItem","position":4,"name":"ESTONIA Resort Hotel &#038; Spa**** on Eesti 2018. aasta parimate hotellide seas!"}]},{"@type":"WebSite","@id":"https:\/\/www.spaestonia.ee\/resort\/#website","url":"https:\/\/www.spaestonia.ee\/resort\/","name":"ESTONIA Resort Hotel Spa","description":"Your destination in P\u00e4rnu for wellness and events","publisher":{"@id":"https:\/\/www.spaestonia.ee\/resort\/#organization"},"potentialAction":[{"@type":"SearchAction","target":{"@type":"EntryPoint","urlTemplate":"https:\/\/www.spaestonia.ee\/resort\/?s={search_term_string}"},"query-input":{"@type":"PropertyValueSpecification","valueRequired":true,"valueName":"search_term_string"}}],"inLanguage":"et"},{"@type":"Organization","@id":"https:\/\/www.spaestonia.ee\/resort\/#organization","name":"ESTONIA Resort Hotel Spa","url":"https:\/\/www.spaestonia.ee\/resort\/","logo":{"@type":"ImageObject","inLanguage":"et","@id":"https:\/\/www.spaestonia.ee\/resort\/#\/schema\/logo\/image\/","url":"https:\/\/www.spaestonia.ee\/resort\/wp-content\/uploads\/2025\/02\/resort-hotel-estonia.png","contentUrl":"https:\/\/www.spaestonia.ee\/resort\/wp-content\/uploads\/2025\/02\/resort-hotel-estonia.png","width":400,"height":173,"caption":"ESTONIA Resort Hotel Spa"},"image":{"@id":"https:\/\/www.spaestonia.ee\/resort\/#\/schema\/logo\/image\/"},"sameAs":["https:\/\/www.facebook.com\/EstoniaResortHotel"]}]}},"_links":{"self":[{"href":"https:\/\/www.spaestonia.ee\/resort\/wp-json\/wp\/v2\/pages\/18401","targetHints":{"allow":["GET"]}}],"collection":[{"href":"https:\/\/www.spaestonia.ee\/resort\/wp-json\/wp\/v2\/pages"}],"about":[{"href":"https:\/\/www.spaestonia.ee\/resort\/wp-json\/wp\/v2\/types\/page"}],"author":[{"embeddable":true,"href":"https:\/\/www.spaestonia.ee\/resort\/wp-json\/wp\/v2\/users\/8"}],"replies":[{"embeddable":true,"href":"https:\/\/www.spaestonia.ee\/resort\/wp-json\/wp\/v2\/comments?post=18401"}],"version-history":[{"count":1,"href":"https:\/\/www.spaestonia.ee\/resort\/wp-json\/wp\/v2\/pages\/18401\/revisions"}],"predecessor-version":[{"id":18406,"href":"https:\/\/www.spaestonia.ee\/resort\/wp-json\/wp\/v2\/pages\/18401\/revisions\/18406"}],"up":[{"embeddable":true,"href":"https:\/\/www.spaestonia.ee\/resort\/wp-json\/wp\/v2\/pages\/2276"}],"wp:attachment":[{"href":"https:\/\/www.spaestonia.ee\/resort\/wp-json\/wp\/v2\/media?parent=18401"}],"curies":[{"name":"wp","href":"https:\/\/api.w.org\/{rel}","templated":true}]}}