{"id":19139,"date":"2018-03-06T11:39:27","date_gmt":"2018-03-06T09:39:27","guid":{"rendered":"https:\/\/www.spaestonia.ee\/resort\/?page_id=19139"},"modified":"2018-03-06T11:43:00","modified_gmt":"2018-03-06T09:43:00","slug":"kahe-silla-klubi-ja-estonia-spa-hotels-alustavad-koostood","status":"publish","type":"page","link":"https:\/\/www.spaestonia.ee\/resort\/kahe-silla-klubi-ja-estonia-spa-hotels-alustavad-koostood\/","title":{"rendered":"Estonia Spa Hotels ja Kahe Silla Klubi alustavad koost\u00f6\u00f6d"},"content":{"rendered":"<p>06.03.2018<\/p>\n<p><strong>Estonia Spa Hotels AS ja P\u00e4rnu Kahe Silla klubi \u00fchendasid j\u00f5ud, et veelgi enam tutvustada P\u00e4rnut kui aktiivse puhkuse veetmise sihtkohta spordis\u00f5pradele. ESTONIA Resort Hotel &amp; Spa restoran NOOT hoolitseb edaspidi korraldustiimi kehakinnituse eest.<br \/>\n<\/strong><\/p>\n<p>Mitmeaastase koost\u00f6\u00f6na tuuakse alates t\u00e4navusest hooajast spordi\u00fcritustel osalejateni spaa-, toitlustus- ja majutusteenuste eripakkumised ning kutsutakse spordis\u00f5pru pikemalt P\u00e4rnus peatuma ja linna nautima.<\/p>\n<p>Lisainfo: <a href=\"https:\/\/www.2silda.ee\/kahe-silla-klubi-ja-estonia-spa-hotels-alustavad-koostood\/\" target=\"_blank\">https:\/\/www.2silda.ee\/kahe-silla-klubi-ja-estonia-spa-hotels-alustavad-koostood\/ <\/a><\/p>\n<hr \/>\n<p><strong>P\u00e4rnu Kahe Silla Klubi<\/strong> korraldab L\u00e4\u00e4ne-Eesti suurimaid spordis\u00fcndmusi, pakkudes seel\u00e4bi tegevust erinevatele ea- ja sihtgruppidele. Lisaks <a href=\"https:\/\/www.2silda.ee\/juri-jaansoni-kahe-silla-jooks\/\" target=\"_blank\">J\u00fcri Jaansoni Kahe Silla jooksule<\/a> kuuluvad programmi ka <a href=\"https:\/\/www.2silda.ee\/rannametsa-luitejooks\/\" target=\"_blank\">Luitejooks<\/a>, <a href=\"https:\/\/www.2silda.ee\/maraton-eesti-vabariik-100-2\/\" target=\"_blank\">Maraton Eesti Vabariik 100<\/a> ja <a href=\"https:\/\/www.2silda.ee\/parnu-rannajooks\/\" target=\"_blank\">P\u00e4rnu Rannajooks<\/a>. 2018. aastal oodatakse \u00fcritustest osa saama ligi 8000 erinevas eas spordis\u00f5pra.<\/p>\n<p><strong>Estonia Spa Hotels AS<\/strong> haldab P\u00e4rnus kahte hotelli:<\/p>\n<p><a href=\"https:\/\/www.spaestonia.ee\/resort\/\">ESTONIA Resort Hotel &amp; Spa<\/a>**** on juulis 2015 avatud uue kontseptsiooniga spaa- ja konverentsihotell P\u00e4rnus. Hotellis on 106 k\u00f5igi mugavustega hotellituba ja <a href=\"https:\/\/www.spaestonia.ee\/resort\/restoran\/\">restoran NOOT<\/a>. Hotelli spaa- ja konverentsimaja esimesel korrusel asub rahvusvaheline konverentsikeskus enam kui 300 k\u00fclalisele. Teisel ja kolmandal korrusel on k\u00fclastajate kasutuses ainulaadne spaa- ja saunakeskus SPA &amp; SAUN, kus saab teadlikult tegeleda oma keha ja meele tasakaalustamisega. Hotelli interj\u00f6\u00f6r ja teenuste kontseptsioon ammutab inspiratsiooni Eesti loodusest, rahvuslikest traditsioonidest, k\u00e4sit\u00f6\u00f6st ja kultuurist.<\/p>\n<p><a href=\"https:\/\/www.spaestonia.ee\/medical\/\">ESTONIA Medical Spa &amp; Hotel <\/a>on traditsiooniline ravispaa ja hotell P\u00e4rnus, mis on spetsialiseerunud luu- ja liigeshaiguste ennetus- ja taastusravile. Ravispaa m\u00e4rks\u00f5nadeks on aastak\u00fcmnete pikkune traditsioon ja professionaalsus. K\u00fclalistele on valikus enam kui 60 erinevat raviprotseduuri, lisaks vee- ja saunakeskus Estonia Spa TERMID ning iluhoolitsuste kabinetid.<\/p>\n","protected":false},"excerpt":{"rendered":"<p>06.03.2018 Estonia Spa Hotels AS ja P\u00e4rnu Kahe Silla klubi \u00fchendasid j\u00f5ud, et veelgi enam&hellip;<\/p>\n","protected":false},"author":1,"featured_media":0,"parent":0,"menu_order":0,"comment_status":"closed","ping_status":"closed","template":"","meta":{"footnotes":""},"class_list":["post-19139","page","type-page","status-publish","hentry"],"yoast_head":"<!-- This site is optimized with the Yoast SEO plugin v26.7 - https:\/\/yoast.com\/wordpress\/plugins\/seo\/ -->\n<title>Estonia Spa Hotels ja Kahe Silla Klubi alustavad koost\u00f6\u00f6d - ESTONIA Resort Hotel Spa<\/title>\n<meta name=\"robots\" content=\"index, follow, max-snippet:-1, max-image-preview:large, max-video-preview:-1\" \/>\n<link rel=\"canonical\" href=\"https:\/\/www.spaestonia.ee\/resort\/kahe-silla-klubi-ja-estonia-spa-hotels-alustavad-koostood\/\" \/>\n<meta property=\"og:locale\" content=\"et_EE\" \/>\n<meta property=\"og:type\" content=\"article\" \/>\n<meta property=\"og:title\" content=\"Estonia Spa Hotels ja Kahe Silla Klubi alustavad koost\u00f6\u00f6d - ESTONIA Resort Hotel Spa\" \/>\n<meta property=\"og:description\" content=\"06.03.2018 Estonia Spa Hotels AS ja P\u00e4rnu Kahe Silla klubi \u00fchendasid j\u00f5ud, et veelgi enam&hellip;\" \/>\n<meta property=\"og:url\" content=\"https:\/\/www.spaestonia.ee\/resort\/kahe-silla-klubi-ja-estonia-spa-hotels-alustavad-koostood\/\" \/>\n<meta property=\"og:site_name\" content=\"ESTONIA Resort Hotel Spa\" \/>\n<meta property=\"article:publisher\" content=\"https:\/\/www.facebook.com\/EstoniaResortHotel\" \/>\n<meta property=\"article:modified_time\" content=\"2018-03-06T09:43:00+00:00\" \/>\n<meta name=\"twitter:card\" content=\"summary_large_image\" \/>\n<meta name=\"twitter:label1\" content=\"Est. reading time\" \/>\n\t<meta name=\"twitter:data1\" content=\"1 minut\" \/>\n<script type=\"application\/ld+json\" class=\"yoast-schema-graph\">{\"@context\":\"https:\/\/schema.org\",\"@graph\":[{\"@type\":\"WebPage\",\"@id\":\"https:\/\/www.spaestonia.ee\/resort\/kahe-silla-klubi-ja-estonia-spa-hotels-alustavad-koostood\/\",\"url\":\"https:\/\/www.spaestonia.ee\/resort\/kahe-silla-klubi-ja-estonia-spa-hotels-alustavad-koostood\/\",\"name\":\"Estonia Spa Hotels ja Kahe Silla Klubi alustavad koost\u00f6\u00f6d - ESTONIA Resort Hotel Spa\",\"isPartOf\":{\"@id\":\"https:\/\/www.spaestonia.ee\/resort\/#website\"},\"datePublished\":\"2018-03-06T09:39:27+00:00\",\"dateModified\":\"2018-03-06T09:43:00+00:00\",\"breadcrumb\":{\"@id\":\"https:\/\/www.spaestonia.ee\/resort\/kahe-silla-klubi-ja-estonia-spa-hotels-alustavad-koostood\/#breadcrumb\"},\"inLanguage\":\"et\",\"potentialAction\":[{\"@type\":\"ReadAction\",\"target\":[\"https:\/\/www.spaestonia.ee\/resort\/kahe-silla-klubi-ja-estonia-spa-hotels-alustavad-koostood\/\"]}]},{\"@type\":\"BreadcrumbList\",\"@id\":\"https:\/\/www.spaestonia.ee\/resort\/kahe-silla-klubi-ja-estonia-spa-hotels-alustavad-koostood\/#breadcrumb\",\"itemListElement\":[{\"@type\":\"ListItem\",\"position\":1,\"name\":\"Home\",\"item\":\"https:\/\/www.spaestonia.ee\/resort\/\"},{\"@type\":\"ListItem\",\"position\":2,\"name\":\"Estonia Spa Hotels ja Kahe Silla Klubi alustavad koost\u00f6\u00f6d\"}]},{\"@type\":\"WebSite\",\"@id\":\"https:\/\/www.spaestonia.ee\/resort\/#website\",\"url\":\"https:\/\/www.spaestonia.ee\/resort\/\",\"name\":\"ESTONIA Resort Hotel Spa\",\"description\":\"Your destination in P\u00e4rnu for wellness and events\",\"publisher\":{\"@id\":\"https:\/\/www.spaestonia.ee\/resort\/#organization\"},\"potentialAction\":[{\"@type\":\"SearchAction\",\"target\":{\"@type\":\"EntryPoint\",\"urlTemplate\":\"https:\/\/www.spaestonia.ee\/resort\/?s={search_term_string}\"},\"query-input\":{\"@type\":\"PropertyValueSpecification\",\"valueRequired\":true,\"valueName\":\"search_term_string\"}}],\"inLanguage\":\"et\"},{\"@type\":\"Organization\",\"@id\":\"https:\/\/www.spaestonia.ee\/resort\/#organization\",\"name\":\"ESTONIA Resort Hotel Spa\",\"url\":\"https:\/\/www.spaestonia.ee\/resort\/\",\"logo\":{\"@type\":\"ImageObject\",\"inLanguage\":\"et\",\"@id\":\"https:\/\/www.spaestonia.ee\/resort\/#\/schema\/logo\/image\/\",\"url\":\"https:\/\/www.spaestonia.ee\/resort\/wp-content\/uploads\/2025\/02\/resort-hotel-estonia.png\",\"contentUrl\":\"https:\/\/www.spaestonia.ee\/resort\/wp-content\/uploads\/2025\/02\/resort-hotel-estonia.png\",\"width\":400,\"height\":173,\"caption\":\"ESTONIA Resort Hotel Spa\"},\"image\":{\"@id\":\"https:\/\/www.spaestonia.ee\/resort\/#\/schema\/logo\/image\/\"},\"sameAs\":[\"https:\/\/www.facebook.com\/EstoniaResortHotel\"]}]}<\/script>\n<!-- \/ Yoast SEO plugin. -->","yoast_head_json":{"title":"Estonia Spa Hotels ja Kahe Silla Klubi alustavad koost\u00f6\u00f6d - ESTONIA Resort Hotel Spa","robots":{"index":"index","follow":"follow","max-snippet":"max-snippet:-1","max-image-preview":"max-image-preview:large","max-video-preview":"max-video-preview:-1"},"canonical":"https:\/\/www.spaestonia.ee\/resort\/kahe-silla-klubi-ja-estonia-spa-hotels-alustavad-koostood\/","og_locale":"et_EE","og_type":"article","og_title":"Estonia Spa Hotels ja Kahe Silla Klubi alustavad koost\u00f6\u00f6d - ESTONIA Resort Hotel Spa","og_description":"06.03.2018 Estonia Spa Hotels AS ja P\u00e4rnu Kahe Silla klubi \u00fchendasid j\u00f5ud, et veelgi enam&hellip;","og_url":"https:\/\/www.spaestonia.ee\/resort\/kahe-silla-klubi-ja-estonia-spa-hotels-alustavad-koostood\/","og_site_name":"ESTONIA Resort Hotel Spa","article_publisher":"https:\/\/www.facebook.com\/EstoniaResortHotel","article_modified_time":"2018-03-06T09:43:00+00:00","twitter_card":"summary_large_image","twitter_misc":{"Est. reading time":"1 minut"},"schema":{"@context":"https:\/\/schema.org","@graph":[{"@type":"WebPage","@id":"https:\/\/www.spaestonia.ee\/resort\/kahe-silla-klubi-ja-estonia-spa-hotels-alustavad-koostood\/","url":"https:\/\/www.spaestonia.ee\/resort\/kahe-silla-klubi-ja-estonia-spa-hotels-alustavad-koostood\/","name":"Estonia Spa Hotels ja Kahe Silla Klubi alustavad koost\u00f6\u00f6d - ESTONIA Resort Hotel Spa","isPartOf":{"@id":"https:\/\/www.spaestonia.ee\/resort\/#website"},"datePublished":"2018-03-06T09:39:27+00:00","dateModified":"2018-03-06T09:43:00+00:00","breadcrumb":{"@id":"https:\/\/www.spaestonia.ee\/resort\/kahe-silla-klubi-ja-estonia-spa-hotels-alustavad-koostood\/#breadcrumb"},"inLanguage":"et","potentialAction":[{"@type":"ReadAction","target":["https:\/\/www.spaestonia.ee\/resort\/kahe-silla-klubi-ja-estonia-spa-hotels-alustavad-koostood\/"]}]},{"@type":"BreadcrumbList","@id":"https:\/\/www.spaestonia.ee\/resort\/kahe-silla-klubi-ja-estonia-spa-hotels-alustavad-koostood\/#breadcrumb","itemListElement":[{"@type":"ListItem","position":1,"name":"Home","item":"https:\/\/www.spaestonia.ee\/resort\/"},{"@type":"ListItem","position":2,"name":"Estonia Spa Hotels ja Kahe Silla Klubi alustavad koost\u00f6\u00f6d"}]},{"@type":"WebSite","@id":"https:\/\/www.spaestonia.ee\/resort\/#website","url":"https:\/\/www.spaestonia.ee\/resort\/","name":"ESTONIA Resort Hotel Spa","description":"Your destination in P\u00e4rnu for wellness and events","publisher":{"@id":"https:\/\/www.spaestonia.ee\/resort\/#organization"},"potentialAction":[{"@type":"SearchAction","target":{"@type":"EntryPoint","urlTemplate":"https:\/\/www.spaestonia.ee\/resort\/?s={search_term_string}"},"query-input":{"@type":"PropertyValueSpecification","valueRequired":true,"valueName":"search_term_string"}}],"inLanguage":"et"},{"@type":"Organization","@id":"https:\/\/www.spaestonia.ee\/resort\/#organization","name":"ESTONIA Resort Hotel Spa","url":"https:\/\/www.spaestonia.ee\/resort\/","logo":{"@type":"ImageObject","inLanguage":"et","@id":"https:\/\/www.spaestonia.ee\/resort\/#\/schema\/logo\/image\/","url":"https:\/\/www.spaestonia.ee\/resort\/wp-content\/uploads\/2025\/02\/resort-hotel-estonia.png","contentUrl":"https:\/\/www.spaestonia.ee\/resort\/wp-content\/uploads\/2025\/02\/resort-hotel-estonia.png","width":400,"height":173,"caption":"ESTONIA Resort Hotel Spa"},"image":{"@id":"https:\/\/www.spaestonia.ee\/resort\/#\/schema\/logo\/image\/"},"sameAs":["https:\/\/www.facebook.com\/EstoniaResortHotel"]}]}},"_links":{"self":[{"href":"https:\/\/www.spaestonia.ee\/resort\/wp-json\/wp\/v2\/pages\/19139","targetHints":{"allow":["GET"]}}],"collection":[{"href":"https:\/\/www.spaestonia.ee\/resort\/wp-json\/wp\/v2\/pages"}],"about":[{"href":"https:\/\/www.spaestonia.ee\/resort\/wp-json\/wp\/v2\/types\/page"}],"author":[{"embeddable":true,"href":"https:\/\/www.spaestonia.ee\/resort\/wp-json\/wp\/v2\/users\/1"}],"replies":[{"embeddable":true,"href":"https:\/\/www.spaestonia.ee\/resort\/wp-json\/wp\/v2\/comments?post=19139"}],"version-history":[{"count":3,"href":"https:\/\/www.spaestonia.ee\/resort\/wp-json\/wp\/v2\/pages\/19139\/revisions"}],"predecessor-version":[{"id":19143,"href":"https:\/\/www.spaestonia.ee\/resort\/wp-json\/wp\/v2\/pages\/19139\/revisions\/19143"}],"wp:attachment":[{"href":"https:\/\/www.spaestonia.ee\/resort\/wp-json\/wp\/v2\/media?parent=19139"}],"curies":[{"name":"wp","href":"https:\/\/api.w.org\/{rel}","templated":true}]}}