{"id":20739,"date":"2018-06-21T13:24:33","date_gmt":"2018-06-21T10:24:33","guid":{"rendered":"http:\/\/www.spaestonia.ee\/resort\/?page_id=20739"},"modified":"2018-06-21T14:32:38","modified_gmt":"2018-06-21T11:32:38","slug":"parnus-toimub-korgetasemeline-rahvusvaheline-regioonide-konverents","status":"publish","type":"page","link":"https:\/\/www.spaestonia.ee\/resort\/parnus-toimub-korgetasemeline-rahvusvaheline-regioonide-konverents\/","title":{"rendered":"P\u00e4rnus toimub rahvusvaheline regioonide konverents"},"content":{"rendered":"<p>Pressiteade<br \/>\n20. juuni 2018<\/p>\n<p><strong><img loading=\"lazy\" decoding=\"async\" class=\"alignright wp-image-20755\" src=\"http:\/\/www.spaestonia.ee\/resort\/wp-content\/uploads\/2018\/06\/CPMR-logo.jpg\" alt=\"CPMR\" width=\"451\" height=\"120\" srcset=\"https:\/\/www.spaestonia.ee\/resort\/wp-content\/uploads\/2018\/06\/CPMR-logo.jpg 639w, https:\/\/www.spaestonia.ee\/resort\/wp-content\/uploads\/2018\/06\/CPMR-logo-300x80.jpg 300w\" sizes=\"auto, (max-width: 451px) 100vw, 451px\" \/>21. juunil 2018 toimub P\u00e4rnus CPMR (Euroopa mereliste \u00e4\u00e4realade organisatsioon) Poliitilise b\u00fcroo koosolek. Ligi 70 osalejat saabuvad erinevatest Euroopa riikidest. P\u00f5hiteemadeks lisaks organisatsiooni tegevuse \u00fclevaatele on transport ja \u00fchendused, Euroopa Liidu (EL) uus finantsperspektiiv ja \u00fchtekuuluvuspoliitika ning Euroopa tulevik.<\/strong><\/p>\n<p>Eesti poolt esitatakse l\u00f5ppdokumenti eriarvamus Euroopa Komisjoni kava osas kaotada \u00e4ra piiri \u00fclesed koost\u00f6\u00f6programmid (CBC) regioonide vahel, mis asuvad mere \u00e4\u00e4res. Viimane t\u00e4hendaks muuhulgas Kesk-L\u00e4\u00e4nemere programmi sulgemist.<\/p>\n<p>Konverentsist osav\u00f5tjaid tervitab riigihalduse minister Janek M\u00e4ggi 20. juuni \u00f5htul toimuval vastuv\u00f5tul. Konverentsi p\u00f5hip\u00e4eval astuvad teiste hulgas \u00fcles Euroopa Komisjoni Eesti esinduse juht Keit Kasemets ja Riigikogu liige Toomas Kivim\u00e4gi. Konverents toimub ESTONIA Resort Hotel &amp; Spa konverentsiruumides aadressil A.H. Tammsaare puiestee 4a\/6, algusega kell 9.00.<\/p>\n<p>Reedel, 22. juunil korraldatakse osalejatele P\u00e4rnu linnaekskursioon, k\u00fclastatakse Lottemaad ja P\u00e4rnu Bay Golf Links keskust. Peale l\u00f5unat tehakse l\u00fchivisiit Riigikokku.<\/p>\n<p>CPMR (<a href=\"https:\/\/cpmr.org\/\" target=\"_blank\">https:\/\/cpmr.org\/<\/a>) on regioonide \u00fchendus, kuhu kuulub 160 piirkonda Euroopa 25-st riigist, esindades kokku rohkem kui 200 miljonit inimest. CPMR on \u00fchelt poolt regioonide \u00fchine m\u00f5ttekoda, teiselt poolt tunnustatud <em>lobby<\/em> organisatsioon, ennek\u00f5ike EL institutsioonides.<\/p>\n<p>Eesti kuulub CPMRi kui \u00fcks regioon. \u00a0Varasemalt on Eestit esindanud maakonnad, sh P\u00e4rnumaa. CPMRi k\u00f5rgeim esinduskogu on Peaassamblee, mis toimub \u00fcks kord aastas, Poliitiline b\u00fcroo koguneb kaks korda aastas. Eestit esindab CPMR Poliitilises b\u00fcroos P\u00e4rnu Linnavolikogu ja Riigikogu liige Toomas Kivim\u00e4gi.<\/p>\n<p>Lisainfo:<br \/>\nToomas Kivim\u00e4gi &#8211; 50 13971<br \/>\nKersti Liiva \u2013 5329 2022<\/p>\n<hr \/>\n<p><a href=\"https:\/\/www.spaestonia.ee\/resort\/\"><img loading=\"lazy\" decoding=\"async\" class=\"alignright wp-image-20762\" src=\"http:\/\/www.spaestonia.ee\/resort\/wp-content\/uploads\/2018\/06\/cpmr-hall-setup.jpg\" alt=\"CPMR\" width=\"350\" height=\"263\" srcset=\"https:\/\/www.spaestonia.ee\/resort\/wp-content\/uploads\/2018\/06\/cpmr-hall-setup.jpg 450w, https:\/\/www.spaestonia.ee\/resort\/wp-content\/uploads\/2018\/06\/cpmr-hall-setup-300x225.jpg 300w\" sizes=\"auto, (max-width: 350px) 100vw, 350px\" \/>ESTONIA Resort Hotel &amp; Spa<\/a>**** on juulis 2015 avatud uue kontseptsiooniga spaa- ja konverentsihotell P\u00e4rnus. Hotellis on 106 k\u00f5igi mugavustega hotellituba ja restoran NOOT. Hotelli spaa- ja konverentsimaja esimesel korrusel asub rahvusvaheline konverentsikeskus enam kui 300 k\u00fclalisele. Teisel ja kolmandal korrusel on k\u00fclastajate kasutuses ainulaadne spaa- ja saunakeskus SPA &amp; SAUN, kus saab teadlikult tegeleda oma keha ja meele tasakaalustamisega. Hotelli interj\u00f6\u00f6r ja teenuste kontseptsioon ammutab inspiratsiooni Eesti loodusest, rahvuslikest traditsioonidest, k\u00e4sit\u00f6\u00f6st ja kultuurist.<\/p>\n<p>Lisainfo:<br \/>\nAve Pill<br \/>\nM\u00fc\u00fcgi- ja turundusjuht<br \/>\nESTONIA Resort Hotel &amp; Spa<br \/>\nTel 00372 523 2295<br \/>\nE-mail <a href=\"mailto:ave@spaestonia.ee\">ave@spaestonia.ee<\/a><\/p>\n","protected":false},"excerpt":{"rendered":"<p>Pressiteade 20. juuni 2018 21. juunil 2018 toimub P\u00e4rnus CPMR (Euroopa mereliste \u00e4\u00e4realade organisatsioon) Poliitilise&hellip;<\/p>\n","protected":false},"author":1,"featured_media":0,"parent":0,"menu_order":0,"comment_status":"closed","ping_status":"closed","template":"","meta":{"footnotes":""},"class_list":["post-20739","page","type-page","status-publish","hentry"],"yoast_head":"<!-- This site is optimized with the Yoast SEO plugin v26.7 - https:\/\/yoast.com\/wordpress\/plugins\/seo\/ -->\n<title>P\u00e4rnus toimub rahvusvaheline regioonide konverents - ESTONIA Resort Hotel Spa<\/title>\n<meta name=\"robots\" content=\"index, follow, max-snippet:-1, max-image-preview:large, max-video-preview:-1\" \/>\n<link rel=\"canonical\" href=\"https:\/\/www.spaestonia.ee\/resort\/parnus-toimub-korgetasemeline-rahvusvaheline-regioonide-konverents\/\" \/>\n<meta property=\"og:locale\" content=\"et_EE\" \/>\n<meta property=\"og:type\" content=\"article\" \/>\n<meta property=\"og:title\" content=\"P\u00e4rnus toimub rahvusvaheline regioonide konverents - ESTONIA Resort Hotel Spa\" \/>\n<meta property=\"og:description\" content=\"Pressiteade 20. juuni 2018 21. juunil 2018 toimub P\u00e4rnus CPMR (Euroopa mereliste \u00e4\u00e4realade organisatsioon) Poliitilise&hellip;\" \/>\n<meta property=\"og:url\" content=\"https:\/\/www.spaestonia.ee\/resort\/parnus-toimub-korgetasemeline-rahvusvaheline-regioonide-konverents\/\" \/>\n<meta property=\"og:site_name\" content=\"ESTONIA Resort Hotel Spa\" \/>\n<meta property=\"article:publisher\" content=\"https:\/\/www.facebook.com\/EstoniaResortHotel\" \/>\n<meta property=\"article:modified_time\" content=\"2018-06-21T11:32:38+00:00\" \/>\n<meta property=\"og:image\" content=\"http:\/\/www.spaestonia.ee\/resort\/wp-content\/uploads\/2018\/06\/CPMR-logo.jpg\" \/>\n<meta name=\"twitter:card\" content=\"summary_large_image\" \/>\n<meta name=\"twitter:label1\" content=\"Est. reading time\" \/>\n\t<meta name=\"twitter:data1\" content=\"2 minutit\" \/>\n<script type=\"application\/ld+json\" class=\"yoast-schema-graph\">{\"@context\":\"https:\/\/schema.org\",\"@graph\":[{\"@type\":\"WebPage\",\"@id\":\"https:\/\/www.spaestonia.ee\/resort\/parnus-toimub-korgetasemeline-rahvusvaheline-regioonide-konverents\/\",\"url\":\"https:\/\/www.spaestonia.ee\/resort\/parnus-toimub-korgetasemeline-rahvusvaheline-regioonide-konverents\/\",\"name\":\"P\u00e4rnus toimub rahvusvaheline regioonide konverents - ESTONIA Resort Hotel Spa\",\"isPartOf\":{\"@id\":\"https:\/\/www.spaestonia.ee\/resort\/#website\"},\"primaryImageOfPage\":{\"@id\":\"https:\/\/www.spaestonia.ee\/resort\/parnus-toimub-korgetasemeline-rahvusvaheline-regioonide-konverents\/#primaryimage\"},\"image\":{\"@id\":\"https:\/\/www.spaestonia.ee\/resort\/parnus-toimub-korgetasemeline-rahvusvaheline-regioonide-konverents\/#primaryimage\"},\"thumbnailUrl\":\"http:\/\/www.spaestonia.ee\/resort\/wp-content\/uploads\/2018\/06\/CPMR-logo.jpg\",\"datePublished\":\"2018-06-21T10:24:33+00:00\",\"dateModified\":\"2018-06-21T11:32:38+00:00\",\"breadcrumb\":{\"@id\":\"https:\/\/www.spaestonia.ee\/resort\/parnus-toimub-korgetasemeline-rahvusvaheline-regioonide-konverents\/#breadcrumb\"},\"inLanguage\":\"et\",\"potentialAction\":[{\"@type\":\"ReadAction\",\"target\":[\"https:\/\/www.spaestonia.ee\/resort\/parnus-toimub-korgetasemeline-rahvusvaheline-regioonide-konverents\/\"]}]},{\"@type\":\"ImageObject\",\"inLanguage\":\"et\",\"@id\":\"https:\/\/www.spaestonia.ee\/resort\/parnus-toimub-korgetasemeline-rahvusvaheline-regioonide-konverents\/#primaryimage\",\"url\":\"https:\/\/www.spaestonia.ee\/resort\/wp-content\/uploads\/2018\/06\/CPMR-logo.jpg\",\"contentUrl\":\"https:\/\/www.spaestonia.ee\/resort\/wp-content\/uploads\/2018\/06\/CPMR-logo.jpg\",\"width\":639,\"height\":170,\"caption\":\"CPMR\"},{\"@type\":\"BreadcrumbList\",\"@id\":\"https:\/\/www.spaestonia.ee\/resort\/parnus-toimub-korgetasemeline-rahvusvaheline-regioonide-konverents\/#breadcrumb\",\"itemListElement\":[{\"@type\":\"ListItem\",\"position\":1,\"name\":\"Home\",\"item\":\"https:\/\/www.spaestonia.ee\/resort\/\"},{\"@type\":\"ListItem\",\"position\":2,\"name\":\"P\u00e4rnus toimub rahvusvaheline regioonide konverents\"}]},{\"@type\":\"WebSite\",\"@id\":\"https:\/\/www.spaestonia.ee\/resort\/#website\",\"url\":\"https:\/\/www.spaestonia.ee\/resort\/\",\"name\":\"ESTONIA Resort Hotel Spa\",\"description\":\"Your destination in P\u00e4rnu for wellness and events\",\"publisher\":{\"@id\":\"https:\/\/www.spaestonia.ee\/resort\/#organization\"},\"potentialAction\":[{\"@type\":\"SearchAction\",\"target\":{\"@type\":\"EntryPoint\",\"urlTemplate\":\"https:\/\/www.spaestonia.ee\/resort\/?s={search_term_string}\"},\"query-input\":{\"@type\":\"PropertyValueSpecification\",\"valueRequired\":true,\"valueName\":\"search_term_string\"}}],\"inLanguage\":\"et\"},{\"@type\":\"Organization\",\"@id\":\"https:\/\/www.spaestonia.ee\/resort\/#organization\",\"name\":\"ESTONIA Resort Hotel Spa\",\"url\":\"https:\/\/www.spaestonia.ee\/resort\/\",\"logo\":{\"@type\":\"ImageObject\",\"inLanguage\":\"et\",\"@id\":\"https:\/\/www.spaestonia.ee\/resort\/#\/schema\/logo\/image\/\",\"url\":\"https:\/\/www.spaestonia.ee\/resort\/wp-content\/uploads\/2025\/02\/resort-hotel-estonia.png\",\"contentUrl\":\"https:\/\/www.spaestonia.ee\/resort\/wp-content\/uploads\/2025\/02\/resort-hotel-estonia.png\",\"width\":400,\"height\":173,\"caption\":\"ESTONIA Resort Hotel Spa\"},\"image\":{\"@id\":\"https:\/\/www.spaestonia.ee\/resort\/#\/schema\/logo\/image\/\"},\"sameAs\":[\"https:\/\/www.facebook.com\/EstoniaResortHotel\"]}]}<\/script>\n<!-- \/ Yoast SEO plugin. -->","yoast_head_json":{"title":"P\u00e4rnus toimub rahvusvaheline regioonide konverents - ESTONIA Resort Hotel Spa","robots":{"index":"index","follow":"follow","max-snippet":"max-snippet:-1","max-image-preview":"max-image-preview:large","max-video-preview":"max-video-preview:-1"},"canonical":"https:\/\/www.spaestonia.ee\/resort\/parnus-toimub-korgetasemeline-rahvusvaheline-regioonide-konverents\/","og_locale":"et_EE","og_type":"article","og_title":"P\u00e4rnus toimub rahvusvaheline regioonide konverents - ESTONIA Resort Hotel Spa","og_description":"Pressiteade 20. juuni 2018 21. juunil 2018 toimub P\u00e4rnus CPMR (Euroopa mereliste \u00e4\u00e4realade organisatsioon) Poliitilise&hellip;","og_url":"https:\/\/www.spaestonia.ee\/resort\/parnus-toimub-korgetasemeline-rahvusvaheline-regioonide-konverents\/","og_site_name":"ESTONIA Resort Hotel Spa","article_publisher":"https:\/\/www.facebook.com\/EstoniaResortHotel","article_modified_time":"2018-06-21T11:32:38+00:00","og_image":[{"url":"http:\/\/www.spaestonia.ee\/resort\/wp-content\/uploads\/2018\/06\/CPMR-logo.jpg","type":"","width":"","height":""}],"twitter_card":"summary_large_image","twitter_misc":{"Est. reading time":"2 minutit"},"schema":{"@context":"https:\/\/schema.org","@graph":[{"@type":"WebPage","@id":"https:\/\/www.spaestonia.ee\/resort\/parnus-toimub-korgetasemeline-rahvusvaheline-regioonide-konverents\/","url":"https:\/\/www.spaestonia.ee\/resort\/parnus-toimub-korgetasemeline-rahvusvaheline-regioonide-konverents\/","name":"P\u00e4rnus toimub rahvusvaheline regioonide konverents - ESTONIA Resort Hotel Spa","isPartOf":{"@id":"https:\/\/www.spaestonia.ee\/resort\/#website"},"primaryImageOfPage":{"@id":"https:\/\/www.spaestonia.ee\/resort\/parnus-toimub-korgetasemeline-rahvusvaheline-regioonide-konverents\/#primaryimage"},"image":{"@id":"https:\/\/www.spaestonia.ee\/resort\/parnus-toimub-korgetasemeline-rahvusvaheline-regioonide-konverents\/#primaryimage"},"thumbnailUrl":"http:\/\/www.spaestonia.ee\/resort\/wp-content\/uploads\/2018\/06\/CPMR-logo.jpg","datePublished":"2018-06-21T10:24:33+00:00","dateModified":"2018-06-21T11:32:38+00:00","breadcrumb":{"@id":"https:\/\/www.spaestonia.ee\/resort\/parnus-toimub-korgetasemeline-rahvusvaheline-regioonide-konverents\/#breadcrumb"},"inLanguage":"et","potentialAction":[{"@type":"ReadAction","target":["https:\/\/www.spaestonia.ee\/resort\/parnus-toimub-korgetasemeline-rahvusvaheline-regioonide-konverents\/"]}]},{"@type":"ImageObject","inLanguage":"et","@id":"https:\/\/www.spaestonia.ee\/resort\/parnus-toimub-korgetasemeline-rahvusvaheline-regioonide-konverents\/#primaryimage","url":"https:\/\/www.spaestonia.ee\/resort\/wp-content\/uploads\/2018\/06\/CPMR-logo.jpg","contentUrl":"https:\/\/www.spaestonia.ee\/resort\/wp-content\/uploads\/2018\/06\/CPMR-logo.jpg","width":639,"height":170,"caption":"CPMR"},{"@type":"BreadcrumbList","@id":"https:\/\/www.spaestonia.ee\/resort\/parnus-toimub-korgetasemeline-rahvusvaheline-regioonide-konverents\/#breadcrumb","itemListElement":[{"@type":"ListItem","position":1,"name":"Home","item":"https:\/\/www.spaestonia.ee\/resort\/"},{"@type":"ListItem","position":2,"name":"P\u00e4rnus toimub rahvusvaheline regioonide konverents"}]},{"@type":"WebSite","@id":"https:\/\/www.spaestonia.ee\/resort\/#website","url":"https:\/\/www.spaestonia.ee\/resort\/","name":"ESTONIA Resort Hotel Spa","description":"Your destination in P\u00e4rnu for wellness and events","publisher":{"@id":"https:\/\/www.spaestonia.ee\/resort\/#organization"},"potentialAction":[{"@type":"SearchAction","target":{"@type":"EntryPoint","urlTemplate":"https:\/\/www.spaestonia.ee\/resort\/?s={search_term_string}"},"query-input":{"@type":"PropertyValueSpecification","valueRequired":true,"valueName":"search_term_string"}}],"inLanguage":"et"},{"@type":"Organization","@id":"https:\/\/www.spaestonia.ee\/resort\/#organization","name":"ESTONIA Resort Hotel Spa","url":"https:\/\/www.spaestonia.ee\/resort\/","logo":{"@type":"ImageObject","inLanguage":"et","@id":"https:\/\/www.spaestonia.ee\/resort\/#\/schema\/logo\/image\/","url":"https:\/\/www.spaestonia.ee\/resort\/wp-content\/uploads\/2025\/02\/resort-hotel-estonia.png","contentUrl":"https:\/\/www.spaestonia.ee\/resort\/wp-content\/uploads\/2025\/02\/resort-hotel-estonia.png","width":400,"height":173,"caption":"ESTONIA Resort Hotel Spa"},"image":{"@id":"https:\/\/www.spaestonia.ee\/resort\/#\/schema\/logo\/image\/"},"sameAs":["https:\/\/www.facebook.com\/EstoniaResortHotel"]}]}},"_links":{"self":[{"href":"https:\/\/www.spaestonia.ee\/resort\/wp-json\/wp\/v2\/pages\/20739","targetHints":{"allow":["GET"]}}],"collection":[{"href":"https:\/\/www.spaestonia.ee\/resort\/wp-json\/wp\/v2\/pages"}],"about":[{"href":"https:\/\/www.spaestonia.ee\/resort\/wp-json\/wp\/v2\/types\/page"}],"author":[{"embeddable":true,"href":"https:\/\/www.spaestonia.ee\/resort\/wp-json\/wp\/v2\/users\/1"}],"replies":[{"embeddable":true,"href":"https:\/\/www.spaestonia.ee\/resort\/wp-json\/wp\/v2\/comments?post=20739"}],"version-history":[{"count":12,"href":"https:\/\/www.spaestonia.ee\/resort\/wp-json\/wp\/v2\/pages\/20739\/revisions"}],"predecessor-version":[{"id":20777,"href":"https:\/\/www.spaestonia.ee\/resort\/wp-json\/wp\/v2\/pages\/20739\/revisions\/20777"}],"wp:attachment":[{"href":"https:\/\/www.spaestonia.ee\/resort\/wp-json\/wp\/v2\/media?parent=20739"}],"curies":[{"name":"wp","href":"https:\/\/api.w.org\/{rel}","templated":true}]}}