{"id":23401,"date":"2019-01-18T11:07:44","date_gmt":"2019-01-18T09:07:44","guid":{"rendered":"http:\/\/www.spaestonia.ee\/resort\/?page_id=23401"},"modified":"2026-02-12T10:06:30","modified_gmt":"2026-02-12T08:06:30","slug":"valikmenuu","status":"publish","type":"page","link":"https:\/\/www.spaestonia.ee\/resort\/valikmenuu\/","title":{"rendered":"Restoran NOOT valikmen\u00fc\u00fc"},"content":{"rendered":"<h2>EELROAD<\/h2>\n<p><strong>K\u00c4SIT\u00d6\u00d6LEIB JA HUMMUS<br \/>\n<\/strong>pestokukkel, focaccia, must leib, hummus<\/p>\n<p><strong>L\u00d5HE TARTAR<br \/>\n<\/strong>l\u00f5hefilee, tomati consomm\u00e9, kammkarp, v\u00e4rske kurk, Caesari kaste, kalamari<\/p>\n<p><strong>PEET JA SUITSUNE HUMMUS\u00a0<\/strong>(vegan)<strong><br \/>\n<\/strong>r\u00f6stitud peet, k\u00e4sit\u00f6\u00f6 hummus, tomat, roheline salat<\/p>\n<p><strong>KREVETID JA J\u00d5EV\u00c4HK<br \/>\n<\/strong>tiigerkrevetid, avokaado, j\u00f5ev\u00e4hisabad, roheline salat, kalamari<\/p>\n<p><strong>PARDILIHA K\u00c4SIT\u00d6\u00d6PELMEENID<br \/>\n<\/strong>pardilihaga pelmeenid, puraviku leem, hapukoor<\/p>\n<p><strong>KANAFILEE-PEEDISALAT<br \/>\n<\/strong>grillitud kanafilee, r\u00f6stitud peet, p\u00e4ikesekuivatatud tomat, roheline salat<\/p>\n<p><strong>PEEDI CONSOMM\u00c9<\/strong> (supp)<strong><br \/>\n<\/strong>peet, pardifilee, suitsujuust, must leib<\/p>\n<hr \/>\n<h2>P\u00d5HIROAD<\/h2>\n<p><strong>GRILLITUD L\u00d5HEFILEE<br \/>\n<\/strong>l\u00f5hefilee, maisip\u00fcree, hooajalised aedviljad, bearnaise kaste<\/p>\n<p><strong>GRILLITUD PARDIFILEE\u00a0 \u00a0<\/strong><br \/>\npardifilee, pastinaak, hooajalised aedviljad, musts\u00f5stra-lagritsa kaste<\/p>\n<p><strong>S\u00dcTEL GRILLITUD LAMBATALLE KAELAFILEE<br \/>\n<\/strong>lambatalleliha, k\u00f6\u00f6giviljawok, kergelt v\u00fcrtsikas seesamikaste<\/p>\n<p><strong>GRILLITUD IBERICO SEALIHA<br \/>\n<\/strong>Iberico seakarbonaad, k\u00f6\u00f6giviljawok, r\u00f6stitud \u00f5unakaste<\/p>\n<p><strong>PRAETUD AHVENAFILEE<br \/>\n<\/strong>ahvenafilee, maisip\u00fcree, hooajalised aedviljad, bearnaise kaste kalamarjaga<\/p>\n<p><strong>PASTA MEREANDIDEGA<br \/>\n<\/strong>must pasta, tiigerkrevetid, sinimerekarbid, valge vein, Grana Padano juust<\/p>\n<p><strong>VEGAN PIHV<br \/>\n<\/strong>vegan pihv, hooajalised aedviljad, kergelt v\u00fcrtsikas seesamikaste, lehtkapsas<\/p>\n<p><em><span style=\"color: #ad9164;\">LISANDID P\u00d5HIROOGADE K\u00d5RVALE<\/span><br \/>\n<\/em><strong style=\"font-size: 16px;\">FRIIKARTULID<br \/>\n<\/strong><strong style=\"font-size: 16px;\">V\u00c4RSKE KOOREGA KARTUL<br \/>\n<\/strong><strong>TOORSALAT \/\u00a0<\/strong>tomat, kurk, frillise salat, oliiv\u00f5li<\/p>\n<hr \/>\n<h2>DESSERID<\/h2>\n<p><strong>LAVENDLI CREME BRULEE<br \/>\n<\/strong>lavendliga br\u00fcleekreem ja veriapelsini sorbett<strong>\u00a0<\/strong><\/p>\n<p><strong>KODUNE MUSTS\u00d5STRA J\u00c4\u00c4TIS<br \/>\n<\/strong>musts\u00f5star, rabarber, Dubai \u0161okolaad<\/p>\n<p><strong>\u0160OKOLAADIFONDANT<br \/>\n<\/strong>tume \u0161okolaad, mango-passioni sorbett<\/p>\n<p><strong>ASTELPAJU MOUSSE<br \/>\n<\/strong>astelpaju, Nutella lumi, valge \u0161okolaad, j\u00f5hvikad<\/p>\n<hr \/>\n<p><strong><em>Vastavalt hooajale v\u00f5ib men\u00fc\u00fc muutuda!<\/em><\/strong><br \/>\nSoovi korral serveerime roogasid gluteeni- ja laktoosivabalt. Lisainfo teenindajalt.<\/p>\n<p><strong>Lisainfo:<br \/>\n<\/strong>e-post\u00a0<a href=\"mailto:noot@spaestonia.ee\">noot@spaestonia.ee<\/a>, tel +372 440 1012<\/p>\n","protected":false},"excerpt":{"rendered":"<p>EELROAD K\u00c4SIT\u00d6\u00d6LEIB JA HUMMUS pestokukkel, focaccia, must leib, hummus L\u00d5HE TARTAR l\u00f5hefilee, tomati consomm\u00e9, kammkarp,&hellip;<\/p>\n","protected":false},"author":9,"featured_media":0,"parent":0,"menu_order":0,"comment_status":"closed","ping_status":"closed","template":"","meta":{"footnotes":""},"class_list":["post-23401","page","type-page","status-publish","hentry"],"yoast_head":"<!-- This site is optimized with the Yoast SEO plugin v26.7 - https:\/\/yoast.com\/wordpress\/plugins\/seo\/ -->\n<title>Restoran NOOT valikmen\u00fc\u00fc - ESTONIA Resort Hotel Spa<\/title>\n<meta name=\"robots\" content=\"index, follow, max-snippet:-1, max-image-preview:large, max-video-preview:-1\" \/>\n<link rel=\"canonical\" href=\"https:\/\/www.spaestonia.ee\/resort\/valikmenuu\/\" \/>\n<meta property=\"og:locale\" content=\"et_EE\" \/>\n<meta property=\"og:type\" content=\"article\" \/>\n<meta property=\"og:title\" content=\"Restoran NOOT valikmen\u00fc\u00fc - ESTONIA Resort Hotel Spa\" \/>\n<meta property=\"og:description\" content=\"EELROAD K\u00c4SIT\u00d6\u00d6LEIB JA HUMMUS pestokukkel, focaccia, must leib, hummus L\u00d5HE TARTAR l\u00f5hefilee, tomati consomm\u00e9, kammkarp,&hellip;\" \/>\n<meta property=\"og:url\" content=\"https:\/\/www.spaestonia.ee\/resort\/valikmenuu\/\" \/>\n<meta property=\"og:site_name\" content=\"ESTONIA Resort Hotel Spa\" \/>\n<meta property=\"article:publisher\" content=\"https:\/\/www.facebook.com\/EstoniaResortHotel\" \/>\n<meta property=\"article:modified_time\" content=\"2026-02-12T08:06:30+00:00\" \/>\n<meta name=\"twitter:card\" content=\"summary_large_image\" \/>\n<meta name=\"twitter:label1\" content=\"Est. reading time\" \/>\n\t<meta name=\"twitter:data1\" content=\"2 minutit\" \/>\n<script type=\"application\/ld+json\" class=\"yoast-schema-graph\">{\"@context\":\"https:\/\/schema.org\",\"@graph\":[{\"@type\":\"WebPage\",\"@id\":\"https:\/\/www.spaestonia.ee\/resort\/valikmenuu\/\",\"url\":\"https:\/\/www.spaestonia.ee\/resort\/valikmenuu\/\",\"name\":\"Restoran NOOT valikmen\u00fc\u00fc - ESTONIA Resort Hotel Spa\",\"isPartOf\":{\"@id\":\"https:\/\/www.spaestonia.ee\/resort\/#website\"},\"datePublished\":\"2019-01-18T09:07:44+00:00\",\"dateModified\":\"2026-02-12T08:06:30+00:00\",\"breadcrumb\":{\"@id\":\"https:\/\/www.spaestonia.ee\/resort\/valikmenuu\/#breadcrumb\"},\"inLanguage\":\"et\",\"potentialAction\":[{\"@type\":\"ReadAction\",\"target\":[\"https:\/\/www.spaestonia.ee\/resort\/valikmenuu\/\"]}]},{\"@type\":\"BreadcrumbList\",\"@id\":\"https:\/\/www.spaestonia.ee\/resort\/valikmenuu\/#breadcrumb\",\"itemListElement\":[{\"@type\":\"ListItem\",\"position\":1,\"name\":\"Home\",\"item\":\"https:\/\/www.spaestonia.ee\/resort\/\"},{\"@type\":\"ListItem\",\"position\":2,\"name\":\"Restoran NOOT valikmen\u00fc\u00fc\"}]},{\"@type\":\"WebSite\",\"@id\":\"https:\/\/www.spaestonia.ee\/resort\/#website\",\"url\":\"https:\/\/www.spaestonia.ee\/resort\/\",\"name\":\"ESTONIA Resort Hotel Spa\",\"description\":\"Your destination in P\u00e4rnu for wellness and events\",\"publisher\":{\"@id\":\"https:\/\/www.spaestonia.ee\/resort\/#organization\"},\"potentialAction\":[{\"@type\":\"SearchAction\",\"target\":{\"@type\":\"EntryPoint\",\"urlTemplate\":\"https:\/\/www.spaestonia.ee\/resort\/?s={search_term_string}\"},\"query-input\":{\"@type\":\"PropertyValueSpecification\",\"valueRequired\":true,\"valueName\":\"search_term_string\"}}],\"inLanguage\":\"et\"},{\"@type\":\"Organization\",\"@id\":\"https:\/\/www.spaestonia.ee\/resort\/#organization\",\"name\":\"ESTONIA Resort Hotel Spa\",\"url\":\"https:\/\/www.spaestonia.ee\/resort\/\",\"logo\":{\"@type\":\"ImageObject\",\"inLanguage\":\"et\",\"@id\":\"https:\/\/www.spaestonia.ee\/resort\/#\/schema\/logo\/image\/\",\"url\":\"https:\/\/www.spaestonia.ee\/resort\/wp-content\/uploads\/2025\/02\/resort-hotel-estonia.png\",\"contentUrl\":\"https:\/\/www.spaestonia.ee\/resort\/wp-content\/uploads\/2025\/02\/resort-hotel-estonia.png\",\"width\":400,\"height\":173,\"caption\":\"ESTONIA Resort Hotel Spa\"},\"image\":{\"@id\":\"https:\/\/www.spaestonia.ee\/resort\/#\/schema\/logo\/image\/\"},\"sameAs\":[\"https:\/\/www.facebook.com\/EstoniaResortHotel\"]}]}<\/script>\n<!-- \/ Yoast SEO plugin. -->","yoast_head_json":{"title":"Restoran NOOT valikmen\u00fc\u00fc - ESTONIA Resort Hotel Spa","robots":{"index":"index","follow":"follow","max-snippet":"max-snippet:-1","max-image-preview":"max-image-preview:large","max-video-preview":"max-video-preview:-1"},"canonical":"https:\/\/www.spaestonia.ee\/resort\/valikmenuu\/","og_locale":"et_EE","og_type":"article","og_title":"Restoran NOOT valikmen\u00fc\u00fc - ESTONIA Resort Hotel Spa","og_description":"EELROAD K\u00c4SIT\u00d6\u00d6LEIB JA HUMMUS pestokukkel, focaccia, must leib, hummus L\u00d5HE TARTAR l\u00f5hefilee, tomati consomm\u00e9, kammkarp,&hellip;","og_url":"https:\/\/www.spaestonia.ee\/resort\/valikmenuu\/","og_site_name":"ESTONIA Resort Hotel Spa","article_publisher":"https:\/\/www.facebook.com\/EstoniaResortHotel","article_modified_time":"2026-02-12T08:06:30+00:00","twitter_card":"summary_large_image","twitter_misc":{"Est. reading time":"2 minutit"},"schema":{"@context":"https:\/\/schema.org","@graph":[{"@type":"WebPage","@id":"https:\/\/www.spaestonia.ee\/resort\/valikmenuu\/","url":"https:\/\/www.spaestonia.ee\/resort\/valikmenuu\/","name":"Restoran NOOT valikmen\u00fc\u00fc - ESTONIA Resort Hotel Spa","isPartOf":{"@id":"https:\/\/www.spaestonia.ee\/resort\/#website"},"datePublished":"2019-01-18T09:07:44+00:00","dateModified":"2026-02-12T08:06:30+00:00","breadcrumb":{"@id":"https:\/\/www.spaestonia.ee\/resort\/valikmenuu\/#breadcrumb"},"inLanguage":"et","potentialAction":[{"@type":"ReadAction","target":["https:\/\/www.spaestonia.ee\/resort\/valikmenuu\/"]}]},{"@type":"BreadcrumbList","@id":"https:\/\/www.spaestonia.ee\/resort\/valikmenuu\/#breadcrumb","itemListElement":[{"@type":"ListItem","position":1,"name":"Home","item":"https:\/\/www.spaestonia.ee\/resort\/"},{"@type":"ListItem","position":2,"name":"Restoran NOOT valikmen\u00fc\u00fc"}]},{"@type":"WebSite","@id":"https:\/\/www.spaestonia.ee\/resort\/#website","url":"https:\/\/www.spaestonia.ee\/resort\/","name":"ESTONIA Resort Hotel Spa","description":"Your destination in P\u00e4rnu for wellness and events","publisher":{"@id":"https:\/\/www.spaestonia.ee\/resort\/#organization"},"potentialAction":[{"@type":"SearchAction","target":{"@type":"EntryPoint","urlTemplate":"https:\/\/www.spaestonia.ee\/resort\/?s={search_term_string}"},"query-input":{"@type":"PropertyValueSpecification","valueRequired":true,"valueName":"search_term_string"}}],"inLanguage":"et"},{"@type":"Organization","@id":"https:\/\/www.spaestonia.ee\/resort\/#organization","name":"ESTONIA Resort Hotel Spa","url":"https:\/\/www.spaestonia.ee\/resort\/","logo":{"@type":"ImageObject","inLanguage":"et","@id":"https:\/\/www.spaestonia.ee\/resort\/#\/schema\/logo\/image\/","url":"https:\/\/www.spaestonia.ee\/resort\/wp-content\/uploads\/2025\/02\/resort-hotel-estonia.png","contentUrl":"https:\/\/www.spaestonia.ee\/resort\/wp-content\/uploads\/2025\/02\/resort-hotel-estonia.png","width":400,"height":173,"caption":"ESTONIA Resort Hotel Spa"},"image":{"@id":"https:\/\/www.spaestonia.ee\/resort\/#\/schema\/logo\/image\/"},"sameAs":["https:\/\/www.facebook.com\/EstoniaResortHotel"]}]}},"_links":{"self":[{"href":"https:\/\/www.spaestonia.ee\/resort\/wp-json\/wp\/v2\/pages\/23401","targetHints":{"allow":["GET"]}}],"collection":[{"href":"https:\/\/www.spaestonia.ee\/resort\/wp-json\/wp\/v2\/pages"}],"about":[{"href":"https:\/\/www.spaestonia.ee\/resort\/wp-json\/wp\/v2\/types\/page"}],"author":[{"embeddable":true,"href":"https:\/\/www.spaestonia.ee\/resort\/wp-json\/wp\/v2\/users\/9"}],"replies":[{"embeddable":true,"href":"https:\/\/www.spaestonia.ee\/resort\/wp-json\/wp\/v2\/comments?post=23401"}],"version-history":[{"count":21,"href":"https:\/\/www.spaestonia.ee\/resort\/wp-json\/wp\/v2\/pages\/23401\/revisions"}],"predecessor-version":[{"id":46298,"href":"https:\/\/www.spaestonia.ee\/resort\/wp-json\/wp\/v2\/pages\/23401\/revisions\/46298"}],"wp:attachment":[{"href":"https:\/\/www.spaestonia.ee\/resort\/wp-json\/wp\/v2\/media?parent=23401"}],"curies":[{"name":"wp","href":"https:\/\/api.w.org\/{rel}","templated":true}]}}