{"id":28642,"date":"2020-12-03T07:59:46","date_gmt":"2020-12-03T05:59:46","guid":{"rendered":"http:\/\/www.spaestonia.ee\/resort\/?page_id=28642"},"modified":"2022-04-22T16:06:54","modified_gmt":"2022-04-22T13:06:54","slug":"lemmiklooma-omaniku-meelespea","status":"publish","type":"page","link":"https:\/\/www.spaestonia.ee\/resort\/lemmiklooma-omaniku-meelespea\/","title":{"rendered":"Lemmiklooma omaniku meelespea"},"content":{"rendered":"<p><img loading=\"lazy\" decoding=\"async\" class=\"alignright wp-image-28646 \" src=\"http:\/\/www.spaestonia.ee\/resort\/wp-content\/uploads\/2020\/12\/bosse_lemmikloom2.jpg\" alt=\"bosse_lemmikloom2\" width=\"335\" height=\"428\" srcset=\"https:\/\/www.spaestonia.ee\/resort\/wp-content\/uploads\/2020\/12\/bosse_lemmikloom2.jpg 1028w, https:\/\/www.spaestonia.ee\/resort\/wp-content\/uploads\/2020\/12\/bosse_lemmikloom2-235x300.jpg 235w, https:\/\/www.spaestonia.ee\/resort\/wp-content\/uploads\/2020\/12\/bosse_lemmikloom2-768x980.jpg 768w, https:\/\/www.spaestonia.ee\/resort\/wp-content\/uploads\/2020\/12\/bosse_lemmikloom2-802x1024.jpg 802w\" sizes=\"auto, (max-width: 335px) 100vw, 335px\" \/><\/p>\n<p><strong>Meie<\/strong> hotelli on oodatud koerad ja kassid. Kui\u00a0soovid m\u00f5ne teise lemmiklooma hotelli kaasa v\u00f5tta, siis palun konsulteeri eelnevalt meie personaliga.<\/p>\n<p><strong>Palun<\/strong> \u00e4ra j\u00e4ta lemmiklooma hotellituppa j\u00e4relvalveta. Tungiva vajaduse korral palume koridoripoolsele ukselingile riputada sildi:\u00a0\u201ePalun mitte h\u00e4irida\u201c. Toast lahkudes palume turvalisuse huvides j\u00e4tta oma lemmikloom alati puuri.<\/p>\n<p><strong>Lemmikloomaga<\/strong> hotelli alal jalutades kasutage kaelarihma. Looma v\u00e4ljaheited tuleb kilekotti pakituna l\u00e4himasse olmepr\u00fcgikasti visata.<\/p>\n<p><strong>Palume<\/strong> lemmikloomaga jalutada v\u00e4ljaspool hotelli parkimisala.<\/p>\n<p><strong>Lemmikloomi<\/strong> on keelatud kaasa v\u00f5tta spaasse, hommikus\u00f6\u00f6gile ja restorani einestama minnes.<\/p>\n<p><strong>Hotellil<\/strong> on \u00f5igus n\u00f5uda, et omanik\u00a0koos h\u00e4iriva lemmikloomaga lahkuks hotellist (nt. koera pideva haukumise korral vms).<\/p>\n<p><strong>Hotellil<\/strong> on \u00f5igus n\u00f5uda looma omanikult lemmiklooma poolt p\u00f5hjustatud kahjude korvamist, sh lisatasu, kui Sinu tuba vajab p\u00e4rast lahkumist suurpuhastust (sh keemilist puhastust).<\/p>\n<p><strong>Palume<\/strong> hotelli vastuv\u00f5ttu toa p\u00e4evakoristuse soovist teavitada. Eelnevalt kokku leppimata p\u00e4evakoristust ei teostata. Hotelli t\u00f6\u00f6tajate ohutuse tagamiseks ei tohi lemmikloom koristuse ajal toas viibida.<\/p>\n<p><strong>Lemmiklooma<\/strong> k\u00e4ppade pesemisel\u00a0 kasutage palun selleks ette n\u00e4htud k\u00e4ppade r\u00e4tikuid.<\/p>\n<p><strong>Lemmikloom<\/strong> tohib viibida ainult selles toas, kuhu ta on registreeritud.<\/p>\n<p><strong>Lemmiklooma<\/strong> tasu on 25 EUR\/ \u00f6\u00f6\/ lemmikloom. Lemmiklooma jaoks oleme toas valmis pannud joogikausi, r\u00e4tiku k\u00e4ppade puhastamiseks ning kilekotikesed.<\/p>\n<h3><strong>K\u00fcsimuste korral helistage hotelli vastuv\u00f5tu sisenumbril 13550<br \/>\nv\u00f5i\u00a0telefonil +372 44 01 017<\/strong><\/h3>\n","protected":false},"excerpt":{"rendered":"<p>Meie hotelli on oodatud koerad ja kassid. Kui\u00a0soovid m\u00f5ne teise lemmiklooma hotelli kaasa v\u00f5tta, siis&hellip;<\/p>\n","protected":false},"author":14,"featured_media":0,"parent":0,"menu_order":0,"comment_status":"closed","ping_status":"closed","template":"","meta":{"footnotes":""},"class_list":["post-28642","page","type-page","status-publish","hentry"],"yoast_head":"<!-- This site is optimized with the Yoast SEO plugin v26.7 - https:\/\/yoast.com\/wordpress\/plugins\/seo\/ -->\n<title>Lemmiklooma omaniku meelespea - ESTONIA Resort Hotel Spa<\/title>\n<meta name=\"robots\" content=\"index, follow, max-snippet:-1, max-image-preview:large, max-video-preview:-1\" \/>\n<link rel=\"canonical\" href=\"https:\/\/www.spaestonia.ee\/resort\/lemmiklooma-omaniku-meelespea\/\" \/>\n<meta property=\"og:locale\" content=\"et_EE\" \/>\n<meta property=\"og:type\" content=\"article\" \/>\n<meta property=\"og:title\" content=\"Lemmiklooma omaniku meelespea - ESTONIA Resort Hotel Spa\" \/>\n<meta property=\"og:description\" content=\"Meie hotelli on oodatud koerad ja kassid. Kui\u00a0soovid m\u00f5ne teise lemmiklooma hotelli kaasa v\u00f5tta, siis&hellip;\" \/>\n<meta property=\"og:url\" content=\"https:\/\/www.spaestonia.ee\/resort\/lemmiklooma-omaniku-meelespea\/\" \/>\n<meta property=\"og:site_name\" content=\"ESTONIA Resort Hotel Spa\" \/>\n<meta property=\"article:publisher\" content=\"https:\/\/www.facebook.com\/EstoniaResortHotel\" \/>\n<meta property=\"article:modified_time\" content=\"2022-04-22T13:06:54+00:00\" \/>\n<meta property=\"og:image\" content=\"http:\/\/www.spaestonia.ee\/resort\/wp-content\/uploads\/2020\/12\/bosse_lemmikloom2.jpg\" \/>\n<meta name=\"twitter:card\" content=\"summary_large_image\" \/>\n<meta name=\"twitter:label1\" content=\"Est. reading time\" \/>\n\t<meta name=\"twitter:data1\" content=\"1 minut\" \/>\n<script type=\"application\/ld+json\" class=\"yoast-schema-graph\">{\"@context\":\"https:\/\/schema.org\",\"@graph\":[{\"@type\":\"WebPage\",\"@id\":\"https:\/\/www.spaestonia.ee\/resort\/lemmiklooma-omaniku-meelespea\/\",\"url\":\"https:\/\/www.spaestonia.ee\/resort\/lemmiklooma-omaniku-meelespea\/\",\"name\":\"Lemmiklooma omaniku meelespea - ESTONIA Resort Hotel Spa\",\"isPartOf\":{\"@id\":\"https:\/\/www.spaestonia.ee\/resort\/#website\"},\"primaryImageOfPage\":{\"@id\":\"https:\/\/www.spaestonia.ee\/resort\/lemmiklooma-omaniku-meelespea\/#primaryimage\"},\"image\":{\"@id\":\"https:\/\/www.spaestonia.ee\/resort\/lemmiklooma-omaniku-meelespea\/#primaryimage\"},\"thumbnailUrl\":\"http:\/\/www.spaestonia.ee\/resort\/wp-content\/uploads\/2020\/12\/bosse_lemmikloom2.jpg\",\"datePublished\":\"2020-12-03T05:59:46+00:00\",\"dateModified\":\"2022-04-22T13:06:54+00:00\",\"breadcrumb\":{\"@id\":\"https:\/\/www.spaestonia.ee\/resort\/lemmiklooma-omaniku-meelespea\/#breadcrumb\"},\"inLanguage\":\"et\",\"potentialAction\":[{\"@type\":\"ReadAction\",\"target\":[\"https:\/\/www.spaestonia.ee\/resort\/lemmiklooma-omaniku-meelespea\/\"]}]},{\"@type\":\"ImageObject\",\"inLanguage\":\"et\",\"@id\":\"https:\/\/www.spaestonia.ee\/resort\/lemmiklooma-omaniku-meelespea\/#primaryimage\",\"url\":\"https:\/\/www.spaestonia.ee\/resort\/wp-content\/uploads\/2020\/12\/bosse_lemmikloom2.jpg\",\"contentUrl\":\"https:\/\/www.spaestonia.ee\/resort\/wp-content\/uploads\/2020\/12\/bosse_lemmikloom2.jpg\",\"width\":1028,\"height\":1312},{\"@type\":\"BreadcrumbList\",\"@id\":\"https:\/\/www.spaestonia.ee\/resort\/lemmiklooma-omaniku-meelespea\/#breadcrumb\",\"itemListElement\":[{\"@type\":\"ListItem\",\"position\":1,\"name\":\"Home\",\"item\":\"https:\/\/www.spaestonia.ee\/resort\/\"},{\"@type\":\"ListItem\",\"position\":2,\"name\":\"Lemmiklooma omaniku meelespea\"}]},{\"@type\":\"WebSite\",\"@id\":\"https:\/\/www.spaestonia.ee\/resort\/#website\",\"url\":\"https:\/\/www.spaestonia.ee\/resort\/\",\"name\":\"ESTONIA Resort Hotel Spa\",\"description\":\"Your destination in P\u00e4rnu for wellness and events\",\"publisher\":{\"@id\":\"https:\/\/www.spaestonia.ee\/resort\/#organization\"},\"potentialAction\":[{\"@type\":\"SearchAction\",\"target\":{\"@type\":\"EntryPoint\",\"urlTemplate\":\"https:\/\/www.spaestonia.ee\/resort\/?s={search_term_string}\"},\"query-input\":{\"@type\":\"PropertyValueSpecification\",\"valueRequired\":true,\"valueName\":\"search_term_string\"}}],\"inLanguage\":\"et\"},{\"@type\":\"Organization\",\"@id\":\"https:\/\/www.spaestonia.ee\/resort\/#organization\",\"name\":\"ESTONIA Resort Hotel Spa\",\"url\":\"https:\/\/www.spaestonia.ee\/resort\/\",\"logo\":{\"@type\":\"ImageObject\",\"inLanguage\":\"et\",\"@id\":\"https:\/\/www.spaestonia.ee\/resort\/#\/schema\/logo\/image\/\",\"url\":\"https:\/\/www.spaestonia.ee\/resort\/wp-content\/uploads\/2025\/02\/resort-hotel-estonia.png\",\"contentUrl\":\"https:\/\/www.spaestonia.ee\/resort\/wp-content\/uploads\/2025\/02\/resort-hotel-estonia.png\",\"width\":400,\"height\":173,\"caption\":\"ESTONIA Resort Hotel Spa\"},\"image\":{\"@id\":\"https:\/\/www.spaestonia.ee\/resort\/#\/schema\/logo\/image\/\"},\"sameAs\":[\"https:\/\/www.facebook.com\/EstoniaResortHotel\"]}]}<\/script>\n<!-- \/ Yoast SEO plugin. -->","yoast_head_json":{"title":"Lemmiklooma omaniku meelespea - ESTONIA Resort Hotel Spa","robots":{"index":"index","follow":"follow","max-snippet":"max-snippet:-1","max-image-preview":"max-image-preview:large","max-video-preview":"max-video-preview:-1"},"canonical":"https:\/\/www.spaestonia.ee\/resort\/lemmiklooma-omaniku-meelespea\/","og_locale":"et_EE","og_type":"article","og_title":"Lemmiklooma omaniku meelespea - ESTONIA Resort Hotel Spa","og_description":"Meie hotelli on oodatud koerad ja kassid. Kui\u00a0soovid m\u00f5ne teise lemmiklooma hotelli kaasa v\u00f5tta, siis&hellip;","og_url":"https:\/\/www.spaestonia.ee\/resort\/lemmiklooma-omaniku-meelespea\/","og_site_name":"ESTONIA Resort Hotel Spa","article_publisher":"https:\/\/www.facebook.com\/EstoniaResortHotel","article_modified_time":"2022-04-22T13:06:54+00:00","og_image":[{"url":"http:\/\/www.spaestonia.ee\/resort\/wp-content\/uploads\/2020\/12\/bosse_lemmikloom2.jpg","type":"","width":"","height":""}],"twitter_card":"summary_large_image","twitter_misc":{"Est. reading time":"1 minut"},"schema":{"@context":"https:\/\/schema.org","@graph":[{"@type":"WebPage","@id":"https:\/\/www.spaestonia.ee\/resort\/lemmiklooma-omaniku-meelespea\/","url":"https:\/\/www.spaestonia.ee\/resort\/lemmiklooma-omaniku-meelespea\/","name":"Lemmiklooma omaniku meelespea - ESTONIA Resort Hotel Spa","isPartOf":{"@id":"https:\/\/www.spaestonia.ee\/resort\/#website"},"primaryImageOfPage":{"@id":"https:\/\/www.spaestonia.ee\/resort\/lemmiklooma-omaniku-meelespea\/#primaryimage"},"image":{"@id":"https:\/\/www.spaestonia.ee\/resort\/lemmiklooma-omaniku-meelespea\/#primaryimage"},"thumbnailUrl":"http:\/\/www.spaestonia.ee\/resort\/wp-content\/uploads\/2020\/12\/bosse_lemmikloom2.jpg","datePublished":"2020-12-03T05:59:46+00:00","dateModified":"2022-04-22T13:06:54+00:00","breadcrumb":{"@id":"https:\/\/www.spaestonia.ee\/resort\/lemmiklooma-omaniku-meelespea\/#breadcrumb"},"inLanguage":"et","potentialAction":[{"@type":"ReadAction","target":["https:\/\/www.spaestonia.ee\/resort\/lemmiklooma-omaniku-meelespea\/"]}]},{"@type":"ImageObject","inLanguage":"et","@id":"https:\/\/www.spaestonia.ee\/resort\/lemmiklooma-omaniku-meelespea\/#primaryimage","url":"https:\/\/www.spaestonia.ee\/resort\/wp-content\/uploads\/2020\/12\/bosse_lemmikloom2.jpg","contentUrl":"https:\/\/www.spaestonia.ee\/resort\/wp-content\/uploads\/2020\/12\/bosse_lemmikloom2.jpg","width":1028,"height":1312},{"@type":"BreadcrumbList","@id":"https:\/\/www.spaestonia.ee\/resort\/lemmiklooma-omaniku-meelespea\/#breadcrumb","itemListElement":[{"@type":"ListItem","position":1,"name":"Home","item":"https:\/\/www.spaestonia.ee\/resort\/"},{"@type":"ListItem","position":2,"name":"Lemmiklooma omaniku meelespea"}]},{"@type":"WebSite","@id":"https:\/\/www.spaestonia.ee\/resort\/#website","url":"https:\/\/www.spaestonia.ee\/resort\/","name":"ESTONIA Resort Hotel Spa","description":"Your destination in P\u00e4rnu for wellness and events","publisher":{"@id":"https:\/\/www.spaestonia.ee\/resort\/#organization"},"potentialAction":[{"@type":"SearchAction","target":{"@type":"EntryPoint","urlTemplate":"https:\/\/www.spaestonia.ee\/resort\/?s={search_term_string}"},"query-input":{"@type":"PropertyValueSpecification","valueRequired":true,"valueName":"search_term_string"}}],"inLanguage":"et"},{"@type":"Organization","@id":"https:\/\/www.spaestonia.ee\/resort\/#organization","name":"ESTONIA Resort Hotel Spa","url":"https:\/\/www.spaestonia.ee\/resort\/","logo":{"@type":"ImageObject","inLanguage":"et","@id":"https:\/\/www.spaestonia.ee\/resort\/#\/schema\/logo\/image\/","url":"https:\/\/www.spaestonia.ee\/resort\/wp-content\/uploads\/2025\/02\/resort-hotel-estonia.png","contentUrl":"https:\/\/www.spaestonia.ee\/resort\/wp-content\/uploads\/2025\/02\/resort-hotel-estonia.png","width":400,"height":173,"caption":"ESTONIA Resort Hotel Spa"},"image":{"@id":"https:\/\/www.spaestonia.ee\/resort\/#\/schema\/logo\/image\/"},"sameAs":["https:\/\/www.facebook.com\/EstoniaResortHotel"]}]}},"_links":{"self":[{"href":"https:\/\/www.spaestonia.ee\/resort\/wp-json\/wp\/v2\/pages\/28642","targetHints":{"allow":["GET"]}}],"collection":[{"href":"https:\/\/www.spaestonia.ee\/resort\/wp-json\/wp\/v2\/pages"}],"about":[{"href":"https:\/\/www.spaestonia.ee\/resort\/wp-json\/wp\/v2\/types\/page"}],"author":[{"embeddable":true,"href":"https:\/\/www.spaestonia.ee\/resort\/wp-json\/wp\/v2\/users\/14"}],"replies":[{"embeddable":true,"href":"https:\/\/www.spaestonia.ee\/resort\/wp-json\/wp\/v2\/comments?post=28642"}],"version-history":[{"count":9,"href":"https:\/\/www.spaestonia.ee\/resort\/wp-json\/wp\/v2\/pages\/28642\/revisions"}],"predecessor-version":[{"id":35391,"href":"https:\/\/www.spaestonia.ee\/resort\/wp-json\/wp\/v2\/pages\/28642\/revisions\/35391"}],"wp:attachment":[{"href":"https:\/\/www.spaestonia.ee\/resort\/wp-json\/wp\/v2\/media?parent=28642"}],"curies":[{"name":"wp","href":"https:\/\/api.w.org\/{rel}","templated":true}]}}