{"id":33212,"date":"2021-11-04T10:43:31","date_gmt":"2021-11-04T08:43:31","guid":{"rendered":"http:\/\/www.spaestonia.ee\/resort\/?page_id=33212"},"modified":"2021-11-04T10:43:31","modified_gmt":"2021-11-04T08:43:31","slug":"privaatsustingimused","status":"publish","type":"page","link":"https:\/\/www.spaestonia.ee\/resort\/privaatsustingimused\/","title":{"rendered":"PRIVAATSUSTINGIMUSED"},"content":{"rendered":"<p>ESTONIA Resort Hotel &amp; Spa kaitseb oma klientide isikuandmeid, millest l\u00e4htuvalt on koostatud k\u00e4esolevad privaatsustingimused, mis k\u00e4sitlevad kliendi isikuandmete t\u00f6\u00f6tlemist seoses ESTONIA Resort Hotel &amp; Spa teenuste osutamisega kliendile.<\/p>\n<p>Kliendi isikuandmete t\u00f6\u00f6tlemisel l\u00e4htub ESTONIA Resort Hotel &amp; Spa kehtivatest siseriiklikest ja Euroopa Liidu \u00f5igusaktidest.<\/p>\n<p>ESTONIA Resort Hotel &amp; Spa t\u00f6\u00f6tleb klientide isikuandmeid nii palju kui vajalik ja nii v\u00e4he kui v\u00f5imalik \u00fcksikisikule teenuse osutamise eesm\u00e4rgil.<\/p>\n<p>ESTONIA Resort Hotel &amp; Spa kliendi isikuandmete kogumine toimub kontaktandmete (muu hulgas ees- ja perekonnanimi, elektronpostiaadress, telefoninumber, elukoha aadress) esitamisel broneeringup\u00e4ringu tegemisel veebilehe kaudu v\u00f5i broneeringu tegemisel elektronposti v\u00f5i telefoni teel v\u00f5i muul viisil.<\/p>\n<p>ESTONIA Resort Hotel &amp; Spa kasutab kogutud klientide isikuandmeid vajaduse korral muu hulgas klientidega \u00fchenduse v\u00f5tmiseks (nt broneeringuaja muutmiseks), p\u00fcsikliendikaartide v\u00e4ljastamiseks, uudiskirjade ja teavituste edastamiseks juhul kui klient on selleks soovi avaldanud.<\/p>\n<p>ESTONIA Resort Hotel &amp; Spa ei edasta kliendi isikuandmeid kolmandatele isikutele v\u00e4lja arvatud juhul, kui andmete esitamise kohustus tuleneb Eesti Vabariigis kehtivatest \u00f5igusaktidest.<\/p>\n<p>ESTONIA Resort Hotel &amp; Spa t\u00f6\u00f6tleb ka kliendi isikustamata andmeid (muu hulgas nt vanus, sugu) statistika koostamise eesm\u00e4rgil. Samuti saab ESTONIA Resort Hotel &amp; Spa isikustamata andmeid \u201ek\u00fcpsiste\u201c kaudu veebilehe kasutamisel.<\/p>\n<p>ESTONIA Resort Hotel &amp; Spa rakendab kliendi isikuandmete kaitsmiseks nii organisatsioonilisi, f\u00fc\u00fcsilisi kui ka infotehnoloogilisi turvameetmeid. ESTONIA Resort Hotel &amp; Spa kliendi isikuandmeid t\u00f6\u00f6tlevad ainult selleks \u00f5igustatud isikud.<\/p>\n<p>ESTONIA Resort Hotel &amp; Spa veebilehte kasutades ja\/v\u00f5i teenuse broneerimisel on klient privaatsuspoliitikaga tutvunud ning sellega n\u00f5ustunud.<\/p>\n<p>Kui ESTONIA Resort Hotel &amp; Spa on esindatud kolmanda poole pakutavates teenustes ja \u00fchismeedia kanalites, kehtivad nende kohta vastavate teenusepakkujate privaatsuspoliitikad.<\/p>\n<p>ESTONIA Resort Hotel &amp; Spa j\u00e4tab endale \u00f5iguse vajadusel k\u00e4esolevaid privaatsustingimusi muuta, millest teavitab veebilehel.<\/p>\n<p>K\u00e4esolevate privaatsustingimuste ja muude kliendi isikuandmete t\u00f6\u00f6tlemise kohta tekkivate k\u00fcsimuste v\u00f5i muredega palume v\u00f5tta meiega \u00fchendust aadressil\u00a0<a href=\"mailto:privaatsus@spaestonia.ee\">privaatsus@spaestonia.ee<\/a>.<\/p>\n","protected":false},"excerpt":{"rendered":"<p>ESTONIA Resort Hotel &amp; Spa kaitseb oma klientide isikuandmeid, millest l\u00e4htuvalt on koostatud k\u00e4esolevad privaatsustingimused,&hellip;<\/p>\n","protected":false},"author":18,"featured_media":0,"parent":0,"menu_order":0,"comment_status":"closed","ping_status":"closed","template":"","meta":{"footnotes":""},"class_list":["post-33212","page","type-page","status-publish","hentry"],"yoast_head":"<!-- This site is optimized with the Yoast SEO plugin v26.7 - https:\/\/yoast.com\/wordpress\/plugins\/seo\/ -->\n<title>PRIVAATSUSTINGIMUSED - ESTONIA Resort Hotel Spa<\/title>\n<meta name=\"robots\" content=\"index, follow, max-snippet:-1, max-image-preview:large, max-video-preview:-1\" \/>\n<link rel=\"canonical\" href=\"https:\/\/www.spaestonia.ee\/resort\/privaatsustingimused\/\" \/>\n<meta property=\"og:locale\" content=\"et_EE\" \/>\n<meta property=\"og:type\" content=\"article\" \/>\n<meta property=\"og:title\" content=\"PRIVAATSUSTINGIMUSED - ESTONIA Resort Hotel Spa\" \/>\n<meta property=\"og:description\" content=\"ESTONIA Resort Hotel &amp; Spa kaitseb oma klientide isikuandmeid, millest l\u00e4htuvalt on koostatud k\u00e4esolevad privaatsustingimused,&hellip;\" \/>\n<meta property=\"og:url\" content=\"https:\/\/www.spaestonia.ee\/resort\/privaatsustingimused\/\" \/>\n<meta property=\"og:site_name\" content=\"ESTONIA Resort Hotel Spa\" \/>\n<meta property=\"article:publisher\" content=\"https:\/\/www.facebook.com\/EstoniaResortHotel\" \/>\n<meta name=\"twitter:card\" content=\"summary_large_image\" \/>\n<meta name=\"twitter:label1\" content=\"Est. reading time\" \/>\n\t<meta name=\"twitter:data1\" content=\"2 minutit\" \/>\n<script type=\"application\/ld+json\" class=\"yoast-schema-graph\">{\"@context\":\"https:\/\/schema.org\",\"@graph\":[{\"@type\":\"WebPage\",\"@id\":\"https:\/\/www.spaestonia.ee\/resort\/privaatsustingimused\/\",\"url\":\"https:\/\/www.spaestonia.ee\/resort\/privaatsustingimused\/\",\"name\":\"PRIVAATSUSTINGIMUSED - ESTONIA Resort Hotel Spa\",\"isPartOf\":{\"@id\":\"https:\/\/www.spaestonia.ee\/resort\/#website\"},\"datePublished\":\"2021-11-04T08:43:31+00:00\",\"breadcrumb\":{\"@id\":\"https:\/\/www.spaestonia.ee\/resort\/privaatsustingimused\/#breadcrumb\"},\"inLanguage\":\"et\",\"potentialAction\":[{\"@type\":\"ReadAction\",\"target\":[\"https:\/\/www.spaestonia.ee\/resort\/privaatsustingimused\/\"]}]},{\"@type\":\"BreadcrumbList\",\"@id\":\"https:\/\/www.spaestonia.ee\/resort\/privaatsustingimused\/#breadcrumb\",\"itemListElement\":[{\"@type\":\"ListItem\",\"position\":1,\"name\":\"Home\",\"item\":\"https:\/\/www.spaestonia.ee\/resort\/\"},{\"@type\":\"ListItem\",\"position\":2,\"name\":\"PRIVAATSUSTINGIMUSED\"}]},{\"@type\":\"WebSite\",\"@id\":\"https:\/\/www.spaestonia.ee\/resort\/#website\",\"url\":\"https:\/\/www.spaestonia.ee\/resort\/\",\"name\":\"ESTONIA Resort Hotel Spa\",\"description\":\"Your destination in P\u00e4rnu for wellness and events\",\"publisher\":{\"@id\":\"https:\/\/www.spaestonia.ee\/resort\/#organization\"},\"potentialAction\":[{\"@type\":\"SearchAction\",\"target\":{\"@type\":\"EntryPoint\",\"urlTemplate\":\"https:\/\/www.spaestonia.ee\/resort\/?s={search_term_string}\"},\"query-input\":{\"@type\":\"PropertyValueSpecification\",\"valueRequired\":true,\"valueName\":\"search_term_string\"}}],\"inLanguage\":\"et\"},{\"@type\":\"Organization\",\"@id\":\"https:\/\/www.spaestonia.ee\/resort\/#organization\",\"name\":\"ESTONIA Resort Hotel Spa\",\"url\":\"https:\/\/www.spaestonia.ee\/resort\/\",\"logo\":{\"@type\":\"ImageObject\",\"inLanguage\":\"et\",\"@id\":\"https:\/\/www.spaestonia.ee\/resort\/#\/schema\/logo\/image\/\",\"url\":\"https:\/\/www.spaestonia.ee\/resort\/wp-content\/uploads\/2025\/02\/resort-hotel-estonia.png\",\"contentUrl\":\"https:\/\/www.spaestonia.ee\/resort\/wp-content\/uploads\/2025\/02\/resort-hotel-estonia.png\",\"width\":400,\"height\":173,\"caption\":\"ESTONIA Resort Hotel Spa\"},\"image\":{\"@id\":\"https:\/\/www.spaestonia.ee\/resort\/#\/schema\/logo\/image\/\"},\"sameAs\":[\"https:\/\/www.facebook.com\/EstoniaResortHotel\"]}]}<\/script>\n<!-- \/ Yoast SEO plugin. -->","yoast_head_json":{"title":"PRIVAATSUSTINGIMUSED - ESTONIA Resort Hotel Spa","robots":{"index":"index","follow":"follow","max-snippet":"max-snippet:-1","max-image-preview":"max-image-preview:large","max-video-preview":"max-video-preview:-1"},"canonical":"https:\/\/www.spaestonia.ee\/resort\/privaatsustingimused\/","og_locale":"et_EE","og_type":"article","og_title":"PRIVAATSUSTINGIMUSED - ESTONIA Resort Hotel Spa","og_description":"ESTONIA Resort Hotel &amp; Spa kaitseb oma klientide isikuandmeid, millest l\u00e4htuvalt on koostatud k\u00e4esolevad privaatsustingimused,&hellip;","og_url":"https:\/\/www.spaestonia.ee\/resort\/privaatsustingimused\/","og_site_name":"ESTONIA Resort Hotel Spa","article_publisher":"https:\/\/www.facebook.com\/EstoniaResortHotel","twitter_card":"summary_large_image","twitter_misc":{"Est. reading time":"2 minutit"},"schema":{"@context":"https:\/\/schema.org","@graph":[{"@type":"WebPage","@id":"https:\/\/www.spaestonia.ee\/resort\/privaatsustingimused\/","url":"https:\/\/www.spaestonia.ee\/resort\/privaatsustingimused\/","name":"PRIVAATSUSTINGIMUSED - ESTONIA Resort Hotel Spa","isPartOf":{"@id":"https:\/\/www.spaestonia.ee\/resort\/#website"},"datePublished":"2021-11-04T08:43:31+00:00","breadcrumb":{"@id":"https:\/\/www.spaestonia.ee\/resort\/privaatsustingimused\/#breadcrumb"},"inLanguage":"et","potentialAction":[{"@type":"ReadAction","target":["https:\/\/www.spaestonia.ee\/resort\/privaatsustingimused\/"]}]},{"@type":"BreadcrumbList","@id":"https:\/\/www.spaestonia.ee\/resort\/privaatsustingimused\/#breadcrumb","itemListElement":[{"@type":"ListItem","position":1,"name":"Home","item":"https:\/\/www.spaestonia.ee\/resort\/"},{"@type":"ListItem","position":2,"name":"PRIVAATSUSTINGIMUSED"}]},{"@type":"WebSite","@id":"https:\/\/www.spaestonia.ee\/resort\/#website","url":"https:\/\/www.spaestonia.ee\/resort\/","name":"ESTONIA Resort Hotel Spa","description":"Your destination in P\u00e4rnu for wellness and events","publisher":{"@id":"https:\/\/www.spaestonia.ee\/resort\/#organization"},"potentialAction":[{"@type":"SearchAction","target":{"@type":"EntryPoint","urlTemplate":"https:\/\/www.spaestonia.ee\/resort\/?s={search_term_string}"},"query-input":{"@type":"PropertyValueSpecification","valueRequired":true,"valueName":"search_term_string"}}],"inLanguage":"et"},{"@type":"Organization","@id":"https:\/\/www.spaestonia.ee\/resort\/#organization","name":"ESTONIA Resort Hotel Spa","url":"https:\/\/www.spaestonia.ee\/resort\/","logo":{"@type":"ImageObject","inLanguage":"et","@id":"https:\/\/www.spaestonia.ee\/resort\/#\/schema\/logo\/image\/","url":"https:\/\/www.spaestonia.ee\/resort\/wp-content\/uploads\/2025\/02\/resort-hotel-estonia.png","contentUrl":"https:\/\/www.spaestonia.ee\/resort\/wp-content\/uploads\/2025\/02\/resort-hotel-estonia.png","width":400,"height":173,"caption":"ESTONIA Resort Hotel Spa"},"image":{"@id":"https:\/\/www.spaestonia.ee\/resort\/#\/schema\/logo\/image\/"},"sameAs":["https:\/\/www.facebook.com\/EstoniaResortHotel"]}]}},"_links":{"self":[{"href":"https:\/\/www.spaestonia.ee\/resort\/wp-json\/wp\/v2\/pages\/33212","targetHints":{"allow":["GET"]}}],"collection":[{"href":"https:\/\/www.spaestonia.ee\/resort\/wp-json\/wp\/v2\/pages"}],"about":[{"href":"https:\/\/www.spaestonia.ee\/resort\/wp-json\/wp\/v2\/types\/page"}],"author":[{"embeddable":true,"href":"https:\/\/www.spaestonia.ee\/resort\/wp-json\/wp\/v2\/users\/18"}],"replies":[{"embeddable":true,"href":"https:\/\/www.spaestonia.ee\/resort\/wp-json\/wp\/v2\/comments?post=33212"}],"version-history":[{"count":2,"href":"https:\/\/www.spaestonia.ee\/resort\/wp-json\/wp\/v2\/pages\/33212\/revisions"}],"predecessor-version":[{"id":33215,"href":"https:\/\/www.spaestonia.ee\/resort\/wp-json\/wp\/v2\/pages\/33212\/revisions\/33215"}],"wp:attachment":[{"href":"https:\/\/www.spaestonia.ee\/resort\/wp-json\/wp\/v2\/media?parent=33212"}],"curies":[{"name":"wp","href":"https:\/\/api.w.org\/{rel}","templated":true}]}}