{"id":37930,"date":"2023-04-26T08:09:42","date_gmt":"2023-04-26T05:09:42","guid":{"rendered":"https:\/\/www.spaestonia.ee\/resort\/?page_id=37930"},"modified":"2025-05-02T14:38:03","modified_gmt":"2025-05-02T11:38:03","slug":"e-poe-ostutingimused","status":"publish","type":"page","link":"https:\/\/www.spaestonia.ee\/resort\/e-poe-ostutingimused\/","title":{"rendered":"E-poe ostutingimused"},"content":{"rendered":"<p><strong>OSTUTINGIMUSED<\/strong><\/p>\n<p><strong>Andmed<\/strong><\/p>\n<p><strong>E<\/strong><strong>stonia Spa Hotels AS<\/strong><br \/>\n\u00c4riregistri kood: 10275471<br \/>\nKMKR number: EE100094819<br \/>\nAddress: S\u00e4\u00e4se 7, P\u00e4rnu 80012, Eesti<\/p>\n<p>A\/a number:\u00a0 EE762200221081371692<br \/>\nSWIFT kood (BIC): HABAEE2X<br \/>\nPanga nimi: Swedbank AS<\/p>\n<p>E-post:\u00a0<a href=\"mailto:info@spaestonia.ee\">info@spaestonia.ee<\/a><br \/>\nTelefon: +372 44 01 010<br \/>\nKodulehek\u00fclg:\u00a0<a href=\"http:\/\/www.spaestonia.ee\/\">www.spaestonia.ee<\/a><\/p>\n<p><strong>Tellimistingimused<\/strong><\/p>\n<p><em>1. Tingimuste ulatus ja kehtivus<\/em><\/p>\n<p>1.1 Tingimused kehtivad isiku (edaspidi Klient) ja Estonia Spa Hotels ostukeskkonna\u00a0<strong>kinkekaart.spaestonia.ee<\/strong>\u00a0(edaspidi E-pood) omaniku\u00a0<strong>Estonia Spa Hotels AS<\/strong>\u00a0(edaspidi SPA) vahel SPA E-poe vahendusel toodete ostmisel tekkivate \u00f5igussuhete kohta.<br \/>\n1.2. Lisaks k\u00e4esolevatele tingimustele reguleerivad SPA E-pood vahendusel toodete ostmisel tekkivaid \u00f5igussuhteid Eesti Vabariigis kehtivad \u00f5igusaktid.<\/p>\n<p><strong>Hind, teenuse vahetamine, kehtivus ja pikendamine<\/strong><\/p>\n<p><em>2.1 Hind<\/em><br \/>\n2.1.1 K\u00f5ik E-poes m\u00fc\u00fcdavate kinkekaardi teenuste hinnad on eurodes.<br \/>\n2.1.2 E-poest ostetud teenusep\u00f5hise kinkekaardi v\u00e4\u00e4rtus v\u00f5ib erineda vastava teenuse broneerimise\/tarbimise\/ostmise hetkel kehtivast letihinnast. Hinnavahet ei kompenseerita kui broneeritud teenuse summa on v\u00e4iksem kinkekaardi v\u00e4\u00e4rtusest.<\/p>\n<p><em>2.2 Teenuse vahetamine<\/em><br \/>\n2.2.1 E-poest ostetud kinkekaarti ei vahetata sularaha vastu ning kinkekaardi eest ei saa osta uut kinkekaarti.<br \/>\n2.2.2 Kliendil on \u00f5igus vahetada kinkekaardil m\u00e4rgitud mistahes teenus SPA hotellimajutuse vastu (s.o majutus koos hommikus\u00f6\u00f6gi ja spaakeskuse k\u00fclastusega ESTONIA Resort Hotel &amp; Spa\u00b4s v\u00f5i ESTONIA Medical Spa &amp; Hotel\u00b4is), v\u00f5ttes arvesse, et kui SPA hotellimajutuse summa on v\u00e4iksem kui kinkekaardi teenuse v\u00e4\u00e4rtus, siis hinnavahet ei kompenseerita. Kui SPA hotellimajutuse summa \u00fcletab kinkekaardi v\u00e4\u00e4rtuse, tuleb vahesumma kinkekaardi omanikul t\u00e4iendavalt juurde tasuda.<br \/>\n2.2.3 Teenusep\u00f5hise kinkekaardi teenust saab vahetada SPA hotellimajutuse vastu ainult SPA m\u00fc\u00fcgiosakonna kaudu (avatud E-R 8:00-16:30, v.a Eesti riigip\u00fchad, kui m\u00fc\u00fcgiosakond ei t\u00f6\u00f6ta):<br \/>\n* Palun saatke oma teenuse vahetuse soov hotellimajutuse vastu kirjalikult:\u00a0<a href=\"mailto:sales@spaestonia.ee\">sales@spaestonia.ee<\/a>.<br \/>\n* Palun m\u00e4rkige sooviavaldusse kinkekaardi number. Teenusep\u00f5hise kinkekaardi vahetamisel hotellimajutuse vastu tuleb KOHE TEHA BRONEERING kas ESTONIA Resort Hotel &amp; Spa\u00b4s v\u00f5i ESTONIA Medical Spa &amp; Hotel\u00b4is. Selleks palun lisage sooviavaldusse vastava hotelli nimi ja soovitud k\u00fclastuse kuup\u00e4ev(d), toat\u00fc\u00fcp ja k\u00fclastajate arv (sh palume m\u00e4rkida eraldi lapsed koos vanusega).<br \/>\n*M\u00fc\u00fcgiosakond vastab kliendile kirjalikult samale e-posti aadressile, millelt tuli kliendi sooviavaldus.<br \/>\n* Kui teenusep\u00f5hise kinkekaardi teenus on ajaliselt juba ette broneeritud, siis ei saa teenust hotellimajutuse vastu vahetada.<\/p>\n<p><em>2.3 Kehtivus<\/em><br \/>\n2.3.1 E-poest ostetud kinkekaardi kehtivus on 12 kuud alates ostu kuup\u00e4evast, kui seda ei ole E-poe kinkekaardi teenuse juures m\u00e4rgitud teisiti.<br \/>\n2.3.2 Kinkekaart peab olema kehtiv teenuse kasutamise p\u00e4eval ning seda ei saa kasutada ettemaksena p\u00e4rast kehtivusaja l\u00f5ppu, sealhulgas majutuse v\u00f5i muude teenuste ette broneerimiseks.<\/p>\n<p><em>2.4 Pikendamine<\/em><br \/>\n2.4.1 Kinkekaardi kehtivust on v\u00f5imalik pikendada \u00fcks kord 6 kuuks, muutmistasu 25 \u20ac kinkekaardi kohta.<br \/>\n2.4.2 Aegunud kinkekaarte ei pikendata.<br \/>\n2.4.3 Kaotatud v\u00f5i rikutud kinkekaarte ei asendata.<\/p>\n<p><strong>Tellimuse esitamine<\/strong><\/p>\n<p><em>3. Tellimus esitamine<\/em><\/p>\n<p>3.1 Tellimusi saab kinkekaart.spaestonia.ee E-poes esitada k\u00fclalisena.<br \/>\n3.2 Klient valib E-poest v\u00e4lja soovitud kinkekaardi teenuse(d) ja lisab ostukorvi.<br \/>\n3.3\u00a0Klient t\u00e4idab Kassa vaates andmed ja sisestab enda e-posti aadressi, kuhu saadetakse kliendile unikaalse numbriga kinkekaardi voucher.<br \/>\n3.4\u00a0Klient kinnitab ostukorvi ja tasub kinkekaardi eest m\u00fc\u00fcja poolt pakutud maksekeskkondades. Klient kontrollib enne arve tasumist, et arves toodud andmed vastavad kliendi tegelikule soovile.<br \/>\n3.5\u00a0P\u00e4rast kinkekaardi eest tasumist tuleb kliendil vajutada lingile \u201cTagasi kaupmehe juurde\u201d.<br \/>\n3.6\u00a0Tellimuse ja makse k\u00e4ttesaamise kohta saadab m\u00fc\u00fcja kliendile e-kirjaga kinnituse ja arve.<\/p>\n<p><strong>\u00a0<\/strong><strong>Maksetingimused<\/strong><\/p>\n<p><em>4. Teenuste ja toodete eest tasumine<\/em><\/p>\n<p>4.1 Kliendi poolt E-poest ostetud kinkekaardi eest tuleb tasuda kogu valitud teenuse maksumus. Tasu maksmisega kinnitab klient, et ta on tutvunud k\u00f5ikide teenusepakkuja poolt e-poe kaudu k\u00e4ttesaadavaks tehtud tingimuste ja reeglitega ning aktsepteerib neid.<br \/>\n4.2\u00a0E-poes m\u00e4\u00e4ratud summa tasumine toimub \u00fclekandega internetipanga vahendusel v\u00f5i MasterCard\/Visa deebet- v\u00f5i krediitkaardimaksetena.<br \/>\nPanga \u00fclekandega on v\u00f5imalik maksta j\u00e4rgmistest pankadest: Swedbank, SEB, Citadele, Luminori (EE, LV, LT), Coop ja LHV (EE) ning \u0160iauli\u0173 bankas (LT) ja Medicinos bankas (LT)<br \/>\n4.3 Vahetult p\u00e4rast \u00fclekande v\u00f5i kaardimakse sooritamist peab klient makse koheseks registreerimiseks kl\u00f5psama nuppu \u201eTagasi kaupmehe juurde\u201c.<br \/>\n4.4 Makseid vahendab\u00a0Swedbank AS. Tasumine toimub v\u00e4ljaspool E-poe turvalises keskkonnas \u2013 pangalingiga tasumisel vastava panga turvalises keskkonnas ja krediitkaardiga tasumisel Swedbank turvalises keskkonnas. M\u00fc\u00fcjal puudub ligip\u00e4\u00e4s kliendi panga ja krediitkaardi andmetele. Leping j\u00f5ustub alates tasumisele kuuluva summa laekumisest E-poe arvelduskontole.<br \/>\n4.5 E-poe omanik on isikuandmete vastutav t\u00f6\u00f6tleja ning edastab maksete teostamiseks vajalikud isikuandmed volitatud t\u00f6\u00f6tleja Swedbank AS -le.<\/p>\n<p><strong>Tarnetingimused<\/strong><\/p>\n<p><em>5. Tarnetingimused<\/em><\/p>\n<p>5.1 P\u00e4rast \u00fclekande v\u00f5i kaardimakse sooritamist saadetakse kliendile ostetud kinkekaart allalaetava voucherina eelnevalt kliendi poolt m\u00e4\u00e4ratud e-posti aadressile.<\/p>\n<p><strong>Tellimuse t\u00fchistamine ja raha tagastamine<\/strong><\/p>\n<p><em>6. Tellimuse t\u00fchistamine ja kinkekaartide tagastamine<\/em><\/p>\n<p>6.1 Kinkekaardi ostmisel E-poest on ostjal \u00f5igus taganeda m\u00fc\u00fcgilepingust 14 p\u00e4eva jooksul alates kinkekaardi k\u00e4ttesaamise p\u00e4evast e-posti aadressile. M\u00fc\u00fcgitehingu t\u00fchistamise taotlus koos vastava kinkekaardi voucheriga saata e-postile: sales@spaestonia.ee.<br \/>\n6.2 Tehingust ei saa taganeda, kui ostetud kinkekaarti on juba teenuste v\u00f5i toodete ostmiseks kasutatud.<\/p>\n<p><strong>Konfidentsiaalsus ja isikuandmete t\u00f6\u00f6tlemine<\/strong><\/p>\n<p><em>7. Konfidentsiaalsus ja isikuandmete t\u00f6\u00f6tlemine<\/em><\/p>\n<p>7.1 E-poes tellimuse tegemisel ja ostu sooritamisel esitatud isikuandmed (sh ees-ja perekonnanimi v\u00f5i soovi korral ettev\u00f5tte nimi koos ettev\u00f5tte aadressi ja registreerimisnumbriga, telefoninumber, e-maili aadress) on konfidentsiaalsed ja neid t\u00f6\u00f6deldakse tellimuse ja makse teostamiseksning kauba ostjale saatmiseks vastavalt isikuandmete seaduse n\u00f5uetele. SPA ei avalikusta Kliendi isikuandmeid kolmandatele osapooltele ilma Kliendi n\u00f5usolekuta.<br \/>\n7.2 E-poe omanik on isikuandmete vastutav t\u00f6\u00f6tleja ning edastab maksete teostamiseks vajalikud isikuandmed volitatud t\u00f6\u00f6tleja Swedbank AS -le<\/p>\n<p><strong>Vastutus ja v\u00e4\u00e4ramatu j\u00f5ud<\/strong><\/p>\n<p><em>8. Vastutus ja v\u00e4\u00e4ramatu j\u00f5ud<\/em><\/p>\n<p>8.1 SPA ja Klient vastutavad teineteise ees k\u00e4esolevate tingimuste rikkumisega teisele poole tekitatud kahju eest Eesti Vabariigis kehtivates \u00f5igusaktides s\u00e4testatud juhtudel ja ulatuses.<br \/>\n8.2 SPA ei vastuta Kliendile tekitatud kahjude eest v\u00f5i toote kohaletoimetamise viibimise eest juhul, kui kahju v\u00f5i toote kohaletoomise viibimine on tingitud asjaolust, mida SPA ei saanud m\u00f5jutada, ei n\u00e4inud ette ega v\u00f5inud ette n\u00e4ha (v\u00e4\u00e4ramatu j\u00f5ud).<\/p>\n<p><strong>Muu info<\/strong><\/p>\n<p><em>9. Muud tingimused<\/em><\/p>\n<p>9.1. Kliendi ja SPA vahel seoses SPA\u00a0E-poe vahendusel toodete tellimise ja ostmisega tekkinud vaidlused lahendatakse l\u00e4bir\u00e4\u00e4kimiste teel. Kokkuleppe mittesaavutamisel on Kliendil \u00f5igus p\u00f6\u00f6rduda oma \u00f5iguste kaitseks Tarbijakaitseametisse v\u00f5i kohtusse. Vaidluste ning k\u00e4esolevates tingimustes mitte v\u00e4lja toodud k\u00fcsimuste lahendamisel l\u00e4htutakse Eesti Vabariigis kehtivatest \u00f5igusaktidest<\/p>\n<p><strong>L\u00f5pps\u00e4tted<\/strong><\/p>\n<p><em>10. L\u00f5pps\u00e4tted<\/em><\/p>\n<p>10.1 K\u00e4esolevatele tellimistingimustele ning SPA ostu-m\u00fc\u00fcgilepingutele kohaldatakse Eesti \u00f5igust. Kui tellimistingimuste m\u00f5ni s\u00e4te on t\u00fchine, ei m\u00f5juta see \u00fclej\u00e4\u00e4nud osas tellimistingimuste ega ostu-m\u00fc\u00fcgilepingu kehtivust. T\u00fchine s\u00e4te asendatakse seadusp\u00e4rase s\u00e4ttega, mis on t\u00fchisele s\u00e4ttele \u00f5iguslikult ja majanduslikult k\u00f5ige l\u00e4hedasem.<\/p>\n<p>&nbsp;<\/p>\n","protected":false},"excerpt":{"rendered":"<p>OSTUTINGIMUSED Andmed Estonia Spa Hotels AS \u00c4riregistri kood: 10275471 KMKR number: EE100094819 Address: S\u00e4\u00e4se 7,&hellip;<\/p>\n","protected":false},"author":14,"featured_media":0,"parent":0,"menu_order":0,"comment_status":"closed","ping_status":"closed","template":"","meta":{"footnotes":""},"class_list":["post-37930","page","type-page","status-publish","hentry"],"yoast_head":"<!-- This site is optimized with the Yoast SEO plugin v26.7 - https:\/\/yoast.com\/wordpress\/plugins\/seo\/ -->\n<title>E-poe ostutingimused - ESTONIA Resort Hotel Spa<\/title>\n<meta name=\"robots\" content=\"index, follow, max-snippet:-1, max-image-preview:large, max-video-preview:-1\" \/>\n<link rel=\"canonical\" href=\"https:\/\/www.spaestonia.ee\/resort\/e-poe-ostutingimused\/\" \/>\n<meta property=\"og:locale\" content=\"et_EE\" \/>\n<meta property=\"og:type\" content=\"article\" \/>\n<meta property=\"og:title\" content=\"E-poe ostutingimused - ESTONIA Resort Hotel Spa\" \/>\n<meta property=\"og:description\" content=\"OSTUTINGIMUSED Andmed Estonia Spa Hotels AS \u00c4riregistri kood: 10275471 KMKR number: EE100094819 Address: S\u00e4\u00e4se 7,&hellip;\" \/>\n<meta property=\"og:url\" content=\"https:\/\/www.spaestonia.ee\/resort\/e-poe-ostutingimused\/\" \/>\n<meta property=\"og:site_name\" content=\"ESTONIA Resort Hotel Spa\" \/>\n<meta property=\"article:publisher\" content=\"https:\/\/www.facebook.com\/EstoniaResortHotel\" \/>\n<meta property=\"article:modified_time\" content=\"2025-05-02T11:38:03+00:00\" \/>\n<meta name=\"twitter:card\" content=\"summary_large_image\" \/>\n<meta name=\"twitter:label1\" content=\"Est. reading time\" \/>\n\t<meta name=\"twitter:data1\" content=\"6 minutit\" \/>\n<script type=\"application\/ld+json\" class=\"yoast-schema-graph\">{\"@context\":\"https:\/\/schema.org\",\"@graph\":[{\"@type\":\"WebPage\",\"@id\":\"https:\/\/www.spaestonia.ee\/resort\/e-poe-ostutingimused\/\",\"url\":\"https:\/\/www.spaestonia.ee\/resort\/e-poe-ostutingimused\/\",\"name\":\"E-poe ostutingimused - ESTONIA Resort Hotel Spa\",\"isPartOf\":{\"@id\":\"https:\/\/www.spaestonia.ee\/resort\/#website\"},\"datePublished\":\"2023-04-26T05:09:42+00:00\",\"dateModified\":\"2025-05-02T11:38:03+00:00\",\"breadcrumb\":{\"@id\":\"https:\/\/www.spaestonia.ee\/resort\/e-poe-ostutingimused\/#breadcrumb\"},\"inLanguage\":\"et\",\"potentialAction\":[{\"@type\":\"ReadAction\",\"target\":[\"https:\/\/www.spaestonia.ee\/resort\/e-poe-ostutingimused\/\"]}]},{\"@type\":\"BreadcrumbList\",\"@id\":\"https:\/\/www.spaestonia.ee\/resort\/e-poe-ostutingimused\/#breadcrumb\",\"itemListElement\":[{\"@type\":\"ListItem\",\"position\":1,\"name\":\"Home\",\"item\":\"https:\/\/www.spaestonia.ee\/resort\/\"},{\"@type\":\"ListItem\",\"position\":2,\"name\":\"E-poe ostutingimused\"}]},{\"@type\":\"WebSite\",\"@id\":\"https:\/\/www.spaestonia.ee\/resort\/#website\",\"url\":\"https:\/\/www.spaestonia.ee\/resort\/\",\"name\":\"ESTONIA Resort Hotel Spa\",\"description\":\"Your destination in P\u00e4rnu for wellness and events\",\"publisher\":{\"@id\":\"https:\/\/www.spaestonia.ee\/resort\/#organization\"},\"potentialAction\":[{\"@type\":\"SearchAction\",\"target\":{\"@type\":\"EntryPoint\",\"urlTemplate\":\"https:\/\/www.spaestonia.ee\/resort\/?s={search_term_string}\"},\"query-input\":{\"@type\":\"PropertyValueSpecification\",\"valueRequired\":true,\"valueName\":\"search_term_string\"}}],\"inLanguage\":\"et\"},{\"@type\":\"Organization\",\"@id\":\"https:\/\/www.spaestonia.ee\/resort\/#organization\",\"name\":\"ESTONIA Resort Hotel Spa\",\"url\":\"https:\/\/www.spaestonia.ee\/resort\/\",\"logo\":{\"@type\":\"ImageObject\",\"inLanguage\":\"et\",\"@id\":\"https:\/\/www.spaestonia.ee\/resort\/#\/schema\/logo\/image\/\",\"url\":\"https:\/\/www.spaestonia.ee\/resort\/wp-content\/uploads\/2025\/02\/resort-hotel-estonia.png\",\"contentUrl\":\"https:\/\/www.spaestonia.ee\/resort\/wp-content\/uploads\/2025\/02\/resort-hotel-estonia.png\",\"width\":400,\"height\":173,\"caption\":\"ESTONIA Resort Hotel Spa\"},\"image\":{\"@id\":\"https:\/\/www.spaestonia.ee\/resort\/#\/schema\/logo\/image\/\"},\"sameAs\":[\"https:\/\/www.facebook.com\/EstoniaResortHotel\"]}]}<\/script>\n<!-- \/ Yoast SEO plugin. -->","yoast_head_json":{"title":"E-poe ostutingimused - ESTONIA Resort Hotel Spa","robots":{"index":"index","follow":"follow","max-snippet":"max-snippet:-1","max-image-preview":"max-image-preview:large","max-video-preview":"max-video-preview:-1"},"canonical":"https:\/\/www.spaestonia.ee\/resort\/e-poe-ostutingimused\/","og_locale":"et_EE","og_type":"article","og_title":"E-poe ostutingimused - ESTONIA Resort Hotel Spa","og_description":"OSTUTINGIMUSED Andmed Estonia Spa Hotels AS \u00c4riregistri kood: 10275471 KMKR number: EE100094819 Address: S\u00e4\u00e4se 7,&hellip;","og_url":"https:\/\/www.spaestonia.ee\/resort\/e-poe-ostutingimused\/","og_site_name":"ESTONIA Resort Hotel Spa","article_publisher":"https:\/\/www.facebook.com\/EstoniaResortHotel","article_modified_time":"2025-05-02T11:38:03+00:00","twitter_card":"summary_large_image","twitter_misc":{"Est. reading time":"6 minutit"},"schema":{"@context":"https:\/\/schema.org","@graph":[{"@type":"WebPage","@id":"https:\/\/www.spaestonia.ee\/resort\/e-poe-ostutingimused\/","url":"https:\/\/www.spaestonia.ee\/resort\/e-poe-ostutingimused\/","name":"E-poe ostutingimused - ESTONIA Resort Hotel Spa","isPartOf":{"@id":"https:\/\/www.spaestonia.ee\/resort\/#website"},"datePublished":"2023-04-26T05:09:42+00:00","dateModified":"2025-05-02T11:38:03+00:00","breadcrumb":{"@id":"https:\/\/www.spaestonia.ee\/resort\/e-poe-ostutingimused\/#breadcrumb"},"inLanguage":"et","potentialAction":[{"@type":"ReadAction","target":["https:\/\/www.spaestonia.ee\/resort\/e-poe-ostutingimused\/"]}]},{"@type":"BreadcrumbList","@id":"https:\/\/www.spaestonia.ee\/resort\/e-poe-ostutingimused\/#breadcrumb","itemListElement":[{"@type":"ListItem","position":1,"name":"Home","item":"https:\/\/www.spaestonia.ee\/resort\/"},{"@type":"ListItem","position":2,"name":"E-poe ostutingimused"}]},{"@type":"WebSite","@id":"https:\/\/www.spaestonia.ee\/resort\/#website","url":"https:\/\/www.spaestonia.ee\/resort\/","name":"ESTONIA Resort Hotel Spa","description":"Your destination in P\u00e4rnu for wellness and events","publisher":{"@id":"https:\/\/www.spaestonia.ee\/resort\/#organization"},"potentialAction":[{"@type":"SearchAction","target":{"@type":"EntryPoint","urlTemplate":"https:\/\/www.spaestonia.ee\/resort\/?s={search_term_string}"},"query-input":{"@type":"PropertyValueSpecification","valueRequired":true,"valueName":"search_term_string"}}],"inLanguage":"et"},{"@type":"Organization","@id":"https:\/\/www.spaestonia.ee\/resort\/#organization","name":"ESTONIA Resort Hotel Spa","url":"https:\/\/www.spaestonia.ee\/resort\/","logo":{"@type":"ImageObject","inLanguage":"et","@id":"https:\/\/www.spaestonia.ee\/resort\/#\/schema\/logo\/image\/","url":"https:\/\/www.spaestonia.ee\/resort\/wp-content\/uploads\/2025\/02\/resort-hotel-estonia.png","contentUrl":"https:\/\/www.spaestonia.ee\/resort\/wp-content\/uploads\/2025\/02\/resort-hotel-estonia.png","width":400,"height":173,"caption":"ESTONIA Resort Hotel Spa"},"image":{"@id":"https:\/\/www.spaestonia.ee\/resort\/#\/schema\/logo\/image\/"},"sameAs":["https:\/\/www.facebook.com\/EstoniaResortHotel"]}]}},"_links":{"self":[{"href":"https:\/\/www.spaestonia.ee\/resort\/wp-json\/wp\/v2\/pages\/37930","targetHints":{"allow":["GET"]}}],"collection":[{"href":"https:\/\/www.spaestonia.ee\/resort\/wp-json\/wp\/v2\/pages"}],"about":[{"href":"https:\/\/www.spaestonia.ee\/resort\/wp-json\/wp\/v2\/types\/page"}],"author":[{"embeddable":true,"href":"https:\/\/www.spaestonia.ee\/resort\/wp-json\/wp\/v2\/users\/14"}],"replies":[{"embeddable":true,"href":"https:\/\/www.spaestonia.ee\/resort\/wp-json\/wp\/v2\/comments?post=37930"}],"version-history":[{"count":6,"href":"https:\/\/www.spaestonia.ee\/resort\/wp-json\/wp\/v2\/pages\/37930\/revisions"}],"predecessor-version":[{"id":44410,"href":"https:\/\/www.spaestonia.ee\/resort\/wp-json\/wp\/v2\/pages\/37930\/revisions\/44410"}],"wp:attachment":[{"href":"https:\/\/www.spaestonia.ee\/resort\/wp-json\/wp\/v2\/media?parent=37930"}],"curies":[{"name":"wp","href":"https:\/\/api.w.org\/{rel}","templated":true}]}}