{"id":37937,"date":"2023-04-26T08:17:39","date_gmt":"2023-04-26T05:17:39","guid":{"rendered":"https:\/\/www.spaestonia.ee\/resort\/?page_id=37937"},"modified":"2023-04-26T08:17:39","modified_gmt":"2023-04-26T05:17:39","slug":"e-poe-privaatsustingimused","status":"publish","type":"page","link":"https:\/\/www.spaestonia.ee\/resort\/e-poe-privaatsustingimused\/","title":{"rendered":"E-poe privaatsustingimused"},"content":{"rendered":"<p><strong>PRIVAATSUSTINGIMUSED<\/strong><\/p>\n<p>Estonia Spa Hotels ostukeskkonna\u00a0<strong>kinkekaart.spaestonia.ee<\/strong>\u00a0isikuandmete vastutav t\u00f6\u00f6tleja on:<\/p>\n<p>Estonia Spa Hotels AS (\u00e4riregistri kood 10275471)<br \/>\nasukoht: S\u00e4\u00e4se 7, P\u00e4rnu 80012<br \/>\ntel: +372 44 01\u00a0010<br \/>\ne-post:\u00a0<a href=\"mailto:info@spaestonia.ee\">info@spaestonia.ee<\/a><br \/>\nKodulehek\u00fclg: \u00a0<a href=\"http:\/\/www.spaestonia.ee\/\">www.spaestonia.ee<\/a><br \/>\nA\/a number:\u00a0 EE762200221081371692<br \/>\nSWIFT kood (BIC): HABAEE2X<br \/>\nPanga nimi: Swedbank AS<\/p>\n<p>Estonia Spa Hotels kaitseb oma klientide isikuandmeid, millest l\u00e4htuvalt on koostatud k\u00e4esolevad privaatsustingimused, mis k\u00e4sitlevad kliendi isikuandmete t\u00f6\u00f6tlemist seoses kinkekaartide m\u00fc\u00fcgiga ostukeskkonnas kinkekaart.spaestonia.ee.<\/p>\n<p>Kliendi isikuandmete t\u00f6\u00f6tlemisel l\u00e4htub Estonia Spa Hotels kehtivatest siseriiklikest ja Euroopa Liidu \u00f5igusaktidest.<\/p>\n<p>Estonia Spa Hotels t\u00f6\u00f6tleb klientide isikuandmeid nii palju kui vajalik ja nii v\u00e4he kui v\u00f5imalik \u00fcksikisikule teenuse osutamise eesm\u00e4rgil.<\/p>\n<p>Kliendi isikuandmete kogumine toimub kontaktandmete (ees- ja perekonnanimi, elektronpostiaadress ja telefoninumber ning\u00a0valikuliselt ettev\u00f5tte nimi koos ettev\u00f5tte aadressi ja registreerimisnumbriga, telefoninumber, e-maili aadress) ja makseinfo esitamisel kinkekaartide ostutellimuse tegemisel veebilehe kaudu.<\/p>\n<p>Estonia Spa Hotels ei edasta kliendi isikuandmeid kolmandatele isikutele v\u00e4lja arvatud juhul, kui andmete esitamise kohustus tuleneb Eesti Vabariigis kehtivatest \u00f5igusaktidest.<\/p>\n<p>Estonia Spa Hotels t\u00f6\u00f6tleb ka kliendi isikustamata andmeid statistika koostamise eesm\u00e4rgil. Samuti saab Estonia Spa Hotels isikustamata andmeid \u201ek\u00fcpsiste\u201c kaudu veebilehe kasutamisel.<\/p>\n<p>Estonia Spa Hotels rakendab kliendi isikuandmete kaitsmiseks nii organisatsioonilisi, f\u00fc\u00fcsilisi kui ka infotehnoloogilisi turvameetmeid. Estonia Spa Hotels kliendi isikuandmeid t\u00f6\u00f6tlevad ainult selleks \u00f5igustatud isikud.<\/p>\n<p>Estonia Spa Hotels veebilehte kasutades on klient privaatsuspoliitikaga tutvunud ning sellega n\u00f5ustunud.<\/p>\n<p>Kui Estonia Spa Hotels on esindatud kolmanda poole pakutavates teenustes ja \u00fchismeedia kanalites, kehtivad nende kohta vastavate teenusepakkujate privaatsuspoliitikad.<\/p>\n<p>Estonia Spa Hotles j\u00e4tab endale \u00f5iguse vajadusel k\u00e4esolevaid privaatsustingimusi muuta, millest teavitab veebilehel.<\/p>\n<p>K\u00e4esolevate privaatsustingimuste ja muude kliendi isikuandmete t\u00f6\u00f6tlemise kohta tekkivate k\u00fcsimuste v\u00f5i muredega palume v\u00f5tta meiega \u00fchendust aadressil\u00a0<a href=\"mailto:privaatsus@spaestonia.ee\">privaatsus@spaestonia.ee<\/a>.<\/p>\n","protected":false},"excerpt":{"rendered":"<p>PRIVAATSUSTINGIMUSED Estonia Spa Hotels ostukeskkonna\u00a0kinkekaart.spaestonia.ee\u00a0isikuandmete vastutav t\u00f6\u00f6tleja on: Estonia Spa Hotels AS (\u00e4riregistri kood 10275471)&hellip;<\/p>\n","protected":false},"author":14,"featured_media":0,"parent":0,"menu_order":0,"comment_status":"closed","ping_status":"closed","template":"","meta":{"footnotes":""},"class_list":["post-37937","page","type-page","status-publish","hentry"],"yoast_head":"<!-- This site is optimized with the Yoast SEO plugin v26.7 - https:\/\/yoast.com\/wordpress\/plugins\/seo\/ -->\n<title>E-poe privaatsustingimused - ESTONIA Resort Hotel Spa<\/title>\n<meta name=\"robots\" content=\"index, follow, max-snippet:-1, max-image-preview:large, max-video-preview:-1\" \/>\n<link rel=\"canonical\" href=\"https:\/\/www.spaestonia.ee\/resort\/e-poe-privaatsustingimused\/\" \/>\n<meta property=\"og:locale\" content=\"et_EE\" \/>\n<meta property=\"og:type\" content=\"article\" \/>\n<meta property=\"og:title\" content=\"E-poe privaatsustingimused - ESTONIA Resort Hotel Spa\" \/>\n<meta property=\"og:description\" content=\"PRIVAATSUSTINGIMUSED Estonia Spa Hotels ostukeskkonna\u00a0kinkekaart.spaestonia.ee\u00a0isikuandmete vastutav t\u00f6\u00f6tleja on: Estonia Spa Hotels AS (\u00e4riregistri kood 10275471)&hellip;\" \/>\n<meta property=\"og:url\" content=\"https:\/\/www.spaestonia.ee\/resort\/e-poe-privaatsustingimused\/\" \/>\n<meta property=\"og:site_name\" content=\"ESTONIA Resort Hotel Spa\" \/>\n<meta property=\"article:publisher\" content=\"https:\/\/www.facebook.com\/EstoniaResortHotel\" \/>\n<meta name=\"twitter:card\" content=\"summary_large_image\" \/>\n<meta name=\"twitter:label1\" content=\"Est. reading time\" \/>\n\t<meta name=\"twitter:data1\" content=\"1 minut\" \/>\n<script type=\"application\/ld+json\" class=\"yoast-schema-graph\">{\"@context\":\"https:\/\/schema.org\",\"@graph\":[{\"@type\":\"WebPage\",\"@id\":\"https:\/\/www.spaestonia.ee\/resort\/e-poe-privaatsustingimused\/\",\"url\":\"https:\/\/www.spaestonia.ee\/resort\/e-poe-privaatsustingimused\/\",\"name\":\"E-poe privaatsustingimused - ESTONIA Resort Hotel Spa\",\"isPartOf\":{\"@id\":\"https:\/\/www.spaestonia.ee\/resort\/#website\"},\"datePublished\":\"2023-04-26T05:17:39+00:00\",\"breadcrumb\":{\"@id\":\"https:\/\/www.spaestonia.ee\/resort\/e-poe-privaatsustingimused\/#breadcrumb\"},\"inLanguage\":\"et\",\"potentialAction\":[{\"@type\":\"ReadAction\",\"target\":[\"https:\/\/www.spaestonia.ee\/resort\/e-poe-privaatsustingimused\/\"]}]},{\"@type\":\"BreadcrumbList\",\"@id\":\"https:\/\/www.spaestonia.ee\/resort\/e-poe-privaatsustingimused\/#breadcrumb\",\"itemListElement\":[{\"@type\":\"ListItem\",\"position\":1,\"name\":\"Home\",\"item\":\"https:\/\/www.spaestonia.ee\/resort\/\"},{\"@type\":\"ListItem\",\"position\":2,\"name\":\"E-poe privaatsustingimused\"}]},{\"@type\":\"WebSite\",\"@id\":\"https:\/\/www.spaestonia.ee\/resort\/#website\",\"url\":\"https:\/\/www.spaestonia.ee\/resort\/\",\"name\":\"ESTONIA Resort Hotel Spa\",\"description\":\"Your destination in P\u00e4rnu for wellness and events\",\"publisher\":{\"@id\":\"https:\/\/www.spaestonia.ee\/resort\/#organization\"},\"potentialAction\":[{\"@type\":\"SearchAction\",\"target\":{\"@type\":\"EntryPoint\",\"urlTemplate\":\"https:\/\/www.spaestonia.ee\/resort\/?s={search_term_string}\"},\"query-input\":{\"@type\":\"PropertyValueSpecification\",\"valueRequired\":true,\"valueName\":\"search_term_string\"}}],\"inLanguage\":\"et\"},{\"@type\":\"Organization\",\"@id\":\"https:\/\/www.spaestonia.ee\/resort\/#organization\",\"name\":\"ESTONIA Resort Hotel Spa\",\"url\":\"https:\/\/www.spaestonia.ee\/resort\/\",\"logo\":{\"@type\":\"ImageObject\",\"inLanguage\":\"et\",\"@id\":\"https:\/\/www.spaestonia.ee\/resort\/#\/schema\/logo\/image\/\",\"url\":\"https:\/\/www.spaestonia.ee\/resort\/wp-content\/uploads\/2025\/02\/resort-hotel-estonia.png\",\"contentUrl\":\"https:\/\/www.spaestonia.ee\/resort\/wp-content\/uploads\/2025\/02\/resort-hotel-estonia.png\",\"width\":400,\"height\":173,\"caption\":\"ESTONIA Resort Hotel Spa\"},\"image\":{\"@id\":\"https:\/\/www.spaestonia.ee\/resort\/#\/schema\/logo\/image\/\"},\"sameAs\":[\"https:\/\/www.facebook.com\/EstoniaResortHotel\"]}]}<\/script>\n<!-- \/ Yoast SEO plugin. -->","yoast_head_json":{"title":"E-poe privaatsustingimused - ESTONIA Resort Hotel Spa","robots":{"index":"index","follow":"follow","max-snippet":"max-snippet:-1","max-image-preview":"max-image-preview:large","max-video-preview":"max-video-preview:-1"},"canonical":"https:\/\/www.spaestonia.ee\/resort\/e-poe-privaatsustingimused\/","og_locale":"et_EE","og_type":"article","og_title":"E-poe privaatsustingimused - ESTONIA Resort Hotel Spa","og_description":"PRIVAATSUSTINGIMUSED Estonia Spa Hotels ostukeskkonna\u00a0kinkekaart.spaestonia.ee\u00a0isikuandmete vastutav t\u00f6\u00f6tleja on: Estonia Spa Hotels AS (\u00e4riregistri kood 10275471)&hellip;","og_url":"https:\/\/www.spaestonia.ee\/resort\/e-poe-privaatsustingimused\/","og_site_name":"ESTONIA Resort Hotel Spa","article_publisher":"https:\/\/www.facebook.com\/EstoniaResortHotel","twitter_card":"summary_large_image","twitter_misc":{"Est. reading time":"1 minut"},"schema":{"@context":"https:\/\/schema.org","@graph":[{"@type":"WebPage","@id":"https:\/\/www.spaestonia.ee\/resort\/e-poe-privaatsustingimused\/","url":"https:\/\/www.spaestonia.ee\/resort\/e-poe-privaatsustingimused\/","name":"E-poe privaatsustingimused - ESTONIA Resort Hotel Spa","isPartOf":{"@id":"https:\/\/www.spaestonia.ee\/resort\/#website"},"datePublished":"2023-04-26T05:17:39+00:00","breadcrumb":{"@id":"https:\/\/www.spaestonia.ee\/resort\/e-poe-privaatsustingimused\/#breadcrumb"},"inLanguage":"et","potentialAction":[{"@type":"ReadAction","target":["https:\/\/www.spaestonia.ee\/resort\/e-poe-privaatsustingimused\/"]}]},{"@type":"BreadcrumbList","@id":"https:\/\/www.spaestonia.ee\/resort\/e-poe-privaatsustingimused\/#breadcrumb","itemListElement":[{"@type":"ListItem","position":1,"name":"Home","item":"https:\/\/www.spaestonia.ee\/resort\/"},{"@type":"ListItem","position":2,"name":"E-poe privaatsustingimused"}]},{"@type":"WebSite","@id":"https:\/\/www.spaestonia.ee\/resort\/#website","url":"https:\/\/www.spaestonia.ee\/resort\/","name":"ESTONIA Resort Hotel Spa","description":"Your destination in P\u00e4rnu for wellness and events","publisher":{"@id":"https:\/\/www.spaestonia.ee\/resort\/#organization"},"potentialAction":[{"@type":"SearchAction","target":{"@type":"EntryPoint","urlTemplate":"https:\/\/www.spaestonia.ee\/resort\/?s={search_term_string}"},"query-input":{"@type":"PropertyValueSpecification","valueRequired":true,"valueName":"search_term_string"}}],"inLanguage":"et"},{"@type":"Organization","@id":"https:\/\/www.spaestonia.ee\/resort\/#organization","name":"ESTONIA Resort Hotel Spa","url":"https:\/\/www.spaestonia.ee\/resort\/","logo":{"@type":"ImageObject","inLanguage":"et","@id":"https:\/\/www.spaestonia.ee\/resort\/#\/schema\/logo\/image\/","url":"https:\/\/www.spaestonia.ee\/resort\/wp-content\/uploads\/2025\/02\/resort-hotel-estonia.png","contentUrl":"https:\/\/www.spaestonia.ee\/resort\/wp-content\/uploads\/2025\/02\/resort-hotel-estonia.png","width":400,"height":173,"caption":"ESTONIA Resort Hotel Spa"},"image":{"@id":"https:\/\/www.spaestonia.ee\/resort\/#\/schema\/logo\/image\/"},"sameAs":["https:\/\/www.facebook.com\/EstoniaResortHotel"]}]}},"_links":{"self":[{"href":"https:\/\/www.spaestonia.ee\/resort\/wp-json\/wp\/v2\/pages\/37937","targetHints":{"allow":["GET"]}}],"collection":[{"href":"https:\/\/www.spaestonia.ee\/resort\/wp-json\/wp\/v2\/pages"}],"about":[{"href":"https:\/\/www.spaestonia.ee\/resort\/wp-json\/wp\/v2\/types\/page"}],"author":[{"embeddable":true,"href":"https:\/\/www.spaestonia.ee\/resort\/wp-json\/wp\/v2\/users\/14"}],"replies":[{"embeddable":true,"href":"https:\/\/www.spaestonia.ee\/resort\/wp-json\/wp\/v2\/comments?post=37937"}],"version-history":[{"count":1,"href":"https:\/\/www.spaestonia.ee\/resort\/wp-json\/wp\/v2\/pages\/37937\/revisions"}],"predecessor-version":[{"id":37939,"href":"https:\/\/www.spaestonia.ee\/resort\/wp-json\/wp\/v2\/pages\/37937\/revisions\/37939"}],"wp:attachment":[{"href":"https:\/\/www.spaestonia.ee\/resort\/wp-json\/wp\/v2\/media?parent=37937"}],"curies":[{"name":"wp","href":"https:\/\/api.w.org\/{rel}","templated":true}]}}