{"id":37951,"date":"2023-04-26T08:46:56","date_gmt":"2023-04-26T05:46:56","guid":{"rendered":"https:\/\/www.spaestonia.ee\/resort\/?page_id=37951"},"modified":"2023-04-26T08:46:56","modified_gmt":"2023-04-26T05:46:56","slug":"soovin-tellida-paberkandjal-summalise-kinkekaardi","status":"publish","type":"page","link":"https:\/\/www.spaestonia.ee\/resort\/soovin-tellida-paberkandjal-summalise-kinkekaardi\/","title":{"rendered":"Soovin tellida paberkandjal summalise kinkekaardi"},"content":{"rendered":"<p>Summalise kinkekaardi v\u00e4\u00e4rtuse saab saab kinkija ise valida (minimaalne v\u00e4\u00e4rtus on 20\u20ac). Kinkekaardi v\u00e4\u00e4rtuses on v\u00f5imalik valida endale sobilik teenus ESTONIA Resort Hotel &amp; Spa-s ja\u00a0ESTONIA Medial Spa &amp; Hotel-is.<\/p>\n<h2>Soovin tellida paberkandjal summalise kinkekaardi<\/h2>\n<div class=\"visual-form-builder-container\"><form id=\"kinkekaart-est-resort-6\" class=\"visual-form-builder vfb-form-6  \" method=\"post\" enctype=\"multipart\/form-data\" action=\"\">\n\t\t<input type=\"hidden\" name=\"form_id\" value=\"6\" \/><fieldset class=\"vfb-fieldset vfb-fieldset-1 estonia-resort-hotel-spa    \" id=\"vfb-estonia-resort-hotel-spa-117\"><div class=\"vfb-legend\"><h3>ESTONIA Resort Hotel & Spa<\/h3><\/div><ul class=\"vfb-section vfb-section-1\"><li class=\"vfb-item vfb-item-text    \" id=\"item-vfb-vali-kinkekaardi-vaartus-eur-nb-minim-vaartus-20e-121\"><label for=\"vfb-vali-kinkekaardi-vaartus-eur-nb-minim-vaartus-20e-121\" class=\"vfb-desc\">Vali kinkekaardi v\u00e4\u00e4rtus (EUR); NB! minim. v\u00e4\u00e4rtus 20\u20ac  <span class=\"vfb-required-asterisk\">*<\/span><\/label><input type=\"text\" name=\"vfb-121\" id=\"vfb-vali-kinkekaardi-vaartus-eur-nb-minim-vaartus-20e-121\" value=\"\" class=\"vfb-text  vfb-medium  required   form-control\" \/><\/li>\n<li class=\"vfb-item vfb-item-instructions    \" id=\"item-vfb-tellija-andmed-123\"><label for=\"vfb-tellija-andmed-123\" class=\"vfb-desc\"><b>Tellija andmed<\/b> <\/label><\/li>\n<li class=\"vfb-item vfb-item-text    \" id=\"item-vfb-ees-ja-perekonnanimi-124\"><label for=\"vfb-ees-ja-perekonnanimi-124\" class=\"vfb-desc\">Ees- ja perekonnanimi  <span class=\"vfb-required-asterisk\">*<\/span><\/label><input type=\"text\" name=\"vfb-124\" id=\"vfb-ees-ja-perekonnanimi-124\" value=\"\" class=\"vfb-text  vfb-medium  required   form-control\" \/><\/li>\n<li class=\"vfb-item vfb-item-text    \" id=\"item-vfb-ettevote-asutus-125\"><label for=\"vfb-ettevote-asutus-125\" class=\"vfb-desc\">Ettev\u00f5te\/asutus <\/label><input type=\"text\" name=\"vfb-125\" id=\"vfb-ettevote-asutus-125\" value=\"\" class=\"vfb-text  vfb-medium    form-control\" \/><\/li>\n<li class=\"vfb-item vfb-item-email    \" id=\"item-vfb-e-post-127\"><label for=\"vfb-e-post-127\" class=\"vfb-desc\">E-post  <span class=\"vfb-required-asterisk\">*<\/span><\/label><input type=\"email\" name=\"vfb-127\" id=\"vfb-e-post-127\" value=\"\" class=\"vfb-text  vfb-medium  required  email  form-control\" \/><\/li>\n<li class=\"vfb-item vfb-item-text    \" id=\"item-vfb-telefon-126\"><label for=\"vfb-telefon-126\" class=\"vfb-desc\">Telefon <\/label><input type=\"text\" name=\"vfb-126\" id=\"vfb-telefon-126\" value=\"\" class=\"vfb-text  vfb-medium    form-control\" \/><\/li>\n<li class=\"vfb-item vfb-item-instructions    \" id=\"item-vfb-798-798\"><label for=\"vfb-798-798\" class=\"vfb-desc\"> <\/label><\/li>\n<li class=\"vfb-item vfb-item-radio    \" id=\"item-vfb-kinkekaardi-kattesaamine-128\"><label for=\"vfb-kinkekaardi-kattesaamine-128\" class=\"vfb-desc\"><b>Kinkekaardi k\u00e4ttesaamine<\/b>  <span class=\"vfb-required-asterisk\">*<\/span><\/label><div><span><input type=\"radio\" name=\"vfb-128\" id=\"vfb-kinkekaardi-kattesaamine-128-1\" value=\"Postiaadressil (lisandub saatmiskulu 2,90 \u20ac)\" class=\"vfb-radio  required \" \/><label for=\"vfb-kinkekaardi-kattesaamine-128-1\" class=\"vfb-choice\">Postiaadressil (lisandub saatmiskulu 2,90 \u20ac) <\/label><\/span><span><input type=\"radio\" name=\"vfb-128\" id=\"vfb-kinkekaardi-kattesaamine-128-2\" value=\"ESTONIA Resort Hotel &amp; Spa vastuv\u00f5tust, A.H. Tammsaare 4a\" class=\"vfb-radio  required \" \/><label for=\"vfb-kinkekaardi-kattesaamine-128-2\" class=\"vfb-choice\">ESTONIA Resort Hotel & Spa vastuv\u00f5tust, A.H. Tammsaare 4a<\/label><\/span><span><input type=\"radio\" name=\"vfb-128\" id=\"vfb-kinkekaardi-kattesaamine-128-3\" value=\"SPA &amp; SAUN 2. krs vastuv\u00f5tust, A.H. Tammsaare 6\" class=\"vfb-radio  required \" \/><label for=\"vfb-kinkekaardi-kattesaamine-128-3\" class=\"vfb-choice\">SPA & SAUN 2. krs vastuv\u00f5tust, A.H. Tammsaare 6<\/label><\/span><span><input type=\"radio\" name=\"vfb-128\" id=\"vfb-kinkekaardi-kattesaamine-128-4\" value=\"SmartPosti Eesti  pakiautomaat (lisandub saatmiskulu 5,20 \u20ac, Eesti piires)\" class=\"vfb-radio  required \" \/><label for=\"vfb-kinkekaardi-kattesaamine-128-4\" class=\"vfb-choice\">SmartPosti Eesti  pakiautomaat (lisandub saatmiskulu 5,20 \u20ac, Eesti piires)<\/label><\/span><span><input type=\"radio\" name=\"vfb-128\" id=\"vfb-kinkekaardi-kattesaamine-128-5\" value=\"T\u00e4hitud kirjana (lisandub saatmiskulu 9,50 \u20ac, Eesti piires)\" class=\"vfb-radio  required \" \/><label for=\"vfb-kinkekaardi-kattesaamine-128-5\" class=\"vfb-choice\">T\u00e4hitud kirjana (lisandub saatmiskulu 9,50 \u20ac, Eesti piires)<\/label><\/span><div style=\"clear:both\"><\/div><\/div><\/li>\n<li class=\"vfb-item vfb-item-instructions    vfb-conditional  vfb-conditional-hide\" id=\"item-vfb-kinkekaardi-postitusaadress-129\"><label for=\"vfb-kinkekaardi-postitusaadress-129\" class=\"vfb-desc\"><b>Kinkekaardi postitusaadress<\/b> <\/label><\/li>\n<li class=\"vfb-item vfb-item-text    vfb-conditional  vfb-conditional-hide\" id=\"item-vfb-isiku-ees-ja-perekonnanimi-130\"><label for=\"vfb-isiku-ees-ja-perekonnanimi-130\" class=\"vfb-desc\">Isiku ees- ja perekonnanimi <\/label><input type=\"text\" name=\"vfb-130\" id=\"vfb-isiku-ees-ja-perekonnanimi-130\" value=\"\" class=\"vfb-text  vfb-medium    form-control\" \/><\/li>\n<li class=\"vfb-item vfb-item-text    vfb-conditional  vfb-conditional-hide\" id=\"item-vfb-tapne-postiaadress-131\"><label for=\"vfb-tapne-postiaadress-131\" class=\"vfb-desc\">T\u00e4pne postiaadress <\/label><input type=\"text\" name=\"vfb-131\" id=\"vfb-tapne-postiaadress-131\" value=\"\" class=\"vfb-text  vfb-medium    form-control\" \/><\/li>\n<li class=\"vfb-item vfb-item-text    vfb-conditional  vfb-conditional-hide\" id=\"item-vfb-postiindeks-132\"><label for=\"vfb-postiindeks-132\" class=\"vfb-desc\">Postiindeks <\/label><input type=\"text\" name=\"vfb-132\" id=\"vfb-postiindeks-132\" value=\"\" class=\"vfb-text  vfb-medium    form-control\" \/><\/li>\n<li class=\"vfb-item vfb-item-text    vfb-conditional  vfb-conditional-hide\" id=\"item-vfb-sisesta-smartposti-automaat-800\"><label for=\"vfb-sisesta-smartposti-automaat-800\" class=\"vfb-desc\"><b>Sisesta Smartposti automaat<\/b> <\/label><span><input type=\"text\" name=\"vfb-800\" id=\"vfb-sisesta-smartposti-automaat-800\" value=\"\" class=\"vfb-text  vfb-medium    form-control\" \/><label>Automaatide nimekirja leiad <a href=\"https:\/\/www.smartpost.ee\/pakiautomaatide-asukohad\" target=\"_blank\">siit<\/a><\/label><\/span><\/li>\n<li class=\"vfb-item vfb-item-textarea    \" id=\"item-vfb-lisainfo-133\"><label for=\"vfb-lisainfo-133\" class=\"vfb-desc\">Lisainfo <\/label><div><textarea name=\"vfb-133\" id=\"vfb-lisainfo-133\" class=\"vfb-textarea  vfb-medium   form-control textarea \"><\/textarea><\/div><\/li>\n<\/ul><br \/><\/fieldset><fieldset class=\"vfb-fieldset vfb-fieldset-2 verification  \" id=\"vfb-verification-118\"><div class=\"vfb-legend\"><h3>Verification<\/h3><\/div><ul class=\"vfb-section vfb-section-2\"><li class=\"vfb-item vfb-item-secret\"><label for=\"vfb-palun-sisesta-kaks-tnumbrit-naiteks-12-voi-34-119\" class=\"vfb-desc\">Palun sisesta kaks tnumbrit (n\u00e4iteks: 12 v\u00f5i 34) <span class=\"vfb-required-asterisk\">*<\/span><\/label><input type=\"hidden\" name=\"_vfb-secret\" value=\"vfb-119\" \/><input type=\"text\" name=\"vfb-119\" id=\"vfb-palun-sisesta-kaks-tnumbrit-naiteks-12-voi-34-119\" value=\"\" class=\"vfb-text  vfb-medium  required  {digits:true,maxlength:2,minlength:2} \" \/><li style=\"display:none;\"><label for=\"vfb-spam\">This box is for spam protection - <strong>please leave it blank<\/strong><\/label><div><input name=\"vfb-spam\" id=\"vfb-spam\" \/><\/div><\/li><li class=\"vfb-item vfb-item-submit\" id=\"vfb-tellin-kinkekaardi-120\">\n\t\t\t\t\t<input type=\"submit\" name=\"visual-form-builder-submit\" id=\"sendmail\" value=\"Tellin kinkekaardi\" class=\"vfb-submit \" \/>\n\t\t\t\t\t<\/li><\/ul>\n\t\t <\/fieldset><input type=\"hidden\" name=\"_wp_http_referer\" value=\"\/resort\/wp-json\/wp\/v2\/pages\/37951\" \/><\/form><\/div> <!-- .visual-form-builder-container -->\n<p><strong>Lisainfo<\/strong>:\u00a0+372 440 1017,\u00a0<a href=\"mailto:resorthotel@spaestonia.ee\">resorthotel@spaestonia.ee<\/a><\/p>\n","protected":false},"excerpt":{"rendered":"<p>Summalise kinkekaardi v\u00e4\u00e4rtuse saab saab kinkija ise valida (minimaalne v\u00e4\u00e4rtus on 20\u20ac). Kinkekaardi v\u00e4\u00e4rtuses on&hellip;<\/p>\n","protected":false},"author":14,"featured_media":0,"parent":0,"menu_order":0,"comment_status":"closed","ping_status":"closed","template":"","meta":{"footnotes":""},"class_list":["post-37951","page","type-page","status-publish","hentry"],"yoast_head":"<!-- This site is optimized with the Yoast SEO plugin v26.7 - https:\/\/yoast.com\/wordpress\/plugins\/seo\/ -->\n<title>Soovin tellida paberkandjal summalise kinkekaardi - ESTONIA Resort Hotel Spa<\/title>\n<meta name=\"robots\" content=\"index, follow, max-snippet:-1, max-image-preview:large, max-video-preview:-1\" \/>\n<link rel=\"canonical\" href=\"https:\/\/www.spaestonia.ee\/resort\/soovin-tellida-paberkandjal-summalise-kinkekaardi\/\" \/>\n<meta property=\"og:locale\" content=\"et_EE\" \/>\n<meta property=\"og:type\" content=\"article\" \/>\n<meta property=\"og:title\" content=\"Soovin tellida paberkandjal summalise kinkekaardi - ESTONIA Resort Hotel Spa\" \/>\n<meta property=\"og:description\" content=\"Summalise kinkekaardi v\u00e4\u00e4rtuse saab saab kinkija ise valida (minimaalne v\u00e4\u00e4rtus on 20\u20ac). Kinkekaardi v\u00e4\u00e4rtuses on&hellip;\" \/>\n<meta property=\"og:url\" content=\"https:\/\/www.spaestonia.ee\/resort\/soovin-tellida-paberkandjal-summalise-kinkekaardi\/\" \/>\n<meta property=\"og:site_name\" content=\"ESTONIA Resort Hotel Spa\" \/>\n<meta property=\"article:publisher\" content=\"https:\/\/www.facebook.com\/EstoniaResortHotel\" \/>\n<meta name=\"twitter:card\" content=\"summary_large_image\" \/>\n<script type=\"application\/ld+json\" class=\"yoast-schema-graph\">{\"@context\":\"https:\/\/schema.org\",\"@graph\":[{\"@type\":\"WebPage\",\"@id\":\"https:\/\/www.spaestonia.ee\/resort\/soovin-tellida-paberkandjal-summalise-kinkekaardi\/\",\"url\":\"https:\/\/www.spaestonia.ee\/resort\/soovin-tellida-paberkandjal-summalise-kinkekaardi\/\",\"name\":\"Soovin tellida paberkandjal summalise kinkekaardi - ESTONIA Resort Hotel Spa\",\"isPartOf\":{\"@id\":\"https:\/\/www.spaestonia.ee\/resort\/#website\"},\"datePublished\":\"2023-04-26T05:46:56+00:00\",\"breadcrumb\":{\"@id\":\"https:\/\/www.spaestonia.ee\/resort\/soovin-tellida-paberkandjal-summalise-kinkekaardi\/#breadcrumb\"},\"inLanguage\":\"et\",\"potentialAction\":[{\"@type\":\"ReadAction\",\"target\":[\"https:\/\/www.spaestonia.ee\/resort\/soovin-tellida-paberkandjal-summalise-kinkekaardi\/\"]}]},{\"@type\":\"BreadcrumbList\",\"@id\":\"https:\/\/www.spaestonia.ee\/resort\/soovin-tellida-paberkandjal-summalise-kinkekaardi\/#breadcrumb\",\"itemListElement\":[{\"@type\":\"ListItem\",\"position\":1,\"name\":\"Home\",\"item\":\"https:\/\/www.spaestonia.ee\/resort\/\"},{\"@type\":\"ListItem\",\"position\":2,\"name\":\"Soovin tellida paberkandjal summalise kinkekaardi\"}]},{\"@type\":\"WebSite\",\"@id\":\"https:\/\/www.spaestonia.ee\/resort\/#website\",\"url\":\"https:\/\/www.spaestonia.ee\/resort\/\",\"name\":\"ESTONIA Resort Hotel Spa\",\"description\":\"Your destination in P\u00e4rnu for wellness and events\",\"publisher\":{\"@id\":\"https:\/\/www.spaestonia.ee\/resort\/#organization\"},\"potentialAction\":[{\"@type\":\"SearchAction\",\"target\":{\"@type\":\"EntryPoint\",\"urlTemplate\":\"https:\/\/www.spaestonia.ee\/resort\/?s={search_term_string}\"},\"query-input\":{\"@type\":\"PropertyValueSpecification\",\"valueRequired\":true,\"valueName\":\"search_term_string\"}}],\"inLanguage\":\"et\"},{\"@type\":\"Organization\",\"@id\":\"https:\/\/www.spaestonia.ee\/resort\/#organization\",\"name\":\"ESTONIA Resort Hotel Spa\",\"url\":\"https:\/\/www.spaestonia.ee\/resort\/\",\"logo\":{\"@type\":\"ImageObject\",\"inLanguage\":\"et\",\"@id\":\"https:\/\/www.spaestonia.ee\/resort\/#\/schema\/logo\/image\/\",\"url\":\"https:\/\/www.spaestonia.ee\/resort\/wp-content\/uploads\/2025\/02\/resort-hotel-estonia.png\",\"contentUrl\":\"https:\/\/www.spaestonia.ee\/resort\/wp-content\/uploads\/2025\/02\/resort-hotel-estonia.png\",\"width\":400,\"height\":173,\"caption\":\"ESTONIA Resort Hotel Spa\"},\"image\":{\"@id\":\"https:\/\/www.spaestonia.ee\/resort\/#\/schema\/logo\/image\/\"},\"sameAs\":[\"https:\/\/www.facebook.com\/EstoniaResortHotel\"]}]}<\/script>\n<!-- \/ Yoast SEO plugin. -->","yoast_head_json":{"title":"Soovin tellida paberkandjal summalise kinkekaardi - ESTONIA Resort Hotel Spa","robots":{"index":"index","follow":"follow","max-snippet":"max-snippet:-1","max-image-preview":"max-image-preview:large","max-video-preview":"max-video-preview:-1"},"canonical":"https:\/\/www.spaestonia.ee\/resort\/soovin-tellida-paberkandjal-summalise-kinkekaardi\/","og_locale":"et_EE","og_type":"article","og_title":"Soovin tellida paberkandjal summalise kinkekaardi - ESTONIA Resort Hotel Spa","og_description":"Summalise kinkekaardi v\u00e4\u00e4rtuse saab saab kinkija ise valida (minimaalne v\u00e4\u00e4rtus on 20\u20ac). Kinkekaardi v\u00e4\u00e4rtuses on&hellip;","og_url":"https:\/\/www.spaestonia.ee\/resort\/soovin-tellida-paberkandjal-summalise-kinkekaardi\/","og_site_name":"ESTONIA Resort Hotel Spa","article_publisher":"https:\/\/www.facebook.com\/EstoniaResortHotel","twitter_card":"summary_large_image","schema":{"@context":"https:\/\/schema.org","@graph":[{"@type":"WebPage","@id":"https:\/\/www.spaestonia.ee\/resort\/soovin-tellida-paberkandjal-summalise-kinkekaardi\/","url":"https:\/\/www.spaestonia.ee\/resort\/soovin-tellida-paberkandjal-summalise-kinkekaardi\/","name":"Soovin tellida paberkandjal summalise kinkekaardi - ESTONIA Resort Hotel Spa","isPartOf":{"@id":"https:\/\/www.spaestonia.ee\/resort\/#website"},"datePublished":"2023-04-26T05:46:56+00:00","breadcrumb":{"@id":"https:\/\/www.spaestonia.ee\/resort\/soovin-tellida-paberkandjal-summalise-kinkekaardi\/#breadcrumb"},"inLanguage":"et","potentialAction":[{"@type":"ReadAction","target":["https:\/\/www.spaestonia.ee\/resort\/soovin-tellida-paberkandjal-summalise-kinkekaardi\/"]}]},{"@type":"BreadcrumbList","@id":"https:\/\/www.spaestonia.ee\/resort\/soovin-tellida-paberkandjal-summalise-kinkekaardi\/#breadcrumb","itemListElement":[{"@type":"ListItem","position":1,"name":"Home","item":"https:\/\/www.spaestonia.ee\/resort\/"},{"@type":"ListItem","position":2,"name":"Soovin tellida paberkandjal summalise kinkekaardi"}]},{"@type":"WebSite","@id":"https:\/\/www.spaestonia.ee\/resort\/#website","url":"https:\/\/www.spaestonia.ee\/resort\/","name":"ESTONIA Resort Hotel Spa","description":"Your destination in P\u00e4rnu for wellness and events","publisher":{"@id":"https:\/\/www.spaestonia.ee\/resort\/#organization"},"potentialAction":[{"@type":"SearchAction","target":{"@type":"EntryPoint","urlTemplate":"https:\/\/www.spaestonia.ee\/resort\/?s={search_term_string}"},"query-input":{"@type":"PropertyValueSpecification","valueRequired":true,"valueName":"search_term_string"}}],"inLanguage":"et"},{"@type":"Organization","@id":"https:\/\/www.spaestonia.ee\/resort\/#organization","name":"ESTONIA Resort Hotel Spa","url":"https:\/\/www.spaestonia.ee\/resort\/","logo":{"@type":"ImageObject","inLanguage":"et","@id":"https:\/\/www.spaestonia.ee\/resort\/#\/schema\/logo\/image\/","url":"https:\/\/www.spaestonia.ee\/resort\/wp-content\/uploads\/2025\/02\/resort-hotel-estonia.png","contentUrl":"https:\/\/www.spaestonia.ee\/resort\/wp-content\/uploads\/2025\/02\/resort-hotel-estonia.png","width":400,"height":173,"caption":"ESTONIA Resort Hotel Spa"},"image":{"@id":"https:\/\/www.spaestonia.ee\/resort\/#\/schema\/logo\/image\/"},"sameAs":["https:\/\/www.facebook.com\/EstoniaResortHotel"]}]}},"_links":{"self":[{"href":"https:\/\/www.spaestonia.ee\/resort\/wp-json\/wp\/v2\/pages\/37951","targetHints":{"allow":["GET"]}}],"collection":[{"href":"https:\/\/www.spaestonia.ee\/resort\/wp-json\/wp\/v2\/pages"}],"about":[{"href":"https:\/\/www.spaestonia.ee\/resort\/wp-json\/wp\/v2\/types\/page"}],"author":[{"embeddable":true,"href":"https:\/\/www.spaestonia.ee\/resort\/wp-json\/wp\/v2\/users\/14"}],"replies":[{"embeddable":true,"href":"https:\/\/www.spaestonia.ee\/resort\/wp-json\/wp\/v2\/comments?post=37951"}],"version-history":[{"count":1,"href":"https:\/\/www.spaestonia.ee\/resort\/wp-json\/wp\/v2\/pages\/37951\/revisions"}],"predecessor-version":[{"id":37953,"href":"https:\/\/www.spaestonia.ee\/resort\/wp-json\/wp\/v2\/pages\/37951\/revisions\/37953"}],"wp:attachment":[{"href":"https:\/\/www.spaestonia.ee\/resort\/wp-json\/wp\/v2\/media?parent=37951"}],"curies":[{"name":"wp","href":"https:\/\/api.w.org\/{rel}","templated":true}]}}