{"id":38220,"date":"2023-06-07T15:34:02","date_gmt":"2023-06-07T12:34:02","guid":{"rendered":"https:\/\/www.spaestonia.ee\/resort\/?page_id=38220"},"modified":"2026-03-13T15:37:33","modified_gmt":"2026-03-13T13:37:33","slug":"muu-info","status":"publish","type":"page","link":"https:\/\/www.spaestonia.ee\/resort\/muu-info\/","title":{"rendered":"Muu info"},"content":{"rendered":"<h3><strong>WIFI<\/strong><strong><br \/>\n<\/strong><\/h3>\n<p>Hotellis levib tasuta juhtmevaba internet. V\u00f5rgu nimetus on <strong>Estonia_Resort_Hotel.<\/strong><\/p>\n<h3><strong>ELEKTER<\/strong><\/h3>\n<p>Sisestage oma uksekaart toas asuvasse kaardipessa ning see l\u00fclitab sisse elektri Teie toas. Hotell kasutab elektritoidet pingega 220 V \/ 50 Hz ning Euroopa standardile vastavat kaheharulist elektripistikut.<\/p>\n<h3><strong>SUITSETAMINE<br \/>\n<\/strong><\/h3>\n<p>Suitsetamine on keelatud (trahv 100 \u20ac) hotelli siseruumides ja ka r\u00f5dudel. Suitsetamine on lubatud hotelli sisehoovis ning v\u00e4ljaspool hoonet. Suitsetamiseks on ette n\u00e4htud hotelli peaukse ees olev ala ning spaa- ja konverentsimaja peaukse ees olev ala.<\/p>\n<h3><strong>\u00d6\u00d6RAHU<br \/>\n<\/strong><\/h3>\n<p>\u00d6\u00f6rahu kestab hotellis kell 23.00\u201307.00. \u00d6\u00f6rahu tagab k\u00fclastajatele rahuliku une ja puhkuse. \u00d6\u00f6rahu rikkujad kutsutakse korrale ning hotellil on \u00f5igus korda rikkunud k\u00fclastaja majutus katkestada.<\/p>\n","protected":false},"excerpt":{"rendered":"<p>WIFI Hotellis levib tasuta juhtmevaba internet. V\u00f5rgu nimetus on Estonia_Resort_Hotel. ELEKTER Sisestage oma uksekaart toas&hellip;<\/p>\n","protected":false},"author":18,"featured_media":0,"parent":0,"menu_order":0,"comment_status":"closed","ping_status":"closed","template":"","meta":{"footnotes":""},"class_list":["post-38220","page","type-page","status-publish","hentry"],"yoast_head":"<!-- This site is optimized with the Yoast SEO plugin v26.7 - https:\/\/yoast.com\/wordpress\/plugins\/seo\/ -->\n<title>Muu info - ESTONIA Resort Hotel Spa<\/title>\n<meta name=\"robots\" content=\"index, follow, max-snippet:-1, max-image-preview:large, max-video-preview:-1\" \/>\n<link rel=\"canonical\" href=\"https:\/\/www.spaestonia.ee\/resort\/muu-info\/\" \/>\n<meta property=\"og:locale\" content=\"et_EE\" \/>\n<meta property=\"og:type\" content=\"article\" \/>\n<meta property=\"og:title\" content=\"Muu info - ESTONIA Resort Hotel Spa\" \/>\n<meta property=\"og:description\" content=\"WIFI Hotellis levib tasuta juhtmevaba internet. V\u00f5rgu nimetus on Estonia_Resort_Hotel. ELEKTER Sisestage oma uksekaart toas&hellip;\" \/>\n<meta property=\"og:url\" content=\"https:\/\/www.spaestonia.ee\/resort\/muu-info\/\" \/>\n<meta property=\"og:site_name\" content=\"ESTONIA Resort Hotel Spa\" \/>\n<meta property=\"article:publisher\" content=\"https:\/\/www.facebook.com\/EstoniaResortHotel\" \/>\n<meta property=\"article:modified_time\" content=\"2026-03-13T13:37:33+00:00\" \/>\n<meta name=\"twitter:card\" content=\"summary_large_image\" \/>\n<meta name=\"twitter:label1\" content=\"Est. reading time\" \/>\n\t<meta name=\"twitter:data1\" content=\"1 minut\" \/>\n<script type=\"application\/ld+json\" class=\"yoast-schema-graph\">{\"@context\":\"https:\/\/schema.org\",\"@graph\":[{\"@type\":\"WebPage\",\"@id\":\"https:\/\/www.spaestonia.ee\/resort\/muu-info\/\",\"url\":\"https:\/\/www.spaestonia.ee\/resort\/muu-info\/\",\"name\":\"Muu info - ESTONIA Resort Hotel Spa\",\"isPartOf\":{\"@id\":\"https:\/\/www.spaestonia.ee\/resort\/#website\"},\"datePublished\":\"2023-06-07T12:34:02+00:00\",\"dateModified\":\"2026-03-13T13:37:33+00:00\",\"breadcrumb\":{\"@id\":\"https:\/\/www.spaestonia.ee\/resort\/muu-info\/#breadcrumb\"},\"inLanguage\":\"et\",\"potentialAction\":[{\"@type\":\"ReadAction\",\"target\":[\"https:\/\/www.spaestonia.ee\/resort\/muu-info\/\"]}]},{\"@type\":\"BreadcrumbList\",\"@id\":\"https:\/\/www.spaestonia.ee\/resort\/muu-info\/#breadcrumb\",\"itemListElement\":[{\"@type\":\"ListItem\",\"position\":1,\"name\":\"Home\",\"item\":\"https:\/\/www.spaestonia.ee\/resort\/\"},{\"@type\":\"ListItem\",\"position\":2,\"name\":\"Muu info\"}]},{\"@type\":\"WebSite\",\"@id\":\"https:\/\/www.spaestonia.ee\/resort\/#website\",\"url\":\"https:\/\/www.spaestonia.ee\/resort\/\",\"name\":\"ESTONIA Resort Hotel Spa\",\"description\":\"Your destination in P\u00e4rnu for wellness and events\",\"publisher\":{\"@id\":\"https:\/\/www.spaestonia.ee\/resort\/#organization\"},\"potentialAction\":[{\"@type\":\"SearchAction\",\"target\":{\"@type\":\"EntryPoint\",\"urlTemplate\":\"https:\/\/www.spaestonia.ee\/resort\/?s={search_term_string}\"},\"query-input\":{\"@type\":\"PropertyValueSpecification\",\"valueRequired\":true,\"valueName\":\"search_term_string\"}}],\"inLanguage\":\"et\"},{\"@type\":\"Organization\",\"@id\":\"https:\/\/www.spaestonia.ee\/resort\/#organization\",\"name\":\"ESTONIA Resort Hotel Spa\",\"url\":\"https:\/\/www.spaestonia.ee\/resort\/\",\"logo\":{\"@type\":\"ImageObject\",\"inLanguage\":\"et\",\"@id\":\"https:\/\/www.spaestonia.ee\/resort\/#\/schema\/logo\/image\/\",\"url\":\"https:\/\/www.spaestonia.ee\/resort\/wp-content\/uploads\/2025\/02\/resort-hotel-estonia.png\",\"contentUrl\":\"https:\/\/www.spaestonia.ee\/resort\/wp-content\/uploads\/2025\/02\/resort-hotel-estonia.png\",\"width\":400,\"height\":173,\"caption\":\"ESTONIA Resort Hotel Spa\"},\"image\":{\"@id\":\"https:\/\/www.spaestonia.ee\/resort\/#\/schema\/logo\/image\/\"},\"sameAs\":[\"https:\/\/www.facebook.com\/EstoniaResortHotel\"]}]}<\/script>\n<!-- \/ Yoast SEO plugin. -->","yoast_head_json":{"title":"Muu info - ESTONIA Resort Hotel Spa","robots":{"index":"index","follow":"follow","max-snippet":"max-snippet:-1","max-image-preview":"max-image-preview:large","max-video-preview":"max-video-preview:-1"},"canonical":"https:\/\/www.spaestonia.ee\/resort\/muu-info\/","og_locale":"et_EE","og_type":"article","og_title":"Muu info - ESTONIA Resort Hotel Spa","og_description":"WIFI Hotellis levib tasuta juhtmevaba internet. V\u00f5rgu nimetus on Estonia_Resort_Hotel. ELEKTER Sisestage oma uksekaart toas&hellip;","og_url":"https:\/\/www.spaestonia.ee\/resort\/muu-info\/","og_site_name":"ESTONIA Resort Hotel Spa","article_publisher":"https:\/\/www.facebook.com\/EstoniaResortHotel","article_modified_time":"2026-03-13T13:37:33+00:00","twitter_card":"summary_large_image","twitter_misc":{"Est. reading time":"1 minut"},"schema":{"@context":"https:\/\/schema.org","@graph":[{"@type":"WebPage","@id":"https:\/\/www.spaestonia.ee\/resort\/muu-info\/","url":"https:\/\/www.spaestonia.ee\/resort\/muu-info\/","name":"Muu info - ESTONIA Resort Hotel Spa","isPartOf":{"@id":"https:\/\/www.spaestonia.ee\/resort\/#website"},"datePublished":"2023-06-07T12:34:02+00:00","dateModified":"2026-03-13T13:37:33+00:00","breadcrumb":{"@id":"https:\/\/www.spaestonia.ee\/resort\/muu-info\/#breadcrumb"},"inLanguage":"et","potentialAction":[{"@type":"ReadAction","target":["https:\/\/www.spaestonia.ee\/resort\/muu-info\/"]}]},{"@type":"BreadcrumbList","@id":"https:\/\/www.spaestonia.ee\/resort\/muu-info\/#breadcrumb","itemListElement":[{"@type":"ListItem","position":1,"name":"Home","item":"https:\/\/www.spaestonia.ee\/resort\/"},{"@type":"ListItem","position":2,"name":"Muu info"}]},{"@type":"WebSite","@id":"https:\/\/www.spaestonia.ee\/resort\/#website","url":"https:\/\/www.spaestonia.ee\/resort\/","name":"ESTONIA Resort Hotel Spa","description":"Your destination in P\u00e4rnu for wellness and events","publisher":{"@id":"https:\/\/www.spaestonia.ee\/resort\/#organization"},"potentialAction":[{"@type":"SearchAction","target":{"@type":"EntryPoint","urlTemplate":"https:\/\/www.spaestonia.ee\/resort\/?s={search_term_string}"},"query-input":{"@type":"PropertyValueSpecification","valueRequired":true,"valueName":"search_term_string"}}],"inLanguage":"et"},{"@type":"Organization","@id":"https:\/\/www.spaestonia.ee\/resort\/#organization","name":"ESTONIA Resort Hotel Spa","url":"https:\/\/www.spaestonia.ee\/resort\/","logo":{"@type":"ImageObject","inLanguage":"et","@id":"https:\/\/www.spaestonia.ee\/resort\/#\/schema\/logo\/image\/","url":"https:\/\/www.spaestonia.ee\/resort\/wp-content\/uploads\/2025\/02\/resort-hotel-estonia.png","contentUrl":"https:\/\/www.spaestonia.ee\/resort\/wp-content\/uploads\/2025\/02\/resort-hotel-estonia.png","width":400,"height":173,"caption":"ESTONIA Resort Hotel Spa"},"image":{"@id":"https:\/\/www.spaestonia.ee\/resort\/#\/schema\/logo\/image\/"},"sameAs":["https:\/\/www.facebook.com\/EstoniaResortHotel"]}]}},"_links":{"self":[{"href":"https:\/\/www.spaestonia.ee\/resort\/wp-json\/wp\/v2\/pages\/38220","targetHints":{"allow":["GET"]}}],"collection":[{"href":"https:\/\/www.spaestonia.ee\/resort\/wp-json\/wp\/v2\/pages"}],"about":[{"href":"https:\/\/www.spaestonia.ee\/resort\/wp-json\/wp\/v2\/types\/page"}],"author":[{"embeddable":true,"href":"https:\/\/www.spaestonia.ee\/resort\/wp-json\/wp\/v2\/users\/18"}],"replies":[{"embeddable":true,"href":"https:\/\/www.spaestonia.ee\/resort\/wp-json\/wp\/v2\/comments?post=38220"}],"version-history":[{"count":4,"href":"https:\/\/www.spaestonia.ee\/resort\/wp-json\/wp\/v2\/pages\/38220\/revisions"}],"predecessor-version":[{"id":46516,"href":"https:\/\/www.spaestonia.ee\/resort\/wp-json\/wp\/v2\/pages\/38220\/revisions\/46516"}],"wp:attachment":[{"href":"https:\/\/www.spaestonia.ee\/resort\/wp-json\/wp\/v2\/media?parent=38220"}],"curies":[{"name":"wp","href":"https:\/\/api.w.org\/{rel}","templated":true}]}}