{"id":38223,"date":"2023-06-07T15:35:20","date_gmt":"2023-06-07T12:35:20","guid":{"rendered":"https:\/\/www.spaestonia.ee\/resort\/?page_id=38223"},"modified":"2025-08-25T08:59:36","modified_gmt":"2025-08-25T05:59:36","slug":"sook-ja-jook","status":"publish","type":"page","link":"https:\/\/www.spaestonia.ee\/resort\/sook-ja-jook\/","title":{"rendered":"S\u00f6\u00f6k ja jook"},"content":{"rendered":"<h3><strong>HOMMIKUS\u00d6\u00d6K<\/strong><\/h3>\n<p><em>Buffet<\/em>-hommikus\u00f6\u00f6ki serveerime hotelli\u00a0<em>\u00e0 la carte<\/em>-restoranis NOOT hotelli esimesel korrusel:<br \/>\nE\u2013R 7.00\u201310.00 ja L\u2013P ja riigip\u00fchadel 7.30\u201310.30.<\/p>\n<h3><strong>VARAJANE HOMMIKUS\u00d6\u00d6K<br \/>\n<\/strong><\/h3>\n<p>Lahkudes varakult, enne hommikus\u00f6\u00f6gi serveerimist, on Teil v\u00f5imalik tellida varajane hommikus\u00f6\u00f6k eelmisel \u00f5htul enne kella 21.00, kui p\u00f6\u00f6rdute hotelli vastuv\u00f5ttu, helistades mobiililt tasuta l\u00fchinumbril +372 13 550.<\/p>\n<h3><strong>RESTORAN NOOT<br \/>\n<\/strong><\/h3>\n<p><em>\u00c0 la carte<\/em> <a href=\"https:\/\/www.spaestonia.ee\/resort\/restoran\/\">Restoran NOOT<\/a>\u00a0asub hotelli esimesel korrusel.<br \/>\nRestoran on avatud E-N 17\u201323, R-P 12\u201323<\/p>\n<p>Laua broneerimiseks p\u00f6\u00f6rduge restorani lobby baari, helistage tasuta l\u00fchinumbril +372 13550 mobiililt<br \/>\nv\u00f5i numbril +372 440 1012. V\u00f5i reserveerige laud<strong>\u00a0<a href=\"https:\/\/v2.tableonline.fi\/instabook\/bookings\/zGBDSta?locale=ee\">SIIN<\/a>.<\/strong><\/p>\n<p>Tuppa on v\u00f5imalik tellida\u00a0<em>\u00e0 la carte\u00a0<\/em>men\u00fc\u00fcst roogasid kell 13.00\u201322.00, kui p\u00f6\u00f6rdute lobby baari, helistades tasuta l\u00fchinumbril +372 13550 mobiililt v\u00f5i numbril +372 440 1012. Teenustasu on 15 \u20ac.<\/p>\n<h3><strong>KOHVIK NOOT<\/strong><\/h3>\n<p><a href=\"https:\/\/www.spaestonia.ee\/resort\/restoran\/noodi-kohvik\/\">Kohvik NOOT<\/a> asub hotelli esimesel korrusel. Avatud E\u2013R kell 12\u201315.<\/p>\n<h3><strong>OMA S\u00d6\u00d6K-JOOK, ALKOHOL<\/strong><\/h3>\n<p>Kaasa v\u00f5etud alkoholi v\u00f5i muu toidu\/joogi tarbimine hotelli restoranis,\u00a0<em>lobby<\/em>-baaris, spaa- ja saunakeskuses, konverentsikeskuses ja hoolitsuste alal ei ole lubatud. Alkoholi ei m\u00fc\u00fcda alla 18-aastastele isikutele. Teenindajal on \u00f5igus k\u00fcsida k\u00fclastajalt isikut t\u00f5endavat dokumenti.<\/p>\n","protected":false},"excerpt":{"rendered":"<p>HOMMIKUS\u00d6\u00d6K Buffet-hommikus\u00f6\u00f6ki serveerime hotelli\u00a0\u00e0 la carte-restoranis NOOT hotelli esimesel korrusel: E\u2013R 7.00\u201310.00 ja L\u2013P ja&hellip;<\/p>\n","protected":false},"author":18,"featured_media":0,"parent":0,"menu_order":0,"comment_status":"closed","ping_status":"closed","template":"","meta":{"footnotes":""},"class_list":["post-38223","page","type-page","status-publish","hentry"],"yoast_head":"<!-- This site is optimized with the Yoast SEO plugin v26.7 - https:\/\/yoast.com\/wordpress\/plugins\/seo\/ -->\n<title>S\u00f6\u00f6k ja jook - ESTONIA Resort Hotel Spa<\/title>\n<meta name=\"robots\" content=\"index, follow, max-snippet:-1, max-image-preview:large, max-video-preview:-1\" \/>\n<link rel=\"canonical\" href=\"https:\/\/www.spaestonia.ee\/resort\/sook-ja-jook\/\" \/>\n<meta property=\"og:locale\" content=\"et_EE\" \/>\n<meta property=\"og:type\" content=\"article\" \/>\n<meta property=\"og:title\" content=\"S\u00f6\u00f6k ja jook - ESTONIA Resort Hotel Spa\" \/>\n<meta property=\"og:description\" content=\"HOMMIKUS\u00d6\u00d6K Buffet-hommikus\u00f6\u00f6ki serveerime hotelli\u00a0\u00e0 la carte-restoranis NOOT hotelli esimesel korrusel: E\u2013R 7.00\u201310.00 ja L\u2013P ja&hellip;\" \/>\n<meta property=\"og:url\" content=\"https:\/\/www.spaestonia.ee\/resort\/sook-ja-jook\/\" \/>\n<meta property=\"og:site_name\" content=\"ESTONIA Resort Hotel Spa\" \/>\n<meta property=\"article:publisher\" content=\"https:\/\/www.facebook.com\/EstoniaResortHotel\" \/>\n<meta property=\"article:modified_time\" content=\"2025-08-25T05:59:36+00:00\" \/>\n<meta name=\"twitter:card\" content=\"summary_large_image\" \/>\n<meta name=\"twitter:label1\" content=\"Est. reading time\" \/>\n\t<meta name=\"twitter:data1\" content=\"1 minut\" \/>\n<script type=\"application\/ld+json\" class=\"yoast-schema-graph\">{\"@context\":\"https:\/\/schema.org\",\"@graph\":[{\"@type\":\"WebPage\",\"@id\":\"https:\/\/www.spaestonia.ee\/resort\/sook-ja-jook\/\",\"url\":\"https:\/\/www.spaestonia.ee\/resort\/sook-ja-jook\/\",\"name\":\"S\u00f6\u00f6k ja jook - ESTONIA Resort Hotel Spa\",\"isPartOf\":{\"@id\":\"https:\/\/www.spaestonia.ee\/resort\/#website\"},\"datePublished\":\"2023-06-07T12:35:20+00:00\",\"dateModified\":\"2025-08-25T05:59:36+00:00\",\"breadcrumb\":{\"@id\":\"https:\/\/www.spaestonia.ee\/resort\/sook-ja-jook\/#breadcrumb\"},\"inLanguage\":\"et\",\"potentialAction\":[{\"@type\":\"ReadAction\",\"target\":[\"https:\/\/www.spaestonia.ee\/resort\/sook-ja-jook\/\"]}]},{\"@type\":\"BreadcrumbList\",\"@id\":\"https:\/\/www.spaestonia.ee\/resort\/sook-ja-jook\/#breadcrumb\",\"itemListElement\":[{\"@type\":\"ListItem\",\"position\":1,\"name\":\"Home\",\"item\":\"https:\/\/www.spaestonia.ee\/resort\/\"},{\"@type\":\"ListItem\",\"position\":2,\"name\":\"S\u00f6\u00f6k ja jook\"}]},{\"@type\":\"WebSite\",\"@id\":\"https:\/\/www.spaestonia.ee\/resort\/#website\",\"url\":\"https:\/\/www.spaestonia.ee\/resort\/\",\"name\":\"ESTONIA Resort Hotel Spa\",\"description\":\"Your destination in P\u00e4rnu for wellness and events\",\"publisher\":{\"@id\":\"https:\/\/www.spaestonia.ee\/resort\/#organization\"},\"potentialAction\":[{\"@type\":\"SearchAction\",\"target\":{\"@type\":\"EntryPoint\",\"urlTemplate\":\"https:\/\/www.spaestonia.ee\/resort\/?s={search_term_string}\"},\"query-input\":{\"@type\":\"PropertyValueSpecification\",\"valueRequired\":true,\"valueName\":\"search_term_string\"}}],\"inLanguage\":\"et\"},{\"@type\":\"Organization\",\"@id\":\"https:\/\/www.spaestonia.ee\/resort\/#organization\",\"name\":\"ESTONIA Resort Hotel Spa\",\"url\":\"https:\/\/www.spaestonia.ee\/resort\/\",\"logo\":{\"@type\":\"ImageObject\",\"inLanguage\":\"et\",\"@id\":\"https:\/\/www.spaestonia.ee\/resort\/#\/schema\/logo\/image\/\",\"url\":\"https:\/\/www.spaestonia.ee\/resort\/wp-content\/uploads\/2025\/02\/resort-hotel-estonia.png\",\"contentUrl\":\"https:\/\/www.spaestonia.ee\/resort\/wp-content\/uploads\/2025\/02\/resort-hotel-estonia.png\",\"width\":400,\"height\":173,\"caption\":\"ESTONIA Resort Hotel Spa\"},\"image\":{\"@id\":\"https:\/\/www.spaestonia.ee\/resort\/#\/schema\/logo\/image\/\"},\"sameAs\":[\"https:\/\/www.facebook.com\/EstoniaResortHotel\"]}]}<\/script>\n<!-- \/ Yoast SEO plugin. -->","yoast_head_json":{"title":"S\u00f6\u00f6k ja jook - ESTONIA Resort Hotel Spa","robots":{"index":"index","follow":"follow","max-snippet":"max-snippet:-1","max-image-preview":"max-image-preview:large","max-video-preview":"max-video-preview:-1"},"canonical":"https:\/\/www.spaestonia.ee\/resort\/sook-ja-jook\/","og_locale":"et_EE","og_type":"article","og_title":"S\u00f6\u00f6k ja jook - ESTONIA Resort Hotel Spa","og_description":"HOMMIKUS\u00d6\u00d6K Buffet-hommikus\u00f6\u00f6ki serveerime hotelli\u00a0\u00e0 la carte-restoranis NOOT hotelli esimesel korrusel: E\u2013R 7.00\u201310.00 ja L\u2013P ja&hellip;","og_url":"https:\/\/www.spaestonia.ee\/resort\/sook-ja-jook\/","og_site_name":"ESTONIA Resort Hotel Spa","article_publisher":"https:\/\/www.facebook.com\/EstoniaResortHotel","article_modified_time":"2025-08-25T05:59:36+00:00","twitter_card":"summary_large_image","twitter_misc":{"Est. reading time":"1 minut"},"schema":{"@context":"https:\/\/schema.org","@graph":[{"@type":"WebPage","@id":"https:\/\/www.spaestonia.ee\/resort\/sook-ja-jook\/","url":"https:\/\/www.spaestonia.ee\/resort\/sook-ja-jook\/","name":"S\u00f6\u00f6k ja jook - ESTONIA Resort Hotel Spa","isPartOf":{"@id":"https:\/\/www.spaestonia.ee\/resort\/#website"},"datePublished":"2023-06-07T12:35:20+00:00","dateModified":"2025-08-25T05:59:36+00:00","breadcrumb":{"@id":"https:\/\/www.spaestonia.ee\/resort\/sook-ja-jook\/#breadcrumb"},"inLanguage":"et","potentialAction":[{"@type":"ReadAction","target":["https:\/\/www.spaestonia.ee\/resort\/sook-ja-jook\/"]}]},{"@type":"BreadcrumbList","@id":"https:\/\/www.spaestonia.ee\/resort\/sook-ja-jook\/#breadcrumb","itemListElement":[{"@type":"ListItem","position":1,"name":"Home","item":"https:\/\/www.spaestonia.ee\/resort\/"},{"@type":"ListItem","position":2,"name":"S\u00f6\u00f6k ja jook"}]},{"@type":"WebSite","@id":"https:\/\/www.spaestonia.ee\/resort\/#website","url":"https:\/\/www.spaestonia.ee\/resort\/","name":"ESTONIA Resort Hotel Spa","description":"Your destination in P\u00e4rnu for wellness and events","publisher":{"@id":"https:\/\/www.spaestonia.ee\/resort\/#organization"},"potentialAction":[{"@type":"SearchAction","target":{"@type":"EntryPoint","urlTemplate":"https:\/\/www.spaestonia.ee\/resort\/?s={search_term_string}"},"query-input":{"@type":"PropertyValueSpecification","valueRequired":true,"valueName":"search_term_string"}}],"inLanguage":"et"},{"@type":"Organization","@id":"https:\/\/www.spaestonia.ee\/resort\/#organization","name":"ESTONIA Resort Hotel Spa","url":"https:\/\/www.spaestonia.ee\/resort\/","logo":{"@type":"ImageObject","inLanguage":"et","@id":"https:\/\/www.spaestonia.ee\/resort\/#\/schema\/logo\/image\/","url":"https:\/\/www.spaestonia.ee\/resort\/wp-content\/uploads\/2025\/02\/resort-hotel-estonia.png","contentUrl":"https:\/\/www.spaestonia.ee\/resort\/wp-content\/uploads\/2025\/02\/resort-hotel-estonia.png","width":400,"height":173,"caption":"ESTONIA Resort Hotel Spa"},"image":{"@id":"https:\/\/www.spaestonia.ee\/resort\/#\/schema\/logo\/image\/"},"sameAs":["https:\/\/www.facebook.com\/EstoniaResortHotel"]}]}},"_links":{"self":[{"href":"https:\/\/www.spaestonia.ee\/resort\/wp-json\/wp\/v2\/pages\/38223","targetHints":{"allow":["GET"]}}],"collection":[{"href":"https:\/\/www.spaestonia.ee\/resort\/wp-json\/wp\/v2\/pages"}],"about":[{"href":"https:\/\/www.spaestonia.ee\/resort\/wp-json\/wp\/v2\/types\/page"}],"author":[{"embeddable":true,"href":"https:\/\/www.spaestonia.ee\/resort\/wp-json\/wp\/v2\/users\/18"}],"replies":[{"embeddable":true,"href":"https:\/\/www.spaestonia.ee\/resort\/wp-json\/wp\/v2\/comments?post=38223"}],"version-history":[{"count":18,"href":"https:\/\/www.spaestonia.ee\/resort\/wp-json\/wp\/v2\/pages\/38223\/revisions"}],"predecessor-version":[{"id":45122,"href":"https:\/\/www.spaestonia.ee\/resort\/wp-json\/wp\/v2\/pages\/38223\/revisions\/45122"}],"wp:attachment":[{"href":"https:\/\/www.spaestonia.ee\/resort\/wp-json\/wp\/v2\/media?parent=38223"}],"curies":[{"name":"wp","href":"https:\/\/api.w.org\/{rel}","templated":true}]}}