{"id":38226,"date":"2023-06-07T15:38:34","date_gmt":"2023-06-07T12:38:34","guid":{"rendered":"https:\/\/www.spaestonia.ee\/resort\/?page_id=38226"},"modified":"2026-03-13T16:00:34","modified_gmt":"2026-03-13T14:00:34","slug":"teenused","status":"publish","type":"page","link":"https:\/\/www.spaestonia.ee\/resort\/teenused\/","title":{"rendered":"Teenused"},"content":{"rendered":"<h3><strong>SPAAKESKUS SPA &amp; SAUN<br \/>\n<\/strong><\/h3>\n<p><strong><a href=\"https:\/\/www.spaestonia.ee\/resort\/spaa-ja-saunakeskus\/saunakeskus\/\">Spaakeksus SPA &amp; SAUN<\/a> <\/strong>asub spaa- ja konverentsimaja III korrusel. Hotellik\u00fclastajad p\u00e4\u00e4sevad spaa- ja saunakeskusesse l\u00e4bi hotelli III korruse klaasgalerii.<\/p>\n<p><strong>Keskus on avatud iga p\u00e4ev kella 10.00\u201322.00 <\/strong>v.a kord kuus hooldusp\u00e4evadel, mil keskus avatakse kell 17.00 (vaata kuup\u00e4evi <a href=\"https:\/\/www.spaestonia.ee\/resort\/spaa-ja-saunakeskus\/hoolduspaevad\/\">siin<\/a>). <strong>Hommikul kella 7.00\u201310.00<\/strong> on keskus avatud vaid hotelli k\u00fclastajatele ning sellel ajavahemikul on v\u00f5imalik kasutada kahte sauna ja basseini.<\/p>\n<p>Spaakeskusesse minnes<strong> pea meeles r\u00e4tik toast kaasa v\u00f5tta<\/strong>!<br \/>\nSpaakeskuse ja v\u00e4literrassi p\u00f5randad v\u00f5ivad olla libedad, seega <strong>kanna spaas kindlasti pl\u00e4tusid<\/strong>! Pl\u00e4tusid on v\u00f5imalik soetada spaa vastuv\u00f5tus.<\/p>\n<p>NB! K\u00f5ik alla 14-aastased lapsed peavad spaas viibima t\u00e4iskasvanu j\u00e4relevalvel.<\/p>\n<h3><strong>SPAAHOOLITSUSED<br \/>\n<\/strong><\/h3>\n<p><a href=\"https:\/\/www.spaestonia.ee\/resort\/spaahoolitsused\/\"><strong>Spaahoolitsused<\/strong><\/a> toimuvad spaa- ja konverentsimaja II korrusel. Hotellik\u00fclastajad p\u00e4\u00e4sevad spaahoolitsustesse l\u00e4bi hotelli III korruse klaasgalerii.<\/p>\n<p>Spaahoolitsused toimuvad <strong>E\u2013L kell \u00a09.00\u201319.00<\/strong>, <strong>P kell 9.00\u201317<\/strong>.<strong>00<\/strong>.<br \/>\nHoolitsuste broneerimiseks p\u00f6\u00f6rduge spaa vastuv\u00f5ttu v\u00f5i helistage numbril +372 440 1013.<\/p>\n<h3><strong>PRIVAATSAUN KADAKA KLUBI<br \/>\n<\/strong><\/h3>\n<p><strong><a href=\"https:\/\/www.spaestonia.ee\/resort\/spaa-ja-saunakeskus\/privaatsaun-kadaka-klubi\/\">Privaatsaun KADAKA KLUBI<\/a><\/strong> asub spaa- ja konverentsimaja III korrusel spaa- ja saunakeskuses. Hotellik\u00fclastajad p\u00e4\u00e4sevad privaatsauna l\u00e4bi hotelli III korruse klaasgalerii.<br \/>\nPrivaatsauna saab tellida<strong> E-P kell 10.00\u201322.00<\/strong>. Hinnainfo ja broneerimine spaa vastuv\u00f5tus.<\/p>\n<h3><strong>J\u00d5USAAL<br \/>\n<\/strong><\/h3>\n<p><strong><a href=\"https:\/\/www.spaestonia.ee\/resort\/jousaal\/\">J\u00f5usaal<\/a><\/strong> asub spaa- ja konverentsimaja II korrusel. Hotellik\u00fclastajad p\u00e4\u00e4sevad j\u00f5usaali l\u00e4bi III korruse klaasgalerii. J\u00f5usaal on hotellik\u00fclastajatele tasuta ja avatud <strong>iga p\u00e4ev kell 7.00\u201322.00.<\/strong> J\u00f5usaali saab siseneda spaa k\u00e4epaelaga.<\/p>\n<p>&nbsp;<\/p>\n","protected":false},"excerpt":{"rendered":"<p>SPAAKESKUS SPA &amp; SAUN Spaakeksus SPA &amp; SAUN asub spaa- ja konverentsimaja III korrusel. Hotellik\u00fclastajad&hellip;<\/p>\n","protected":false},"author":18,"featured_media":0,"parent":0,"menu_order":0,"comment_status":"closed","ping_status":"closed","template":"","meta":{"footnotes":""},"class_list":["post-38226","page","type-page","status-publish","hentry"],"yoast_head":"<!-- This site is optimized with the Yoast SEO plugin v26.7 - https:\/\/yoast.com\/wordpress\/plugins\/seo\/ -->\n<title>Teenused - ESTONIA Resort Hotel Spa<\/title>\n<meta name=\"robots\" content=\"index, follow, max-snippet:-1, max-image-preview:large, max-video-preview:-1\" \/>\n<link rel=\"canonical\" href=\"https:\/\/www.spaestonia.ee\/resort\/teenused\/\" \/>\n<meta property=\"og:locale\" content=\"et_EE\" \/>\n<meta property=\"og:type\" content=\"article\" \/>\n<meta property=\"og:title\" content=\"Teenused - ESTONIA Resort Hotel Spa\" \/>\n<meta property=\"og:description\" content=\"SPAAKESKUS SPA &amp; SAUN Spaakeksus SPA &amp; SAUN asub spaa- ja konverentsimaja III korrusel. Hotellik\u00fclastajad&hellip;\" \/>\n<meta property=\"og:url\" content=\"https:\/\/www.spaestonia.ee\/resort\/teenused\/\" \/>\n<meta property=\"og:site_name\" content=\"ESTONIA Resort Hotel Spa\" \/>\n<meta property=\"article:publisher\" content=\"https:\/\/www.facebook.com\/EstoniaResortHotel\" \/>\n<meta property=\"article:modified_time\" content=\"2026-03-13T14:00:34+00:00\" \/>\n<meta name=\"twitter:card\" content=\"summary_large_image\" \/>\n<meta name=\"twitter:label1\" content=\"Est. reading time\" \/>\n\t<meta name=\"twitter:data1\" content=\"2 minutit\" \/>\n<script type=\"application\/ld+json\" class=\"yoast-schema-graph\">{\"@context\":\"https:\/\/schema.org\",\"@graph\":[{\"@type\":\"WebPage\",\"@id\":\"https:\/\/www.spaestonia.ee\/resort\/teenused\/\",\"url\":\"https:\/\/www.spaestonia.ee\/resort\/teenused\/\",\"name\":\"Teenused - ESTONIA Resort Hotel Spa\",\"isPartOf\":{\"@id\":\"https:\/\/www.spaestonia.ee\/resort\/#website\"},\"datePublished\":\"2023-06-07T12:38:34+00:00\",\"dateModified\":\"2026-03-13T14:00:34+00:00\",\"breadcrumb\":{\"@id\":\"https:\/\/www.spaestonia.ee\/resort\/teenused\/#breadcrumb\"},\"inLanguage\":\"et\",\"potentialAction\":[{\"@type\":\"ReadAction\",\"target\":[\"https:\/\/www.spaestonia.ee\/resort\/teenused\/\"]}]},{\"@type\":\"BreadcrumbList\",\"@id\":\"https:\/\/www.spaestonia.ee\/resort\/teenused\/#breadcrumb\",\"itemListElement\":[{\"@type\":\"ListItem\",\"position\":1,\"name\":\"Home\",\"item\":\"https:\/\/www.spaestonia.ee\/resort\/\"},{\"@type\":\"ListItem\",\"position\":2,\"name\":\"Teenused\"}]},{\"@type\":\"WebSite\",\"@id\":\"https:\/\/www.spaestonia.ee\/resort\/#website\",\"url\":\"https:\/\/www.spaestonia.ee\/resort\/\",\"name\":\"ESTONIA Resort Hotel Spa\",\"description\":\"Your destination in P\u00e4rnu for wellness and events\",\"publisher\":{\"@id\":\"https:\/\/www.spaestonia.ee\/resort\/#organization\"},\"potentialAction\":[{\"@type\":\"SearchAction\",\"target\":{\"@type\":\"EntryPoint\",\"urlTemplate\":\"https:\/\/www.spaestonia.ee\/resort\/?s={search_term_string}\"},\"query-input\":{\"@type\":\"PropertyValueSpecification\",\"valueRequired\":true,\"valueName\":\"search_term_string\"}}],\"inLanguage\":\"et\"},{\"@type\":\"Organization\",\"@id\":\"https:\/\/www.spaestonia.ee\/resort\/#organization\",\"name\":\"ESTONIA Resort Hotel Spa\",\"url\":\"https:\/\/www.spaestonia.ee\/resort\/\",\"logo\":{\"@type\":\"ImageObject\",\"inLanguage\":\"et\",\"@id\":\"https:\/\/www.spaestonia.ee\/resort\/#\/schema\/logo\/image\/\",\"url\":\"https:\/\/www.spaestonia.ee\/resort\/wp-content\/uploads\/2025\/02\/resort-hotel-estonia.png\",\"contentUrl\":\"https:\/\/www.spaestonia.ee\/resort\/wp-content\/uploads\/2025\/02\/resort-hotel-estonia.png\",\"width\":400,\"height\":173,\"caption\":\"ESTONIA Resort Hotel Spa\"},\"image\":{\"@id\":\"https:\/\/www.spaestonia.ee\/resort\/#\/schema\/logo\/image\/\"},\"sameAs\":[\"https:\/\/www.facebook.com\/EstoniaResortHotel\"]}]}<\/script>\n<!-- \/ Yoast SEO plugin. -->","yoast_head_json":{"title":"Teenused - ESTONIA Resort Hotel Spa","robots":{"index":"index","follow":"follow","max-snippet":"max-snippet:-1","max-image-preview":"max-image-preview:large","max-video-preview":"max-video-preview:-1"},"canonical":"https:\/\/www.spaestonia.ee\/resort\/teenused\/","og_locale":"et_EE","og_type":"article","og_title":"Teenused - ESTONIA Resort Hotel Spa","og_description":"SPAAKESKUS SPA &amp; SAUN Spaakeksus SPA &amp; SAUN asub spaa- ja konverentsimaja III korrusel. Hotellik\u00fclastajad&hellip;","og_url":"https:\/\/www.spaestonia.ee\/resort\/teenused\/","og_site_name":"ESTONIA Resort Hotel Spa","article_publisher":"https:\/\/www.facebook.com\/EstoniaResortHotel","article_modified_time":"2026-03-13T14:00:34+00:00","twitter_card":"summary_large_image","twitter_misc":{"Est. reading time":"2 minutit"},"schema":{"@context":"https:\/\/schema.org","@graph":[{"@type":"WebPage","@id":"https:\/\/www.spaestonia.ee\/resort\/teenused\/","url":"https:\/\/www.spaestonia.ee\/resort\/teenused\/","name":"Teenused - ESTONIA Resort Hotel Spa","isPartOf":{"@id":"https:\/\/www.spaestonia.ee\/resort\/#website"},"datePublished":"2023-06-07T12:38:34+00:00","dateModified":"2026-03-13T14:00:34+00:00","breadcrumb":{"@id":"https:\/\/www.spaestonia.ee\/resort\/teenused\/#breadcrumb"},"inLanguage":"et","potentialAction":[{"@type":"ReadAction","target":["https:\/\/www.spaestonia.ee\/resort\/teenused\/"]}]},{"@type":"BreadcrumbList","@id":"https:\/\/www.spaestonia.ee\/resort\/teenused\/#breadcrumb","itemListElement":[{"@type":"ListItem","position":1,"name":"Home","item":"https:\/\/www.spaestonia.ee\/resort\/"},{"@type":"ListItem","position":2,"name":"Teenused"}]},{"@type":"WebSite","@id":"https:\/\/www.spaestonia.ee\/resort\/#website","url":"https:\/\/www.spaestonia.ee\/resort\/","name":"ESTONIA Resort Hotel Spa","description":"Your destination in P\u00e4rnu for wellness and events","publisher":{"@id":"https:\/\/www.spaestonia.ee\/resort\/#organization"},"potentialAction":[{"@type":"SearchAction","target":{"@type":"EntryPoint","urlTemplate":"https:\/\/www.spaestonia.ee\/resort\/?s={search_term_string}"},"query-input":{"@type":"PropertyValueSpecification","valueRequired":true,"valueName":"search_term_string"}}],"inLanguage":"et"},{"@type":"Organization","@id":"https:\/\/www.spaestonia.ee\/resort\/#organization","name":"ESTONIA Resort Hotel Spa","url":"https:\/\/www.spaestonia.ee\/resort\/","logo":{"@type":"ImageObject","inLanguage":"et","@id":"https:\/\/www.spaestonia.ee\/resort\/#\/schema\/logo\/image\/","url":"https:\/\/www.spaestonia.ee\/resort\/wp-content\/uploads\/2025\/02\/resort-hotel-estonia.png","contentUrl":"https:\/\/www.spaestonia.ee\/resort\/wp-content\/uploads\/2025\/02\/resort-hotel-estonia.png","width":400,"height":173,"caption":"ESTONIA Resort Hotel Spa"},"image":{"@id":"https:\/\/www.spaestonia.ee\/resort\/#\/schema\/logo\/image\/"},"sameAs":["https:\/\/www.facebook.com\/EstoniaResortHotel"]}]}},"_links":{"self":[{"href":"https:\/\/www.spaestonia.ee\/resort\/wp-json\/wp\/v2\/pages\/38226","targetHints":{"allow":["GET"]}}],"collection":[{"href":"https:\/\/www.spaestonia.ee\/resort\/wp-json\/wp\/v2\/pages"}],"about":[{"href":"https:\/\/www.spaestonia.ee\/resort\/wp-json\/wp\/v2\/types\/page"}],"author":[{"embeddable":true,"href":"https:\/\/www.spaestonia.ee\/resort\/wp-json\/wp\/v2\/users\/18"}],"replies":[{"embeddable":true,"href":"https:\/\/www.spaestonia.ee\/resort\/wp-json\/wp\/v2\/comments?post=38226"}],"version-history":[{"count":4,"href":"https:\/\/www.spaestonia.ee\/resort\/wp-json\/wp\/v2\/pages\/38226\/revisions"}],"predecessor-version":[{"id":46518,"href":"https:\/\/www.spaestonia.ee\/resort\/wp-json\/wp\/v2\/pages\/38226\/revisions\/46518"}],"wp:attachment":[{"href":"https:\/\/www.spaestonia.ee\/resort\/wp-json\/wp\/v2\/media?parent=38226"}],"curies":[{"name":"wp","href":"https:\/\/api.w.org\/{rel}","templated":true}]}}