{"id":38229,"date":"2023-06-07T15:40:31","date_gmt":"2023-06-07T12:40:31","guid":{"rendered":"https:\/\/www.spaestonia.ee\/resort\/?page_id=38229"},"modified":"2026-03-13T16:06:35","modified_gmt":"2026-03-13T14:06:35","slug":"konverentsikeskus-2","status":"publish","type":"page","link":"https:\/\/www.spaestonia.ee\/resort\/konverentsikeskus-2\/","title":{"rendered":"Konverentsikeskus"},"content":{"rendered":"<p><strong><a href=\"https:\/\/www.spaestonia.ee\/resort\/konverentsikeskus\/\">Konverentsikeskus<\/a>\u00a0<\/strong>asub spaa- ja konverentsimaja I korrusel. Hotelli k\u00fclastajad p\u00e4\u00e4sevad konverentsikeskusesse l\u00e4bi hotelli III korruse klaasgalerii. K\u00f5igil ruumidel on avarad aknad ja loomulik p\u00e4evavalgus. K\u00f5ikides ruumides on konditsioneer ja ruumid on varustatud kaasaegseimate tehniliste lahendustega. Ruumides on ka tasuta WiFi ja lairiba interneti\u00fchendus.<\/p>\n<p><strong>Ruumide varustusse kuulub:<\/strong><br \/>\n<strong>\u00bb<\/strong> <strong>Ruumid 1-4<\/strong>: televiisor 85\u2033 arvutiga \u00fchendatav, k\u00f5larid, paber, pastapliiatsid, pabertahvel, joogivesi<br \/>\n<strong>\u00bb<\/strong> <strong>Klubiruum 5:<\/strong>\u00a0televiisor 75\u201c arvutiga \u00fchendatav, paber, pastapliiatsid, pabertahvel, joogivesi<br \/>\n<strong>\u00bb<\/strong> <strong>Suur saal 6<\/strong>: projektor, elektriline rullekraan 4 x 2,5 m, ekraan 65\u2033, helis\u00fcsteem (laek\u00f5larid, v\u00f5imendid, 2 raadiomikrofoni, 2 rev\u00e4\u00e4rimikrofoni), 4 s\u00fcnkroont\u00f5lke kabiini, k\u00f5nepult, valge tahvel\u00a02 x 1,2 m, paber, pastapliiatsid, joogivesi<\/p>\n<p><strong>Lisatasu eest on v\u00f5imalik tellida: <\/strong>toitlustust, s\u00fcnkroont\u00f5lke tehnikat, lisamikrofone, moodullava, arvuteid, t\u00e4iendavat heli- ja valgustehnikat ja tehnilist teenindust, printimis- ja koopiateenuseid, transfeeri, kaupade vastuv\u00f5tu ja hoiustamise teenust.<\/p>\n<p>\u00dcrituste korraldamiseks p\u00f6\u00f6rduge hotelli m\u00fc\u00fcgiosakonna poole telefonil +372 440 1018 v\u00f5i e-posti aadressil\u00a0<a href=\"mailto:events@spaestonia.ee\">events@spaestonia.ee<\/a>.<\/p>\n","protected":false},"excerpt":{"rendered":"<p>Konverentsikeskus\u00a0asub spaa- ja konverentsimaja I korrusel. Hotelli k\u00fclastajad p\u00e4\u00e4sevad konverentsikeskusesse l\u00e4bi hotelli III korruse klaasgalerii.&hellip;<\/p>\n","protected":false},"author":18,"featured_media":0,"parent":0,"menu_order":0,"comment_status":"closed","ping_status":"closed","template":"","meta":{"footnotes":""},"class_list":["post-38229","page","type-page","status-publish","hentry"],"yoast_head":"<!-- This site is optimized with the Yoast SEO plugin v26.7 - https:\/\/yoast.com\/wordpress\/plugins\/seo\/ -->\n<title>Konverentsikeskus - ESTONIA Resort Hotel Spa<\/title>\n<meta name=\"robots\" content=\"index, follow, max-snippet:-1, max-image-preview:large, max-video-preview:-1\" \/>\n<link rel=\"canonical\" href=\"https:\/\/www.spaestonia.ee\/resort\/konverentsikeskus-2\/\" \/>\n<meta property=\"og:locale\" content=\"et_EE\" \/>\n<meta property=\"og:type\" content=\"article\" \/>\n<meta property=\"og:title\" content=\"Konverentsikeskus - ESTONIA Resort Hotel Spa\" \/>\n<meta property=\"og:description\" content=\"Konverentsikeskus\u00a0asub spaa- ja konverentsimaja I korrusel. Hotelli k\u00fclastajad p\u00e4\u00e4sevad konverentsikeskusesse l\u00e4bi hotelli III korruse klaasgalerii.&hellip;\" \/>\n<meta property=\"og:url\" content=\"https:\/\/www.spaestonia.ee\/resort\/konverentsikeskus-2\/\" \/>\n<meta property=\"og:site_name\" content=\"ESTONIA Resort Hotel Spa\" \/>\n<meta property=\"article:publisher\" content=\"https:\/\/www.facebook.com\/EstoniaResortHotel\" \/>\n<meta property=\"article:modified_time\" content=\"2026-03-13T14:06:35+00:00\" \/>\n<meta name=\"twitter:card\" content=\"summary_large_image\" \/>\n<meta name=\"twitter:label1\" content=\"Est. reading time\" \/>\n\t<meta name=\"twitter:data1\" content=\"1 minut\" \/>\n<script type=\"application\/ld+json\" class=\"yoast-schema-graph\">{\"@context\":\"https:\/\/schema.org\",\"@graph\":[{\"@type\":\"WebPage\",\"@id\":\"https:\/\/www.spaestonia.ee\/resort\/konverentsikeskus-2\/\",\"url\":\"https:\/\/www.spaestonia.ee\/resort\/konverentsikeskus-2\/\",\"name\":\"Konverentsikeskus - ESTONIA Resort Hotel Spa\",\"isPartOf\":{\"@id\":\"https:\/\/www.spaestonia.ee\/resort\/#website\"},\"datePublished\":\"2023-06-07T12:40:31+00:00\",\"dateModified\":\"2026-03-13T14:06:35+00:00\",\"breadcrumb\":{\"@id\":\"https:\/\/www.spaestonia.ee\/resort\/konverentsikeskus-2\/#breadcrumb\"},\"inLanguage\":\"et\",\"potentialAction\":[{\"@type\":\"ReadAction\",\"target\":[\"https:\/\/www.spaestonia.ee\/resort\/konverentsikeskus-2\/\"]}]},{\"@type\":\"BreadcrumbList\",\"@id\":\"https:\/\/www.spaestonia.ee\/resort\/konverentsikeskus-2\/#breadcrumb\",\"itemListElement\":[{\"@type\":\"ListItem\",\"position\":1,\"name\":\"Home\",\"item\":\"https:\/\/www.spaestonia.ee\/resort\/\"},{\"@type\":\"ListItem\",\"position\":2,\"name\":\"Konverentsikeskus\"}]},{\"@type\":\"WebSite\",\"@id\":\"https:\/\/www.spaestonia.ee\/resort\/#website\",\"url\":\"https:\/\/www.spaestonia.ee\/resort\/\",\"name\":\"ESTONIA Resort Hotel Spa\",\"description\":\"Your destination in P\u00e4rnu for wellness and events\",\"publisher\":{\"@id\":\"https:\/\/www.spaestonia.ee\/resort\/#organization\"},\"potentialAction\":[{\"@type\":\"SearchAction\",\"target\":{\"@type\":\"EntryPoint\",\"urlTemplate\":\"https:\/\/www.spaestonia.ee\/resort\/?s={search_term_string}\"},\"query-input\":{\"@type\":\"PropertyValueSpecification\",\"valueRequired\":true,\"valueName\":\"search_term_string\"}}],\"inLanguage\":\"et\"},{\"@type\":\"Organization\",\"@id\":\"https:\/\/www.spaestonia.ee\/resort\/#organization\",\"name\":\"ESTONIA Resort Hotel Spa\",\"url\":\"https:\/\/www.spaestonia.ee\/resort\/\",\"logo\":{\"@type\":\"ImageObject\",\"inLanguage\":\"et\",\"@id\":\"https:\/\/www.spaestonia.ee\/resort\/#\/schema\/logo\/image\/\",\"url\":\"https:\/\/www.spaestonia.ee\/resort\/wp-content\/uploads\/2025\/02\/resort-hotel-estonia.png\",\"contentUrl\":\"https:\/\/www.spaestonia.ee\/resort\/wp-content\/uploads\/2025\/02\/resort-hotel-estonia.png\",\"width\":400,\"height\":173,\"caption\":\"ESTONIA Resort Hotel Spa\"},\"image\":{\"@id\":\"https:\/\/www.spaestonia.ee\/resort\/#\/schema\/logo\/image\/\"},\"sameAs\":[\"https:\/\/www.facebook.com\/EstoniaResortHotel\"]}]}<\/script>\n<!-- \/ Yoast SEO plugin. -->","yoast_head_json":{"title":"Konverentsikeskus - ESTONIA Resort Hotel Spa","robots":{"index":"index","follow":"follow","max-snippet":"max-snippet:-1","max-image-preview":"max-image-preview:large","max-video-preview":"max-video-preview:-1"},"canonical":"https:\/\/www.spaestonia.ee\/resort\/konverentsikeskus-2\/","og_locale":"et_EE","og_type":"article","og_title":"Konverentsikeskus - ESTONIA Resort Hotel Spa","og_description":"Konverentsikeskus\u00a0asub spaa- ja konverentsimaja I korrusel. Hotelli k\u00fclastajad p\u00e4\u00e4sevad konverentsikeskusesse l\u00e4bi hotelli III korruse klaasgalerii.&hellip;","og_url":"https:\/\/www.spaestonia.ee\/resort\/konverentsikeskus-2\/","og_site_name":"ESTONIA Resort Hotel Spa","article_publisher":"https:\/\/www.facebook.com\/EstoniaResortHotel","article_modified_time":"2026-03-13T14:06:35+00:00","twitter_card":"summary_large_image","twitter_misc":{"Est. reading time":"1 minut"},"schema":{"@context":"https:\/\/schema.org","@graph":[{"@type":"WebPage","@id":"https:\/\/www.spaestonia.ee\/resort\/konverentsikeskus-2\/","url":"https:\/\/www.spaestonia.ee\/resort\/konverentsikeskus-2\/","name":"Konverentsikeskus - ESTONIA Resort Hotel Spa","isPartOf":{"@id":"https:\/\/www.spaestonia.ee\/resort\/#website"},"datePublished":"2023-06-07T12:40:31+00:00","dateModified":"2026-03-13T14:06:35+00:00","breadcrumb":{"@id":"https:\/\/www.spaestonia.ee\/resort\/konverentsikeskus-2\/#breadcrumb"},"inLanguage":"et","potentialAction":[{"@type":"ReadAction","target":["https:\/\/www.spaestonia.ee\/resort\/konverentsikeskus-2\/"]}]},{"@type":"BreadcrumbList","@id":"https:\/\/www.spaestonia.ee\/resort\/konverentsikeskus-2\/#breadcrumb","itemListElement":[{"@type":"ListItem","position":1,"name":"Home","item":"https:\/\/www.spaestonia.ee\/resort\/"},{"@type":"ListItem","position":2,"name":"Konverentsikeskus"}]},{"@type":"WebSite","@id":"https:\/\/www.spaestonia.ee\/resort\/#website","url":"https:\/\/www.spaestonia.ee\/resort\/","name":"ESTONIA Resort Hotel Spa","description":"Your destination in P\u00e4rnu for wellness and events","publisher":{"@id":"https:\/\/www.spaestonia.ee\/resort\/#organization"},"potentialAction":[{"@type":"SearchAction","target":{"@type":"EntryPoint","urlTemplate":"https:\/\/www.spaestonia.ee\/resort\/?s={search_term_string}"},"query-input":{"@type":"PropertyValueSpecification","valueRequired":true,"valueName":"search_term_string"}}],"inLanguage":"et"},{"@type":"Organization","@id":"https:\/\/www.spaestonia.ee\/resort\/#organization","name":"ESTONIA Resort Hotel Spa","url":"https:\/\/www.spaestonia.ee\/resort\/","logo":{"@type":"ImageObject","inLanguage":"et","@id":"https:\/\/www.spaestonia.ee\/resort\/#\/schema\/logo\/image\/","url":"https:\/\/www.spaestonia.ee\/resort\/wp-content\/uploads\/2025\/02\/resort-hotel-estonia.png","contentUrl":"https:\/\/www.spaestonia.ee\/resort\/wp-content\/uploads\/2025\/02\/resort-hotel-estonia.png","width":400,"height":173,"caption":"ESTONIA Resort Hotel Spa"},"image":{"@id":"https:\/\/www.spaestonia.ee\/resort\/#\/schema\/logo\/image\/"},"sameAs":["https:\/\/www.facebook.com\/EstoniaResortHotel"]}]}},"_links":{"self":[{"href":"https:\/\/www.spaestonia.ee\/resort\/wp-json\/wp\/v2\/pages\/38229","targetHints":{"allow":["GET"]}}],"collection":[{"href":"https:\/\/www.spaestonia.ee\/resort\/wp-json\/wp\/v2\/pages"}],"about":[{"href":"https:\/\/www.spaestonia.ee\/resort\/wp-json\/wp\/v2\/types\/page"}],"author":[{"embeddable":true,"href":"https:\/\/www.spaestonia.ee\/resort\/wp-json\/wp\/v2\/users\/18"}],"replies":[{"embeddable":true,"href":"https:\/\/www.spaestonia.ee\/resort\/wp-json\/wp\/v2\/comments?post=38229"}],"version-history":[{"count":6,"href":"https:\/\/www.spaestonia.ee\/resort\/wp-json\/wp\/v2\/pages\/38229\/revisions"}],"predecessor-version":[{"id":46521,"href":"https:\/\/www.spaestonia.ee\/resort\/wp-json\/wp\/v2\/pages\/38229\/revisions\/46521"}],"wp:attachment":[{"href":"https:\/\/www.spaestonia.ee\/resort\/wp-json\/wp\/v2\/media?parent=38229"}],"curies":[{"name":"wp","href":"https:\/\/api.w.org\/{rel}","templated":true}]}}