{"id":38232,"date":"2023-06-07T15:41:51","date_gmt":"2023-06-07T12:41:51","guid":{"rendered":"https:\/\/www.spaestonia.ee\/resort\/?page_id=38232"},"modified":"2025-06-16T08:59:50","modified_gmt":"2025-06-16T05:59:50","slug":"tubade-koristamine","status":"publish","type":"page","link":"https:\/\/www.spaestonia.ee\/resort\/tubade-koristamine\/","title":{"rendered":"Tubade koristamine"},"content":{"rendered":"<p><strong>P\u00e4evakoristust teostame ajavahemikul kell 9.30-11.30 ja 14.30-15.30<\/strong>. Puhastusteenindaja j\u00e4lgib toa uksele asetatud silti PALUN KORISTADA v\u00f5i MITTE H\u00c4IRIDA.<\/p>\n<p><strong>\u00bb\u00a0<\/strong> Toad, millel on silt PALUN KORISTADA, koristatakse esimesel v\u00f5imalusel. P\u00f6\u00f6rame Teie t\u00e4helepanu, et meie puhastusteenindaja ei t\u00f5sta ega paiguta \u00fcmber Teie toas olevaid isiklikke esemeid ning koristuse ajaks palume need j\u00e4tta nii, et koristuspind oleks vaba.<br \/>\n<strong>\u00bb<\/strong>\u00a0 Kui silt MITTE H\u00c4IRIDA on uksel terve p\u00e4evakoristuse ajavahemiku, siis p\u00e4evakoristust sel p\u00e4eval ei tehta.<br \/>\n<strong>\u00bb\u00a0<\/strong> Kui peatute meie juures pikemalt, siis voodipesu vahetus toimub regulaarselt iga kolme p\u00e4eva j\u00e4rel.<br \/>\n<strong>\u00bb<\/strong>\u00a0 Aita meil loodust ja vett s\u00e4\u00e4sta kasutades r\u00e4tikuid korduvalt!<br \/>\n* Kui Te EI SOOVI R\u00c4TTIDE VAHETUST, siis palun riputage r\u00e4tid nagisse!<br \/>\n* Kui Te SOOVITE UUSI R\u00c4TTE, siis palun asetage r\u00e4tid p\u00f5randale!<br \/>\n<strong>\u00bb<\/strong>\u00a0 Kui toas on koer, asetage palun uksele silt TOAS ON KOER. Kui lemmikloom on toas \u00fcksinda, siis koristust ei tehta.<\/p>\n","protected":false},"excerpt":{"rendered":"<p>P\u00e4evakoristust teostame ajavahemikul kell 9.30-11.30 ja 14.30-15.30. Puhastusteenindaja j\u00e4lgib toa uksele asetatud silti PALUN KORISTADA&hellip;<\/p>\n","protected":false},"author":18,"featured_media":0,"parent":0,"menu_order":0,"comment_status":"closed","ping_status":"closed","template":"","meta":{"footnotes":""},"class_list":["post-38232","page","type-page","status-publish","hentry"],"yoast_head":"<!-- This site is optimized with the Yoast SEO plugin v26.7 - https:\/\/yoast.com\/wordpress\/plugins\/seo\/ -->\n<title>Tubade koristamine - ESTONIA Resort Hotel Spa<\/title>\n<meta name=\"robots\" content=\"index, follow, max-snippet:-1, max-image-preview:large, max-video-preview:-1\" \/>\n<link rel=\"canonical\" href=\"https:\/\/www.spaestonia.ee\/resort\/tubade-koristamine\/\" \/>\n<meta property=\"og:locale\" content=\"et_EE\" \/>\n<meta property=\"og:type\" content=\"article\" \/>\n<meta property=\"og:title\" content=\"Tubade koristamine - ESTONIA Resort Hotel Spa\" \/>\n<meta property=\"og:description\" content=\"P\u00e4evakoristust teostame ajavahemikul kell 9.30-11.30 ja 14.30-15.30. Puhastusteenindaja j\u00e4lgib toa uksele asetatud silti PALUN KORISTADA&hellip;\" \/>\n<meta property=\"og:url\" content=\"https:\/\/www.spaestonia.ee\/resort\/tubade-koristamine\/\" \/>\n<meta property=\"og:site_name\" content=\"ESTONIA Resort Hotel Spa\" \/>\n<meta property=\"article:publisher\" content=\"https:\/\/www.facebook.com\/EstoniaResortHotel\" \/>\n<meta property=\"article:modified_time\" content=\"2025-06-16T05:59:50+00:00\" \/>\n<meta name=\"twitter:card\" content=\"summary_large_image\" \/>\n<meta name=\"twitter:label1\" content=\"Est. reading time\" \/>\n\t<meta name=\"twitter:data1\" content=\"1 minut\" \/>\n<script type=\"application\/ld+json\" class=\"yoast-schema-graph\">{\"@context\":\"https:\/\/schema.org\",\"@graph\":[{\"@type\":\"WebPage\",\"@id\":\"https:\/\/www.spaestonia.ee\/resort\/tubade-koristamine\/\",\"url\":\"https:\/\/www.spaestonia.ee\/resort\/tubade-koristamine\/\",\"name\":\"Tubade koristamine - ESTONIA Resort Hotel Spa\",\"isPartOf\":{\"@id\":\"https:\/\/www.spaestonia.ee\/resort\/#website\"},\"datePublished\":\"2023-06-07T12:41:51+00:00\",\"dateModified\":\"2025-06-16T05:59:50+00:00\",\"breadcrumb\":{\"@id\":\"https:\/\/www.spaestonia.ee\/resort\/tubade-koristamine\/#breadcrumb\"},\"inLanguage\":\"et\",\"potentialAction\":[{\"@type\":\"ReadAction\",\"target\":[\"https:\/\/www.spaestonia.ee\/resort\/tubade-koristamine\/\"]}]},{\"@type\":\"BreadcrumbList\",\"@id\":\"https:\/\/www.spaestonia.ee\/resort\/tubade-koristamine\/#breadcrumb\",\"itemListElement\":[{\"@type\":\"ListItem\",\"position\":1,\"name\":\"Home\",\"item\":\"https:\/\/www.spaestonia.ee\/resort\/\"},{\"@type\":\"ListItem\",\"position\":2,\"name\":\"Tubade koristamine\"}]},{\"@type\":\"WebSite\",\"@id\":\"https:\/\/www.spaestonia.ee\/resort\/#website\",\"url\":\"https:\/\/www.spaestonia.ee\/resort\/\",\"name\":\"ESTONIA Resort Hotel Spa\",\"description\":\"Your destination in P\u00e4rnu for wellness and events\",\"publisher\":{\"@id\":\"https:\/\/www.spaestonia.ee\/resort\/#organization\"},\"potentialAction\":[{\"@type\":\"SearchAction\",\"target\":{\"@type\":\"EntryPoint\",\"urlTemplate\":\"https:\/\/www.spaestonia.ee\/resort\/?s={search_term_string}\"},\"query-input\":{\"@type\":\"PropertyValueSpecification\",\"valueRequired\":true,\"valueName\":\"search_term_string\"}}],\"inLanguage\":\"et\"},{\"@type\":\"Organization\",\"@id\":\"https:\/\/www.spaestonia.ee\/resort\/#organization\",\"name\":\"ESTONIA Resort Hotel Spa\",\"url\":\"https:\/\/www.spaestonia.ee\/resort\/\",\"logo\":{\"@type\":\"ImageObject\",\"inLanguage\":\"et\",\"@id\":\"https:\/\/www.spaestonia.ee\/resort\/#\/schema\/logo\/image\/\",\"url\":\"https:\/\/www.spaestonia.ee\/resort\/wp-content\/uploads\/2025\/02\/resort-hotel-estonia.png\",\"contentUrl\":\"https:\/\/www.spaestonia.ee\/resort\/wp-content\/uploads\/2025\/02\/resort-hotel-estonia.png\",\"width\":400,\"height\":173,\"caption\":\"ESTONIA Resort Hotel Spa\"},\"image\":{\"@id\":\"https:\/\/www.spaestonia.ee\/resort\/#\/schema\/logo\/image\/\"},\"sameAs\":[\"https:\/\/www.facebook.com\/EstoniaResortHotel\"]}]}<\/script>\n<!-- \/ Yoast SEO plugin. -->","yoast_head_json":{"title":"Tubade koristamine - ESTONIA Resort Hotel Spa","robots":{"index":"index","follow":"follow","max-snippet":"max-snippet:-1","max-image-preview":"max-image-preview:large","max-video-preview":"max-video-preview:-1"},"canonical":"https:\/\/www.spaestonia.ee\/resort\/tubade-koristamine\/","og_locale":"et_EE","og_type":"article","og_title":"Tubade koristamine - ESTONIA Resort Hotel Spa","og_description":"P\u00e4evakoristust teostame ajavahemikul kell 9.30-11.30 ja 14.30-15.30. Puhastusteenindaja j\u00e4lgib toa uksele asetatud silti PALUN KORISTADA&hellip;","og_url":"https:\/\/www.spaestonia.ee\/resort\/tubade-koristamine\/","og_site_name":"ESTONIA Resort Hotel Spa","article_publisher":"https:\/\/www.facebook.com\/EstoniaResortHotel","article_modified_time":"2025-06-16T05:59:50+00:00","twitter_card":"summary_large_image","twitter_misc":{"Est. reading time":"1 minut"},"schema":{"@context":"https:\/\/schema.org","@graph":[{"@type":"WebPage","@id":"https:\/\/www.spaestonia.ee\/resort\/tubade-koristamine\/","url":"https:\/\/www.spaestonia.ee\/resort\/tubade-koristamine\/","name":"Tubade koristamine - ESTONIA Resort Hotel Spa","isPartOf":{"@id":"https:\/\/www.spaestonia.ee\/resort\/#website"},"datePublished":"2023-06-07T12:41:51+00:00","dateModified":"2025-06-16T05:59:50+00:00","breadcrumb":{"@id":"https:\/\/www.spaestonia.ee\/resort\/tubade-koristamine\/#breadcrumb"},"inLanguage":"et","potentialAction":[{"@type":"ReadAction","target":["https:\/\/www.spaestonia.ee\/resort\/tubade-koristamine\/"]}]},{"@type":"BreadcrumbList","@id":"https:\/\/www.spaestonia.ee\/resort\/tubade-koristamine\/#breadcrumb","itemListElement":[{"@type":"ListItem","position":1,"name":"Home","item":"https:\/\/www.spaestonia.ee\/resort\/"},{"@type":"ListItem","position":2,"name":"Tubade koristamine"}]},{"@type":"WebSite","@id":"https:\/\/www.spaestonia.ee\/resort\/#website","url":"https:\/\/www.spaestonia.ee\/resort\/","name":"ESTONIA Resort Hotel Spa","description":"Your destination in P\u00e4rnu for wellness and events","publisher":{"@id":"https:\/\/www.spaestonia.ee\/resort\/#organization"},"potentialAction":[{"@type":"SearchAction","target":{"@type":"EntryPoint","urlTemplate":"https:\/\/www.spaestonia.ee\/resort\/?s={search_term_string}"},"query-input":{"@type":"PropertyValueSpecification","valueRequired":true,"valueName":"search_term_string"}}],"inLanguage":"et"},{"@type":"Organization","@id":"https:\/\/www.spaestonia.ee\/resort\/#organization","name":"ESTONIA Resort Hotel Spa","url":"https:\/\/www.spaestonia.ee\/resort\/","logo":{"@type":"ImageObject","inLanguage":"et","@id":"https:\/\/www.spaestonia.ee\/resort\/#\/schema\/logo\/image\/","url":"https:\/\/www.spaestonia.ee\/resort\/wp-content\/uploads\/2025\/02\/resort-hotel-estonia.png","contentUrl":"https:\/\/www.spaestonia.ee\/resort\/wp-content\/uploads\/2025\/02\/resort-hotel-estonia.png","width":400,"height":173,"caption":"ESTONIA Resort Hotel Spa"},"image":{"@id":"https:\/\/www.spaestonia.ee\/resort\/#\/schema\/logo\/image\/"},"sameAs":["https:\/\/www.facebook.com\/EstoniaResortHotel"]}]}},"_links":{"self":[{"href":"https:\/\/www.spaestonia.ee\/resort\/wp-json\/wp\/v2\/pages\/38232","targetHints":{"allow":["GET"]}}],"collection":[{"href":"https:\/\/www.spaestonia.ee\/resort\/wp-json\/wp\/v2\/pages"}],"about":[{"href":"https:\/\/www.spaestonia.ee\/resort\/wp-json\/wp\/v2\/types\/page"}],"author":[{"embeddable":true,"href":"https:\/\/www.spaestonia.ee\/resort\/wp-json\/wp\/v2\/users\/18"}],"replies":[{"embeddable":true,"href":"https:\/\/www.spaestonia.ee\/resort\/wp-json\/wp\/v2\/comments?post=38232"}],"version-history":[{"count":10,"href":"https:\/\/www.spaestonia.ee\/resort\/wp-json\/wp\/v2\/pages\/38232\/revisions"}],"predecessor-version":[{"id":44839,"href":"https:\/\/www.spaestonia.ee\/resort\/wp-json\/wp\/v2\/pages\/38232\/revisions\/44839"}],"wp:attachment":[{"href":"https:\/\/www.spaestonia.ee\/resort\/wp-json\/wp\/v2\/media?parent=38232"}],"curies":[{"name":"wp","href":"https:\/\/api.w.org\/{rel}","templated":true}]}}