{"id":38236,"date":"2023-06-07T15:44:00","date_gmt":"2023-06-07T12:44:00","guid":{"rendered":"https:\/\/www.spaestonia.ee\/resort\/?page_id=38236"},"modified":"2023-06-07T15:44:00","modified_gmt":"2023-06-07T12:44:00","slug":"tuleohutus","status":"publish","type":"page","link":"https:\/\/www.spaestonia.ee\/resort\/tuleohutus\/","title":{"rendered":"TULEOHUTUS"},"content":{"rendered":"<p>Hotell on varustatud k\u00f5ige t\u00e4nap\u00e4evasemate tulekustutite ja tuleohutusseadmetega. Tulekahju korral k\u00f5lab pidev h\u00e4iresignaal. Lugege j\u00e4rgnevaid tuleohutusjuhiseid ning tutvuge evakuatsiooniplaaniga, mille leiate oma toa v\u00e4ljap\u00e4\u00e4su juurest.<\/p>\n<p><strong>Tuleohutusjuhised:<br \/>\n<\/strong>\u00bb \u00c4rge suitsetage voodis.<br \/>\n\u00bb Toast lahkudes t\u00f5mmake vooluv\u00f5rgust v\u00e4lja k\u00f5ik elektriseadmed.<br \/>\n\u00bb Isiklike elektriradiaatorite kasutamine hotellitoas on keelatud.<br \/>\n\u00bb Kui m\u00e4rkate suitsu v\u00f5i tuld, teavitage sellest kohe vastuv\u00f5ttu (tasuta l\u00fchinumber +372 13 550 helistamiseks mobiililt) v\u00f5i vajutage h\u00e4irenuppu \u201cFire\u201d hotelli koridoris.<\/p>\n<p><strong>Kui kuulete h\u00e4iresignaali, tunnete suitsul\u00f5hna v\u00f5i teile antakse <\/strong><strong>evakueerimisjuhiseid, k\u00e4ituge j\u00e4rgmiselt:<br \/>\n<\/strong>\u00bb V\u00f5tke oma dokumendid ja toa uksekaart ning lahkuge toast.<br \/>\n\u00bb Enne uste avamist kontrollige, kas uks on kuum v\u00f5i kas ukse tagant immitseb suitsu.<br \/>\n\u00bb Kui koridoris pole otseseid ohum\u00e4rke, lahkuge toast ja sulgege uks, kuid \u00e4rge lukustage seda.<br \/>\n\u00bb Liikuge l\u00e4hima v\u00e4ljap\u00e4\u00e4su poole, j\u00e4rgige evakuatsiooniplaani ja -m\u00e4rke. Evakuatsiooniplaani leiate oma toast ukse juures olevalt seinalt. H\u00e4daolukorras \u00e4rge kasutage lifte, need l\u00fclitatakse siis v\u00e4lja.<\/p>\n<p><strong>Kui toast evakueerumine pole v\u00f5imalik, k\u00e4ituge j\u00e4rgmiselt:<br \/>\n<\/strong>\u00bb Sulgege uks, kuid \u00e4rge seda lukustage.<br \/>\n\u00bb Teavitage vastuv\u00f5ttu oma asukohast ning Teiega koos viibivatest inimestest (tasuta l\u00fchinumber +372 13\u00a0550 helistamiseks mobiililt), \u00f6elge oma toa number ja toas olevate inimeste arv.<br \/>\n\u00bb Asetage ukse alla m\u00e4rjad r\u00e4tikud.<br \/>\n\u00bb P\u00fc\u00fcdke olla p\u00f5randale v\u00f5imalikult l\u00e4hedal ning \u00e4rge hingake suitsu sisse, v\u00f5imaluse korral hingake l\u00e4bi m\u00e4rja k\u00e4ter\u00e4tiku.<\/p>\n","protected":false},"excerpt":{"rendered":"<p>Hotell on varustatud k\u00f5ige t\u00e4nap\u00e4evasemate tulekustutite ja tuleohutusseadmetega. Tulekahju korral k\u00f5lab pidev h\u00e4iresignaal. Lugege j\u00e4rgnevaid&hellip;<\/p>\n","protected":false},"author":18,"featured_media":0,"parent":0,"menu_order":0,"comment_status":"closed","ping_status":"closed","template":"","meta":{"footnotes":""},"class_list":["post-38236","page","type-page","status-publish","hentry"],"yoast_head":"<!-- This site is optimized with the Yoast SEO plugin v26.7 - https:\/\/yoast.com\/wordpress\/plugins\/seo\/ -->\n<title>TULEOHUTUS - ESTONIA Resort Hotel Spa<\/title>\n<meta name=\"robots\" content=\"index, follow, max-snippet:-1, max-image-preview:large, max-video-preview:-1\" \/>\n<link rel=\"canonical\" href=\"https:\/\/www.spaestonia.ee\/resort\/tuleohutus\/\" \/>\n<meta property=\"og:locale\" content=\"et_EE\" \/>\n<meta property=\"og:type\" content=\"article\" \/>\n<meta property=\"og:title\" content=\"TULEOHUTUS - ESTONIA Resort Hotel Spa\" \/>\n<meta property=\"og:description\" content=\"Hotell on varustatud k\u00f5ige t\u00e4nap\u00e4evasemate tulekustutite ja tuleohutusseadmetega. Tulekahju korral k\u00f5lab pidev h\u00e4iresignaal. Lugege j\u00e4rgnevaid&hellip;\" \/>\n<meta property=\"og:url\" content=\"https:\/\/www.spaestonia.ee\/resort\/tuleohutus\/\" \/>\n<meta property=\"og:site_name\" content=\"ESTONIA Resort Hotel Spa\" \/>\n<meta property=\"article:publisher\" content=\"https:\/\/www.facebook.com\/EstoniaResortHotel\" \/>\n<meta name=\"twitter:card\" content=\"summary_large_image\" \/>\n<meta name=\"twitter:label1\" content=\"Est. reading time\" \/>\n\t<meta name=\"twitter:data1\" content=\"1 minut\" \/>\n<script type=\"application\/ld+json\" class=\"yoast-schema-graph\">{\"@context\":\"https:\/\/schema.org\",\"@graph\":[{\"@type\":\"WebPage\",\"@id\":\"https:\/\/www.spaestonia.ee\/resort\/tuleohutus\/\",\"url\":\"https:\/\/www.spaestonia.ee\/resort\/tuleohutus\/\",\"name\":\"TULEOHUTUS - ESTONIA Resort Hotel Spa\",\"isPartOf\":{\"@id\":\"https:\/\/www.spaestonia.ee\/resort\/#website\"},\"datePublished\":\"2023-06-07T12:44:00+00:00\",\"breadcrumb\":{\"@id\":\"https:\/\/www.spaestonia.ee\/resort\/tuleohutus\/#breadcrumb\"},\"inLanguage\":\"et\",\"potentialAction\":[{\"@type\":\"ReadAction\",\"target\":[\"https:\/\/www.spaestonia.ee\/resort\/tuleohutus\/\"]}]},{\"@type\":\"BreadcrumbList\",\"@id\":\"https:\/\/www.spaestonia.ee\/resort\/tuleohutus\/#breadcrumb\",\"itemListElement\":[{\"@type\":\"ListItem\",\"position\":1,\"name\":\"Home\",\"item\":\"https:\/\/www.spaestonia.ee\/resort\/\"},{\"@type\":\"ListItem\",\"position\":2,\"name\":\"TULEOHUTUS\"}]},{\"@type\":\"WebSite\",\"@id\":\"https:\/\/www.spaestonia.ee\/resort\/#website\",\"url\":\"https:\/\/www.spaestonia.ee\/resort\/\",\"name\":\"ESTONIA Resort Hotel Spa\",\"description\":\"Your destination in P\u00e4rnu for wellness and events\",\"publisher\":{\"@id\":\"https:\/\/www.spaestonia.ee\/resort\/#organization\"},\"potentialAction\":[{\"@type\":\"SearchAction\",\"target\":{\"@type\":\"EntryPoint\",\"urlTemplate\":\"https:\/\/www.spaestonia.ee\/resort\/?s={search_term_string}\"},\"query-input\":{\"@type\":\"PropertyValueSpecification\",\"valueRequired\":true,\"valueName\":\"search_term_string\"}}],\"inLanguage\":\"et\"},{\"@type\":\"Organization\",\"@id\":\"https:\/\/www.spaestonia.ee\/resort\/#organization\",\"name\":\"ESTONIA Resort Hotel Spa\",\"url\":\"https:\/\/www.spaestonia.ee\/resort\/\",\"logo\":{\"@type\":\"ImageObject\",\"inLanguage\":\"et\",\"@id\":\"https:\/\/www.spaestonia.ee\/resort\/#\/schema\/logo\/image\/\",\"url\":\"https:\/\/www.spaestonia.ee\/resort\/wp-content\/uploads\/2025\/02\/resort-hotel-estonia.png\",\"contentUrl\":\"https:\/\/www.spaestonia.ee\/resort\/wp-content\/uploads\/2025\/02\/resort-hotel-estonia.png\",\"width\":400,\"height\":173,\"caption\":\"ESTONIA Resort Hotel Spa\"},\"image\":{\"@id\":\"https:\/\/www.spaestonia.ee\/resort\/#\/schema\/logo\/image\/\"},\"sameAs\":[\"https:\/\/www.facebook.com\/EstoniaResortHotel\"]}]}<\/script>\n<!-- \/ Yoast SEO plugin. -->","yoast_head_json":{"title":"TULEOHUTUS - ESTONIA Resort Hotel Spa","robots":{"index":"index","follow":"follow","max-snippet":"max-snippet:-1","max-image-preview":"max-image-preview:large","max-video-preview":"max-video-preview:-1"},"canonical":"https:\/\/www.spaestonia.ee\/resort\/tuleohutus\/","og_locale":"et_EE","og_type":"article","og_title":"TULEOHUTUS - ESTONIA Resort Hotel Spa","og_description":"Hotell on varustatud k\u00f5ige t\u00e4nap\u00e4evasemate tulekustutite ja tuleohutusseadmetega. Tulekahju korral k\u00f5lab pidev h\u00e4iresignaal. Lugege j\u00e4rgnevaid&hellip;","og_url":"https:\/\/www.spaestonia.ee\/resort\/tuleohutus\/","og_site_name":"ESTONIA Resort Hotel Spa","article_publisher":"https:\/\/www.facebook.com\/EstoniaResortHotel","twitter_card":"summary_large_image","twitter_misc":{"Est. reading time":"1 minut"},"schema":{"@context":"https:\/\/schema.org","@graph":[{"@type":"WebPage","@id":"https:\/\/www.spaestonia.ee\/resort\/tuleohutus\/","url":"https:\/\/www.spaestonia.ee\/resort\/tuleohutus\/","name":"TULEOHUTUS - ESTONIA Resort Hotel Spa","isPartOf":{"@id":"https:\/\/www.spaestonia.ee\/resort\/#website"},"datePublished":"2023-06-07T12:44:00+00:00","breadcrumb":{"@id":"https:\/\/www.spaestonia.ee\/resort\/tuleohutus\/#breadcrumb"},"inLanguage":"et","potentialAction":[{"@type":"ReadAction","target":["https:\/\/www.spaestonia.ee\/resort\/tuleohutus\/"]}]},{"@type":"BreadcrumbList","@id":"https:\/\/www.spaestonia.ee\/resort\/tuleohutus\/#breadcrumb","itemListElement":[{"@type":"ListItem","position":1,"name":"Home","item":"https:\/\/www.spaestonia.ee\/resort\/"},{"@type":"ListItem","position":2,"name":"TULEOHUTUS"}]},{"@type":"WebSite","@id":"https:\/\/www.spaestonia.ee\/resort\/#website","url":"https:\/\/www.spaestonia.ee\/resort\/","name":"ESTONIA Resort Hotel Spa","description":"Your destination in P\u00e4rnu for wellness and events","publisher":{"@id":"https:\/\/www.spaestonia.ee\/resort\/#organization"},"potentialAction":[{"@type":"SearchAction","target":{"@type":"EntryPoint","urlTemplate":"https:\/\/www.spaestonia.ee\/resort\/?s={search_term_string}"},"query-input":{"@type":"PropertyValueSpecification","valueRequired":true,"valueName":"search_term_string"}}],"inLanguage":"et"},{"@type":"Organization","@id":"https:\/\/www.spaestonia.ee\/resort\/#organization","name":"ESTONIA Resort Hotel Spa","url":"https:\/\/www.spaestonia.ee\/resort\/","logo":{"@type":"ImageObject","inLanguage":"et","@id":"https:\/\/www.spaestonia.ee\/resort\/#\/schema\/logo\/image\/","url":"https:\/\/www.spaestonia.ee\/resort\/wp-content\/uploads\/2025\/02\/resort-hotel-estonia.png","contentUrl":"https:\/\/www.spaestonia.ee\/resort\/wp-content\/uploads\/2025\/02\/resort-hotel-estonia.png","width":400,"height":173,"caption":"ESTONIA Resort Hotel Spa"},"image":{"@id":"https:\/\/www.spaestonia.ee\/resort\/#\/schema\/logo\/image\/"},"sameAs":["https:\/\/www.facebook.com\/EstoniaResortHotel"]}]}},"_links":{"self":[{"href":"https:\/\/www.spaestonia.ee\/resort\/wp-json\/wp\/v2\/pages\/38236","targetHints":{"allow":["GET"]}}],"collection":[{"href":"https:\/\/www.spaestonia.ee\/resort\/wp-json\/wp\/v2\/pages"}],"about":[{"href":"https:\/\/www.spaestonia.ee\/resort\/wp-json\/wp\/v2\/types\/page"}],"author":[{"embeddable":true,"href":"https:\/\/www.spaestonia.ee\/resort\/wp-json\/wp\/v2\/users\/18"}],"replies":[{"embeddable":true,"href":"https:\/\/www.spaestonia.ee\/resort\/wp-json\/wp\/v2\/comments?post=38236"}],"version-history":[{"count":1,"href":"https:\/\/www.spaestonia.ee\/resort\/wp-json\/wp\/v2\/pages\/38236\/revisions"}],"predecessor-version":[{"id":38238,"href":"https:\/\/www.spaestonia.ee\/resort\/wp-json\/wp\/v2\/pages\/38236\/revisions\/38238"}],"wp:attachment":[{"href":"https:\/\/www.spaestonia.ee\/resort\/wp-json\/wp\/v2\/media?parent=38236"}],"curies":[{"name":"wp","href":"https:\/\/api.w.org\/{rel}","templated":true}]}}